{"id":5508,"date":"2022-09-01T00:20:01","date_gmt":"2022-08-31T22:20:01","guid":{"rendered":"https:\/\/sexshop.cm\/about-us-copy\/"},"modified":"2022-09-01T00:44:55","modified_gmt":"2022-08-31T22:44:55","slug":"pourquoi-acheter-su-hedonia","status":"publish","type":"page","link":"https:\/\/sexshop.cm\/en\/pourquoi-acheter-su-hedonia\/","title":{"rendered":"Pourquoi acheter su H\u00e9donia?"},"content":{"rendered":"\t\t<div data-elementor-type=\"wp-page\" data-elementor-id=\"5508\" class=\"elementor elementor-5508\">\n\t\t\t\t\t\t\t\t\t<section class=\"elementor-section elementor-top-section elementor-element elementor-element-2aace59 elementor-section-boxed elementor-section-height-default elementor-section-height-default\" data-id=\"2aace59\" data-element_type=\"section\">\n\t\t\t\t\t\t<div class=\"elementor-container elementor-column-gap-no\">\n\t\t\t\t\t<div class=\"elementor-column elementor-col-66 elementor-top-column elementor-element elementor-element-0017d57\" data-id=\"0017d57\" data-element_type=\"column\">\n\t\t\t<div class=\"elementor-widget-wrap elementor-element-populated\">\n\t\t\t\t\t\t\t\t<div class=\"elementor-element elementor-element-b507233 elementor-widget elementor-widget-heading\" data-id=\"b507233\" data-element_type=\"widget\" data-widget_type=\"heading.default\">\n\t\t\t\t<div class=\"elementor-widget-container\">\n\t\t\t<style>\/*! elementor - v3.17.0 - 01-11-2023 *\/\n.elementor-heading-title{padding:0;margin:0;line-height:1}.elementor-widget-heading .elementor-heading-title[class*=elementor-size-]>a{color:inherit;font-size:inherit;line-height:inherit}.elementor-widget-heading .elementor-heading-title.elementor-size-small{font-size:15px}.elementor-widget-heading .elementor-heading-title.elementor-size-medium{font-size:19px}.elementor-widget-heading .elementor-heading-title.elementor-size-large{font-size:29px}.elementor-widget-heading .elementor-heading-title.elementor-size-xl{font-size:39px}.elementor-widget-heading .elementor-heading-title.elementor-size-xxl{font-size:59px}<\/style><h2 class=\"elementor-heading-title elementor-size-default\">POURQUOI COMMANDER VOS SEXTOYS EN LIGNE SUR HEDONIA AU CAMEROUN<\/h2>\t\t<\/div>\n\t\t\t\t<\/div>\n\t\t\t\t<div class=\"elementor-element elementor-element-120ea04 elementor-widget elementor-widget-heading\" data-id=\"120ea04\" data-element_type=\"widget\" data-widget_type=\"heading.default\">\n\t\t\t\t<div class=\"elementor-widget-container\">\n\t\t\t<h3 class=\"elementor-heading-title elementor-size-default\">Une s\u00e9lection de produits exclusive<\/h3>\t\t<\/div>\n\t\t\t\t<\/div>\n\t\t\t\t<div class=\"elementor-element elementor-element-e55e459 elementor-widget elementor-widget-text-editor\" data-id=\"e55e459\" data-element_type=\"widget\" data-widget_type=\"text-editor.default\">\n\t\t\t\t<div class=\"elementor-widget-container\">\n\t\t\t<style>\/*! elementor - v3.17.0 - 01-11-2023 *\/\n.elementor-widget-text-editor.elementor-drop-cap-view-stacked .elementor-drop-cap{background-color:#69727d;color:#fff}.elementor-widget-text-editor.elementor-drop-cap-view-framed .elementor-drop-cap{color:#69727d;border:3px solid;background-color:transparent}.elementor-widget-text-editor:not(.elementor-drop-cap-view-default) .elementor-drop-cap{margin-top:8px}.elementor-widget-text-editor:not(.elementor-drop-cap-view-default) .elementor-drop-cap-letter{width:1em;height:1em}.elementor-widget-text-editor .elementor-drop-cap{float:left;text-align:center;line-height:1;font-size:50px}.elementor-widget-text-editor .elementor-drop-cap-letter{display:inline-block}<\/style>\t\t\t\t<p>Les produits pr\u00e9sents sur H\u00e9donia sont exclusifs et surtout sans danger, le but est de se faire <a href=\"https:\/\/sexshop.cm\/en\/explorez-de-nouvelles-experiences-sensuelles-avec-les-jouets-de-hedonia-cameroun\/\">plaisir<\/a> et pas le contraire. Tous les mois, nous vous proposerons des nouveaux produits exclusifs en stock limit\u00e9. Si vous d\u00e9sirez un jouet qui n\u2019est pas pr\u00e9sent sur H\u00e9donia, contactez-nous par mail ou sur WhatsApp afin que notre service client le d\u00e9niche pour vous aupr\u00e8s de nos fournisseurs.<\/p>\t\t\t\t\t\t<\/div>\n\t\t\t\t<\/div>\n\t\t\t\t<div class=\"elementor-element elementor-element-77d1ab9 elementor-widget elementor-widget-image\" data-id=\"77d1ab9\" data-element_type=\"widget\" data-widget_type=\"image.default\">\n\t\t\t\t<div class=\"elementor-widget-container\">\n\t\t\t<style>\/*! elementor - v3.17.0 - 01-11-2023 *\/\n.elementor-widget-image{text-align:center}.elementor-widget-image a{display:inline-block}.elementor-widget-image a img[src$=\".svg\"]{width:48px}.elementor-widget-image img{vertical-align:middle;display:inline-block}<\/style>\t\t\t\t\t\t\t\t\t\t\t\t<img decoding=\"async\" width=\"832\" height=\"484\" src=\"https:\/\/sexshop.cm\/wp-content\/uploads\/2022\/09\/chrome_FSZQfcYA1z.png\" class=\"attachment-large size-large wp-image-5512\" alt=\"H\u00e9donia, meilleur sexshop au cameroun, site de vente en ligne de sextoys et objets coquins a douala et yaound\u00e9\" srcset=\"https:\/\/sexshop.cm\/wp-content\/uploads\/2022\/09\/chrome_FSZQfcYA1z.png 832w, https:\/\/sexshop.cm\/wp-content\/uploads\/2022\/09\/chrome_FSZQfcYA1z-300x175.png 300w, https:\/\/sexshop.cm\/wp-content\/uploads\/2022\/09\/chrome_FSZQfcYA1z-768x447.png 768w, https:\/\/sexshop.cm\/wp-content\/uploads\/2022\/09\/chrome_FSZQfcYA1z-1x1.png 1w, https:\/\/sexshop.cm\/wp-content\/uploads\/2022\/09\/chrome_FSZQfcYA1z-10x6.png 10w, https:\/\/sexshop.cm\/wp-content\/uploads\/2022\/09\/chrome_FSZQfcYA1z-600x349.png 600w\" sizes=\"(max-width: 832px) 100vw, 832px\" \/>\t\t\t\t\t\t\t\t\t\t\t\t\t\t\t<\/div>\n\t\t\t\t<\/div>\n\t\t\t\t<div class=\"elementor-element elementor-element-1375d2c elementor-widget elementor-widget-heading\" data-id=\"1375d2c\" data-element_type=\"widget\" data-widget_type=\"heading.default\">\n\t\t\t\t<div class=\"elementor-widget-container\">\n\t\t\t<h3 class=\"elementor-heading-title elementor-size-default\">Une exp\u00e9rience d\u2019achat unique<\/h3>\t\t<\/div>\n\t\t\t\t<\/div>\n\t\t\t\t<div class=\"elementor-element elementor-element-1ebdbdd elementor-widget elementor-widget-text-editor\" data-id=\"1ebdbdd\" data-element_type=\"widget\" data-widget_type=\"text-editor.default\">\n\t\t\t\t<div class=\"elementor-widget-container\">\n\t\t\t\t\t\t\t<p>Nous ne devons plus avoir peur de commander en ligne. Notre <a href=\"https:\/\/sexshop.cm\/en\/decouvrez-les-jouets-sexuels-pour-pimenter-votre-vie-intime-avec-hedonia-cameroun\/\">d\u00e9sir<\/a> est de vous offrir une exp\u00e9rience d\u2019achat en ligne comme si vous \u00e9tiez en magasin. L\u2019avantage d\u2019un <a href=\"https:\/\/sexshop.cm\/en\/hedonia-cameroun-decouvrez-le-plaisir-sensuel-a-votre-porte\/\">sexshop<\/a> en ligne est la discr\u00e9tion, pour les curieuses non d\u00e9sireuses d\u2019aller se montrer en magasin. Sur sexshop.cm personne ne vous jugera sur vos questions, sur vos commandes, votre intimit\u00e9 est respect\u00e9e. Si vous \u00eates encore timide, laissez-vous guider dans vos achats par notre boxe personnalis\u00e9e. Nous choisissons pour vous, des jouets de qualit\u00e9 afin que vous les essayiez tous et fassiez votre propre d\u00e9couverte. Vous avez encore des questions ? Vous savez ce qui vous reste \u00e0 faire.<\/p>\t\t\t\t\t\t<\/div>\n\t\t\t\t<\/div>\n\t\t\t\t<div class=\"elementor-element elementor-element-9e7aa8b elementor-widget elementor-widget-image\" data-id=\"9e7aa8b\" data-element_type=\"widget\" data-widget_type=\"image.default\">\n\t\t\t\t<div class=\"elementor-widget-container\">\n\t\t\t\t\t\t\t\t\t\t\t\t\t\t\t<img decoding=\"async\" width=\"829\" height=\"364\" src=\"https:\/\/sexshop.cm\/wp-content\/uploads\/2022\/08\/chrome_2bk1advWK6.png\" class=\"attachment-large size-large wp-image-5492\" alt=\"H\u00e9donia, meilleur sexshop au cameroun, site de vente en ligne de sextoys et objets coquins a douala et yaound\u00e9\" srcset=\"https:\/\/sexshop.cm\/wp-content\/uploads\/2022\/08\/chrome_2bk1advWK6.png 829w, https:\/\/sexshop.cm\/wp-content\/uploads\/2022\/08\/chrome_2bk1advWK6-300x132.png 300w, https:\/\/sexshop.cm\/wp-content\/uploads\/2022\/08\/chrome_2bk1advWK6-768x337.png 768w, https:\/\/sexshop.cm\/wp-content\/uploads\/2022\/08\/chrome_2bk1advWK6-1x1.png 1w, https:\/\/sexshop.cm\/wp-content\/uploads\/2022\/08\/chrome_2bk1advWK6-10x4.png 10w, https:\/\/sexshop.cm\/wp-content\/uploads\/2022\/08\/chrome_2bk1advWK6-600x263.png 600w\" sizes=\"(max-width: 829px) 100vw, 829px\" \/>\t\t\t\t\t\t\t\t\t\t\t\t\t\t\t<\/div>\n\t\t\t\t<\/div>\n\t\t\t\t<div class=\"elementor-element elementor-element-c20e7ce elementor-widget elementor-widget-heading\" data-id=\"c20e7ce\" data-element_type=\"widget\" data-widget_type=\"heading.default\">\n\t\t\t\t<div class=\"elementor-widget-container\">\n\t\t\t<h3 class=\"elementor-heading-title elementor-size-default\">Un service de haute qualit\u00e9 <\/h3>\t\t<\/div>\n\t\t\t\t<\/div>\n\t\t\t\t<div class=\"elementor-element elementor-element-0d39164 elementor-widget elementor-widget-text-editor\" data-id=\"0d39164\" data-element_type=\"widget\" data-widget_type=\"text-editor.default\">\n\t\t\t\t<div class=\"elementor-widget-container\">\n\t\t\t\t\t\t\t<p>Nos colis sont exp\u00e9di\u00e9s par nous par nos \u00e9quipes pr\u00e9sentent\u00a0au Cameroun \u00e0 Douala. Nos produits sont emball\u00e9s avec amour et en\u00a0toute discr\u00e9tion afin que personne ne se doute du contenu.<br \/>Nous vous proposons une livraison rapide et gratuite pour les commandes en provenance du\u00a0Cameroun. Il y a \u00e9galement une possibilit\u00e9 de vous livrer en mains propres si vous \u00eates \u00e0\u00a0Douala.<br \/>Le paiement de vos commandes peut s\u2019effectuer par Orange Money, MTN Mobile Money, Virement bancaire ou PayPal. Vos paiements sont prot\u00e9g\u00e9s gr\u00e2ce \u00e0 la certification SSL.<br \/>Vos donn\u00e9es bancaires sont crypt\u00e9es par nos outils pour rester totalement confidentielles.<\/p>\t\t\t\t\t\t<\/div>\n\t\t\t\t<\/div>\n\t\t\t\t<section class=\"elementor-section elementor-inner-section elementor-element elementor-element-d86c835 elementor-section-boxed elementor-section-height-default elementor-section-height-default\" data-id=\"d86c835\" data-element_type=\"section\">\n\t\t\t\t\t\t<div class=\"elementor-container elementor-column-gap-no\">\n\t\t\t\t\t<div class=\"elementor-column elementor-col-33 elementor-inner-column elementor-element elementor-element-1d7ef19\" data-id=\"1d7ef19\" data-element_type=\"column\">\n\t\t\t<div class=\"elementor-widget-wrap elementor-element-populated\">\n\t\t\t\t\t\t\t\t<div class=\"elementor-element elementor-element-2cb1a94 elementor-widget elementor-widget-image\" data-id=\"2cb1a94\" data-element_type=\"widget\" data-widget_type=\"image.default\">\n\t\t\t\t<div class=\"elementor-widget-container\">\n\t\t\t\t\t\t\t\t\t\t\t\t\t\t\t<img decoding=\"async\" src=\"https:\/\/sexshop.cm\/wp-content\/uploads\/2022\/09\/2022_06_2-MEA-CAT-JUIN_98_fr.jpg\" title=\"2022_06_2-MEA-CAT-JUIN_98_fr\" alt=\"H\u00e9donia, meilleur sexshop au cameroun, site de vente en ligne de sextoys et objets coquins a douala et yaound\u00e9\" loading=\"lazy\" \/>\t\t\t\t\t\t\t\t\t\t\t\t\t\t\t<\/div>\n\t\t\t\t<\/div>\n\t\t\t\t\t<\/div>\n\t\t<\/div>\n\t\t\t\t<div class=\"elementor-column elementor-col-33 elementor-inner-column elementor-element elementor-element-147f2c6\" data-id=\"147f2c6\" data-element_type=\"column\">\n\t\t\t<div class=\"elementor-widget-wrap elementor-element-populated\">\n\t\t\t\t\t\t\t\t<div class=\"elementor-element elementor-element-4cecb2d elementor-widget elementor-widget-image\" data-id=\"4cecb2d\" data-element_type=\"widget\" data-widget_type=\"image.default\">\n\t\t\t\t<div class=\"elementor-widget-container\">\n\t\t\t\t\t\t\t\t\t\t\t\t\t\t\t<img decoding=\"async\" src=\"https:\/\/sexshop.cm\/wp-content\/uploads\/2022\/09\/2022_06_3-MEA-CAT-JUIN_200_fr.jpg\" title=\"2022_06_3-MEA-CAT-JUIN_200_fr\" alt=\"H\u00e9donia, meilleur sexshop au cameroun, site de vente en ligne de sextoys et objets coquins a douala et yaound\u00e9\" loading=\"lazy\" \/>\t\t\t\t\t\t\t\t\t\t\t\t\t\t\t<\/div>\n\t\t\t\t<\/div>\n\t\t\t\t\t<\/div>\n\t\t<\/div>\n\t\t\t\t<div class=\"elementor-column elementor-col-33 elementor-inner-column elementor-element elementor-element-f774649\" data-id=\"f774649\" data-element_type=\"column\">\n\t\t\t<div class=\"elementor-widget-wrap elementor-element-populated\">\n\t\t\t\t\t\t\t\t<div class=\"elementor-element elementor-element-7fc728f elementor-widget elementor-widget-image\" data-id=\"7fc728f\" data-element_type=\"widget\" data-widget_type=\"image.default\">\n\t\t\t\t<div class=\"elementor-widget-container\">\n\t\t\t\t\t\t\t\t\t\t\t\t\t\t\t<img decoding=\"async\" src=\"https:\/\/sexshop.cm\/wp-content\/uploads\/2022\/09\/2022_06_4-MEA-CAT-JUIN_10_fr.jpg\" title=\"2022_06_4-MEA-CAT-JUIN_10_fr\" alt=\"H\u00e9donia, meilleur sexshop au cameroun, site de vente en ligne de sextoys et objets coquins a douala et yaound\u00e9\" loading=\"lazy\" \/>\t\t\t\t\t\t\t\t\t\t\t\t\t\t\t<\/div>\n\t\t\t\t<\/div>\n\t\t\t\t\t<\/div>\n\t\t<\/div>\n\t\t\t\t\t\t\t<\/div>\n\t\t<\/section>\n\t\t\t\t\t<\/div>\n\t\t<\/div>\n\t\t\t\t<div class=\"elementor-column elementor-col-33 elementor-top-column elementor-element elementor-element-d4ce3ff\" data-id=\"d4ce3ff\" data-element_type=\"column\">\n\t\t\t<div class=\"elementor-widget-wrap elementor-element-populated\">\n\t\t\t\t\t\t\t\t<section class=\"elementor-section elementor-inner-section elementor-element elementor-element-52c2cc8 elementor-section-boxed elementor-section-height-default elementor-section-height-default\" data-id=\"52c2cc8\" data-element_type=\"section\">\n\t\t\t\t\t\t<div class=\"elementor-container elementor-column-gap-default\">\n\t\t\t\t\t<div class=\"elementor-column elementor-col-100 elementor-inner-column elementor-element elementor-element-b3fd4ac\" data-id=\"b3fd4ac\" data-element_type=\"column\">\n\t\t\t<div class=\"elementor-widget-wrap elementor-element-populated\">\n\t\t\t\t\t\t\t\t<div class=\"elementor-element elementor-element-1c03a107 elementor-widget elementor-widget-image\" data-id=\"1c03a107\" data-element_type=\"widget\" data-widget_type=\"image.default\">\n\t\t\t\t<div class=\"elementor-widget-container\">\n\t\t\t\t\t\t\t\t\t\t\t\t\t\t\t<img decoding=\"async\" width=\"74\" height=\"75\" src=\"https:\/\/sexshop.cm\/wp-content\/uploads\/2019\/05\/love-lingerie-1.png\" class=\"attachment-full size-full wp-image-4433\" alt=\"\" \/>\t\t\t\t\t\t\t\t\t\t\t\t\t\t\t<\/div>\n\t\t\t\t<\/div>\n\t\t\t\t<div class=\"elementor-element elementor-element-5ee7d069 elementor-widget elementor-widget-heading\" data-id=\"5ee7d069\" data-element_type=\"widget\" data-widget_type=\"heading.default\">\n\t\t\t\t<div class=\"elementor-widget-container\">\n\t\t\t<h2 class=\"elementor-heading-title elementor-size-default\">tchat en direct 24\/7<\/h2>\t\t<\/div>\n\t\t\t\t<\/div>\n\t\t\t\t<div class=\"elementor-element elementor-element-23ee6bb6 elementor-widget elementor-widget-text-editor\" data-id=\"23ee6bb6\" data-element_type=\"widget\" data-widget_type=\"text-editor.default\">\n\t\t\t\t<div class=\"elementor-widget-container\">\n\t\t\t\t\t\t\t<p>Notre \u00e9quipe est disponible pour vous r\u00e9pondre 24\/7 quelque soit votre pr\u00e9occupation<\/p>\t\t\t\t\t\t<\/div>\n\t\t\t\t<\/div>\n\t\t\t\t<div class=\"elementor-element elementor-element-7a9cbb2a text-center elementor-widget elementor-widget-shortcode\" data-id=\"7a9cbb2a\" data-element_type=\"widget\" data-widget_type=\"shortcode.default\">\n\t\t\t\t<div class=\"elementor-widget-container\">\n\t\t\t\t\t<div class=\"elementor-shortcode\"><a target=\"_self\" class=\"btn  medium active\" href=\"https:\/\/wa.me\/237699556021\"><span> Demarrer une Discussion<\/span><\/a><\/div>\n\t\t\t\t<\/div>\n\t\t\t\t<\/div>\n\t\t\t\t\t<\/div>\n\t\t<\/div>\n\t\t\t\t\t\t\t<\/div>\n\t\t<\/section>\n\t\t\t\t<section class=\"elementor-section elementor-inner-section elementor-element elementor-element-1421517 elementor-section-boxed elementor-section-height-default elementor-section-height-default\" data-id=\"1421517\" data-element_type=\"section\">\n\t\t\t\t\t\t<div class=\"elementor-container elementor-column-gap-default\">\n\t\t\t\t\t<div class=\"elementor-column elementor-col-100 elementor-inner-column elementor-element elementor-element-33e1af7\" data-id=\"33e1af7\" data-element_type=\"column\">\n\t\t\t<div class=\"elementor-widget-wrap elementor-element-populated\">\n\t\t\t\t\t\t\t\t<div class=\"elementor-element elementor-element-1afb8750 elementor-widget elementor-widget-image\" data-id=\"1afb8750\" data-element_type=\"widget\" data-widget_type=\"image.default\">\n\t\t\t\t<div class=\"elementor-widget-container\">\n\t\t\t\t\t\t\t\t\t\t\t\t\t\t\t<img decoding=\"async\" width=\"74\" height=\"42\" src=\"https:\/\/sexshop.cm\/wp-content\/uploads\/2019\/05\/coupon-lingerie-1.png\" class=\"attachment-full size-full wp-image-4428\" alt=\"\" \/>\t\t\t\t\t\t\t\t\t\t\t\t\t\t\t<\/div>\n\t\t\t\t<\/div>\n\t\t\t\t<div class=\"elementor-element elementor-element-12733605 elementor-widget elementor-widget-heading\" data-id=\"12733605\" data-element_type=\"widget\" data-widget_type=\"heading.default\">\n\t\t\t\t<div class=\"elementor-widget-container\">\n\t\t\t<h2 class=\"elementor-heading-title elementor-size-default\">DES PROMOS DE FOLIE<\/h2>\t\t<\/div>\n\t\t\t\t<\/div>\n\t\t\t\t<div class=\"elementor-element elementor-element-fe0316 elementor-widget elementor-widget-text-editor\" data-id=\"fe0316\" data-element_type=\"widget\" data-widget_type=\"text-editor.default\">\n\t\t\t\t<div class=\"elementor-widget-container\">\n\t\t\t\t\t\t\t<p>Ce code promo est valable jusqu&#8217;au 31 Decembre 2022<\/p>\t\t\t\t\t\t<\/div>\n\t\t\t\t<\/div>\n\t\t\t\t<div class=\"elementor-element elementor-element-be0396 elementor-widget elementor-widget-text-editor\" data-id=\"be0396\" data-element_type=\"widget\" data-widget_type=\"text-editor.default\">\n\t\t\t\t<div class=\"elementor-widget-container\">\n\t\t\t\t\t\t\t31Dec19linG\t\t\t\t\t\t<\/div>\n\t\t\t\t<\/div>\n\t\t\t\t\t<\/div>\n\t\t<\/div>\n\t\t\t\t\t\t\t<\/div>\n\t\t<\/section>\n\t\t\t\t\t<\/div>\n\t\t<\/div>\n\t\t\t\t\t\t\t<\/div>\n\t\t<\/section>\n\t\t\t\t\t\t\t<\/div>\n\t\t","protected":false},"excerpt":{"rendered":"<p>POURQUOI COMMANDER VOS SEXTOYS EN LIGNE SUR HEDONIA AU CAMEROUN Une s\u00e9lection de produits exclusive Les produits pr\u00e9sents sur H\u00e9donia sont exclusifs et surtout sans danger, le but est de se faire plaisir et pas le contraire. Tous les mois, nous vous proposerons des nouveaux produits exclusifs en stock limit\u00e9. Si vous d\u00e9sirez un jouet qui n\u2019est pas pr\u00e9sent sur H\u00e9donia, contactez-nous par mail ou sur WhatsApp afin que notre service client le d\u00e9niche pour vous aupr\u00e8s de nos fournisseurs. Une exp\u00e9rience d\u2019achat unique Nous ne devons plus avoir peur de commander en ligne. Notre d\u00e9sir est de vous offrir<\/p>\n","protected":false},"author":1,"featured_media":0,"parent":0,"menu_order":0,"comment_status":"closed","ping_status":"closed","template":"","meta":{"footnotes":"","_joinchat":[]},"yoast_head":"<!-- This site is optimized with the Yoast SEO Premium plugin v19.3 (Yoast SEO v21.5) - https:\/\/yoast.com\/wordpress\/plugins\/seo\/ -->\n<title>- Pourquoi acheter su H\u00e9donia? - H\u00e9donia<\/title>\n<meta name=\"description\" content=\"Pourquoi acheter su H\u00e9donia? - H\u00e9donia - Whatsapp: +237 672588687\" \/>\n<meta name=\"robots\" content=\"index, follow, max-snippet:-1, max-image-preview:large, max-video-preview:-1\" \/>\n<link rel=\"canonical\" href=\"https:\/\/sexshop.cm\/pourquoi-acheter-su-hedonia\/\" \/>\n<meta property=\"og:locale\" content=\"en_US\" \/>\n<meta property=\"og:type\" content=\"article\" \/>\n<meta property=\"og:title\" content=\"Pourquoi acheter su H\u00e9donia?\" \/>\n<meta property=\"og:description\" content=\"Pourquoi acheter su H\u00e9donia? - H\u00e9donia - Whatsapp: +237 672588687\" \/>\n<meta property=\"og:url\" content=\"https:\/\/sexshop.cm\/pourquoi-acheter-su-hedonia\/\" \/>\n<meta property=\"og:site_name\" content=\"H\u00e9donia\" \/>\n<meta property=\"article:modified_time\" content=\"2022-08-31T22:44:55+00:00\" \/>\n<meta property=\"og:image\" content=\"http:\/\/sexshop.cm\/wp-content\/uploads\/2022\/09\/chrome_FSZQfcYA1z.png\" \/>\n<meta name=\"twitter:card\" content=\"summary_large_image\" \/>\n<meta name=\"twitter:label1\" content=\"Est. reading time\" \/>\n\t<meta name=\"twitter:data1\" content=\"2 minutes\" \/>\n<script type=\"application\/ld+json\" class=\"yoast-schema-graph\">{\"@context\":\"https:\/\/schema.org\",\"@graph\":[{\"@type\":\"WebPage\",\"@id\":\"https:\/\/sexshop.cm\/pourquoi-acheter-su-hedonia\/\",\"url\":\"https:\/\/sexshop.cm\/pourquoi-acheter-su-hedonia\/\",\"name\":\"- Pourquoi acheter su H\u00e9donia? - H\u00e9donia\",\"isPartOf\":{\"@id\":\"https:\/\/sexshop.cm\/#website\"},\"datePublished\":\"2022-08-31T22:20:01+00:00\",\"dateModified\":\"2022-08-31T22:44:55+00:00\",\"description\":\"Pourquoi acheter su H\u00e9donia? - H\u00e9donia - Whatsapp: +237 672588687\",\"breadcrumb\":{\"@id\":\"https:\/\/sexshop.cm\/pourquoi-acheter-su-hedonia\/#breadcrumb\"},\"inLanguage\":\"en-US\",\"potentialAction\":[{\"@type\":\"ReadAction\",\"target\":[\"https:\/\/sexshop.cm\/pourquoi-acheter-su-hedonia\/\"]}]},{\"@type\":\"BreadcrumbList\",\"@id\":\"https:\/\/sexshop.cm\/pourquoi-acheter-su-hedonia\/#breadcrumb\",\"itemListElement\":[{\"@type\":\"ListItem\",\"position\":1,\"name\":\"Accueil\",\"item\":\"https:\/\/sexshop.cm\/en\/online-sexshop-in-cameroon\/\"},{\"@type\":\"ListItem\",\"position\":2,\"name\":\"Pourquoi acheter su H\u00e9donia?\"}]},{\"@type\":\"WebSite\",\"@id\":\"https:\/\/sexshop.cm\/#website\",\"url\":\"https:\/\/sexshop.cm\/\",\"name\":\"H\u00e9donia\",\"description\":\"SexShop en ligne - Boutique de sextoys et objets coquins en ligne au Cameroun\",\"publisher\":{\"@id\":\"https:\/\/sexshop.cm\/#organization\"},\"potentialAction\":[{\"@type\":\"SearchAction\",\"target\":{\"@type\":\"EntryPoint\",\"urlTemplate\":\"https:\/\/sexshop.cm\/?s={search_term_string}\"},\"query-input\":\"required name=search_term_string\"}],\"inLanguage\":\"en-US\"},{\"@type\":\"Organization\",\"@id\":\"https:\/\/sexshop.cm\/#organization\",\"name\":\"H\u00e9donia\",\"alternateName\":\"Boutique de Sextoys en ligne au Cameroun\",\"url\":\"https:\/\/sexshop.cm\/\",\"logo\":{\"@type\":\"ImageObject\",\"inLanguage\":\"en-US\",\"@id\":\"https:\/\/sexshop.cm\/#\/schema\/logo\/image\/\",\"url\":\"https:\/\/sexshop.cm\/wp-content\/uploads\/2022\/10\/logo-680-hedonia.png.200x100_q85_background-f8f9fa.png\",\"contentUrl\":\"https:\/\/sexshop.cm\/wp-content\/uploads\/2022\/10\/logo-680-hedonia.png.200x100_q85_background-f8f9fa.png\",\"width\":2222,\"height\":534,\"caption\":\"H\u00e9donia\"},\"image\":{\"@id\":\"https:\/\/sexshop.cm\/#\/schema\/logo\/image\/\"}}]}<\/script>\n<!-- \/ Yoast SEO Premium plugin. -->","yoast_head_json":{"title":"- Pourquoi acheter su H\u00e9donia? - H\u00e9donia","description":"Pourquoi acheter su H\u00e9donia? - H\u00e9donia - Whatsapp: +237 672588687","robots":{"index":"index","follow":"follow","max-snippet":"max-snippet:-1","max-image-preview":"max-image-preview:large","max-video-preview":"max-video-preview:-1"},"canonical":"https:\/\/sexshop.cm\/pourquoi-acheter-su-hedonia\/","og_locale":"en_US","og_type":"article","og_title":"Pourquoi acheter su H\u00e9donia?","og_description":"Pourquoi acheter su H\u00e9donia? - H\u00e9donia - Whatsapp: +237 672588687","og_url":"https:\/\/sexshop.cm\/pourquoi-acheter-su-hedonia\/","og_site_name":"H\u00e9donia","article_modified_time":"2022-08-31T22:44:55+00:00","og_image":[{"url":"http:\/\/sexshop.cm\/wp-content\/uploads\/2022\/09\/chrome_FSZQfcYA1z.png"}],"twitter_card":"summary_large_image","twitter_misc":{"Est. reading time":"2 minutes"},"schema":{"@context":"https:\/\/schema.org","@graph":[{"@type":"WebPage","@id":"https:\/\/sexshop.cm\/pourquoi-acheter-su-hedonia\/","url":"https:\/\/sexshop.cm\/pourquoi-acheter-su-hedonia\/","name":"- Pourquoi acheter su H\u00e9donia? - H\u00e9donia","isPartOf":{"@id":"https:\/\/sexshop.cm\/#website"},"datePublished":"2022-08-31T22:20:01+00:00","dateModified":"2022-08-31T22:44:55+00:00","description":"Pourquoi acheter su H\u00e9donia? - H\u00e9donia - Whatsapp: +237 672588687","breadcrumb":{"@id":"https:\/\/sexshop.cm\/pourquoi-acheter-su-hedonia\/#breadcrumb"},"inLanguage":"en-US","potentialAction":[{"@type":"ReadAction","target":["https:\/\/sexshop.cm\/pourquoi-acheter-su-hedonia\/"]}]},{"@type":"BreadcrumbList","@id":"https:\/\/sexshop.cm\/pourquoi-acheter-su-hedonia\/#breadcrumb","itemListElement":[{"@type":"ListItem","position":1,"name":"Accueil","item":"https:\/\/sexshop.cm\/en\/online-sexshop-in-cameroon\/"},{"@type":"ListItem","position":2,"name":"Pourquoi acheter su H\u00e9donia?"}]},{"@type":"WebSite","@id":"https:\/\/sexshop.cm\/#website","url":"https:\/\/sexshop.cm\/","name":"H\u00e9donia","description":"SexShop en ligne - Boutique de sextoys et objets coquins en ligne au Cameroun","publisher":{"@id":"https:\/\/sexshop.cm\/#organization"},"potentialAction":[{"@type":"SearchAction","target":{"@type":"EntryPoint","urlTemplate":"https:\/\/sexshop.cm\/?s={search_term_string}"},"query-input":"required name=search_term_string"}],"inLanguage":"en-US"},{"@type":"Organization","@id":"https:\/\/sexshop.cm\/#organization","name":"H\u00e9donia","alternateName":"Boutique de Sextoys en ligne au Cameroun","url":"https:\/\/sexshop.cm\/","logo":{"@type":"ImageObject","inLanguage":"en-US","@id":"https:\/\/sexshop.cm\/#\/schema\/logo\/image\/","url":"https:\/\/sexshop.cm\/wp-content\/uploads\/2022\/10\/logo-680-hedonia.png.200x100_q85_background-f8f9fa.png","contentUrl":"https:\/\/sexshop.cm\/wp-content\/uploads\/2022\/10\/logo-680-hedonia.png.200x100_q85_background-f8f9fa.png","width":2222,"height":534,"caption":"H\u00e9donia"},"image":{"@id":"https:\/\/sexshop.cm\/#\/schema\/logo\/image\/"}}]}},"_links":{"self":[{"href":"https:\/\/sexshop.cm\/en\/wp-json\/wp\/v2\/pages\/5508"}],"collection":[{"href":"https:\/\/sexshop.cm\/en\/wp-json\/wp\/v2\/pages"}],"about":[{"href":"https:\/\/sexshop.cm\/en\/wp-json\/wp\/v2\/types\/page"}],"author":[{"embeddable":true,"href":"https:\/\/sexshop.cm\/en\/wp-json\/wp\/v2\/users\/1"}],"replies":[{"embeddable":true,"href":"https:\/\/sexshop.cm\/en\/wp-json\/wp\/v2\/comments?post=5508"}],"version-history":[{"count":10,"href":"https:\/\/sexshop.cm\/en\/wp-json\/wp\/v2\/pages\/5508\/revisions"}],"predecessor-version":[{"id":5522,"href":"https:\/\/sexshop.cm\/en\/wp-json\/wp\/v2\/pages\/5508\/revisions\/5522"}],"wp:attachment":[{"href":"https:\/\/sexshop.cm\/en\/wp-json\/wp\/v2\/media?parent=5508"}],"curies":[{"name":"wp","href":"https:\/\/api.w.org\/{rel}","templated":true}]}}