{"id":5563,"date":"2022-09-02T11:07:28","date_gmt":"2022-09-02T09:07:28","guid":{"rendered":"https:\/\/sexshop.cm\/about-us-copy\/"},"modified":"2022-09-02T11:20:06","modified_gmt":"2022-09-02T09:20:06","slug":"politique-de-retours","status":"publish","type":"page","link":"https:\/\/sexshop.cm\/en\/politique-de-retours\/","title":{"rendered":"Politique de Retours"},"content":{"rendered":"\t\t<div data-elementor-type=\"wp-page\" data-elementor-id=\"5563\" class=\"elementor elementor-5563\">\n\t\t\t\t\t\t\t\t\t<section class=\"elementor-section elementor-top-section elementor-element elementor-element-2aace59 elementor-section-boxed elementor-section-height-default elementor-section-height-default\" data-id=\"2aace59\" data-element_type=\"section\">\n\t\t\t\t\t\t<div class=\"elementor-container elementor-column-gap-no\">\n\t\t\t\t\t<div class=\"elementor-column elementor-col-66 elementor-top-column elementor-element elementor-element-0017d57\" data-id=\"0017d57\" data-element_type=\"column\">\n\t\t\t<div class=\"elementor-widget-wrap elementor-element-populated\">\n\t\t\t\t\t\t\t\t<div class=\"elementor-element elementor-element-b507233 elementor-widget elementor-widget-heading\" data-id=\"b507233\" data-element_type=\"widget\" data-widget_type=\"heading.default\">\n\t\t\t\t<div class=\"elementor-widget-container\">\n\t\t\t<style>\/*! elementor - v3.17.0 - 01-11-2023 *\/\n.elementor-heading-title{padding:0;margin:0;line-height:1}.elementor-widget-heading .elementor-heading-title[class*=elementor-size-]>a{color:inherit;font-size:inherit;line-height:inherit}.elementor-widget-heading .elementor-heading-title.elementor-size-small{font-size:15px}.elementor-widget-heading .elementor-heading-title.elementor-size-medium{font-size:19px}.elementor-widget-heading .elementor-heading-title.elementor-size-large{font-size:29px}.elementor-widget-heading .elementor-heading-title.elementor-size-xl{font-size:39px}.elementor-widget-heading .elementor-heading-title.elementor-size-xxl{font-size:59px}<\/style><h2 class=\"elementor-heading-title elementor-size-default\">POLITIQUE DE RETOURS ET ECHANGES<\/h2>\t\t<\/div>\n\t\t\t\t<\/div>\n\t\t\t\t<div class=\"elementor-element elementor-element-e55e459 elementor-widget elementor-widget-text-editor\" data-id=\"e55e459\" data-element_type=\"widget\" data-widget_type=\"text-editor.default\">\n\t\t\t\t<div class=\"elementor-widget-container\">\n\t\t\t<style>\/*! elementor - v3.17.0 - 01-11-2023 *\/\n.elementor-widget-text-editor.elementor-drop-cap-view-stacked .elementor-drop-cap{background-color:#69727d;color:#fff}.elementor-widget-text-editor.elementor-drop-cap-view-framed .elementor-drop-cap{color:#69727d;border:3px solid;background-color:transparent}.elementor-widget-text-editor:not(.elementor-drop-cap-view-default) .elementor-drop-cap{margin-top:8px}.elementor-widget-text-editor:not(.elementor-drop-cap-view-default) .elementor-drop-cap-letter{width:1em;height:1em}.elementor-widget-text-editor .elementor-drop-cap{float:left;text-align:center;line-height:1;font-size:50px}.elementor-widget-text-editor .elementor-drop-cap-letter{display:inline-block}<\/style>\t\t\t\t<div class=\"elementor-element elementor-element-be8598c elementor-widget elementor-widget-wd_title\" data-id=\"be8598c\" data-element_type=\"widget\" data-widget_type=\"wd_title.default\">\n<div class=\"elementor-widget-container\">\n<div class=\"title-wrapper set-mb-s reset-last-child wd-title-color-default wd-title-style-default wd-title-size-default text-left\">\n<div class=\"liner-continer\">\n<h4 class=\"woodmart-title-container title wd-fontsize-l\"><br><\/h4><h4 class=\"woodmart-title-container title wd-fontsize-l\">Annulation\/Modification<\/h4>\n<\/div>\n<\/div>\n<\/div>\n<\/div>\n<div class=\"elementor-element elementor-element-c344872 color-scheme-inherit text-left elementor-widget elementor-widget-text-editor\" data-id=\"c344872\" data-element_type=\"widget\" data-widget_type=\"text-editor.default\">\n<div class=\"elementor-widget-container\">Les commandes sont trait\u00e9es dans les 24-48h. Veuillez SVP \u00eatre s\u00fbre de votre choix avant de passer commande car toute annulation ou modification de commande sera rejet\u00e9e. Toutes les commandes sont imm\u00e9diatement transmises \u00e0 l\u2019entrep\u00f4t et exp\u00e9di\u00e9e aussit\u00f4t. Par cons\u00e9quent, il n\u2019est pas possible de modifier la commande une fois qu\u2019elle a \u00e9t\u00e9 pass\u00e9e<\/div>\n<\/div>\n<div class=\"elementor-element elementor-element-98b7c39 elementor-widget elementor-widget-wd_title\" data-id=\"98b7c39\" data-element_type=\"widget\" data-widget_type=\"wd_title.default\">\n<div class=\"elementor-widget-container\">\n<div class=\"title-wrapper set-mb-s reset-last-child wd-title-color-default wd-title-style-default wd-title-size-default text-left\">\n<div class=\"liner-continer\">\n<h4 class=\"woodmart-title-container title wd-fontsize-l\">R\u00e9-exp\u00e9dition<\/h4>\n<\/div>\n<\/div>\n<\/div>\n<\/div>\n<div class=\"elementor-element elementor-element-7ae1696 color-scheme-inherit text-left elementor-widget elementor-widget-text-editor\" data-id=\"7ae1696\" data-element_type=\"widget\" data-widget_type=\"text-editor.default\">\n<div class=\"elementor-widget-container\">Dans le cas o\u00f9 le client avait fourni une adresse de d\u00e9part, incompl\u00e8te ou erron\u00e9e, il devra payer des frais suppl\u00e9mentaires de prise en charge pour r\u00e9acheminer le colis.<\/div>\n<\/div>\n<div class=\"elementor-element elementor-element-452bcc9 elementor-widget elementor-widget-wd_title\" data-id=\"452bcc9\" data-element_type=\"widget\" data-widget_type=\"wd_title.default\">\n<div class=\"elementor-widget-container\">\n<div class=\"title-wrapper set-mb-s reset-last-child wd-title-color-default wd-title-style-default wd-title-size-default text-left\">\n<div class=\"liner-continer\">\n<h4 class=\"woodmart-title-container title wd-fontsize-l\">Retour de colis<\/h4>\n<\/div>\n<\/div>\n<\/div>\n<\/div>\n<div class=\"elementor-element elementor-element-db3383c color-scheme-inherit text-left elementor-widget elementor-widget-text-editor\" data-id=\"db3383c\" data-element_type=\"widget\" data-widget_type=\"text-editor.default\">\n<div class=\"elementor-widget-container\">En raison de la nature de nos produits et par mesure d\u2019hygi\u00e8ne\/sant\u00e9, les retours ne sont pas accept\u00e9s<\/div>\n<\/div>\t\t\t\t\t\t<\/div>\n\t\t\t\t<\/div>\n\t\t\t\t<div class=\"elementor-element elementor-element-77d1ab9 elementor-widget elementor-widget-image\" data-id=\"77d1ab9\" data-element_type=\"widget\" data-widget_type=\"image.default\">\n\t\t\t\t<div class=\"elementor-widget-container\">\n\t\t\t<style>\/*! elementor - v3.17.0 - 01-11-2023 *\/\n.elementor-widget-image{text-align:center}.elementor-widget-image a{display:inline-block}.elementor-widget-image a img[src$=\".svg\"]{width:48px}.elementor-widget-image img{vertical-align:middle;display:inline-block}<\/style>\t\t\t\t\t\t\t\t\t\t\t\t<img decoding=\"async\" width=\"1024\" height=\"577\" src=\"https:\/\/sexshop.cm\/wp-content\/uploads\/2022\/09\/pexels-kindel-media-6868619-1024x577.jpg\" class=\"attachment-large size-large wp-image-5565\" alt=\"H\u00e9donia, meilleur sexshop au cameroun, site de vente en ligne de sextoys et objets coquins a douala et yaound\u00e9\" srcset=\"https:\/\/sexshop.cm\/wp-content\/uploads\/2022\/09\/pexels-kindel-media-6868619-1024x577.jpg 1024w, https:\/\/sexshop.cm\/wp-content\/uploads\/2022\/09\/pexels-kindel-media-6868619-300x169.jpg 300w, https:\/\/sexshop.cm\/wp-content\/uploads\/2022\/09\/pexels-kindel-media-6868619-768x433.jpg 768w, https:\/\/sexshop.cm\/wp-content\/uploads\/2022\/09\/pexels-kindel-media-6868619-1x1.jpg 1w, https:\/\/sexshop.cm\/wp-content\/uploads\/2022\/09\/pexels-kindel-media-6868619-10x6.jpg 10w, https:\/\/sexshop.cm\/wp-content\/uploads\/2022\/09\/pexels-kindel-media-6868619-600x338.jpg 600w, https:\/\/sexshop.cm\/wp-content\/uploads\/2022\/09\/pexels-kindel-media-6868619.jpg 1280w\" sizes=\"(max-width: 1024px) 100vw, 1024px\" \/>\t\t\t\t\t\t\t\t\t\t\t\t\t\t\t<\/div>\n\t\t\t\t<\/div>\n\t\t\t\t<section class=\"elementor-section elementor-inner-section elementor-element elementor-element-d86c835 elementor-section-boxed elementor-section-height-default elementor-section-height-default\" data-id=\"d86c835\" data-element_type=\"section\">\n\t\t\t\t\t\t<div class=\"elementor-container elementor-column-gap-no\">\n\t\t\t\t\t<div class=\"elementor-column elementor-col-33 elementor-inner-column elementor-element elementor-element-1d7ef19\" data-id=\"1d7ef19\" data-element_type=\"column\">\n\t\t\t<div class=\"elementor-widget-wrap elementor-element-populated\">\n\t\t\t\t\t\t\t\t<div class=\"elementor-element elementor-element-2cb1a94 elementor-widget elementor-widget-image\" data-id=\"2cb1a94\" data-element_type=\"widget\" data-widget_type=\"image.default\">\n\t\t\t\t<div class=\"elementor-widget-container\">\n\t\t\t\t\t\t\t\t\t\t\t\t\t\t\t<img decoding=\"async\" src=\"https:\/\/sexshop.cm\/wp-content\/uploads\/2022\/09\/2022_06_2-MEA-CAT-JUIN_98_fr.jpg\" title=\"2022_06_2-MEA-CAT-JUIN_98_fr\" alt=\"H\u00e9donia, meilleur sexshop au cameroun, site de vente en ligne de sextoys et objets coquins a douala et yaound\u00e9\" loading=\"lazy\" \/>\t\t\t\t\t\t\t\t\t\t\t\t\t\t\t<\/div>\n\t\t\t\t<\/div>\n\t\t\t\t\t<\/div>\n\t\t<\/div>\n\t\t\t\t<div class=\"elementor-column elementor-col-33 elementor-inner-column elementor-element elementor-element-147f2c6\" data-id=\"147f2c6\" data-element_type=\"column\">\n\t\t\t<div class=\"elementor-widget-wrap elementor-element-populated\">\n\t\t\t\t\t\t\t\t<div class=\"elementor-element elementor-element-4cecb2d elementor-widget elementor-widget-image\" data-id=\"4cecb2d\" data-element_type=\"widget\" data-widget_type=\"image.default\">\n\t\t\t\t<div class=\"elementor-widget-container\">\n\t\t\t\t\t\t\t\t\t\t\t\t\t\t\t<img decoding=\"async\" src=\"https:\/\/sexshop.cm\/wp-content\/uploads\/2022\/09\/2022_06_3-MEA-CAT-JUIN_200_fr.jpg\" title=\"2022_06_3-MEA-CAT-JUIN_200_fr\" alt=\"H\u00e9donia, meilleur sexshop au cameroun, site de vente en ligne de sextoys et objets coquins a douala et yaound\u00e9\" loading=\"lazy\" \/>\t\t\t\t\t\t\t\t\t\t\t\t\t\t\t<\/div>\n\t\t\t\t<\/div>\n\t\t\t\t\t<\/div>\n\t\t<\/div>\n\t\t\t\t<div class=\"elementor-column elementor-col-33 elementor-inner-column elementor-element elementor-element-f774649\" data-id=\"f774649\" data-element_type=\"column\">\n\t\t\t<div class=\"elementor-widget-wrap elementor-element-populated\">\n\t\t\t\t\t\t\t\t<div class=\"elementor-element elementor-element-7fc728f elementor-widget elementor-widget-image\" data-id=\"7fc728f\" data-element_type=\"widget\" data-widget_type=\"image.default\">\n\t\t\t\t<div class=\"elementor-widget-container\">\n\t\t\t\t\t\t\t\t\t\t\t\t\t\t\t<img decoding=\"async\" src=\"https:\/\/sexshop.cm\/wp-content\/uploads\/2022\/09\/2022_06_4-MEA-CAT-JUIN_10_fr.jpg\" title=\"2022_06_4-MEA-CAT-JUIN_10_fr\" alt=\"H\u00e9donia, meilleur sexshop au cameroun, site de vente en ligne de sextoys et objets coquins a douala et yaound\u00e9\" loading=\"lazy\" \/>\t\t\t\t\t\t\t\t\t\t\t\t\t\t\t<\/div>\n\t\t\t\t<\/div>\n\t\t\t\t\t<\/div>\n\t\t<\/div>\n\t\t\t\t\t\t\t<\/div>\n\t\t<\/section>\n\t\t\t\t\t<\/div>\n\t\t<\/div>\n\t\t\t\t<div class=\"elementor-column elementor-col-33 elementor-top-column elementor-element elementor-element-d4ce3ff\" data-id=\"d4ce3ff\" data-element_type=\"column\">\n\t\t\t<div class=\"elementor-widget-wrap elementor-element-populated\">\n\t\t\t\t\t\t\t\t<section class=\"elementor-section elementor-inner-section elementor-element elementor-element-52c2cc8 elementor-section-boxed elementor-section-height-default elementor-section-height-default\" data-id=\"52c2cc8\" data-element_type=\"section\">\n\t\t\t\t\t\t<div class=\"elementor-container elementor-column-gap-default\">\n\t\t\t\t\t<div class=\"elementor-column elementor-col-100 elementor-inner-column elementor-element elementor-element-b3fd4ac\" data-id=\"b3fd4ac\" data-element_type=\"column\">\n\t\t\t<div class=\"elementor-widget-wrap elementor-element-populated\">\n\t\t\t\t\t\t\t\t<div class=\"elementor-element elementor-element-1c03a107 elementor-widget elementor-widget-image\" data-id=\"1c03a107\" data-element_type=\"widget\" data-widget_type=\"image.default\">\n\t\t\t\t<div class=\"elementor-widget-container\">\n\t\t\t\t\t\t\t\t\t\t\t\t\t\t\t<img decoding=\"async\" width=\"74\" height=\"75\" src=\"https:\/\/sexshop.cm\/wp-content\/uploads\/2019\/05\/love-lingerie-1.png\" class=\"attachment-full size-full wp-image-4433\" alt=\"\" \/>\t\t\t\t\t\t\t\t\t\t\t\t\t\t\t<\/div>\n\t\t\t\t<\/div>\n\t\t\t\t<div class=\"elementor-element elementor-element-5ee7d069 elementor-widget elementor-widget-heading\" data-id=\"5ee7d069\" data-element_type=\"widget\" data-widget_type=\"heading.default\">\n\t\t\t\t<div class=\"elementor-widget-container\">\n\t\t\t<h2 class=\"elementor-heading-title elementor-size-default\">tchat en direct 24\/7<\/h2>\t\t<\/div>\n\t\t\t\t<\/div>\n\t\t\t\t<div class=\"elementor-element elementor-element-23ee6bb6 elementor-widget elementor-widget-text-editor\" data-id=\"23ee6bb6\" data-element_type=\"widget\" data-widget_type=\"text-editor.default\">\n\t\t\t\t<div class=\"elementor-widget-container\">\n\t\t\t\t\t\t\t<p>Notre \u00e9quipe est disponible pour vous r\u00e9pondre 24\/7 quelque soit votre pr\u00e9occupation<\/p>\t\t\t\t\t\t<\/div>\n\t\t\t\t<\/div>\n\t\t\t\t<div class=\"elementor-element elementor-element-7a9cbb2a text-center elementor-widget elementor-widget-shortcode\" data-id=\"7a9cbb2a\" data-element_type=\"widget\" data-widget_type=\"shortcode.default\">\n\t\t\t\t<div class=\"elementor-widget-container\">\n\t\t\t\t\t<div class=\"elementor-shortcode\"><a target=\"_self\" class=\"btn  medium active\" href=\"https:\/\/wa.me\/237699556021\"><span> Demarrer une Discussion<\/span><\/a><\/div>\n\t\t\t\t<\/div>\n\t\t\t\t<\/div>\n\t\t\t\t\t<\/div>\n\t\t<\/div>\n\t\t\t\t\t\t\t<\/div>\n\t\t<\/section>\n\t\t\t\t<section class=\"elementor-section elementor-inner-section elementor-element elementor-element-1421517 elementor-section-boxed elementor-section-height-default elementor-section-height-default\" data-id=\"1421517\" data-element_type=\"section\">\n\t\t\t\t\t\t<div class=\"elementor-container elementor-column-gap-default\">\n\t\t\t\t\t<div class=\"elementor-column elementor-col-100 elementor-inner-column elementor-element elementor-element-33e1af7\" data-id=\"33e1af7\" data-element_type=\"column\">\n\t\t\t<div class=\"elementor-widget-wrap elementor-element-populated\">\n\t\t\t\t\t\t\t\t<div class=\"elementor-element elementor-element-1afb8750 elementor-widget elementor-widget-image\" data-id=\"1afb8750\" data-element_type=\"widget\" data-widget_type=\"image.default\">\n\t\t\t\t<div class=\"elementor-widget-container\">\n\t\t\t\t\t\t\t\t\t\t\t\t\t\t\t<img decoding=\"async\" width=\"74\" height=\"42\" src=\"https:\/\/sexshop.cm\/wp-content\/uploads\/2019\/05\/coupon-lingerie-1.png\" class=\"attachment-full size-full wp-image-4428\" alt=\"\" \/>\t\t\t\t\t\t\t\t\t\t\t\t\t\t\t<\/div>\n\t\t\t\t<\/div>\n\t\t\t\t<div class=\"elementor-element elementor-element-12733605 elementor-widget elementor-widget-heading\" data-id=\"12733605\" data-element_type=\"widget\" data-widget_type=\"heading.default\">\n\t\t\t\t<div class=\"elementor-widget-container\">\n\t\t\t<h2 class=\"elementor-heading-title elementor-size-default\">DES PROMOS DE FOLIE<\/h2>\t\t<\/div>\n\t\t\t\t<\/div>\n\t\t\t\t<div class=\"elementor-element elementor-element-fe0316 elementor-widget elementor-widget-text-editor\" data-id=\"fe0316\" data-element_type=\"widget\" data-widget_type=\"text-editor.default\">\n\t\t\t\t<div class=\"elementor-widget-container\">\n\t\t\t\t\t\t\t<p>Ce code promo est valable jusqu&#8217;au 31 Decembre 2022<\/p>\t\t\t\t\t\t<\/div>\n\t\t\t\t<\/div>\n\t\t\t\t<div class=\"elementor-element elementor-element-be0396 elementor-widget elementor-widget-text-editor\" data-id=\"be0396\" data-element_type=\"widget\" data-widget_type=\"text-editor.default\">\n\t\t\t\t<div class=\"elementor-widget-container\">\n\t\t\t\t\t\t\t31Dec19linG\t\t\t\t\t\t<\/div>\n\t\t\t\t<\/div>\n\t\t\t\t\t<\/div>\n\t\t<\/div>\n\t\t\t\t\t\t\t<\/div>\n\t\t<\/section>\n\t\t\t\t\t<\/div>\n\t\t<\/div>\n\t\t\t\t\t\t\t<\/div>\n\t\t<\/section>\n\t\t\t\t\t\t\t<\/div>\n\t\t","protected":false},"excerpt":{"rendered":"<p>POLITIQUE DE RETOURS ET ECHANGES Annulation\/Modification Les commandes sont trait\u00e9es dans les 24-48h. Veuillez SVP \u00eatre s\u00fbre de votre choix avant de passer commande car toute annulation ou modification de commande sera rejet\u00e9e. Toutes les commandes sont imm\u00e9diatement transmises \u00e0 l\u2019entrep\u00f4t et exp\u00e9di\u00e9e aussit\u00f4t. Par cons\u00e9quent, il n\u2019est pas possible de modifier la commande une fois qu\u2019elle a \u00e9t\u00e9 pass\u00e9e R\u00e9-exp\u00e9dition Dans le cas o\u00f9 le client avait fourni une adresse de d\u00e9part, incompl\u00e8te ou erron\u00e9e, il devra payer des frais suppl\u00e9mentaires de prise en charge pour r\u00e9acheminer le colis. Retour de colis En raison de la nature de nos<\/p>\n","protected":false},"author":1,"featured_media":0,"parent":0,"menu_order":0,"comment_status":"closed","ping_status":"closed","template":"","meta":{"footnotes":"","_joinchat":[]},"yoast_head":"<!-- This site is optimized with the Yoast SEO Premium plugin v19.3 (Yoast SEO v21.5) - https:\/\/yoast.com\/wordpress\/plugins\/seo\/ -->\n<title>- Politique de Retours - H\u00e9donia<\/title>\n<meta name=\"description\" content=\"Politique de Retours - H\u00e9donia - Whatsapp: +237 672588687\" \/>\n<meta name=\"robots\" content=\"index, follow, max-snippet:-1, max-image-preview:large, max-video-preview:-1\" \/>\n<link rel=\"canonical\" href=\"https:\/\/sexshop.cm\/politique-de-retours\/\" \/>\n<meta property=\"og:locale\" content=\"en_US\" \/>\n<meta property=\"og:type\" content=\"article\" \/>\n<meta property=\"og:title\" content=\"Politique de Retours\" \/>\n<meta property=\"og:description\" content=\"Politique de Retours - H\u00e9donia - Whatsapp: +237 672588687\" \/>\n<meta property=\"og:url\" content=\"https:\/\/sexshop.cm\/politique-de-retours\/\" \/>\n<meta property=\"og:site_name\" content=\"H\u00e9donia\" \/>\n<meta property=\"article:modified_time\" content=\"2022-09-02T09:20:06+00:00\" \/>\n<meta property=\"og:image\" content=\"http:\/\/sexshop.cm\/wp-content\/uploads\/2022\/09\/pexels-kindel-media-6868619-1024x577.jpg\" \/>\n<meta name=\"twitter:card\" content=\"summary_large_image\" \/>\n<meta name=\"twitter:label1\" content=\"Est. reading time\" \/>\n\t<meta name=\"twitter:data1\" content=\"1 minute\" \/>\n<script type=\"application\/ld+json\" class=\"yoast-schema-graph\">{\"@context\":\"https:\/\/schema.org\",\"@graph\":[{\"@type\":\"WebPage\",\"@id\":\"https:\/\/sexshop.cm\/politique-de-retours\/\",\"url\":\"https:\/\/sexshop.cm\/politique-de-retours\/\",\"name\":\"- Politique de Retours - H\u00e9donia\",\"isPartOf\":{\"@id\":\"https:\/\/sexshop.cm\/#website\"},\"datePublished\":\"2022-09-02T09:07:28+00:00\",\"dateModified\":\"2022-09-02T09:20:06+00:00\",\"description\":\"Politique de Retours - H\u00e9donia - Whatsapp: +237 672588687\",\"breadcrumb\":{\"@id\":\"https:\/\/sexshop.cm\/politique-de-retours\/#breadcrumb\"},\"inLanguage\":\"en-US\",\"potentialAction\":[{\"@type\":\"ReadAction\",\"target\":[\"https:\/\/sexshop.cm\/politique-de-retours\/\"]}]},{\"@type\":\"BreadcrumbList\",\"@id\":\"https:\/\/sexshop.cm\/politique-de-retours\/#breadcrumb\",\"itemListElement\":[{\"@type\":\"ListItem\",\"position\":1,\"name\":\"Accueil\",\"item\":\"https:\/\/sexshop.cm\/en\/online-sexshop-in-cameroon\/\"},{\"@type\":\"ListItem\",\"position\":2,\"name\":\"Politique de Retours\"}]},{\"@type\":\"WebSite\",\"@id\":\"https:\/\/sexshop.cm\/#website\",\"url\":\"https:\/\/sexshop.cm\/\",\"name\":\"H\u00e9donia\",\"description\":\"SexShop en ligne - Boutique de sextoys et objets coquins en ligne au Cameroun\",\"publisher\":{\"@id\":\"https:\/\/sexshop.cm\/#organization\"},\"potentialAction\":[{\"@type\":\"SearchAction\",\"target\":{\"@type\":\"EntryPoint\",\"urlTemplate\":\"https:\/\/sexshop.cm\/?s={search_term_string}\"},\"query-input\":\"required name=search_term_string\"}],\"inLanguage\":\"en-US\"},{\"@type\":\"Organization\",\"@id\":\"https:\/\/sexshop.cm\/#organization\",\"name\":\"H\u00e9donia\",\"alternateName\":\"Boutique de Sextoys en ligne au Cameroun\",\"url\":\"https:\/\/sexshop.cm\/\",\"logo\":{\"@type\":\"ImageObject\",\"inLanguage\":\"en-US\",\"@id\":\"https:\/\/sexshop.cm\/#\/schema\/logo\/image\/\",\"url\":\"https:\/\/sexshop.cm\/wp-content\/uploads\/2022\/10\/logo-680-hedonia.png.200x100_q85_background-f8f9fa.png\",\"contentUrl\":\"https:\/\/sexshop.cm\/wp-content\/uploads\/2022\/10\/logo-680-hedonia.png.200x100_q85_background-f8f9fa.png\",\"width\":2222,\"height\":534,\"caption\":\"H\u00e9donia\"},\"image\":{\"@id\":\"https:\/\/sexshop.cm\/#\/schema\/logo\/image\/\"}}]}<\/script>\n<!-- \/ Yoast SEO Premium plugin. -->","yoast_head_json":{"title":"- Politique de Retours - H\u00e9donia","description":"Politique de Retours - H\u00e9donia - Whatsapp: +237 672588687","robots":{"index":"index","follow":"follow","max-snippet":"max-snippet:-1","max-image-preview":"max-image-preview:large","max-video-preview":"max-video-preview:-1"},"canonical":"https:\/\/sexshop.cm\/politique-de-retours\/","og_locale":"en_US","og_type":"article","og_title":"Politique de Retours","og_description":"Politique de Retours - H\u00e9donia - Whatsapp: +237 672588687","og_url":"https:\/\/sexshop.cm\/politique-de-retours\/","og_site_name":"H\u00e9donia","article_modified_time":"2022-09-02T09:20:06+00:00","og_image":[{"url":"http:\/\/sexshop.cm\/wp-content\/uploads\/2022\/09\/pexels-kindel-media-6868619-1024x577.jpg"}],"twitter_card":"summary_large_image","twitter_misc":{"Est. reading time":"1 minute"},"schema":{"@context":"https:\/\/schema.org","@graph":[{"@type":"WebPage","@id":"https:\/\/sexshop.cm\/politique-de-retours\/","url":"https:\/\/sexshop.cm\/politique-de-retours\/","name":"- Politique de Retours - H\u00e9donia","isPartOf":{"@id":"https:\/\/sexshop.cm\/#website"},"datePublished":"2022-09-02T09:07:28+00:00","dateModified":"2022-09-02T09:20:06+00:00","description":"Politique de Retours - H\u00e9donia - Whatsapp: +237 672588687","breadcrumb":{"@id":"https:\/\/sexshop.cm\/politique-de-retours\/#breadcrumb"},"inLanguage":"en-US","potentialAction":[{"@type":"ReadAction","target":["https:\/\/sexshop.cm\/politique-de-retours\/"]}]},{"@type":"BreadcrumbList","@id":"https:\/\/sexshop.cm\/politique-de-retours\/#breadcrumb","itemListElement":[{"@type":"ListItem","position":1,"name":"Accueil","item":"https:\/\/sexshop.cm\/en\/online-sexshop-in-cameroon\/"},{"@type":"ListItem","position":2,"name":"Politique de Retours"}]},{"@type":"WebSite","@id":"https:\/\/sexshop.cm\/#website","url":"https:\/\/sexshop.cm\/","name":"H\u00e9donia","description":"SexShop en ligne - Boutique de sextoys et objets coquins en ligne au Cameroun","publisher":{"@id":"https:\/\/sexshop.cm\/#organization"},"potentialAction":[{"@type":"SearchAction","target":{"@type":"EntryPoint","urlTemplate":"https:\/\/sexshop.cm\/?s={search_term_string}"},"query-input":"required name=search_term_string"}],"inLanguage":"en-US"},{"@type":"Organization","@id":"https:\/\/sexshop.cm\/#organization","name":"H\u00e9donia","alternateName":"Boutique de Sextoys en ligne au Cameroun","url":"https:\/\/sexshop.cm\/","logo":{"@type":"ImageObject","inLanguage":"en-US","@id":"https:\/\/sexshop.cm\/#\/schema\/logo\/image\/","url":"https:\/\/sexshop.cm\/wp-content\/uploads\/2022\/10\/logo-680-hedonia.png.200x100_q85_background-f8f9fa.png","contentUrl":"https:\/\/sexshop.cm\/wp-content\/uploads\/2022\/10\/logo-680-hedonia.png.200x100_q85_background-f8f9fa.png","width":2222,"height":534,"caption":"H\u00e9donia"},"image":{"@id":"https:\/\/sexshop.cm\/#\/schema\/logo\/image\/"}}]}},"_links":{"self":[{"href":"https:\/\/sexshop.cm\/en\/wp-json\/wp\/v2\/pages\/5563"}],"collection":[{"href":"https:\/\/sexshop.cm\/en\/wp-json\/wp\/v2\/pages"}],"about":[{"href":"https:\/\/sexshop.cm\/en\/wp-json\/wp\/v2\/types\/page"}],"author":[{"embeddable":true,"href":"https:\/\/sexshop.cm\/en\/wp-json\/wp\/v2\/users\/1"}],"replies":[{"embeddable":true,"href":"https:\/\/sexshop.cm\/en\/wp-json\/wp\/v2\/comments?post=5563"}],"version-history":[{"count":7,"href":"https:\/\/sexshop.cm\/en\/wp-json\/wp\/v2\/pages\/5563\/revisions"}],"predecessor-version":[{"id":5575,"href":"https:\/\/sexshop.cm\/en\/wp-json\/wp\/v2\/pages\/5563\/revisions\/5575"}],"wp:attachment":[{"href":"https:\/\/sexshop.cm\/en\/wp-json\/wp\/v2\/media?parent=5563"}],"curies":[{"name":"wp","href":"https:\/\/api.w.org\/{rel}","templated":true}]}}