{"id":5578,"date":"2022-09-02T11:23:17","date_gmt":"2022-09-02T09:23:17","guid":{"rendered":"https:\/\/sexshop.cm\/politique-de-retours-copy\/"},"modified":"2022-09-02T11:28:11","modified_gmt":"2022-09-02T09:28:11","slug":"precautions-dhygiene","status":"publish","type":"page","link":"https:\/\/sexshop.cm\/en\/precautions-dhygiene\/","title":{"rendered":"Precautions d&#8217;hygi\u00e8ne"},"content":{"rendered":"\t\t<div data-elementor-type=\"wp-page\" data-elementor-id=\"5578\" class=\"elementor elementor-5578\">\n\t\t\t\t\t\t\t\t\t<section class=\"elementor-section elementor-top-section elementor-element elementor-element-2aace59 elementor-section-boxed elementor-section-height-default elementor-section-height-default\" data-id=\"2aace59\" data-element_type=\"section\">\n\t\t\t\t\t\t<div class=\"elementor-container elementor-column-gap-no\">\n\t\t\t\t\t<div class=\"elementor-column elementor-col-66 elementor-top-column elementor-element elementor-element-0017d57\" data-id=\"0017d57\" data-element_type=\"column\">\n\t\t\t<div class=\"elementor-widget-wrap elementor-element-populated\">\n\t\t\t\t\t\t\t\t<div class=\"elementor-element elementor-element-b507233 elementor-widget elementor-widget-heading\" data-id=\"b507233\" data-element_type=\"widget\" data-widget_type=\"heading.default\">\n\t\t\t\t<div class=\"elementor-widget-container\">\n\t\t\t<style>\/*! elementor - v3.17.0 - 01-11-2023 *\/\n.elementor-heading-title{padding:0;margin:0;line-height:1}.elementor-widget-heading .elementor-heading-title[class*=elementor-size-]>a{color:inherit;font-size:inherit;line-height:inherit}.elementor-widget-heading .elementor-heading-title.elementor-size-small{font-size:15px}.elementor-widget-heading .elementor-heading-title.elementor-size-medium{font-size:19px}.elementor-widget-heading .elementor-heading-title.elementor-size-large{font-size:29px}.elementor-widget-heading .elementor-heading-title.elementor-size-xl{font-size:39px}.elementor-widget-heading .elementor-heading-title.elementor-size-xxl{font-size:59px}<\/style><h2 class=\"elementor-heading-title elementor-size-default\">PRECAUTIONS D'HYGIENE<\/h2>\t\t<\/div>\n\t\t\t\t<\/div>\n\t\t\t\t<div class=\"elementor-element elementor-element-77d1ab9 elementor-widget elementor-widget-image\" data-id=\"77d1ab9\" data-element_type=\"widget\" data-widget_type=\"image.default\">\n\t\t\t\t<div class=\"elementor-widget-container\">\n\t\t\t<style>\/*! elementor - v3.17.0 - 01-11-2023 *\/\n.elementor-widget-image{text-align:center}.elementor-widget-image a{display:inline-block}.elementor-widget-image a img[src$=\".svg\"]{width:48px}.elementor-widget-image img{vertical-align:middle;display:inline-block}<\/style>\t\t\t\t\t\t\t\t\t\t\t\t<img decoding=\"async\" width=\"1024\" height=\"682\" src=\"https:\/\/sexshop.cm\/wp-content\/uploads\/2022\/09\/Retours-Echanges-1024x682.jpg\" class=\"attachment-large size-large wp-image-5566\" alt=\"H\u00e9donia, meilleur sexshop au cameroun, site de vente en ligne de sextoys et objets coquins a douala et yaound\u00e9\" srcset=\"https:\/\/sexshop.cm\/wp-content\/uploads\/2022\/09\/Retours-Echanges-1024x682.jpg 1024w, https:\/\/sexshop.cm\/wp-content\/uploads\/2022\/09\/Retours-Echanges-300x200.jpg 300w, https:\/\/sexshop.cm\/wp-content\/uploads\/2022\/09\/Retours-Echanges-768x512.jpg 768w, https:\/\/sexshop.cm\/wp-content\/uploads\/2022\/09\/Retours-Echanges-1x1.jpg 1w, https:\/\/sexshop.cm\/wp-content\/uploads\/2022\/09\/Retours-Echanges-10x7.jpg 10w, https:\/\/sexshop.cm\/wp-content\/uploads\/2022\/09\/Retours-Echanges-600x400.jpg 600w, https:\/\/sexshop.cm\/wp-content\/uploads\/2022\/09\/Retours-Echanges.jpg 1280w\" sizes=\"(max-width: 1024px) 100vw, 1024px\" \/>\t\t\t\t\t\t\t\t\t\t\t\t\t\t\t<\/div>\n\t\t\t\t<\/div>\n\t\t\t\t<div class=\"elementor-element elementor-element-e55e459 elementor-widget elementor-widget-text-editor\" data-id=\"e55e459\" data-element_type=\"widget\" data-widget_type=\"text-editor.default\">\n\t\t\t\t<div class=\"elementor-widget-container\">\n\t\t\t<style>\/*! elementor - v3.17.0 - 01-11-2023 *\/\n.elementor-widget-text-editor.elementor-drop-cap-view-stacked .elementor-drop-cap{background-color:#69727d;color:#fff}.elementor-widget-text-editor.elementor-drop-cap-view-framed .elementor-drop-cap{color:#69727d;border:3px solid;background-color:transparent}.elementor-widget-text-editor:not(.elementor-drop-cap-view-default) .elementor-drop-cap{margin-top:8px}.elementor-widget-text-editor:not(.elementor-drop-cap-view-default) .elementor-drop-cap-letter{width:1em;height:1em}.elementor-widget-text-editor .elementor-drop-cap{float:left;text-align:center;line-height:1;font-size:50px}.elementor-widget-text-editor .elementor-drop-cap-letter{display:inline-block}<\/style>\t\t\t\t<div class=\"elementor-element elementor-element-be8598c elementor-widget elementor-widget-wd_title\" data-id=\"be8598c\" data-element_type=\"widget\" data-widget_type=\"wd_title.default\"><div class=\"elementor-widget-container\"><div class=\"title-wrapper set-mb-s reset-last-child wd-title-color-default wd-title-style-default wd-title-size-default text-left\"><div class=\"liner-continer\"><p class=\"woodmart-title-container title wd-fontsize-l\">Les <a href=\"https:\/\/sexshop.cm\/en\/bonjour-tout-le-monde\/\">sextoys<\/a> sont des jouets intimes. Ils sont strictement personnels et ne doivent en aucun cas \u00eatre partag\u00e9s ni pr\u00eat\u00e9s. Si vous en utilisez en groupe, ils doivent \u00eatre imp\u00e9rativement prot\u00e9g\u00e9s d\u2019un pr\u00e9servatif. Avant et apr\u00e8s chaque utilisation, nous pr\u00e9conisons un nettoyage \u00e0 l\u2019eau ainsi qu\u2019avec un savon naturel doux et antiseptique. Attention aux produits que vous utilisez sur vos jouets, car ceux-ci peuvent \u00eatre agressifs et donc alterner la dur\u00e9e de vie de celui-ci. Privil\u00e9giez bien des produits lavants doux et naturels !<\/p><p class=\"woodmart-title-container title wd-fontsize-l\">\u00a0Les sextoys anaux doivent \u00eatre lav\u00e9s \u00e0 l\u2019eau puis obligatoirement d\u00e9sinfect\u00e9s entre deux usages. Pour tous les sextoys disposant d\u2019une pile, ne pas oublier d\u2019enlever les piles avant de les nettoyer. Le mode de nettoyage d\u00e9pend de la mati\u00e8re du jouet (silicone, verre, acier\u2026). Lisez bien la notice d\u2019utilisation du jouet, car chacun poss\u00e8de des caract\u00e9ristiques sp\u00e9cifiques. En effet, certains sextoys sont waterproof et d\u2019autres simplement r\u00e9sistant \u00e0 l\u2019eau. Ces pr\u00e9cisions sont mentionn\u00e9es dans les caract\u00e9ristiques du jouet. Ne pas immerger dans l\u2019eau un produit dont la mention est \u201cr\u00e9sistant \u00e0 l\u2019eau\u201d ou \u201c\u00e9tanche\u201d car vous risquez de l\u2019abimer et celui-ci ne sera pas remplac\u00e9 par H\u00e9donia.\u00a0<\/p><p class=\"woodmart-title-container title wd-fontsize-l\">Une fois le jouet nettoy\u00e9, il est imp\u00e9ratif de le s\u00e9cher avec un papier ou serviette propre et unique et de le garder au sec avant utilisation. La mise en place de ces m\u00e9thodes d\u2019hygi\u00e8ne doit \u00eatre respect\u00e9e pour \u00e9viter toute infection lors de l\u2019utilisation. Les sextoys sont des objets de <a href=\"https:\/\/sexshop.cm\/en\/explorez-de-nouvelles-experiences-sensuelles-avec-les-jouets-de-hedonia-cameroun\/\">plaisir<\/a>, ils sont l\u00e0 uniquement pour vous amuser et vous d\u00e9couvrir. H\u00e9donia se d\u00e9douane de toute responsabilit\u00e9 en cas de non-respect des r\u00e8gles d\u2019hygi\u00e8ne de base. Si vous avez des doutes sur des possibles infections, consultez votre gyn\u00e9cologue afin de faire le point sur votre sant\u00e9 avant d\u2019utiliser vos jouets en couple ou en groupe<\/p><\/div><\/div><\/div><\/div>\t\t\t\t\t\t<\/div>\n\t\t\t\t<\/div>\n\t\t\t\t<section class=\"elementor-section elementor-inner-section elementor-element elementor-element-d86c835 elementor-section-boxed elementor-section-height-default elementor-section-height-default\" data-id=\"d86c835\" data-element_type=\"section\">\n\t\t\t\t\t\t<div class=\"elementor-container elementor-column-gap-no\">\n\t\t\t\t\t<div class=\"elementor-column elementor-col-33 elementor-inner-column elementor-element elementor-element-1d7ef19\" data-id=\"1d7ef19\" data-element_type=\"column\">\n\t\t\t<div class=\"elementor-widget-wrap elementor-element-populated\">\n\t\t\t\t\t\t\t\t<div class=\"elementor-element elementor-element-2cb1a94 elementor-widget elementor-widget-image\" data-id=\"2cb1a94\" data-element_type=\"widget\" data-widget_type=\"image.default\">\n\t\t\t\t<div class=\"elementor-widget-container\">\n\t\t\t\t\t\t\t\t\t\t\t\t\t\t\t<img decoding=\"async\" src=\"https:\/\/sexshop.cm\/wp-content\/uploads\/2022\/09\/2022_06_2-MEA-CAT-JUIN_98_fr.jpg\" title=\"2022_06_2-MEA-CAT-JUIN_98_fr\" alt=\"H\u00e9donia, meilleur sexshop au cameroun, site de vente en ligne de sextoys et objets coquins a douala et yaound\u00e9\" loading=\"lazy\" \/>\t\t\t\t\t\t\t\t\t\t\t\t\t\t\t<\/div>\n\t\t\t\t<\/div>\n\t\t\t\t\t<\/div>\n\t\t<\/div>\n\t\t\t\t<div class=\"elementor-column elementor-col-33 elementor-inner-column elementor-element elementor-element-147f2c6\" data-id=\"147f2c6\" data-element_type=\"column\">\n\t\t\t<div class=\"elementor-widget-wrap elementor-element-populated\">\n\t\t\t\t\t\t\t\t<div class=\"elementor-element elementor-element-4cecb2d elementor-widget elementor-widget-image\" data-id=\"4cecb2d\" data-element_type=\"widget\" data-widget_type=\"image.default\">\n\t\t\t\t<div class=\"elementor-widget-container\">\n\t\t\t\t\t\t\t\t\t\t\t\t\t\t\t<img decoding=\"async\" src=\"https:\/\/sexshop.cm\/wp-content\/uploads\/2022\/09\/2022_06_3-MEA-CAT-JUIN_200_fr.jpg\" title=\"2022_06_3-MEA-CAT-JUIN_200_fr\" alt=\"H\u00e9donia, meilleur sexshop au cameroun, site de vente en ligne de sextoys et objets coquins a douala et yaound\u00e9\" loading=\"lazy\" \/>\t\t\t\t\t\t\t\t\t\t\t\t\t\t\t<\/div>\n\t\t\t\t<\/div>\n\t\t\t\t\t<\/div>\n\t\t<\/div>\n\t\t\t\t<div class=\"elementor-column elementor-col-33 elementor-inner-column elementor-element elementor-element-f774649\" data-id=\"f774649\" data-element_type=\"column\">\n\t\t\t<div class=\"elementor-widget-wrap elementor-element-populated\">\n\t\t\t\t\t\t\t\t<div class=\"elementor-element elementor-element-7fc728f elementor-widget elementor-widget-image\" data-id=\"7fc728f\" data-element_type=\"widget\" data-widget_type=\"image.default\">\n\t\t\t\t<div class=\"elementor-widget-container\">\n\t\t\t\t\t\t\t\t\t\t\t\t\t\t\t<img decoding=\"async\" src=\"https:\/\/sexshop.cm\/wp-content\/uploads\/2022\/09\/2022_06_4-MEA-CAT-JUIN_10_fr.jpg\" title=\"2022_06_4-MEA-CAT-JUIN_10_fr\" alt=\"H\u00e9donia, meilleur sexshop au cameroun, site de vente en ligne de sextoys et objets coquins a douala et yaound\u00e9\" loading=\"lazy\" \/>\t\t\t\t\t\t\t\t\t\t\t\t\t\t\t<\/div>\n\t\t\t\t<\/div>\n\t\t\t\t\t<\/div>\n\t\t<\/div>\n\t\t\t\t\t\t\t<\/div>\n\t\t<\/section>\n\t\t\t\t\t<\/div>\n\t\t<\/div>\n\t\t\t\t<div class=\"elementor-column elementor-col-33 elementor-top-column elementor-element elementor-element-d4ce3ff\" data-id=\"d4ce3ff\" data-element_type=\"column\">\n\t\t\t<div class=\"elementor-widget-wrap elementor-element-populated\">\n\t\t\t\t\t\t\t\t<section class=\"elementor-section elementor-inner-section elementor-element elementor-element-52c2cc8 elementor-section-boxed elementor-section-height-default elementor-section-height-default\" data-id=\"52c2cc8\" data-element_type=\"section\">\n\t\t\t\t\t\t<div class=\"elementor-container elementor-column-gap-default\">\n\t\t\t\t\t<div class=\"elementor-column elementor-col-100 elementor-inner-column elementor-element elementor-element-b3fd4ac\" data-id=\"b3fd4ac\" data-element_type=\"column\">\n\t\t\t<div class=\"elementor-widget-wrap elementor-element-populated\">\n\t\t\t\t\t\t\t\t<div class=\"elementor-element elementor-element-1c03a107 elementor-widget elementor-widget-image\" data-id=\"1c03a107\" data-element_type=\"widget\" data-widget_type=\"image.default\">\n\t\t\t\t<div class=\"elementor-widget-container\">\n\t\t\t\t\t\t\t\t\t\t\t\t\t\t\t<img decoding=\"async\" width=\"74\" height=\"75\" src=\"https:\/\/sexshop.cm\/wp-content\/uploads\/2019\/05\/love-lingerie-1.png\" class=\"attachment-full size-full wp-image-4433\" alt=\"\" \/>\t\t\t\t\t\t\t\t\t\t\t\t\t\t\t<\/div>\n\t\t\t\t<\/div>\n\t\t\t\t<div class=\"elementor-element elementor-element-5ee7d069 elementor-widget elementor-widget-heading\" data-id=\"5ee7d069\" data-element_type=\"widget\" data-widget_type=\"heading.default\">\n\t\t\t\t<div class=\"elementor-widget-container\">\n\t\t\t<h2 class=\"elementor-heading-title elementor-size-default\">tchat en direct 24\/7<\/h2>\t\t<\/div>\n\t\t\t\t<\/div>\n\t\t\t\t<div class=\"elementor-element elementor-element-23ee6bb6 elementor-widget elementor-widget-text-editor\" data-id=\"23ee6bb6\" data-element_type=\"widget\" data-widget_type=\"text-editor.default\">\n\t\t\t\t<div class=\"elementor-widget-container\">\n\t\t\t\t\t\t\t<p>Notre \u00e9quipe est disponible pour vous r\u00e9pondre 24\/7 quelque soit votre pr\u00e9occupation<\/p>\t\t\t\t\t\t<\/div>\n\t\t\t\t<\/div>\n\t\t\t\t<div class=\"elementor-element elementor-element-7a9cbb2a text-center elementor-widget elementor-widget-shortcode\" data-id=\"7a9cbb2a\" data-element_type=\"widget\" data-widget_type=\"shortcode.default\">\n\t\t\t\t<div class=\"elementor-widget-container\">\n\t\t\t\t\t<div class=\"elementor-shortcode\"><a target=\"_self\" class=\"btn  medium active\" href=\"https:\/\/wa.me\/237699556021\"><span> Demarrer une Discussion<\/span><\/a><\/div>\n\t\t\t\t<\/div>\n\t\t\t\t<\/div>\n\t\t\t\t\t<\/div>\n\t\t<\/div>\n\t\t\t\t\t\t\t<\/div>\n\t\t<\/section>\n\t\t\t\t<section class=\"elementor-section elementor-inner-section elementor-element elementor-element-1421517 elementor-section-boxed elementor-section-height-default elementor-section-height-default\" data-id=\"1421517\" data-element_type=\"section\">\n\t\t\t\t\t\t<div class=\"elementor-container elementor-column-gap-default\">\n\t\t\t\t\t<div class=\"elementor-column elementor-col-100 elementor-inner-column elementor-element elementor-element-33e1af7\" data-id=\"33e1af7\" data-element_type=\"column\">\n\t\t\t<div class=\"elementor-widget-wrap elementor-element-populated\">\n\t\t\t\t\t\t\t\t<div class=\"elementor-element elementor-element-1afb8750 elementor-widget elementor-widget-image\" data-id=\"1afb8750\" data-element_type=\"widget\" data-widget_type=\"image.default\">\n\t\t\t\t<div class=\"elementor-widget-container\">\n\t\t\t\t\t\t\t\t\t\t\t\t\t\t\t<img decoding=\"async\" width=\"74\" height=\"42\" src=\"https:\/\/sexshop.cm\/wp-content\/uploads\/2019\/05\/coupon-lingerie-1.png\" class=\"attachment-full size-full wp-image-4428\" alt=\"\" \/>\t\t\t\t\t\t\t\t\t\t\t\t\t\t\t<\/div>\n\t\t\t\t<\/div>\n\t\t\t\t<div class=\"elementor-element elementor-element-12733605 elementor-widget elementor-widget-heading\" data-id=\"12733605\" data-element_type=\"widget\" data-widget_type=\"heading.default\">\n\t\t\t\t<div class=\"elementor-widget-container\">\n\t\t\t<h2 class=\"elementor-heading-title elementor-size-default\">DES PROMOS DE FOLIE<\/h2>\t\t<\/div>\n\t\t\t\t<\/div>\n\t\t\t\t<div class=\"elementor-element elementor-element-fe0316 elementor-widget elementor-widget-text-editor\" data-id=\"fe0316\" data-element_type=\"widget\" data-widget_type=\"text-editor.default\">\n\t\t\t\t<div class=\"elementor-widget-container\">\n\t\t\t\t\t\t\t<p>Ce code promo est valable jusqu&#8217;au 31 Decembre 2022<\/p>\t\t\t\t\t\t<\/div>\n\t\t\t\t<\/div>\n\t\t\t\t<div class=\"elementor-element elementor-element-be0396 elementor-widget elementor-widget-text-editor\" data-id=\"be0396\" data-element_type=\"widget\" data-widget_type=\"text-editor.default\">\n\t\t\t\t<div class=\"elementor-widget-container\">\n\t\t\t\t\t\t\t31Dec19linG\t\t\t\t\t\t<\/div>\n\t\t\t\t<\/div>\n\t\t\t\t\t<\/div>\n\t\t<\/div>\n\t\t\t\t\t\t\t<\/div>\n\t\t<\/section>\n\t\t\t\t\t<\/div>\n\t\t<\/div>\n\t\t\t\t\t\t\t<\/div>\n\t\t<\/section>\n\t\t\t\t\t\t\t<\/div>\n\t\t","protected":false},"excerpt":{"rendered":"<p>PRECAUTIONS D&#8217;HYGIENE Les sextoys sont des jouets intimes. Ils sont strictement personnels et ne doivent en aucun cas \u00eatre partag\u00e9s ni pr\u00eat\u00e9s. Si vous en utilisez en groupe, ils doivent \u00eatre imp\u00e9rativement prot\u00e9g\u00e9s d\u2019un pr\u00e9servatif. Avant et apr\u00e8s chaque utilisation, nous pr\u00e9conisons un nettoyage \u00e0 l\u2019eau ainsi qu\u2019avec un savon naturel doux et antiseptique. Attention aux produits que vous utilisez sur vos jouets, car ceux-ci peuvent \u00eatre agressifs et donc alterner la dur\u00e9e de vie de celui-ci. Privil\u00e9giez bien des produits lavants doux et naturels ! \u00a0Les sextoys anaux doivent \u00eatre lav\u00e9s \u00e0 l\u2019eau puis obligatoirement d\u00e9sinfect\u00e9s entre deux usages.<\/p>\n","protected":false},"author":1,"featured_media":0,"parent":0,"menu_order":0,"comment_status":"closed","ping_status":"closed","template":"","meta":{"footnotes":"","_joinchat":[]},"yoast_head":"<!-- This site is optimized with the Yoast SEO Premium plugin v19.3 (Yoast SEO v21.5) - https:\/\/yoast.com\/wordpress\/plugins\/seo\/ -->\n<title>- Precautions d&#039;hygi\u00e8ne - H\u00e9donia<\/title>\n<meta name=\"description\" content=\"Precautions d&#039;hygi\u00e8ne - H\u00e9donia - Whatsapp: +237 672588687\" \/>\n<meta name=\"robots\" content=\"index, follow, max-snippet:-1, max-image-preview:large, max-video-preview:-1\" \/>\n<link rel=\"canonical\" href=\"https:\/\/sexshop.cm\/precautions-dhygiene\/\" \/>\n<meta property=\"og:locale\" content=\"en_US\" \/>\n<meta property=\"og:type\" content=\"article\" \/>\n<meta property=\"og:title\" content=\"Precautions d&#039;hygi\u00e8ne\" \/>\n<meta property=\"og:description\" content=\"Precautions d&#039;hygi\u00e8ne - H\u00e9donia - Whatsapp: +237 672588687\" \/>\n<meta property=\"og:url\" content=\"https:\/\/sexshop.cm\/precautions-dhygiene\/\" \/>\n<meta property=\"og:site_name\" content=\"H\u00e9donia\" \/>\n<meta property=\"article:modified_time\" content=\"2022-09-02T09:28:11+00:00\" \/>\n<meta property=\"og:image\" content=\"http:\/\/sexshop.cm\/wp-content\/uploads\/2022\/09\/Retours-Echanges-1024x682.jpg\" \/>\n<meta name=\"twitter:card\" content=\"summary_large_image\" \/>\n<meta name=\"twitter:label1\" content=\"Est. reading time\" \/>\n\t<meta name=\"twitter:data1\" content=\"2 minutes\" \/>\n<script type=\"application\/ld+json\" class=\"yoast-schema-graph\">{\"@context\":\"https:\/\/schema.org\",\"@graph\":[{\"@type\":\"WebPage\",\"@id\":\"https:\/\/sexshop.cm\/precautions-dhygiene\/\",\"url\":\"https:\/\/sexshop.cm\/precautions-dhygiene\/\",\"name\":\"- Precautions d'hygi\u00e8ne - H\u00e9donia\",\"isPartOf\":{\"@id\":\"https:\/\/sexshop.cm\/#website\"},\"datePublished\":\"2022-09-02T09:23:17+00:00\",\"dateModified\":\"2022-09-02T09:28:11+00:00\",\"description\":\"Precautions d'hygi\u00e8ne - H\u00e9donia - Whatsapp: +237 672588687\",\"breadcrumb\":{\"@id\":\"https:\/\/sexshop.cm\/precautions-dhygiene\/#breadcrumb\"},\"inLanguage\":\"en-US\",\"potentialAction\":[{\"@type\":\"ReadAction\",\"target\":[\"https:\/\/sexshop.cm\/precautions-dhygiene\/\"]}]},{\"@type\":\"BreadcrumbList\",\"@id\":\"https:\/\/sexshop.cm\/precautions-dhygiene\/#breadcrumb\",\"itemListElement\":[{\"@type\":\"ListItem\",\"position\":1,\"name\":\"Accueil\",\"item\":\"https:\/\/sexshop.cm\/en\/online-sexshop-in-cameroon\/\"},{\"@type\":\"ListItem\",\"position\":2,\"name\":\"Precautions d&rsquo;hygi\u00e8ne\"}]},{\"@type\":\"WebSite\",\"@id\":\"https:\/\/sexshop.cm\/#website\",\"url\":\"https:\/\/sexshop.cm\/\",\"name\":\"H\u00e9donia\",\"description\":\"SexShop en ligne - Boutique de sextoys et objets coquins en ligne au Cameroun\",\"publisher\":{\"@id\":\"https:\/\/sexshop.cm\/#organization\"},\"potentialAction\":[{\"@type\":\"SearchAction\",\"target\":{\"@type\":\"EntryPoint\",\"urlTemplate\":\"https:\/\/sexshop.cm\/?s={search_term_string}\"},\"query-input\":\"required name=search_term_string\"}],\"inLanguage\":\"en-US\"},{\"@type\":\"Organization\",\"@id\":\"https:\/\/sexshop.cm\/#organization\",\"name\":\"H\u00e9donia\",\"alternateName\":\"Boutique de Sextoys en ligne au Cameroun\",\"url\":\"https:\/\/sexshop.cm\/\",\"logo\":{\"@type\":\"ImageObject\",\"inLanguage\":\"en-US\",\"@id\":\"https:\/\/sexshop.cm\/#\/schema\/logo\/image\/\",\"url\":\"https:\/\/sexshop.cm\/wp-content\/uploads\/2022\/10\/logo-680-hedonia.png.200x100_q85_background-f8f9fa.png\",\"contentUrl\":\"https:\/\/sexshop.cm\/wp-content\/uploads\/2022\/10\/logo-680-hedonia.png.200x100_q85_background-f8f9fa.png\",\"width\":2222,\"height\":534,\"caption\":\"H\u00e9donia\"},\"image\":{\"@id\":\"https:\/\/sexshop.cm\/#\/schema\/logo\/image\/\"}}]}<\/script>\n<!-- \/ Yoast SEO Premium plugin. -->","yoast_head_json":{"title":"- Precautions d'hygi\u00e8ne - H\u00e9donia","description":"Precautions d'hygi\u00e8ne - H\u00e9donia - Whatsapp: +237 672588687","robots":{"index":"index","follow":"follow","max-snippet":"max-snippet:-1","max-image-preview":"max-image-preview:large","max-video-preview":"max-video-preview:-1"},"canonical":"https:\/\/sexshop.cm\/precautions-dhygiene\/","og_locale":"en_US","og_type":"article","og_title":"Precautions d'hygi\u00e8ne","og_description":"Precautions d'hygi\u00e8ne - H\u00e9donia - Whatsapp: +237 672588687","og_url":"https:\/\/sexshop.cm\/precautions-dhygiene\/","og_site_name":"H\u00e9donia","article_modified_time":"2022-09-02T09:28:11+00:00","og_image":[{"url":"http:\/\/sexshop.cm\/wp-content\/uploads\/2022\/09\/Retours-Echanges-1024x682.jpg"}],"twitter_card":"summary_large_image","twitter_misc":{"Est. reading time":"2 minutes"},"schema":{"@context":"https:\/\/schema.org","@graph":[{"@type":"WebPage","@id":"https:\/\/sexshop.cm\/precautions-dhygiene\/","url":"https:\/\/sexshop.cm\/precautions-dhygiene\/","name":"- Precautions d'hygi\u00e8ne - H\u00e9donia","isPartOf":{"@id":"https:\/\/sexshop.cm\/#website"},"datePublished":"2022-09-02T09:23:17+00:00","dateModified":"2022-09-02T09:28:11+00:00","description":"Precautions d'hygi\u00e8ne - H\u00e9donia - Whatsapp: +237 672588687","breadcrumb":{"@id":"https:\/\/sexshop.cm\/precautions-dhygiene\/#breadcrumb"},"inLanguage":"en-US","potentialAction":[{"@type":"ReadAction","target":["https:\/\/sexshop.cm\/precautions-dhygiene\/"]}]},{"@type":"BreadcrumbList","@id":"https:\/\/sexshop.cm\/precautions-dhygiene\/#breadcrumb","itemListElement":[{"@type":"ListItem","position":1,"name":"Accueil","item":"https:\/\/sexshop.cm\/en\/online-sexshop-in-cameroon\/"},{"@type":"ListItem","position":2,"name":"Precautions d&rsquo;hygi\u00e8ne"}]},{"@type":"WebSite","@id":"https:\/\/sexshop.cm\/#website","url":"https:\/\/sexshop.cm\/","name":"H\u00e9donia","description":"SexShop en ligne - Boutique de sextoys et objets coquins en ligne au Cameroun","publisher":{"@id":"https:\/\/sexshop.cm\/#organization"},"potentialAction":[{"@type":"SearchAction","target":{"@type":"EntryPoint","urlTemplate":"https:\/\/sexshop.cm\/?s={search_term_string}"},"query-input":"required name=search_term_string"}],"inLanguage":"en-US"},{"@type":"Organization","@id":"https:\/\/sexshop.cm\/#organization","name":"H\u00e9donia","alternateName":"Boutique de Sextoys en ligne au Cameroun","url":"https:\/\/sexshop.cm\/","logo":{"@type":"ImageObject","inLanguage":"en-US","@id":"https:\/\/sexshop.cm\/#\/schema\/logo\/image\/","url":"https:\/\/sexshop.cm\/wp-content\/uploads\/2022\/10\/logo-680-hedonia.png.200x100_q85_background-f8f9fa.png","contentUrl":"https:\/\/sexshop.cm\/wp-content\/uploads\/2022\/10\/logo-680-hedonia.png.200x100_q85_background-f8f9fa.png","width":2222,"height":534,"caption":"H\u00e9donia"},"image":{"@id":"https:\/\/sexshop.cm\/#\/schema\/logo\/image\/"}}]}},"_links":{"self":[{"href":"https:\/\/sexshop.cm\/en\/wp-json\/wp\/v2\/pages\/5578"}],"collection":[{"href":"https:\/\/sexshop.cm\/en\/wp-json\/wp\/v2\/pages"}],"about":[{"href":"https:\/\/sexshop.cm\/en\/wp-json\/wp\/v2\/types\/page"}],"author":[{"embeddable":true,"href":"https:\/\/sexshop.cm\/en\/wp-json\/wp\/v2\/users\/1"}],"replies":[{"embeddable":true,"href":"https:\/\/sexshop.cm\/en\/wp-json\/wp\/v2\/comments?post=5578"}],"version-history":[{"count":4,"href":"https:\/\/sexshop.cm\/en\/wp-json\/wp\/v2\/pages\/5578\/revisions"}],"predecessor-version":[{"id":5582,"href":"https:\/\/sexshop.cm\/en\/wp-json\/wp\/v2\/pages\/5578\/revisions\/5582"}],"wp:attachment":[{"href":"https:\/\/sexshop.cm\/en\/wp-json\/wp\/v2\/media?parent=5578"}],"curies":[{"name":"wp","href":"https:\/\/api.w.org\/{rel}","templated":true}]}}