{"id":10539,"date":"2023-09-10T18:59:28","date_gmt":"2023-09-10T17:59:28","guid":{"rendered":"https:\/\/sexshop.cm\/produit\/vibromasseur-a-succion-pour-femme-multifonction-langue-vibrante-et-ventouse-pour-adulte\/"},"modified":"2025-05-24T21:37:13","modified_gmt":"2025-05-24T20:37:13","slug":"vibromasseur-a-succion-pour-femme-multifonction-langue-vibrante-et-ventouse-pour-adulte","status":"publish","type":"product","link":"https:\/\/sexshop.cm\/en\/produit\/vibromasseur-a-succion-pour-femme-multifonction-langue-vibrante-et-ventouse-pour-adulte\/","title":{"rendered":"Aspirateur de chatte avec langue vibrante et ventouse, multifonction avec gode vibrant"},"content":{"rendered":"<div class=\"detailmodule_html\">\n<div class=\"detail-desc-decorate-richtext\">\n<div class=\"detailmodule_html\">\n<div class=\"detail-desc-decorate-richtext\">\n<div><span style=\"font-size: 18px;\"><span style=\"font-family: 'times new roman', times, serif;\">Langue gode vibrateur pour femmes chauffage mamelon ventouse serr\u00e9 Oral l\u00e9chage Clitoris stimuler se masturber \u00e9rotique jouets sexuels pour femme<\/span><\/span><\/div>\n<div><\/div>\n<div><span style=\"font-size: 18px;\"><span style=\"font-family: 'times new roman', times, serif;\">Description du produit:<\/span><\/span><\/div>\n<div><span style=\"font-size: 18px;\"><span style=\"font-family: 'times new roman', times, serif;\">Type d&#8217;article: Vibrateurs point G, stimulateur de clitoris, vibrateurs de succion de mamelon.<\/span><\/span><\/div>\n<div><span style=\"font-size: 18px;\"><span style=\"font-family: 'times new roman', times, serif;\">Mat\u00e9riau en silicone m\u00e9dical, s\u00fbr et fiable \u00e0 utiliser.<\/span><\/span><\/div>\n<div><\/div>\n<div><span style=\"font-size: 18px;\"><span style=\"font-family: 'times new roman', times, serif;\">Fonction:<\/span><\/span><\/div>\n<div><span style=\"font-size: 18px;\"><span style=\"font-family: 'times new roman', times, serif;\">Materia:ABS + Silicone<\/span><\/span><\/div>\n<div><span style=\"font-size: 18px;\"><span style=\"font-family: 'times new roman', times, serif;\">Couleur: Rose<\/span><\/span><\/div>\n<div><span style=\"font-size: 18px;\"><span style=\"font-family: 'times new roman', times, serif;\">Fonction: 12 Mode<\/span><\/span><\/div>\n<div><span style=\"font-size: 18px;\"><span style=\"font-family: 'times new roman', times, serif;\">Fr\u00e9quences Sucer les vibrations<\/span><\/span><\/div>\n<div><span style=\"font-size: 18px;\"><span style=\"font-family: 'times new roman', times, serif;\">Imperm\u00e9able: Vie Imperm\u00e9able<\/span><\/span><\/div>\n<div><span style=\"font-size: 18px;\"><span style=\"font-family: 'times new roman', times, serif;\">Puissance: Chargement USB<\/span><\/span><\/div>\n<div><span style=\"font-size: 18px;\"><span style=\"font-family: 'times new roman', times, serif;\">Poids: 650g<\/span><\/span><\/div>\n<div><span style=\"font-size: 18px;\"><span style=\"font-family: 'times new roman', times, serif;\">Taille du produit: 27*3 cm<\/span><\/span><\/div>\n<div><span style=\"font-size: 18px;\"><span style=\"font-family: 'times new roman', times, serif;\">Profondeur d&#8217;insertion: 14cm<\/span><\/span><\/div>\n<div><span style=\"font-size: 18px;\"><span style=\"font-family: 'times new roman', times, serif;\">Bruit: Moins de 50db<\/span><\/span><\/div>\n<div><\/div>\n<div><span style=\"font-size: 18px;\"><span style=\"font-family: 'times new roman', times, serif;\">Le paquet comprend:<\/span><\/span><\/div>\n<div><span style=\"font-size: 18px;\"><span style=\"font-family: 'times new roman', times, serif;\">Produit * 1<\/span><\/span><\/div>\n<div><span style=\"font-size: 18px;\"><span style=\"font-family: 'times new roman', times, serif;\">C\u00e2ble de charge * 1<\/span><\/span><\/div>\n<div><\/div>\n<div><span style=\"font-size: 18px;\"><span style=\"font-family: 'times new roman', times, serif;\">Confidentialit\u00e9 garantie:<\/span><\/span><\/div>\n<div><span style=\"font-size: 18px;\"><span style=\"font-family: 'times new roman', times, serif;\">Votre vie priv\u00e9e est de la plus haute importance pour nous, vous seul savez ce qui est \u00e0 l&#8217;int\u00e9rieur du paquet!<\/span><\/span><\/div>\n<div><img decoding=\"async\" src=\"https:\/\/ae01.alicdn.com\/kf\/H0063a011b6214553a2efce95a836ab06i.jpg\" \/><img decoding=\"async\" src=\"https:\/\/ae01.alicdn.com\/kf\/H51d8c6a9aced4cd692f6b947e2b1302dL.jpg\" \/><img decoding=\"async\" src=\"https:\/\/ae01.alicdn.com\/kf\/H539fbf6625484a7b93dad5f91059f4b4W.jpg\" \/><img decoding=\"async\" src=\"https:\/\/ae01.alicdn.com\/kf\/H33b4272b9f924887927e478db1fa4339x.jpg\" \/><img decoding=\"async\" src=\"https:\/\/ae01.alicdn.com\/kf\/H879802b80160432986c466293a280fb9T.jpg\" \/><img decoding=\"async\" src=\"https:\/\/ae01.alicdn.com\/kf\/H5da605f83fb4428a8f00acd92136497ex.jpg\" \/><img decoding=\"async\" src=\"https:\/\/ae01.alicdn.com\/kf\/Hc3b93a242ea7456884444618269d819fr.jpg\" \/><img decoding=\"async\" src=\"https:\/\/ae01.alicdn.com\/kf\/H1657171303da4b6cbd0c606950388f62R.jpg\" \/><img decoding=\"async\" src=\"https:\/\/ae01.alicdn.com\/kf\/H3b361b100a814be2913a2451bbfe906dQ.jpg\" \/><img decoding=\"async\" src=\"https:\/\/ae01.alicdn.com\/kf\/H8966b0d897db4d75b682e0778e5f7b92j.jpg\" \/><\/div>\n<div><img decoding=\"async\" src=\"https:\/\/ae01.alicdn.com\/kf\/H94966781f8d243e989fa49fd5b685786S.jpg\" \/><img decoding=\"async\" src=\"https:\/\/ae01.alicdn.com\/kf\/Hc9cb2587e1994efab78854abdd98cb55f.jpg\" \/><\/div>\n<\/div>\n<\/div>\n<\/div>\n<\/div>\n","protected":false},"excerpt":{"rendered":"<p>Langue gode vibrateur pour femmes chauffage mamelon ventouse serr\u00e9 Oral l\u00e9chage Clitoris stimuler se masturber \u00e9rotique jouets sexuels pour femme Description du produit: Type d&#8217;article: Vibrateurs point G, stimulateur de clitoris, vibrateurs de succion de mamelon. Mat\u00e9riau en silicone m\u00e9dical, s\u00fbr et fiable \u00e0 utiliser. Fonction: Materia:ABS + Silicone Couleur: Rose Fonction: 12 Mode Fr\u00e9quences Sucer les vibrations Imperm\u00e9able: Vie Imperm\u00e9able Puissance: Chargement USB Poids: 650g Taille du produit: 27*3 cm Profondeur d&#8217;insertion: 14cm Bruit: Moins de 50db Le paquet comprend: Produit * 1 C\u00e2ble de charge * 1 Confidentialit\u00e9 garantie: Votre vie priv\u00e9e est de la plus haute importance<\/p>\n","protected":false},"featured_media":10723,"comment_status":"open","ping_status":"closed","template":"","meta":{"_joinchat":[]},"etheme_brands":[],"product_cat":[46,59,60],"product_tag":[],"yoast_head":"<!-- This site is optimized with the Yoast SEO Premium plugin v19.3 (Yoast SEO v21.5) - https:\/\/yoast.com\/wordpress\/plugins\/seo\/ -->\n<title>- Achetez et Commandez Discr\u00e8tement vos Aspirateur de chatte avec langue vibrante et ventouse, multifonction avec gode vibrant au Cameroun -<\/title>\n<meta name=\"description\" content=\"Commandez vos meilleurs Aspirateur de chatte avec langue vibrante et ventouse, multifonction avec gode vibrant \u00e0 bons prix partout au Cameroun et faites vous livrer discr\u00e8tement, sur H\u00e9donia, le meilleur site de vente en ligne de sextoys au Cameroun. - Whatsapp: +237 672588687\" \/>\n<meta name=\"robots\" content=\"index, follow, max-snippet:-1, max-image-preview:large, max-video-preview:-1\" \/>\n<link rel=\"canonical\" href=\"https:\/\/sexshop.cm\/produit\/vibromasseur-a-succion-pour-femme-multifonction-langue-vibrante-et-ventouse-pour-adulte\/\" \/>\n<meta property=\"og:locale\" content=\"en_US\" \/>\n<meta property=\"og:type\" content=\"article\" \/>\n<meta property=\"og:title\" content=\"Aspirateur de chatte avec langue vibrante et ventouse, multifonction avec gode vibrant\" \/>\n<meta property=\"og:description\" content=\"Aspirateur de chatte avec langue vibrante et ventouse, multifonction avec gode vibrant - H\u00e9donia\" \/>\n<meta property=\"og:url\" content=\"https:\/\/sexshop.cm\/produit\/vibromasseur-a-succion-pour-femme-multifonction-langue-vibrante-et-ventouse-pour-adulte\/\" \/>\n<meta property=\"og:site_name\" content=\"H\u00e9donia\" \/>\n<meta property=\"article:modified_time\" content=\"2025-05-24T20:37:13+00:00\" \/>\n<meta property=\"og:image\" content=\"http:\/\/sexshop.cm\/wp-content\/uploads\/2023\/09\/download-4.jpg\" \/>\n\t<meta property=\"og:image:width\" content=\"1000\" \/>\n\t<meta property=\"og:image:height\" content=\"1000\" \/>\n\t<meta property=\"og:image:type\" content=\"image\/jpeg\" \/>\n<meta name=\"twitter:card\" content=\"summary_large_image\" \/>\n<meta name=\"twitter:label1\" content=\"Price\" \/>\n\t<meta name=\"twitter:data1\" content=\"55000&nbsp;CFA\" \/>\n\t<meta name=\"twitter:label2\" content=\"Availability\" \/>\n\t<meta name=\"twitter:data2\" content=\"In stock\" \/>\n<script type=\"application\/ld+json\" class=\"yoast-schema-graph\">{\"@context\":\"https:\/\/schema.org\",\"@graph\":[{\"@type\":\"WebPage\",\"@id\":\"https:\/\/sexshop.cm\/produit\/vibromasseur-a-succion-pour-femme-multifonction-langue-vibrante-et-ventouse-pour-adulte\/\",\"url\":\"https:\/\/sexshop.cm\/produit\/vibromasseur-a-succion-pour-femme-multifonction-langue-vibrante-et-ventouse-pour-adulte\/\",\"name\":\"- Achetez et Commandez Discr\u00e8tement vos Aspirateur de chatte avec langue vibrante et ventouse, multifonction avec gode vibrant au Cameroun -\",\"isPartOf\":{\"@id\":\"https:\/\/sexshop.cm\/#website\"},\"datePublished\":\"2023-09-10T17:59:28+00:00\",\"dateModified\":\"2025-05-24T20:37:13+00:00\",\"description\":\"Commandez vos meilleurs Aspirateur de chatte avec langue vibrante et ventouse, multifonction avec gode vibrant \u00e0 bons prix partout au Cameroun et faites vous livrer discr\u00e8tement, sur H\u00e9donia, le meilleur site de vente en ligne de sextoys au Cameroun. - Whatsapp: +237 672588687\",\"breadcrumb\":{\"@id\":\"https:\/\/sexshop.cm\/produit\/vibromasseur-a-succion-pour-femme-multifonction-langue-vibrante-et-ventouse-pour-adulte\/#breadcrumb\"},\"inLanguage\":\"en-US\",\"potentialAction\":[{\"@type\":\"ReadAction\",\"target\":[\"https:\/\/sexshop.cm\/produit\/vibromasseur-a-succion-pour-femme-multifonction-langue-vibrante-et-ventouse-pour-adulte\/\"]}]},{\"@type\":\"BreadcrumbList\",\"@id\":\"https:\/\/sexshop.cm\/produit\/vibromasseur-a-succion-pour-femme-multifonction-langue-vibrante-et-ventouse-pour-adulte\/#breadcrumb\",\"itemListElement\":[{\"@type\":\"ListItem\",\"position\":1,\"name\":\"Accueil\",\"item\":\"https:\/\/sexshop.cm\/en\/online-sexshop-in-cameroon\/\"},{\"@type\":\"ListItem\",\"position\":2,\"name\":\"Shop\",\"item\":\"https:\/\/sexshop.cm\/shop\/\"},{\"@type\":\"ListItem\",\"position\":3,\"name\":\"Aspirateur de chatte avec langue vibrante et ventouse, multifonction avec gode vibrant\"}]},{\"@type\":\"WebSite\",\"@id\":\"https:\/\/sexshop.cm\/#website\",\"url\":\"https:\/\/sexshop.cm\/\",\"name\":\"H\u00e9donia\",\"description\":\"SexShop en ligne - Boutique de sextoys et objets coquins en ligne au Cameroun\",\"publisher\":{\"@id\":\"https:\/\/sexshop.cm\/#organization\"},\"potentialAction\":[{\"@type\":\"SearchAction\",\"target\":{\"@type\":\"EntryPoint\",\"urlTemplate\":\"https:\/\/sexshop.cm\/?s={search_term_string}\"},\"query-input\":\"required name=search_term_string\"}],\"inLanguage\":\"en-US\"},{\"@type\":\"Organization\",\"@id\":\"https:\/\/sexshop.cm\/#organization\",\"name\":\"H\u00e9donia\",\"alternateName\":\"Boutique de Sextoys en ligne au Cameroun\",\"url\":\"https:\/\/sexshop.cm\/\",\"logo\":{\"@type\":\"ImageObject\",\"inLanguage\":\"en-US\",\"@id\":\"https:\/\/sexshop.cm\/#\/schema\/logo\/image\/\",\"url\":\"https:\/\/sexshop.cm\/wp-content\/uploads\/2022\/10\/logo-680-hedonia.png.200x100_q85_background-f8f9fa.png\",\"contentUrl\":\"https:\/\/sexshop.cm\/wp-content\/uploads\/2022\/10\/logo-680-hedonia.png.200x100_q85_background-f8f9fa.png\",\"width\":2222,\"height\":534,\"caption\":\"H\u00e9donia\"},\"image\":{\"@id\":\"https:\/\/sexshop.cm\/#\/schema\/logo\/image\/\"}}]}<\/script>\n<meta property=\"product:price:amount\" content=\"55000\" \/>\n<meta property=\"product:price:currency\" content=\"XAF\" \/>\n<meta property=\"og:availability\" content=\"instock\" \/>\n<meta property=\"product:availability\" content=\"instock\" \/>\n<meta property=\"product:retailer_item_id\" content=\"1005003027722761\" \/>\n<meta property=\"product:condition\" content=\"new\" \/>\n<!-- \/ Yoast SEO Premium plugin. -->","yoast_head_json":{"title":"- Achetez et Commandez Discr\u00e8tement vos Aspirateur de chatte avec langue vibrante et ventouse, multifonction avec gode vibrant au Cameroun -","description":"Commandez vos meilleurs Aspirateur de chatte avec langue vibrante et ventouse, multifonction avec gode vibrant \u00e0 bons prix partout au Cameroun et faites vous livrer discr\u00e8tement, sur H\u00e9donia, le meilleur site de vente en ligne de sextoys au Cameroun. - Whatsapp: +237 672588687","robots":{"index":"index","follow":"follow","max-snippet":"max-snippet:-1","max-image-preview":"max-image-preview:large","max-video-preview":"max-video-preview:-1"},"canonical":"https:\/\/sexshop.cm\/produit\/vibromasseur-a-succion-pour-femme-multifonction-langue-vibrante-et-ventouse-pour-adulte\/","og_locale":"en_US","og_type":"article","og_title":"Aspirateur de chatte avec langue vibrante et ventouse, multifonction avec gode vibrant","og_description":"Aspirateur de chatte avec langue vibrante et ventouse, multifonction avec gode vibrant - H\u00e9donia","og_url":"https:\/\/sexshop.cm\/produit\/vibromasseur-a-succion-pour-femme-multifonction-langue-vibrante-et-ventouse-pour-adulte\/","og_site_name":"H\u00e9donia","article_modified_time":"2025-05-24T20:37:13+00:00","og_image":[{"width":1000,"height":1000,"url":"http:\/\/sexshop.cm\/wp-content\/uploads\/2023\/09\/download-4.jpg","type":"image\/jpeg"}],"twitter_card":"summary_large_image","twitter_misc":{"Price":"55000&nbsp;CFA","Availability":"In stock"},"schema":{"@context":"https:\/\/schema.org","@graph":[{"@type":"WebPage","@id":"https:\/\/sexshop.cm\/produit\/vibromasseur-a-succion-pour-femme-multifonction-langue-vibrante-et-ventouse-pour-adulte\/","url":"https:\/\/sexshop.cm\/produit\/vibromasseur-a-succion-pour-femme-multifonction-langue-vibrante-et-ventouse-pour-adulte\/","name":"- Achetez et Commandez Discr\u00e8tement vos Aspirateur de chatte avec langue vibrante et ventouse, multifonction avec gode vibrant au Cameroun -","isPartOf":{"@id":"https:\/\/sexshop.cm\/#website"},"datePublished":"2023-09-10T17:59:28+00:00","dateModified":"2025-05-24T20:37:13+00:00","description":"Commandez vos meilleurs Aspirateur de chatte avec langue vibrante et ventouse, multifonction avec gode vibrant \u00e0 bons prix partout au Cameroun et faites vous livrer discr\u00e8tement, sur H\u00e9donia, le meilleur site de vente en ligne de sextoys au Cameroun. - Whatsapp: +237 672588687","breadcrumb":{"@id":"https:\/\/sexshop.cm\/produit\/vibromasseur-a-succion-pour-femme-multifonction-langue-vibrante-et-ventouse-pour-adulte\/#breadcrumb"},"inLanguage":"en-US","potentialAction":[{"@type":"ReadAction","target":["https:\/\/sexshop.cm\/produit\/vibromasseur-a-succion-pour-femme-multifonction-langue-vibrante-et-ventouse-pour-adulte\/"]}]},{"@type":"BreadcrumbList","@id":"https:\/\/sexshop.cm\/produit\/vibromasseur-a-succion-pour-femme-multifonction-langue-vibrante-et-ventouse-pour-adulte\/#breadcrumb","itemListElement":[{"@type":"ListItem","position":1,"name":"Accueil","item":"https:\/\/sexshop.cm\/en\/online-sexshop-in-cameroon\/"},{"@type":"ListItem","position":2,"name":"Shop","item":"https:\/\/sexshop.cm\/shop\/"},{"@type":"ListItem","position":3,"name":"Aspirateur de chatte avec langue vibrante et ventouse, multifonction avec gode vibrant"}]},{"@type":"WebSite","@id":"https:\/\/sexshop.cm\/#website","url":"https:\/\/sexshop.cm\/","name":"H\u00e9donia","description":"SexShop en ligne - Boutique de sextoys et objets coquins en ligne au Cameroun","publisher":{"@id":"https:\/\/sexshop.cm\/#organization"},"potentialAction":[{"@type":"SearchAction","target":{"@type":"EntryPoint","urlTemplate":"https:\/\/sexshop.cm\/?s={search_term_string}"},"query-input":"required name=search_term_string"}],"inLanguage":"en-US"},{"@type":"Organization","@id":"https:\/\/sexshop.cm\/#organization","name":"H\u00e9donia","alternateName":"Boutique de Sextoys en ligne au Cameroun","url":"https:\/\/sexshop.cm\/","logo":{"@type":"ImageObject","inLanguage":"en-US","@id":"https:\/\/sexshop.cm\/#\/schema\/logo\/image\/","url":"https:\/\/sexshop.cm\/wp-content\/uploads\/2022\/10\/logo-680-hedonia.png.200x100_q85_background-f8f9fa.png","contentUrl":"https:\/\/sexshop.cm\/wp-content\/uploads\/2022\/10\/logo-680-hedonia.png.200x100_q85_background-f8f9fa.png","width":2222,"height":534,"caption":"H\u00e9donia"},"image":{"@id":"https:\/\/sexshop.cm\/#\/schema\/logo\/image\/"}}]},"product_price_amount":"55000","product_price_currency":"XAF","og_availability":"instock","product_availability":"instock","product_retailer_item_id":"1005003027722761","product_condition":"new"},"_links":{"self":[{"href":"https:\/\/sexshop.cm\/en\/wp-json\/wp\/v2\/product\/10539"}],"collection":[{"href":"https:\/\/sexshop.cm\/en\/wp-json\/wp\/v2\/product"}],"about":[{"href":"https:\/\/sexshop.cm\/en\/wp-json\/wp\/v2\/types\/product"}],"replies":[{"embeddable":true,"href":"https:\/\/sexshop.cm\/en\/wp-json\/wp\/v2\/comments?post=10539"}],"wp:featuredmedia":[{"embeddable":true,"href":"https:\/\/sexshop.cm\/en\/wp-json\/wp\/v2\/media\/10723"}],"wp:attachment":[{"href":"https:\/\/sexshop.cm\/en\/wp-json\/wp\/v2\/media?parent=10539"}],"wp:term":[{"taxonomy":"brand","embeddable":true,"href":"https:\/\/sexshop.cm\/en\/wp-json\/wp\/v2\/etheme_brands?post=10539"},{"taxonomy":"product_cat","embeddable":true,"href":"https:\/\/sexshop.cm\/en\/wp-json\/wp\/v2\/product_cat?post=10539"},{"taxonomy":"product_tag","embeddable":true,"href":"https:\/\/sexshop.cm\/en\/wp-json\/wp\/v2\/product_tag?post=10539"}],"curies":[{"name":"wp","href":"https:\/\/api.w.org\/{rel}","templated":true}]}}