{"id":10553,"date":"2023-09-10T19:04:16","date_gmt":"2023-09-10T18:04:16","guid":{"rendered":"https:\/\/sexshop.cm\/produit\/kit-de-bondage-bdsm-plug-gode-anal-anneau-vibrant-pour-penis-vibromasseur-de-clitoris-pour-couples\/"},"modified":"2023-11-04T13:27:42","modified_gmt":"2023-11-04T12:27:42","slug":"kit-de-bondage-bdsm-plug-gode-anal-anneau-vibrant-pour-penis-vibromasseur-de-clitoris-pour-couples","status":"publish","type":"product","link":"https:\/\/sexshop.cm\/en\/produit\/kit-de-bondage-bdsm-plug-gode-anal-anneau-vibrant-pour-penis-vibromasseur-de-clitoris-pour-couples\/","title":{"rendered":"Kit de bondage BDSM, plug gode anal, anneau vibrant pour p\u00e9nis, Vibromasseur de clitoris pour couples"},"content":{"rendered":"<div class=\"detailmodule_text\">\n<p class=\"detail-desc-decorate-content\" style=\"text-overflow: ellipsis;font-family: 'OpenSans';color:'#000';word-wrap: break-word;white-space: pre-wrap;font-weight: 300;font-size: 14px;line-height: 20px;color: #000;margin-bottom: 12px;\">Sex Shop Vibromasseur Pour Femmes Clitoris Stimuler BDSM Bondage Set Sex Toy Pour Couples Anal Gode Plug P\u00e9nis Anneau Vibrant Pour Hommes<\/p>\n<\/div>\n<div class=\"detailmodule_image\"><img decoding=\"async\" src=\"\/\/ae01.alicdn.com\/kf\/H306646c4b7cb44189ecfdc3bf6297f58x.jpg\"  class=\"detail-desc-decorate-image\"  style=\"margin-bottom: 10px;\" ><img decoding=\"async\" src=\"\/\/ae01.alicdn.com\/kf\/H922f4264ffb44826b801dc34fcbd336cf.jpg\"  class=\"detail-desc-decorate-image\"  style=\"margin-bottom: 10px;\" ><img decoding=\"async\" src=\"\/\/ae01.alicdn.com\/kf\/Hbbd29b930b36412fa3b389605bbb7f55D.jpg\"  class=\"detail-desc-decorate-image\"  style=\"margin-bottom: 10px;\" ><img decoding=\"async\" src=\"\/\/ae01.alicdn.com\/kf\/H3c50fd2bea7945efb6735de64338f810c.jpg\"  class=\"detail-desc-decorate-image\"  style=\"margin-bottom: 10px;\" ><img decoding=\"async\" src=\"\/\/ae01.alicdn.com\/kf\/Ha2e52dc9e020441d9fd48ad69a7a3f1br.jpg\"  class=\"detail-desc-decorate-image\" ><img decoding=\"async\" src=\"\/\/ae01.alicdn.com\/kf\/Hfba01ec7e1d545908d3f285deaca7cd3i.jpg\"  class=\"detail-desc-decorate-image\" ><img decoding=\"async\" src=\"\/\/ae01.alicdn.com\/kf\/H95bc3bca519c419d9ddb3c1da2fa3b40U.jpg\"  class=\"detail-desc-decorate-image\" ><img decoding=\"async\" src=\"\/\/ae01.alicdn.com\/kf\/H024ad636886c495ab462a0db2cab629bT.jpg\"  class=\"detail-desc-decorate-image\" ><img decoding=\"async\" src=\"\/\/ae01.alicdn.com\/kf\/H5eda3726a70d49a5aff063e5b067539ag.jpg\"  class=\"detail-desc-decorate-image\" ><img decoding=\"async\" src=\"\/\/ae01.alicdn.com\/kf\/Hca86f4210c564bffa00d8ec138474eedB.jpg\"  class=\"detail-desc-decorate-image\" ><img decoding=\"async\" src=\"\/\/ae01.alicdn.com\/kf\/H0971386d61724128a8cc9b84c2d0b931F.jpg\"  class=\"detail-desc-decorate-image\"  style=\"margin-bottom: 10px;\" ><\/div>\n<div class=\"detailmodule_image\"><img decoding=\"async\" src=\"\/\/ae01.alicdn.com\/kf\/HTB1d2KPUCrqK1RjSZK9q6xyypXam.jpg\"  class=\"detail-desc-decorate-image\" ><\/div>\n","protected":false},"excerpt":{"rendered":"<p>Sex Shop Vibromasseur Pour Femmes Clitoris Stimuler BDSM Bondage Set Sex Toy Pour Couples Anal Gode Plug P\u00e9nis Anneau Vibrant Pour Hommes<\/p>\n","protected":false},"featured_media":10554,"comment_status":"open","ping_status":"closed","template":"","meta":{"_joinchat":[]},"etheme_brands":[],"product_cat":[68,46,59],"product_tag":[],"yoast_head":"<!-- This site is optimized with the Yoast SEO Premium plugin v19.3 (Yoast SEO v21.5) - https:\/\/yoast.com\/wordpress\/plugins\/seo\/ -->\n<title>- Achetez et Commandez Discr\u00e8tement vos Kit de bondage BDSM, plug gode anal, anneau vibrant pour p\u00e9nis, Vibromasseur de clitoris pour couples au Cameroun -<\/title>\n<meta name=\"description\" content=\"Commandez vos meilleurs Kit de bondage BDSM, plug gode anal, anneau vibrant pour p\u00e9nis, Vibromasseur de clitoris pour couples \u00e0 bons prix partout au Cameroun et faites vous livrer discr\u00e8tement, sur H\u00e9donia, le meilleur site de vente en ligne de sextoys au Cameroun. - Whatsapp: +237 672588687\" \/>\n<meta name=\"robots\" content=\"index, follow, max-snippet:-1, max-image-preview:large, max-video-preview:-1\" \/>\n<link rel=\"canonical\" href=\"https:\/\/sexshop.cm\/produit\/kit-de-bondage-bdsm-plug-gode-anal-anneau-vibrant-pour-penis-vibromasseur-de-clitoris-pour-couples\/\" \/>\n<meta property=\"og:locale\" content=\"en_US\" \/>\n<meta property=\"og:type\" content=\"article\" \/>\n<meta property=\"og:title\" content=\"Kit de bondage BDSM, plug gode anal, anneau vibrant pour p\u00e9nis, Vibromasseur de clitoris pour couples\" \/>\n<meta property=\"og:description\" content=\"Kit de bondage BDSM, plug gode anal, anneau vibrant pour p\u00e9nis, Vibromasseur de clitoris pour couples - H\u00e9donia\" \/>\n<meta property=\"og:url\" content=\"https:\/\/sexshop.cm\/produit\/kit-de-bondage-bdsm-plug-gode-anal-anneau-vibrant-pour-penis-vibromasseur-de-clitoris-pour-couples\/\" \/>\n<meta property=\"og:site_name\" content=\"H\u00e9donia\" \/>\n<meta property=\"article:modified_time\" content=\"2023-11-04T12:27:42+00:00\" \/>\n<meta property=\"og:image\" content=\"http:\/\/sexshop.cm\/wp-content\/uploads\/2023\/09\/Vibromasseur-de-clitoris-pour-couples-ensemble-de-bondage-BDSM-plug-gode-anal-anneau-vibrant-pour-p.jpg\" \/>\n\t<meta property=\"og:image:width\" content=\"1000\" \/>\n\t<meta property=\"og:image:height\" content=\"1000\" \/>\n\t<meta property=\"og:image:type\" content=\"image\/jpeg\" \/>\n<meta name=\"twitter:card\" content=\"summary_large_image\" \/>\n<meta name=\"twitter:label1\" content=\"Price\" \/>\n\t<meta name=\"twitter:data1\" content=\"58000&nbsp;CFA\" \/>\n\t<meta name=\"twitter:label2\" content=\"Availability\" \/>\n\t<meta name=\"twitter:data2\" content=\"In stock\" \/>\n<script type=\"application\/ld+json\" class=\"yoast-schema-graph\">{\"@context\":\"https:\/\/schema.org\",\"@graph\":[{\"@type\":\"WebPage\",\"@id\":\"https:\/\/sexshop.cm\/produit\/kit-de-bondage-bdsm-plug-gode-anal-anneau-vibrant-pour-penis-vibromasseur-de-clitoris-pour-couples\/\",\"url\":\"https:\/\/sexshop.cm\/produit\/kit-de-bondage-bdsm-plug-gode-anal-anneau-vibrant-pour-penis-vibromasseur-de-clitoris-pour-couples\/\",\"name\":\"- Achetez et Commandez Discr\u00e8tement vos Kit de bondage BDSM, plug gode anal, anneau vibrant pour p\u00e9nis, Vibromasseur de clitoris pour couples au Cameroun -\",\"isPartOf\":{\"@id\":\"https:\/\/sexshop.cm\/#website\"},\"datePublished\":\"2023-09-10T18:04:16+00:00\",\"dateModified\":\"2023-11-04T12:27:42+00:00\",\"description\":\"Commandez vos meilleurs Kit de bondage BDSM, plug gode anal, anneau vibrant pour p\u00e9nis, Vibromasseur de clitoris pour couples \u00e0 bons prix partout au Cameroun et faites vous livrer discr\u00e8tement, sur H\u00e9donia, le meilleur site de vente en ligne de sextoys au Cameroun. - Whatsapp: +237 672588687\",\"breadcrumb\":{\"@id\":\"https:\/\/sexshop.cm\/produit\/kit-de-bondage-bdsm-plug-gode-anal-anneau-vibrant-pour-penis-vibromasseur-de-clitoris-pour-couples\/#breadcrumb\"},\"inLanguage\":\"en-US\",\"potentialAction\":[{\"@type\":\"ReadAction\",\"target\":[\"https:\/\/sexshop.cm\/produit\/kit-de-bondage-bdsm-plug-gode-anal-anneau-vibrant-pour-penis-vibromasseur-de-clitoris-pour-couples\/\"]}]},{\"@type\":\"BreadcrumbList\",\"@id\":\"https:\/\/sexshop.cm\/produit\/kit-de-bondage-bdsm-plug-gode-anal-anneau-vibrant-pour-penis-vibromasseur-de-clitoris-pour-couples\/#breadcrumb\",\"itemListElement\":[{\"@type\":\"ListItem\",\"position\":1,\"name\":\"Accueil\",\"item\":\"https:\/\/sexshop.cm\/en\/online-sexshop-in-cameroon\/\"},{\"@type\":\"ListItem\",\"position\":2,\"name\":\"Shop\",\"item\":\"https:\/\/sexshop.cm\/shop\/\"},{\"@type\":\"ListItem\",\"position\":3,\"name\":\"Kit de bondage BDSM, plug gode anal, anneau vibrant pour p\u00e9nis, Vibromasseur de clitoris pour couples\"}]},{\"@type\":\"WebSite\",\"@id\":\"https:\/\/sexshop.cm\/#website\",\"url\":\"https:\/\/sexshop.cm\/\",\"name\":\"H\u00e9donia\",\"description\":\"SexShop en ligne - Boutique de sextoys et objets coquins en ligne au Cameroun\",\"publisher\":{\"@id\":\"https:\/\/sexshop.cm\/#organization\"},\"potentialAction\":[{\"@type\":\"SearchAction\",\"target\":{\"@type\":\"EntryPoint\",\"urlTemplate\":\"https:\/\/sexshop.cm\/?s={search_term_string}\"},\"query-input\":\"required name=search_term_string\"}],\"inLanguage\":\"en-US\"},{\"@type\":\"Organization\",\"@id\":\"https:\/\/sexshop.cm\/#organization\",\"name\":\"H\u00e9donia\",\"alternateName\":\"Boutique de Sextoys en ligne au Cameroun\",\"url\":\"https:\/\/sexshop.cm\/\",\"logo\":{\"@type\":\"ImageObject\",\"inLanguage\":\"en-US\",\"@id\":\"https:\/\/sexshop.cm\/#\/schema\/logo\/image\/\",\"url\":\"https:\/\/sexshop.cm\/wp-content\/uploads\/2022\/10\/logo-680-hedonia.png.200x100_q85_background-f8f9fa.png\",\"contentUrl\":\"https:\/\/sexshop.cm\/wp-content\/uploads\/2022\/10\/logo-680-hedonia.png.200x100_q85_background-f8f9fa.png\",\"width\":2222,\"height\":534,\"caption\":\"H\u00e9donia\"},\"image\":{\"@id\":\"https:\/\/sexshop.cm\/#\/schema\/logo\/image\/\"}}]}<\/script>\n<meta property=\"product:price:amount\" content=\"58000\" \/>\n<meta property=\"product:price:currency\" content=\"XAF\" \/>\n<meta property=\"og:availability\" content=\"instock\" \/>\n<meta property=\"product:availability\" content=\"instock\" \/>\n<meta property=\"product:retailer_item_id\" content=\"33010213883\" \/>\n<meta property=\"product:condition\" content=\"new\" \/>\n<!-- \/ Yoast SEO Premium plugin. -->","yoast_head_json":{"title":"- Achetez et Commandez Discr\u00e8tement vos Kit de bondage BDSM, plug gode anal, anneau vibrant pour p\u00e9nis, Vibromasseur de clitoris pour couples au Cameroun -","description":"Commandez vos meilleurs Kit de bondage BDSM, plug gode anal, anneau vibrant pour p\u00e9nis, Vibromasseur de clitoris pour couples \u00e0 bons prix partout au Cameroun et faites vous livrer discr\u00e8tement, sur H\u00e9donia, le meilleur site de vente en ligne de sextoys au Cameroun. - Whatsapp: +237 672588687","robots":{"index":"index","follow":"follow","max-snippet":"max-snippet:-1","max-image-preview":"max-image-preview:large","max-video-preview":"max-video-preview:-1"},"canonical":"https:\/\/sexshop.cm\/produit\/kit-de-bondage-bdsm-plug-gode-anal-anneau-vibrant-pour-penis-vibromasseur-de-clitoris-pour-couples\/","og_locale":"en_US","og_type":"article","og_title":"Kit de bondage BDSM, plug gode anal, anneau vibrant pour p\u00e9nis, Vibromasseur de clitoris pour couples","og_description":"Kit de bondage BDSM, plug gode anal, anneau vibrant pour p\u00e9nis, Vibromasseur de clitoris pour couples - H\u00e9donia","og_url":"https:\/\/sexshop.cm\/produit\/kit-de-bondage-bdsm-plug-gode-anal-anneau-vibrant-pour-penis-vibromasseur-de-clitoris-pour-couples\/","og_site_name":"H\u00e9donia","article_modified_time":"2023-11-04T12:27:42+00:00","og_image":[{"width":1000,"height":1000,"url":"http:\/\/sexshop.cm\/wp-content\/uploads\/2023\/09\/Vibromasseur-de-clitoris-pour-couples-ensemble-de-bondage-BDSM-plug-gode-anal-anneau-vibrant-pour-p.jpg","type":"image\/jpeg"}],"twitter_card":"summary_large_image","twitter_misc":{"Price":"58000&nbsp;CFA","Availability":"In stock"},"schema":{"@context":"https:\/\/schema.org","@graph":[{"@type":"WebPage","@id":"https:\/\/sexshop.cm\/produit\/kit-de-bondage-bdsm-plug-gode-anal-anneau-vibrant-pour-penis-vibromasseur-de-clitoris-pour-couples\/","url":"https:\/\/sexshop.cm\/produit\/kit-de-bondage-bdsm-plug-gode-anal-anneau-vibrant-pour-penis-vibromasseur-de-clitoris-pour-couples\/","name":"- Achetez et Commandez Discr\u00e8tement vos Kit de bondage BDSM, plug gode anal, anneau vibrant pour p\u00e9nis, Vibromasseur de clitoris pour couples au Cameroun -","isPartOf":{"@id":"https:\/\/sexshop.cm\/#website"},"datePublished":"2023-09-10T18:04:16+00:00","dateModified":"2023-11-04T12:27:42+00:00","description":"Commandez vos meilleurs Kit de bondage BDSM, plug gode anal, anneau vibrant pour p\u00e9nis, Vibromasseur de clitoris pour couples \u00e0 bons prix partout au Cameroun et faites vous livrer discr\u00e8tement, sur H\u00e9donia, le meilleur site de vente en ligne de sextoys au Cameroun. - Whatsapp: +237 672588687","breadcrumb":{"@id":"https:\/\/sexshop.cm\/produit\/kit-de-bondage-bdsm-plug-gode-anal-anneau-vibrant-pour-penis-vibromasseur-de-clitoris-pour-couples\/#breadcrumb"},"inLanguage":"en-US","potentialAction":[{"@type":"ReadAction","target":["https:\/\/sexshop.cm\/produit\/kit-de-bondage-bdsm-plug-gode-anal-anneau-vibrant-pour-penis-vibromasseur-de-clitoris-pour-couples\/"]}]},{"@type":"BreadcrumbList","@id":"https:\/\/sexshop.cm\/produit\/kit-de-bondage-bdsm-plug-gode-anal-anneau-vibrant-pour-penis-vibromasseur-de-clitoris-pour-couples\/#breadcrumb","itemListElement":[{"@type":"ListItem","position":1,"name":"Accueil","item":"https:\/\/sexshop.cm\/en\/online-sexshop-in-cameroon\/"},{"@type":"ListItem","position":2,"name":"Shop","item":"https:\/\/sexshop.cm\/shop\/"},{"@type":"ListItem","position":3,"name":"Kit de bondage BDSM, plug gode anal, anneau vibrant pour p\u00e9nis, Vibromasseur de clitoris pour couples"}]},{"@type":"WebSite","@id":"https:\/\/sexshop.cm\/#website","url":"https:\/\/sexshop.cm\/","name":"H\u00e9donia","description":"SexShop en ligne - Boutique de sextoys et objets coquins en ligne au Cameroun","publisher":{"@id":"https:\/\/sexshop.cm\/#organization"},"potentialAction":[{"@type":"SearchAction","target":{"@type":"EntryPoint","urlTemplate":"https:\/\/sexshop.cm\/?s={search_term_string}"},"query-input":"required name=search_term_string"}],"inLanguage":"en-US"},{"@type":"Organization","@id":"https:\/\/sexshop.cm\/#organization","name":"H\u00e9donia","alternateName":"Boutique de Sextoys en ligne au Cameroun","url":"https:\/\/sexshop.cm\/","logo":{"@type":"ImageObject","inLanguage":"en-US","@id":"https:\/\/sexshop.cm\/#\/schema\/logo\/image\/","url":"https:\/\/sexshop.cm\/wp-content\/uploads\/2022\/10\/logo-680-hedonia.png.200x100_q85_background-f8f9fa.png","contentUrl":"https:\/\/sexshop.cm\/wp-content\/uploads\/2022\/10\/logo-680-hedonia.png.200x100_q85_background-f8f9fa.png","width":2222,"height":534,"caption":"H\u00e9donia"},"image":{"@id":"https:\/\/sexshop.cm\/#\/schema\/logo\/image\/"}}]},"product_price_amount":"58000","product_price_currency":"XAF","og_availability":"instock","product_availability":"instock","product_retailer_item_id":"33010213883","product_condition":"new"},"_links":{"self":[{"href":"https:\/\/sexshop.cm\/en\/wp-json\/wp\/v2\/product\/10553"}],"collection":[{"href":"https:\/\/sexshop.cm\/en\/wp-json\/wp\/v2\/product"}],"about":[{"href":"https:\/\/sexshop.cm\/en\/wp-json\/wp\/v2\/types\/product"}],"replies":[{"embeddable":true,"href":"https:\/\/sexshop.cm\/en\/wp-json\/wp\/v2\/comments?post=10553"}],"wp:featuredmedia":[{"embeddable":true,"href":"https:\/\/sexshop.cm\/en\/wp-json\/wp\/v2\/media\/10554"}],"wp:attachment":[{"href":"https:\/\/sexshop.cm\/en\/wp-json\/wp\/v2\/media?parent=10553"}],"wp:term":[{"taxonomy":"brand","embeddable":true,"href":"https:\/\/sexshop.cm\/en\/wp-json\/wp\/v2\/etheme_brands?post=10553"},{"taxonomy":"product_cat","embeddable":true,"href":"https:\/\/sexshop.cm\/en\/wp-json\/wp\/v2\/product_cat?post=10553"},{"taxonomy":"product_tag","embeddable":true,"href":"https:\/\/sexshop.cm\/en\/wp-json\/wp\/v2\/product_tag?post=10553"}],"curies":[{"name":"wp","href":"https:\/\/api.w.org\/{rel}","templated":true}]}}