{"id":10567,"date":"2023-09-10T19:08:15","date_gmt":"2023-09-10T18:08:15","guid":{"rendered":"https:\/\/sexshop.cm\/produit\/vibromasseur-lapin-chauffant-3-en-1-pour-femme-gode-rotatif-telescopique-succion-du-clitoris\/"},"modified":"2023-11-04T13:27:12","modified_gmt":"2023-11-04T12:27:12","slug":"vibromasseur-lapin-chauffant-3-en-1-pour-femme-gode-rotatif-telescopique-succion-du-clitoris","status":"publish","type":"product","link":"https:\/\/sexshop.cm\/en\/produit\/vibromasseur-lapin-chauffant-3-en-1-pour-femme-gode-rotatif-telescopique-succion-du-clitoris\/","title":{"rendered":"Vibromasseur lapin chauffant 3 en 1 pour femme, gode rotatif t\u00e9lescopique, succion du clitoris"},"content":{"rendered":"<div class=\"detailmodule_html\">\n<div class=\"detail-desc-decorate-richtext\">\n<p><span style=\"font-size: 18px; font-family: 'times new roman', times, serif;\">Vibromasseurs suceurs jouets sexuels f\u00e9minins pour femmes adultes 18 chauffage r\u00e9tractable torsad\u00e9 Clitoris ventouse stimulateur godes vibrant<\/span><\/p>\n<p><img decoding=\"async\" src=\"https:\/\/ae01.alicdn.com\/kf\/H91407e104ac84584a7543a1e803fe60bt.jpg\" \/><img decoding=\"async\" src=\"https:\/\/ae01.alicdn.com\/kf\/H03de2d5ff065465b91bcf849a789a63ca.jpg\" \/><img decoding=\"async\" src=\"https:\/\/ae01.alicdn.com\/kf\/He7605b0e8ebd426c8cb8fca1721ab53d8.jpg\" \/><img decoding=\"async\" src=\"https:\/\/ae01.alicdn.com\/kf\/H44b5e0bbbfa744899f8573470d1e2ce5d.jpg\" \/><img decoding=\"async\" src=\"https:\/\/ae01.alicdn.com\/kf\/He24193df841948319c08dbb075690155w.jpg\" \/><img decoding=\"async\" src=\"https:\/\/ae01.alicdn.com\/kf\/Hdc9c0348073544a79a6dac90a2b17390X.jpg\" \/><img decoding=\"async\" src=\"https:\/\/ae01.alicdn.com\/kf\/H14778f87bd2740ffa9f72ef852af45adb.jpg\" \/><img decoding=\"async\" src=\"https:\/\/ae01.alicdn.com\/kf\/Hf20abfa7a2cc4159a66d7940bdf37952P.jpg\" \/><img decoding=\"async\" src=\"https:\/\/ae01.alicdn.com\/kf\/Hab44591c25904fe3ad8b636998cc21f6o.jpg\" \/><\/p>\n<\/div>\n<\/div>\n","protected":false},"excerpt":{"rendered":"<p>Vibromasseurs suceurs jouets sexuels f\u00e9minins pour femmes adultes 18 chauffage r\u00e9tractable torsad\u00e9 Clitoris ventouse stimulateur godes vibrant<\/p>\n","protected":false},"featured_media":10570,"comment_status":"open","ping_status":"closed","template":"","meta":{"_joinchat":[]},"etheme_brands":[],"product_cat":[54,63,46,53],"product_tag":[],"yoast_head":"<!-- This site is optimized with the Yoast SEO Premium plugin v19.3 (Yoast SEO v21.5) - https:\/\/yoast.com\/wordpress\/plugins\/seo\/ -->\n<title>- Achetez et Commandez Discr\u00e8tement vos Vibromasseur lapin chauffant 3 en 1 pour femme, gode rotatif t\u00e9lescopique, succion du clitoris au Cameroun -<\/title>\n<meta name=\"description\" content=\"Commandez vos meilleurs Vibromasseur lapin chauffant 3 en 1 pour femme, gode rotatif t\u00e9lescopique, succion du clitoris \u00e0 bons prix partout au Cameroun et faites vous livrer discr\u00e8tement, sur H\u00e9donia, le meilleur site de vente en ligne de sextoys au Cameroun. - Whatsapp: +237 672588687\" \/>\n<meta name=\"robots\" content=\"index, follow, max-snippet:-1, max-image-preview:large, max-video-preview:-1\" \/>\n<link rel=\"canonical\" href=\"https:\/\/sexshop.cm\/produit\/vibromasseur-lapin-chauffant-3-en-1-pour-femme-gode-rotatif-telescopique-succion-du-clitoris\/\" \/>\n<meta property=\"og:locale\" content=\"en_US\" \/>\n<meta property=\"og:type\" content=\"article\" \/>\n<meta property=\"og:title\" content=\"Vibromasseur lapin chauffant 3 en 1 pour femme, gode rotatif t\u00e9lescopique, succion du clitoris\" \/>\n<meta property=\"og:description\" content=\"Vibromasseur lapin chauffant 3 en 1 pour femme, gode rotatif t\u00e9lescopique, succion du clitoris - H\u00e9donia\" \/>\n<meta property=\"og:url\" content=\"https:\/\/sexshop.cm\/produit\/vibromasseur-lapin-chauffant-3-en-1-pour-femme-gode-rotatif-telescopique-succion-du-clitoris\/\" \/>\n<meta property=\"og:site_name\" content=\"H\u00e9donia\" \/>\n<meta property=\"article:modified_time\" content=\"2023-11-04T12:27:12+00:00\" \/>\n<meta property=\"og:image\" content=\"http:\/\/sexshop.cm\/wp-content\/uploads\/2023\/09\/Vibromasseur-lapin-chauffant-3-en-1-pour-femme-gode-rotatif-t-lescopique-succion-du-clitoris-vagin-1.jpg\" \/>\n\t<meta property=\"og:image:width\" content=\"1000\" \/>\n\t<meta property=\"og:image:height\" content=\"1000\" \/>\n\t<meta property=\"og:image:type\" content=\"image\/jpeg\" \/>\n<meta name=\"twitter:card\" content=\"summary_large_image\" \/>\n<meta name=\"twitter:label1\" content=\"Price\" \/>\n\t<meta name=\"twitter:data1\" content=\"42000&nbsp;CFA\" \/>\n\t<meta name=\"twitter:label2\" content=\"Availability\" \/>\n\t<meta name=\"twitter:data2\" content=\"In stock\" \/>\n<script type=\"application\/ld+json\" class=\"yoast-schema-graph\">{\"@context\":\"https:\/\/schema.org\",\"@graph\":[{\"@type\":\"WebPage\",\"@id\":\"https:\/\/sexshop.cm\/produit\/vibromasseur-lapin-chauffant-3-en-1-pour-femme-gode-rotatif-telescopique-succion-du-clitoris\/\",\"url\":\"https:\/\/sexshop.cm\/produit\/vibromasseur-lapin-chauffant-3-en-1-pour-femme-gode-rotatif-telescopique-succion-du-clitoris\/\",\"name\":\"- Achetez et Commandez Discr\u00e8tement vos Vibromasseur lapin chauffant 3 en 1 pour femme, gode rotatif t\u00e9lescopique, succion du clitoris au Cameroun -\",\"isPartOf\":{\"@id\":\"https:\/\/sexshop.cm\/#website\"},\"datePublished\":\"2023-09-10T18:08:15+00:00\",\"dateModified\":\"2023-11-04T12:27:12+00:00\",\"description\":\"Commandez vos meilleurs Vibromasseur lapin chauffant 3 en 1 pour femme, gode rotatif t\u00e9lescopique, succion du clitoris \u00e0 bons prix partout au Cameroun et faites vous livrer discr\u00e8tement, sur H\u00e9donia, le meilleur site de vente en ligne de sextoys au Cameroun. - Whatsapp: +237 672588687\",\"breadcrumb\":{\"@id\":\"https:\/\/sexshop.cm\/produit\/vibromasseur-lapin-chauffant-3-en-1-pour-femme-gode-rotatif-telescopique-succion-du-clitoris\/#breadcrumb\"},\"inLanguage\":\"en-US\",\"potentialAction\":[{\"@type\":\"ReadAction\",\"target\":[\"https:\/\/sexshop.cm\/produit\/vibromasseur-lapin-chauffant-3-en-1-pour-femme-gode-rotatif-telescopique-succion-du-clitoris\/\"]}]},{\"@type\":\"BreadcrumbList\",\"@id\":\"https:\/\/sexshop.cm\/produit\/vibromasseur-lapin-chauffant-3-en-1-pour-femme-gode-rotatif-telescopique-succion-du-clitoris\/#breadcrumb\",\"itemListElement\":[{\"@type\":\"ListItem\",\"position\":1,\"name\":\"Accueil\",\"item\":\"https:\/\/sexshop.cm\/en\/online-sexshop-in-cameroon\/\"},{\"@type\":\"ListItem\",\"position\":2,\"name\":\"Shop\",\"item\":\"https:\/\/sexshop.cm\/shop\/\"},{\"@type\":\"ListItem\",\"position\":3,\"name\":\"Vibromasseur lapin chauffant 3 en 1 pour femme, gode rotatif t\u00e9lescopique, succion du clitoris\"}]},{\"@type\":\"WebSite\",\"@id\":\"https:\/\/sexshop.cm\/#website\",\"url\":\"https:\/\/sexshop.cm\/\",\"name\":\"H\u00e9donia\",\"description\":\"SexShop en ligne - Boutique de sextoys et objets coquins en ligne au Cameroun\",\"publisher\":{\"@id\":\"https:\/\/sexshop.cm\/#organization\"},\"potentialAction\":[{\"@type\":\"SearchAction\",\"target\":{\"@type\":\"EntryPoint\",\"urlTemplate\":\"https:\/\/sexshop.cm\/?s={search_term_string}\"},\"query-input\":\"required name=search_term_string\"}],\"inLanguage\":\"en-US\"},{\"@type\":\"Organization\",\"@id\":\"https:\/\/sexshop.cm\/#organization\",\"name\":\"H\u00e9donia\",\"alternateName\":\"Boutique de Sextoys en ligne au Cameroun\",\"url\":\"https:\/\/sexshop.cm\/\",\"logo\":{\"@type\":\"ImageObject\",\"inLanguage\":\"en-US\",\"@id\":\"https:\/\/sexshop.cm\/#\/schema\/logo\/image\/\",\"url\":\"https:\/\/sexshop.cm\/wp-content\/uploads\/2022\/10\/logo-680-hedonia.png.200x100_q85_background-f8f9fa.png\",\"contentUrl\":\"https:\/\/sexshop.cm\/wp-content\/uploads\/2022\/10\/logo-680-hedonia.png.200x100_q85_background-f8f9fa.png\",\"width\":2222,\"height\":534,\"caption\":\"H\u00e9donia\"},\"image\":{\"@id\":\"https:\/\/sexshop.cm\/#\/schema\/logo\/image\/\"}}]}<\/script>\n<meta property=\"product:price:amount\" content=\"42000\" \/>\n<meta property=\"product:price:currency\" content=\"XAF\" \/>\n<meta property=\"og:availability\" content=\"instock\" \/>\n<meta property=\"product:availability\" content=\"instock\" \/>\n<meta property=\"product:retailer_item_id\" content=\"1005003367619251\" \/>\n<meta property=\"product:condition\" content=\"new\" \/>\n<!-- \/ Yoast SEO Premium plugin. -->","yoast_head_json":{"title":"- Achetez et Commandez Discr\u00e8tement vos Vibromasseur lapin chauffant 3 en 1 pour femme, gode rotatif t\u00e9lescopique, succion du clitoris au Cameroun -","description":"Commandez vos meilleurs Vibromasseur lapin chauffant 3 en 1 pour femme, gode rotatif t\u00e9lescopique, succion du clitoris \u00e0 bons prix partout au Cameroun et faites vous livrer discr\u00e8tement, sur H\u00e9donia, le meilleur site de vente en ligne de sextoys au Cameroun. - Whatsapp: +237 672588687","robots":{"index":"index","follow":"follow","max-snippet":"max-snippet:-1","max-image-preview":"max-image-preview:large","max-video-preview":"max-video-preview:-1"},"canonical":"https:\/\/sexshop.cm\/produit\/vibromasseur-lapin-chauffant-3-en-1-pour-femme-gode-rotatif-telescopique-succion-du-clitoris\/","og_locale":"en_US","og_type":"article","og_title":"Vibromasseur lapin chauffant 3 en 1 pour femme, gode rotatif t\u00e9lescopique, succion du clitoris","og_description":"Vibromasseur lapin chauffant 3 en 1 pour femme, gode rotatif t\u00e9lescopique, succion du clitoris - H\u00e9donia","og_url":"https:\/\/sexshop.cm\/produit\/vibromasseur-lapin-chauffant-3-en-1-pour-femme-gode-rotatif-telescopique-succion-du-clitoris\/","og_site_name":"H\u00e9donia","article_modified_time":"2023-11-04T12:27:12+00:00","og_image":[{"width":1000,"height":1000,"url":"http:\/\/sexshop.cm\/wp-content\/uploads\/2023\/09\/Vibromasseur-lapin-chauffant-3-en-1-pour-femme-gode-rotatif-t-lescopique-succion-du-clitoris-vagin-1.jpg","type":"image\/jpeg"}],"twitter_card":"summary_large_image","twitter_misc":{"Price":"42000&nbsp;CFA","Availability":"In stock"},"schema":{"@context":"https:\/\/schema.org","@graph":[{"@type":"WebPage","@id":"https:\/\/sexshop.cm\/produit\/vibromasseur-lapin-chauffant-3-en-1-pour-femme-gode-rotatif-telescopique-succion-du-clitoris\/","url":"https:\/\/sexshop.cm\/produit\/vibromasseur-lapin-chauffant-3-en-1-pour-femme-gode-rotatif-telescopique-succion-du-clitoris\/","name":"- Achetez et Commandez Discr\u00e8tement vos Vibromasseur lapin chauffant 3 en 1 pour femme, gode rotatif t\u00e9lescopique, succion du clitoris au Cameroun -","isPartOf":{"@id":"https:\/\/sexshop.cm\/#website"},"datePublished":"2023-09-10T18:08:15+00:00","dateModified":"2023-11-04T12:27:12+00:00","description":"Commandez vos meilleurs Vibromasseur lapin chauffant 3 en 1 pour femme, gode rotatif t\u00e9lescopique, succion du clitoris \u00e0 bons prix partout au Cameroun et faites vous livrer discr\u00e8tement, sur H\u00e9donia, le meilleur site de vente en ligne de sextoys au Cameroun. - Whatsapp: +237 672588687","breadcrumb":{"@id":"https:\/\/sexshop.cm\/produit\/vibromasseur-lapin-chauffant-3-en-1-pour-femme-gode-rotatif-telescopique-succion-du-clitoris\/#breadcrumb"},"inLanguage":"en-US","potentialAction":[{"@type":"ReadAction","target":["https:\/\/sexshop.cm\/produit\/vibromasseur-lapin-chauffant-3-en-1-pour-femme-gode-rotatif-telescopique-succion-du-clitoris\/"]}]},{"@type":"BreadcrumbList","@id":"https:\/\/sexshop.cm\/produit\/vibromasseur-lapin-chauffant-3-en-1-pour-femme-gode-rotatif-telescopique-succion-du-clitoris\/#breadcrumb","itemListElement":[{"@type":"ListItem","position":1,"name":"Accueil","item":"https:\/\/sexshop.cm\/en\/online-sexshop-in-cameroon\/"},{"@type":"ListItem","position":2,"name":"Shop","item":"https:\/\/sexshop.cm\/shop\/"},{"@type":"ListItem","position":3,"name":"Vibromasseur lapin chauffant 3 en 1 pour femme, gode rotatif t\u00e9lescopique, succion du clitoris"}]},{"@type":"WebSite","@id":"https:\/\/sexshop.cm\/#website","url":"https:\/\/sexshop.cm\/","name":"H\u00e9donia","description":"SexShop en ligne - Boutique de sextoys et objets coquins en ligne au Cameroun","publisher":{"@id":"https:\/\/sexshop.cm\/#organization"},"potentialAction":[{"@type":"SearchAction","target":{"@type":"EntryPoint","urlTemplate":"https:\/\/sexshop.cm\/?s={search_term_string}"},"query-input":"required name=search_term_string"}],"inLanguage":"en-US"},{"@type":"Organization","@id":"https:\/\/sexshop.cm\/#organization","name":"H\u00e9donia","alternateName":"Boutique de Sextoys en ligne au Cameroun","url":"https:\/\/sexshop.cm\/","logo":{"@type":"ImageObject","inLanguage":"en-US","@id":"https:\/\/sexshop.cm\/#\/schema\/logo\/image\/","url":"https:\/\/sexshop.cm\/wp-content\/uploads\/2022\/10\/logo-680-hedonia.png.200x100_q85_background-f8f9fa.png","contentUrl":"https:\/\/sexshop.cm\/wp-content\/uploads\/2022\/10\/logo-680-hedonia.png.200x100_q85_background-f8f9fa.png","width":2222,"height":534,"caption":"H\u00e9donia"},"image":{"@id":"https:\/\/sexshop.cm\/#\/schema\/logo\/image\/"}}]},"product_price_amount":"42000","product_price_currency":"XAF","og_availability":"instock","product_availability":"instock","product_retailer_item_id":"1005003367619251","product_condition":"new"},"_links":{"self":[{"href":"https:\/\/sexshop.cm\/en\/wp-json\/wp\/v2\/product\/10567"}],"collection":[{"href":"https:\/\/sexshop.cm\/en\/wp-json\/wp\/v2\/product"}],"about":[{"href":"https:\/\/sexshop.cm\/en\/wp-json\/wp\/v2\/types\/product"}],"replies":[{"embeddable":true,"href":"https:\/\/sexshop.cm\/en\/wp-json\/wp\/v2\/comments?post=10567"}],"wp:featuredmedia":[{"embeddable":true,"href":"https:\/\/sexshop.cm\/en\/wp-json\/wp\/v2\/media\/10570"}],"wp:attachment":[{"href":"https:\/\/sexshop.cm\/en\/wp-json\/wp\/v2\/media?parent=10567"}],"wp:term":[{"taxonomy":"brand","embeddable":true,"href":"https:\/\/sexshop.cm\/en\/wp-json\/wp\/v2\/etheme_brands?post=10567"},{"taxonomy":"product_cat","embeddable":true,"href":"https:\/\/sexshop.cm\/en\/wp-json\/wp\/v2\/product_cat?post=10567"},{"taxonomy":"product_tag","embeddable":true,"href":"https:\/\/sexshop.cm\/en\/wp-json\/wp\/v2\/product_tag?post=10567"}],"curies":[{"name":"wp","href":"https:\/\/api.w.org\/{rel}","templated":true}]}}