{"id":10581,"date":"2023-09-10T19:19:28","date_gmt":"2023-09-10T18:19:28","guid":{"rendered":"https:\/\/sexshop.cm\/produit\/vibromasseur-telescopique-sans-fil-avec-ventouse-pour-femme-bite-telecommandee\/"},"modified":"2025-05-24T11:29:16","modified_gmt":"2025-05-24T10:29:16","slug":"vibromasseur-telescopique-sans-fil-avec-ventouse-pour-femme-bite-telecommandee","status":"publish","type":"product","link":"https:\/\/sexshop.cm\/en\/produit\/vibromasseur-telescopique-sans-fil-avec-ventouse-pour-femme-bite-telecommandee\/","title":{"rendered":"Penis realiste t\u00e9lescopique sans fil avec ventouse pour femme, t\u00e9l\u00e9command\u00e9"},"content":{"rendered":"<div class=\"detailmodule_html\">\n<div class=\"detail-desc-decorate-richtext\">\n<div class=\"detailmodule_html\" style=\"font-family: 'Open Sans', Roboto, Arial, Helvetica, sans-serif, SimSun; font-size: 14px; font-weight: 400; letter-spacing: normal; text-align: start; white-space: normal; color: #222222; background-color: #ffffff; margin: 0px; padding: 0px; box-sizing: content-box;\" align=\"start\">\n<div class=\"detail-desc-decorate-richtext\" style=\"margin: 0px; padding: 0px; box-sizing: content-box;\">\n<div class=\"detailmodule_html\" style=\"margin: 0px; padding: 0px; box-sizing: content-box;\">\n<div class=\"detail-desc-decorate-richtext\" style=\"margin: 0px; padding: 0px; box-sizing: content-box;\">\n<div class=\"detailmodule_html\" style=\"margin: 0px; padding: 0px; box-sizing: content-box;\">\n<div class=\"detail-desc-decorate-richtext\" style=\"margin: 0px; padding: 0px; box-sizing: content-box;\">\n<div class=\"detailmodule_html\" style=\"margin: 0px; padding: 0px; box-sizing: content-box;\">\n<div class=\"detail-desc-decorate-richtext\" style=\"margin: 0px; padding: 0px; box-sizing: content-box;\">\n<div class=\"detailmodule_html\" style=\"margin: 0px; padding: 0px; box-sizing: content-box;\">\n<div class=\"detail-desc-decorate-richtext\" style=\"margin: 0px; padding: 0px; box-sizing: content-box;\">\n<div class=\"detailmodule_html\" style=\"margin: 0px; padding: 0px; box-sizing: content-box;\">\n<div class=\"detail-desc-decorate-richtext\" style=\"margin: 0px; padding: 0px; box-sizing: content-box;\">\n<div style=\"margin: 0px; padding: 0px; box-sizing: content-box;\">\n<div style=\"text-align: center; margin: 0px; padding: 0px; box-sizing: content-box;\" align=\"center\"><\/div>\n<div style=\"text-align: center; margin: 0px; padding: 0px; box-sizing: content-box;\" align=\"center\"><\/div>\n<\/div>\n<\/div>\n<\/div>\n<div style=\"margin: 0px; padding: 0px; box-sizing: content-box;\"><\/div>\n<\/div>\n<\/div>\n<\/div>\n<\/div>\n<\/div>\n<\/div>\n<\/div>\n<\/div>\n<\/div>\n<\/div>\n<p style=\"font-family: 'Open Sans', Roboto, Arial, Helvetica, sans-serif, SimSun; font-size: 14px; font-weight: 400; letter-spacing: normal; line-height: inherit; text-align: start; white-space: normal; color: #222222; background-color: #ffffff; margin: 0px; padding: 0px; box-sizing: border-box;\" align=\"start\"><img decoding=\"async\" style=\"border: 0px; margin: 0px; padding: 0px; max-width: 100%; box-sizing: border-box;\" src=\"https:\/\/ae01.alicdn.com\/kf\/See3afd53fe3644ac8a86b86ff39b6b08P.jpg\" \/><img decoding=\"async\" style=\"border: 0px; margin: 0px; padding: 0px; max-width: 100%; box-sizing: border-box;\" src=\"https:\/\/ae01.alicdn.com\/kf\/S534df1937379486aa76cf3300e735cf4k.gif\" \/><img decoding=\"async\" style=\"border: 0px; margin: 0px; padding: 0px; max-width: 100%; box-sizing: border-box;\" src=\"https:\/\/ae01.alicdn.com\/kf\/Sa3670ed1692a4c54aa1c261ffc066565u.gif\" \/><img decoding=\"async\" style=\"border: 0px; margin: 0px; padding: 0px; max-width: 100%; box-sizing: border-box;\" src=\"https:\/\/ae01.alicdn.com\/kf\/Sac6e3c139d2a4520bc5d726da45d2950G.gif\" \/><img decoding=\"async\" style=\"border: 0px; margin: 0px; padding: 0px; max-width: 100%; box-sizing: border-box;\" src=\"https:\/\/ae01.alicdn.com\/kf\/S9ff7cfa9a1d64f2f8039a29668d12fcfH.gif\" \/><img decoding=\"async\" style=\"border: 0px; margin: 0px; padding: 0px; max-width: 100%; box-sizing: border-box;\" src=\"https:\/\/ae01.alicdn.com\/kf\/Se12ad962de7549e8bca9db2977f16c77A.gif\" \/><img decoding=\"async\" style=\"border: 0px; margin: 0px; padding: 0px; max-width: 100%; box-sizing: border-box;\" src=\"https:\/\/ae01.alicdn.com\/kf\/S713d25f2b30a4ea3a83c11437f4f8b6cG.gif\" \/><img decoding=\"async\" style=\"border: 0px; margin: 0px; padding: 0px; max-width: 100%; box-sizing: border-box;\" src=\"https:\/\/ae01.alicdn.com\/kf\/S740a2d18b41b467a8ad3a4ea2cade035z.gif\" \/><img decoding=\"async\" style=\"border: 0px; margin: 0px; padding: 0px; max-width: 100%; box-sizing: border-box;\" src=\"https:\/\/ae01.alicdn.com\/kf\/S0f5650db24404044bc6026ea7ca02f70l.gif\" \/><img decoding=\"async\" style=\"border: 0px; margin: 0px; padding: 0px; max-width: 100%; box-sizing: border-box;\" src=\"https:\/\/ae01.alicdn.com\/kf\/Sf01e085212324e349a57f9057207613fs.gif\" \/><img decoding=\"async\" style=\"border: 0px; margin: 0px; padding: 0px; max-width: 100%; box-sizing: border-box;\" src=\"https:\/\/ae01.alicdn.com\/kf\/S206d05f4ae33436caf47d53201272c70W.gif\" \/><img decoding=\"async\" style=\"border: 0px; margin: 0px; padding: 0px; max-width: 100%; box-sizing: border-box;\" src=\"https:\/\/ae01.alicdn.com\/kf\/S26d66f8f470d45b1bad536c33868eeb9p.gif\" \/><img decoding=\"async\" style=\"border: 0px; margin: 0px; padding: 0px; max-width: 100%; box-sizing: border-box;\" src=\"https:\/\/ae01.alicdn.com\/kf\/Sde9c1ff03e064e5ab890b6100f679172o.gif\" \/><img decoding=\"async\" style=\"border: 0px; margin: 0px; padding: 0px; max-width: 100%; box-sizing: border-box;\" src=\"https:\/\/ae01.alicdn.com\/kf\/S9e26d8413f8b4b0a89c725b10ec951b8C.jpg\" \/><img decoding=\"async\" style=\"border: 0px; margin: 0px; padding: 0px; max-width: 100%; box-sizing: border-box;\" src=\"https:\/\/ae01.alicdn.com\/kf\/Sfd17ab6a49774e3490d9f9a2f28e73072.jpg\" \/><img decoding=\"async\" style=\"border: 0px; margin: 0px; padding: 0px; max-width: 100%; box-sizing: border-box;\" src=\"https:\/\/ae01.alicdn.com\/kf\/Se5afc9f8e6b64b19ae0b36f1a593c72cM.jpg\" \/><img decoding=\"async\" style=\"border: 0px; margin: 0px; padding: 0px; max-width: 100%; box-sizing: border-box;\" src=\"https:\/\/ae01.alicdn.com\/kf\/Se38b8bf1ff434afa97bbad132302270fW.jpg\" \/><img decoding=\"async\" style=\"border: 0px; margin: 0px; padding: 0px; max-width: 100%; box-sizing: border-box;\" src=\"https:\/\/ae01.alicdn.com\/kf\/S72508bf59ae14575970c29c0293ffd59l.jpg\" \/><\/p>\n<\/div>\n<\/div>\n","protected":false},"excerpt":{"rendered":"","protected":false},"featured_media":10588,"comment_status":"open","ping_status":"closed","template":"","meta":{"_joinchat":[]},"etheme_brands":[],"product_cat":[54,63,46],"product_tag":[],"yoast_head":"<!-- This site is optimized with the Yoast SEO Premium plugin v19.3 (Yoast SEO v21.5) - https:\/\/yoast.com\/wordpress\/plugins\/seo\/ -->\n<title>- Achetez et Commandez Discr\u00e8tement vos Penis realiste t\u00e9lescopique sans fil avec ventouse pour femme, t\u00e9l\u00e9command\u00e9 au Cameroun -<\/title>\n<meta name=\"description\" content=\"Commandez vos meilleurs Penis realiste t\u00e9lescopique sans fil avec ventouse pour femme, t\u00e9l\u00e9command\u00e9 \u00e0 bons prix partout au Cameroun et faites vous livrer discr\u00e8tement, sur H\u00e9donia, le meilleur site de vente en ligne de sextoys au Cameroun. - Whatsapp: +237 672588687\" \/>\n<meta name=\"robots\" content=\"index, follow, max-snippet:-1, max-image-preview:large, max-video-preview:-1\" \/>\n<link rel=\"canonical\" href=\"https:\/\/sexshop.cm\/produit\/vibromasseur-telescopique-sans-fil-avec-ventouse-pour-femme-bite-telecommandee\/\" \/>\n<meta property=\"og:locale\" content=\"en_US\" \/>\n<meta property=\"og:type\" content=\"article\" \/>\n<meta property=\"og:title\" content=\"Penis realiste t\u00e9lescopique sans fil avec ventouse pour femme, t\u00e9l\u00e9command\u00e9\" \/>\n<meta property=\"og:description\" content=\"Penis realiste t\u00e9lescopique sans fil avec ventouse pour femme, t\u00e9l\u00e9command\u00e9 - H\u00e9donia\" \/>\n<meta property=\"og:url\" content=\"https:\/\/sexshop.cm\/produit\/vibromasseur-telescopique-sans-fil-avec-ventouse-pour-femme-bite-telecommandee\/\" \/>\n<meta property=\"og:site_name\" content=\"H\u00e9donia\" \/>\n<meta property=\"article:modified_time\" content=\"2025-05-24T10:29:16+00:00\" \/>\n<meta property=\"og:image\" content=\"http:\/\/sexshop.cm\/wp-content\/uploads\/2023\/09\/Vibromasseur-t-lescopique-sans-fil-avec-ventouse-pour-femme-gode-r-aliste-p-nis-chauffant-bite-3.jpg\" \/>\n\t<meta property=\"og:image:width\" content=\"800\" \/>\n\t<meta property=\"og:image:height\" content=\"800\" \/>\n\t<meta property=\"og:image:type\" content=\"image\/jpeg\" \/>\n<meta name=\"twitter:card\" content=\"summary_large_image\" \/>\n<meta name=\"twitter:label1\" content=\"Price\" \/>\n\t<meta name=\"twitter:data1\" content=\"40000&nbsp;CFA\" \/>\n\t<meta name=\"twitter:label2\" content=\"Availability\" \/>\n\t<meta name=\"twitter:data2\" content=\"In stock\" \/>\n<script type=\"application\/ld+json\" class=\"yoast-schema-graph\">{\"@context\":\"https:\/\/schema.org\",\"@graph\":[{\"@type\":\"WebPage\",\"@id\":\"https:\/\/sexshop.cm\/produit\/vibromasseur-telescopique-sans-fil-avec-ventouse-pour-femme-bite-telecommandee\/\",\"url\":\"https:\/\/sexshop.cm\/produit\/vibromasseur-telescopique-sans-fil-avec-ventouse-pour-femme-bite-telecommandee\/\",\"name\":\"- Achetez et Commandez Discr\u00e8tement vos Penis realiste t\u00e9lescopique sans fil avec ventouse pour femme, t\u00e9l\u00e9command\u00e9 au Cameroun -\",\"isPartOf\":{\"@id\":\"https:\/\/sexshop.cm\/#website\"},\"datePublished\":\"2023-09-10T18:19:28+00:00\",\"dateModified\":\"2025-05-24T10:29:16+00:00\",\"description\":\"Commandez vos meilleurs Penis realiste t\u00e9lescopique sans fil avec ventouse pour femme, t\u00e9l\u00e9command\u00e9 \u00e0 bons prix partout au Cameroun et faites vous livrer discr\u00e8tement, sur H\u00e9donia, le meilleur site de vente en ligne de sextoys au Cameroun. - Whatsapp: +237 672588687\",\"breadcrumb\":{\"@id\":\"https:\/\/sexshop.cm\/produit\/vibromasseur-telescopique-sans-fil-avec-ventouse-pour-femme-bite-telecommandee\/#breadcrumb\"},\"inLanguage\":\"en-US\",\"potentialAction\":[{\"@type\":\"ReadAction\",\"target\":[\"https:\/\/sexshop.cm\/produit\/vibromasseur-telescopique-sans-fil-avec-ventouse-pour-femme-bite-telecommandee\/\"]}]},{\"@type\":\"BreadcrumbList\",\"@id\":\"https:\/\/sexshop.cm\/produit\/vibromasseur-telescopique-sans-fil-avec-ventouse-pour-femme-bite-telecommandee\/#breadcrumb\",\"itemListElement\":[{\"@type\":\"ListItem\",\"position\":1,\"name\":\"Accueil\",\"item\":\"https:\/\/sexshop.cm\/en\/online-sexshop-in-cameroon\/\"},{\"@type\":\"ListItem\",\"position\":2,\"name\":\"Shop\",\"item\":\"https:\/\/sexshop.cm\/shop\/\"},{\"@type\":\"ListItem\",\"position\":3,\"name\":\"Penis realiste t\u00e9lescopique sans fil avec ventouse pour femme, t\u00e9l\u00e9command\u00e9\"}]},{\"@type\":\"WebSite\",\"@id\":\"https:\/\/sexshop.cm\/#website\",\"url\":\"https:\/\/sexshop.cm\/\",\"name\":\"H\u00e9donia\",\"description\":\"SexShop en ligne - Boutique de sextoys et objets coquins en ligne au Cameroun\",\"publisher\":{\"@id\":\"https:\/\/sexshop.cm\/#organization\"},\"potentialAction\":[{\"@type\":\"SearchAction\",\"target\":{\"@type\":\"EntryPoint\",\"urlTemplate\":\"https:\/\/sexshop.cm\/?s={search_term_string}\"},\"query-input\":\"required name=search_term_string\"}],\"inLanguage\":\"en-US\"},{\"@type\":\"Organization\",\"@id\":\"https:\/\/sexshop.cm\/#organization\",\"name\":\"H\u00e9donia\",\"alternateName\":\"Boutique de Sextoys en ligne au Cameroun\",\"url\":\"https:\/\/sexshop.cm\/\",\"logo\":{\"@type\":\"ImageObject\",\"inLanguage\":\"en-US\",\"@id\":\"https:\/\/sexshop.cm\/#\/schema\/logo\/image\/\",\"url\":\"https:\/\/sexshop.cm\/wp-content\/uploads\/2022\/10\/logo-680-hedonia.png.200x100_q85_background-f8f9fa.png\",\"contentUrl\":\"https:\/\/sexshop.cm\/wp-content\/uploads\/2022\/10\/logo-680-hedonia.png.200x100_q85_background-f8f9fa.png\",\"width\":2222,\"height\":534,\"caption\":\"H\u00e9donia\"},\"image\":{\"@id\":\"https:\/\/sexshop.cm\/#\/schema\/logo\/image\/\"}}]}<\/script>\n<meta property=\"product:price:amount\" content=\"40000\" \/>\n<meta property=\"product:price:currency\" content=\"XAF\" \/>\n<meta property=\"og:availability\" content=\"instock\" \/>\n<meta property=\"product:availability\" content=\"instock\" \/>\n<meta property=\"product:retailer_item_id\" content=\"1005005593751807\" \/>\n<meta property=\"product:condition\" content=\"new\" \/>\n<!-- \/ Yoast SEO Premium plugin. -->","yoast_head_json":{"title":"- Achetez et Commandez Discr\u00e8tement vos Penis realiste t\u00e9lescopique sans fil avec ventouse pour femme, t\u00e9l\u00e9command\u00e9 au Cameroun -","description":"Commandez vos meilleurs Penis realiste t\u00e9lescopique sans fil avec ventouse pour femme, t\u00e9l\u00e9command\u00e9 \u00e0 bons prix partout au Cameroun et faites vous livrer discr\u00e8tement, sur H\u00e9donia, le meilleur site de vente en ligne de sextoys au Cameroun. - Whatsapp: +237 672588687","robots":{"index":"index","follow":"follow","max-snippet":"max-snippet:-1","max-image-preview":"max-image-preview:large","max-video-preview":"max-video-preview:-1"},"canonical":"https:\/\/sexshop.cm\/produit\/vibromasseur-telescopique-sans-fil-avec-ventouse-pour-femme-bite-telecommandee\/","og_locale":"en_US","og_type":"article","og_title":"Penis realiste t\u00e9lescopique sans fil avec ventouse pour femme, t\u00e9l\u00e9command\u00e9","og_description":"Penis realiste t\u00e9lescopique sans fil avec ventouse pour femme, t\u00e9l\u00e9command\u00e9 - H\u00e9donia","og_url":"https:\/\/sexshop.cm\/produit\/vibromasseur-telescopique-sans-fil-avec-ventouse-pour-femme-bite-telecommandee\/","og_site_name":"H\u00e9donia","article_modified_time":"2025-05-24T10:29:16+00:00","og_image":[{"width":800,"height":800,"url":"http:\/\/sexshop.cm\/wp-content\/uploads\/2023\/09\/Vibromasseur-t-lescopique-sans-fil-avec-ventouse-pour-femme-gode-r-aliste-p-nis-chauffant-bite-3.jpg","type":"image\/jpeg"}],"twitter_card":"summary_large_image","twitter_misc":{"Price":"40000&nbsp;CFA","Availability":"In stock"},"schema":{"@context":"https:\/\/schema.org","@graph":[{"@type":"WebPage","@id":"https:\/\/sexshop.cm\/produit\/vibromasseur-telescopique-sans-fil-avec-ventouse-pour-femme-bite-telecommandee\/","url":"https:\/\/sexshop.cm\/produit\/vibromasseur-telescopique-sans-fil-avec-ventouse-pour-femme-bite-telecommandee\/","name":"- Achetez et Commandez Discr\u00e8tement vos Penis realiste t\u00e9lescopique sans fil avec ventouse pour femme, t\u00e9l\u00e9command\u00e9 au Cameroun -","isPartOf":{"@id":"https:\/\/sexshop.cm\/#website"},"datePublished":"2023-09-10T18:19:28+00:00","dateModified":"2025-05-24T10:29:16+00:00","description":"Commandez vos meilleurs Penis realiste t\u00e9lescopique sans fil avec ventouse pour femme, t\u00e9l\u00e9command\u00e9 \u00e0 bons prix partout au Cameroun et faites vous livrer discr\u00e8tement, sur H\u00e9donia, le meilleur site de vente en ligne de sextoys au Cameroun. - Whatsapp: +237 672588687","breadcrumb":{"@id":"https:\/\/sexshop.cm\/produit\/vibromasseur-telescopique-sans-fil-avec-ventouse-pour-femme-bite-telecommandee\/#breadcrumb"},"inLanguage":"en-US","potentialAction":[{"@type":"ReadAction","target":["https:\/\/sexshop.cm\/produit\/vibromasseur-telescopique-sans-fil-avec-ventouse-pour-femme-bite-telecommandee\/"]}]},{"@type":"BreadcrumbList","@id":"https:\/\/sexshop.cm\/produit\/vibromasseur-telescopique-sans-fil-avec-ventouse-pour-femme-bite-telecommandee\/#breadcrumb","itemListElement":[{"@type":"ListItem","position":1,"name":"Accueil","item":"https:\/\/sexshop.cm\/en\/online-sexshop-in-cameroon\/"},{"@type":"ListItem","position":2,"name":"Shop","item":"https:\/\/sexshop.cm\/shop\/"},{"@type":"ListItem","position":3,"name":"Penis realiste t\u00e9lescopique sans fil avec ventouse pour femme, t\u00e9l\u00e9command\u00e9"}]},{"@type":"WebSite","@id":"https:\/\/sexshop.cm\/#website","url":"https:\/\/sexshop.cm\/","name":"H\u00e9donia","description":"SexShop en ligne - Boutique de sextoys et objets coquins en ligne au Cameroun","publisher":{"@id":"https:\/\/sexshop.cm\/#organization"},"potentialAction":[{"@type":"SearchAction","target":{"@type":"EntryPoint","urlTemplate":"https:\/\/sexshop.cm\/?s={search_term_string}"},"query-input":"required name=search_term_string"}],"inLanguage":"en-US"},{"@type":"Organization","@id":"https:\/\/sexshop.cm\/#organization","name":"H\u00e9donia","alternateName":"Boutique de Sextoys en ligne au Cameroun","url":"https:\/\/sexshop.cm\/","logo":{"@type":"ImageObject","inLanguage":"en-US","@id":"https:\/\/sexshop.cm\/#\/schema\/logo\/image\/","url":"https:\/\/sexshop.cm\/wp-content\/uploads\/2022\/10\/logo-680-hedonia.png.200x100_q85_background-f8f9fa.png","contentUrl":"https:\/\/sexshop.cm\/wp-content\/uploads\/2022\/10\/logo-680-hedonia.png.200x100_q85_background-f8f9fa.png","width":2222,"height":534,"caption":"H\u00e9donia"},"image":{"@id":"https:\/\/sexshop.cm\/#\/schema\/logo\/image\/"}}]},"product_price_amount":"40000","product_price_currency":"XAF","og_availability":"instock","product_availability":"instock","product_retailer_item_id":"1005005593751807","product_condition":"new"},"_links":{"self":[{"href":"https:\/\/sexshop.cm\/en\/wp-json\/wp\/v2\/product\/10581"}],"collection":[{"href":"https:\/\/sexshop.cm\/en\/wp-json\/wp\/v2\/product"}],"about":[{"href":"https:\/\/sexshop.cm\/en\/wp-json\/wp\/v2\/types\/product"}],"replies":[{"embeddable":true,"href":"https:\/\/sexshop.cm\/en\/wp-json\/wp\/v2\/comments?post=10581"}],"wp:featuredmedia":[{"embeddable":true,"href":"https:\/\/sexshop.cm\/en\/wp-json\/wp\/v2\/media\/10588"}],"wp:attachment":[{"href":"https:\/\/sexshop.cm\/en\/wp-json\/wp\/v2\/media?parent=10581"}],"wp:term":[{"taxonomy":"brand","embeddable":true,"href":"https:\/\/sexshop.cm\/en\/wp-json\/wp\/v2\/etheme_brands?post=10581"},{"taxonomy":"product_cat","embeddable":true,"href":"https:\/\/sexshop.cm\/en\/wp-json\/wp\/v2\/product_cat?post=10581"},{"taxonomy":"product_tag","embeddable":true,"href":"https:\/\/sexshop.cm\/en\/wp-json\/wp\/v2\/product_tag?post=10581"}],"curies":[{"name":"wp","href":"https:\/\/api.w.org\/{rel}","templated":true}]}}