{"id":10601,"date":"2023-09-10T19:23:17","date_gmt":"2023-09-10T18:23:17","guid":{"rendered":"https:\/\/sexshop.cm\/produit\/vobromasseur-multifonction-pour-femmes-baguette-magique-et-gode\/"},"modified":"2023-11-04T13:21:09","modified_gmt":"2023-11-04T12:21:09","slug":"vobromasseur-multifonction-pour-femmes-baguette-magique-et-gode","status":"publish","type":"product","link":"https:\/\/sexshop.cm\/en\/produit\/vobromasseur-multifonction-pour-femmes-baguette-magique-et-gode\/","title":{"rendered":"Vobromasseur Multifonction pour femmes (baguette magique et gode)"},"content":{"rendered":"<div class=\"detailmodule_html\">\n<div class=\"detail-desc-decorate-richtext\">\n<p>\u00a0<\/p>\n<div style=\"font-family: 'Open Sans', Roboto, Arial, Helvetica, sans-serif, SimSun; font-size: 14px; font-weight: 400; letter-spacing: normal; text-align: start; white-space: normal; color: #222222; background-color: #ffffff; margin: 0px; padding: 0px; box-sizing: content-box;\" align=\"start\">\n<p id=\"tl_1\" class=\"detail-desc-decorate-content\" style=\"font-family: opensans; font-size: 14px; font-weight: 300; line-height: 20px; white-space: pre-wrap; color: #000000; margin: 0px 0px 12px 0px; padding: 0px; box-sizing: border-box;\">La t\u00eate peut \u00eatre mass\u00e9e sur tout le corps pour soulager la fatigue, et la queue peut \u00eatre ins\u00e9r\u00e9e dans le massage<\/p>\n<p class=\"detail-desc-decorate-content\" style=\"font-family: opensans; font-size: 14px; font-weight: 300; line-height: 20px; white-space: pre-wrap; color: #000000; margin: 0px 0px 12px 0px; padding: 0px; box-sizing: border-box;\"><img decoding=\"async\" style=\"border: 0px; margin: 0px; padding: 0px; max-width: 100%; box-sizing: border-box;\" src=\"https:\/\/ae01.alicdn.com\/kf\/S95af9ac8adc54924938820ecff17ec1df.gif\" \/><img decoding=\"async\" style=\"border: 0px; margin: 0px; padding: 0px; max-width: 100%; box-sizing: border-box;\" src=\"https:\/\/ae01.alicdn.com\/kf\/Saf79dfa499ad4eb28ab4edc923370a0dx.gif\" \/><\/p>\n<div style=\"margin: 0px; padding: 0px; box-sizing: content-box;\"><img decoding=\"async\" style=\"border: 0px; margin: 0px; padding: 0px; max-width: 100%; box-sizing: border-box;\" src=\"https:\/\/ae01.alicdn.com\/kf\/S67d62b5eae5644b4b63b669fb3b4ee99u.jpg\" \/><br \/><img decoding=\"async\" style=\"border: 0px; margin: 0px; padding: 0px; max-width: 100%; box-sizing: border-box;\" src=\"https:\/\/ae01.alicdn.com\/kf\/Sde9ea424a06a4db38ab06611cd375a842.jpg\" \/><\/div>\n<\/div>\n<div style=\"font-family: 'Open Sans', Roboto, Arial, Helvetica, sans-serif, SimSun; font-size: 14px; font-weight: 400; letter-spacing: normal; text-align: start; white-space: normal; color: #222222; background-color: #ffffff; margin: 0px; padding: 0px; box-sizing: content-box;\" align=\"start\">\n<p id=\"tl_1\" class=\"detail-desc-decorate-title\" style=\"font-family: opensans; font-size: 20px; font-weight: 900; line-height: 28px; white-space: pre-wrap; color: #000000; margin: 0px 0px 12px 0px; padding: 0px; box-sizing: border-box;\"><img decoding=\"async\" style=\"border: 0px; margin: 0px; padding: 0px; max-width: 100%; box-sizing: border-box;\" src=\"https:\/\/ae01.alicdn.com\/kf\/S5914357149f54c39924e05d69b13148fT.gif\" \/><img decoding=\"async\" style=\"border: 0px; margin: 0px; padding: 0px; max-width: 100%; box-sizing: border-box;\" src=\"https:\/\/ae01.alicdn.com\/kf\/Sa65192813b8a4eeba2dbdeced17c6660n.gif\" \/>3 buttons with different functions<\/p>\n<p id=\"tl_1\" class=\"detail-desc-decorate-content\" style=\"font-family: opensans; font-size: 14px; font-weight: 300; line-height: 20px; white-space: pre-wrap; color: #000000; margin: 0px 0px 12px 0px; padding: 0px; box-sizing: border-box;\">The first one is that you need to press and hold the key for 5 seconds to start the product, and the following two keys control the head and tail motors respectively.<\/p>\n<div style=\"margin: 0px; padding: 0px; box-sizing: content-box;\"><img decoding=\"async\" style=\"border: 0px; margin: 0px; padding: 0px; max-width: 100%; box-sizing: border-box;\" src=\"https:\/\/ae01.alicdn.com\/kf\/S9a389344226143498b688e9ea4e7cd9bz.jpg\" \/><\/div>\n<\/div>\n<div style=\"font-family: 'Open Sans', Roboto, Arial, Helvetica, sans-serif, SimSun; font-size: 14px; font-weight: 400; letter-spacing: normal; text-align: start; white-space: normal; color: #222222; background-color: #ffffff; margin: 0px; padding: 0px; box-sizing: content-box;\" align=\"start\">\n<p id=\"tl_1\" class=\"detail-desc-decorate-title\" style=\"font-family: opensans; font-size: 20px; font-weight: 900; line-height: 28px; white-space: pre-wrap; color: #000000; margin: 0px 0px 12px 0px; padding: 0px; box-sizing: border-box;\">Quiet design<\/p>\n<p id=\"tl_1\" class=\"detail-desc-decorate-content\" style=\"font-family: opensans; font-size: 14px; font-weight: 300; line-height: 20px; white-space: pre-wrap; color: #000000; margin: 0px 0px 12px 0px; padding: 0px; box-sizing: border-box;\">Our motors are big but our vibrations are small<\/p>\n<div style=\"margin: 0px; padding: 0px; box-sizing: content-box;\"><img decoding=\"async\" style=\"border: 0px; margin: 0px; padding: 0px; max-width: 100%; box-sizing: border-box;\" src=\"https:\/\/ae01.alicdn.com\/kf\/Sfd335204f22942ecae61707ff9aa7ad4D.jpg\" \/><\/div>\n<\/div>\n<div style=\"font-family: 'Open Sans', Roboto, Arial, Helvetica, sans-serif, SimSun; font-size: 14px; font-weight: 400; letter-spacing: normal; text-align: start; white-space: normal; color: #222222; background-color: #ffffff; margin: 0px; padding: 0px; box-sizing: content-box;\" align=\"start\">\n<p id=\"tl_1\" class=\"detail-desc-decorate-title\" style=\"font-family: opensans; font-size: 20px; font-weight: 900; line-height: 28px; white-space: pre-wrap; color: #000000; margin: 0px 0px 12px 0px; padding: 0px; box-sizing: border-box;\">Safe silicone material is more secure to use<\/p>\n<div style=\"margin: 0px; padding: 0px; box-sizing: content-box;\"><img decoding=\"async\" style=\"border: 0px; margin: 0px; padding: 0px; max-width: 100%; box-sizing: border-box;\" src=\"https:\/\/ae01.alicdn.com\/kf\/Sb5bcbd4e4b3a413ca30a3cba57608beaV.jpg\" \/><\/div>\n<\/div>\n<div style=\"font-family: 'Open Sans', Roboto, Arial, Helvetica, sans-serif, SimSun; font-size: 14px; font-weight: 400; letter-spacing: normal; text-align: start; white-space: normal; color: #222222; background-color: #ffffff; margin: 0px; padding: 0px; box-sizing: content-box;\" align=\"start\">\n<p id=\"tl_1\" class=\"detail-desc-decorate-title\" style=\"font-family: opensans; font-size: 20px; font-weight: 900; line-height: 28px; white-space: pre-wrap; color: #000000; margin: 0px 0px 12px 0px; padding: 0px; box-sizing: border-box;\">USB charging<\/p>\n<p id=\"tl_1\" class=\"detail-desc-decorate-content\" style=\"font-family: opensans; font-size: 14px; font-weight: 300; line-height: 20px; white-space: pre-wrap; color: #000000; margin: 0px 0px 12px 0px; padding: 0px; box-sizing: border-box;\">USB charging can link mobile phone adapter and laptop interface for charging<\/p>\n<\/div>\n<div style=\"font-family: 'Open Sans', Roboto, Arial, Helvetica, sans-serif, SimSun; font-size: 14px; font-weight: 400; letter-spacing: normal; text-align: start; white-space: normal; color: #222222; background-color: #ffffff; margin: 0px; padding: 0px; box-sizing: content-box;\" align=\"start\"><img decoding=\"async\" style=\"border: 0px; margin: 0px; padding: 0px; max-width: 100%; box-sizing: border-box;\" src=\"https:\/\/ae01.alicdn.com\/kf\/S28ab5bd542d64896be7425e27befd350x.jpg\" \/><\/div>\n<div style=\"font-family: 'Open Sans', Roboto, Arial, Helvetica, sans-serif, SimSun; font-size: 14px; font-weight: 400; letter-spacing: normal; text-align: start; white-space: normal; color: #222222; background-color: #ffffff; margin: 0px; padding: 0px; box-sizing: content-box;\" align=\"start\">\n<p id=\"tl_1\" class=\"detail-desc-decorate-title\" style=\"font-family: opensans; font-size: 20px; font-weight: 900; line-height: 28px; white-space: pre-wrap; color: #000000; margin: 0px 0px 12px 0px; padding: 0px; box-sizing: border-box;\">Product cleaning<\/p>\n<p id=\"tl_1\" class=\"detail-desc-decorate-content\" style=\"font-family: opensans; font-size: 14px; font-weight: 300; line-height: 20px; white-space: pre-wrap; color: #000000; margin: 0px 0px 12px 0px; padding: 0px; box-sizing: border-box;\">For the first use, please rinse the product with shower gel, please be careful not to soak in water, you can rinse the product, thank you<\/p>\n<\/div>\n<div style=\"font-family: 'Open Sans', Roboto, Arial, Helvetica, sans-serif, SimSun; font-size: 14px; font-weight: 400; letter-spacing: normal; text-align: start; white-space: normal; color: #222222; background-color: #ffffff; margin: 0px; padding: 0px; box-sizing: content-box;\" align=\"start\"><img decoding=\"async\" style=\"border: 0px; margin: 0px; padding: 0px; max-width: 100%; box-sizing: border-box;\" src=\"https:\/\/ae01.alicdn.com\/kf\/Sd6ff8d2ecd9042c4850f110bdd09e0cfp.jpg\" \/><\/div>\n<div style=\"font-family: 'Open Sans', Roboto, Arial, Helvetica, sans-serif, SimSun; font-size: 14px; font-weight: 400; letter-spacing: normal; text-align: start; white-space: normal; color: #222222; background-color: #ffffff; margin: 0px; padding: 0px; box-sizing: content-box;\" align=\"start\">\n<p id=\"tl_1\" class=\"detail-desc-decorate-title\" style=\"font-family: opensans; font-size: 20px; font-weight: 900; line-height: 28px; white-space: pre-wrap; color: #000000; margin: 0px 0px 12px 0px; padding: 0px; box-sizing: border-box;\">Large size design<\/p>\n<p id=\"tl_1\" class=\"detail-desc-decorate-content\" style=\"font-family: opensans; font-size: 14px; font-weight: 300; line-height: 20px; white-space: pre-wrap; color: #000000; margin: 0px 0px 12px 0px; padding: 0px; box-sizing: border-box;\">Our products are sized to meet your different needs<\/p>\n<\/div>\n<div style=\"font-family: 'Open Sans', Roboto, Arial, Helvetica, sans-serif, SimSun; font-size: 14px; font-weight: 400; letter-spacing: normal; text-align: start; white-space: normal; color: #222222; background-color: #ffffff; margin: 0px; padding: 0px; box-sizing: content-box;\" align=\"start\">\u00a0<\/div>\n<p style=\"font-family: 'Open Sans', Roboto, Arial, Helvetica, sans-serif, SimSun; font-size: 14px; font-weight: 400; letter-spacing: normal; line-height: inherit; text-align: start; white-space: normal; color: #222222; background-color: #ffffff; margin: 0px; padding: 0px; box-sizing: border-box;\" align=\"start\"><img decoding=\"async\" style=\"border: 0px; margin: 0px; padding: 0px; max-width: 100%; box-sizing: border-box;\" src=\"https:\/\/ae01.alicdn.com\/kf\/Sd92d072fc344437dbfb817ff7db7116eH.jpg\" \/><img decoding=\"async\" style=\"border: 0px; margin: 0px; padding: 0px; max-width: 100%; box-sizing: border-box;\" src=\"https:\/\/ae01.alicdn.com\/kf\/S37d979a1bddf4dbd95f1c383d951035cJ.jpg\" \/><img decoding=\"async\" style=\"border: 0px; margin: 0px; padding: 0px; max-width: 100%; box-sizing: border-box;\" src=\"https:\/\/ae01.alicdn.com\/kf\/Sa35729a7d91e4c59889e6fb70ab2f74fL.jpg\" \/><img decoding=\"async\" style=\"border: 0px; margin: 0px; padding: 0px; max-width: 100%; box-sizing: border-box;\" src=\"https:\/\/ae01.alicdn.com\/kf\/Sbc7fca56f70940feae71ba4699aa2a4fx.jpg\" \/><\/p>\n<\/div>\n<\/div>\n","protected":false},"excerpt":{"rendered":"<p>\u00a0 La t\u00eate peut \u00eatre mass\u00e9e sur tout le corps pour soulager la fatigue, et la queue peut \u00eatre ins\u00e9r\u00e9e dans le massage 3 buttons with different functions The first one is that you need to press and hold the key for 5 seconds to start the product, and the following two keys control the head and tail motors respectively. Quiet design Our motors are big but our vibrations are small Safe silicone material is more secure to use USB charging USB charging can link mobile phone adapter and laptop interface for charging Product cleaning For the first use, please<\/p>\n","protected":false},"featured_media":10602,"comment_status":"open","ping_status":"closed","template":"","meta":{"_joinchat":[]},"etheme_brands":[],"product_cat":[63,46,58,60],"product_tag":[],"yoast_head":"<!-- This site is optimized with the Yoast SEO Premium plugin v19.3 (Yoast SEO v21.5) - https:\/\/yoast.com\/wordpress\/plugins\/seo\/ -->\n<title>- Achetez et Commandez Discr\u00e8tement vos Vobromasseur Multifonction pour femmes (baguette magique et gode) au Cameroun -<\/title>\n<meta name=\"description\" content=\"Commandez vos meilleurs Vobromasseur Multifonction pour femmes (baguette magique et gode) \u00e0 bons prix partout au Cameroun et faites vous livrer discr\u00e8tement, sur H\u00e9donia, le meilleur site de vente en ligne de sextoys au Cameroun. - Whatsapp: +237 672588687\" \/>\n<meta name=\"robots\" content=\"index, follow, max-snippet:-1, max-image-preview:large, max-video-preview:-1\" \/>\n<link rel=\"canonical\" href=\"https:\/\/sexshop.cm\/produit\/vobromasseur-multifonction-pour-femmes-baguette-magique-et-gode\/\" \/>\n<meta property=\"og:locale\" content=\"en_US\" \/>\n<meta property=\"og:type\" content=\"article\" \/>\n<meta property=\"og:title\" content=\"Vobromasseur Multifonction pour femmes (baguette magique et gode)\" \/>\n<meta property=\"og:description\" content=\"Vobromasseur Multifonction pour femmes (baguette magique et gode) - H\u00e9donia\" \/>\n<meta property=\"og:url\" content=\"https:\/\/sexshop.cm\/produit\/vobromasseur-multifonction-pour-femmes-baguette-magique-et-gode\/\" \/>\n<meta property=\"og:site_name\" content=\"H\u00e9donia\" \/>\n<meta property=\"article:modified_time\" content=\"2023-11-04T12:21:09+00:00\" \/>\n<meta property=\"og:image\" content=\"http:\/\/sexshop.cm\/wp-content\/uploads\/2023\/09\/Dilatateur-injuste-en-silicone-pour-adultes-vibromasseur-ducatif-moteur-touristique-baguette-de-grande-taille-masseur-de.jpg\" \/>\n\t<meta property=\"og:image:width\" content=\"1000\" \/>\n\t<meta property=\"og:image:height\" content=\"1000\" \/>\n\t<meta property=\"og:image:type\" content=\"image\/jpeg\" \/>\n<meta name=\"twitter:card\" content=\"summary_large_image\" \/>\n<meta name=\"twitter:label1\" content=\"Price\" \/>\n\t<meta name=\"twitter:data1\" content=\"32000&nbsp;CFA\" \/>\n\t<meta name=\"twitter:label2\" content=\"Availability\" \/>\n\t<meta name=\"twitter:data2\" content=\"In stock\" \/>\n<script type=\"application\/ld+json\" class=\"yoast-schema-graph\">{\"@context\":\"https:\/\/schema.org\",\"@graph\":[{\"@type\":\"WebPage\",\"@id\":\"https:\/\/sexshop.cm\/produit\/vobromasseur-multifonction-pour-femmes-baguette-magique-et-gode\/\",\"url\":\"https:\/\/sexshop.cm\/produit\/vobromasseur-multifonction-pour-femmes-baguette-magique-et-gode\/\",\"name\":\"- Achetez et Commandez Discr\u00e8tement vos Vobromasseur Multifonction pour femmes (baguette magique et gode) au Cameroun -\",\"isPartOf\":{\"@id\":\"https:\/\/sexshop.cm\/#website\"},\"datePublished\":\"2023-09-10T18:23:17+00:00\",\"dateModified\":\"2023-11-04T12:21:09+00:00\",\"description\":\"Commandez vos meilleurs Vobromasseur Multifonction pour femmes (baguette magique et gode) \u00e0 bons prix partout au Cameroun et faites vous livrer discr\u00e8tement, sur H\u00e9donia, le meilleur site de vente en ligne de sextoys au Cameroun. - Whatsapp: +237 672588687\",\"breadcrumb\":{\"@id\":\"https:\/\/sexshop.cm\/produit\/vobromasseur-multifonction-pour-femmes-baguette-magique-et-gode\/#breadcrumb\"},\"inLanguage\":\"en-US\",\"potentialAction\":[{\"@type\":\"ReadAction\",\"target\":[\"https:\/\/sexshop.cm\/produit\/vobromasseur-multifonction-pour-femmes-baguette-magique-et-gode\/\"]}]},{\"@type\":\"BreadcrumbList\",\"@id\":\"https:\/\/sexshop.cm\/produit\/vobromasseur-multifonction-pour-femmes-baguette-magique-et-gode\/#breadcrumb\",\"itemListElement\":[{\"@type\":\"ListItem\",\"position\":1,\"name\":\"Accueil\",\"item\":\"https:\/\/sexshop.cm\/en\/online-sexshop-in-cameroon\/\"},{\"@type\":\"ListItem\",\"position\":2,\"name\":\"Shop\",\"item\":\"https:\/\/sexshop.cm\/shop\/\"},{\"@type\":\"ListItem\",\"position\":3,\"name\":\"Vobromasseur Multifonction pour femmes (baguette magique et gode)\"}]},{\"@type\":\"WebSite\",\"@id\":\"https:\/\/sexshop.cm\/#website\",\"url\":\"https:\/\/sexshop.cm\/\",\"name\":\"H\u00e9donia\",\"description\":\"SexShop en ligne - Boutique de sextoys et objets coquins en ligne au Cameroun\",\"publisher\":{\"@id\":\"https:\/\/sexshop.cm\/#organization\"},\"potentialAction\":[{\"@type\":\"SearchAction\",\"target\":{\"@type\":\"EntryPoint\",\"urlTemplate\":\"https:\/\/sexshop.cm\/?s={search_term_string}\"},\"query-input\":\"required name=search_term_string\"}],\"inLanguage\":\"en-US\"},{\"@type\":\"Organization\",\"@id\":\"https:\/\/sexshop.cm\/#organization\",\"name\":\"H\u00e9donia\",\"alternateName\":\"Boutique de Sextoys en ligne au Cameroun\",\"url\":\"https:\/\/sexshop.cm\/\",\"logo\":{\"@type\":\"ImageObject\",\"inLanguage\":\"en-US\",\"@id\":\"https:\/\/sexshop.cm\/#\/schema\/logo\/image\/\",\"url\":\"https:\/\/sexshop.cm\/wp-content\/uploads\/2022\/10\/logo-680-hedonia.png.200x100_q85_background-f8f9fa.png\",\"contentUrl\":\"https:\/\/sexshop.cm\/wp-content\/uploads\/2022\/10\/logo-680-hedonia.png.200x100_q85_background-f8f9fa.png\",\"width\":2222,\"height\":534,\"caption\":\"H\u00e9donia\"},\"image\":{\"@id\":\"https:\/\/sexshop.cm\/#\/schema\/logo\/image\/\"}}]}<\/script>\n<meta property=\"product:price:amount\" content=\"32000\" \/>\n<meta property=\"product:price:currency\" content=\"XAF\" \/>\n<meta property=\"og:availability\" content=\"instock\" \/>\n<meta property=\"product:availability\" content=\"instock\" \/>\n<meta property=\"product:retailer_item_id\" content=\"1005005543690551\" \/>\n<meta property=\"product:condition\" content=\"new\" \/>\n<!-- \/ Yoast SEO Premium plugin. -->","yoast_head_json":{"title":"- Achetez et Commandez Discr\u00e8tement vos Vobromasseur Multifonction pour femmes (baguette magique et gode) au Cameroun -","description":"Commandez vos meilleurs Vobromasseur Multifonction pour femmes (baguette magique et gode) \u00e0 bons prix partout au Cameroun et faites vous livrer discr\u00e8tement, sur H\u00e9donia, le meilleur site de vente en ligne de sextoys au Cameroun. - Whatsapp: +237 672588687","robots":{"index":"index","follow":"follow","max-snippet":"max-snippet:-1","max-image-preview":"max-image-preview:large","max-video-preview":"max-video-preview:-1"},"canonical":"https:\/\/sexshop.cm\/produit\/vobromasseur-multifonction-pour-femmes-baguette-magique-et-gode\/","og_locale":"en_US","og_type":"article","og_title":"Vobromasseur Multifonction pour femmes (baguette magique et gode)","og_description":"Vobromasseur Multifonction pour femmes (baguette magique et gode) - H\u00e9donia","og_url":"https:\/\/sexshop.cm\/produit\/vobromasseur-multifonction-pour-femmes-baguette-magique-et-gode\/","og_site_name":"H\u00e9donia","article_modified_time":"2023-11-04T12:21:09+00:00","og_image":[{"width":1000,"height":1000,"url":"http:\/\/sexshop.cm\/wp-content\/uploads\/2023\/09\/Dilatateur-injuste-en-silicone-pour-adultes-vibromasseur-ducatif-moteur-touristique-baguette-de-grande-taille-masseur-de.jpg","type":"image\/jpeg"}],"twitter_card":"summary_large_image","twitter_misc":{"Price":"32000&nbsp;CFA","Availability":"In stock"},"schema":{"@context":"https:\/\/schema.org","@graph":[{"@type":"WebPage","@id":"https:\/\/sexshop.cm\/produit\/vobromasseur-multifonction-pour-femmes-baguette-magique-et-gode\/","url":"https:\/\/sexshop.cm\/produit\/vobromasseur-multifonction-pour-femmes-baguette-magique-et-gode\/","name":"- Achetez et Commandez Discr\u00e8tement vos Vobromasseur Multifonction pour femmes (baguette magique et gode) au Cameroun -","isPartOf":{"@id":"https:\/\/sexshop.cm\/#website"},"datePublished":"2023-09-10T18:23:17+00:00","dateModified":"2023-11-04T12:21:09+00:00","description":"Commandez vos meilleurs Vobromasseur Multifonction pour femmes (baguette magique et gode) \u00e0 bons prix partout au Cameroun et faites vous livrer discr\u00e8tement, sur H\u00e9donia, le meilleur site de vente en ligne de sextoys au Cameroun. - Whatsapp: +237 672588687","breadcrumb":{"@id":"https:\/\/sexshop.cm\/produit\/vobromasseur-multifonction-pour-femmes-baguette-magique-et-gode\/#breadcrumb"},"inLanguage":"en-US","potentialAction":[{"@type":"ReadAction","target":["https:\/\/sexshop.cm\/produit\/vobromasseur-multifonction-pour-femmes-baguette-magique-et-gode\/"]}]},{"@type":"BreadcrumbList","@id":"https:\/\/sexshop.cm\/produit\/vobromasseur-multifonction-pour-femmes-baguette-magique-et-gode\/#breadcrumb","itemListElement":[{"@type":"ListItem","position":1,"name":"Accueil","item":"https:\/\/sexshop.cm\/en\/online-sexshop-in-cameroon\/"},{"@type":"ListItem","position":2,"name":"Shop","item":"https:\/\/sexshop.cm\/shop\/"},{"@type":"ListItem","position":3,"name":"Vobromasseur Multifonction pour femmes (baguette magique et gode)"}]},{"@type":"WebSite","@id":"https:\/\/sexshop.cm\/#website","url":"https:\/\/sexshop.cm\/","name":"H\u00e9donia","description":"SexShop en ligne - Boutique de sextoys et objets coquins en ligne au Cameroun","publisher":{"@id":"https:\/\/sexshop.cm\/#organization"},"potentialAction":[{"@type":"SearchAction","target":{"@type":"EntryPoint","urlTemplate":"https:\/\/sexshop.cm\/?s={search_term_string}"},"query-input":"required name=search_term_string"}],"inLanguage":"en-US"},{"@type":"Organization","@id":"https:\/\/sexshop.cm\/#organization","name":"H\u00e9donia","alternateName":"Boutique de Sextoys en ligne au Cameroun","url":"https:\/\/sexshop.cm\/","logo":{"@type":"ImageObject","inLanguage":"en-US","@id":"https:\/\/sexshop.cm\/#\/schema\/logo\/image\/","url":"https:\/\/sexshop.cm\/wp-content\/uploads\/2022\/10\/logo-680-hedonia.png.200x100_q85_background-f8f9fa.png","contentUrl":"https:\/\/sexshop.cm\/wp-content\/uploads\/2022\/10\/logo-680-hedonia.png.200x100_q85_background-f8f9fa.png","width":2222,"height":534,"caption":"H\u00e9donia"},"image":{"@id":"https:\/\/sexshop.cm\/#\/schema\/logo\/image\/"}}]},"product_price_amount":"32000","product_price_currency":"XAF","og_availability":"instock","product_availability":"instock","product_retailer_item_id":"1005005543690551","product_condition":"new"},"_links":{"self":[{"href":"https:\/\/sexshop.cm\/en\/wp-json\/wp\/v2\/product\/10601"}],"collection":[{"href":"https:\/\/sexshop.cm\/en\/wp-json\/wp\/v2\/product"}],"about":[{"href":"https:\/\/sexshop.cm\/en\/wp-json\/wp\/v2\/types\/product"}],"replies":[{"embeddable":true,"href":"https:\/\/sexshop.cm\/en\/wp-json\/wp\/v2\/comments?post=10601"}],"wp:featuredmedia":[{"embeddable":true,"href":"https:\/\/sexshop.cm\/en\/wp-json\/wp\/v2\/media\/10602"}],"wp:attachment":[{"href":"https:\/\/sexshop.cm\/en\/wp-json\/wp\/v2\/media?parent=10601"}],"wp:term":[{"taxonomy":"brand","embeddable":true,"href":"https:\/\/sexshop.cm\/en\/wp-json\/wp\/v2\/etheme_brands?post=10601"},{"taxonomy":"product_cat","embeddable":true,"href":"https:\/\/sexshop.cm\/en\/wp-json\/wp\/v2\/product_cat?post=10601"},{"taxonomy":"product_tag","embeddable":true,"href":"https:\/\/sexshop.cm\/en\/wp-json\/wp\/v2\/product_tag?post=10601"}],"curies":[{"name":"wp","href":"https:\/\/api.w.org\/{rel}","templated":true}]}}