{"id":10630,"date":"2023-09-10T19:34:59","date_gmt":"2023-09-10T18:34:59","guid":{"rendered":"https:\/\/sexshop.cm\/produit\/godemichet-vibrant-rotatif-pour-femme-jouet-sexuel-langue-lechage-de-continents-vagin-clitoris-epaisseur-plug-anal\/"},"modified":"2026-02-28T10:01:13","modified_gmt":"2026-02-28T09:01:13","slug":"godemichet-vibrant-rotatif-pour-femme-jouet-sexuel-langue-lechage-de-continents-vagin-clitoris-epaisseur-plug-anal","status":"publish","type":"product","link":"https:\/\/sexshop.cm\/en\/produit\/godemichet-vibrant-rotatif-pour-femme-jouet-sexuel-langue-lechage-de-continents-vagin-clitoris-epaisseur-plug-anal\/","title":{"rendered":"Godemichet Vibrant Rotatif pour Femme, avec langue L\u00e9chage de Vagin, Clitoris"},"content":{"rendered":"<div class=\"detailmodule_html\">\n<div class=\"detail-desc-decorate-richtext\">\n<div class=\"detailmodule_dynamic\">\u00a0<\/div>\n<div class=\"detailmodule_dynamic\">\u00a0<\/div>\n<div class=\"detailmodule_dynamic\">\u00a0<\/div>\n<div>\n<p><img decoding=\"async\" style=\"width: 1464px;\" src=\"https:\/\/ae01.alicdn.com\/kf\/Sbc656e278ddc4e63917711b35aeb6352s.jpg\" width=\"1464px\" \/><\/p>\n<p><img decoding=\"async\" style=\"width: 1464px;\" src=\"https:\/\/ae01.alicdn.com\/kf\/S81b9fb57b4dc401baf6e4b7e4df4335ar.jpg\" width=\"1464px\" \/><\/p>\n<p><img decoding=\"async\" style=\"width: 1464px;\" src=\"https:\/\/ae01.alicdn.com\/kf\/Se431c8076f8c45bd8e3cb50fdd151765v.jpg\" width=\"1464px\" \/><\/p>\n<p><img decoding=\"async\" style=\"width: 1500px;\" src=\"https:\/\/ae01.alicdn.com\/kf\/S016a956c69024a5c92f17b1525930f9fd.jpg\" width=\"1500px\" \/><\/p>\n<p><img decoding=\"async\" style=\"width: 750px;\" src=\"https:\/\/ae01.alicdn.com\/kf\/S1dfa641d00c04d79905260a714c1ff12x.jpg\" width=\"750px\" \/><\/p>\n<p><img decoding=\"async\" style=\"width: 750px;\" src=\"https:\/\/ae01.alicdn.com\/kf\/Sd8da16c045014c9396011dd7ef8dbf0cU.jpg\" width=\"750px\" \/><\/p>\n<p><img decoding=\"async\" style=\"width: 750px;\" src=\"https:\/\/ae01.alicdn.com\/kf\/Sfe2c77fca7914abc83c4d211e22ea86cq.jpg\" width=\"750px\" \/><\/p>\n<p><img decoding=\"async\" style=\"width: 750px;\" src=\"https:\/\/ae01.alicdn.com\/kf\/S32d881699c7641ed941eeead67c920b06.jpg\" width=\"750px\" \/><\/p>\n<p><img decoding=\"async\" style=\"width: 750px;\" src=\"https:\/\/ae01.alicdn.com\/kf\/S755566c51c2c4c3ab47848664287349cM.jpg\" width=\"750px\" \/><\/p>\n<p><img decoding=\"async\" style=\"width: 750px;\" src=\"https:\/\/ae01.alicdn.com\/kf\/S767e81fe43ac4d4f95e78d4f2a8e7f7ew.jpg\" width=\"750px\" \/><\/p>\n<p><img decoding=\"async\" style=\"width: 800px;\" src=\"https:\/\/ae01.alicdn.com\/kf\/Sb17035a4e3604a8c800a38867390e59bj.jpg\" width=\"800px\" \/><\/p>\n<p><img decoding=\"async\" style=\"width: 800px;\" src=\"https:\/\/ae01.alicdn.com\/kf\/S6360bf9a1aac47a0b2755a5fc49d5c7aL.jpg\" width=\"800px\" \/><\/p>\n<p><img decoding=\"async\" style=\"width: 800px;\" src=\"https:\/\/ae01.alicdn.com\/kf\/S1ecba01394b34aeaa1774eada14a8176z.jpg\" width=\"800px\" \/><\/p>\n<p><img decoding=\"async\" style=\"width: 800px;\" src=\"https:\/\/ae01.alicdn.com\/kf\/Sdc85de7a812441558cfa3753515e1c257.jpg\" width=\"800px\" \/><\/p>\n<div>\n<p><\/div>\n<\/div>\n<div>\u00a0<\/div>\n<div class=\"detailmodule_dynamic\">\u00a0<\/div>\n<div class=\"detailmodule_dynamic\">\u00a0<\/div>\n<div class=\"detailmodule_dynamic\">\u00a0<\/div>\n<p>\u00a0<\/p>\n<\/div>\n<\/div>\n","protected":false},"excerpt":{"rendered":"<p>\u00a0 \u00a0 \u00a0 \u00a0 \u00a0 \u00a0 \u00a0 \u00a0<\/p>\n","protected":false},"featured_media":10631,"comment_status":"open","ping_status":"closed","template":"","meta":{"_joinchat":[]},"etheme_brands":[],"product_cat":[61,46,58,59,60],"product_tag":[],"yoast_head":"<!-- This site is optimized with the Yoast SEO Premium plugin v19.3 (Yoast SEO v21.5) - https:\/\/yoast.com\/wordpress\/plugins\/seo\/ -->\n<title>- Achetez et Commandez Discr\u00e8tement vos Godemichet Vibrant Rotatif pour Femme, avec langue L\u00e9chage de Vagin, Clitoris au Cameroun -<\/title>\n<meta name=\"description\" content=\"Commandez vos meilleurs Godemichet Vibrant Rotatif pour Femme, avec langue L\u00e9chage de Vagin, Clitoris \u00e0 bons prix partout au Cameroun et faites vous livrer discr\u00e8tement, sur H\u00e9donia, le meilleur site de vente en ligne de sextoys au Cameroun. - Whatsapp: +237 672588687\" \/>\n<meta name=\"robots\" content=\"index, follow, max-snippet:-1, max-image-preview:large, max-video-preview:-1\" \/>\n<link rel=\"canonical\" href=\"https:\/\/sexshop.cm\/produit\/godemichet-vibrant-rotatif-pour-femme-jouet-sexuel-langue-lechage-de-continents-vagin-clitoris-epaisseur-plug-anal\/\" \/>\n<meta property=\"og:locale\" content=\"en_US\" \/>\n<meta property=\"og:type\" content=\"article\" \/>\n<meta property=\"og:title\" content=\"Godemichet Vibrant Rotatif pour Femme, avec langue L\u00e9chage de Vagin, Clitoris\" \/>\n<meta property=\"og:description\" content=\"Godemichet Vibrant Rotatif pour Femme, avec langue L\u00e9chage de Vagin, Clitoris - H\u00e9donia\" \/>\n<meta property=\"og:url\" content=\"https:\/\/sexshop.cm\/produit\/godemichet-vibrant-rotatif-pour-femme-jouet-sexuel-langue-lechage-de-continents-vagin-clitoris-epaisseur-plug-anal\/\" \/>\n<meta property=\"og:site_name\" content=\"H\u00e9donia\" \/>\n<meta property=\"article:modified_time\" content=\"2026-02-28T09:01:13+00:00\" \/>\n<meta property=\"og:image\" content=\"http:\/\/sexshop.cm\/wp-content\/uploads\/2023\/09\/Godemichet-Vibrant-Rotatif-pour-Femme-Jouet-Sexuel-Langue-L-chage-de-Continents-Vagin-Clitoris-paisseur-Plug.jpg\" \/>\n\t<meta property=\"og:image:width\" content=\"1500\" \/>\n\t<meta property=\"og:image:height\" content=\"1500\" \/>\n\t<meta property=\"og:image:type\" content=\"image\/jpeg\" \/>\n<meta name=\"twitter:card\" content=\"summary_large_image\" \/>\n<meta name=\"twitter:label1\" content=\"Price\" \/>\n\t<meta name=\"twitter:data1\" content=\"33000&nbsp;CFA\" \/>\n\t<meta name=\"twitter:label2\" content=\"Availability\" \/>\n\t<meta name=\"twitter:data2\" content=\"In stock\" \/>\n<script type=\"application\/ld+json\" class=\"yoast-schema-graph\">{\"@context\":\"https:\/\/schema.org\",\"@graph\":[{\"@type\":\"WebPage\",\"@id\":\"https:\/\/sexshop.cm\/produit\/godemichet-vibrant-rotatif-pour-femme-jouet-sexuel-langue-lechage-de-continents-vagin-clitoris-epaisseur-plug-anal\/\",\"url\":\"https:\/\/sexshop.cm\/produit\/godemichet-vibrant-rotatif-pour-femme-jouet-sexuel-langue-lechage-de-continents-vagin-clitoris-epaisseur-plug-anal\/\",\"name\":\"- Achetez et Commandez Discr\u00e8tement vos Godemichet Vibrant Rotatif pour Femme, avec langue L\u00e9chage de Vagin, Clitoris au Cameroun -\",\"isPartOf\":{\"@id\":\"https:\/\/sexshop.cm\/#website\"},\"datePublished\":\"2023-09-10T18:34:59+00:00\",\"dateModified\":\"2026-02-28T09:01:13+00:00\",\"description\":\"Commandez vos meilleurs Godemichet Vibrant Rotatif pour Femme, avec langue L\u00e9chage de Vagin, Clitoris \u00e0 bons prix partout au Cameroun et faites vous livrer discr\u00e8tement, sur H\u00e9donia, le meilleur site de vente en ligne de sextoys au Cameroun. - Whatsapp: +237 672588687\",\"breadcrumb\":{\"@id\":\"https:\/\/sexshop.cm\/produit\/godemichet-vibrant-rotatif-pour-femme-jouet-sexuel-langue-lechage-de-continents-vagin-clitoris-epaisseur-plug-anal\/#breadcrumb\"},\"inLanguage\":\"en-US\",\"potentialAction\":[{\"@type\":\"ReadAction\",\"target\":[\"https:\/\/sexshop.cm\/produit\/godemichet-vibrant-rotatif-pour-femme-jouet-sexuel-langue-lechage-de-continents-vagin-clitoris-epaisseur-plug-anal\/\"]}]},{\"@type\":\"BreadcrumbList\",\"@id\":\"https:\/\/sexshop.cm\/produit\/godemichet-vibrant-rotatif-pour-femme-jouet-sexuel-langue-lechage-de-continents-vagin-clitoris-epaisseur-plug-anal\/#breadcrumb\",\"itemListElement\":[{\"@type\":\"ListItem\",\"position\":1,\"name\":\"Accueil\",\"item\":\"https:\/\/sexshop.cm\/en\/online-sexshop-in-cameroon\/\"},{\"@type\":\"ListItem\",\"position\":2,\"name\":\"Shop\",\"item\":\"https:\/\/sexshop.cm\/shop\/\"},{\"@type\":\"ListItem\",\"position\":3,\"name\":\"Godemichet Vibrant Rotatif pour Femme, avec langue L\u00e9chage de Vagin, Clitoris\"}]},{\"@type\":\"WebSite\",\"@id\":\"https:\/\/sexshop.cm\/#website\",\"url\":\"https:\/\/sexshop.cm\/\",\"name\":\"H\u00e9donia\",\"description\":\"SexShop en ligne - Boutique de sextoys et objets coquins en ligne au Cameroun\",\"publisher\":{\"@id\":\"https:\/\/sexshop.cm\/#organization\"},\"potentialAction\":[{\"@type\":\"SearchAction\",\"target\":{\"@type\":\"EntryPoint\",\"urlTemplate\":\"https:\/\/sexshop.cm\/?s={search_term_string}\"},\"query-input\":\"required name=search_term_string\"}],\"inLanguage\":\"en-US\"},{\"@type\":\"Organization\",\"@id\":\"https:\/\/sexshop.cm\/#organization\",\"name\":\"H\u00e9donia\",\"alternateName\":\"Boutique de Sextoys en ligne au Cameroun\",\"url\":\"https:\/\/sexshop.cm\/\",\"logo\":{\"@type\":\"ImageObject\",\"inLanguage\":\"en-US\",\"@id\":\"https:\/\/sexshop.cm\/#\/schema\/logo\/image\/\",\"url\":\"https:\/\/sexshop.cm\/wp-content\/uploads\/2022\/10\/logo-680-hedonia.png.200x100_q85_background-f8f9fa.png\",\"contentUrl\":\"https:\/\/sexshop.cm\/wp-content\/uploads\/2022\/10\/logo-680-hedonia.png.200x100_q85_background-f8f9fa.png\",\"width\":2222,\"height\":534,\"caption\":\"H\u00e9donia\"},\"image\":{\"@id\":\"https:\/\/sexshop.cm\/#\/schema\/logo\/image\/\"}}]}<\/script>\n<meta property=\"product:price:amount\" content=\"33000\" \/>\n<meta property=\"product:price:currency\" content=\"XAF\" \/>\n<meta property=\"og:availability\" content=\"instock\" \/>\n<meta property=\"product:availability\" content=\"instock\" \/>\n<meta property=\"product:retailer_item_id\" content=\"1005005253287522\" \/>\n<meta property=\"product:condition\" content=\"new\" \/>\n<!-- \/ Yoast SEO Premium plugin. -->","yoast_head_json":{"title":"- Achetez et Commandez Discr\u00e8tement vos Godemichet Vibrant Rotatif pour Femme, avec langue L\u00e9chage de Vagin, Clitoris au Cameroun -","description":"Commandez vos meilleurs Godemichet Vibrant Rotatif pour Femme, avec langue L\u00e9chage de Vagin, Clitoris \u00e0 bons prix partout au Cameroun et faites vous livrer discr\u00e8tement, sur H\u00e9donia, le meilleur site de vente en ligne de sextoys au Cameroun. - Whatsapp: +237 672588687","robots":{"index":"index","follow":"follow","max-snippet":"max-snippet:-1","max-image-preview":"max-image-preview:large","max-video-preview":"max-video-preview:-1"},"canonical":"https:\/\/sexshop.cm\/produit\/godemichet-vibrant-rotatif-pour-femme-jouet-sexuel-langue-lechage-de-continents-vagin-clitoris-epaisseur-plug-anal\/","og_locale":"en_US","og_type":"article","og_title":"Godemichet Vibrant Rotatif pour Femme, avec langue L\u00e9chage de Vagin, Clitoris","og_description":"Godemichet Vibrant Rotatif pour Femme, avec langue L\u00e9chage de Vagin, Clitoris - H\u00e9donia","og_url":"https:\/\/sexshop.cm\/produit\/godemichet-vibrant-rotatif-pour-femme-jouet-sexuel-langue-lechage-de-continents-vagin-clitoris-epaisseur-plug-anal\/","og_site_name":"H\u00e9donia","article_modified_time":"2026-02-28T09:01:13+00:00","og_image":[{"width":1500,"height":1500,"url":"http:\/\/sexshop.cm\/wp-content\/uploads\/2023\/09\/Godemichet-Vibrant-Rotatif-pour-Femme-Jouet-Sexuel-Langue-L-chage-de-Continents-Vagin-Clitoris-paisseur-Plug.jpg","type":"image\/jpeg"}],"twitter_card":"summary_large_image","twitter_misc":{"Price":"33000&nbsp;CFA","Availability":"In stock"},"schema":{"@context":"https:\/\/schema.org","@graph":[{"@type":"WebPage","@id":"https:\/\/sexshop.cm\/produit\/godemichet-vibrant-rotatif-pour-femme-jouet-sexuel-langue-lechage-de-continents-vagin-clitoris-epaisseur-plug-anal\/","url":"https:\/\/sexshop.cm\/produit\/godemichet-vibrant-rotatif-pour-femme-jouet-sexuel-langue-lechage-de-continents-vagin-clitoris-epaisseur-plug-anal\/","name":"- Achetez et Commandez Discr\u00e8tement vos Godemichet Vibrant Rotatif pour Femme, avec langue L\u00e9chage de Vagin, Clitoris au Cameroun -","isPartOf":{"@id":"https:\/\/sexshop.cm\/#website"},"datePublished":"2023-09-10T18:34:59+00:00","dateModified":"2026-02-28T09:01:13+00:00","description":"Commandez vos meilleurs Godemichet Vibrant Rotatif pour Femme, avec langue L\u00e9chage de Vagin, Clitoris \u00e0 bons prix partout au Cameroun et faites vous livrer discr\u00e8tement, sur H\u00e9donia, le meilleur site de vente en ligne de sextoys au Cameroun. - Whatsapp: +237 672588687","breadcrumb":{"@id":"https:\/\/sexshop.cm\/produit\/godemichet-vibrant-rotatif-pour-femme-jouet-sexuel-langue-lechage-de-continents-vagin-clitoris-epaisseur-plug-anal\/#breadcrumb"},"inLanguage":"en-US","potentialAction":[{"@type":"ReadAction","target":["https:\/\/sexshop.cm\/produit\/godemichet-vibrant-rotatif-pour-femme-jouet-sexuel-langue-lechage-de-continents-vagin-clitoris-epaisseur-plug-anal\/"]}]},{"@type":"BreadcrumbList","@id":"https:\/\/sexshop.cm\/produit\/godemichet-vibrant-rotatif-pour-femme-jouet-sexuel-langue-lechage-de-continents-vagin-clitoris-epaisseur-plug-anal\/#breadcrumb","itemListElement":[{"@type":"ListItem","position":1,"name":"Accueil","item":"https:\/\/sexshop.cm\/en\/online-sexshop-in-cameroon\/"},{"@type":"ListItem","position":2,"name":"Shop","item":"https:\/\/sexshop.cm\/shop\/"},{"@type":"ListItem","position":3,"name":"Godemichet Vibrant Rotatif pour Femme, avec langue L\u00e9chage de Vagin, Clitoris"}]},{"@type":"WebSite","@id":"https:\/\/sexshop.cm\/#website","url":"https:\/\/sexshop.cm\/","name":"H\u00e9donia","description":"SexShop en ligne - Boutique de sextoys et objets coquins en ligne au Cameroun","publisher":{"@id":"https:\/\/sexshop.cm\/#organization"},"potentialAction":[{"@type":"SearchAction","target":{"@type":"EntryPoint","urlTemplate":"https:\/\/sexshop.cm\/?s={search_term_string}"},"query-input":"required name=search_term_string"}],"inLanguage":"en-US"},{"@type":"Organization","@id":"https:\/\/sexshop.cm\/#organization","name":"H\u00e9donia","alternateName":"Boutique de Sextoys en ligne au Cameroun","url":"https:\/\/sexshop.cm\/","logo":{"@type":"ImageObject","inLanguage":"en-US","@id":"https:\/\/sexshop.cm\/#\/schema\/logo\/image\/","url":"https:\/\/sexshop.cm\/wp-content\/uploads\/2022\/10\/logo-680-hedonia.png.200x100_q85_background-f8f9fa.png","contentUrl":"https:\/\/sexshop.cm\/wp-content\/uploads\/2022\/10\/logo-680-hedonia.png.200x100_q85_background-f8f9fa.png","width":2222,"height":534,"caption":"H\u00e9donia"},"image":{"@id":"https:\/\/sexshop.cm\/#\/schema\/logo\/image\/"}}]},"product_price_amount":"33000","product_price_currency":"XAF","og_availability":"instock","product_availability":"instock","product_retailer_item_id":"1005005253287522","product_condition":"new"},"_links":{"self":[{"href":"https:\/\/sexshop.cm\/en\/wp-json\/wp\/v2\/product\/10630"}],"collection":[{"href":"https:\/\/sexshop.cm\/en\/wp-json\/wp\/v2\/product"}],"about":[{"href":"https:\/\/sexshop.cm\/en\/wp-json\/wp\/v2\/types\/product"}],"replies":[{"embeddable":true,"href":"https:\/\/sexshop.cm\/en\/wp-json\/wp\/v2\/comments?post=10630"}],"wp:featuredmedia":[{"embeddable":true,"href":"https:\/\/sexshop.cm\/en\/wp-json\/wp\/v2\/media\/10631"}],"wp:attachment":[{"href":"https:\/\/sexshop.cm\/en\/wp-json\/wp\/v2\/media?parent=10630"}],"wp:term":[{"taxonomy":"brand","embeddable":true,"href":"https:\/\/sexshop.cm\/en\/wp-json\/wp\/v2\/etheme_brands?post=10630"},{"taxonomy":"product_cat","embeddable":true,"href":"https:\/\/sexshop.cm\/en\/wp-json\/wp\/v2\/product_cat?post=10630"},{"taxonomy":"product_tag","embeddable":true,"href":"https:\/\/sexshop.cm\/en\/wp-json\/wp\/v2\/product_tag?post=10630"}],"curies":[{"name":"wp","href":"https:\/\/api.w.org\/{rel}","templated":true}]}}