{"id":10643,"date":"2023-09-10T19:38:56","date_gmt":"2023-09-10T18:38:56","guid":{"rendered":"https:\/\/sexshop.cm\/produit\/vibromasseur-gode-telecommande-sans-fil-pour-femme\/"},"modified":"2023-11-04T13:03:31","modified_gmt":"2023-11-04T12:03:31","slug":"vibromasseur-gode-telecommande-sans-fil-pour-femme","status":"publish","type":"product","link":"https:\/\/sexshop.cm\/en\/produit\/vibromasseur-gode-telecommande-sans-fil-pour-femme\/","title":{"rendered":"Vibromasseur gode t\u00e9l\u00e9command\u00e9 sans fil pour femme"},"content":{"rendered":"<div class=\"detailmodule_html\">\n<div class=\"detail-desc-decorate-richtext\">\n<div class=\"detailmodule_html\">\n<div class=\"detail-desc-decorate-richtext\">\u00a0<\/div>\n<\/div>\n<div class=\"detailmodule_image\">\n<p><\/div>\n<div class=\"detailmodule_image\">\u00a0<\/div>\n<div class=\"detailmodule_image\">\u00a0<\/div>\n<div id=\"tl_1\" class=\"detailmodule_image\">Lors de l&#8217;achat de ce produit, nous vous offrirons un cadeau myst\u00e9rieux. Commandez maintenant!!!!!!!!! Lors de l&#8217;achat de ce produit, nous vous offrirons un cadeau myst\u00e9rieux. Commandez maintenant!!!!!!!!! Lors de l&#8217;achat de ce produit, nous vous offrirons un cadeau myst\u00e9rieux. Commandez maintenant!!!!!!!<br \/><img decoding=\"async\" class=\"detail-desc-decorate-image\" src=\"https:\/\/ae01.alicdn.com\/kf\/S27c7300a28fc437884cf140e837d3c20R.jpg\" \/><br \/><img decoding=\"async\" class=\"detail-desc-decorate-image\" src=\"https:\/\/ae01.alicdn.com\/kf\/S8d89834489b9407ebb439851011f644e0.jpg\" \/><br \/><img decoding=\"async\" class=\"detail-desc-decorate-image\" src=\"https:\/\/ae01.alicdn.com\/kf\/Sc548ed5abae74450b2a41130dad3de52A.jpg\" \/><br \/><img decoding=\"async\" class=\"detail-desc-decorate-image\" src=\"https:\/\/ae01.alicdn.com\/kf\/Sd52113965c164c4c920e827a1642599eo.jpg\" \/><br \/><img decoding=\"async\" class=\"detail-desc-decorate-image\" src=\"https:\/\/ae01.alicdn.com\/kf\/Sd5b73faf038448a7a79f977e20bc727eB.jpg\" \/><br \/><img decoding=\"async\" class=\"detail-desc-decorate-image\" src=\"https:\/\/ae01.alicdn.com\/kf\/S801aee69c4624524b6131e4f09db88c37.jpg\" \/><br \/><img decoding=\"async\" class=\"detail-desc-decorate-image\" src=\"https:\/\/ae01.alicdn.com\/kf\/S9e7fdc0885f04c84a8808c18f2cac79aw.jpg\" \/><\/div>\n<p>\u00a0<\/p>\n<\/div>\n<\/div>\n","protected":false},"excerpt":{"rendered":"<p>\u00a0 \u00a0 \u00a0 Lors de l&#8217;achat de ce produit, nous vous offrirons un cadeau myst\u00e9rieux. Commandez maintenant!!!!!!!!! Lors de l&#8217;achat de ce produit, nous vous offrirons un cadeau myst\u00e9rieux. Commandez maintenant!!!!!!!!! Lors de l&#8217;achat de ce produit, nous vous offrirons un cadeau myst\u00e9rieux. Commandez maintenant!!!!!!! \u00a0<\/p>\n","protected":false},"featured_media":10644,"comment_status":"open","ping_status":"closed","template":"","meta":{"_joinchat":[]},"etheme_brands":[],"product_cat":[61,46,62],"product_tag":[],"yoast_head":"<!-- This site is optimized with the Yoast SEO Premium plugin v19.3 (Yoast SEO v21.5) - https:\/\/yoast.com\/wordpress\/plugins\/seo\/ -->\n<title>- Achetez et Commandez Discr\u00e8tement vos Vibromasseur gode t\u00e9l\u00e9command\u00e9 sans fil pour femme au Cameroun -<\/title>\n<meta name=\"description\" content=\"Commandez vos meilleurs Vibromasseur gode t\u00e9l\u00e9command\u00e9 sans fil pour femme \u00e0 bons prix partout au Cameroun et faites vous livrer discr\u00e8tement, sur H\u00e9donia, le meilleur site de vente en ligne de sextoys au Cameroun. - Whatsapp: +237 672588687\" \/>\n<meta name=\"robots\" content=\"index, follow, max-snippet:-1, max-image-preview:large, max-video-preview:-1\" \/>\n<link rel=\"canonical\" href=\"https:\/\/sexshop.cm\/produit\/vibromasseur-gode-telecommande-sans-fil-pour-femme\/\" \/>\n<meta property=\"og:locale\" content=\"en_US\" \/>\n<meta property=\"og:type\" content=\"article\" \/>\n<meta property=\"og:title\" content=\"Vibromasseur gode t\u00e9l\u00e9command\u00e9 sans fil pour femme\" \/>\n<meta property=\"og:description\" content=\"Vibromasseur gode t\u00e9l\u00e9command\u00e9 sans fil pour femme - H\u00e9donia\" \/>\n<meta property=\"og:url\" content=\"https:\/\/sexshop.cm\/produit\/vibromasseur-gode-telecommande-sans-fil-pour-femme\/\" \/>\n<meta property=\"og:site_name\" content=\"H\u00e9donia\" \/>\n<meta property=\"article:modified_time\" content=\"2023-11-04T12:03:31+00:00\" \/>\n<meta property=\"og:image\" content=\"http:\/\/sexshop.cm\/wp-content\/uploads\/2023\/09\/Vibromasseur-gode-t-l-command-sans-fil-pour-femme-vibromasseur-vibration-stimulateur-vaginal-jouets-sexuels-pour.png\" \/>\n\t<meta property=\"og:image:width\" content=\"1000\" \/>\n\t<meta property=\"og:image:height\" content=\"1000\" \/>\n\t<meta property=\"og:image:type\" content=\"image\/png\" \/>\n<meta name=\"twitter:card\" content=\"summary_large_image\" \/>\n<meta name=\"twitter:label1\" content=\"Price\" \/>\n\t<meta name=\"twitter:data1\" content=\"28000&nbsp;CFA\" \/>\n\t<meta name=\"twitter:label2\" content=\"Availability\" \/>\n\t<meta name=\"twitter:data2\" content=\"In stock\" \/>\n<script type=\"application\/ld+json\" class=\"yoast-schema-graph\">{\"@context\":\"https:\/\/schema.org\",\"@graph\":[{\"@type\":\"WebPage\",\"@id\":\"https:\/\/sexshop.cm\/produit\/vibromasseur-gode-telecommande-sans-fil-pour-femme\/\",\"url\":\"https:\/\/sexshop.cm\/produit\/vibromasseur-gode-telecommande-sans-fil-pour-femme\/\",\"name\":\"- Achetez et Commandez Discr\u00e8tement vos Vibromasseur gode t\u00e9l\u00e9command\u00e9 sans fil pour femme au Cameroun -\",\"isPartOf\":{\"@id\":\"https:\/\/sexshop.cm\/#website\"},\"datePublished\":\"2023-09-10T18:38:56+00:00\",\"dateModified\":\"2023-11-04T12:03:31+00:00\",\"description\":\"Commandez vos meilleurs Vibromasseur gode t\u00e9l\u00e9command\u00e9 sans fil pour femme \u00e0 bons prix partout au Cameroun et faites vous livrer discr\u00e8tement, sur H\u00e9donia, le meilleur site de vente en ligne de sextoys au Cameroun. - Whatsapp: +237 672588687\",\"breadcrumb\":{\"@id\":\"https:\/\/sexshop.cm\/produit\/vibromasseur-gode-telecommande-sans-fil-pour-femme\/#breadcrumb\"},\"inLanguage\":\"en-US\",\"potentialAction\":[{\"@type\":\"ReadAction\",\"target\":[\"https:\/\/sexshop.cm\/produit\/vibromasseur-gode-telecommande-sans-fil-pour-femme\/\"]}]},{\"@type\":\"BreadcrumbList\",\"@id\":\"https:\/\/sexshop.cm\/produit\/vibromasseur-gode-telecommande-sans-fil-pour-femme\/#breadcrumb\",\"itemListElement\":[{\"@type\":\"ListItem\",\"position\":1,\"name\":\"Accueil\",\"item\":\"https:\/\/sexshop.cm\/en\/online-sexshop-in-cameroon\/\"},{\"@type\":\"ListItem\",\"position\":2,\"name\":\"Shop\",\"item\":\"https:\/\/sexshop.cm\/shop\/\"},{\"@type\":\"ListItem\",\"position\":3,\"name\":\"Vibromasseur gode t\u00e9l\u00e9command\u00e9 sans fil pour femme\"}]},{\"@type\":\"WebSite\",\"@id\":\"https:\/\/sexshop.cm\/#website\",\"url\":\"https:\/\/sexshop.cm\/\",\"name\":\"H\u00e9donia\",\"description\":\"SexShop en ligne - Boutique de sextoys et objets coquins en ligne au Cameroun\",\"publisher\":{\"@id\":\"https:\/\/sexshop.cm\/#organization\"},\"potentialAction\":[{\"@type\":\"SearchAction\",\"target\":{\"@type\":\"EntryPoint\",\"urlTemplate\":\"https:\/\/sexshop.cm\/?s={search_term_string}\"},\"query-input\":\"required name=search_term_string\"}],\"inLanguage\":\"en-US\"},{\"@type\":\"Organization\",\"@id\":\"https:\/\/sexshop.cm\/#organization\",\"name\":\"H\u00e9donia\",\"alternateName\":\"Boutique de Sextoys en ligne au Cameroun\",\"url\":\"https:\/\/sexshop.cm\/\",\"logo\":{\"@type\":\"ImageObject\",\"inLanguage\":\"en-US\",\"@id\":\"https:\/\/sexshop.cm\/#\/schema\/logo\/image\/\",\"url\":\"https:\/\/sexshop.cm\/wp-content\/uploads\/2022\/10\/logo-680-hedonia.png.200x100_q85_background-f8f9fa.png\",\"contentUrl\":\"https:\/\/sexshop.cm\/wp-content\/uploads\/2022\/10\/logo-680-hedonia.png.200x100_q85_background-f8f9fa.png\",\"width\":2222,\"height\":534,\"caption\":\"H\u00e9donia\"},\"image\":{\"@id\":\"https:\/\/sexshop.cm\/#\/schema\/logo\/image\/\"}}]}<\/script>\n<meta property=\"product:price:amount\" content=\"28000\" \/>\n<meta property=\"product:price:currency\" content=\"XAF\" \/>\n<meta property=\"og:availability\" content=\"instock\" \/>\n<meta property=\"product:availability\" content=\"instock\" \/>\n<meta property=\"product:retailer_item_id\" content=\"1005005444986886\" \/>\n<meta property=\"product:condition\" content=\"new\" \/>\n<!-- \/ Yoast SEO Premium plugin. -->","yoast_head_json":{"title":"- Achetez et Commandez Discr\u00e8tement vos Vibromasseur gode t\u00e9l\u00e9command\u00e9 sans fil pour femme au Cameroun -","description":"Commandez vos meilleurs Vibromasseur gode t\u00e9l\u00e9command\u00e9 sans fil pour femme \u00e0 bons prix partout au Cameroun et faites vous livrer discr\u00e8tement, sur H\u00e9donia, le meilleur site de vente en ligne de sextoys au Cameroun. - Whatsapp: +237 672588687","robots":{"index":"index","follow":"follow","max-snippet":"max-snippet:-1","max-image-preview":"max-image-preview:large","max-video-preview":"max-video-preview:-1"},"canonical":"https:\/\/sexshop.cm\/produit\/vibromasseur-gode-telecommande-sans-fil-pour-femme\/","og_locale":"en_US","og_type":"article","og_title":"Vibromasseur gode t\u00e9l\u00e9command\u00e9 sans fil pour femme","og_description":"Vibromasseur gode t\u00e9l\u00e9command\u00e9 sans fil pour femme - H\u00e9donia","og_url":"https:\/\/sexshop.cm\/produit\/vibromasseur-gode-telecommande-sans-fil-pour-femme\/","og_site_name":"H\u00e9donia","article_modified_time":"2023-11-04T12:03:31+00:00","og_image":[{"width":1000,"height":1000,"url":"http:\/\/sexshop.cm\/wp-content\/uploads\/2023\/09\/Vibromasseur-gode-t-l-command-sans-fil-pour-femme-vibromasseur-vibration-stimulateur-vaginal-jouets-sexuels-pour.png","type":"image\/png"}],"twitter_card":"summary_large_image","twitter_misc":{"Price":"28000&nbsp;CFA","Availability":"In stock"},"schema":{"@context":"https:\/\/schema.org","@graph":[{"@type":"WebPage","@id":"https:\/\/sexshop.cm\/produit\/vibromasseur-gode-telecommande-sans-fil-pour-femme\/","url":"https:\/\/sexshop.cm\/produit\/vibromasseur-gode-telecommande-sans-fil-pour-femme\/","name":"- Achetez et Commandez Discr\u00e8tement vos Vibromasseur gode t\u00e9l\u00e9command\u00e9 sans fil pour femme au Cameroun -","isPartOf":{"@id":"https:\/\/sexshop.cm\/#website"},"datePublished":"2023-09-10T18:38:56+00:00","dateModified":"2023-11-04T12:03:31+00:00","description":"Commandez vos meilleurs Vibromasseur gode t\u00e9l\u00e9command\u00e9 sans fil pour femme \u00e0 bons prix partout au Cameroun et faites vous livrer discr\u00e8tement, sur H\u00e9donia, le meilleur site de vente en ligne de sextoys au Cameroun. - Whatsapp: +237 672588687","breadcrumb":{"@id":"https:\/\/sexshop.cm\/produit\/vibromasseur-gode-telecommande-sans-fil-pour-femme\/#breadcrumb"},"inLanguage":"en-US","potentialAction":[{"@type":"ReadAction","target":["https:\/\/sexshop.cm\/produit\/vibromasseur-gode-telecommande-sans-fil-pour-femme\/"]}]},{"@type":"BreadcrumbList","@id":"https:\/\/sexshop.cm\/produit\/vibromasseur-gode-telecommande-sans-fil-pour-femme\/#breadcrumb","itemListElement":[{"@type":"ListItem","position":1,"name":"Accueil","item":"https:\/\/sexshop.cm\/en\/online-sexshop-in-cameroon\/"},{"@type":"ListItem","position":2,"name":"Shop","item":"https:\/\/sexshop.cm\/shop\/"},{"@type":"ListItem","position":3,"name":"Vibromasseur gode t\u00e9l\u00e9command\u00e9 sans fil pour femme"}]},{"@type":"WebSite","@id":"https:\/\/sexshop.cm\/#website","url":"https:\/\/sexshop.cm\/","name":"H\u00e9donia","description":"SexShop en ligne - Boutique de sextoys et objets coquins en ligne au Cameroun","publisher":{"@id":"https:\/\/sexshop.cm\/#organization"},"potentialAction":[{"@type":"SearchAction","target":{"@type":"EntryPoint","urlTemplate":"https:\/\/sexshop.cm\/?s={search_term_string}"},"query-input":"required name=search_term_string"}],"inLanguage":"en-US"},{"@type":"Organization","@id":"https:\/\/sexshop.cm\/#organization","name":"H\u00e9donia","alternateName":"Boutique de Sextoys en ligne au Cameroun","url":"https:\/\/sexshop.cm\/","logo":{"@type":"ImageObject","inLanguage":"en-US","@id":"https:\/\/sexshop.cm\/#\/schema\/logo\/image\/","url":"https:\/\/sexshop.cm\/wp-content\/uploads\/2022\/10\/logo-680-hedonia.png.200x100_q85_background-f8f9fa.png","contentUrl":"https:\/\/sexshop.cm\/wp-content\/uploads\/2022\/10\/logo-680-hedonia.png.200x100_q85_background-f8f9fa.png","width":2222,"height":534,"caption":"H\u00e9donia"},"image":{"@id":"https:\/\/sexshop.cm\/#\/schema\/logo\/image\/"}}]},"product_price_amount":"28000","product_price_currency":"XAF","og_availability":"instock","product_availability":"instock","product_retailer_item_id":"1005005444986886","product_condition":"new"},"_links":{"self":[{"href":"https:\/\/sexshop.cm\/en\/wp-json\/wp\/v2\/product\/10643"}],"collection":[{"href":"https:\/\/sexshop.cm\/en\/wp-json\/wp\/v2\/product"}],"about":[{"href":"https:\/\/sexshop.cm\/en\/wp-json\/wp\/v2\/types\/product"}],"replies":[{"embeddable":true,"href":"https:\/\/sexshop.cm\/en\/wp-json\/wp\/v2\/comments?post=10643"}],"wp:featuredmedia":[{"embeddable":true,"href":"https:\/\/sexshop.cm\/en\/wp-json\/wp\/v2\/media\/10644"}],"wp:attachment":[{"href":"https:\/\/sexshop.cm\/en\/wp-json\/wp\/v2\/media?parent=10643"}],"wp:term":[{"taxonomy":"brand","embeddable":true,"href":"https:\/\/sexshop.cm\/en\/wp-json\/wp\/v2\/etheme_brands?post=10643"},{"taxonomy":"product_cat","embeddable":true,"href":"https:\/\/sexshop.cm\/en\/wp-json\/wp\/v2\/product_cat?post=10643"},{"taxonomy":"product_tag","embeddable":true,"href":"https:\/\/sexshop.cm\/en\/wp-json\/wp\/v2\/product_tag?post=10643"}],"curies":[{"name":"wp","href":"https:\/\/api.w.org\/{rel}","templated":true}]}}