{"id":10732,"date":"2023-11-04T14:50:58","date_gmt":"2023-11-04T13:50:58","guid":{"rendered":"https:\/\/sexshop.cm\/produit\/vibromasseur-a-succion-pour-femme-adulte-jouet-sexuel-vibrant-stimulateur-de-clitoris-aspiration-sous-vide-orale\/"},"modified":"2024-12-19T20:26:14","modified_gmt":"2024-12-19T19:26:14","slug":"vibromasseur-a-succion-pour-femme-adulte-jouet-sexuel-vibrant-stimulateur-de-clitoris-aspiration-sous-vide-orale","status":"publish","type":"product","link":"https:\/\/sexshop.cm\/en\/produit\/vibromasseur-a-succion-pour-femme-adulte-jouet-sexuel-vibrant-stimulateur-de-clitoris-aspiration-sous-vide-orale\/","title":{"rendered":"Vibromasseur \u00e0 succion pour femme adulte, jouet sexuel vibrant, stimulateur de Clitoris, aspiration sous vide orale"},"content":{"rendered":"<div class=\"detailmodule_html\">\n<div class=\"detail-desc-decorate-richtext\">\n<div>\u00a0<\/div>\n<div>\u00a0<\/div>\n<div>\n<div>\u00a0<\/div>\n<div>\n<div>\n<div>\n<p class=\"detail-desc-decorate-title\" style=\"font-family: OpenSans; font-size: 20px; font-weight: 900; line-height: 28px; white-space: pre-wrap; color: #000000; margin-bottom: 12px;\"><img decoding=\"async\" src=\"https:\/\/ae01.alicdn.com\/kf\/Hc76de2e97c4d4a0d9eb01f4c61ac6cb0G.gif\" \/><img decoding=\"async\" src=\"https:\/\/ae01.alicdn.com\/kf\/Ha2c7936545b5476ea3aa4796483259b99.gif\" \/><img decoding=\"async\" src=\"https:\/\/ae01.alicdn.com\/kf\/H414dc79376c6480fa2fce83c7713b6c1A.gif\" \/><img decoding=\"async\" src=\"https:\/\/ae01.alicdn.com\/kf\/Ha959c25a1ca4460f8ce6169af3a517feU.gif\" \/><img decoding=\"async\" src=\"https:\/\/ae01.alicdn.com\/kf\/H165d97c7226f4526994a2c93470c709cq.jpg\" \/><img decoding=\"async\" src=\"https:\/\/ae01.alicdn.com\/kf\/H2508926e97994e4ea9498c147bbf2806p.jpg\" \/><\/p>\n<\/div>\n<div>\u00a0<\/div>\n<\/div>\n<div>\u00a0<\/div>\n<\/div>\n<div>\u00a0<\/div>\n<\/div>\n<p>\u00a0<\/p>\n<\/div>\n<\/div>\n","protected":false},"excerpt":{"rendered":"<p>\u00a0 \u00a0 \u00a0 \u00a0 \u00a0 \u00a0 \u00a0<\/p>\n","protected":false},"featured_media":10733,"comment_status":"open","ping_status":"closed","template":"","meta":{"_joinchat":[]},"etheme_brands":[],"product_cat":[46],"product_tag":[],"yoast_head":"<!-- This site is optimized with the Yoast SEO Premium plugin v19.3 (Yoast SEO v21.5) - https:\/\/yoast.com\/wordpress\/plugins\/seo\/ -->\n<title>- Achetez et Commandez Discr\u00e8tement vos Vibromasseur \u00e0 succion pour femme adulte, jouet sexuel vibrant, stimulateur de Clitoris, aspiration sous vide orale au Cameroun -<\/title>\n<meta name=\"description\" content=\"Commandez vos meilleurs Vibromasseur \u00e0 succion pour femme adulte, jouet sexuel vibrant, stimulateur de Clitoris, aspiration sous vide orale \u00e0 bons prix partout au Cameroun et faites vous livrer discr\u00e8tement, sur H\u00e9donia, le meilleur site de vente en ligne de sextoys au Cameroun. - Whatsapp: +237 672588687\" \/>\n<meta name=\"robots\" content=\"index, follow, max-snippet:-1, max-image-preview:large, max-video-preview:-1\" \/>\n<link rel=\"canonical\" href=\"https:\/\/sexshop.cm\/produit\/vibromasseur-a-succion-pour-femme-adulte-jouet-sexuel-vibrant-stimulateur-de-clitoris-aspiration-sous-vide-orale\/\" \/>\n<meta property=\"og:locale\" content=\"en_US\" \/>\n<meta property=\"og:type\" content=\"article\" \/>\n<meta property=\"og:title\" content=\"Vibromasseur \u00e0 succion pour femme adulte, jouet sexuel vibrant, stimulateur de Clitoris, aspiration sous vide orale\" \/>\n<meta property=\"og:description\" content=\"Vibromasseur \u00e0 succion pour femme adulte, jouet sexuel vibrant, stimulateur de Clitoris, aspiration sous vide orale - H\u00e9donia\" \/>\n<meta property=\"og:url\" content=\"https:\/\/sexshop.cm\/produit\/vibromasseur-a-succion-pour-femme-adulte-jouet-sexuel-vibrant-stimulateur-de-clitoris-aspiration-sous-vide-orale\/\" \/>\n<meta property=\"og:site_name\" content=\"H\u00e9donia\" \/>\n<meta property=\"article:modified_time\" content=\"2024-12-19T19:26:14+00:00\" \/>\n<meta property=\"og:image\" content=\"http:\/\/sexshop.cm\/wp-content\/uploads\/2023\/11\/Vibromasseur-succion-pour-femme-adulte-jouet-sexuel-vibrant-stimulateur-de-Clitoris-aspiration-sous-vide-orale.webp\" \/>\n\t<meta property=\"og:image:width\" content=\"1000\" \/>\n\t<meta property=\"og:image:height\" content=\"1000\" \/>\n\t<meta property=\"og:image:type\" content=\"image\/webp\" \/>\n<meta name=\"twitter:card\" content=\"summary_large_image\" \/>\n<meta name=\"twitter:label1\" content=\"Price\" \/>\n\t<meta name=\"twitter:data1\" content=\"25000&nbsp;CFA\" \/>\n\t<meta name=\"twitter:label2\" content=\"Availability\" \/>\n\t<meta name=\"twitter:data2\" content=\"In stock\" \/>\n<script type=\"application\/ld+json\" class=\"yoast-schema-graph\">{\"@context\":\"https:\/\/schema.org\",\"@graph\":[{\"@type\":\"WebPage\",\"@id\":\"https:\/\/sexshop.cm\/produit\/vibromasseur-a-succion-pour-femme-adulte-jouet-sexuel-vibrant-stimulateur-de-clitoris-aspiration-sous-vide-orale\/\",\"url\":\"https:\/\/sexshop.cm\/produit\/vibromasseur-a-succion-pour-femme-adulte-jouet-sexuel-vibrant-stimulateur-de-clitoris-aspiration-sous-vide-orale\/\",\"name\":\"- Achetez et Commandez Discr\u00e8tement vos Vibromasseur \u00e0 succion pour femme adulte, jouet sexuel vibrant, stimulateur de Clitoris, aspiration sous vide orale au Cameroun -\",\"isPartOf\":{\"@id\":\"https:\/\/sexshop.cm\/#website\"},\"datePublished\":\"2023-11-04T13:50:58+00:00\",\"dateModified\":\"2024-12-19T19:26:14+00:00\",\"description\":\"Commandez vos meilleurs Vibromasseur \u00e0 succion pour femme adulte, jouet sexuel vibrant, stimulateur de Clitoris, aspiration sous vide orale \u00e0 bons prix partout au Cameroun et faites vous livrer discr\u00e8tement, sur H\u00e9donia, le meilleur site de vente en ligne de sextoys au Cameroun. - Whatsapp: +237 672588687\",\"breadcrumb\":{\"@id\":\"https:\/\/sexshop.cm\/produit\/vibromasseur-a-succion-pour-femme-adulte-jouet-sexuel-vibrant-stimulateur-de-clitoris-aspiration-sous-vide-orale\/#breadcrumb\"},\"inLanguage\":\"en-US\",\"potentialAction\":[{\"@type\":\"ReadAction\",\"target\":[\"https:\/\/sexshop.cm\/produit\/vibromasseur-a-succion-pour-femme-adulte-jouet-sexuel-vibrant-stimulateur-de-clitoris-aspiration-sous-vide-orale\/\"]}]},{\"@type\":\"BreadcrumbList\",\"@id\":\"https:\/\/sexshop.cm\/produit\/vibromasseur-a-succion-pour-femme-adulte-jouet-sexuel-vibrant-stimulateur-de-clitoris-aspiration-sous-vide-orale\/#breadcrumb\",\"itemListElement\":[{\"@type\":\"ListItem\",\"position\":1,\"name\":\"Accueil\",\"item\":\"https:\/\/sexshop.cm\/en\/online-sexshop-in-cameroon\/\"},{\"@type\":\"ListItem\",\"position\":2,\"name\":\"Shop\",\"item\":\"https:\/\/sexshop.cm\/shop\/\"},{\"@type\":\"ListItem\",\"position\":3,\"name\":\"Vibromasseur \u00e0 succion pour femme adulte, jouet sexuel vibrant, stimulateur de Clitoris, aspiration sous vide orale\"}]},{\"@type\":\"WebSite\",\"@id\":\"https:\/\/sexshop.cm\/#website\",\"url\":\"https:\/\/sexshop.cm\/\",\"name\":\"H\u00e9donia\",\"description\":\"SexShop en ligne - Boutique de sextoys et objets coquins en ligne au Cameroun\",\"publisher\":{\"@id\":\"https:\/\/sexshop.cm\/#organization\"},\"potentialAction\":[{\"@type\":\"SearchAction\",\"target\":{\"@type\":\"EntryPoint\",\"urlTemplate\":\"https:\/\/sexshop.cm\/?s={search_term_string}\"},\"query-input\":\"required name=search_term_string\"}],\"inLanguage\":\"en-US\"},{\"@type\":\"Organization\",\"@id\":\"https:\/\/sexshop.cm\/#organization\",\"name\":\"H\u00e9donia\",\"alternateName\":\"Boutique de Sextoys en ligne au Cameroun\",\"url\":\"https:\/\/sexshop.cm\/\",\"logo\":{\"@type\":\"ImageObject\",\"inLanguage\":\"en-US\",\"@id\":\"https:\/\/sexshop.cm\/#\/schema\/logo\/image\/\",\"url\":\"https:\/\/sexshop.cm\/wp-content\/uploads\/2022\/10\/logo-680-hedonia.png.200x100_q85_background-f8f9fa.png\",\"contentUrl\":\"https:\/\/sexshop.cm\/wp-content\/uploads\/2022\/10\/logo-680-hedonia.png.200x100_q85_background-f8f9fa.png\",\"width\":2222,\"height\":534,\"caption\":\"H\u00e9donia\"},\"image\":{\"@id\":\"https:\/\/sexshop.cm\/#\/schema\/logo\/image\/\"}}]}<\/script>\n<meta property=\"product:price:amount\" content=\"25000\" \/>\n<meta property=\"product:price:currency\" content=\"XAF\" \/>\n<meta property=\"og:availability\" content=\"instock\" \/>\n<meta property=\"product:availability\" content=\"instock\" \/>\n<meta property=\"product:retailer_item_id\" content=\"4001278548038\" \/>\n<meta property=\"product:condition\" content=\"new\" \/>\n<!-- \/ Yoast SEO Premium plugin. -->","yoast_head_json":{"title":"- Achetez et Commandez Discr\u00e8tement vos Vibromasseur \u00e0 succion pour femme adulte, jouet sexuel vibrant, stimulateur de Clitoris, aspiration sous vide orale au Cameroun -","description":"Commandez vos meilleurs Vibromasseur \u00e0 succion pour femme adulte, jouet sexuel vibrant, stimulateur de Clitoris, aspiration sous vide orale \u00e0 bons prix partout au Cameroun et faites vous livrer discr\u00e8tement, sur H\u00e9donia, le meilleur site de vente en ligne de sextoys au Cameroun. - Whatsapp: +237 672588687","robots":{"index":"index","follow":"follow","max-snippet":"max-snippet:-1","max-image-preview":"max-image-preview:large","max-video-preview":"max-video-preview:-1"},"canonical":"https:\/\/sexshop.cm\/produit\/vibromasseur-a-succion-pour-femme-adulte-jouet-sexuel-vibrant-stimulateur-de-clitoris-aspiration-sous-vide-orale\/","og_locale":"en_US","og_type":"article","og_title":"Vibromasseur \u00e0 succion pour femme adulte, jouet sexuel vibrant, stimulateur de Clitoris, aspiration sous vide orale","og_description":"Vibromasseur \u00e0 succion pour femme adulte, jouet sexuel vibrant, stimulateur de Clitoris, aspiration sous vide orale - H\u00e9donia","og_url":"https:\/\/sexshop.cm\/produit\/vibromasseur-a-succion-pour-femme-adulte-jouet-sexuel-vibrant-stimulateur-de-clitoris-aspiration-sous-vide-orale\/","og_site_name":"H\u00e9donia","article_modified_time":"2024-12-19T19:26:14+00:00","og_image":[{"width":1000,"height":1000,"url":"http:\/\/sexshop.cm\/wp-content\/uploads\/2023\/11\/Vibromasseur-succion-pour-femme-adulte-jouet-sexuel-vibrant-stimulateur-de-Clitoris-aspiration-sous-vide-orale.webp","type":"image\/webp"}],"twitter_card":"summary_large_image","twitter_misc":{"Price":"25000&nbsp;CFA","Availability":"In stock"},"schema":{"@context":"https:\/\/schema.org","@graph":[{"@type":"WebPage","@id":"https:\/\/sexshop.cm\/produit\/vibromasseur-a-succion-pour-femme-adulte-jouet-sexuel-vibrant-stimulateur-de-clitoris-aspiration-sous-vide-orale\/","url":"https:\/\/sexshop.cm\/produit\/vibromasseur-a-succion-pour-femme-adulte-jouet-sexuel-vibrant-stimulateur-de-clitoris-aspiration-sous-vide-orale\/","name":"- Achetez et Commandez Discr\u00e8tement vos Vibromasseur \u00e0 succion pour femme adulte, jouet sexuel vibrant, stimulateur de Clitoris, aspiration sous vide orale au Cameroun -","isPartOf":{"@id":"https:\/\/sexshop.cm\/#website"},"datePublished":"2023-11-04T13:50:58+00:00","dateModified":"2024-12-19T19:26:14+00:00","description":"Commandez vos meilleurs Vibromasseur \u00e0 succion pour femme adulte, jouet sexuel vibrant, stimulateur de Clitoris, aspiration sous vide orale \u00e0 bons prix partout au Cameroun et faites vous livrer discr\u00e8tement, sur H\u00e9donia, le meilleur site de vente en ligne de sextoys au Cameroun. - Whatsapp: +237 672588687","breadcrumb":{"@id":"https:\/\/sexshop.cm\/produit\/vibromasseur-a-succion-pour-femme-adulte-jouet-sexuel-vibrant-stimulateur-de-clitoris-aspiration-sous-vide-orale\/#breadcrumb"},"inLanguage":"en-US","potentialAction":[{"@type":"ReadAction","target":["https:\/\/sexshop.cm\/produit\/vibromasseur-a-succion-pour-femme-adulte-jouet-sexuel-vibrant-stimulateur-de-clitoris-aspiration-sous-vide-orale\/"]}]},{"@type":"BreadcrumbList","@id":"https:\/\/sexshop.cm\/produit\/vibromasseur-a-succion-pour-femme-adulte-jouet-sexuel-vibrant-stimulateur-de-clitoris-aspiration-sous-vide-orale\/#breadcrumb","itemListElement":[{"@type":"ListItem","position":1,"name":"Accueil","item":"https:\/\/sexshop.cm\/en\/online-sexshop-in-cameroon\/"},{"@type":"ListItem","position":2,"name":"Shop","item":"https:\/\/sexshop.cm\/shop\/"},{"@type":"ListItem","position":3,"name":"Vibromasseur \u00e0 succion pour femme adulte, jouet sexuel vibrant, stimulateur de Clitoris, aspiration sous vide orale"}]},{"@type":"WebSite","@id":"https:\/\/sexshop.cm\/#website","url":"https:\/\/sexshop.cm\/","name":"H\u00e9donia","description":"SexShop en ligne - Boutique de sextoys et objets coquins en ligne au Cameroun","publisher":{"@id":"https:\/\/sexshop.cm\/#organization"},"potentialAction":[{"@type":"SearchAction","target":{"@type":"EntryPoint","urlTemplate":"https:\/\/sexshop.cm\/?s={search_term_string}"},"query-input":"required name=search_term_string"}],"inLanguage":"en-US"},{"@type":"Organization","@id":"https:\/\/sexshop.cm\/#organization","name":"H\u00e9donia","alternateName":"Boutique de Sextoys en ligne au Cameroun","url":"https:\/\/sexshop.cm\/","logo":{"@type":"ImageObject","inLanguage":"en-US","@id":"https:\/\/sexshop.cm\/#\/schema\/logo\/image\/","url":"https:\/\/sexshop.cm\/wp-content\/uploads\/2022\/10\/logo-680-hedonia.png.200x100_q85_background-f8f9fa.png","contentUrl":"https:\/\/sexshop.cm\/wp-content\/uploads\/2022\/10\/logo-680-hedonia.png.200x100_q85_background-f8f9fa.png","width":2222,"height":534,"caption":"H\u00e9donia"},"image":{"@id":"https:\/\/sexshop.cm\/#\/schema\/logo\/image\/"}}]},"product_price_amount":"25000","product_price_currency":"XAF","og_availability":"instock","product_availability":"instock","product_retailer_item_id":"4001278548038","product_condition":"new"},"_links":{"self":[{"href":"https:\/\/sexshop.cm\/en\/wp-json\/wp\/v2\/product\/10732"}],"collection":[{"href":"https:\/\/sexshop.cm\/en\/wp-json\/wp\/v2\/product"}],"about":[{"href":"https:\/\/sexshop.cm\/en\/wp-json\/wp\/v2\/types\/product"}],"replies":[{"embeddable":true,"href":"https:\/\/sexshop.cm\/en\/wp-json\/wp\/v2\/comments?post=10732"}],"wp:featuredmedia":[{"embeddable":true,"href":"https:\/\/sexshop.cm\/en\/wp-json\/wp\/v2\/media\/10733"}],"wp:attachment":[{"href":"https:\/\/sexshop.cm\/en\/wp-json\/wp\/v2\/media?parent=10732"}],"wp:term":[{"taxonomy":"brand","embeddable":true,"href":"https:\/\/sexshop.cm\/en\/wp-json\/wp\/v2\/etheme_brands?post=10732"},{"taxonomy":"product_cat","embeddable":true,"href":"https:\/\/sexshop.cm\/en\/wp-json\/wp\/v2\/product_cat?post=10732"},{"taxonomy":"product_tag","embeddable":true,"href":"https:\/\/sexshop.cm\/en\/wp-json\/wp\/v2\/product_tag?post=10732"}],"curies":[{"name":"wp","href":"https:\/\/api.w.org\/{rel}","templated":true}]}}