{"id":10738,"date":"2023-11-04T14:51:05","date_gmt":"2023-11-04T13:51:05","guid":{"rendered":"https:\/\/sexshop.cm\/produit\/penis-vibrant-et-chauffant-telescopique-automatique-pour-femme\/"},"modified":"2023-11-04T16:15:01","modified_gmt":"2023-11-04T15:15:01","slug":"penis-vibrant-et-chauffant-telescopique-automatique-pour-femme","status":"publish","type":"product","link":"https:\/\/sexshop.cm\/en\/produit\/penis-vibrant-et-chauffant-telescopique-automatique-pour-femme\/","title":{"rendered":"Penis vibrant et chauffant t\u00e9lescopique automatique pour femme"},"content":{"rendered":"<div class=\"detailmodule_html\">\n<div class=\"detail-desc-decorate-richtext\">\n<div class=\"detailmodule_html\">\n<div class=\"detail-desc-decorate-richtext\">\n<div class=\"detailmodule_image\"><img decoding=\"async\" class=\"detail-desc-decorate-image\" src=\"https:\/\/ae01.alicdn.com\/kf\/H18dd7a6b45a540f3979654299099d6a0u.jpg\" \/><\/div>\n<div class=\"detailmodule_text\">\n<p class=\"detail-desc-decorate-content\" style=\"font-family: OpenSans; font-size: 14px; font-weight: 300; line-height: 20px; white-space: pre-wrap; color: #000000; margin-bottom: 12px;\">Fonction:<\/p>\n<p>A-PW 21CM: Chauffage, pouss\u00e9e, se tortillant, tournant, vibration.<br \/>\nB-KS 21.5CM: gode chauffant, tortillant, vibrant.<br \/>\nC-DI 21.5CM: gode chauffant, de pouss\u00e9e, de vibration.<br \/>\nD-21CM: Gode de chauffage, de pouss\u00e9e, de vibration.<br \/>\nE-STPW 23CM: Chauffage, pouss\u00e9e, langue l\u00e9chant, tournant, vibration.<\/p>\n<p>Packge incluent:<br \/>\n1 * gode + c\u00e2ble usb + t\u00e9l\u00e9commande sans fil<\/p>\n<p>Caract\u00e9ristiques:<\/p>\n<p>Chauffage intelligent, pouss\u00e9e, pouss\u00e9e, rotation, vibration en 10 modes, gode vibrant puissant.<br \/>\nVibration: vibration \u00e0 7 fr\u00e9quences disponibles, vibrateur gode de contr\u00f4le remate sans fil de 20m.<br \/>\nPuissance: Charge d&#8217;aspiration magn\u00e9tique.<br \/>\nGros gode r\u00e9aliste: moul\u00e9 \u00e0 partir d&#8217;un p\u00e9nis r\u00e9aliste masculin. Le veinage r\u00e9aliste et le p\u00e9nis de glandes fournissent consid\u00e9rablement le plaisir visuel et sexuel.<br \/>\nMat\u00e9riau en silicone: nous insistons sur l&#8217;utilisation d&#8217;un mat\u00e9riau en silicone m\u00e9dical, non toxique, inoffensif, s\u00fbr, inodore.<br \/>\nGode \u00e0 ventouse puissant: peut \u00eatre absorb\u00e9 sur toute surface lisse pour lib\u00e9rer vos mains.<br \/>\n\u00c9tanche: 100% \u00e9tanche, peut \u00eatre utilis\u00e9 sous la douche pour une meilleure exp\u00e9rience. Nettoie en quelques secondes avec de l&#8217;eau.<\/p>\n<\/div>\n<div class=\"detailmodule_image\"><img decoding=\"async\" class=\"detail-desc-decorate-image\" style=\"margin-bottom: 10px;\" src=\"https:\/\/ae01.alicdn.com\/kf\/S78c7e5dd1e3b40ba947ca2987ee4d730J.jpg\" \/><img decoding=\"async\" class=\"detail-desc-decorate-image\" style=\"margin-bottom: 10px;\" src=\"https:\/\/ae01.alicdn.com\/kf\/S8e1fe4c4ff404e86a3abcd123f7cb49bv.jpg\" \/><img decoding=\"async\" class=\"detail-desc-decorate-image\" style=\"margin-bottom: 10px;\" src=\"https:\/\/ae01.alicdn.com\/kf\/S4971fc9ff40e46e68bddb4b85120ec8cF.jpg\" \/><img decoding=\"async\" class=\"detail-desc-decorate-image\" style=\"margin-bottom: 10px;\" src=\"https:\/\/ae01.alicdn.com\/kf\/Se254150944704bd5b595ca7cfba6d216z.jpg\" \/><\/div>\n<div class=\"detailmodule_image\"><img decoding=\"async\" src=\"https:\/\/ae01.alicdn.com\/kf\/S03679445e46f42448a242d4ec3354cc1k.jpg\" \/><img decoding=\"async\" class=\"detail-desc-decorate-image\" src=\"https:\/\/ae04.alicdn.com\/kf\/Ha98db4b8f4804a368bdcf08b02df53c86.jpg\" \/><img decoding=\"async\" class=\"detail-desc-decorate-image\" src=\"https:\/\/ae04.alicdn.com\/kf\/H26570d4b3cb24c38a4b5806b8db5f2a3S.jpg\" \/><img decoding=\"async\" class=\"detail-desc-decorate-image\" src=\"https:\/\/ae04.alicdn.com\/kf\/H6dc5c6dfea544030a1356f0746c42b54j.jpg\" \/><img decoding=\"async\" class=\"detail-desc-decorate-image\" src=\"https:\/\/ae04.alicdn.com\/kf\/Hb069cba82db54df0baaefd26e9e96910I.jpg\" \/><img decoding=\"async\" class=\"detail-desc-decorate-image\" src=\"https:\/\/ae04.alicdn.com\/kf\/Hbfa9183e12d54f5b8c68927372547acao.jpg\" \/><img decoding=\"async\" class=\"detail-desc-decorate-image\" src=\"https:\/\/ae01.alicdn.com\/kf\/S0a28084628ba4a94a3b11864e564c812F.jpg\" \/><img decoding=\"async\" class=\"detail-desc-decorate-image\" src=\"https:\/\/ae04.alicdn.com\/kf\/Hb7101a1b3c084a889815a216438e048a0.jpg\" \/><\/div>\n<div class=\"detailmodule_image\"><img decoding=\"async\" class=\"detail-desc-decorate-image\" src=\"https:\/\/ae04.alicdn.com\/kf\/Hd0342474f34e49489d219c1484fea5fa6.jpg\" \/><img decoding=\"async\" class=\"detail-desc-decorate-image\" src=\"https:\/\/ae01.alicdn.com\/kf\/S41214f89dcf34577b72ba3720b3d04431.jpg\" \/><img decoding=\"async\" class=\"detail-desc-decorate-image\" src=\"https:\/\/ae04.alicdn.com\/kf\/H328cd666d51b41e49bfc0dcac5acd52eG.jpg\" \/><img decoding=\"async\" class=\"detail-desc-decorate-image\" src=\"https:\/\/ae04.alicdn.com\/kf\/H72509c0c437c4b09ad074da60a6a6ee5S.jpg\" \/><img decoding=\"async\" class=\"detail-desc-decorate-image\" src=\"https:\/\/ae04.alicdn.com\/kf\/Hf9252d4cab354dbaae8e2382e14429dds.jpg\" \/><img decoding=\"async\" class=\"detail-desc-decorate-image\" src=\"https:\/\/ae04.alicdn.com\/kf\/Hd2cb88b0b7f34f298ae58f8654a33af6h.jpg\" \/><\/div>\n<div class=\"detailmodule_image\"><img decoding=\"async\" class=\"detail-desc-decorate-image\" src=\"https:\/\/ae01.alicdn.com\/kf\/S2ce1f2fe8972432180bbe2cabac875ebn.jpg\" \/><img decoding=\"async\" class=\"detail-desc-decorate-image\" src=\"https:\/\/ae01.alicdn.com\/kf\/Se10e5772d20149f9a94bfe5622faddb7h.jpg\" \/><img decoding=\"async\" class=\"detail-desc-decorate-image\" src=\"https:\/\/ae01.alicdn.com\/kf\/Sf2d84f4b025f4ebda245b405c0484184u.jpg\" \/><img decoding=\"async\" class=\"detail-desc-decorate-image\" src=\"https:\/\/ae01.alicdn.com\/kf\/S18c1f8d197ca49dc9777518a72ce111f6.jpg\" \/><img decoding=\"async\" class=\"detail-desc-decorate-image\" src=\"https:\/\/ae01.alicdn.com\/kf\/S573f8145b63e49c29ed673c4fc4cadb6l.jpg\" \/><img decoding=\"async\" class=\"detail-desc-decorate-image\" src=\"https:\/\/ae01.alicdn.com\/kf\/See7cbee6e4134d08a91d4cfd71dedf38l.jpg\" \/><img decoding=\"async\" class=\"detail-desc-decorate-image\" src=\"https:\/\/ae01.alicdn.com\/kf\/Sb7c56816817c4439ba3e2ab8b135f778S.jpg\" \/><img decoding=\"async\" class=\"detail-desc-decorate-image\" src=\"https:\/\/ae01.alicdn.com\/kf\/S54c8e56fc570428481f32f1dce48dba0u.jpg\" \/><img decoding=\"async\" class=\"detail-desc-decorate-image\" src=\"https:\/\/ae01.alicdn.com\/kf\/Sac0a66f64f49460a9aa2915a36b10f8eH.jpg\" \/><\/div>\n<div class=\"detailmodule_image\"><img decoding=\"async\" class=\"detail-desc-decorate-image\" src=\"https:\/\/ae04.alicdn.com\/kf\/H23d7488de7e741ed8f911d4d760577cfY.jpg\" \/><img decoding=\"async\" class=\"detail-desc-decorate-image\" src=\"https:\/\/ae04.alicdn.com\/kf\/H1b8d665cdf574b37b0923779379dde31P.jpg\" \/><img decoding=\"async\" class=\"detail-desc-decorate-image\" src=\"https:\/\/ae04.alicdn.com\/kf\/H75799e84f5fd494ead05115dcd209c0c9.jpg\" \/><img decoding=\"async\" class=\"detail-desc-decorate-image\" src=\"https:\/\/ae04.alicdn.com\/kf\/H46946e8cca444be6a5cf232c12261060v.jpg\" \/><img decoding=\"async\" class=\"detail-desc-decorate-image\" src=\"https:\/\/ae04.alicdn.com\/kf\/H712938c55b4241d18f07d9932f45a86fd.jpg\" \/><img decoding=\"async\" class=\"detail-desc-decorate-image\" src=\"https:\/\/ae04.alicdn.com\/kf\/Ha5d01ec1036140bbb612db08c16ae521z.jpg\" \/><\/div>\n<\/div>\n<\/div>\n<\/div>\n<\/div>\n","protected":false},"excerpt":{"rendered":"<p>Fonction: A-PW 21CM: Chauffage, pouss\u00e9e, se tortillant, tournant, vibration. B-KS 21.5CM: gode chauffant, tortillant, vibrant. C-DI 21.5CM: gode chauffant, de pouss\u00e9e, de vibration. D-21CM: Gode de chauffage, de pouss\u00e9e, de vibration. E-STPW 23CM: Chauffage, pouss\u00e9e, langue l\u00e9chant, tournant, vibration. Packge incluent: 1 * gode + c\u00e2ble usb + t\u00e9l\u00e9commande sans fil Caract\u00e9ristiques: Chauffage intelligent, pouss\u00e9e, pouss\u00e9e, rotation, vibration en 10 modes, gode vibrant puissant. Vibration: vibration \u00e0 7 fr\u00e9quences disponibles, vibrateur gode de contr\u00f4le remate sans fil de 20m. Puissance: Charge d&#8217;aspiration magn\u00e9tique. Gros gode r\u00e9aliste: moul\u00e9 \u00e0 partir d&#8217;un p\u00e9nis r\u00e9aliste masculin. Le veinage r\u00e9aliste et le p\u00e9nis de<\/p>\n","protected":false},"featured_media":10782,"comment_status":"open","ping_status":"closed","template":"","meta":{"_joinchat":[]},"etheme_brands":[],"product_cat":[46],"product_tag":[],"yoast_head":"<!-- This site is optimized with the Yoast SEO Premium plugin v19.3 (Yoast SEO v21.5) - https:\/\/yoast.com\/wordpress\/plugins\/seo\/ -->\n<title>- Achetez et Commandez Discr\u00e8tement vos Penis vibrant et chauffant t\u00e9lescopique automatique pour femme au Cameroun -<\/title>\n<meta name=\"description\" content=\"Commandez vos meilleurs Penis vibrant et chauffant t\u00e9lescopique automatique pour femme \u00e0 bons prix partout au Cameroun et faites vous livrer discr\u00e8tement, sur H\u00e9donia, le meilleur site de vente en ligne de sextoys au Cameroun. - Whatsapp: +237 672588687\" \/>\n<meta name=\"robots\" content=\"index, follow, max-snippet:-1, max-image-preview:large, max-video-preview:-1\" \/>\n<link rel=\"canonical\" href=\"https:\/\/sexshop.cm\/produit\/penis-vibrant-et-chauffant-telescopique-automatique-pour-femme\/\" \/>\n<meta property=\"og:locale\" content=\"en_US\" \/>\n<meta property=\"og:type\" content=\"article\" \/>\n<meta property=\"og:title\" content=\"Penis vibrant et chauffant t\u00e9lescopique automatique pour femme\" \/>\n<meta property=\"og:description\" content=\"Penis vibrant et chauffant t\u00e9lescopique automatique pour femme - H\u00e9donia\" \/>\n<meta property=\"og:url\" content=\"https:\/\/sexshop.cm\/produit\/penis-vibrant-et-chauffant-telescopique-automatique-pour-femme\/\" \/>\n<meta property=\"og:site_name\" content=\"H\u00e9donia\" \/>\n<meta property=\"article:modified_time\" content=\"2023-11-04T15:15:01+00:00\" \/>\n<meta property=\"og:image\" content=\"http:\/\/sexshop.cm\/wp-content\/uploads\/2023\/11\/B-ton-de-changement-de-p-nis-en-silicone-pour-femme-l-cher-la-langue-sexe.jpg_640x640.webp\" \/>\n\t<meta property=\"og:image:width\" content=\"640\" \/>\n\t<meta property=\"og:image:height\" content=\"640\" \/>\n\t<meta property=\"og:image:type\" content=\"image\/webp\" \/>\n<meta name=\"twitter:card\" content=\"summary_large_image\" \/>\n<meta name=\"twitter:label1\" content=\"Price\" \/>\n\t<meta name=\"twitter:data1\" content=\"60000&nbsp;CFA\" \/>\n\t<meta name=\"twitter:label2\" content=\"Availability\" \/>\n\t<meta name=\"twitter:data2\" content=\"In stock\" \/>\n<script type=\"application\/ld+json\" class=\"yoast-schema-graph\">{\"@context\":\"https:\/\/schema.org\",\"@graph\":[{\"@type\":\"WebPage\",\"@id\":\"https:\/\/sexshop.cm\/produit\/penis-vibrant-et-chauffant-telescopique-automatique-pour-femme\/\",\"url\":\"https:\/\/sexshop.cm\/produit\/penis-vibrant-et-chauffant-telescopique-automatique-pour-femme\/\",\"name\":\"- Achetez et Commandez Discr\u00e8tement vos Penis vibrant et chauffant t\u00e9lescopique automatique pour femme au Cameroun -\",\"isPartOf\":{\"@id\":\"https:\/\/sexshop.cm\/#website\"},\"datePublished\":\"2023-11-04T13:51:05+00:00\",\"dateModified\":\"2023-11-04T15:15:01+00:00\",\"description\":\"Commandez vos meilleurs Penis vibrant et chauffant t\u00e9lescopique automatique pour femme \u00e0 bons prix partout au Cameroun et faites vous livrer discr\u00e8tement, sur H\u00e9donia, le meilleur site de vente en ligne de sextoys au Cameroun. - Whatsapp: +237 672588687\",\"breadcrumb\":{\"@id\":\"https:\/\/sexshop.cm\/produit\/penis-vibrant-et-chauffant-telescopique-automatique-pour-femme\/#breadcrumb\"},\"inLanguage\":\"en-US\",\"potentialAction\":[{\"@type\":\"ReadAction\",\"target\":[\"https:\/\/sexshop.cm\/produit\/penis-vibrant-et-chauffant-telescopique-automatique-pour-femme\/\"]}]},{\"@type\":\"BreadcrumbList\",\"@id\":\"https:\/\/sexshop.cm\/produit\/penis-vibrant-et-chauffant-telescopique-automatique-pour-femme\/#breadcrumb\",\"itemListElement\":[{\"@type\":\"ListItem\",\"position\":1,\"name\":\"Accueil\",\"item\":\"https:\/\/sexshop.cm\/en\/online-sexshop-in-cameroon\/\"},{\"@type\":\"ListItem\",\"position\":2,\"name\":\"Shop\",\"item\":\"https:\/\/sexshop.cm\/shop\/\"},{\"@type\":\"ListItem\",\"position\":3,\"name\":\"Penis vibrant et chauffant t\u00e9lescopique automatique pour femme\"}]},{\"@type\":\"WebSite\",\"@id\":\"https:\/\/sexshop.cm\/#website\",\"url\":\"https:\/\/sexshop.cm\/\",\"name\":\"H\u00e9donia\",\"description\":\"SexShop en ligne - Boutique de sextoys et objets coquins en ligne au Cameroun\",\"publisher\":{\"@id\":\"https:\/\/sexshop.cm\/#organization\"},\"potentialAction\":[{\"@type\":\"SearchAction\",\"target\":{\"@type\":\"EntryPoint\",\"urlTemplate\":\"https:\/\/sexshop.cm\/?s={search_term_string}\"},\"query-input\":\"required name=search_term_string\"}],\"inLanguage\":\"en-US\"},{\"@type\":\"Organization\",\"@id\":\"https:\/\/sexshop.cm\/#organization\",\"name\":\"H\u00e9donia\",\"alternateName\":\"Boutique de Sextoys en ligne au Cameroun\",\"url\":\"https:\/\/sexshop.cm\/\",\"logo\":{\"@type\":\"ImageObject\",\"inLanguage\":\"en-US\",\"@id\":\"https:\/\/sexshop.cm\/#\/schema\/logo\/image\/\",\"url\":\"https:\/\/sexshop.cm\/wp-content\/uploads\/2022\/10\/logo-680-hedonia.png.200x100_q85_background-f8f9fa.png\",\"contentUrl\":\"https:\/\/sexshop.cm\/wp-content\/uploads\/2022\/10\/logo-680-hedonia.png.200x100_q85_background-f8f9fa.png\",\"width\":2222,\"height\":534,\"caption\":\"H\u00e9donia\"},\"image\":{\"@id\":\"https:\/\/sexshop.cm\/#\/schema\/logo\/image\/\"}}]}<\/script>\n<meta property=\"product:price:amount\" content=\"60000\" \/>\n<meta property=\"product:price:currency\" content=\"XAF\" \/>\n<meta property=\"og:availability\" content=\"instock\" \/>\n<meta property=\"product:availability\" content=\"instock\" \/>\n<meta property=\"product:retailer_item_id\" content=\"1005001993049857\" \/>\n<meta property=\"product:condition\" content=\"new\" \/>\n<!-- \/ Yoast SEO Premium plugin. -->","yoast_head_json":{"title":"- Achetez et Commandez Discr\u00e8tement vos Penis vibrant et chauffant t\u00e9lescopique automatique pour femme au Cameroun -","description":"Commandez vos meilleurs Penis vibrant et chauffant t\u00e9lescopique automatique pour femme \u00e0 bons prix partout au Cameroun et faites vous livrer discr\u00e8tement, sur H\u00e9donia, le meilleur site de vente en ligne de sextoys au Cameroun. - Whatsapp: +237 672588687","robots":{"index":"index","follow":"follow","max-snippet":"max-snippet:-1","max-image-preview":"max-image-preview:large","max-video-preview":"max-video-preview:-1"},"canonical":"https:\/\/sexshop.cm\/produit\/penis-vibrant-et-chauffant-telescopique-automatique-pour-femme\/","og_locale":"en_US","og_type":"article","og_title":"Penis vibrant et chauffant t\u00e9lescopique automatique pour femme","og_description":"Penis vibrant et chauffant t\u00e9lescopique automatique pour femme - H\u00e9donia","og_url":"https:\/\/sexshop.cm\/produit\/penis-vibrant-et-chauffant-telescopique-automatique-pour-femme\/","og_site_name":"H\u00e9donia","article_modified_time":"2023-11-04T15:15:01+00:00","og_image":[{"width":640,"height":640,"url":"http:\/\/sexshop.cm\/wp-content\/uploads\/2023\/11\/B-ton-de-changement-de-p-nis-en-silicone-pour-femme-l-cher-la-langue-sexe.jpg_640x640.webp","type":"image\/webp"}],"twitter_card":"summary_large_image","twitter_misc":{"Price":"60000&nbsp;CFA","Availability":"In stock"},"schema":{"@context":"https:\/\/schema.org","@graph":[{"@type":"WebPage","@id":"https:\/\/sexshop.cm\/produit\/penis-vibrant-et-chauffant-telescopique-automatique-pour-femme\/","url":"https:\/\/sexshop.cm\/produit\/penis-vibrant-et-chauffant-telescopique-automatique-pour-femme\/","name":"- Achetez et Commandez Discr\u00e8tement vos Penis vibrant et chauffant t\u00e9lescopique automatique pour femme au Cameroun -","isPartOf":{"@id":"https:\/\/sexshop.cm\/#website"},"datePublished":"2023-11-04T13:51:05+00:00","dateModified":"2023-11-04T15:15:01+00:00","description":"Commandez vos meilleurs Penis vibrant et chauffant t\u00e9lescopique automatique pour femme \u00e0 bons prix partout au Cameroun et faites vous livrer discr\u00e8tement, sur H\u00e9donia, le meilleur site de vente en ligne de sextoys au Cameroun. - Whatsapp: +237 672588687","breadcrumb":{"@id":"https:\/\/sexshop.cm\/produit\/penis-vibrant-et-chauffant-telescopique-automatique-pour-femme\/#breadcrumb"},"inLanguage":"en-US","potentialAction":[{"@type":"ReadAction","target":["https:\/\/sexshop.cm\/produit\/penis-vibrant-et-chauffant-telescopique-automatique-pour-femme\/"]}]},{"@type":"BreadcrumbList","@id":"https:\/\/sexshop.cm\/produit\/penis-vibrant-et-chauffant-telescopique-automatique-pour-femme\/#breadcrumb","itemListElement":[{"@type":"ListItem","position":1,"name":"Accueil","item":"https:\/\/sexshop.cm\/en\/online-sexshop-in-cameroon\/"},{"@type":"ListItem","position":2,"name":"Shop","item":"https:\/\/sexshop.cm\/shop\/"},{"@type":"ListItem","position":3,"name":"Penis vibrant et chauffant t\u00e9lescopique automatique pour femme"}]},{"@type":"WebSite","@id":"https:\/\/sexshop.cm\/#website","url":"https:\/\/sexshop.cm\/","name":"H\u00e9donia","description":"SexShop en ligne - Boutique de sextoys et objets coquins en ligne au Cameroun","publisher":{"@id":"https:\/\/sexshop.cm\/#organization"},"potentialAction":[{"@type":"SearchAction","target":{"@type":"EntryPoint","urlTemplate":"https:\/\/sexshop.cm\/?s={search_term_string}"},"query-input":"required name=search_term_string"}],"inLanguage":"en-US"},{"@type":"Organization","@id":"https:\/\/sexshop.cm\/#organization","name":"H\u00e9donia","alternateName":"Boutique de Sextoys en ligne au Cameroun","url":"https:\/\/sexshop.cm\/","logo":{"@type":"ImageObject","inLanguage":"en-US","@id":"https:\/\/sexshop.cm\/#\/schema\/logo\/image\/","url":"https:\/\/sexshop.cm\/wp-content\/uploads\/2022\/10\/logo-680-hedonia.png.200x100_q85_background-f8f9fa.png","contentUrl":"https:\/\/sexshop.cm\/wp-content\/uploads\/2022\/10\/logo-680-hedonia.png.200x100_q85_background-f8f9fa.png","width":2222,"height":534,"caption":"H\u00e9donia"},"image":{"@id":"https:\/\/sexshop.cm\/#\/schema\/logo\/image\/"}}]},"product_price_amount":"60000","product_price_currency":"XAF","og_availability":"instock","product_availability":"instock","product_retailer_item_id":"1005001993049857","product_condition":"new"},"_links":{"self":[{"href":"https:\/\/sexshop.cm\/en\/wp-json\/wp\/v2\/product\/10738"}],"collection":[{"href":"https:\/\/sexshop.cm\/en\/wp-json\/wp\/v2\/product"}],"about":[{"href":"https:\/\/sexshop.cm\/en\/wp-json\/wp\/v2\/types\/product"}],"replies":[{"embeddable":true,"href":"https:\/\/sexshop.cm\/en\/wp-json\/wp\/v2\/comments?post=10738"}],"wp:featuredmedia":[{"embeddable":true,"href":"https:\/\/sexshop.cm\/en\/wp-json\/wp\/v2\/media\/10782"}],"wp:attachment":[{"href":"https:\/\/sexshop.cm\/en\/wp-json\/wp\/v2\/media?parent=10738"}],"wp:term":[{"taxonomy":"brand","embeddable":true,"href":"https:\/\/sexshop.cm\/en\/wp-json\/wp\/v2\/etheme_brands?post=10738"},{"taxonomy":"product_cat","embeddable":true,"href":"https:\/\/sexshop.cm\/en\/wp-json\/wp\/v2\/product_cat?post=10738"},{"taxonomy":"product_tag","embeddable":true,"href":"https:\/\/sexshop.cm\/en\/wp-json\/wp\/v2\/product_tag?post=10738"}],"curies":[{"name":"wp","href":"https:\/\/api.w.org\/{rel}","templated":true}]}}