{"id":10760,"date":"2023-11-04T14:51:19","date_gmt":"2023-11-04T13:51:19","guid":{"rendered":"https:\/\/sexshop.cm\/produit\/gode-telescopique-realiste-de-23cm-de-long-penis-avec-langue-chauffante-vibromasseur-lechant-sangle-de-bite-grosse-bite-optique-plug-anal-sex-toys-18\/"},"modified":"2023-11-04T18:50:34","modified_gmt":"2023-11-04T17:50:34","slug":"gode-telescopique-realiste-de-23cm-de-long-penis-avec-langue-chauffante-vibromasseur-lechant-sangle-de-bite-grosse-bite-optique-plug-anal-sex-toys-18","status":"publish","type":"product","link":"https:\/\/sexshop.cm\/en\/produit\/gode-telescopique-realiste-de-23cm-de-long-penis-avec-langue-chauffante-vibromasseur-lechant-sangle-de-bite-grosse-bite-optique-plug-anal-sex-toys-18\/","title":{"rendered":"Gode T\u00e9lescopique R\u00e9aliste de 23cm de Long, P\u00e9nis avec Langue Chauffante"},"content":{"rendered":"<div class=\"detailmodule_html\">\n<div class=\"detail-desc-decorate-richtext\">\n<div><\/div>\n<div style=\"font-family: Arial, Helvetica, sans-serif; font-size: 13px; font-weight: 400; letter-spacing: normal; line-height: inherit; text-align: start; white-space: normal; color: #000000; background-color: #ffffff; border: 0px; margin: 0px; padding: 0px; box-sizing: border-box;\" align=\"start\"><span style=\"color: #d33115; font-size: 20px; font-family: inherit;\"><span style=\"color: #d33115; font-size: inherit; font-family: inherit;\"><strong id=\"tl_1\">Comment utiliser:<\/strong><\/span><\/span><\/div>\n<div style=\"font-family: Arial, Helvetica, sans-serif; font-size: 13px; font-weight: 400; letter-spacing: normal; line-height: inherit; text-align: start; white-space: normal; color: #000000; background-color: #ffffff; border: 0px; margin: 0px; padding: 0px; box-sizing: border-box;\" align=\"start\"><span style=\"font-size: 20px; font-family: inherit;\"><span style=\"font-size: inherit; font-family: inherit;\"><span id=\"tl_2\" style=\"color: #ff0000; font-size: inherit; font-family: inherit;\">\u00c9tape 1<\/span><\/span><\/span><br \/>\n<span id=\"tl_3\" style=\"font-size: 20px; font-family: inherit;\">: Allumez le bouton de commutation au bas du p\u00e9nis et une lumi\u00e8re rouge s&#8217;allume. S&#8217;il n&#8217;y a pas de lumi\u00e8re, il doit \u00eatre charg\u00e9.<\/span><\/div>\n<div style=\"font-family: Arial, Helvetica, sans-serif; font-size: 13px; font-weight: 400; letter-spacing: normal; line-height: inherit; text-align: start; white-space: normal; color: #000000; background-color: #ffffff; border: 0px; margin: 0px; padding: 0px; box-sizing: border-box;\" align=\"start\"><span style=\"font-size: 20px; font-family: inherit;\"><span style=\"font-size: inherit; font-family: inherit;\"><span id=\"tl_4\" style=\"color: #ff0000; font-size: inherit; font-family: inherit;\">\u00c9tape 2<\/span><\/span><\/span><br \/>\n<span id=\"tl_5\" style=\"font-size: 20px; font-family: inherit;\">: Appuyez sur le bouton de l&#8217;interrupteur de la t\u00e9l\u00e9commande et le p\u00e9nis commencera \u00e0 \u00eatre t\u00e9lescopique (p\u00e9ristaltisme), il est t\u00e9lescopique ou le p\u00e9ristaltisme d\u00e9pend du mod\u00e8le que vous achetez. Appuyez longuement sur la touche de l&#8217;interrupteur pour \u00e9teindre<\/span><\/div>\n<div style=\"font-family: Arial, Helvetica, sans-serif; font-size: 13px; font-weight: 400; letter-spacing: normal; line-height: inherit; text-align: start; white-space: normal; color: #000000; background-color: #ffffff; border: 0px; margin: 0px; padding: 0px; box-sizing: border-box;\" align=\"start\"><span style=\"font-size: 20px; font-family: inherit;\"><span style=\"font-size: inherit; font-family: inherit;\"><span id=\"tl_6\" style=\"color: #ff0000; font-size: inherit; font-family: inherit;\">\u00c9tape 3<\/span><\/span><\/span><br \/>\n<span id=\"tl_7\" style=\"font-size: 20px; font-family: inherit;\">Si vous souhaitez Vibrer, vous pouvez appuyer sur les boutons Vibration. Il y a 10 fr\u00e9quences au choix. Appuyez longuement sur la touche de vibration pour fermer la vibration<\/span><\/div>\n<div style=\"font-family: Arial, Helvetica, sans-serif; font-size: 13px; font-weight: 400; letter-spacing: normal; line-height: inherit; text-align: start; white-space: normal; color: #000000; background-color: #ffffff; border: 0px; margin: 0px; padding: 0px; box-sizing: border-box;\" align=\"start\"><span style=\"font-size: 20px; font-family: inherit;\"><span style=\"font-size: inherit; font-family: inherit;\"><span id=\"tl_8\" style=\"color: #ff0000; font-size: inherit; font-family: inherit;\">\u00c9tape 4<\/span><\/span><\/span><br \/>\n<span id=\"tl_9\" style=\"font-size: 20px; font-family: inherit;\">Si vous souhaitez chauffer (remarque: la partie chauffante se trouve en haut du pseudopenis), vous devez appuyer sur le bouton chauffant, ce qui prend 7 \u00e0 10 minutes ou plus. S&#8217;il est utilis\u00e9 par temps froid, veuillez le chauffer plus longtemps pour obtenir l&#8217;effet de chauffage souhait\u00e9, la temp\u00e9rature maximale est de 42 degr\u00e9s. Appuyez longuement sur la touche de chauffage pour fermer le chauffage<\/span><\/div>\n<div style=\"font-family: Arial, Helvetica, sans-serif; font-size: 13px; font-weight: 400; letter-spacing: normal; line-height: inherit; text-align: start; white-space: normal; color: #000000; background-color: #ffffff; border: 0px; margin: 0px; padding: 0px; box-sizing: border-box;\" align=\"start\">\n<p><img decoding=\"async\" src=\"https:\/\/ae01.alicdn.com\/kf\/S805bff5ebc544fbd9c4a19ecd0870469D.gif\" \/><br \/>\n<img decoding=\"async\" src=\"https:\/\/ae01.alicdn.com\/kf\/Sec03004e95c0439bb8709410749886d8B.gif\" \/><br \/>\n<img decoding=\"async\" src=\"https:\/\/ae01.alicdn.com\/kf\/Sfdc397ab574b4265a8168b7c60eb8a15v.gif\" \/><br \/>\n<img decoding=\"async\" src=\"https:\/\/ae01.alicdn.com\/kf\/S8fe2cf0844cb4537bcb7e9c58ba44ebfp.gif\" \/><br \/>\n<img decoding=\"async\" src=\"https:\/\/ae01.alicdn.com\/kf\/Sb9a1bf989c8448909d7814275d2d7b5fb.gif\" \/><br \/>\n<img decoding=\"async\" src=\"https:\/\/ae01.alicdn.com\/kf\/Sda499273e5294483a1f84e0f1e3d212a6.gif\" \/><br \/>\n<img decoding=\"async\" src=\"https:\/\/ae01.alicdn.com\/kf\/Sfa9ffe44aae24ea7a1c3460e77f78dc5o.gif\" \/><br \/>\n<img decoding=\"async\" src=\"https:\/\/ae01.alicdn.com\/kf\/Sf8f3b50bf5824b2e9e2327ca51c7e422c.jpg\" \/><br \/>\n<img decoding=\"async\" src=\"https:\/\/ae01.alicdn.com\/kf\/S3af10b2cc3f6443d99bd06e747621043B.gif\" \/><br \/>\n<img decoding=\"async\" src=\"https:\/\/ae01.alicdn.com\/kf\/S7c83827f622b489895c76c0e50f077151.gif\" \/><br \/>\n<img decoding=\"async\" src=\"https:\/\/ae01.alicdn.com\/kf\/Sdbf4dee5b59647f98ef3054c70e6a488n.gif\" \/><br \/>\n<img decoding=\"async\" src=\"https:\/\/ae01.alicdn.com\/kf\/Scafd48dd75e34cefa989079057f683bbb.gif\" \/><br \/>\n<img decoding=\"async\" src=\"https:\/\/ae01.alicdn.com\/kf\/S6b965e7e1f04490780d65757a5d9afb8i.gif\" \/><br \/>\n<img decoding=\"async\" src=\"https:\/\/ae01.alicdn.com\/kf\/Sa0e87a52183641388c2760de2f633ba2P.gif\" \/><br \/>\n<img decoding=\"async\" src=\"https:\/\/ae01.alicdn.com\/kf\/S33e3ad6b5a744143808cea94e615ccbf5.gif\" \/><br \/>\n<img decoding=\"async\" src=\"https:\/\/ae01.alicdn.com\/kf\/Sc55b3ce640bd4030bacdd72f3749a7f97.jpg\" \/><br \/>\n<img decoding=\"async\" src=\"https:\/\/ae01.alicdn.com\/kf\/S1e2fd5d012e64f068a4387a7d9917530F.jpg\" \/><br \/>\n<img decoding=\"async\" src=\"https:\/\/ae01.alicdn.com\/kf\/Sd17ed8de295e4b9ca73791f20ae0810cf.gif\" \/><\/p>\n<p>&nbsp;<\/p>\n<\/div>\n<\/div>\n<\/div>\n","protected":false},"excerpt":{"rendered":"<p>Comment utiliser: \u00c9tape 1 : Allumez le bouton de commutation au bas du p\u00e9nis et une lumi\u00e8re rouge s&#8217;allume. S&#8217;il n&#8217;y a pas de lumi\u00e8re, il doit \u00eatre charg\u00e9. \u00c9tape 2 : Appuyez sur le bouton de l&#8217;interrupteur de la t\u00e9l\u00e9commande et le p\u00e9nis commencera \u00e0 \u00eatre t\u00e9lescopique (p\u00e9ristaltisme), il est t\u00e9lescopique ou le p\u00e9ristaltisme d\u00e9pend du mod\u00e8le que vous achetez. Appuyez longuement sur la touche de l&#8217;interrupteur pour \u00e9teindre \u00c9tape 3 Si vous souhaitez Vibrer, vous pouvez appuyer sur les boutons Vibration. Il y a 10 fr\u00e9quences au choix. Appuyez longuement sur la touche de vibration pour fermer la<\/p>\n","protected":false},"featured_media":10784,"comment_status":"open","ping_status":"closed","template":"","meta":{"_joinchat":[]},"etheme_brands":[],"product_cat":[46],"product_tag":[],"yoast_head":"<!-- This site is optimized with the Yoast SEO Premium plugin v19.3 (Yoast SEO v21.5) - https:\/\/yoast.com\/wordpress\/plugins\/seo\/ -->\n<title>- Achetez et Commandez Discr\u00e8tement vos Gode T\u00e9lescopique R\u00e9aliste de 23cm de Long, P\u00e9nis avec Langue Chauffante au Cameroun -<\/title>\n<meta name=\"description\" content=\"Commandez vos meilleurs Gode T\u00e9lescopique R\u00e9aliste de 23cm de Long, P\u00e9nis avec Langue Chauffante \u00e0 bons prix partout au Cameroun et faites vous livrer discr\u00e8tement, sur H\u00e9donia, le meilleur site de vente en ligne de sextoys au Cameroun. - Whatsapp: +237 672588687\" \/>\n<meta name=\"robots\" content=\"index, follow, max-snippet:-1, max-image-preview:large, max-video-preview:-1\" \/>\n<link rel=\"canonical\" href=\"https:\/\/sexshop.cm\/produit\/gode-telescopique-realiste-de-23cm-de-long-penis-avec-langue-chauffante-vibromasseur-lechant-sangle-de-bite-grosse-bite-optique-plug-anal-sex-toys-18\/\" \/>\n<meta property=\"og:locale\" content=\"en_US\" \/>\n<meta property=\"og:type\" content=\"article\" \/>\n<meta property=\"og:title\" content=\"Gode T\u00e9lescopique R\u00e9aliste de 23cm de Long, P\u00e9nis avec Langue Chauffante\" \/>\n<meta property=\"og:description\" content=\"Gode T\u00e9lescopique R\u00e9aliste de 23cm de Long, P\u00e9nis avec Langue Chauffante - H\u00e9donia\" \/>\n<meta property=\"og:url\" content=\"https:\/\/sexshop.cm\/produit\/gode-telescopique-realiste-de-23cm-de-long-penis-avec-langue-chauffante-vibromasseur-lechant-sangle-de-bite-grosse-bite-optique-plug-anal-sex-toys-18\/\" \/>\n<meta property=\"og:site_name\" content=\"H\u00e9donia\" \/>\n<meta property=\"article:modified_time\" content=\"2023-11-04T17:50:34+00:00\" \/>\n<meta property=\"og:image\" content=\"http:\/\/sexshop.cm\/wp-content\/uploads\/2023\/11\/Gode-T-lescopique-R-aliste-de-23cm-de-Long-P-nis-avec-Langue-Chauffante-Vibromasseur-L-1.webp\" \/>\n\t<meta property=\"og:image:width\" content=\"1000\" \/>\n\t<meta property=\"og:image:height\" content=\"1000\" \/>\n\t<meta property=\"og:image:type\" content=\"image\/webp\" \/>\n<meta name=\"twitter:card\" content=\"summary_large_image\" \/>\n<meta name=\"twitter:label1\" content=\"Price\" \/>\n\t<meta name=\"twitter:data1\" content=\"60000&nbsp;CFA\" \/>\n\t<meta name=\"twitter:label2\" content=\"Availability\" \/>\n\t<meta name=\"twitter:data2\" content=\"In stock\" \/>\n<script type=\"application\/ld+json\" class=\"yoast-schema-graph\">{\"@context\":\"https:\/\/schema.org\",\"@graph\":[{\"@type\":\"WebPage\",\"@id\":\"https:\/\/sexshop.cm\/produit\/gode-telescopique-realiste-de-23cm-de-long-penis-avec-langue-chauffante-vibromasseur-lechant-sangle-de-bite-grosse-bite-optique-plug-anal-sex-toys-18\/\",\"url\":\"https:\/\/sexshop.cm\/produit\/gode-telescopique-realiste-de-23cm-de-long-penis-avec-langue-chauffante-vibromasseur-lechant-sangle-de-bite-grosse-bite-optique-plug-anal-sex-toys-18\/\",\"name\":\"- Achetez et Commandez Discr\u00e8tement vos Gode T\u00e9lescopique R\u00e9aliste de 23cm de Long, P\u00e9nis avec Langue Chauffante au Cameroun -\",\"isPartOf\":{\"@id\":\"https:\/\/sexshop.cm\/#website\"},\"datePublished\":\"2023-11-04T13:51:19+00:00\",\"dateModified\":\"2023-11-04T17:50:34+00:00\",\"description\":\"Commandez vos meilleurs Gode T\u00e9lescopique R\u00e9aliste de 23cm de Long, P\u00e9nis avec Langue Chauffante \u00e0 bons prix partout au Cameroun et faites vous livrer discr\u00e8tement, sur H\u00e9donia, le meilleur site de vente en ligne de sextoys au Cameroun. - Whatsapp: +237 672588687\",\"breadcrumb\":{\"@id\":\"https:\/\/sexshop.cm\/produit\/gode-telescopique-realiste-de-23cm-de-long-penis-avec-langue-chauffante-vibromasseur-lechant-sangle-de-bite-grosse-bite-optique-plug-anal-sex-toys-18\/#breadcrumb\"},\"inLanguage\":\"en-US\",\"potentialAction\":[{\"@type\":\"ReadAction\",\"target\":[\"https:\/\/sexshop.cm\/produit\/gode-telescopique-realiste-de-23cm-de-long-penis-avec-langue-chauffante-vibromasseur-lechant-sangle-de-bite-grosse-bite-optique-plug-anal-sex-toys-18\/\"]}]},{\"@type\":\"BreadcrumbList\",\"@id\":\"https:\/\/sexshop.cm\/produit\/gode-telescopique-realiste-de-23cm-de-long-penis-avec-langue-chauffante-vibromasseur-lechant-sangle-de-bite-grosse-bite-optique-plug-anal-sex-toys-18\/#breadcrumb\",\"itemListElement\":[{\"@type\":\"ListItem\",\"position\":1,\"name\":\"Accueil\",\"item\":\"https:\/\/sexshop.cm\/en\/online-sexshop-in-cameroon\/\"},{\"@type\":\"ListItem\",\"position\":2,\"name\":\"Shop\",\"item\":\"https:\/\/sexshop.cm\/shop\/\"},{\"@type\":\"ListItem\",\"position\":3,\"name\":\"Gode T\u00e9lescopique R\u00e9aliste de 23cm de Long, P\u00e9nis avec Langue Chauffante\"}]},{\"@type\":\"WebSite\",\"@id\":\"https:\/\/sexshop.cm\/#website\",\"url\":\"https:\/\/sexshop.cm\/\",\"name\":\"H\u00e9donia\",\"description\":\"SexShop en ligne - Boutique de sextoys et objets coquins en ligne au Cameroun\",\"publisher\":{\"@id\":\"https:\/\/sexshop.cm\/#organization\"},\"potentialAction\":[{\"@type\":\"SearchAction\",\"target\":{\"@type\":\"EntryPoint\",\"urlTemplate\":\"https:\/\/sexshop.cm\/?s={search_term_string}\"},\"query-input\":\"required name=search_term_string\"}],\"inLanguage\":\"en-US\"},{\"@type\":\"Organization\",\"@id\":\"https:\/\/sexshop.cm\/#organization\",\"name\":\"H\u00e9donia\",\"alternateName\":\"Boutique de Sextoys en ligne au Cameroun\",\"url\":\"https:\/\/sexshop.cm\/\",\"logo\":{\"@type\":\"ImageObject\",\"inLanguage\":\"en-US\",\"@id\":\"https:\/\/sexshop.cm\/#\/schema\/logo\/image\/\",\"url\":\"https:\/\/sexshop.cm\/wp-content\/uploads\/2022\/10\/logo-680-hedonia.png.200x100_q85_background-f8f9fa.png\",\"contentUrl\":\"https:\/\/sexshop.cm\/wp-content\/uploads\/2022\/10\/logo-680-hedonia.png.200x100_q85_background-f8f9fa.png\",\"width\":2222,\"height\":534,\"caption\":\"H\u00e9donia\"},\"image\":{\"@id\":\"https:\/\/sexshop.cm\/#\/schema\/logo\/image\/\"}}]}<\/script>\n<meta property=\"product:price:amount\" content=\"60000\" \/>\n<meta property=\"product:price:currency\" content=\"XAF\" \/>\n<meta property=\"og:availability\" content=\"instock\" \/>\n<meta property=\"product:availability\" content=\"instock\" \/>\n<meta property=\"product:retailer_item_id\" content=\"1005005738218679\" \/>\n<meta property=\"product:condition\" content=\"new\" \/>\n<!-- \/ Yoast SEO Premium plugin. -->","yoast_head_json":{"title":"- Achetez et Commandez Discr\u00e8tement vos Gode T\u00e9lescopique R\u00e9aliste de 23cm de Long, P\u00e9nis avec Langue Chauffante au Cameroun -","description":"Commandez vos meilleurs Gode T\u00e9lescopique R\u00e9aliste de 23cm de Long, P\u00e9nis avec Langue Chauffante \u00e0 bons prix partout au Cameroun et faites vous livrer discr\u00e8tement, sur H\u00e9donia, le meilleur site de vente en ligne de sextoys au Cameroun. - Whatsapp: +237 672588687","robots":{"index":"index","follow":"follow","max-snippet":"max-snippet:-1","max-image-preview":"max-image-preview:large","max-video-preview":"max-video-preview:-1"},"canonical":"https:\/\/sexshop.cm\/produit\/gode-telescopique-realiste-de-23cm-de-long-penis-avec-langue-chauffante-vibromasseur-lechant-sangle-de-bite-grosse-bite-optique-plug-anal-sex-toys-18\/","og_locale":"en_US","og_type":"article","og_title":"Gode T\u00e9lescopique R\u00e9aliste de 23cm de Long, P\u00e9nis avec Langue Chauffante","og_description":"Gode T\u00e9lescopique R\u00e9aliste de 23cm de Long, P\u00e9nis avec Langue Chauffante - H\u00e9donia","og_url":"https:\/\/sexshop.cm\/produit\/gode-telescopique-realiste-de-23cm-de-long-penis-avec-langue-chauffante-vibromasseur-lechant-sangle-de-bite-grosse-bite-optique-plug-anal-sex-toys-18\/","og_site_name":"H\u00e9donia","article_modified_time":"2023-11-04T17:50:34+00:00","og_image":[{"width":1000,"height":1000,"url":"http:\/\/sexshop.cm\/wp-content\/uploads\/2023\/11\/Gode-T-lescopique-R-aliste-de-23cm-de-Long-P-nis-avec-Langue-Chauffante-Vibromasseur-L-1.webp","type":"image\/webp"}],"twitter_card":"summary_large_image","twitter_misc":{"Price":"60000&nbsp;CFA","Availability":"In stock"},"schema":{"@context":"https:\/\/schema.org","@graph":[{"@type":"WebPage","@id":"https:\/\/sexshop.cm\/produit\/gode-telescopique-realiste-de-23cm-de-long-penis-avec-langue-chauffante-vibromasseur-lechant-sangle-de-bite-grosse-bite-optique-plug-anal-sex-toys-18\/","url":"https:\/\/sexshop.cm\/produit\/gode-telescopique-realiste-de-23cm-de-long-penis-avec-langue-chauffante-vibromasseur-lechant-sangle-de-bite-grosse-bite-optique-plug-anal-sex-toys-18\/","name":"- Achetez et Commandez Discr\u00e8tement vos Gode T\u00e9lescopique R\u00e9aliste de 23cm de Long, P\u00e9nis avec Langue Chauffante au Cameroun -","isPartOf":{"@id":"https:\/\/sexshop.cm\/#website"},"datePublished":"2023-11-04T13:51:19+00:00","dateModified":"2023-11-04T17:50:34+00:00","description":"Commandez vos meilleurs Gode T\u00e9lescopique R\u00e9aliste de 23cm de Long, P\u00e9nis avec Langue Chauffante \u00e0 bons prix partout au Cameroun et faites vous livrer discr\u00e8tement, sur H\u00e9donia, le meilleur site de vente en ligne de sextoys au Cameroun. - Whatsapp: +237 672588687","breadcrumb":{"@id":"https:\/\/sexshop.cm\/produit\/gode-telescopique-realiste-de-23cm-de-long-penis-avec-langue-chauffante-vibromasseur-lechant-sangle-de-bite-grosse-bite-optique-plug-anal-sex-toys-18\/#breadcrumb"},"inLanguage":"en-US","potentialAction":[{"@type":"ReadAction","target":["https:\/\/sexshop.cm\/produit\/gode-telescopique-realiste-de-23cm-de-long-penis-avec-langue-chauffante-vibromasseur-lechant-sangle-de-bite-grosse-bite-optique-plug-anal-sex-toys-18\/"]}]},{"@type":"BreadcrumbList","@id":"https:\/\/sexshop.cm\/produit\/gode-telescopique-realiste-de-23cm-de-long-penis-avec-langue-chauffante-vibromasseur-lechant-sangle-de-bite-grosse-bite-optique-plug-anal-sex-toys-18\/#breadcrumb","itemListElement":[{"@type":"ListItem","position":1,"name":"Accueil","item":"https:\/\/sexshop.cm\/en\/online-sexshop-in-cameroon\/"},{"@type":"ListItem","position":2,"name":"Shop","item":"https:\/\/sexshop.cm\/shop\/"},{"@type":"ListItem","position":3,"name":"Gode T\u00e9lescopique R\u00e9aliste de 23cm de Long, P\u00e9nis avec Langue Chauffante"}]},{"@type":"WebSite","@id":"https:\/\/sexshop.cm\/#website","url":"https:\/\/sexshop.cm\/","name":"H\u00e9donia","description":"SexShop en ligne - Boutique de sextoys et objets coquins en ligne au Cameroun","publisher":{"@id":"https:\/\/sexshop.cm\/#organization"},"potentialAction":[{"@type":"SearchAction","target":{"@type":"EntryPoint","urlTemplate":"https:\/\/sexshop.cm\/?s={search_term_string}"},"query-input":"required name=search_term_string"}],"inLanguage":"en-US"},{"@type":"Organization","@id":"https:\/\/sexshop.cm\/#organization","name":"H\u00e9donia","alternateName":"Boutique de Sextoys en ligne au Cameroun","url":"https:\/\/sexshop.cm\/","logo":{"@type":"ImageObject","inLanguage":"en-US","@id":"https:\/\/sexshop.cm\/#\/schema\/logo\/image\/","url":"https:\/\/sexshop.cm\/wp-content\/uploads\/2022\/10\/logo-680-hedonia.png.200x100_q85_background-f8f9fa.png","contentUrl":"https:\/\/sexshop.cm\/wp-content\/uploads\/2022\/10\/logo-680-hedonia.png.200x100_q85_background-f8f9fa.png","width":2222,"height":534,"caption":"H\u00e9donia"},"image":{"@id":"https:\/\/sexshop.cm\/#\/schema\/logo\/image\/"}}]},"product_price_amount":"60000","product_price_currency":"XAF","og_availability":"instock","product_availability":"instock","product_retailer_item_id":"1005005738218679","product_condition":"new"},"_links":{"self":[{"href":"https:\/\/sexshop.cm\/en\/wp-json\/wp\/v2\/product\/10760"}],"collection":[{"href":"https:\/\/sexshop.cm\/en\/wp-json\/wp\/v2\/product"}],"about":[{"href":"https:\/\/sexshop.cm\/en\/wp-json\/wp\/v2\/types\/product"}],"replies":[{"embeddable":true,"href":"https:\/\/sexshop.cm\/en\/wp-json\/wp\/v2\/comments?post=10760"}],"wp:featuredmedia":[{"embeddable":true,"href":"https:\/\/sexshop.cm\/en\/wp-json\/wp\/v2\/media\/10784"}],"wp:attachment":[{"href":"https:\/\/sexshop.cm\/en\/wp-json\/wp\/v2\/media?parent=10760"}],"wp:term":[{"taxonomy":"brand","embeddable":true,"href":"https:\/\/sexshop.cm\/en\/wp-json\/wp\/v2\/etheme_brands?post=10760"},{"taxonomy":"product_cat","embeddable":true,"href":"https:\/\/sexshop.cm\/en\/wp-json\/wp\/v2\/product_cat?post=10760"},{"taxonomy":"product_tag","embeddable":true,"href":"https:\/\/sexshop.cm\/en\/wp-json\/wp\/v2\/product_tag?post=10760"}],"curies":[{"name":"wp","href":"https:\/\/api.w.org\/{rel}","templated":true}]}}