{"id":10925,"date":"2024-05-18T20:51:38","date_gmt":"2024-05-18T19:51:38","guid":{"rendered":"https:\/\/sexshop.cm\/produit\/lubrifiant-sexuel-a-base-deau-pour-femme-adulte-120ml\/"},"modified":"2024-05-18T20:51:45","modified_gmt":"2024-05-18T19:51:45","slug":"lubrifiant-sexuel-a-base-deau-pour-femme-adulte-120ml","status":"publish","type":"product","link":"https:\/\/sexshop.cm\/en\/produit\/lubrifiant-sexuel-a-base-deau-pour-femme-adulte-120ml\/","title":{"rendered":"Lubrifiant Sexuel \u00e0 Base d&#8217;Eau pour Femme Adulte 120ml"},"content":{"rendered":"<div class=\"detailmodule_html\">\n<div class=\"detail-desc-decorate-richtext\">\n<p style=\"font-family: 'Open Sans', Arial, Helvetica, sans-serif, Heiti; font-size: 14px; font-weight: 400; letter-spacing: normal; line-height: inherit; text-align: start; white-space: normal; color: #000000; background-color: #ffffff; margin: 0px; box-sizing: border-box;\" align=\"start\"><span id=\"tl_1\" style=\"color: #000000; font-size: 16px;\"><br \/>Caract\u00e9ristiques:<\/span><\/p>\n<p style=\"font-family: 'Open Sans', Arial, Helvetica, sans-serif, Heiti; font-size: 14px; font-weight: 400; letter-spacing: normal; line-height: inherit; text-align: start; white-space: normal; color: #000000; background-color: #ffffff; margin: 0px; box-sizing: border-box;\" align=\"start\"><span style=\"color: #ff0000;\"><span style=\"font-size: 20px;\"><span id=\"tl_2\">120ml chaque bouteille<\/span><\/span><\/span><\/p>\n<div style=\"font-family: arial, helvetica, sans-serif; font-size: 13px; font-weight: 400; letter-spacing: normal; line-height: inherit; text-align: start; white-space: normal; color: #000000; background-color: #ffffff; border: 0px; margin: 0px; padding: 0px; box-sizing: content-box;\" align=\"start\"><span id=\"tl_3\" style=\"font-size: 16px;\">1. Lumineux et transparent, confortable et lubrifiant<\/span><\/div>\n<div style=\"font-family: arial, helvetica, sans-serif; font-size: 13px; font-weight: 400; letter-spacing: normal; line-height: inherit; text-align: start; white-space: normal; color: #000000; background-color: #ffffff; border: 0px; margin: 0px; padding: 0px; box-sizing: content-box;\" align=\"start\"><span id=\"tl_4\" style=\"font-size: 16px;\">2. Am\u00e9liorer la lubrification et l&#8217;\u00e9lasticit\u00e9 du vagin pour r\u00e9duire les frottements ou les douleurs<\/span><\/div>\n<div style=\"font-family: arial, helvetica, sans-serif; font-size: 13px; font-weight: 400; letter-spacing: normal; line-height: inherit; text-align: start; white-space: normal; color: #000000; background-color: #ffffff; border: 0px; margin: 0px; padding: 0px; box-sizing: content-box;\" align=\"start\"><span id=\"tl_5\" style=\"font-size: 16px;\">3. Stimuler la libido, am\u00e9liorer la sensibilit\u00e9 et am\u00e9liorer la sensation de plaisir<\/span><\/div>\n<div style=\"font-family: arial, helvetica, sans-serif; font-size: 13px; font-weight: 400; letter-spacing: normal; line-height: inherit; text-align: start; white-space: normal; color: #000000; background-color: #ffffff; border: 0px; margin: 0px; padding: 0px; box-sizing: content-box;\" align=\"start\"><span id=\"tl_6\" style=\"font-size: 16px;\">4. Prolonger le temps de fabrication des vivants et pr\u00e9venir l&#8217;infection par le virus<\/span><\/div>\n<div style=\"font-family: arial, helvetica, sans-serif; font-size: 13px; font-weight: 400; letter-spacing: normal; line-height: inherit; text-align: start; white-space: normal; color: #000000; background-color: #ffffff; border: 0px; margin: 0px; padding: 0px; box-sizing: content-box;\" align=\"start\"><span id=\"tl_7\" style=\"font-size: 16px;\">5. Aucun r\u00e9sidu, aucune irritation, aucun effet secondaire, s\u00fbr et fiable<\/span><\/div>\n<div style=\"font-family: arial, helvetica, sans-serif; font-size: 13px; font-weight: 400; letter-spacing: normal; line-height: inherit; text-align: start; white-space: normal; color: #000000; background-color: #ffffff; border: 0px; margin: 0px; padding: 0px; box-sizing: content-box;\" align=\"start\"><span id=\"tl_8\" style=\"font-size: 16px;\">6. soluble dans l&#8217;eau, inodore, insipide, non gras et non toxique<\/span><\/div>\n<div style=\"font-family: arial, helvetica, sans-serif; font-size: 13px; font-weight: 400; letter-spacing: normal; line-height: inherit; text-align: start; white-space: normal; color: #000000; background-color: #ffffff; border: 0px; margin: 0px; padding: 0px; box-sizing: content-box;\" align=\"start\"><span id=\"tl_9\" style=\"font-size: 16px;\">7. Convient pour tout le corps massant ou lubrifiant et humidifiant kin<\/span><\/div>\n<div style=\"font-family: arial, helvetica, sans-serif; font-size: 13px; font-weight: 400; letter-spacing: normal; line-height: inherit; text-align: start; white-space: normal; color: #000000; background-color: #ffffff; border: 0px; margin: 0px; padding: 0px; box-sizing: content-box;\" align=\"start\">\n<div>\n<p><span id=\"tl_10\" style=\"font-size: 16px;\">8. le dessin fort est bien dans l&#8217;\u00e9lasticit\u00e9<\/span><\/p>\n<p><img decoding=\"async\" src=\"https:\/\/ae01.alicdn.com\/kf\/Hae1bd3de133a47878e4972f5f52973d8t.jpg?width=1000&amp;height=1000&amp;hash=2000\" \/><br \/><img decoding=\"async\" src=\"https:\/\/ae01.alicdn.com\/kf\/Hb72c38f6ff1846738aa84cbf4680e7fdb.jpg?width=1000&amp;height=1000&amp;hash=2000\" \/><br \/><img decoding=\"async\" src=\"https:\/\/ae01.alicdn.com\/kf\/H52beac76b8604fd18fd70411645f68f0y.jpg?width=1000&amp;height=1000&amp;hash=2000\" \/><br \/><img decoding=\"async\" src=\"https:\/\/ae01.alicdn.com\/kf\/H01d869c75894404e8097d6ae40618e35r.jpg?width=1000&amp;height=1000&amp;hash=2000\" \/><br \/><img decoding=\"async\" src=\"https:\/\/ae01.alicdn.com\/kf\/H5223fa528ca743a28a3950c1193de7deb.jpg?width=1000&amp;height=1000&amp;hash=2000\" \/><br \/><img decoding=\"async\" src=\"https:\/\/ae01.alicdn.com\/kf\/Hf999ee0410854e4e8262531d9bd77e22f.jpg?width=1000&amp;height=1000&amp;hash=2000\" \/><\/p>\n<\/div>\n<\/div>\n<div>\n<div style=\"font-family: 'Open Sans', sans-serif; font-size: 14px; letter-spacing: normal; text-align: left; white-space: normal; color: #000000; margin: 0px; padding: 0px;\" align=\"left\">\n<div style=\"font-family: 'Open Sans', sans-serif; font-size: 14px; letter-spacing: normal; text-align: start; white-space: normal; color: #000000; margin: 0px; padding: 0px;\" align=\"start\">\u00a0<\/div>\n<\/div>\n<\/div>\n<p>\u00a0<\/p>\n<\/div>\n<\/div>\n","protected":false},"excerpt":{"rendered":"<p>Caract\u00e9ristiques: 120ml chaque bouteille 1. Lumineux et transparent, confortable et lubrifiant 2. Am\u00e9liorer la lubrification et l&#8217;\u00e9lasticit\u00e9 du vagin pour r\u00e9duire les frottements ou les douleurs 3. Stimuler la libido, am\u00e9liorer la sensibilit\u00e9 et am\u00e9liorer la sensation de plaisir 4. Prolonger le temps de fabrication des vivants et pr\u00e9venir l&#8217;infection par le virus 5. Aucun r\u00e9sidu, aucune irritation, aucun effet secondaire, s\u00fbr et fiable 6. soluble dans l&#8217;eau, inodore, insipide, non gras et non toxique 7. Convient pour tout le corps massant ou lubrifiant et humidifiant kin 8. le dessin fort est bien dans l&#8217;\u00e9lasticit\u00e9 \u00a0 \u00a0<\/p>\n","protected":false},"featured_media":10926,"comment_status":"open","ping_status":"closed","template":"","meta":{"_joinchat":[]},"etheme_brands":[],"product_cat":[51,46],"product_tag":[],"yoast_head":"<!-- This site is optimized with the Yoast SEO Premium plugin v19.3 (Yoast SEO v21.5) - https:\/\/yoast.com\/wordpress\/plugins\/seo\/ -->\n<title>- Achetez et Commandez Discr\u00e8tement vos Lubrifiant Sexuel \u00e0 Base d&#039;Eau pour Femme Adulte 120ml au Cameroun -<\/title>\n<meta name=\"description\" content=\"Commandez vos meilleurs Lubrifiant Sexuel \u00e0 Base d&#039;Eau pour Femme Adulte 120ml \u00e0 bons prix partout au Cameroun et faites vous livrer discr\u00e8tement, sur H\u00e9donia, le meilleur site de vente en ligne de sextoys au Cameroun. - Whatsapp: +237 672588687\" \/>\n<meta name=\"robots\" content=\"index, follow, max-snippet:-1, max-image-preview:large, max-video-preview:-1\" \/>\n<link rel=\"canonical\" href=\"https:\/\/sexshop.cm\/produit\/lubrifiant-sexuel-a-base-deau-pour-femme-adulte-120ml\/\" \/>\n<meta property=\"og:locale\" content=\"en_US\" \/>\n<meta property=\"og:type\" content=\"article\" \/>\n<meta property=\"og:title\" content=\"Lubrifiant Sexuel \u00e0 Base d&#039;Eau pour Femme Adulte 120ml\" \/>\n<meta property=\"og:description\" content=\"Lubrifiant Sexuel \u00e0 Base d&#039;Eau pour Femme Adulte 120ml - H\u00e9donia\" \/>\n<meta property=\"og:url\" content=\"https:\/\/sexshop.cm\/produit\/lubrifiant-sexuel-a-base-deau-pour-femme-adulte-120ml\/\" \/>\n<meta property=\"og:site_name\" content=\"H\u00e9donia\" \/>\n<meta property=\"article:modified_time\" content=\"2024-05-18T19:51:45+00:00\" \/>\n<meta property=\"og:image\" content=\"https:\/\/ae01.alicdn.com\/kf\/Hae1bd3de133a47878e4972f5f52973d8t.jpg?width=1000&amp;height=1000&amp;hash=2000\" \/>\n<meta name=\"twitter:card\" content=\"summary_large_image\" \/>\n<meta name=\"twitter:label1\" content=\"Price\" \/>\n\t<meta name=\"twitter:data1\" content=\"10000&nbsp;CFA\" \/>\n\t<meta name=\"twitter:label2\" content=\"Availability\" \/>\n\t<meta name=\"twitter:data2\" content=\"In stock\" \/>\n<script type=\"application\/ld+json\" class=\"yoast-schema-graph\">{\"@context\":\"https:\/\/schema.org\",\"@graph\":[{\"@type\":\"WebPage\",\"@id\":\"https:\/\/sexshop.cm\/produit\/lubrifiant-sexuel-a-base-deau-pour-femme-adulte-120ml\/\",\"url\":\"https:\/\/sexshop.cm\/produit\/lubrifiant-sexuel-a-base-deau-pour-femme-adulte-120ml\/\",\"name\":\"- Achetez et Commandez Discr\u00e8tement vos Lubrifiant Sexuel \u00e0 Base d'Eau pour Femme Adulte 120ml au Cameroun -\",\"isPartOf\":{\"@id\":\"https:\/\/sexshop.cm\/#website\"},\"datePublished\":\"2024-05-18T19:51:38+00:00\",\"dateModified\":\"2024-05-18T19:51:45+00:00\",\"description\":\"Commandez vos meilleurs Lubrifiant Sexuel \u00e0 Base d'Eau pour Femme Adulte 120ml \u00e0 bons prix partout au Cameroun et faites vous livrer discr\u00e8tement, sur H\u00e9donia, le meilleur site de vente en ligne de sextoys au Cameroun. - Whatsapp: +237 672588687\",\"breadcrumb\":{\"@id\":\"https:\/\/sexshop.cm\/produit\/lubrifiant-sexuel-a-base-deau-pour-femme-adulte-120ml\/#breadcrumb\"},\"inLanguage\":\"en-US\",\"potentialAction\":[{\"@type\":\"ReadAction\",\"target\":[\"https:\/\/sexshop.cm\/produit\/lubrifiant-sexuel-a-base-deau-pour-femme-adulte-120ml\/\"]}]},{\"@type\":\"BreadcrumbList\",\"@id\":\"https:\/\/sexshop.cm\/produit\/lubrifiant-sexuel-a-base-deau-pour-femme-adulte-120ml\/#breadcrumb\",\"itemListElement\":[{\"@type\":\"ListItem\",\"position\":1,\"name\":\"Accueil\",\"item\":\"https:\/\/sexshop.cm\/en\/online-sexshop-in-cameroon\/\"},{\"@type\":\"ListItem\",\"position\":2,\"name\":\"Shop\",\"item\":\"https:\/\/sexshop.cm\/shop\/\"},{\"@type\":\"ListItem\",\"position\":3,\"name\":\"Lubrifiant Sexuel \u00e0 Base d&rsquo;Eau pour Femme Adulte 120ml\"}]},{\"@type\":\"WebSite\",\"@id\":\"https:\/\/sexshop.cm\/#website\",\"url\":\"https:\/\/sexshop.cm\/\",\"name\":\"H\u00e9donia\",\"description\":\"SexShop en ligne - Boutique de sextoys et objets coquins en ligne au Cameroun\",\"publisher\":{\"@id\":\"https:\/\/sexshop.cm\/#organization\"},\"potentialAction\":[{\"@type\":\"SearchAction\",\"target\":{\"@type\":\"EntryPoint\",\"urlTemplate\":\"https:\/\/sexshop.cm\/?s={search_term_string}\"},\"query-input\":\"required name=search_term_string\"}],\"inLanguage\":\"en-US\"},{\"@type\":\"Organization\",\"@id\":\"https:\/\/sexshop.cm\/#organization\",\"name\":\"H\u00e9donia\",\"alternateName\":\"Boutique de Sextoys en ligne au Cameroun\",\"url\":\"https:\/\/sexshop.cm\/\",\"logo\":{\"@type\":\"ImageObject\",\"inLanguage\":\"en-US\",\"@id\":\"https:\/\/sexshop.cm\/#\/schema\/logo\/image\/\",\"url\":\"https:\/\/sexshop.cm\/wp-content\/uploads\/2022\/10\/logo-680-hedonia.png.200x100_q85_background-f8f9fa.png\",\"contentUrl\":\"https:\/\/sexshop.cm\/wp-content\/uploads\/2022\/10\/logo-680-hedonia.png.200x100_q85_background-f8f9fa.png\",\"width\":2222,\"height\":534,\"caption\":\"H\u00e9donia\"},\"image\":{\"@id\":\"https:\/\/sexshop.cm\/#\/schema\/logo\/image\/\"}}]}<\/script>\n<meta property=\"product:price:amount\" content=\"10000\" \/>\n<meta property=\"product:price:currency\" content=\"XAF\" \/>\n<meta property=\"og:availability\" content=\"instock\" \/>\n<meta property=\"product:availability\" content=\"instock\" \/>\n<meta property=\"product:retailer_item_id\" content=\"1005003500933637\" \/>\n<meta property=\"product:condition\" content=\"new\" \/>\n<!-- \/ Yoast SEO Premium plugin. -->","yoast_head_json":{"title":"- Achetez et Commandez Discr\u00e8tement vos Lubrifiant Sexuel \u00e0 Base d'Eau pour Femme Adulte 120ml au Cameroun -","description":"Commandez vos meilleurs Lubrifiant Sexuel \u00e0 Base d'Eau pour Femme Adulte 120ml \u00e0 bons prix partout au Cameroun et faites vous livrer discr\u00e8tement, sur H\u00e9donia, le meilleur site de vente en ligne de sextoys au Cameroun. - Whatsapp: +237 672588687","robots":{"index":"index","follow":"follow","max-snippet":"max-snippet:-1","max-image-preview":"max-image-preview:large","max-video-preview":"max-video-preview:-1"},"canonical":"https:\/\/sexshop.cm\/produit\/lubrifiant-sexuel-a-base-deau-pour-femme-adulte-120ml\/","og_locale":"en_US","og_type":"article","og_title":"Lubrifiant Sexuel \u00e0 Base d'Eau pour Femme Adulte 120ml","og_description":"Lubrifiant Sexuel \u00e0 Base d'Eau pour Femme Adulte 120ml - H\u00e9donia","og_url":"https:\/\/sexshop.cm\/produit\/lubrifiant-sexuel-a-base-deau-pour-femme-adulte-120ml\/","og_site_name":"H\u00e9donia","article_modified_time":"2024-05-18T19:51:45+00:00","og_image":[{"url":"https:\/\/ae01.alicdn.com\/kf\/Hae1bd3de133a47878e4972f5f52973d8t.jpg?width=1000&amp;height=1000&amp;hash=2000"}],"twitter_card":"summary_large_image","twitter_misc":{"Price":"10000&nbsp;CFA","Availability":"In stock"},"schema":{"@context":"https:\/\/schema.org","@graph":[{"@type":"WebPage","@id":"https:\/\/sexshop.cm\/produit\/lubrifiant-sexuel-a-base-deau-pour-femme-adulte-120ml\/","url":"https:\/\/sexshop.cm\/produit\/lubrifiant-sexuel-a-base-deau-pour-femme-adulte-120ml\/","name":"- Achetez et Commandez Discr\u00e8tement vos Lubrifiant Sexuel \u00e0 Base d'Eau pour Femme Adulte 120ml au Cameroun -","isPartOf":{"@id":"https:\/\/sexshop.cm\/#website"},"datePublished":"2024-05-18T19:51:38+00:00","dateModified":"2024-05-18T19:51:45+00:00","description":"Commandez vos meilleurs Lubrifiant Sexuel \u00e0 Base d'Eau pour Femme Adulte 120ml \u00e0 bons prix partout au Cameroun et faites vous livrer discr\u00e8tement, sur H\u00e9donia, le meilleur site de vente en ligne de sextoys au Cameroun. - Whatsapp: +237 672588687","breadcrumb":{"@id":"https:\/\/sexshop.cm\/produit\/lubrifiant-sexuel-a-base-deau-pour-femme-adulte-120ml\/#breadcrumb"},"inLanguage":"en-US","potentialAction":[{"@type":"ReadAction","target":["https:\/\/sexshop.cm\/produit\/lubrifiant-sexuel-a-base-deau-pour-femme-adulte-120ml\/"]}]},{"@type":"BreadcrumbList","@id":"https:\/\/sexshop.cm\/produit\/lubrifiant-sexuel-a-base-deau-pour-femme-adulte-120ml\/#breadcrumb","itemListElement":[{"@type":"ListItem","position":1,"name":"Accueil","item":"https:\/\/sexshop.cm\/en\/online-sexshop-in-cameroon\/"},{"@type":"ListItem","position":2,"name":"Shop","item":"https:\/\/sexshop.cm\/shop\/"},{"@type":"ListItem","position":3,"name":"Lubrifiant Sexuel \u00e0 Base d&rsquo;Eau pour Femme Adulte 120ml"}]},{"@type":"WebSite","@id":"https:\/\/sexshop.cm\/#website","url":"https:\/\/sexshop.cm\/","name":"H\u00e9donia","description":"SexShop en ligne - Boutique de sextoys et objets coquins en ligne au Cameroun","publisher":{"@id":"https:\/\/sexshop.cm\/#organization"},"potentialAction":[{"@type":"SearchAction","target":{"@type":"EntryPoint","urlTemplate":"https:\/\/sexshop.cm\/?s={search_term_string}"},"query-input":"required name=search_term_string"}],"inLanguage":"en-US"},{"@type":"Organization","@id":"https:\/\/sexshop.cm\/#organization","name":"H\u00e9donia","alternateName":"Boutique de Sextoys en ligne au Cameroun","url":"https:\/\/sexshop.cm\/","logo":{"@type":"ImageObject","inLanguage":"en-US","@id":"https:\/\/sexshop.cm\/#\/schema\/logo\/image\/","url":"https:\/\/sexshop.cm\/wp-content\/uploads\/2022\/10\/logo-680-hedonia.png.200x100_q85_background-f8f9fa.png","contentUrl":"https:\/\/sexshop.cm\/wp-content\/uploads\/2022\/10\/logo-680-hedonia.png.200x100_q85_background-f8f9fa.png","width":2222,"height":534,"caption":"H\u00e9donia"},"image":{"@id":"https:\/\/sexshop.cm\/#\/schema\/logo\/image\/"}}]},"product_price_amount":"10000","product_price_currency":"XAF","og_availability":"instock","product_availability":"instock","product_retailer_item_id":"1005003500933637","product_condition":"new"},"_links":{"self":[{"href":"https:\/\/sexshop.cm\/en\/wp-json\/wp\/v2\/product\/10925"}],"collection":[{"href":"https:\/\/sexshop.cm\/en\/wp-json\/wp\/v2\/product"}],"about":[{"href":"https:\/\/sexshop.cm\/en\/wp-json\/wp\/v2\/types\/product"}],"replies":[{"embeddable":true,"href":"https:\/\/sexshop.cm\/en\/wp-json\/wp\/v2\/comments?post=10925"}],"wp:featuredmedia":[{"embeddable":true,"href":"https:\/\/sexshop.cm\/en\/wp-json\/wp\/v2\/media\/10926"}],"wp:attachment":[{"href":"https:\/\/sexshop.cm\/en\/wp-json\/wp\/v2\/media?parent=10925"}],"wp:term":[{"taxonomy":"brand","embeddable":true,"href":"https:\/\/sexshop.cm\/en\/wp-json\/wp\/v2\/etheme_brands?post=10925"},{"taxonomy":"product_cat","embeddable":true,"href":"https:\/\/sexshop.cm\/en\/wp-json\/wp\/v2\/product_cat?post=10925"},{"taxonomy":"product_tag","embeddable":true,"href":"https:\/\/sexshop.cm\/en\/wp-json\/wp\/v2\/product_tag?post=10925"}],"curies":[{"name":"wp","href":"https:\/\/api.w.org\/{rel}","templated":true}]}}