{"id":10957,"date":"2024-05-18T20:53:08","date_gmt":"2024-05-18T19:53:08","guid":{"rendered":"https:\/\/sexshop.cm\/produit\/vagin-et-anus-a-double-tete-en-silicone-transparent\/"},"modified":"2024-05-18T20:53:19","modified_gmt":"2024-05-18T19:53:19","slug":"vagin-et-anus-a-double-tete-en-silicone-transparent","status":"publish","type":"product","link":"https:\/\/sexshop.cm\/en\/produit\/vagin-et-anus-a-double-tete-en-silicone-transparent\/","title":{"rendered":"Vagin et Anus \u00e0 Double T\u00eate en Silicone Transparent"},"content":{"rendered":"<div class=\"detailmodule_html\">\n<div class=\"detail-desc-decorate-richtext\">\n<p>\u00a0<\/p>\n<p><strong><span id=\"tl_1\" style=\"font-size: 20px;\">Vagin Anus Double t\u00eate disponible Transparent avion tasse produits \u00e9rotiques sexe chatte Silicone clair Masturbation p\u00e9nis formateur<\/span><\/strong><\/p>\n<p>\u00a0<\/p>\n<p><strong><span id=\"tl_2\" style=\"font-size: 20px;\">Bo\u00eete noire Type 1<\/span><\/strong><\/p>\n<p id=\"tl_3\">Coupe de p\u00e9n\u00e9tration transparente \u00e0 double extr\u00e9mit\u00e9, taille du produit 80*200mm, poids du produit 465g, une chatte de t\u00eate, une t\u00eate anus<\/p>\n<p><img decoding=\"async\" src=\"https:\/\/ae01.alicdn.com\/kf\/Sf93b99e44d7e4bf2a1e98c886c2794f00.jpg\" \/><\/p>\n<p>\u00a0<\/p>\n<p id=\"tl_4\">Type 2<\/p>\n<p><img decoding=\"async\" src=\"https:\/\/ae01.alicdn.com\/kf\/Seb0442703595488aba5e894e64f11013k.jpg\" \/><\/p>\n<p><img decoding=\"async\" src=\"https:\/\/ae01.alicdn.com\/kf\/S5e81b552307544c2be3c78d3aa051325N.jpg\" \/><img decoding=\"async\" src=\"https:\/\/ae01.alicdn.com\/kf\/S38ba3a31bc1941ba94f7e661759e6737Q.jpg\" \/><img decoding=\"async\" src=\"https:\/\/ae01.alicdn.com\/kf\/Se04eb0b5afc344ed85a0d201fa827b73p.jpg\" \/><img decoding=\"async\" src=\"https:\/\/ae01.alicdn.com\/kf\/S4b21215d2adc46f9a6774dc881ef0d32J.jpg\" \/><img decoding=\"async\" src=\"https:\/\/ae01.alicdn.com\/kf\/Sb3ae51f0b71e405784aff29e6c8b145dF.jpg\" \/><img decoding=\"async\" src=\"https:\/\/ae01.alicdn.com\/kf\/Se4fe32e95a5b4d819a7bcffa96f8535aR.jpg\" \/><\/p>\n<p>\u00a0<\/p>\n<p><img decoding=\"async\" src=\"https:\/\/ae01.alicdn.com\/kf\/S9bf2d9df57dc450fbae9d943b399f06d4.jpg\" \/><img decoding=\"async\" src=\"https:\/\/ae01.alicdn.com\/kf\/S63d9d686f9c24287beba00e4ea24e12bF.jpg\" \/><img decoding=\"async\" src=\"https:\/\/ae01.alicdn.com\/kf\/S787ba4fd531042e58a6b41fd4ed8d2179.jpg\" \/><\/p>\n<p>\u00a0<\/p>\n<p><span style=\"font-size: 18px;\"><strong id=\"tl_5\">\u25cf Exp\u00e9dition:<\/strong><\/span><\/p>\n<p id=\"tl_6\">Nous enverrons la commande dans les 3-5 jours ouvrables. Le d\u00e9lai de livraison varie selon les pays et sera affect\u00e9 par la m\u00e9t\u00e9o, les jours f\u00e9ri\u00e9s, etc. Si la commande n&#8217;est pas re\u00e7ue dans le d\u00e9lai de d\u00e9claration, veuillez nous contacter.<\/p>\n<p>\u00a0<\/p>\n<p><span style=\"font-size: 18px;\"><strong id=\"tl_7\">\u25cf \u00c0 PROPOS DE L&#8217;EMBALLAGE:<\/strong><\/span><\/p>\n<p id=\"tl_8\">Votre vie priv\u00e9e est la plus importante pour nous. Il n&#8217;y aura aucune information sur le produit sur l&#8217;emballage (si vous avez d&#8217;autres exigences, veuillez nous envoyer un message). Gr\u00e2ce \u00e0 notre emballage soign\u00e9, vous pouvez \u00eatre assur\u00e9 de faire vos achats. La seule personne qui sait ce qui est \u00e0 l&#8217;int\u00e9rieur de l&#8217;emballage, c&#8217;est vous!<\/p>\n<p>\u00a0<\/p>\n<p><span style=\"font-size: 18px;\"><strong id=\"tl_9\">\u25cf \u00c0 propos du temps de travail:<\/strong><\/span><\/p>\n<p id=\"tl_10\">En raison du d\u00e9calage horaire, il y aura un retard dans la communication, mais les messages seront bereply dans un d\u00e9lai d&#8217;un jour ouvrable. S&#8217;il vous pla\u00eet soyez patient.<\/p>\n<\/div>\n<\/div>\n","protected":false},"excerpt":{"rendered":"<p>\u00a0 Vagin Anus Double t\u00eate disponible Transparent avion tasse produits \u00e9rotiques sexe chatte Silicone clair Masturbation p\u00e9nis formateur \u00a0 Bo\u00eete noire Type 1 Coupe de p\u00e9n\u00e9tration transparente \u00e0 double extr\u00e9mit\u00e9, taille du produit 80*200mm, poids du produit 465g, une chatte de t\u00eate, une t\u00eate anus \u00a0 Type 2 \u00a0 \u00a0 \u25cf Exp\u00e9dition: Nous enverrons la commande dans les 3-5 jours ouvrables. Le d\u00e9lai de livraison varie selon les pays et sera affect\u00e9 par la m\u00e9t\u00e9o, les jours f\u00e9ri\u00e9s, etc. Si la commande n&#8217;est pas re\u00e7ue dans le d\u00e9lai de d\u00e9claration, veuillez nous contacter. \u00a0 \u25cf \u00c0 PROPOS DE L&#8217;EMBALLAGE: Votre<\/p>\n","protected":false},"featured_media":10958,"comment_status":"open","ping_status":"closed","template":"","meta":{"_joinchat":[]},"etheme_brands":[],"product_cat":[72,46],"product_tag":[],"yoast_head":"<!-- This site is optimized with the Yoast SEO Premium plugin v19.3 (Yoast SEO v21.5) - https:\/\/yoast.com\/wordpress\/plugins\/seo\/ -->\n<title>- Achetez et Commandez Discr\u00e8tement vos Vagin et Anus \u00e0 Double T\u00eate en Silicone Transparent au Cameroun -<\/title>\n<meta name=\"description\" content=\"Commandez vos meilleurs Vagin et Anus \u00e0 Double T\u00eate en Silicone Transparent \u00e0 bons prix partout au Cameroun et faites vous livrer discr\u00e8tement, sur H\u00e9donia, le meilleur site de vente en ligne de sextoys au Cameroun. - Whatsapp: +237 672588687\" \/>\n<meta name=\"robots\" content=\"index, follow, max-snippet:-1, max-image-preview:large, max-video-preview:-1\" \/>\n<link rel=\"canonical\" href=\"https:\/\/sexshop.cm\/produit\/vagin-et-anus-a-double-tete-en-silicone-transparent\/\" \/>\n<meta property=\"og:locale\" content=\"en_US\" \/>\n<meta property=\"og:type\" content=\"article\" \/>\n<meta property=\"og:title\" content=\"Vagin et Anus \u00e0 Double T\u00eate en Silicone Transparent\" \/>\n<meta property=\"og:description\" content=\"Vagin et Anus \u00e0 Double T\u00eate en Silicone Transparent - H\u00e9donia\" \/>\n<meta property=\"og:url\" content=\"https:\/\/sexshop.cm\/produit\/vagin-et-anus-a-double-tete-en-silicone-transparent\/\" \/>\n<meta property=\"og:site_name\" content=\"H\u00e9donia\" \/>\n<meta property=\"article:modified_time\" content=\"2024-05-18T19:53:19+00:00\" \/>\n<meta property=\"og:image\" content=\"https:\/\/ae01.alicdn.com\/kf\/Sf93b99e44d7e4bf2a1e98c886c2794f00.jpg\" \/>\n<meta name=\"twitter:card\" content=\"summary_large_image\" \/>\n<meta name=\"twitter:label1\" content=\"Price\" \/>\n\t<meta name=\"twitter:data1\" content=\"28000&nbsp;CFA\" \/>\n\t<meta name=\"twitter:label2\" content=\"Availability\" \/>\n\t<meta name=\"twitter:data2\" content=\"In stock\" \/>\n<script type=\"application\/ld+json\" class=\"yoast-schema-graph\">{\"@context\":\"https:\/\/schema.org\",\"@graph\":[{\"@type\":\"WebPage\",\"@id\":\"https:\/\/sexshop.cm\/produit\/vagin-et-anus-a-double-tete-en-silicone-transparent\/\",\"url\":\"https:\/\/sexshop.cm\/produit\/vagin-et-anus-a-double-tete-en-silicone-transparent\/\",\"name\":\"- Achetez et Commandez Discr\u00e8tement vos Vagin et Anus \u00e0 Double T\u00eate en Silicone Transparent au Cameroun -\",\"isPartOf\":{\"@id\":\"https:\/\/sexshop.cm\/#website\"},\"datePublished\":\"2024-05-18T19:53:08+00:00\",\"dateModified\":\"2024-05-18T19:53:19+00:00\",\"description\":\"Commandez vos meilleurs Vagin et Anus \u00e0 Double T\u00eate en Silicone Transparent \u00e0 bons prix partout au Cameroun et faites vous livrer discr\u00e8tement, sur H\u00e9donia, le meilleur site de vente en ligne de sextoys au Cameroun. - Whatsapp: +237 672588687\",\"breadcrumb\":{\"@id\":\"https:\/\/sexshop.cm\/produit\/vagin-et-anus-a-double-tete-en-silicone-transparent\/#breadcrumb\"},\"inLanguage\":\"en-US\",\"potentialAction\":[{\"@type\":\"ReadAction\",\"target\":[\"https:\/\/sexshop.cm\/produit\/vagin-et-anus-a-double-tete-en-silicone-transparent\/\"]}]},{\"@type\":\"BreadcrumbList\",\"@id\":\"https:\/\/sexshop.cm\/produit\/vagin-et-anus-a-double-tete-en-silicone-transparent\/#breadcrumb\",\"itemListElement\":[{\"@type\":\"ListItem\",\"position\":1,\"name\":\"Accueil\",\"item\":\"https:\/\/sexshop.cm\/en\/online-sexshop-in-cameroon\/\"},{\"@type\":\"ListItem\",\"position\":2,\"name\":\"Shop\",\"item\":\"https:\/\/sexshop.cm\/shop\/\"},{\"@type\":\"ListItem\",\"position\":3,\"name\":\"Vagin et Anus \u00e0 Double T\u00eate en Silicone Transparent\"}]},{\"@type\":\"WebSite\",\"@id\":\"https:\/\/sexshop.cm\/#website\",\"url\":\"https:\/\/sexshop.cm\/\",\"name\":\"H\u00e9donia\",\"description\":\"SexShop en ligne - Boutique de sextoys et objets coquins en ligne au Cameroun\",\"publisher\":{\"@id\":\"https:\/\/sexshop.cm\/#organization\"},\"potentialAction\":[{\"@type\":\"SearchAction\",\"target\":{\"@type\":\"EntryPoint\",\"urlTemplate\":\"https:\/\/sexshop.cm\/?s={search_term_string}\"},\"query-input\":\"required name=search_term_string\"}],\"inLanguage\":\"en-US\"},{\"@type\":\"Organization\",\"@id\":\"https:\/\/sexshop.cm\/#organization\",\"name\":\"H\u00e9donia\",\"alternateName\":\"Boutique de Sextoys en ligne au Cameroun\",\"url\":\"https:\/\/sexshop.cm\/\",\"logo\":{\"@type\":\"ImageObject\",\"inLanguage\":\"en-US\",\"@id\":\"https:\/\/sexshop.cm\/#\/schema\/logo\/image\/\",\"url\":\"https:\/\/sexshop.cm\/wp-content\/uploads\/2022\/10\/logo-680-hedonia.png.200x100_q85_background-f8f9fa.png\",\"contentUrl\":\"https:\/\/sexshop.cm\/wp-content\/uploads\/2022\/10\/logo-680-hedonia.png.200x100_q85_background-f8f9fa.png\",\"width\":2222,\"height\":534,\"caption\":\"H\u00e9donia\"},\"image\":{\"@id\":\"https:\/\/sexshop.cm\/#\/schema\/logo\/image\/\"}}]}<\/script>\n<meta property=\"product:price:amount\" content=\"28000\" \/>\n<meta property=\"product:price:currency\" content=\"XAF\" \/>\n<meta property=\"og:availability\" content=\"instock\" \/>\n<meta property=\"product:availability\" content=\"instock\" \/>\n<meta property=\"product:retailer_item_id\" content=\"1005005685066290\" \/>\n<meta property=\"product:condition\" content=\"new\" \/>\n<!-- \/ Yoast SEO Premium plugin. -->","yoast_head_json":{"title":"- Achetez et Commandez Discr\u00e8tement vos Vagin et Anus \u00e0 Double T\u00eate en Silicone Transparent au Cameroun -","description":"Commandez vos meilleurs Vagin et Anus \u00e0 Double T\u00eate en Silicone Transparent \u00e0 bons prix partout au Cameroun et faites vous livrer discr\u00e8tement, sur H\u00e9donia, le meilleur site de vente en ligne de sextoys au Cameroun. - Whatsapp: +237 672588687","robots":{"index":"index","follow":"follow","max-snippet":"max-snippet:-1","max-image-preview":"max-image-preview:large","max-video-preview":"max-video-preview:-1"},"canonical":"https:\/\/sexshop.cm\/produit\/vagin-et-anus-a-double-tete-en-silicone-transparent\/","og_locale":"en_US","og_type":"article","og_title":"Vagin et Anus \u00e0 Double T\u00eate en Silicone Transparent","og_description":"Vagin et Anus \u00e0 Double T\u00eate en Silicone Transparent - H\u00e9donia","og_url":"https:\/\/sexshop.cm\/produit\/vagin-et-anus-a-double-tete-en-silicone-transparent\/","og_site_name":"H\u00e9donia","article_modified_time":"2024-05-18T19:53:19+00:00","og_image":[{"url":"https:\/\/ae01.alicdn.com\/kf\/Sf93b99e44d7e4bf2a1e98c886c2794f00.jpg"}],"twitter_card":"summary_large_image","twitter_misc":{"Price":"28000&nbsp;CFA","Availability":"In stock"},"schema":{"@context":"https:\/\/schema.org","@graph":[{"@type":"WebPage","@id":"https:\/\/sexshop.cm\/produit\/vagin-et-anus-a-double-tete-en-silicone-transparent\/","url":"https:\/\/sexshop.cm\/produit\/vagin-et-anus-a-double-tete-en-silicone-transparent\/","name":"- Achetez et Commandez Discr\u00e8tement vos Vagin et Anus \u00e0 Double T\u00eate en Silicone Transparent au Cameroun -","isPartOf":{"@id":"https:\/\/sexshop.cm\/#website"},"datePublished":"2024-05-18T19:53:08+00:00","dateModified":"2024-05-18T19:53:19+00:00","description":"Commandez vos meilleurs Vagin et Anus \u00e0 Double T\u00eate en Silicone Transparent \u00e0 bons prix partout au Cameroun et faites vous livrer discr\u00e8tement, sur H\u00e9donia, le meilleur site de vente en ligne de sextoys au Cameroun. - Whatsapp: +237 672588687","breadcrumb":{"@id":"https:\/\/sexshop.cm\/produit\/vagin-et-anus-a-double-tete-en-silicone-transparent\/#breadcrumb"},"inLanguage":"en-US","potentialAction":[{"@type":"ReadAction","target":["https:\/\/sexshop.cm\/produit\/vagin-et-anus-a-double-tete-en-silicone-transparent\/"]}]},{"@type":"BreadcrumbList","@id":"https:\/\/sexshop.cm\/produit\/vagin-et-anus-a-double-tete-en-silicone-transparent\/#breadcrumb","itemListElement":[{"@type":"ListItem","position":1,"name":"Accueil","item":"https:\/\/sexshop.cm\/en\/online-sexshop-in-cameroon\/"},{"@type":"ListItem","position":2,"name":"Shop","item":"https:\/\/sexshop.cm\/shop\/"},{"@type":"ListItem","position":3,"name":"Vagin et Anus \u00e0 Double T\u00eate en Silicone Transparent"}]},{"@type":"WebSite","@id":"https:\/\/sexshop.cm\/#website","url":"https:\/\/sexshop.cm\/","name":"H\u00e9donia","description":"SexShop en ligne - Boutique de sextoys et objets coquins en ligne au Cameroun","publisher":{"@id":"https:\/\/sexshop.cm\/#organization"},"potentialAction":[{"@type":"SearchAction","target":{"@type":"EntryPoint","urlTemplate":"https:\/\/sexshop.cm\/?s={search_term_string}"},"query-input":"required name=search_term_string"}],"inLanguage":"en-US"},{"@type":"Organization","@id":"https:\/\/sexshop.cm\/#organization","name":"H\u00e9donia","alternateName":"Boutique de Sextoys en ligne au Cameroun","url":"https:\/\/sexshop.cm\/","logo":{"@type":"ImageObject","inLanguage":"en-US","@id":"https:\/\/sexshop.cm\/#\/schema\/logo\/image\/","url":"https:\/\/sexshop.cm\/wp-content\/uploads\/2022\/10\/logo-680-hedonia.png.200x100_q85_background-f8f9fa.png","contentUrl":"https:\/\/sexshop.cm\/wp-content\/uploads\/2022\/10\/logo-680-hedonia.png.200x100_q85_background-f8f9fa.png","width":2222,"height":534,"caption":"H\u00e9donia"},"image":{"@id":"https:\/\/sexshop.cm\/#\/schema\/logo\/image\/"}}]},"product_price_amount":"28000","product_price_currency":"XAF","og_availability":"instock","product_availability":"instock","product_retailer_item_id":"1005005685066290","product_condition":"new"},"_links":{"self":[{"href":"https:\/\/sexshop.cm\/en\/wp-json\/wp\/v2\/product\/10957"}],"collection":[{"href":"https:\/\/sexshop.cm\/en\/wp-json\/wp\/v2\/product"}],"about":[{"href":"https:\/\/sexshop.cm\/en\/wp-json\/wp\/v2\/types\/product"}],"replies":[{"embeddable":true,"href":"https:\/\/sexshop.cm\/en\/wp-json\/wp\/v2\/comments?post=10957"}],"wp:featuredmedia":[{"embeddable":true,"href":"https:\/\/sexshop.cm\/en\/wp-json\/wp\/v2\/media\/10958"}],"wp:attachment":[{"href":"https:\/\/sexshop.cm\/en\/wp-json\/wp\/v2\/media?parent=10957"}],"wp:term":[{"taxonomy":"brand","embeddable":true,"href":"https:\/\/sexshop.cm\/en\/wp-json\/wp\/v2\/etheme_brands?post=10957"},{"taxonomy":"product_cat","embeddable":true,"href":"https:\/\/sexshop.cm\/en\/wp-json\/wp\/v2\/product_cat?post=10957"},{"taxonomy":"product_tag","embeddable":true,"href":"https:\/\/sexshop.cm\/en\/wp-json\/wp\/v2\/product_tag?post=10957"}],"curies":[{"name":"wp","href":"https:\/\/api.w.org\/{rel}","templated":true}]}}