{"id":10968,"date":"2024-05-18T20:53:48","date_gmt":"2024-05-18T19:53:48","guid":{"rendered":"https:\/\/sexshop.cm\/produit\/vibromasseur-chauffant-double-fonction\/"},"modified":"2025-05-24T16:51:46","modified_gmt":"2025-05-24T15:51:46","slug":"vibromasseur-chauffant-double-fonction","status":"publish","type":"product","link":"https:\/\/sexshop.cm\/en\/produit\/vibromasseur-chauffant-double-fonction\/","title":{"rendered":"Vibromasseur chauffant double fonction"},"content":{"rendered":"<div class=\"detailmodule_html\">\n<div class=\"detail-desc-decorate-richtext\">\n<div class=\"detailmodule_dynamic\">\u00a0<\/div>\n<p><span id=\"tl_1\" style=\"font-size: 20px;\"><br \/>Chauffage puissant Oral clitoris vibrateurs pour femmes USB Charge baguette magique vibrateur masseur adulte jouets sexuels pour femmes masturbateur<\/span><span style=\"color: #000000;\"><u><span style=\"font-size: 20px;\"><span id=\"tl_2\" style=\"font-family: 'trebuchet ms', helvetica, sans-serif;\"><br \/>Description:<\/span><\/span><\/u><\/span><span style=\"font-size: 18px;\"><span id=\"tl_3\" style=\"font-family: 'trebuchet ms', helvetica, sans-serif;\"><br \/>1. Mat\u00e9riau en silicone m\u00e9dical de haute qualit\u00e9, sans odeur et sans danger.<\/span><\/span><span style=\"font-size: 18px;\"><br \/>2.<\/span><span style=\"font-family: 'trebuchet ms', helvetica, sans-serif;\"><span id=\"tl_4\" style=\"font-size: 18px;\">Chauffage intelligent jusqu&#8217;\u00e0 39.5 \u2103 degr\u00e9, une t\u00eate est un gode r\u00e9aliste, l&#8217;autre t\u00eate est une conception de masseur de baguette.<\/span><\/span><span id=\"tl_5\" style=\"font-size: 18px;\"><br \/>3. tr\u00e8s flexible et doux, le produit 360 \u2103 degr\u00e9 beding.<\/span><span style=\"font-size: 18px;\"><span id=\"tl_6\" style=\"font-family: 'trebuchet ms', helvetica, sans-serif;\"><br \/>Vibrateur fort \u00e0 4.7 vitesses, Vibration \u00e0 deux t\u00eates, <br \/>5. \u00c9tanche IPX7. <br \/>7. Puissance: Chargement USB <br \/>8. Taille: L220mm X D42mm <br \/>9.<\/span><\/span><span id=\"tl_7\" style=\"font-size: 18px;\">Emballage discret<\/span><img decoding=\"async\" src=\"https:\/\/ae01.alicdn.com\/kf\/HTB1I9jBavLsK1Rjy0Fbq6xSEXXaq.jpg\" width=\"1000\" height=\"1000\" \/><\/p>\n<p><img decoding=\"async\" src=\"https:\/\/ae01.alicdn.com\/kf\/HTB1cOzAUgHqK1RjSZFkq6x.WFXaW.jpg\" width=\"1000\" height=\"1000\" \/><\/p>\n<p><img decoding=\"async\" src=\"https:\/\/ae01.alicdn.com\/kf\/HTB1zOvsUkzoK1RjSZFlq6yi4VXad.jpg\" width=\"1000\" height=\"1000\" \/><img decoding=\"async\" src=\"https:\/\/ae01.alicdn.com\/kf\/HTB1Il6xUXzqK1RjSZFvq6AB7VXax.jpg\" \/><img decoding=\"async\" src=\"https:\/\/ae01.alicdn.com\/kf\/HTB1eSDNUiLaK1RjSZFxq6ymPFXaF.jpg\" \/><img decoding=\"async\" src=\"https:\/\/ae01.alicdn.com\/kf\/HTB1fhjqUirpK1RjSZFhq6xSdXXau.jpg\" \/><\/p>\n<p><img decoding=\"async\" src=\"https:\/\/ae01.alicdn.com\/kf\/HTB1_WjyUXzqK1RjSZFvq6AB7VXad.jpg\" \/><img decoding=\"async\" src=\"https:\/\/ae01.alicdn.com\/kf\/HTB1cqLuUkvoK1RjSZFNq6AxMVXa5.jpg\" \/><\/p>\n<div>\u00a0<\/div>\n<p><img decoding=\"async\" src=\"https:\/\/ae01.alicdn.com\/kf\/HTB14GLCaynrK1Rjy1Xcq6yeDVXah.jpg\" \/><img decoding=\"async\" src=\"https:\/\/ae01.alicdn.com\/kf\/HTB1uxYNazDuK1Rjy1zjq6zraFXa2.jpg\" \/><\/p>\n<div>\u00a0<\/div>\n<p><img decoding=\"async\" src=\"https:\/\/ae01.alicdn.com\/kf\/H1c32e983f58b42a79f49c1419fd30623U.jpg\" width=\"1000\" height=\"1000\" \/><\/p>\n<p><img decoding=\"async\" src=\"https:\/\/ae01.alicdn.com\/kf\/HTB1vnUuXAL0gK0jSZFAq6AA9pXax.jpg\" width=\"1000\" height=\"1000\" \/><\/p>\n<div style=\"font-family: arial; color: #000000;\">\u00a0<\/div>\n<p>\u00a0<\/p>\n<div>\u00a0<\/div>\n<p>\u00a0<\/p>\n<\/div>\n<\/div>\n","protected":false},"excerpt":{"rendered":"<p>\u00a0 Chauffage puissant Oral clitoris vibrateurs pour femmes USB Charge baguette magique vibrateur masseur adulte jouets sexuels pour femmes masturbateurDescription:1. Mat\u00e9riau en silicone m\u00e9dical de haute qualit\u00e9, sans odeur et sans danger.2.Chauffage intelligent jusqu&#8217;\u00e0 39.5 \u2103 degr\u00e9, une t\u00eate est un gode r\u00e9aliste, l&#8217;autre t\u00eate est une conception de masseur de baguette.3. tr\u00e8s flexible et doux, le produit 360 \u2103 degr\u00e9 beding.Vibrateur fort \u00e0 4.7 vitesses, Vibration \u00e0 deux t\u00eates, 5. \u00c9tanche IPX7. 7. Puissance: Chargement USB 8. Taille: L220mm X D42mm 9.Emballage discret \u00a0 \u00a0 \u00a0 \u00a0 \u00a0 \u00a0<\/p>\n","protected":false},"featured_media":10971,"comment_status":"open","ping_status":"closed","template":"","meta":{"_joinchat":[]},"etheme_brands":[],"product_cat":[46,59,60],"product_tag":[],"yoast_head":"<!-- This site is optimized with the Yoast SEO Premium plugin v19.3 (Yoast SEO v21.5) - https:\/\/yoast.com\/wordpress\/plugins\/seo\/ -->\n<title>- Achetez et Commandez Discr\u00e8tement vos Vibromasseur chauffant double fonction au Cameroun -<\/title>\n<meta name=\"description\" content=\"Commandez vos meilleurs Vibromasseur chauffant double fonction \u00e0 bons prix partout au Cameroun et faites vous livrer discr\u00e8tement, sur H\u00e9donia, le meilleur site de vente en ligne de sextoys au Cameroun. - Whatsapp: +237 672588687\" \/>\n<meta name=\"robots\" content=\"index, follow, max-snippet:-1, max-image-preview:large, max-video-preview:-1\" \/>\n<link rel=\"canonical\" href=\"https:\/\/sexshop.cm\/produit\/vibromasseur-chauffant-double-fonction\/\" \/>\n<meta property=\"og:locale\" content=\"en_US\" \/>\n<meta property=\"og:type\" content=\"article\" \/>\n<meta property=\"og:title\" content=\"Vibromasseur chauffant double fonction\" \/>\n<meta property=\"og:description\" content=\"Vibromasseur chauffant double fonction - H\u00e9donia\" \/>\n<meta property=\"og:url\" content=\"https:\/\/sexshop.cm\/produit\/vibromasseur-chauffant-double-fonction\/\" \/>\n<meta property=\"og:site_name\" content=\"H\u00e9donia\" \/>\n<meta property=\"article:modified_time\" content=\"2025-05-24T15:51:46+00:00\" \/>\n<meta property=\"og:image\" content=\"https:\/\/ae01.alicdn.com\/kf\/HTB1I9jBavLsK1Rjy0Fbq6xSEXXaq.jpg\" \/>\n<meta name=\"twitter:card\" content=\"summary_large_image\" \/>\n<meta name=\"twitter:label1\" content=\"Price\" \/>\n\t<meta name=\"twitter:data1\" content=\"32000&nbsp;CFA\" \/>\n\t<meta name=\"twitter:label2\" content=\"Availability\" \/>\n\t<meta name=\"twitter:data2\" content=\"In stock\" \/>\n<script type=\"application\/ld+json\" class=\"yoast-schema-graph\">{\"@context\":\"https:\/\/schema.org\",\"@graph\":[{\"@type\":\"WebPage\",\"@id\":\"https:\/\/sexshop.cm\/produit\/vibromasseur-chauffant-double-fonction\/\",\"url\":\"https:\/\/sexshop.cm\/produit\/vibromasseur-chauffant-double-fonction\/\",\"name\":\"- Achetez et Commandez Discr\u00e8tement vos Vibromasseur chauffant double fonction au Cameroun -\",\"isPartOf\":{\"@id\":\"https:\/\/sexshop.cm\/#website\"},\"datePublished\":\"2024-05-18T19:53:48+00:00\",\"dateModified\":\"2025-05-24T15:51:46+00:00\",\"description\":\"Commandez vos meilleurs Vibromasseur chauffant double fonction \u00e0 bons prix partout au Cameroun et faites vous livrer discr\u00e8tement, sur H\u00e9donia, le meilleur site de vente en ligne de sextoys au Cameroun. - Whatsapp: +237 672588687\",\"breadcrumb\":{\"@id\":\"https:\/\/sexshop.cm\/produit\/vibromasseur-chauffant-double-fonction\/#breadcrumb\"},\"inLanguage\":\"en-US\",\"potentialAction\":[{\"@type\":\"ReadAction\",\"target\":[\"https:\/\/sexshop.cm\/produit\/vibromasseur-chauffant-double-fonction\/\"]}]},{\"@type\":\"BreadcrumbList\",\"@id\":\"https:\/\/sexshop.cm\/produit\/vibromasseur-chauffant-double-fonction\/#breadcrumb\",\"itemListElement\":[{\"@type\":\"ListItem\",\"position\":1,\"name\":\"Accueil\",\"item\":\"https:\/\/sexshop.cm\/en\/online-sexshop-in-cameroon\/\"},{\"@type\":\"ListItem\",\"position\":2,\"name\":\"Shop\",\"item\":\"https:\/\/sexshop.cm\/shop\/\"},{\"@type\":\"ListItem\",\"position\":3,\"name\":\"Vibromasseur chauffant double fonction\"}]},{\"@type\":\"WebSite\",\"@id\":\"https:\/\/sexshop.cm\/#website\",\"url\":\"https:\/\/sexshop.cm\/\",\"name\":\"H\u00e9donia\",\"description\":\"SexShop en ligne - Boutique de sextoys et objets coquins en ligne au Cameroun\",\"publisher\":{\"@id\":\"https:\/\/sexshop.cm\/#organization\"},\"potentialAction\":[{\"@type\":\"SearchAction\",\"target\":{\"@type\":\"EntryPoint\",\"urlTemplate\":\"https:\/\/sexshop.cm\/?s={search_term_string}\"},\"query-input\":\"required name=search_term_string\"}],\"inLanguage\":\"en-US\"},{\"@type\":\"Organization\",\"@id\":\"https:\/\/sexshop.cm\/#organization\",\"name\":\"H\u00e9donia\",\"alternateName\":\"Boutique de Sextoys en ligne au Cameroun\",\"url\":\"https:\/\/sexshop.cm\/\",\"logo\":{\"@type\":\"ImageObject\",\"inLanguage\":\"en-US\",\"@id\":\"https:\/\/sexshop.cm\/#\/schema\/logo\/image\/\",\"url\":\"https:\/\/sexshop.cm\/wp-content\/uploads\/2022\/10\/logo-680-hedonia.png.200x100_q85_background-f8f9fa.png\",\"contentUrl\":\"https:\/\/sexshop.cm\/wp-content\/uploads\/2022\/10\/logo-680-hedonia.png.200x100_q85_background-f8f9fa.png\",\"width\":2222,\"height\":534,\"caption\":\"H\u00e9donia\"},\"image\":{\"@id\":\"https:\/\/sexshop.cm\/#\/schema\/logo\/image\/\"}}]}<\/script>\n<meta property=\"product:price:amount\" content=\"32000\" \/>\n<meta property=\"product:price:currency\" content=\"XAF\" \/>\n<meta property=\"og:availability\" content=\"instock\" \/>\n<meta property=\"product:availability\" content=\"instock\" \/>\n<meta property=\"product:retailer_item_id\" content=\"32834921679\" \/>\n<meta property=\"product:condition\" content=\"new\" \/>\n<!-- \/ Yoast SEO Premium plugin. -->","yoast_head_json":{"title":"- Achetez et Commandez Discr\u00e8tement vos Vibromasseur chauffant double fonction au Cameroun -","description":"Commandez vos meilleurs Vibromasseur chauffant double fonction \u00e0 bons prix partout au Cameroun et faites vous livrer discr\u00e8tement, sur H\u00e9donia, le meilleur site de vente en ligne de sextoys au Cameroun. - Whatsapp: +237 672588687","robots":{"index":"index","follow":"follow","max-snippet":"max-snippet:-1","max-image-preview":"max-image-preview:large","max-video-preview":"max-video-preview:-1"},"canonical":"https:\/\/sexshop.cm\/produit\/vibromasseur-chauffant-double-fonction\/","og_locale":"en_US","og_type":"article","og_title":"Vibromasseur chauffant double fonction","og_description":"Vibromasseur chauffant double fonction - H\u00e9donia","og_url":"https:\/\/sexshop.cm\/produit\/vibromasseur-chauffant-double-fonction\/","og_site_name":"H\u00e9donia","article_modified_time":"2025-05-24T15:51:46+00:00","og_image":[{"url":"https:\/\/ae01.alicdn.com\/kf\/HTB1I9jBavLsK1Rjy0Fbq6xSEXXaq.jpg"}],"twitter_card":"summary_large_image","twitter_misc":{"Price":"32000&nbsp;CFA","Availability":"In stock"},"schema":{"@context":"https:\/\/schema.org","@graph":[{"@type":"WebPage","@id":"https:\/\/sexshop.cm\/produit\/vibromasseur-chauffant-double-fonction\/","url":"https:\/\/sexshop.cm\/produit\/vibromasseur-chauffant-double-fonction\/","name":"- Achetez et Commandez Discr\u00e8tement vos Vibromasseur chauffant double fonction au Cameroun -","isPartOf":{"@id":"https:\/\/sexshop.cm\/#website"},"datePublished":"2024-05-18T19:53:48+00:00","dateModified":"2025-05-24T15:51:46+00:00","description":"Commandez vos meilleurs Vibromasseur chauffant double fonction \u00e0 bons prix partout au Cameroun et faites vous livrer discr\u00e8tement, sur H\u00e9donia, le meilleur site de vente en ligne de sextoys au Cameroun. - Whatsapp: +237 672588687","breadcrumb":{"@id":"https:\/\/sexshop.cm\/produit\/vibromasseur-chauffant-double-fonction\/#breadcrumb"},"inLanguage":"en-US","potentialAction":[{"@type":"ReadAction","target":["https:\/\/sexshop.cm\/produit\/vibromasseur-chauffant-double-fonction\/"]}]},{"@type":"BreadcrumbList","@id":"https:\/\/sexshop.cm\/produit\/vibromasseur-chauffant-double-fonction\/#breadcrumb","itemListElement":[{"@type":"ListItem","position":1,"name":"Accueil","item":"https:\/\/sexshop.cm\/en\/online-sexshop-in-cameroon\/"},{"@type":"ListItem","position":2,"name":"Shop","item":"https:\/\/sexshop.cm\/shop\/"},{"@type":"ListItem","position":3,"name":"Vibromasseur chauffant double fonction"}]},{"@type":"WebSite","@id":"https:\/\/sexshop.cm\/#website","url":"https:\/\/sexshop.cm\/","name":"H\u00e9donia","description":"SexShop en ligne - Boutique de sextoys et objets coquins en ligne au Cameroun","publisher":{"@id":"https:\/\/sexshop.cm\/#organization"},"potentialAction":[{"@type":"SearchAction","target":{"@type":"EntryPoint","urlTemplate":"https:\/\/sexshop.cm\/?s={search_term_string}"},"query-input":"required name=search_term_string"}],"inLanguage":"en-US"},{"@type":"Organization","@id":"https:\/\/sexshop.cm\/#organization","name":"H\u00e9donia","alternateName":"Boutique de Sextoys en ligne au Cameroun","url":"https:\/\/sexshop.cm\/","logo":{"@type":"ImageObject","inLanguage":"en-US","@id":"https:\/\/sexshop.cm\/#\/schema\/logo\/image\/","url":"https:\/\/sexshop.cm\/wp-content\/uploads\/2022\/10\/logo-680-hedonia.png.200x100_q85_background-f8f9fa.png","contentUrl":"https:\/\/sexshop.cm\/wp-content\/uploads\/2022\/10\/logo-680-hedonia.png.200x100_q85_background-f8f9fa.png","width":2222,"height":534,"caption":"H\u00e9donia"},"image":{"@id":"https:\/\/sexshop.cm\/#\/schema\/logo\/image\/"}}]},"product_price_amount":"32000","product_price_currency":"XAF","og_availability":"instock","product_availability":"instock","product_retailer_item_id":"32834921679","product_condition":"new"},"_links":{"self":[{"href":"https:\/\/sexshop.cm\/en\/wp-json\/wp\/v2\/product\/10968"}],"collection":[{"href":"https:\/\/sexshop.cm\/en\/wp-json\/wp\/v2\/product"}],"about":[{"href":"https:\/\/sexshop.cm\/en\/wp-json\/wp\/v2\/types\/product"}],"replies":[{"embeddable":true,"href":"https:\/\/sexshop.cm\/en\/wp-json\/wp\/v2\/comments?post=10968"}],"wp:featuredmedia":[{"embeddable":true,"href":"https:\/\/sexshop.cm\/en\/wp-json\/wp\/v2\/media\/10971"}],"wp:attachment":[{"href":"https:\/\/sexshop.cm\/en\/wp-json\/wp\/v2\/media?parent=10968"}],"wp:term":[{"taxonomy":"brand","embeddable":true,"href":"https:\/\/sexshop.cm\/en\/wp-json\/wp\/v2\/etheme_brands?post=10968"},{"taxonomy":"product_cat","embeddable":true,"href":"https:\/\/sexshop.cm\/en\/wp-json\/wp\/v2\/product_cat?post=10968"},{"taxonomy":"product_tag","embeddable":true,"href":"https:\/\/sexshop.cm\/en\/wp-json\/wp\/v2\/product_tag?post=10968"}],"curies":[{"name":"wp","href":"https:\/\/api.w.org\/{rel}","templated":true}]}}