{"id":10981,"date":"2024-05-18T20:54:29","date_gmt":"2024-05-18T19:54:29","guid":{"rendered":"https:\/\/sexshop.cm\/produit\/vagin-et-chatte-de-poche-pour-homme-avec-seins\/"},"modified":"2026-03-01T01:49:18","modified_gmt":"2026-03-01T00:49:18","slug":"vagin-et-chatte-de-poche-pour-homme-avec-seins","status":"publish","type":"product","link":"https:\/\/sexshop.cm\/en\/produit\/vagin-et-chatte-de-poche-pour-homme-avec-seins\/","title":{"rendered":"Vagin et chatte de poche pour homme avec seins"},"content":{"rendered":"<div class=\"detailmodule_html\">\n<div class=\"detail-desc-decorate-richtext\">\n<div id=\"offer-template-0\">\n<\/div>\n<div id=\"offer-template-0\"><strong><span id=\"tl_1\" style=\"font-size: 20px; font-family: arial, helvetica, sans-serif;\">Vagin Chatte Poche pour Hommes M\u00e2le Masturbateur Tasse 3D R\u00e9aliste Anal Oral Silicone \u00c9rotique Adulte Jouets Serr\u00e9 Gorge Profonde Jouets \u00c9rotiques<\/span><\/strong><\/p>\n<p><strong><span id=\"tl_2\" style=\"font-size: 18px; font-family: arial, helvetica, sans-serif;\">Caract\u00e9ristiques du produit<\/span><\/strong><br \/><span id=\"tl_3\" style=\"font-size: 16px; font-family: arial, helvetica, sans-serif;\"><br \/>\u2764TPE de qualit\u00e9 biologique, s\u00fbr et sans go\u00fbt <br \/>\u2764La partie du corps est une partie saillante \u00e0 trois couches, qui stimule efficacement le p\u00e9nis et obtient le plus grand plaisir. <br \/>\u2764Apparence \u00e9l\u00e9gante, protection de la vie priv\u00e9e, les gens ne connaissent pas votre petit secret <\/span><\/p>\n<p><strong><span id=\"tl_4\" style=\"font-size: 18px; font-family: arial, helvetica, sans-serif;\">Sp\u00e9cification:<\/span><\/strong><br \/><span id=\"tl_5\" style=\"font-size: 16px; font-family: arial, helvetica, sans-serif;\"><br \/>Type d&#8217;article: Masturbateur masculin <br \/>Sexe: Hommes <br \/>Mat\u00e9riau: silicone souple <br \/>Caract\u00e9ristiques: \u00e9tanche, chatte serr\u00e9e, anus vagin r\u00e9aliste, portable <\/span><\/p>\n<p><strong><span id=\"tl_6\" style=\"font-size: 18px; font-family: arial, helvetica, sans-serif;\">Le forfait comprend<\/span><\/strong><br \/><span id=\"tl_7\" style=\"font-size: 16px; font-family: arial, helvetica, sans-serif;\"><br \/>1 * Masturbateur<\/span><\/p>\n<p><img decoding=\"async\" src=\"https:\/\/ae01.alicdn.com\/kf\/Se75d1787975a4cbeb6534c77f8255727A.jpg?width=800&amp;height=800&amp;hash=1600\" \/><\/p>\n<\/div>\n<\/div>\n<\/div>\n","protected":false},"excerpt":{"rendered":"<p>Vagin Chatte Poche pour Hommes M\u00e2le Masturbateur Tasse 3D R\u00e9aliste Anal Oral Silicone \u00c9rotique Adulte Jouets Serr\u00e9 Gorge Profonde Jouets \u00c9rotiques Caract\u00e9ristiques du produit\u2764TPE de qualit\u00e9 biologique, s\u00fbr et sans go\u00fbt \u2764La partie du corps est une partie saillante \u00e0 trois couches, qui stimule efficacement le p\u00e9nis et obtient le plus grand plaisir. \u2764Apparence \u00e9l\u00e9gante, protection de la vie priv\u00e9e, les gens ne connaissent pas votre petit secret Sp\u00e9cification:Type d&#8217;article: Masturbateur masculin Sexe: Hommes Mat\u00e9riau: silicone souple Caract\u00e9ristiques: \u00e9tanche, chatte serr\u00e9e, anus vagin r\u00e9aliste, portable Le forfait comprend1 * Masturbateur<\/p>\n","protected":false},"featured_media":10982,"comment_status":"open","ping_status":"closed","template":"","meta":{"_joinchat":[]},"etheme_brands":[],"product_cat":[72,46],"product_tag":[],"yoast_head":"<!-- This site is optimized with the Yoast SEO Premium plugin v19.3 (Yoast SEO v21.5) - https:\/\/yoast.com\/wordpress\/plugins\/seo\/ -->\n<title>- Achetez et Commandez Discr\u00e8tement vos Vagin et chatte de poche pour homme avec seins au Cameroun -<\/title>\n<meta name=\"description\" content=\"Commandez vos meilleurs Vagin et chatte de poche pour homme avec seins \u00e0 bons prix partout au Cameroun et faites vous livrer discr\u00e8tement, sur H\u00e9donia, le meilleur site de vente en ligne de sextoys au Cameroun. - Whatsapp: +237 672588687\" \/>\n<meta name=\"robots\" content=\"index, follow, max-snippet:-1, max-image-preview:large, max-video-preview:-1\" \/>\n<link rel=\"canonical\" href=\"https:\/\/sexshop.cm\/produit\/vagin-et-chatte-de-poche-pour-homme-avec-seins\/\" \/>\n<meta property=\"og:locale\" content=\"en_US\" \/>\n<meta property=\"og:type\" content=\"article\" \/>\n<meta property=\"og:title\" content=\"Vagin et chatte de poche pour homme avec seins\" \/>\n<meta property=\"og:description\" content=\"Vagin et chatte de poche pour homme avec seins - H\u00e9donia\" \/>\n<meta property=\"og:url\" content=\"https:\/\/sexshop.cm\/produit\/vagin-et-chatte-de-poche-pour-homme-avec-seins\/\" \/>\n<meta property=\"og:site_name\" content=\"H\u00e9donia\" \/>\n<meta property=\"article:modified_time\" content=\"2026-03-01T00:49:18+00:00\" \/>\n<meta property=\"og:image\" content=\"https:\/\/ae01.alicdn.com\/kf\/Se75d1787975a4cbeb6534c77f8255727A.jpg?width=800&amp;height=800&amp;hash=1600\" \/>\n<meta name=\"twitter:card\" content=\"summary_large_image\" \/>\n<meta name=\"twitter:label1\" content=\"Price\" \/>\n\t<meta name=\"twitter:data1\" content=\"30000&nbsp;CFA\" \/>\n\t<meta name=\"twitter:label2\" content=\"Availability\" \/>\n\t<meta name=\"twitter:data2\" content=\"In stock\" \/>\n<script type=\"application\/ld+json\" class=\"yoast-schema-graph\">{\"@context\":\"https:\/\/schema.org\",\"@graph\":[{\"@type\":\"WebPage\",\"@id\":\"https:\/\/sexshop.cm\/produit\/vagin-et-chatte-de-poche-pour-homme-avec-seins\/\",\"url\":\"https:\/\/sexshop.cm\/produit\/vagin-et-chatte-de-poche-pour-homme-avec-seins\/\",\"name\":\"- Achetez et Commandez Discr\u00e8tement vos Vagin et chatte de poche pour homme avec seins au Cameroun -\",\"isPartOf\":{\"@id\":\"https:\/\/sexshop.cm\/#website\"},\"datePublished\":\"2024-05-18T19:54:29+00:00\",\"dateModified\":\"2026-03-01T00:49:18+00:00\",\"description\":\"Commandez vos meilleurs Vagin et chatte de poche pour homme avec seins \u00e0 bons prix partout au Cameroun et faites vous livrer discr\u00e8tement, sur H\u00e9donia, le meilleur site de vente en ligne de sextoys au Cameroun. - Whatsapp: +237 672588687\",\"breadcrumb\":{\"@id\":\"https:\/\/sexshop.cm\/produit\/vagin-et-chatte-de-poche-pour-homme-avec-seins\/#breadcrumb\"},\"inLanguage\":\"en-US\",\"potentialAction\":[{\"@type\":\"ReadAction\",\"target\":[\"https:\/\/sexshop.cm\/produit\/vagin-et-chatte-de-poche-pour-homme-avec-seins\/\"]}]},{\"@type\":\"BreadcrumbList\",\"@id\":\"https:\/\/sexshop.cm\/produit\/vagin-et-chatte-de-poche-pour-homme-avec-seins\/#breadcrumb\",\"itemListElement\":[{\"@type\":\"ListItem\",\"position\":1,\"name\":\"Accueil\",\"item\":\"https:\/\/sexshop.cm\/en\/online-sexshop-in-cameroon\/\"},{\"@type\":\"ListItem\",\"position\":2,\"name\":\"Shop\",\"item\":\"https:\/\/sexshop.cm\/shop\/\"},{\"@type\":\"ListItem\",\"position\":3,\"name\":\"Vagin et chatte de poche pour homme avec seins\"}]},{\"@type\":\"WebSite\",\"@id\":\"https:\/\/sexshop.cm\/#website\",\"url\":\"https:\/\/sexshop.cm\/\",\"name\":\"H\u00e9donia\",\"description\":\"SexShop en ligne - Boutique de sextoys et objets coquins en ligne au Cameroun\",\"publisher\":{\"@id\":\"https:\/\/sexshop.cm\/#organization\"},\"potentialAction\":[{\"@type\":\"SearchAction\",\"target\":{\"@type\":\"EntryPoint\",\"urlTemplate\":\"https:\/\/sexshop.cm\/?s={search_term_string}\"},\"query-input\":\"required name=search_term_string\"}],\"inLanguage\":\"en-US\"},{\"@type\":\"Organization\",\"@id\":\"https:\/\/sexshop.cm\/#organization\",\"name\":\"H\u00e9donia\",\"alternateName\":\"Boutique de Sextoys en ligne au Cameroun\",\"url\":\"https:\/\/sexshop.cm\/\",\"logo\":{\"@type\":\"ImageObject\",\"inLanguage\":\"en-US\",\"@id\":\"https:\/\/sexshop.cm\/#\/schema\/logo\/image\/\",\"url\":\"https:\/\/sexshop.cm\/wp-content\/uploads\/2022\/10\/logo-680-hedonia.png.200x100_q85_background-f8f9fa.png\",\"contentUrl\":\"https:\/\/sexshop.cm\/wp-content\/uploads\/2022\/10\/logo-680-hedonia.png.200x100_q85_background-f8f9fa.png\",\"width\":2222,\"height\":534,\"caption\":\"H\u00e9donia\"},\"image\":{\"@id\":\"https:\/\/sexshop.cm\/#\/schema\/logo\/image\/\"}}]}<\/script>\n<meta property=\"product:price:amount\" content=\"30000\" \/>\n<meta property=\"product:price:currency\" content=\"XAF\" \/>\n<meta property=\"og:availability\" content=\"instock\" \/>\n<meta property=\"product:availability\" content=\"instock\" \/>\n<meta property=\"product:retailer_item_id\" content=\"1005004721379587\" \/>\n<meta property=\"product:condition\" content=\"new\" \/>\n<!-- \/ Yoast SEO Premium plugin. -->","yoast_head_json":{"title":"- Achetez et Commandez Discr\u00e8tement vos Vagin et chatte de poche pour homme avec seins au Cameroun -","description":"Commandez vos meilleurs Vagin et chatte de poche pour homme avec seins \u00e0 bons prix partout au Cameroun et faites vous livrer discr\u00e8tement, sur H\u00e9donia, le meilleur site de vente en ligne de sextoys au Cameroun. - Whatsapp: +237 672588687","robots":{"index":"index","follow":"follow","max-snippet":"max-snippet:-1","max-image-preview":"max-image-preview:large","max-video-preview":"max-video-preview:-1"},"canonical":"https:\/\/sexshop.cm\/produit\/vagin-et-chatte-de-poche-pour-homme-avec-seins\/","og_locale":"en_US","og_type":"article","og_title":"Vagin et chatte de poche pour homme avec seins","og_description":"Vagin et chatte de poche pour homme avec seins - H\u00e9donia","og_url":"https:\/\/sexshop.cm\/produit\/vagin-et-chatte-de-poche-pour-homme-avec-seins\/","og_site_name":"H\u00e9donia","article_modified_time":"2026-03-01T00:49:18+00:00","og_image":[{"url":"https:\/\/ae01.alicdn.com\/kf\/Se75d1787975a4cbeb6534c77f8255727A.jpg?width=800&amp;height=800&amp;hash=1600"}],"twitter_card":"summary_large_image","twitter_misc":{"Price":"30000&nbsp;CFA","Availability":"In stock"},"schema":{"@context":"https:\/\/schema.org","@graph":[{"@type":"WebPage","@id":"https:\/\/sexshop.cm\/produit\/vagin-et-chatte-de-poche-pour-homme-avec-seins\/","url":"https:\/\/sexshop.cm\/produit\/vagin-et-chatte-de-poche-pour-homme-avec-seins\/","name":"- Achetez et Commandez Discr\u00e8tement vos Vagin et chatte de poche pour homme avec seins au Cameroun -","isPartOf":{"@id":"https:\/\/sexshop.cm\/#website"},"datePublished":"2024-05-18T19:54:29+00:00","dateModified":"2026-03-01T00:49:18+00:00","description":"Commandez vos meilleurs Vagin et chatte de poche pour homme avec seins \u00e0 bons prix partout au Cameroun et faites vous livrer discr\u00e8tement, sur H\u00e9donia, le meilleur site de vente en ligne de sextoys au Cameroun. - Whatsapp: +237 672588687","breadcrumb":{"@id":"https:\/\/sexshop.cm\/produit\/vagin-et-chatte-de-poche-pour-homme-avec-seins\/#breadcrumb"},"inLanguage":"en-US","potentialAction":[{"@type":"ReadAction","target":["https:\/\/sexshop.cm\/produit\/vagin-et-chatte-de-poche-pour-homme-avec-seins\/"]}]},{"@type":"BreadcrumbList","@id":"https:\/\/sexshop.cm\/produit\/vagin-et-chatte-de-poche-pour-homme-avec-seins\/#breadcrumb","itemListElement":[{"@type":"ListItem","position":1,"name":"Accueil","item":"https:\/\/sexshop.cm\/en\/online-sexshop-in-cameroon\/"},{"@type":"ListItem","position":2,"name":"Shop","item":"https:\/\/sexshop.cm\/shop\/"},{"@type":"ListItem","position":3,"name":"Vagin et chatte de poche pour homme avec seins"}]},{"@type":"WebSite","@id":"https:\/\/sexshop.cm\/#website","url":"https:\/\/sexshop.cm\/","name":"H\u00e9donia","description":"SexShop en ligne - Boutique de sextoys et objets coquins en ligne au Cameroun","publisher":{"@id":"https:\/\/sexshop.cm\/#organization"},"potentialAction":[{"@type":"SearchAction","target":{"@type":"EntryPoint","urlTemplate":"https:\/\/sexshop.cm\/?s={search_term_string}"},"query-input":"required name=search_term_string"}],"inLanguage":"en-US"},{"@type":"Organization","@id":"https:\/\/sexshop.cm\/#organization","name":"H\u00e9donia","alternateName":"Boutique de Sextoys en ligne au Cameroun","url":"https:\/\/sexshop.cm\/","logo":{"@type":"ImageObject","inLanguage":"en-US","@id":"https:\/\/sexshop.cm\/#\/schema\/logo\/image\/","url":"https:\/\/sexshop.cm\/wp-content\/uploads\/2022\/10\/logo-680-hedonia.png.200x100_q85_background-f8f9fa.png","contentUrl":"https:\/\/sexshop.cm\/wp-content\/uploads\/2022\/10\/logo-680-hedonia.png.200x100_q85_background-f8f9fa.png","width":2222,"height":534,"caption":"H\u00e9donia"},"image":{"@id":"https:\/\/sexshop.cm\/#\/schema\/logo\/image\/"}}]},"product_price_amount":"30000","product_price_currency":"XAF","og_availability":"instock","product_availability":"instock","product_retailer_item_id":"1005004721379587","product_condition":"new"},"_links":{"self":[{"href":"https:\/\/sexshop.cm\/en\/wp-json\/wp\/v2\/product\/10981"}],"collection":[{"href":"https:\/\/sexshop.cm\/en\/wp-json\/wp\/v2\/product"}],"about":[{"href":"https:\/\/sexshop.cm\/en\/wp-json\/wp\/v2\/types\/product"}],"replies":[{"embeddable":true,"href":"https:\/\/sexshop.cm\/en\/wp-json\/wp\/v2\/comments?post=10981"}],"wp:featuredmedia":[{"embeddable":true,"href":"https:\/\/sexshop.cm\/en\/wp-json\/wp\/v2\/media\/10982"}],"wp:attachment":[{"href":"https:\/\/sexshop.cm\/en\/wp-json\/wp\/v2\/media?parent=10981"}],"wp:term":[{"taxonomy":"brand","embeddable":true,"href":"https:\/\/sexshop.cm\/en\/wp-json\/wp\/v2\/etheme_brands?post=10981"},{"taxonomy":"product_cat","embeddable":true,"href":"https:\/\/sexshop.cm\/en\/wp-json\/wp\/v2\/product_cat?post=10981"},{"taxonomy":"product_tag","embeddable":true,"href":"https:\/\/sexshop.cm\/en\/wp-json\/wp\/v2\/product_tag?post=10981"}],"curies":[{"name":"wp","href":"https:\/\/api.w.org\/{rel}","templated":true}]}}