{"id":5637,"date":"2022-09-14T18:21:19","date_gmt":"2022-09-14T16:21:19","guid":{"rendered":"https:\/\/sexshop.cm\/?post_type=product&#038;p=5637"},"modified":"2023-06-06T03:10:16","modified_gmt":"2023-06-06T02:10:16","slug":"vibromasseur-et-stimulateur-de-clitoris-enchanting","status":"publish","type":"product","link":"https:\/\/sexshop.cm\/en\/produit\/vibromasseur-et-stimulateur-de-clitoris-enchanting\/","title":{"rendered":"Vibromasseur et stimulateur de clitoris Enchanting"},"content":{"rendered":"<p>Atteignez des orgasmes intenses avec le vibromasseur et stimulateur de clitoris Enchanting !<br \/>\nCe jouet aux multiples utilisations vous offrira trois types de stimulations : pulsations, sans contact et vibrations. Dot\u00e9 d&#8217;une t\u00eate \u00e0 bec, elle pourra se retirer pour passer rapidement des pulsations \u00e0 la stimulation sans contact. Les 9 modes en feront varier l&#8217;intensit\u00e9. Le vibromasseur poss\u00e8de \u00e9galement 9 modes, changeant la cadence et l&#8217;intensit\u00e9 des vibrations. Les deux moteurs \u00e9tant ind\u00e9pendants, vous pourrez utiliser un, l&#8217;autre, ou les deux ! Afin de vous procurer toujours plus de plaisir, le corps d&#8217;Enchanting se plie \u00e0 son centre, vous permettant de profiter d&#8217;une double stimulation. Ce sextoy est enti\u00e8rement fabriqu\u00e9 en silicone : il est doux et sain pour votre intimit\u00e9.<br \/>\nEnchanting mesure 20,7 cm de long au total, dont une partie ins\u00e9rable de 12,5 cm. Le diam\u00e8tre du vibromasseur est de 3,5 cm.<\/p>\n<p>Comment utiliser votre vibromasseur Enchanting :<br \/>\n1. Avant de l&#8217;utiliser pour la premi\u00e8re fois, faites-le charger pendant deux heures, avec le c\u00e2ble USB inclus<br \/>\n2. Maintenez 3 secondes le bouton vibrations (inf\u00e9rieur) pour allumer le moteur d\u00e9livrant des vibrations<br \/>\n3. Appuyez ensuite bri\u00e8vement sur ce m\u00eame bouton pour changer de mode parmi les 9 disponibles<br \/>\n4. Maintenez 3 secondes le bouton rond (sup\u00e9rieur) pour allumer le moteur d\u00e9livrant les pulsations<br \/>\n5. Appuyez ensuite bri\u00e8vement sur ce m\u00eame bouton pour faire d\u00e9filer les 9 modes<br \/>\n6. Avec la t\u00eate \u00e0 bec, les pulsations se transformeront en stimulation sans contact. Veillez juste \u00e0 bien poser le bec devant la membrane \u00e0 pulsations<br \/>\n7. Pour \u00e9teindre les moteurs, maintenez 3 secondes leurs boutons respectifs<\/p>\n<p>Nous vous recommandons de nettoyer votre jouet minutieusement entre chacune de ses utilisations. Retirez la t\u00eate \u00e0 bec et utilisez un toy cleaner sans alcool. Laissez bien s\u00e9cher la t\u00eate avant de la remettre en place. Pour plus de confort, vous pouvez ajouter un lubrifiant formul\u00e9 \u00e0 base d&#8217;eau.<\/p>\n","protected":false},"excerpt":{"rendered":"<p>Atteignez des orgasmes intenses avec le vibromasseur et stimulateur de clitoris Enchanting !<br \/>\nCe jouet aux multiples utilisations vous offrira trois types de stimulations : pulsations, sans contact et vibrations. Dot\u00e9 d&#8217;une t\u00eate \u00e0 bec, elle pourra se retirer pour passer rapidement des pulsations \u00e0 la stimulation sans contact. Les 9 modes en feront varier l&#8217;intensit\u00e9. Le vibromasseur poss\u00e8de \u00e9galement 9 modes, changeant la cadence et l&#8217;intensit\u00e9 des vibrations.<\/p>\n","protected":false},"featured_media":5638,"comment_status":"open","ping_status":"closed","template":"","meta":{"_joinchat":[]},"etheme_brands":[],"product_cat":[50,58],"product_tag":[],"yoast_head":"<!-- This site is optimized with the Yoast SEO Premium plugin v19.3 (Yoast SEO v21.5) - https:\/\/yoast.com\/wordpress\/plugins\/seo\/ -->\n<title>- Achetez et Commandez Discr\u00e8tement vos Vibromasseur et stimulateur de clitoris Enchanting au Cameroun -<\/title>\n<meta name=\"description\" content=\"Commandez vos meilleurs Vibromasseur et stimulateur de clitoris Enchanting \u00e0 bons prix partout au Cameroun et faites vous livrer discr\u00e8tement, sur H\u00e9donia, le meilleur site de vente en ligne de sextoys au Cameroun. - Whatsapp: +237 672588687\" \/>\n<meta name=\"robots\" content=\"index, follow, max-snippet:-1, max-image-preview:large, max-video-preview:-1\" \/>\n<link rel=\"canonical\" href=\"https:\/\/sexshop.cm\/produit\/vibromasseur-et-stimulateur-de-clitoris-enchanting\/\" \/>\n<meta property=\"og:locale\" content=\"en_US\" \/>\n<meta property=\"og:type\" content=\"article\" \/>\n<meta property=\"og:title\" content=\"Vibromasseur et stimulateur de clitoris Enchanting\" \/>\n<meta property=\"og:description\" content=\"Vibromasseur et stimulateur de clitoris Enchanting - H\u00e9donia\" \/>\n<meta property=\"og:url\" content=\"https:\/\/sexshop.cm\/produit\/vibromasseur-et-stimulateur-de-clitoris-enchanting\/\" \/>\n<meta property=\"og:site_name\" content=\"H\u00e9donia\" \/>\n<meta property=\"article:modified_time\" content=\"2023-06-06T02:10:16+00:00\" \/>\n<meta property=\"og:image\" content=\"https:\/\/sexshop.cm\/wp-content\/uploads\/2022\/09\/vibromasseur-et-stimulateur-de-clitoris-enchanting-3.png\" \/>\n\t<meta property=\"og:image:width\" content=\"490\" \/>\n\t<meta property=\"og:image:height\" content=\"551\" \/>\n\t<meta property=\"og:image:type\" content=\"image\/png\" \/>\n<meta name=\"twitter:card\" content=\"summary_large_image\" \/>\n<meta name=\"twitter:label1\" content=\"Price\" \/>\n\t<meta name=\"twitter:data1\" content=\"38000&nbsp;CFA\" \/>\n\t<meta name=\"twitter:label2\" content=\"Availability\" \/>\n\t<meta name=\"twitter:data2\" content=\"On backorder\" \/>\n<script type=\"application\/ld+json\" class=\"yoast-schema-graph\">{\"@context\":\"https:\/\/schema.org\",\"@graph\":[{\"@type\":\"WebPage\",\"@id\":\"https:\/\/sexshop.cm\/produit\/vibromasseur-et-stimulateur-de-clitoris-enchanting\/\",\"url\":\"https:\/\/sexshop.cm\/produit\/vibromasseur-et-stimulateur-de-clitoris-enchanting\/\",\"name\":\"- Achetez et Commandez Discr\u00e8tement vos Vibromasseur et stimulateur de clitoris Enchanting au Cameroun -\",\"isPartOf\":{\"@id\":\"https:\/\/sexshop.cm\/#website\"},\"datePublished\":\"2022-09-14T16:21:19+00:00\",\"dateModified\":\"2023-06-06T02:10:16+00:00\",\"description\":\"Commandez vos meilleurs Vibromasseur et stimulateur de clitoris Enchanting \u00e0 bons prix partout au Cameroun et faites vous livrer discr\u00e8tement, sur H\u00e9donia, le meilleur site de vente en ligne de sextoys au Cameroun. - Whatsapp: +237 672588687\",\"breadcrumb\":{\"@id\":\"https:\/\/sexshop.cm\/produit\/vibromasseur-et-stimulateur-de-clitoris-enchanting\/#breadcrumb\"},\"inLanguage\":\"en-US\",\"potentialAction\":[{\"@type\":\"ReadAction\",\"target\":[\"https:\/\/sexshop.cm\/produit\/vibromasseur-et-stimulateur-de-clitoris-enchanting\/\"]}]},{\"@type\":\"BreadcrumbList\",\"@id\":\"https:\/\/sexshop.cm\/produit\/vibromasseur-et-stimulateur-de-clitoris-enchanting\/#breadcrumb\",\"itemListElement\":[{\"@type\":\"ListItem\",\"position\":1,\"name\":\"Accueil\",\"item\":\"https:\/\/sexshop.cm\/en\/online-sexshop-in-cameroon\/\"},{\"@type\":\"ListItem\",\"position\":2,\"name\":\"Shop\",\"item\":\"https:\/\/sexshop.cm\/shop\/\"},{\"@type\":\"ListItem\",\"position\":3,\"name\":\"Vibromasseur et stimulateur de clitoris Enchanting\"}]},{\"@type\":\"WebSite\",\"@id\":\"https:\/\/sexshop.cm\/#website\",\"url\":\"https:\/\/sexshop.cm\/\",\"name\":\"H\u00e9donia\",\"description\":\"SexShop en ligne - Boutique de sextoys et objets coquins en ligne au Cameroun\",\"publisher\":{\"@id\":\"https:\/\/sexshop.cm\/#organization\"},\"potentialAction\":[{\"@type\":\"SearchAction\",\"target\":{\"@type\":\"EntryPoint\",\"urlTemplate\":\"https:\/\/sexshop.cm\/?s={search_term_string}\"},\"query-input\":\"required name=search_term_string\"}],\"inLanguage\":\"en-US\"},{\"@type\":\"Organization\",\"@id\":\"https:\/\/sexshop.cm\/#organization\",\"name\":\"H\u00e9donia\",\"alternateName\":\"Boutique de Sextoys en ligne au Cameroun\",\"url\":\"https:\/\/sexshop.cm\/\",\"logo\":{\"@type\":\"ImageObject\",\"inLanguage\":\"en-US\",\"@id\":\"https:\/\/sexshop.cm\/#\/schema\/logo\/image\/\",\"url\":\"https:\/\/sexshop.cm\/wp-content\/uploads\/2022\/10\/logo-680-hedonia.png.200x100_q85_background-f8f9fa.png\",\"contentUrl\":\"https:\/\/sexshop.cm\/wp-content\/uploads\/2022\/10\/logo-680-hedonia.png.200x100_q85_background-f8f9fa.png\",\"width\":2222,\"height\":534,\"caption\":\"H\u00e9donia\"},\"image\":{\"@id\":\"https:\/\/sexshop.cm\/#\/schema\/logo\/image\/\"}}]}<\/script>\n<meta property=\"product:price:amount\" content=\"38000\" \/>\n<meta property=\"product:price:currency\" content=\"XAF\" \/>\n<meta property=\"og:availability\" content=\"backorder\" \/>\n<meta property=\"product:availability\" content=\"available for order\" \/>\n<meta property=\"product:condition\" content=\"new\" \/>\n<!-- \/ Yoast SEO Premium plugin. -->","yoast_head_json":{"title":"- Achetez et Commandez Discr\u00e8tement vos Vibromasseur et stimulateur de clitoris Enchanting au Cameroun -","description":"Commandez vos meilleurs Vibromasseur et stimulateur de clitoris Enchanting \u00e0 bons prix partout au Cameroun et faites vous livrer discr\u00e8tement, sur H\u00e9donia, le meilleur site de vente en ligne de sextoys au Cameroun. - Whatsapp: +237 672588687","robots":{"index":"index","follow":"follow","max-snippet":"max-snippet:-1","max-image-preview":"max-image-preview:large","max-video-preview":"max-video-preview:-1"},"canonical":"https:\/\/sexshop.cm\/produit\/vibromasseur-et-stimulateur-de-clitoris-enchanting\/","og_locale":"en_US","og_type":"article","og_title":"Vibromasseur et stimulateur de clitoris Enchanting","og_description":"Vibromasseur et stimulateur de clitoris Enchanting - H\u00e9donia","og_url":"https:\/\/sexshop.cm\/produit\/vibromasseur-et-stimulateur-de-clitoris-enchanting\/","og_site_name":"H\u00e9donia","article_modified_time":"2023-06-06T02:10:16+00:00","og_image":[{"width":490,"height":551,"url":"https:\/\/sexshop.cm\/wp-content\/uploads\/2022\/09\/vibromasseur-et-stimulateur-de-clitoris-enchanting-3.png","type":"image\/png"}],"twitter_card":"summary_large_image","twitter_misc":{"Price":"38000&nbsp;CFA","Availability":"On backorder"},"schema":{"@context":"https:\/\/schema.org","@graph":[{"@type":"WebPage","@id":"https:\/\/sexshop.cm\/produit\/vibromasseur-et-stimulateur-de-clitoris-enchanting\/","url":"https:\/\/sexshop.cm\/produit\/vibromasseur-et-stimulateur-de-clitoris-enchanting\/","name":"- Achetez et Commandez Discr\u00e8tement vos Vibromasseur et stimulateur de clitoris Enchanting au Cameroun -","isPartOf":{"@id":"https:\/\/sexshop.cm\/#website"},"datePublished":"2022-09-14T16:21:19+00:00","dateModified":"2023-06-06T02:10:16+00:00","description":"Commandez vos meilleurs Vibromasseur et stimulateur de clitoris Enchanting \u00e0 bons prix partout au Cameroun et faites vous livrer discr\u00e8tement, sur H\u00e9donia, le meilleur site de vente en ligne de sextoys au Cameroun. - Whatsapp: +237 672588687","breadcrumb":{"@id":"https:\/\/sexshop.cm\/produit\/vibromasseur-et-stimulateur-de-clitoris-enchanting\/#breadcrumb"},"inLanguage":"en-US","potentialAction":[{"@type":"ReadAction","target":["https:\/\/sexshop.cm\/produit\/vibromasseur-et-stimulateur-de-clitoris-enchanting\/"]}]},{"@type":"BreadcrumbList","@id":"https:\/\/sexshop.cm\/produit\/vibromasseur-et-stimulateur-de-clitoris-enchanting\/#breadcrumb","itemListElement":[{"@type":"ListItem","position":1,"name":"Accueil","item":"https:\/\/sexshop.cm\/en\/online-sexshop-in-cameroon\/"},{"@type":"ListItem","position":2,"name":"Shop","item":"https:\/\/sexshop.cm\/shop\/"},{"@type":"ListItem","position":3,"name":"Vibromasseur et stimulateur de clitoris Enchanting"}]},{"@type":"WebSite","@id":"https:\/\/sexshop.cm\/#website","url":"https:\/\/sexshop.cm\/","name":"H\u00e9donia","description":"SexShop en ligne - Boutique de sextoys et objets coquins en ligne au Cameroun","publisher":{"@id":"https:\/\/sexshop.cm\/#organization"},"potentialAction":[{"@type":"SearchAction","target":{"@type":"EntryPoint","urlTemplate":"https:\/\/sexshop.cm\/?s={search_term_string}"},"query-input":"required name=search_term_string"}],"inLanguage":"en-US"},{"@type":"Organization","@id":"https:\/\/sexshop.cm\/#organization","name":"H\u00e9donia","alternateName":"Boutique de Sextoys en ligne au Cameroun","url":"https:\/\/sexshop.cm\/","logo":{"@type":"ImageObject","inLanguage":"en-US","@id":"https:\/\/sexshop.cm\/#\/schema\/logo\/image\/","url":"https:\/\/sexshop.cm\/wp-content\/uploads\/2022\/10\/logo-680-hedonia.png.200x100_q85_background-f8f9fa.png","contentUrl":"https:\/\/sexshop.cm\/wp-content\/uploads\/2022\/10\/logo-680-hedonia.png.200x100_q85_background-f8f9fa.png","width":2222,"height":534,"caption":"H\u00e9donia"},"image":{"@id":"https:\/\/sexshop.cm\/#\/schema\/logo\/image\/"}}]},"product_price_amount":"38000","product_price_currency":"XAF","og_availability":"backorder","product_availability":"available for order","product_condition":"new"},"_links":{"self":[{"href":"https:\/\/sexshop.cm\/en\/wp-json\/wp\/v2\/product\/5637"}],"collection":[{"href":"https:\/\/sexshop.cm\/en\/wp-json\/wp\/v2\/product"}],"about":[{"href":"https:\/\/sexshop.cm\/en\/wp-json\/wp\/v2\/types\/product"}],"replies":[{"embeddable":true,"href":"https:\/\/sexshop.cm\/en\/wp-json\/wp\/v2\/comments?post=5637"}],"wp:featuredmedia":[{"embeddable":true,"href":"https:\/\/sexshop.cm\/en\/wp-json\/wp\/v2\/media\/5638"}],"wp:attachment":[{"href":"https:\/\/sexshop.cm\/en\/wp-json\/wp\/v2\/media?parent=5637"}],"wp:term":[{"taxonomy":"brand","embeddable":true,"href":"https:\/\/sexshop.cm\/en\/wp-json\/wp\/v2\/etheme_brands?post=5637"},{"taxonomy":"product_cat","embeddable":true,"href":"https:\/\/sexshop.cm\/en\/wp-json\/wp\/v2\/product_cat?post=5637"},{"taxonomy":"product_tag","embeddable":true,"href":"https:\/\/sexshop.cm\/en\/wp-json\/wp\/v2\/product_tag?post=5637"}],"curies":[{"name":"wp","href":"https:\/\/api.w.org\/{rel}","templated":true}]}}