{"id":5644,"date":"2022-09-14T18:46:09","date_gmt":"2022-09-14T17:46:09","guid":{"rendered":"https:\/\/sexshop.cm\/?post_type=product&#038;p=5644"},"modified":"2022-12-03T10:53:28","modified_gmt":"2022-12-03T09:53:28","slug":"vibro-orgasmic-power-special-point-g","status":"publish","type":"product","link":"https:\/\/sexshop.cm\/en\/produit\/vibro-orgasmic-power-special-point-g\/","title":{"rendered":"Vibro Orgasmic Power sp\u00e9cial point G"},"content":{"rendered":"<p>Vous allez atteindre l&#8217;orgasme en un tour de main avec le vibro Orgasmic Power sp\u00e9cial point G.<br \/>\nCe sextoy poss\u00e8de de nombreux atouts pour s\u00e9duire le public f\u00e9minin. Compos\u00e9 en silicone, il est tr\u00e8s doux et agr\u00e9able au toucher.<br \/>\nIl propose \u00e9galement pas moins de 30 modes de vibration, ce qui vous assure de trouver celui qui r\u00e9pondra \u00e0 votre envie du moment \u00e0 tous les coups.<br \/>\nDe plus, sa forme courb\u00e9e est pens\u00e9e dans un but bien pr\u00e9cis, atteindre et stimuler le point G du mieux possible.<br \/>\nTr\u00e8s compact, le vibro Orgasmic Power sp\u00e9cial point G peut se glisser partout avec sa longueur totale de 18,5 cm et son diam\u00e8tre de 3,0 cm.<\/p>\n<p>Mode d&#8217;emploi du vibro Orgasmic Power sp\u00e9cial point G :<br \/>\n1. D\u00e9vissez la base du sextoy pour y introduire deux piles LR03 en respectant le sens de polarit\u00e9 indiqu\u00e9<br \/>\n2. Une fois les piles ins\u00e9r\u00e9es, pressez le bouton power pour mettre en marche le vibromasseur<br \/>\n3. Naviguez entre les 30 diff\u00e9rents modes de vibration gr\u00e2ce \u00e0 la touche pr\u00e9sente au-dessus du bouton power<br \/>\n4. Pressez \u00e0 nouveau la touche power pour \u00e9teindre le sextoy<\/p>\n<p>Le vibro Orgasmic Power sp\u00e9cial point G est un sextoy en silicone qui doit \u00eatre nettoy\u00e9 avant et apr\u00e8s chaque utilisation avec un toy cleaner adapt\u00e9. Il est essentiel d&#8217;ajouter un lubrifiant formul\u00e9 \u00e0 base d&#8217;eau pour toujours plus de confort et de plaisir. Retrouvez ces produits en option ainsi que dans la cat\u00e9gorie &#8220;Bien-\u00eatre&#8221; de notre site.<\/p>\n","protected":false},"excerpt":{"rendered":"<p>Vous allez atteindre l&#8217;orgasme en un tour de main avec le vibro Orgasmic Power sp\u00e9cial point G.<br \/>\nCe sextoy poss\u00e8de de nombreux atouts pour s\u00e9duire le public f\u00e9minin. Compos\u00e9 en silicone, il est tr\u00e8s doux et agr\u00e9able au toucher.<br \/>\nIl propose \u00e9galement pas moins de 30 modes de vibration, ce qui vous assure de trouver celui qui r\u00e9pondra \u00e0 votre envie du moment \u00e0 tous les coups.<br \/>\nDe plus, sa forme courb\u00e9e est pens\u00e9e dans un but bien pr\u00e9cis, atteindre et stimuler le point G du mieux possible.<\/p>\n","protected":false},"featured_media":5645,"comment_status":"open","ping_status":"closed","template":"","meta":{"_joinchat":[]},"etheme_brands":[],"product_cat":[50,60],"product_tag":[],"yoast_head":"<!-- This site is optimized with the Yoast SEO Premium plugin v19.3 (Yoast SEO v21.5) - https:\/\/yoast.com\/wordpress\/plugins\/seo\/ -->\n<title>- Achetez et Commandez Discr\u00e8tement vos Vibro Orgasmic Power sp\u00e9cial point G au Cameroun -<\/title>\n<meta name=\"description\" content=\"Commandez vos meilleurs Vibro Orgasmic Power sp\u00e9cial point G \u00e0 bons prix partout au Cameroun et faites vous livrer discr\u00e8tement, sur H\u00e9donia, le meilleur site de vente en ligne de sextoys au Cameroun. - Whatsapp: +237 672588687\" \/>\n<meta name=\"robots\" content=\"index, follow, max-snippet:-1, max-image-preview:large, max-video-preview:-1\" \/>\n<link rel=\"canonical\" href=\"https:\/\/sexshop.cm\/produit\/vibro-orgasmic-power-special-point-g\/\" \/>\n<meta property=\"og:locale\" content=\"en_US\" \/>\n<meta property=\"og:type\" content=\"article\" \/>\n<meta property=\"og:title\" content=\"Vibro Orgasmic Power sp\u00e9cial point G\" \/>\n<meta property=\"og:description\" content=\"Vibro Orgasmic Power sp\u00e9cial point G - H\u00e9donia\" \/>\n<meta property=\"og:url\" content=\"https:\/\/sexshop.cm\/produit\/vibro-orgasmic-power-special-point-g\/\" \/>\n<meta property=\"og:site_name\" content=\"H\u00e9donia\" \/>\n<meta property=\"article:modified_time\" content=\"2022-12-03T09:53:28+00:00\" \/>\n<meta property=\"og:image\" content=\"https:\/\/sexshop.cm\/wp-content\/uploads\/2022\/09\/vibro-orgasmic-power-special-point-g-5.png\" \/>\n\t<meta property=\"og:image:width\" content=\"490\" \/>\n\t<meta property=\"og:image:height\" content=\"551\" \/>\n\t<meta property=\"og:image:type\" content=\"image\/png\" \/>\n<meta name=\"twitter:card\" content=\"summary_large_image\" \/>\n<meta name=\"twitter:label1\" content=\"Price\" \/>\n\t<meta name=\"twitter:data1\" content=\"35000&nbsp;CFA\" \/>\n\t<meta name=\"twitter:label2\" content=\"Availability\" \/>\n\t<meta name=\"twitter:data2\" content=\"In stock\" \/>\n<script type=\"application\/ld+json\" class=\"yoast-schema-graph\">{\"@context\":\"https:\/\/schema.org\",\"@graph\":[{\"@type\":\"WebPage\",\"@id\":\"https:\/\/sexshop.cm\/produit\/vibro-orgasmic-power-special-point-g\/\",\"url\":\"https:\/\/sexshop.cm\/produit\/vibro-orgasmic-power-special-point-g\/\",\"name\":\"- Achetez et Commandez Discr\u00e8tement vos Vibro Orgasmic Power sp\u00e9cial point G au Cameroun -\",\"isPartOf\":{\"@id\":\"https:\/\/sexshop.cm\/#website\"},\"datePublished\":\"2022-09-14T17:46:09+00:00\",\"dateModified\":\"2022-12-03T09:53:28+00:00\",\"description\":\"Commandez vos meilleurs Vibro Orgasmic Power sp\u00e9cial point G \u00e0 bons prix partout au Cameroun et faites vous livrer discr\u00e8tement, sur H\u00e9donia, le meilleur site de vente en ligne de sextoys au Cameroun. - Whatsapp: +237 672588687\",\"breadcrumb\":{\"@id\":\"https:\/\/sexshop.cm\/produit\/vibro-orgasmic-power-special-point-g\/#breadcrumb\"},\"inLanguage\":\"en-US\",\"potentialAction\":[{\"@type\":\"ReadAction\",\"target\":[\"https:\/\/sexshop.cm\/produit\/vibro-orgasmic-power-special-point-g\/\"]}]},{\"@type\":\"BreadcrumbList\",\"@id\":\"https:\/\/sexshop.cm\/produit\/vibro-orgasmic-power-special-point-g\/#breadcrumb\",\"itemListElement\":[{\"@type\":\"ListItem\",\"position\":1,\"name\":\"Accueil\",\"item\":\"https:\/\/sexshop.cm\/en\/online-sexshop-in-cameroon\/\"},{\"@type\":\"ListItem\",\"position\":2,\"name\":\"Shop\",\"item\":\"https:\/\/sexshop.cm\/shop\/\"},{\"@type\":\"ListItem\",\"position\":3,\"name\":\"Vibro Orgasmic Power sp\u00e9cial point G\"}]},{\"@type\":\"WebSite\",\"@id\":\"https:\/\/sexshop.cm\/#website\",\"url\":\"https:\/\/sexshop.cm\/\",\"name\":\"H\u00e9donia\",\"description\":\"SexShop en ligne - Boutique de sextoys et objets coquins en ligne au Cameroun\",\"publisher\":{\"@id\":\"https:\/\/sexshop.cm\/#organization\"},\"potentialAction\":[{\"@type\":\"SearchAction\",\"target\":{\"@type\":\"EntryPoint\",\"urlTemplate\":\"https:\/\/sexshop.cm\/?s={search_term_string}\"},\"query-input\":\"required name=search_term_string\"}],\"inLanguage\":\"en-US\"},{\"@type\":\"Organization\",\"@id\":\"https:\/\/sexshop.cm\/#organization\",\"name\":\"H\u00e9donia\",\"alternateName\":\"Boutique de Sextoys en ligne au Cameroun\",\"url\":\"https:\/\/sexshop.cm\/\",\"logo\":{\"@type\":\"ImageObject\",\"inLanguage\":\"en-US\",\"@id\":\"https:\/\/sexshop.cm\/#\/schema\/logo\/image\/\",\"url\":\"https:\/\/sexshop.cm\/wp-content\/uploads\/2022\/10\/logo-680-hedonia.png.200x100_q85_background-f8f9fa.png\",\"contentUrl\":\"https:\/\/sexshop.cm\/wp-content\/uploads\/2022\/10\/logo-680-hedonia.png.200x100_q85_background-f8f9fa.png\",\"width\":2222,\"height\":534,\"caption\":\"H\u00e9donia\"},\"image\":{\"@id\":\"https:\/\/sexshop.cm\/#\/schema\/logo\/image\/\"}}]}<\/script>\n<meta property=\"product:price:amount\" content=\"35000\" \/>\n<meta property=\"product:price:currency\" content=\"XAF\" \/>\n<meta property=\"og:availability\" content=\"instock\" \/>\n<meta property=\"product:availability\" content=\"instock\" \/>\n<meta property=\"product:condition\" content=\"new\" \/>\n<!-- \/ Yoast SEO Premium plugin. -->","yoast_head_json":{"title":"- Achetez et Commandez Discr\u00e8tement vos Vibro Orgasmic Power sp\u00e9cial point G au Cameroun -","description":"Commandez vos meilleurs Vibro Orgasmic Power sp\u00e9cial point G \u00e0 bons prix partout au Cameroun et faites vous livrer discr\u00e8tement, sur H\u00e9donia, le meilleur site de vente en ligne de sextoys au Cameroun. - Whatsapp: +237 672588687","robots":{"index":"index","follow":"follow","max-snippet":"max-snippet:-1","max-image-preview":"max-image-preview:large","max-video-preview":"max-video-preview:-1"},"canonical":"https:\/\/sexshop.cm\/produit\/vibro-orgasmic-power-special-point-g\/","og_locale":"en_US","og_type":"article","og_title":"Vibro Orgasmic Power sp\u00e9cial point G","og_description":"Vibro Orgasmic Power sp\u00e9cial point G - H\u00e9donia","og_url":"https:\/\/sexshop.cm\/produit\/vibro-orgasmic-power-special-point-g\/","og_site_name":"H\u00e9donia","article_modified_time":"2022-12-03T09:53:28+00:00","og_image":[{"width":490,"height":551,"url":"https:\/\/sexshop.cm\/wp-content\/uploads\/2022\/09\/vibro-orgasmic-power-special-point-g-5.png","type":"image\/png"}],"twitter_card":"summary_large_image","twitter_misc":{"Price":"35000&nbsp;CFA","Availability":"In stock"},"schema":{"@context":"https:\/\/schema.org","@graph":[{"@type":"WebPage","@id":"https:\/\/sexshop.cm\/produit\/vibro-orgasmic-power-special-point-g\/","url":"https:\/\/sexshop.cm\/produit\/vibro-orgasmic-power-special-point-g\/","name":"- Achetez et Commandez Discr\u00e8tement vos Vibro Orgasmic Power sp\u00e9cial point G au Cameroun -","isPartOf":{"@id":"https:\/\/sexshop.cm\/#website"},"datePublished":"2022-09-14T17:46:09+00:00","dateModified":"2022-12-03T09:53:28+00:00","description":"Commandez vos meilleurs Vibro Orgasmic Power sp\u00e9cial point G \u00e0 bons prix partout au Cameroun et faites vous livrer discr\u00e8tement, sur H\u00e9donia, le meilleur site de vente en ligne de sextoys au Cameroun. - Whatsapp: +237 672588687","breadcrumb":{"@id":"https:\/\/sexshop.cm\/produit\/vibro-orgasmic-power-special-point-g\/#breadcrumb"},"inLanguage":"en-US","potentialAction":[{"@type":"ReadAction","target":["https:\/\/sexshop.cm\/produit\/vibro-orgasmic-power-special-point-g\/"]}]},{"@type":"BreadcrumbList","@id":"https:\/\/sexshop.cm\/produit\/vibro-orgasmic-power-special-point-g\/#breadcrumb","itemListElement":[{"@type":"ListItem","position":1,"name":"Accueil","item":"https:\/\/sexshop.cm\/en\/online-sexshop-in-cameroon\/"},{"@type":"ListItem","position":2,"name":"Shop","item":"https:\/\/sexshop.cm\/shop\/"},{"@type":"ListItem","position":3,"name":"Vibro Orgasmic Power sp\u00e9cial point G"}]},{"@type":"WebSite","@id":"https:\/\/sexshop.cm\/#website","url":"https:\/\/sexshop.cm\/","name":"H\u00e9donia","description":"SexShop en ligne - Boutique de sextoys et objets coquins en ligne au Cameroun","publisher":{"@id":"https:\/\/sexshop.cm\/#organization"},"potentialAction":[{"@type":"SearchAction","target":{"@type":"EntryPoint","urlTemplate":"https:\/\/sexshop.cm\/?s={search_term_string}"},"query-input":"required name=search_term_string"}],"inLanguage":"en-US"},{"@type":"Organization","@id":"https:\/\/sexshop.cm\/#organization","name":"H\u00e9donia","alternateName":"Boutique de Sextoys en ligne au Cameroun","url":"https:\/\/sexshop.cm\/","logo":{"@type":"ImageObject","inLanguage":"en-US","@id":"https:\/\/sexshop.cm\/#\/schema\/logo\/image\/","url":"https:\/\/sexshop.cm\/wp-content\/uploads\/2022\/10\/logo-680-hedonia.png.200x100_q85_background-f8f9fa.png","contentUrl":"https:\/\/sexshop.cm\/wp-content\/uploads\/2022\/10\/logo-680-hedonia.png.200x100_q85_background-f8f9fa.png","width":2222,"height":534,"caption":"H\u00e9donia"},"image":{"@id":"https:\/\/sexshop.cm\/#\/schema\/logo\/image\/"}}]},"product_price_amount":"35000","product_price_currency":"XAF","og_availability":"instock","product_availability":"instock","product_condition":"new"},"_links":{"self":[{"href":"https:\/\/sexshop.cm\/en\/wp-json\/wp\/v2\/product\/5644"}],"collection":[{"href":"https:\/\/sexshop.cm\/en\/wp-json\/wp\/v2\/product"}],"about":[{"href":"https:\/\/sexshop.cm\/en\/wp-json\/wp\/v2\/types\/product"}],"replies":[{"embeddable":true,"href":"https:\/\/sexshop.cm\/en\/wp-json\/wp\/v2\/comments?post=5644"}],"wp:featuredmedia":[{"embeddable":true,"href":"https:\/\/sexshop.cm\/en\/wp-json\/wp\/v2\/media\/5645"}],"wp:attachment":[{"href":"https:\/\/sexshop.cm\/en\/wp-json\/wp\/v2\/media?parent=5644"}],"wp:term":[{"taxonomy":"brand","embeddable":true,"href":"https:\/\/sexshop.cm\/en\/wp-json\/wp\/v2\/etheme_brands?post=5644"},{"taxonomy":"product_cat","embeddable":true,"href":"https:\/\/sexshop.cm\/en\/wp-json\/wp\/v2\/product_cat?post=5644"},{"taxonomy":"product_tag","embeddable":true,"href":"https:\/\/sexshop.cm\/en\/wp-json\/wp\/v2\/product_tag?post=5644"}],"curies":[{"name":"wp","href":"https:\/\/api.w.org\/{rel}","templated":true}]}}