{"id":5739,"date":"2022-09-17T00:41:44","date_gmt":"2022-09-16T22:41:44","guid":{"rendered":"https:\/\/sexshop.cm\/?post_type=product&#038;p=5739"},"modified":"2025-05-25T06:00:38","modified_gmt":"2025-05-25T05:00:38","slug":"gode-en-verre-realiste-henry","status":"publish","type":"product","link":"https:\/\/sexshop.cm\/en\/produit\/gode-en-verre-realiste-henry\/","title":{"rendered":"Gode en verre r\u00e9aliste Henry"},"content":{"rendered":"<p>Faites la rencontre de votre nouveau sextoy favori en d\u00e9couvrant le gode en verre r\u00e9aliste Henry !<br \/>\nCe gode en verre transparent est particuli\u00e8rement r\u00e9aliste et propose des finitions tr\u00e8s travaill\u00e9es avec de nombreux reliefs comme des nervures ou encore la pr\u00e9sence d&#8217;un large gland et des testicules. Ce gode est r\u00e9aliste jusque dans ses dimensions puisqu&#8217;il poss\u00e8de une longueur totale de 17,6 cm pour une longueur ins\u00e9rable de 14,5 cm et un diam\u00e8tre de 4,2 cm. Le fait qu&#8217;il soit en verre rend son entretien tr\u00e8s simple et cette mati\u00e8re permet \u00e9galement de l&#8217;immerger dans l&#8217;eau ti\u00e8de ou froide. En changeant sa temp\u00e9rature vous pouvez donc varier les plaisirs afin de ne jamais vous lasser de votre gode en verre r\u00e9aliste Henry.<\/p>\n<p>Votre gode en verre r\u00e9aliste Henry est un sextoy tr\u00e8s simple \u00e0 utiliser et entretenir. Nettoyez-le avant et apr\u00e8s usage avec de l&#8217;eau et un savon classique et pensez \u00e0 utiliser un lubrifiant \u00e0 chaque utilisation. Tous les produits n\u00e9cessaires sont \u00e0 retrouver en vente sur notre site, dans la section &#8220;Bien-\u00eatre&#8221;.<\/p>\n","protected":false},"excerpt":{"rendered":"<p>Faites la rencontre de votre nouveau sextoy favori en d\u00e9couvrant le gode en verre r\u00e9aliste Henry !<br \/>\nCe gode en verre transparent est particuli\u00e8rement r\u00e9aliste et propose des finitions tr\u00e8s travaill\u00e9es avec de nombreux reliefs comme des nervures ou encore la pr\u00e9sence d&#8217;un large gland et des testicules. Ce gode est r\u00e9aliste jusque dans ses dimensions puisqu&#8217;il poss\u00e8de une longueur totale de 17,6 cm pour une longueur ins\u00e9rable de 14,5 cm et un diam\u00e8tre de 4,2 cm. Le fait qu&#8217;il soit en verre rend son entretien tr\u00e8s simple et cette mati\u00e8re permet \u00e9galement de l&#8217;immerger dans l&#8217;eau ti\u00e8de ou froide<\/p>\n","protected":false},"featured_media":5740,"comment_status":"open","ping_status":"closed","template":"","meta":{"_joinchat":[]},"etheme_brands":[],"product_cat":[66,50],"product_tag":[],"yoast_head":"<!-- This site is optimized with the Yoast SEO Premium plugin v19.3 (Yoast SEO v21.5) - https:\/\/yoast.com\/wordpress\/plugins\/seo\/ -->\n<title>- Achetez et Commandez Discr\u00e8tement vos Gode en verre r\u00e9aliste Henry au Cameroun -<\/title>\n<meta name=\"description\" content=\"Commandez vos meilleurs Gode en verre r\u00e9aliste Henry \u00e0 bons prix partout au Cameroun et faites vous livrer discr\u00e8tement, sur H\u00e9donia, le meilleur site de vente en ligne de sextoys au Cameroun. - Whatsapp: +237 672588687\" \/>\n<meta name=\"robots\" content=\"index, follow, max-snippet:-1, max-image-preview:large, max-video-preview:-1\" \/>\n<link rel=\"canonical\" href=\"https:\/\/sexshop.cm\/produit\/gode-en-verre-realiste-henry\/\" \/>\n<meta property=\"og:locale\" content=\"en_US\" \/>\n<meta property=\"og:type\" content=\"article\" \/>\n<meta property=\"og:title\" content=\"Gode en verre r\u00e9aliste Henry\" \/>\n<meta property=\"og:description\" content=\"Gode en verre r\u00e9aliste Henry - H\u00e9donia\" \/>\n<meta property=\"og:url\" content=\"https:\/\/sexshop.cm\/produit\/gode-en-verre-realiste-henry\/\" \/>\n<meta property=\"og:site_name\" content=\"H\u00e9donia\" \/>\n<meta property=\"article:modified_time\" content=\"2025-05-25T05:00:38+00:00\" \/>\n<meta property=\"og:image\" content=\"http:\/\/sexshop.cm\/wp-content\/uploads\/2022\/09\/gode-en-verre-realiste-henry-6.png\" \/>\n\t<meta property=\"og:image:width\" content=\"490\" \/>\n\t<meta property=\"og:image:height\" content=\"551\" \/>\n\t<meta property=\"og:image:type\" content=\"image\/png\" \/>\n<meta name=\"twitter:card\" content=\"summary_large_image\" \/>\n<meta name=\"twitter:label1\" content=\"Price\" \/>\n\t<meta name=\"twitter:data1\" content=\"45000&nbsp;CFA\" \/>\n\t<meta name=\"twitter:label2\" content=\"Availability\" \/>\n\t<meta name=\"twitter:data2\" content=\"Out of stock\" \/>\n<script type=\"application\/ld+json\" class=\"yoast-schema-graph\">{\"@context\":\"https:\/\/schema.org\",\"@graph\":[{\"@type\":\"WebPage\",\"@id\":\"https:\/\/sexshop.cm\/produit\/gode-en-verre-realiste-henry\/\",\"url\":\"https:\/\/sexshop.cm\/produit\/gode-en-verre-realiste-henry\/\",\"name\":\"- Achetez et Commandez Discr\u00e8tement vos Gode en verre r\u00e9aliste Henry au Cameroun -\",\"isPartOf\":{\"@id\":\"https:\/\/sexshop.cm\/#website\"},\"datePublished\":\"2022-09-16T22:41:44+00:00\",\"dateModified\":\"2025-05-25T05:00:38+00:00\",\"description\":\"Commandez vos meilleurs Gode en verre r\u00e9aliste Henry \u00e0 bons prix partout au Cameroun et faites vous livrer discr\u00e8tement, sur H\u00e9donia, le meilleur site de vente en ligne de sextoys au Cameroun. - Whatsapp: +237 672588687\",\"breadcrumb\":{\"@id\":\"https:\/\/sexshop.cm\/produit\/gode-en-verre-realiste-henry\/#breadcrumb\"},\"inLanguage\":\"en-US\",\"potentialAction\":[{\"@type\":\"ReadAction\",\"target\":[\"https:\/\/sexshop.cm\/produit\/gode-en-verre-realiste-henry\/\"]}]},{\"@type\":\"BreadcrumbList\",\"@id\":\"https:\/\/sexshop.cm\/produit\/gode-en-verre-realiste-henry\/#breadcrumb\",\"itemListElement\":[{\"@type\":\"ListItem\",\"position\":1,\"name\":\"Accueil\",\"item\":\"https:\/\/sexshop.cm\/en\/online-sexshop-in-cameroon\/\"},{\"@type\":\"ListItem\",\"position\":2,\"name\":\"Shop\",\"item\":\"https:\/\/sexshop.cm\/shop\/\"},{\"@type\":\"ListItem\",\"position\":3,\"name\":\"Gode en verre r\u00e9aliste Henry\"}]},{\"@type\":\"WebSite\",\"@id\":\"https:\/\/sexshop.cm\/#website\",\"url\":\"https:\/\/sexshop.cm\/\",\"name\":\"H\u00e9donia\",\"description\":\"SexShop en ligne - Boutique de sextoys et objets coquins en ligne au Cameroun\",\"publisher\":{\"@id\":\"https:\/\/sexshop.cm\/#organization\"},\"potentialAction\":[{\"@type\":\"SearchAction\",\"target\":{\"@type\":\"EntryPoint\",\"urlTemplate\":\"https:\/\/sexshop.cm\/?s={search_term_string}\"},\"query-input\":\"required name=search_term_string\"}],\"inLanguage\":\"en-US\"},{\"@type\":\"Organization\",\"@id\":\"https:\/\/sexshop.cm\/#organization\",\"name\":\"H\u00e9donia\",\"alternateName\":\"Boutique de Sextoys en ligne au Cameroun\",\"url\":\"https:\/\/sexshop.cm\/\",\"logo\":{\"@type\":\"ImageObject\",\"inLanguage\":\"en-US\",\"@id\":\"https:\/\/sexshop.cm\/#\/schema\/logo\/image\/\",\"url\":\"https:\/\/sexshop.cm\/wp-content\/uploads\/2022\/10\/logo-680-hedonia.png.200x100_q85_background-f8f9fa.png\",\"contentUrl\":\"https:\/\/sexshop.cm\/wp-content\/uploads\/2022\/10\/logo-680-hedonia.png.200x100_q85_background-f8f9fa.png\",\"width\":2222,\"height\":534,\"caption\":\"H\u00e9donia\"},\"image\":{\"@id\":\"https:\/\/sexshop.cm\/#\/schema\/logo\/image\/\"}}]}<\/script>\n<meta property=\"product:price:amount\" content=\"45000\" \/>\n<meta property=\"product:price:currency\" content=\"XAF\" \/>\n<meta property=\"og:availability\" content=\"out of stock\" \/>\n<meta property=\"product:availability\" content=\"out of stock\" \/>\n<meta property=\"product:condition\" content=\"new\" \/>\n<!-- \/ Yoast SEO Premium plugin. -->","yoast_head_json":{"title":"- Achetez et Commandez Discr\u00e8tement vos Gode en verre r\u00e9aliste Henry au Cameroun -","description":"Commandez vos meilleurs Gode en verre r\u00e9aliste Henry \u00e0 bons prix partout au Cameroun et faites vous livrer discr\u00e8tement, sur H\u00e9donia, le meilleur site de vente en ligne de sextoys au Cameroun. - Whatsapp: +237 672588687","robots":{"index":"index","follow":"follow","max-snippet":"max-snippet:-1","max-image-preview":"max-image-preview:large","max-video-preview":"max-video-preview:-1"},"canonical":"https:\/\/sexshop.cm\/produit\/gode-en-verre-realiste-henry\/","og_locale":"en_US","og_type":"article","og_title":"Gode en verre r\u00e9aliste Henry","og_description":"Gode en verre r\u00e9aliste Henry - H\u00e9donia","og_url":"https:\/\/sexshop.cm\/produit\/gode-en-verre-realiste-henry\/","og_site_name":"H\u00e9donia","article_modified_time":"2025-05-25T05:00:38+00:00","og_image":[{"width":490,"height":551,"url":"http:\/\/sexshop.cm\/wp-content\/uploads\/2022\/09\/gode-en-verre-realiste-henry-6.png","type":"image\/png"}],"twitter_card":"summary_large_image","twitter_misc":{"Price":"45000&nbsp;CFA","Availability":"Out of stock"},"schema":{"@context":"https:\/\/schema.org","@graph":[{"@type":"WebPage","@id":"https:\/\/sexshop.cm\/produit\/gode-en-verre-realiste-henry\/","url":"https:\/\/sexshop.cm\/produit\/gode-en-verre-realiste-henry\/","name":"- Achetez et Commandez Discr\u00e8tement vos Gode en verre r\u00e9aliste Henry au Cameroun -","isPartOf":{"@id":"https:\/\/sexshop.cm\/#website"},"datePublished":"2022-09-16T22:41:44+00:00","dateModified":"2025-05-25T05:00:38+00:00","description":"Commandez vos meilleurs Gode en verre r\u00e9aliste Henry \u00e0 bons prix partout au Cameroun et faites vous livrer discr\u00e8tement, sur H\u00e9donia, le meilleur site de vente en ligne de sextoys au Cameroun. - Whatsapp: +237 672588687","breadcrumb":{"@id":"https:\/\/sexshop.cm\/produit\/gode-en-verre-realiste-henry\/#breadcrumb"},"inLanguage":"en-US","potentialAction":[{"@type":"ReadAction","target":["https:\/\/sexshop.cm\/produit\/gode-en-verre-realiste-henry\/"]}]},{"@type":"BreadcrumbList","@id":"https:\/\/sexshop.cm\/produit\/gode-en-verre-realiste-henry\/#breadcrumb","itemListElement":[{"@type":"ListItem","position":1,"name":"Accueil","item":"https:\/\/sexshop.cm\/en\/online-sexshop-in-cameroon\/"},{"@type":"ListItem","position":2,"name":"Shop","item":"https:\/\/sexshop.cm\/shop\/"},{"@type":"ListItem","position":3,"name":"Gode en verre r\u00e9aliste Henry"}]},{"@type":"WebSite","@id":"https:\/\/sexshop.cm\/#website","url":"https:\/\/sexshop.cm\/","name":"H\u00e9donia","description":"SexShop en ligne - Boutique de sextoys et objets coquins en ligne au Cameroun","publisher":{"@id":"https:\/\/sexshop.cm\/#organization"},"potentialAction":[{"@type":"SearchAction","target":{"@type":"EntryPoint","urlTemplate":"https:\/\/sexshop.cm\/?s={search_term_string}"},"query-input":"required name=search_term_string"}],"inLanguage":"en-US"},{"@type":"Organization","@id":"https:\/\/sexshop.cm\/#organization","name":"H\u00e9donia","alternateName":"Boutique de Sextoys en ligne au Cameroun","url":"https:\/\/sexshop.cm\/","logo":{"@type":"ImageObject","inLanguage":"en-US","@id":"https:\/\/sexshop.cm\/#\/schema\/logo\/image\/","url":"https:\/\/sexshop.cm\/wp-content\/uploads\/2022\/10\/logo-680-hedonia.png.200x100_q85_background-f8f9fa.png","contentUrl":"https:\/\/sexshop.cm\/wp-content\/uploads\/2022\/10\/logo-680-hedonia.png.200x100_q85_background-f8f9fa.png","width":2222,"height":534,"caption":"H\u00e9donia"},"image":{"@id":"https:\/\/sexshop.cm\/#\/schema\/logo\/image\/"}}]},"product_price_amount":"45000","product_price_currency":"XAF","og_availability":"out of stock","product_availability":"out of stock","product_condition":"new"},"_links":{"self":[{"href":"https:\/\/sexshop.cm\/en\/wp-json\/wp\/v2\/product\/5739"}],"collection":[{"href":"https:\/\/sexshop.cm\/en\/wp-json\/wp\/v2\/product"}],"about":[{"href":"https:\/\/sexshop.cm\/en\/wp-json\/wp\/v2\/types\/product"}],"replies":[{"embeddable":true,"href":"https:\/\/sexshop.cm\/en\/wp-json\/wp\/v2\/comments?post=5739"}],"wp:featuredmedia":[{"embeddable":true,"href":"https:\/\/sexshop.cm\/en\/wp-json\/wp\/v2\/media\/5740"}],"wp:attachment":[{"href":"https:\/\/sexshop.cm\/en\/wp-json\/wp\/v2\/media?parent=5739"}],"wp:term":[{"taxonomy":"brand","embeddable":true,"href":"https:\/\/sexshop.cm\/en\/wp-json\/wp\/v2\/etheme_brands?post=5739"},{"taxonomy":"product_cat","embeddable":true,"href":"https:\/\/sexshop.cm\/en\/wp-json\/wp\/v2\/product_cat?post=5739"},{"taxonomy":"product_tag","embeddable":true,"href":"https:\/\/sexshop.cm\/en\/wp-json\/wp\/v2\/product_tag?post=5739"}],"curies":[{"name":"wp","href":"https:\/\/api.w.org\/{rel}","templated":true}]}}