{"id":5768,"date":"2022-09-17T01:16:03","date_gmt":"2022-09-16T23:16:03","guid":{"rendered":"https:\/\/sexshop.cm\/?post_type=product&#038;p=5768"},"modified":"2024-07-09T12:43:38","modified_gmt":"2024-07-09T11:43:38","slug":"gode-ventouse-dragon-250cm","status":"publish","type":"product","link":"https:\/\/sexshop.cm\/en\/produit\/gode-ventouse-dragon-250cm\/","title":{"rendered":"Gode ventouse Dragon 25,0cm"},"content":{"rendered":"<p>Envolez-vous vers des plaisirs jamais ressentis gr\u00e2ce au gode cr\u00e9ature mythologique Dragon 25,0 cm !<br \/>\nImagin\u00e9 et con\u00e7u pour rappeler l&#8217;esth\u00e9tique de la cr\u00e9ature l\u00e9gendaire ail\u00e9e du m\u00eame nom, il s&#8217;agit d&#8217;un sextoy design aux multiples d\u00e9tails. Tr\u00e8s souple et flexible, il poss\u00e8de des finitions travaill\u00e9es avec des stries et des nervures en relief pour permettre toujours plus de sensations. S&#8217;il est \u00e9galement pens\u00e9 pour le plaisir vaginal, sa forme en fait un gode id\u00e9al pour la stimulation anale et pour une insertion progressive gr\u00e2ce \u00e0 sa longueur ins\u00e9rable de 20,0 cm. Sa longueur totale est de 25,0 cm pour un diam\u00e8tre de 5,4 cm. En plus de toutes ces qualit\u00e9s, il est \u00e9quip\u00e9 d&#8217;une ventouse ultra adh\u00e9rente qu&#8217;il est possible de fixer sur le sol comme au mur pour d\u00e9couvrir un large \u00e9ventail de positions en gardant les mains libres.<\/p>\n<p>Nettoyez bien votre sextoy avant et apr\u00e8s utilisation gr\u00e2ce \u00e0 un produit adapt\u00e9 sans silicone. L&#8217;ajout d&#8217;un lubrifiant est recommand\u00e9 pour toujours plus de confort et de plaisir. Ces produits sont disponibles dans la section &#8220;Bien-\u00eatre&#8221; de notre site.<\/p>\n","protected":false},"excerpt":{"rendered":"<p>Envolez-vous vers des plaisirs jamais ressentis gr\u00e2ce au gode cr\u00e9ature mythologique Dragon 25,0 cm !<br \/>\nImagin\u00e9 et con\u00e7u pour rappeler l&#8217;esth\u00e9tique de la cr\u00e9ature l\u00e9gendaire ail\u00e9e du m\u00eame nom, il s&#8217;agit d&#8217;un sextoy design aux multiples d\u00e9tails. Tr\u00e8s souple et flexible, il poss\u00e8de des finitions travaill\u00e9es avec des stries et des nervures en relief pour permettre toujours plus de sensations. S&#8217;il est \u00e9galement pens\u00e9 pour le plaisir vaginal, sa forme en fait un gode id\u00e9al pour la stimulation anale et pour une insertion progressive gr\u00e2ce \u00e0 sa longueur ins\u00e9rable de 20,0 cm.<\/p>\n","protected":false},"featured_media":5769,"comment_status":"open","ping_status":"closed","template":"","meta":{"_joinchat":[]},"etheme_brands":[],"product_cat":[64,50],"product_tag":[],"yoast_head":"<!-- This site is optimized with the Yoast SEO Premium plugin v19.3 (Yoast SEO v21.5) - https:\/\/yoast.com\/wordpress\/plugins\/seo\/ -->\n<title>- Achetez et Commandez Discr\u00e8tement vos Gode ventouse Dragon 25,0cm au Cameroun -<\/title>\n<meta name=\"description\" content=\"Commandez vos meilleurs Gode ventouse Dragon 25,0cm \u00e0 bons prix partout au Cameroun et faites vous livrer discr\u00e8tement, sur H\u00e9donia, le meilleur site de vente en ligne de sextoys au Cameroun. - Whatsapp: +237 672588687\" \/>\n<meta name=\"robots\" content=\"index, follow, max-snippet:-1, max-image-preview:large, max-video-preview:-1\" \/>\n<link rel=\"canonical\" href=\"https:\/\/sexshop.cm\/produit\/gode-ventouse-dragon-250cm\/\" \/>\n<meta property=\"og:locale\" content=\"en_US\" \/>\n<meta property=\"og:type\" content=\"article\" \/>\n<meta property=\"og:title\" content=\"Gode ventouse Dragon 25,0cm\" \/>\n<meta property=\"og:description\" content=\"Gode ventouse Dragon 25,0cm - H\u00e9donia\" \/>\n<meta property=\"og:url\" content=\"https:\/\/sexshop.cm\/produit\/gode-ventouse-dragon-250cm\/\" \/>\n<meta property=\"og:site_name\" content=\"H\u00e9donia\" \/>\n<meta property=\"article:modified_time\" content=\"2024-07-09T11:43:38+00:00\" \/>\n<meta property=\"og:image\" content=\"http:\/\/sexshop.cm\/wp-content\/uploads\/2022\/09\/gode-ventouse-dragon-25-0cm-4.png\" \/>\n\t<meta property=\"og:image:width\" content=\"490\" \/>\n\t<meta property=\"og:image:height\" content=\"551\" \/>\n\t<meta property=\"og:image:type\" content=\"image\/png\" \/>\n<meta name=\"twitter:card\" content=\"summary_large_image\" \/>\n<meta name=\"twitter:label1\" content=\"Price\" \/>\n\t<meta name=\"twitter:data1\" content=\"30000&nbsp;CFA\" \/>\n\t<meta name=\"twitter:label2\" content=\"Availability\" \/>\n\t<meta name=\"twitter:data2\" content=\"Out of stock\" \/>\n<script type=\"application\/ld+json\" class=\"yoast-schema-graph\">{\"@context\":\"https:\/\/schema.org\",\"@graph\":[{\"@type\":\"WebPage\",\"@id\":\"https:\/\/sexshop.cm\/produit\/gode-ventouse-dragon-250cm\/\",\"url\":\"https:\/\/sexshop.cm\/produit\/gode-ventouse-dragon-250cm\/\",\"name\":\"- Achetez et Commandez Discr\u00e8tement vos Gode ventouse Dragon 25,0cm au Cameroun -\",\"isPartOf\":{\"@id\":\"https:\/\/sexshop.cm\/#website\"},\"datePublished\":\"2022-09-16T23:16:03+00:00\",\"dateModified\":\"2024-07-09T11:43:38+00:00\",\"description\":\"Commandez vos meilleurs Gode ventouse Dragon 25,0cm \u00e0 bons prix partout au Cameroun et faites vous livrer discr\u00e8tement, sur H\u00e9donia, le meilleur site de vente en ligne de sextoys au Cameroun. - Whatsapp: +237 672588687\",\"breadcrumb\":{\"@id\":\"https:\/\/sexshop.cm\/produit\/gode-ventouse-dragon-250cm\/#breadcrumb\"},\"inLanguage\":\"en-US\",\"potentialAction\":[{\"@type\":\"ReadAction\",\"target\":[\"https:\/\/sexshop.cm\/produit\/gode-ventouse-dragon-250cm\/\"]}]},{\"@type\":\"BreadcrumbList\",\"@id\":\"https:\/\/sexshop.cm\/produit\/gode-ventouse-dragon-250cm\/#breadcrumb\",\"itemListElement\":[{\"@type\":\"ListItem\",\"position\":1,\"name\":\"Accueil\",\"item\":\"https:\/\/sexshop.cm\/en\/online-sexshop-in-cameroon\/\"},{\"@type\":\"ListItem\",\"position\":2,\"name\":\"Shop\",\"item\":\"https:\/\/sexshop.cm\/shop\/\"},{\"@type\":\"ListItem\",\"position\":3,\"name\":\"Gode ventouse Dragon 25,0cm\"}]},{\"@type\":\"WebSite\",\"@id\":\"https:\/\/sexshop.cm\/#website\",\"url\":\"https:\/\/sexshop.cm\/\",\"name\":\"H\u00e9donia\",\"description\":\"SexShop en ligne - Boutique de sextoys et objets coquins en ligne au Cameroun\",\"publisher\":{\"@id\":\"https:\/\/sexshop.cm\/#organization\"},\"potentialAction\":[{\"@type\":\"SearchAction\",\"target\":{\"@type\":\"EntryPoint\",\"urlTemplate\":\"https:\/\/sexshop.cm\/?s={search_term_string}\"},\"query-input\":\"required name=search_term_string\"}],\"inLanguage\":\"en-US\"},{\"@type\":\"Organization\",\"@id\":\"https:\/\/sexshop.cm\/#organization\",\"name\":\"H\u00e9donia\",\"alternateName\":\"Boutique de Sextoys en ligne au Cameroun\",\"url\":\"https:\/\/sexshop.cm\/\",\"logo\":{\"@type\":\"ImageObject\",\"inLanguage\":\"en-US\",\"@id\":\"https:\/\/sexshop.cm\/#\/schema\/logo\/image\/\",\"url\":\"https:\/\/sexshop.cm\/wp-content\/uploads\/2022\/10\/logo-680-hedonia.png.200x100_q85_background-f8f9fa.png\",\"contentUrl\":\"https:\/\/sexshop.cm\/wp-content\/uploads\/2022\/10\/logo-680-hedonia.png.200x100_q85_background-f8f9fa.png\",\"width\":2222,\"height\":534,\"caption\":\"H\u00e9donia\"},\"image\":{\"@id\":\"https:\/\/sexshop.cm\/#\/schema\/logo\/image\/\"}}]}<\/script>\n<meta property=\"product:price:amount\" content=\"30000\" \/>\n<meta property=\"product:price:currency\" content=\"XAF\" \/>\n<meta property=\"og:availability\" content=\"out of stock\" \/>\n<meta property=\"product:availability\" content=\"out of stock\" \/>\n<meta property=\"product:condition\" content=\"new\" \/>\n<!-- \/ Yoast SEO Premium plugin. -->","yoast_head_json":{"title":"- Achetez et Commandez Discr\u00e8tement vos Gode ventouse Dragon 25,0cm au Cameroun -","description":"Commandez vos meilleurs Gode ventouse Dragon 25,0cm \u00e0 bons prix partout au Cameroun et faites vous livrer discr\u00e8tement, sur H\u00e9donia, le meilleur site de vente en ligne de sextoys au Cameroun. - Whatsapp: +237 672588687","robots":{"index":"index","follow":"follow","max-snippet":"max-snippet:-1","max-image-preview":"max-image-preview:large","max-video-preview":"max-video-preview:-1"},"canonical":"https:\/\/sexshop.cm\/produit\/gode-ventouse-dragon-250cm\/","og_locale":"en_US","og_type":"article","og_title":"Gode ventouse Dragon 25,0cm","og_description":"Gode ventouse Dragon 25,0cm - H\u00e9donia","og_url":"https:\/\/sexshop.cm\/produit\/gode-ventouse-dragon-250cm\/","og_site_name":"H\u00e9donia","article_modified_time":"2024-07-09T11:43:38+00:00","og_image":[{"width":490,"height":551,"url":"http:\/\/sexshop.cm\/wp-content\/uploads\/2022\/09\/gode-ventouse-dragon-25-0cm-4.png","type":"image\/png"}],"twitter_card":"summary_large_image","twitter_misc":{"Price":"30000&nbsp;CFA","Availability":"Out of stock"},"schema":{"@context":"https:\/\/schema.org","@graph":[{"@type":"WebPage","@id":"https:\/\/sexshop.cm\/produit\/gode-ventouse-dragon-250cm\/","url":"https:\/\/sexshop.cm\/produit\/gode-ventouse-dragon-250cm\/","name":"- Achetez et Commandez Discr\u00e8tement vos Gode ventouse Dragon 25,0cm au Cameroun -","isPartOf":{"@id":"https:\/\/sexshop.cm\/#website"},"datePublished":"2022-09-16T23:16:03+00:00","dateModified":"2024-07-09T11:43:38+00:00","description":"Commandez vos meilleurs Gode ventouse Dragon 25,0cm \u00e0 bons prix partout au Cameroun et faites vous livrer discr\u00e8tement, sur H\u00e9donia, le meilleur site de vente en ligne de sextoys au Cameroun. - Whatsapp: +237 672588687","breadcrumb":{"@id":"https:\/\/sexshop.cm\/produit\/gode-ventouse-dragon-250cm\/#breadcrumb"},"inLanguage":"en-US","potentialAction":[{"@type":"ReadAction","target":["https:\/\/sexshop.cm\/produit\/gode-ventouse-dragon-250cm\/"]}]},{"@type":"BreadcrumbList","@id":"https:\/\/sexshop.cm\/produit\/gode-ventouse-dragon-250cm\/#breadcrumb","itemListElement":[{"@type":"ListItem","position":1,"name":"Accueil","item":"https:\/\/sexshop.cm\/en\/online-sexshop-in-cameroon\/"},{"@type":"ListItem","position":2,"name":"Shop","item":"https:\/\/sexshop.cm\/shop\/"},{"@type":"ListItem","position":3,"name":"Gode ventouse Dragon 25,0cm"}]},{"@type":"WebSite","@id":"https:\/\/sexshop.cm\/#website","url":"https:\/\/sexshop.cm\/","name":"H\u00e9donia","description":"SexShop en ligne - Boutique de sextoys et objets coquins en ligne au Cameroun","publisher":{"@id":"https:\/\/sexshop.cm\/#organization"},"potentialAction":[{"@type":"SearchAction","target":{"@type":"EntryPoint","urlTemplate":"https:\/\/sexshop.cm\/?s={search_term_string}"},"query-input":"required name=search_term_string"}],"inLanguage":"en-US"},{"@type":"Organization","@id":"https:\/\/sexshop.cm\/#organization","name":"H\u00e9donia","alternateName":"Boutique de Sextoys en ligne au Cameroun","url":"https:\/\/sexshop.cm\/","logo":{"@type":"ImageObject","inLanguage":"en-US","@id":"https:\/\/sexshop.cm\/#\/schema\/logo\/image\/","url":"https:\/\/sexshop.cm\/wp-content\/uploads\/2022\/10\/logo-680-hedonia.png.200x100_q85_background-f8f9fa.png","contentUrl":"https:\/\/sexshop.cm\/wp-content\/uploads\/2022\/10\/logo-680-hedonia.png.200x100_q85_background-f8f9fa.png","width":2222,"height":534,"caption":"H\u00e9donia"},"image":{"@id":"https:\/\/sexshop.cm\/#\/schema\/logo\/image\/"}}]},"product_price_amount":"30000","product_price_currency":"XAF","og_availability":"out of stock","product_availability":"out of stock","product_condition":"new"},"_links":{"self":[{"href":"https:\/\/sexshop.cm\/en\/wp-json\/wp\/v2\/product\/5768"}],"collection":[{"href":"https:\/\/sexshop.cm\/en\/wp-json\/wp\/v2\/product"}],"about":[{"href":"https:\/\/sexshop.cm\/en\/wp-json\/wp\/v2\/types\/product"}],"replies":[{"embeddable":true,"href":"https:\/\/sexshop.cm\/en\/wp-json\/wp\/v2\/comments?post=5768"}],"wp:featuredmedia":[{"embeddable":true,"href":"https:\/\/sexshop.cm\/en\/wp-json\/wp\/v2\/media\/5769"}],"wp:attachment":[{"href":"https:\/\/sexshop.cm\/en\/wp-json\/wp\/v2\/media?parent=5768"}],"wp:term":[{"taxonomy":"brand","embeddable":true,"href":"https:\/\/sexshop.cm\/en\/wp-json\/wp\/v2\/etheme_brands?post=5768"},{"taxonomy":"product_cat","embeddable":true,"href":"https:\/\/sexshop.cm\/en\/wp-json\/wp\/v2\/product_cat?post=5768"},{"taxonomy":"product_tag","embeddable":true,"href":"https:\/\/sexshop.cm\/en\/wp-json\/wp\/v2\/product_tag?post=5768"}],"curies":[{"name":"wp","href":"https:\/\/api.w.org\/{rel}","templated":true}]}}