{"id":5791,"date":"2022-09-17T02:07:37","date_gmt":"2022-09-17T00:07:37","guid":{"rendered":"https:\/\/sexshop.cm\/?post_type=product&#038;p=5791"},"modified":"2023-04-09T23:24:10","modified_gmt":"2023-04-09T22:24:10","slug":"satisfyer-cutie-heart-rose-aspirateur-clitoridien","status":"publish","type":"product","link":"https:\/\/sexshop.cm\/en\/produit\/satisfyer-cutie-heart-rose-aspirateur-clitoridien\/","title":{"rendered":"SATISFYER CUTIE HEART ROSE ASPIRATEUR CLITORIDIEN"},"content":{"rendered":"<p>D\u00e9couvrez l&#8217;Aspirateur Clitoridien Cutie Heart Rose de la marque Satisfyer ! Le nouvel \u00e9lu de votre c\u0153ur vous fera craquer avec sa forme ergonomique originale, et ses puissantes vibrations combin\u00e9es aux ondes puls\u00e9es pour stimuler intens\u00e9ment votre clitoris !<\/p>\n<p>Joli comme un c\u0153ur, cet aspirateur clitoridien est un bel objet de plaisir gr\u00e2ce \u00e0 sa forme ergonomique originale en forme de c\u0153ur color\u00e9. Il conviendra autant aux d\u00e9butants qu\u2019aux initi\u00e9s avec sa prise en main facile et son utilisation intuitive.<\/p>\n<p>Le Cutie Heart est dot\u00e9 d\u2019un embout creux qui se positionne autour du gland du clitoris. Gr\u00e2ce \u00e0 la technologie brevet\u00e9e AirPulse, votre sextoy d\u00e9livrera de puissantes ondes de pression capables de stimuler votre clitoris sans le toucher directement ! Vous pourrez ainsi profiter d\u2019une utilisation longue dur\u00e9e, sans ressentir de sensation d\u2019engourdissement de la zone.<\/p>\n<p>Mais ce n\u2019est pas tout\u2026 Vous aurez \u00e9galement la possibilit\u00e9 d\u2019orienter la pointe ou le bomb\u00e9 du c\u0153ur sur n\u2019importe qu\u2019elle zone \u00e9rog\u00e8ne de votre choix pour vibrer de plaisir gr\u00e2ce \u00e0 ses puissantes vibrations ! La pointe de votre sextoy vous offrira une stimulation cibl\u00e9e, tandis que le reste de sa surface vous offrira des sensations plus diffuses.<\/p>\n<p>Gr\u00e2ce \u00e0 ses 2 puissants moteurs contr\u00f4lables s\u00e9par\u00e9ment, vous pourrez explorer jusqu\u2019\u00e0 11 modes de succion et 12 fonctions de vibration, pour un total de 132 combinaisons ! Avec autant de possibilit\u00e9s, le Cutie Heart pourrait bien voler votre c\u0153ur !<\/p>\n<p>L\u2019Aspirateur Clitoridien Satisfyer Cutie Heart Rose est fabriqu\u00e9 \u00e0 partir d\u2019un silicone hypoallerg\u00e9nique de haute qualit\u00e9 pour pr\u00e9server votre sant\u00e9 intime. 100% waterproof (IPX7), votre sextoy pourra vous accompagner jusque sous la douche ou dans le bain pour vous permettre d\u2019explorer de nouveaux jeux \u00e9rotiques sous l&#8217;eau !<\/p>\n<p>Il est rechargeable \u00e0 l\u2019aide de son c\u00e2ble USB magn\u00e9tique inclus. Avant toute premi\u00e8re utilisation, il est recommand\u00e9 de charger compl\u00e8tement votre sextoy.<\/p>\n<p>Existe aussi en Bleu.<\/p>\n<p>Pour plus de plaisir, utilisez un lubrifiant \u00e0 base d&#8217;eau tel que le SexyGlide. Pour un nettoyage de votre sextoy rapide et sans rin\u00e7age, SexyAvenue vous conseille le Spray Nettoyant SexyCare \u00e0 utiliser avant et apr\u00e8s chaque utilisation.<\/p>\n<p>Icone Info En savoir plus sur la Garantie Meilleur Prix du Web<\/p>\n","protected":false},"excerpt":{"rendered":"<p>D\u00e9couvrez l&#8217;Aspirateur Clitoridien Cutie Heart Rose de la marque Satisfyer ! Le nouvel \u00e9lu de votre c\u0153ur vous fera craquer avec sa forme ergonomique originale, et ses puissantes vibrations combin\u00e9es aux ondes puls\u00e9es pour stimuler intens\u00e9ment votre clitoris !<\/p>\n<p>Joli comme un c\u0153ur, cet aspirateur clitoridien est un bel objet de plaisir gr\u00e2ce \u00e0 sa forme ergonomique originale en forme de c\u0153ur color\u00e9. Il conviendra autant aux d\u00e9butants qu\u2019aux initi\u00e9s avec sa prise en main facile et son utilisation intuitive.<\/p>\n","protected":false},"featured_media":5792,"comment_status":"open","ping_status":"closed","template":"","meta":{"_joinchat":[]},"etheme_brands":[],"product_cat":[47],"product_tag":[],"yoast_head":"<!-- This site is optimized with the Yoast SEO Premium plugin v19.3 (Yoast SEO v21.5) - https:\/\/yoast.com\/wordpress\/plugins\/seo\/ -->\n<title>- Achetez et Commandez Discr\u00e8tement vos SATISFYER CUTIE HEART ROSE ASPIRATEUR CLITORIDIEN au Cameroun -<\/title>\n<meta name=\"description\" content=\"Commandez vos meilleurs SATISFYER CUTIE HEART ROSE ASPIRATEUR CLITORIDIEN \u00e0 bons prix partout au Cameroun et faites vous livrer discr\u00e8tement, sur H\u00e9donia, le meilleur site de vente en ligne de sextoys au Cameroun. - Whatsapp: +237 672588687\" \/>\n<meta name=\"robots\" content=\"index, follow, max-snippet:-1, max-image-preview:large, max-video-preview:-1\" \/>\n<link rel=\"canonical\" href=\"https:\/\/sexshop.cm\/produit\/satisfyer-cutie-heart-rose-aspirateur-clitoridien\/\" \/>\n<meta property=\"og:locale\" content=\"en_US\" \/>\n<meta property=\"og:type\" content=\"article\" \/>\n<meta property=\"og:title\" content=\"SATISFYER CUTIE HEART ROSE ASPIRATEUR CLITORIDIEN\" \/>\n<meta property=\"og:description\" content=\"SATISFYER CUTIE HEART ROSE ASPIRATEUR CLITORIDIEN - H\u00e9donia\" \/>\n<meta property=\"og:url\" content=\"https:\/\/sexshop.cm\/produit\/satisfyer-cutie-heart-rose-aspirateur-clitoridien\/\" \/>\n<meta property=\"og:site_name\" content=\"H\u00e9donia\" \/>\n<meta property=\"article:modified_time\" content=\"2023-04-09T22:24:10+00:00\" \/>\n<meta property=\"og:image\" content=\"http:\/\/sexshop.cm\/wp-content\/uploads\/2022\/09\/satisfyer-cutie-heart-aspirateur-clitoridien-rose-1.jpg\" \/>\n\t<meta property=\"og:image:width\" content=\"800\" \/>\n\t<meta property=\"og:image:height\" content=\"800\" \/>\n\t<meta property=\"og:image:type\" content=\"image\/jpeg\" \/>\n<meta name=\"twitter:card\" content=\"summary_large_image\" \/>\n<meta name=\"twitter:label1\" content=\"Price\" \/>\n\t<meta name=\"twitter:data1\" content=\"30000&nbsp;CFA\" \/>\n\t<meta name=\"twitter:label2\" content=\"Availability\" \/>\n\t<meta name=\"twitter:data2\" content=\"Out of stock\" \/>\n<script type=\"application\/ld+json\" class=\"yoast-schema-graph\">{\"@context\":\"https:\/\/schema.org\",\"@graph\":[{\"@type\":\"WebPage\",\"@id\":\"https:\/\/sexshop.cm\/produit\/satisfyer-cutie-heart-rose-aspirateur-clitoridien\/\",\"url\":\"https:\/\/sexshop.cm\/produit\/satisfyer-cutie-heart-rose-aspirateur-clitoridien\/\",\"name\":\"- Achetez et Commandez Discr\u00e8tement vos SATISFYER CUTIE HEART ROSE ASPIRATEUR CLITORIDIEN au Cameroun -\",\"isPartOf\":{\"@id\":\"https:\/\/sexshop.cm\/#website\"},\"datePublished\":\"2022-09-17T00:07:37+00:00\",\"dateModified\":\"2023-04-09T22:24:10+00:00\",\"description\":\"Commandez vos meilleurs SATISFYER CUTIE HEART ROSE ASPIRATEUR CLITORIDIEN \u00e0 bons prix partout au Cameroun et faites vous livrer discr\u00e8tement, sur H\u00e9donia, le meilleur site de vente en ligne de sextoys au Cameroun. - Whatsapp: +237 672588687\",\"breadcrumb\":{\"@id\":\"https:\/\/sexshop.cm\/produit\/satisfyer-cutie-heart-rose-aspirateur-clitoridien\/#breadcrumb\"},\"inLanguage\":\"en-US\",\"potentialAction\":[{\"@type\":\"ReadAction\",\"target\":[\"https:\/\/sexshop.cm\/produit\/satisfyer-cutie-heart-rose-aspirateur-clitoridien\/\"]}]},{\"@type\":\"BreadcrumbList\",\"@id\":\"https:\/\/sexshop.cm\/produit\/satisfyer-cutie-heart-rose-aspirateur-clitoridien\/#breadcrumb\",\"itemListElement\":[{\"@type\":\"ListItem\",\"position\":1,\"name\":\"Accueil\",\"item\":\"https:\/\/sexshop.cm\/en\/online-sexshop-in-cameroon\/\"},{\"@type\":\"ListItem\",\"position\":2,\"name\":\"Shop\",\"item\":\"https:\/\/sexshop.cm\/shop\/\"},{\"@type\":\"ListItem\",\"position\":3,\"name\":\"SATISFYER CUTIE HEART ROSE ASPIRATEUR CLITORIDIEN\"}]},{\"@type\":\"WebSite\",\"@id\":\"https:\/\/sexshop.cm\/#website\",\"url\":\"https:\/\/sexshop.cm\/\",\"name\":\"H\u00e9donia\",\"description\":\"SexShop en ligne - Boutique de sextoys et objets coquins en ligne au Cameroun\",\"publisher\":{\"@id\":\"https:\/\/sexshop.cm\/#organization\"},\"potentialAction\":[{\"@type\":\"SearchAction\",\"target\":{\"@type\":\"EntryPoint\",\"urlTemplate\":\"https:\/\/sexshop.cm\/?s={search_term_string}\"},\"query-input\":\"required name=search_term_string\"}],\"inLanguage\":\"en-US\"},{\"@type\":\"Organization\",\"@id\":\"https:\/\/sexshop.cm\/#organization\",\"name\":\"H\u00e9donia\",\"alternateName\":\"Boutique de Sextoys en ligne au Cameroun\",\"url\":\"https:\/\/sexshop.cm\/\",\"logo\":{\"@type\":\"ImageObject\",\"inLanguage\":\"en-US\",\"@id\":\"https:\/\/sexshop.cm\/#\/schema\/logo\/image\/\",\"url\":\"https:\/\/sexshop.cm\/wp-content\/uploads\/2022\/10\/logo-680-hedonia.png.200x100_q85_background-f8f9fa.png\",\"contentUrl\":\"https:\/\/sexshop.cm\/wp-content\/uploads\/2022\/10\/logo-680-hedonia.png.200x100_q85_background-f8f9fa.png\",\"width\":2222,\"height\":534,\"caption\":\"H\u00e9donia\"},\"image\":{\"@id\":\"https:\/\/sexshop.cm\/#\/schema\/logo\/image\/\"}}]}<\/script>\n<meta property=\"product:price:amount\" content=\"30000\" \/>\n<meta property=\"product:price:currency\" content=\"XAF\" \/>\n<meta property=\"og:availability\" content=\"out of stock\" \/>\n<meta property=\"product:availability\" content=\"out of stock\" \/>\n<meta property=\"product:condition\" content=\"new\" \/>\n<!-- \/ Yoast SEO Premium plugin. -->","yoast_head_json":{"title":"- Achetez et Commandez Discr\u00e8tement vos SATISFYER CUTIE HEART ROSE ASPIRATEUR CLITORIDIEN au Cameroun -","description":"Commandez vos meilleurs SATISFYER CUTIE HEART ROSE ASPIRATEUR CLITORIDIEN \u00e0 bons prix partout au Cameroun et faites vous livrer discr\u00e8tement, sur H\u00e9donia, le meilleur site de vente en ligne de sextoys au Cameroun. - Whatsapp: +237 672588687","robots":{"index":"index","follow":"follow","max-snippet":"max-snippet:-1","max-image-preview":"max-image-preview:large","max-video-preview":"max-video-preview:-1"},"canonical":"https:\/\/sexshop.cm\/produit\/satisfyer-cutie-heart-rose-aspirateur-clitoridien\/","og_locale":"en_US","og_type":"article","og_title":"SATISFYER CUTIE HEART ROSE ASPIRATEUR CLITORIDIEN","og_description":"SATISFYER CUTIE HEART ROSE ASPIRATEUR CLITORIDIEN - H\u00e9donia","og_url":"https:\/\/sexshop.cm\/produit\/satisfyer-cutie-heart-rose-aspirateur-clitoridien\/","og_site_name":"H\u00e9donia","article_modified_time":"2023-04-09T22:24:10+00:00","og_image":[{"width":800,"height":800,"url":"http:\/\/sexshop.cm\/wp-content\/uploads\/2022\/09\/satisfyer-cutie-heart-aspirateur-clitoridien-rose-1.jpg","type":"image\/jpeg"}],"twitter_card":"summary_large_image","twitter_misc":{"Price":"30000&nbsp;CFA","Availability":"Out of stock"},"schema":{"@context":"https:\/\/schema.org","@graph":[{"@type":"WebPage","@id":"https:\/\/sexshop.cm\/produit\/satisfyer-cutie-heart-rose-aspirateur-clitoridien\/","url":"https:\/\/sexshop.cm\/produit\/satisfyer-cutie-heart-rose-aspirateur-clitoridien\/","name":"- Achetez et Commandez Discr\u00e8tement vos SATISFYER CUTIE HEART ROSE ASPIRATEUR CLITORIDIEN au Cameroun -","isPartOf":{"@id":"https:\/\/sexshop.cm\/#website"},"datePublished":"2022-09-17T00:07:37+00:00","dateModified":"2023-04-09T22:24:10+00:00","description":"Commandez vos meilleurs SATISFYER CUTIE HEART ROSE ASPIRATEUR CLITORIDIEN \u00e0 bons prix partout au Cameroun et faites vous livrer discr\u00e8tement, sur H\u00e9donia, le meilleur site de vente en ligne de sextoys au Cameroun. - Whatsapp: +237 672588687","breadcrumb":{"@id":"https:\/\/sexshop.cm\/produit\/satisfyer-cutie-heart-rose-aspirateur-clitoridien\/#breadcrumb"},"inLanguage":"en-US","potentialAction":[{"@type":"ReadAction","target":["https:\/\/sexshop.cm\/produit\/satisfyer-cutie-heart-rose-aspirateur-clitoridien\/"]}]},{"@type":"BreadcrumbList","@id":"https:\/\/sexshop.cm\/produit\/satisfyer-cutie-heart-rose-aspirateur-clitoridien\/#breadcrumb","itemListElement":[{"@type":"ListItem","position":1,"name":"Accueil","item":"https:\/\/sexshop.cm\/en\/online-sexshop-in-cameroon\/"},{"@type":"ListItem","position":2,"name":"Shop","item":"https:\/\/sexshop.cm\/shop\/"},{"@type":"ListItem","position":3,"name":"SATISFYER CUTIE HEART ROSE ASPIRATEUR CLITORIDIEN"}]},{"@type":"WebSite","@id":"https:\/\/sexshop.cm\/#website","url":"https:\/\/sexshop.cm\/","name":"H\u00e9donia","description":"SexShop en ligne - Boutique de sextoys et objets coquins en ligne au Cameroun","publisher":{"@id":"https:\/\/sexshop.cm\/#organization"},"potentialAction":[{"@type":"SearchAction","target":{"@type":"EntryPoint","urlTemplate":"https:\/\/sexshop.cm\/?s={search_term_string}"},"query-input":"required name=search_term_string"}],"inLanguage":"en-US"},{"@type":"Organization","@id":"https:\/\/sexshop.cm\/#organization","name":"H\u00e9donia","alternateName":"Boutique de Sextoys en ligne au Cameroun","url":"https:\/\/sexshop.cm\/","logo":{"@type":"ImageObject","inLanguage":"en-US","@id":"https:\/\/sexshop.cm\/#\/schema\/logo\/image\/","url":"https:\/\/sexshop.cm\/wp-content\/uploads\/2022\/10\/logo-680-hedonia.png.200x100_q85_background-f8f9fa.png","contentUrl":"https:\/\/sexshop.cm\/wp-content\/uploads\/2022\/10\/logo-680-hedonia.png.200x100_q85_background-f8f9fa.png","width":2222,"height":534,"caption":"H\u00e9donia"},"image":{"@id":"https:\/\/sexshop.cm\/#\/schema\/logo\/image\/"}}]},"product_price_amount":"30000","product_price_currency":"XAF","og_availability":"out of stock","product_availability":"out of stock","product_condition":"new"},"_links":{"self":[{"href":"https:\/\/sexshop.cm\/en\/wp-json\/wp\/v2\/product\/5791"}],"collection":[{"href":"https:\/\/sexshop.cm\/en\/wp-json\/wp\/v2\/product"}],"about":[{"href":"https:\/\/sexshop.cm\/en\/wp-json\/wp\/v2\/types\/product"}],"replies":[{"embeddable":true,"href":"https:\/\/sexshop.cm\/en\/wp-json\/wp\/v2\/comments?post=5791"}],"wp:featuredmedia":[{"embeddable":true,"href":"https:\/\/sexshop.cm\/en\/wp-json\/wp\/v2\/media\/5792"}],"wp:attachment":[{"href":"https:\/\/sexshop.cm\/en\/wp-json\/wp\/v2\/media?parent=5791"}],"wp:term":[{"taxonomy":"brand","embeddable":true,"href":"https:\/\/sexshop.cm\/en\/wp-json\/wp\/v2\/etheme_brands?post=5791"},{"taxonomy":"product_cat","embeddable":true,"href":"https:\/\/sexshop.cm\/en\/wp-json\/wp\/v2\/product_cat?post=5791"},{"taxonomy":"product_tag","embeddable":true,"href":"https:\/\/sexshop.cm\/en\/wp-json\/wp\/v2\/product_tag?post=5791"}],"curies":[{"name":"wp","href":"https:\/\/api.w.org\/{rel}","templated":true}]}}