{"id":5812,"date":"2022-09-17T15:57:48","date_gmt":"2022-09-17T13:57:48","guid":{"rendered":"https:\/\/sexshop.cm\/?post_type=product&#038;p=5812"},"modified":"2025-05-24T12:36:43","modified_gmt":"2025-05-24T11:36:43","slug":"doigt-vibrant-rechargeable-bunny-pleaser-finger-vibes","status":"publish","type":"product","link":"https:\/\/sexshop.cm\/en\/produit\/doigt-vibrant-rechargeable-bunny-pleaser-finger-vibes\/","title":{"rendered":"DOIGT VIBRANT RECHARGEABLE BUNNY PLEASER FINGER VIBES"},"content":{"rendered":"<p>D\u00e9couvrez le Doigt Vibrant Rechargeable Bunny Pleaser Finger Vibes de la marque ToyJoy ! Ce lapin espi\u00e8gle caressera langoureusement votre clitoris avec ses petites oreilles, et tout \u00e7a du bout des doigts !<\/p>\n<p>Ce petit lapin deviendra votre nouveau compagnon de plaisir id\u00e9al pour pimenter vos moments intimes en solo ou en duo ! Simple d\u2019utilisation, il vous suffira d\u2019ins\u00e9rer votre doigt dans la bague pr\u00e9vue \u00e0 cet effet. Celui-ci sera alors capable de prodiguer de puissantes caresses orgasmiques ! Amusez-vous \u00e0 parcourir vos diff\u00e9rentes zones \u00e9rog\u00e8nes comme votre clitoris, votre vulve, vos t\u00e9tons ou encore votre p\u00e9nis pour fr\u00e9mir de plaisir. L\u2019embout de votre sextoy poss\u00e8de 2 petites oreilles con\u00e7ues pour renforcer votre plaisir avec une stimulation cibl\u00e9e de vos points sensibles.<\/p>\n<p>Le Doigt Vibrant Rechargeable Bunny Pleaser est fabriqu\u00e9 en silicone hypoallerg\u00e9nique de haute qualit\u00e9 pour pr\u00e9server votre sant\u00e9 intime. 100% waterproof, votre sextoy pourra vous accompagner jusque sous la douche pour explorer de nouveaux \u00e9rotiques sous l\u2019eau ! Il se nettoie facilement sous l&#8217;eau savonneuse ou \u00e0 l&#8217;aide d&#8217;un nettoyant pour sextoy.<\/p>\n<p>Il est rechargeable \u00e0 l\u2019aide de son c\u00e2ble USB inclus. Avant toute premi\u00e8re utilisation, il est recommand\u00e9 de charger compl\u00e8tement votre sextoy.<\/p>\n<p>Pour plus de plaisir, utilisez le lubrifiant \u00e0 base d&#8217;eau SexyGlide. Pour un nettoyage de votre sextoy rapide et sans rin\u00e7age, SexyAvenue vous conseille le spray nettoyant pour sextoys SexyCare \u00e0 utiliser avant et apr\u00e8s chaque utilisation.<\/p>\n","protected":false},"excerpt":{"rendered":"<p>D\u00e9couvrez le Doigt Vibrant Rechargeable Bunny Pleaser Finger Vibes de la marque ToyJoy ! Ce lapin espi\u00e8gle caressera langoureusement votre clitoris avec ses petites oreilles, et tout \u00e7a du bout des doigts !<\/p>\n<p>Ce petit lapin deviendra votre nouveau compagnon de plaisir id\u00e9al pour pimenter vos moments intimes en solo ou en duo ! Simple d\u2019utilisation, il vous suffira d\u2019ins\u00e9rer votre doigt dans la bague pr\u00e9vue \u00e0 cet effet. Celui-ci sera alors capable de prodiguer de puissantes caresses orgasmiques ! Amusez-vous \u00e0 parcourir vos diff\u00e9rentes zones \u00e9rog\u00e8nes comme votre clitoris, votre vulve, vos t\u00e9tons ou encore votre p\u00e9nis pour fr\u00e9mir de plaisir. L\u2019embout de votre sextoy poss\u00e8de 2 petites oreilles con\u00e7ues pour renforcer votre plaisir avec une stimulation cibl\u00e9e de vos points sensibles.<\/p>\n<p>&nbsp;<\/p>\n","protected":false},"featured_media":5813,"comment_status":"open","ping_status":"closed","template":"","meta":{"_joinchat":[]},"etheme_brands":[],"product_cat":[47,50],"product_tag":[],"yoast_head":"<!-- This site is optimized with the Yoast SEO Premium plugin v19.3 (Yoast SEO v21.5) - https:\/\/yoast.com\/wordpress\/plugins\/seo\/ -->\n<title>- Achetez et Commandez Discr\u00e8tement vos DOIGT VIBRANT RECHARGEABLE BUNNY PLEASER FINGER VIBES au Cameroun -<\/title>\n<meta name=\"description\" content=\"Commandez vos meilleurs DOIGT VIBRANT RECHARGEABLE BUNNY PLEASER FINGER VIBES \u00e0 bons prix partout au Cameroun et faites vous livrer discr\u00e8tement, sur H\u00e9donia, le meilleur site de vente en ligne de sextoys au Cameroun. - Whatsapp: +237 672588687\" \/>\n<meta name=\"robots\" content=\"index, follow, max-snippet:-1, max-image-preview:large, max-video-preview:-1\" \/>\n<link rel=\"canonical\" href=\"https:\/\/sexshop.cm\/produit\/doigt-vibrant-rechargeable-bunny-pleaser-finger-vibes\/\" \/>\n<meta property=\"og:locale\" content=\"en_US\" \/>\n<meta property=\"og:type\" content=\"article\" \/>\n<meta property=\"og:title\" content=\"DOIGT VIBRANT RECHARGEABLE BUNNY PLEASER FINGER VIBES\" \/>\n<meta property=\"og:description\" content=\"DOIGT VIBRANT RECHARGEABLE BUNNY PLEASER FINGER VIBES - H\u00e9donia\" \/>\n<meta property=\"og:url\" content=\"https:\/\/sexshop.cm\/produit\/doigt-vibrant-rechargeable-bunny-pleaser-finger-vibes\/\" \/>\n<meta property=\"og:site_name\" content=\"H\u00e9donia\" \/>\n<meta property=\"article:modified_time\" content=\"2025-05-24T11:36:43+00:00\" \/>\n<meta property=\"og:image\" content=\"http:\/\/sexshop.cm\/wp-content\/uploads\/2022\/09\/toyjoy-finger-vibes-doigt-vibrant-bunny-pleaser.jpg\" \/>\n\t<meta property=\"og:image:width\" content=\"800\" \/>\n\t<meta property=\"og:image:height\" content=\"800\" \/>\n\t<meta property=\"og:image:type\" content=\"image\/jpeg\" \/>\n<meta name=\"twitter:card\" content=\"summary_large_image\" \/>\n<meta name=\"twitter:label1\" content=\"Price\" \/>\n\t<meta name=\"twitter:data1\" content=\"30000&nbsp;CFA\" \/>\n\t<meta name=\"twitter:label2\" content=\"Availability\" \/>\n\t<meta name=\"twitter:data2\" content=\"Out of stock\" \/>\n<script type=\"application\/ld+json\" class=\"yoast-schema-graph\">{\"@context\":\"https:\/\/schema.org\",\"@graph\":[{\"@type\":\"WebPage\",\"@id\":\"https:\/\/sexshop.cm\/produit\/doigt-vibrant-rechargeable-bunny-pleaser-finger-vibes\/\",\"url\":\"https:\/\/sexshop.cm\/produit\/doigt-vibrant-rechargeable-bunny-pleaser-finger-vibes\/\",\"name\":\"- Achetez et Commandez Discr\u00e8tement vos DOIGT VIBRANT RECHARGEABLE BUNNY PLEASER FINGER VIBES au Cameroun -\",\"isPartOf\":{\"@id\":\"https:\/\/sexshop.cm\/#website\"},\"datePublished\":\"2022-09-17T13:57:48+00:00\",\"dateModified\":\"2025-05-24T11:36:43+00:00\",\"description\":\"Commandez vos meilleurs DOIGT VIBRANT RECHARGEABLE BUNNY PLEASER FINGER VIBES \u00e0 bons prix partout au Cameroun et faites vous livrer discr\u00e8tement, sur H\u00e9donia, le meilleur site de vente en ligne de sextoys au Cameroun. - Whatsapp: +237 672588687\",\"breadcrumb\":{\"@id\":\"https:\/\/sexshop.cm\/produit\/doigt-vibrant-rechargeable-bunny-pleaser-finger-vibes\/#breadcrumb\"},\"inLanguage\":\"en-US\",\"potentialAction\":[{\"@type\":\"ReadAction\",\"target\":[\"https:\/\/sexshop.cm\/produit\/doigt-vibrant-rechargeable-bunny-pleaser-finger-vibes\/\"]}]},{\"@type\":\"BreadcrumbList\",\"@id\":\"https:\/\/sexshop.cm\/produit\/doigt-vibrant-rechargeable-bunny-pleaser-finger-vibes\/#breadcrumb\",\"itemListElement\":[{\"@type\":\"ListItem\",\"position\":1,\"name\":\"Accueil\",\"item\":\"https:\/\/sexshop.cm\/en\/online-sexshop-in-cameroon\/\"},{\"@type\":\"ListItem\",\"position\":2,\"name\":\"Shop\",\"item\":\"https:\/\/sexshop.cm\/shop\/\"},{\"@type\":\"ListItem\",\"position\":3,\"name\":\"DOIGT VIBRANT RECHARGEABLE BUNNY PLEASER FINGER VIBES\"}]},{\"@type\":\"WebSite\",\"@id\":\"https:\/\/sexshop.cm\/#website\",\"url\":\"https:\/\/sexshop.cm\/\",\"name\":\"H\u00e9donia\",\"description\":\"SexShop en ligne - Boutique de sextoys et objets coquins en ligne au Cameroun\",\"publisher\":{\"@id\":\"https:\/\/sexshop.cm\/#organization\"},\"potentialAction\":[{\"@type\":\"SearchAction\",\"target\":{\"@type\":\"EntryPoint\",\"urlTemplate\":\"https:\/\/sexshop.cm\/?s={search_term_string}\"},\"query-input\":\"required name=search_term_string\"}],\"inLanguage\":\"en-US\"},{\"@type\":\"Organization\",\"@id\":\"https:\/\/sexshop.cm\/#organization\",\"name\":\"H\u00e9donia\",\"alternateName\":\"Boutique de Sextoys en ligne au Cameroun\",\"url\":\"https:\/\/sexshop.cm\/\",\"logo\":{\"@type\":\"ImageObject\",\"inLanguage\":\"en-US\",\"@id\":\"https:\/\/sexshop.cm\/#\/schema\/logo\/image\/\",\"url\":\"https:\/\/sexshop.cm\/wp-content\/uploads\/2022\/10\/logo-680-hedonia.png.200x100_q85_background-f8f9fa.png\",\"contentUrl\":\"https:\/\/sexshop.cm\/wp-content\/uploads\/2022\/10\/logo-680-hedonia.png.200x100_q85_background-f8f9fa.png\",\"width\":2222,\"height\":534,\"caption\":\"H\u00e9donia\"},\"image\":{\"@id\":\"https:\/\/sexshop.cm\/#\/schema\/logo\/image\/\"}}]}<\/script>\n<meta property=\"product:price:amount\" content=\"30000\" \/>\n<meta property=\"product:price:currency\" content=\"XAF\" \/>\n<meta property=\"og:availability\" content=\"out of stock\" \/>\n<meta property=\"product:availability\" content=\"out of stock\" \/>\n<meta property=\"product:condition\" content=\"new\" \/>\n<!-- \/ Yoast SEO Premium plugin. -->","yoast_head_json":{"title":"- Achetez et Commandez Discr\u00e8tement vos DOIGT VIBRANT RECHARGEABLE BUNNY PLEASER FINGER VIBES au Cameroun -","description":"Commandez vos meilleurs DOIGT VIBRANT RECHARGEABLE BUNNY PLEASER FINGER VIBES \u00e0 bons prix partout au Cameroun et faites vous livrer discr\u00e8tement, sur H\u00e9donia, le meilleur site de vente en ligne de sextoys au Cameroun. - Whatsapp: +237 672588687","robots":{"index":"index","follow":"follow","max-snippet":"max-snippet:-1","max-image-preview":"max-image-preview:large","max-video-preview":"max-video-preview:-1"},"canonical":"https:\/\/sexshop.cm\/produit\/doigt-vibrant-rechargeable-bunny-pleaser-finger-vibes\/","og_locale":"en_US","og_type":"article","og_title":"DOIGT VIBRANT RECHARGEABLE BUNNY PLEASER FINGER VIBES","og_description":"DOIGT VIBRANT RECHARGEABLE BUNNY PLEASER FINGER VIBES - H\u00e9donia","og_url":"https:\/\/sexshop.cm\/produit\/doigt-vibrant-rechargeable-bunny-pleaser-finger-vibes\/","og_site_name":"H\u00e9donia","article_modified_time":"2025-05-24T11:36:43+00:00","og_image":[{"width":800,"height":800,"url":"http:\/\/sexshop.cm\/wp-content\/uploads\/2022\/09\/toyjoy-finger-vibes-doigt-vibrant-bunny-pleaser.jpg","type":"image\/jpeg"}],"twitter_card":"summary_large_image","twitter_misc":{"Price":"30000&nbsp;CFA","Availability":"Out of stock"},"schema":{"@context":"https:\/\/schema.org","@graph":[{"@type":"WebPage","@id":"https:\/\/sexshop.cm\/produit\/doigt-vibrant-rechargeable-bunny-pleaser-finger-vibes\/","url":"https:\/\/sexshop.cm\/produit\/doigt-vibrant-rechargeable-bunny-pleaser-finger-vibes\/","name":"- Achetez et Commandez Discr\u00e8tement vos DOIGT VIBRANT RECHARGEABLE BUNNY PLEASER FINGER VIBES au Cameroun -","isPartOf":{"@id":"https:\/\/sexshop.cm\/#website"},"datePublished":"2022-09-17T13:57:48+00:00","dateModified":"2025-05-24T11:36:43+00:00","description":"Commandez vos meilleurs DOIGT VIBRANT RECHARGEABLE BUNNY PLEASER FINGER VIBES \u00e0 bons prix partout au Cameroun et faites vous livrer discr\u00e8tement, sur H\u00e9donia, le meilleur site de vente en ligne de sextoys au Cameroun. - Whatsapp: +237 672588687","breadcrumb":{"@id":"https:\/\/sexshop.cm\/produit\/doigt-vibrant-rechargeable-bunny-pleaser-finger-vibes\/#breadcrumb"},"inLanguage":"en-US","potentialAction":[{"@type":"ReadAction","target":["https:\/\/sexshop.cm\/produit\/doigt-vibrant-rechargeable-bunny-pleaser-finger-vibes\/"]}]},{"@type":"BreadcrumbList","@id":"https:\/\/sexshop.cm\/produit\/doigt-vibrant-rechargeable-bunny-pleaser-finger-vibes\/#breadcrumb","itemListElement":[{"@type":"ListItem","position":1,"name":"Accueil","item":"https:\/\/sexshop.cm\/en\/online-sexshop-in-cameroon\/"},{"@type":"ListItem","position":2,"name":"Shop","item":"https:\/\/sexshop.cm\/shop\/"},{"@type":"ListItem","position":3,"name":"DOIGT VIBRANT RECHARGEABLE BUNNY PLEASER FINGER VIBES"}]},{"@type":"WebSite","@id":"https:\/\/sexshop.cm\/#website","url":"https:\/\/sexshop.cm\/","name":"H\u00e9donia","description":"SexShop en ligne - Boutique de sextoys et objets coquins en ligne au Cameroun","publisher":{"@id":"https:\/\/sexshop.cm\/#organization"},"potentialAction":[{"@type":"SearchAction","target":{"@type":"EntryPoint","urlTemplate":"https:\/\/sexshop.cm\/?s={search_term_string}"},"query-input":"required name=search_term_string"}],"inLanguage":"en-US"},{"@type":"Organization","@id":"https:\/\/sexshop.cm\/#organization","name":"H\u00e9donia","alternateName":"Boutique de Sextoys en ligne au Cameroun","url":"https:\/\/sexshop.cm\/","logo":{"@type":"ImageObject","inLanguage":"en-US","@id":"https:\/\/sexshop.cm\/#\/schema\/logo\/image\/","url":"https:\/\/sexshop.cm\/wp-content\/uploads\/2022\/10\/logo-680-hedonia.png.200x100_q85_background-f8f9fa.png","contentUrl":"https:\/\/sexshop.cm\/wp-content\/uploads\/2022\/10\/logo-680-hedonia.png.200x100_q85_background-f8f9fa.png","width":2222,"height":534,"caption":"H\u00e9donia"},"image":{"@id":"https:\/\/sexshop.cm\/#\/schema\/logo\/image\/"}}]},"product_price_amount":"30000","product_price_currency":"XAF","og_availability":"out of stock","product_availability":"out of stock","product_condition":"new"},"_links":{"self":[{"href":"https:\/\/sexshop.cm\/en\/wp-json\/wp\/v2\/product\/5812"}],"collection":[{"href":"https:\/\/sexshop.cm\/en\/wp-json\/wp\/v2\/product"}],"about":[{"href":"https:\/\/sexshop.cm\/en\/wp-json\/wp\/v2\/types\/product"}],"replies":[{"embeddable":true,"href":"https:\/\/sexshop.cm\/en\/wp-json\/wp\/v2\/comments?post=5812"}],"wp:featuredmedia":[{"embeddable":true,"href":"https:\/\/sexshop.cm\/en\/wp-json\/wp\/v2\/media\/5813"}],"wp:attachment":[{"href":"https:\/\/sexshop.cm\/en\/wp-json\/wp\/v2\/media?parent=5812"}],"wp:term":[{"taxonomy":"brand","embeddable":true,"href":"https:\/\/sexshop.cm\/en\/wp-json\/wp\/v2\/etheme_brands?post=5812"},{"taxonomy":"product_cat","embeddable":true,"href":"https:\/\/sexshop.cm\/en\/wp-json\/wp\/v2\/product_cat?post=5812"},{"taxonomy":"product_tag","embeddable":true,"href":"https:\/\/sexshop.cm\/en\/wp-json\/wp\/v2\/product_tag?post=5812"}],"curies":[{"name":"wp","href":"https:\/\/api.w.org\/{rel}","templated":true}]}}