{"id":5830,"date":"2022-09-21T01:54:14","date_gmt":"2022-09-20T23:54:14","guid":{"rendered":"https:\/\/sexshop.cm\/?post_type=product&#038;p=5830"},"modified":"2025-05-24T06:26:50","modified_gmt":"2025-05-24T05:26:50","slug":"gode-vibrant-ventouse-double-penetration","status":"publish","type":"product","link":"https:\/\/sexshop.cm\/en\/produit\/gode-vibrant-ventouse-double-penetration\/","title":{"rendered":"Gode vibrant ventouse double p\u00e9n\u00e9tration"},"content":{"rendered":"<p>C&#8217;est un sextoy tout simplement id\u00e9al qui attend les adeptes de la double p\u00e9n\u00e9tration avec ce gode vibrant ventouse double p\u00e9n\u00e9tration.<br \/>\nCompos\u00e9 de deux godes r\u00e9alistes en TPR, cet accessoire d&#8217;une longueur totale de 20,5 cm a \u00e9t\u00e9 pens\u00e9 pour satisfaire vos d\u00e9sirs et vos fantasmes. Le plus gros p\u00e9nis mesure 12,8 cm pour un diam\u00e8tre de 4,2 cm et pourra \u00eatre utilis\u00e9 pour la p\u00e9n\u00e9tration vaginale pendant que le plus fin pourra \u00eatre utilis\u00e9 pour la stimulation anale avec son diam\u00e8tre de 3,0 cm et sa longueur ins\u00e9rable de 14,5 cm.<br \/>\nLes deux godes peuvent \u00e9galement \u00eatre utilis\u00e9 pour un seul et m\u00eame orifice, pour des plaisirs toujours plus intenses.<br \/>\nDe plus, ce sextoy poss\u00e8de une t\u00e9l\u00e9commande qui permet d&#8217;activer des vibrations et choisir la puissance de ces derni\u00e8res. De la plus douce \u00e0 la plus forte, vous allez adorer l&#8217;ensemble des sensations procur\u00e9es par ce double gode vibrant.<br \/>\nOn retrouve \u00e9galement une ventouse \u00e0 sa base qui permet de le fixer sur de nombreux supports lisses, afin de vous permettre de vous lancer dans des positions toujours plus diverses.<\/p>\n<p>Mode d&#8217;emploi :<br \/>\n1. Ins\u00e9rez 2 piles LR6 dans la t\u00e9l\u00e9commande en respectant le sens indiqu\u00e9<br \/>\n2. Tournez la molette vers la droite pour augmenter la puissance des vibrations et vers la gauche pour la baisser<br \/>\n3. Pour \u00e9teindre votre sextoy, tournez la molette vers la gauche au maximum<\/p>\n<p>Votre sextoy doit \u00eatre nettoy\u00e9 avant et apr\u00e8s chaque utilisation \u00e0 l&#8217;aide d&#8217;un toy cleaner adapt\u00e9. L&#8217;ajout d&#8217;un lubrifiant formul\u00e9 \u00e0 base d&#8217;eau est \u00e9galement essentiel pour un confort optimal et pour toujours plus de plaisir. Ces produits sont tous disponibles en option et dans la section &#8220;Bien-\u00eatre&#8221; de notre site.<\/p>\n<p>&nbsp;<\/p>\n","protected":false},"excerpt":{"rendered":"<p>C&#8217;est un sextoy tout simplement id\u00e9al qui attend les adeptes de la double p\u00e9n\u00e9tration avec ce gode vibrant ventouse double p\u00e9n\u00e9tration.<br \/>\nCompos\u00e9 de deux godes r\u00e9alistes en TPR, cet accessoire d&#8217;une longueur totale de 20,5 cm a \u00e9t\u00e9 pens\u00e9 pour satisfaire vos d\u00e9sirs et vos fantasmes. Le plus gros p\u00e9nis mesure 12,8 cm pour un diam\u00e8tre de 4,2 cm et pourra \u00eatre utilis\u00e9 pour la p\u00e9n\u00e9tration vaginale pendant que le plus fin pourra \u00eatre utilis\u00e9 pour la stimulation anale avec son diam\u00e8tre de 3,0 cm et sa longueur ins\u00e9rable de 14,5 cm.<br \/>\nLes deux godes peuvent \u00e9galement \u00eatre utilis\u00e9 pour un seul et m\u00eame orifice, pour des plaisirs toujours plus intenses.<\/p>\n","protected":false},"featured_media":5831,"comment_status":"open","ping_status":"closed","template":"","meta":{"_joinchat":[]},"etheme_brands":[],"product_cat":[64,63,50],"product_tag":[],"yoast_head":"<!-- This site is optimized with the Yoast SEO Premium plugin v19.3 (Yoast SEO v21.5) - https:\/\/yoast.com\/wordpress\/plugins\/seo\/ -->\n<title>- Achetez et Commandez Discr\u00e8tement vos Gode vibrant ventouse double p\u00e9n\u00e9tration au Cameroun -<\/title>\n<meta name=\"description\" content=\"Commandez vos meilleurs Gode vibrant ventouse double p\u00e9n\u00e9tration \u00e0 bons prix partout au Cameroun et faites vous livrer discr\u00e8tement, sur H\u00e9donia, le meilleur site de vente en ligne de sextoys au Cameroun. - Whatsapp: +237 672588687\" \/>\n<meta name=\"robots\" content=\"index, follow, max-snippet:-1, max-image-preview:large, max-video-preview:-1\" \/>\n<link rel=\"canonical\" href=\"https:\/\/sexshop.cm\/produit\/gode-vibrant-ventouse-double-penetration\/\" \/>\n<meta property=\"og:locale\" content=\"en_US\" \/>\n<meta property=\"og:type\" content=\"article\" \/>\n<meta property=\"og:title\" content=\"Gode vibrant ventouse double p\u00e9n\u00e9tration\" \/>\n<meta property=\"og:description\" content=\"Gode vibrant ventouse double p\u00e9n\u00e9tration - H\u00e9donia\" \/>\n<meta property=\"og:url\" content=\"https:\/\/sexshop.cm\/produit\/gode-vibrant-ventouse-double-penetration\/\" \/>\n<meta property=\"og:site_name\" content=\"H\u00e9donia\" \/>\n<meta property=\"article:modified_time\" content=\"2025-05-24T05:26:50+00:00\" \/>\n<meta property=\"og:image\" content=\"http:\/\/sexshop.cm\/wp-content\/uploads\/2022\/09\/gode-vibrant-ventouse-double-penetration.png\" \/>\n\t<meta property=\"og:image:width\" content=\"490\" \/>\n\t<meta property=\"og:image:height\" content=\"551\" \/>\n\t<meta property=\"og:image:type\" content=\"image\/png\" \/>\n<meta name=\"twitter:card\" content=\"summary_large_image\" \/>\n<meta name=\"twitter:label1\" content=\"Price\" \/>\n\t<meta name=\"twitter:data1\" content=\"65000&nbsp;CFA\" \/>\n\t<meta name=\"twitter:label2\" content=\"Availability\" \/>\n\t<meta name=\"twitter:data2\" content=\"Out of stock\" \/>\n<script type=\"application\/ld+json\" class=\"yoast-schema-graph\">{\"@context\":\"https:\/\/schema.org\",\"@graph\":[{\"@type\":\"WebPage\",\"@id\":\"https:\/\/sexshop.cm\/produit\/gode-vibrant-ventouse-double-penetration\/\",\"url\":\"https:\/\/sexshop.cm\/produit\/gode-vibrant-ventouse-double-penetration\/\",\"name\":\"- Achetez et Commandez Discr\u00e8tement vos Gode vibrant ventouse double p\u00e9n\u00e9tration au Cameroun -\",\"isPartOf\":{\"@id\":\"https:\/\/sexshop.cm\/#website\"},\"datePublished\":\"2022-09-20T23:54:14+00:00\",\"dateModified\":\"2025-05-24T05:26:50+00:00\",\"description\":\"Commandez vos meilleurs Gode vibrant ventouse double p\u00e9n\u00e9tration \u00e0 bons prix partout au Cameroun et faites vous livrer discr\u00e8tement, sur H\u00e9donia, le meilleur site de vente en ligne de sextoys au Cameroun. - Whatsapp: +237 672588687\",\"breadcrumb\":{\"@id\":\"https:\/\/sexshop.cm\/produit\/gode-vibrant-ventouse-double-penetration\/#breadcrumb\"},\"inLanguage\":\"en-US\",\"potentialAction\":[{\"@type\":\"ReadAction\",\"target\":[\"https:\/\/sexshop.cm\/produit\/gode-vibrant-ventouse-double-penetration\/\"]}]},{\"@type\":\"BreadcrumbList\",\"@id\":\"https:\/\/sexshop.cm\/produit\/gode-vibrant-ventouse-double-penetration\/#breadcrumb\",\"itemListElement\":[{\"@type\":\"ListItem\",\"position\":1,\"name\":\"Accueil\",\"item\":\"https:\/\/sexshop.cm\/en\/online-sexshop-in-cameroon\/\"},{\"@type\":\"ListItem\",\"position\":2,\"name\":\"Shop\",\"item\":\"https:\/\/sexshop.cm\/shop\/\"},{\"@type\":\"ListItem\",\"position\":3,\"name\":\"Gode vibrant ventouse double p\u00e9n\u00e9tration\"}]},{\"@type\":\"WebSite\",\"@id\":\"https:\/\/sexshop.cm\/#website\",\"url\":\"https:\/\/sexshop.cm\/\",\"name\":\"H\u00e9donia\",\"description\":\"SexShop en ligne - Boutique de sextoys et objets coquins en ligne au Cameroun\",\"publisher\":{\"@id\":\"https:\/\/sexshop.cm\/#organization\"},\"potentialAction\":[{\"@type\":\"SearchAction\",\"target\":{\"@type\":\"EntryPoint\",\"urlTemplate\":\"https:\/\/sexshop.cm\/?s={search_term_string}\"},\"query-input\":\"required name=search_term_string\"}],\"inLanguage\":\"en-US\"},{\"@type\":\"Organization\",\"@id\":\"https:\/\/sexshop.cm\/#organization\",\"name\":\"H\u00e9donia\",\"alternateName\":\"Boutique de Sextoys en ligne au Cameroun\",\"url\":\"https:\/\/sexshop.cm\/\",\"logo\":{\"@type\":\"ImageObject\",\"inLanguage\":\"en-US\",\"@id\":\"https:\/\/sexshop.cm\/#\/schema\/logo\/image\/\",\"url\":\"https:\/\/sexshop.cm\/wp-content\/uploads\/2022\/10\/logo-680-hedonia.png.200x100_q85_background-f8f9fa.png\",\"contentUrl\":\"https:\/\/sexshop.cm\/wp-content\/uploads\/2022\/10\/logo-680-hedonia.png.200x100_q85_background-f8f9fa.png\",\"width\":2222,\"height\":534,\"caption\":\"H\u00e9donia\"},\"image\":{\"@id\":\"https:\/\/sexshop.cm\/#\/schema\/logo\/image\/\"}}]}<\/script>\n<meta property=\"product:price:amount\" content=\"65000\" \/>\n<meta property=\"product:price:currency\" content=\"XAF\" \/>\n<meta property=\"og:availability\" content=\"out of stock\" \/>\n<meta property=\"product:availability\" content=\"out of stock\" \/>\n<meta property=\"product:condition\" content=\"new\" \/>\n<!-- \/ Yoast SEO Premium plugin. -->","yoast_head_json":{"title":"- Achetez et Commandez Discr\u00e8tement vos Gode vibrant ventouse double p\u00e9n\u00e9tration au Cameroun -","description":"Commandez vos meilleurs Gode vibrant ventouse double p\u00e9n\u00e9tration \u00e0 bons prix partout au Cameroun et faites vous livrer discr\u00e8tement, sur H\u00e9donia, le meilleur site de vente en ligne de sextoys au Cameroun. - Whatsapp: +237 672588687","robots":{"index":"index","follow":"follow","max-snippet":"max-snippet:-1","max-image-preview":"max-image-preview:large","max-video-preview":"max-video-preview:-1"},"canonical":"https:\/\/sexshop.cm\/produit\/gode-vibrant-ventouse-double-penetration\/","og_locale":"en_US","og_type":"article","og_title":"Gode vibrant ventouse double p\u00e9n\u00e9tration","og_description":"Gode vibrant ventouse double p\u00e9n\u00e9tration - H\u00e9donia","og_url":"https:\/\/sexshop.cm\/produit\/gode-vibrant-ventouse-double-penetration\/","og_site_name":"H\u00e9donia","article_modified_time":"2025-05-24T05:26:50+00:00","og_image":[{"width":490,"height":551,"url":"http:\/\/sexshop.cm\/wp-content\/uploads\/2022\/09\/gode-vibrant-ventouse-double-penetration.png","type":"image\/png"}],"twitter_card":"summary_large_image","twitter_misc":{"Price":"65000&nbsp;CFA","Availability":"Out of stock"},"schema":{"@context":"https:\/\/schema.org","@graph":[{"@type":"WebPage","@id":"https:\/\/sexshop.cm\/produit\/gode-vibrant-ventouse-double-penetration\/","url":"https:\/\/sexshop.cm\/produit\/gode-vibrant-ventouse-double-penetration\/","name":"- Achetez et Commandez Discr\u00e8tement vos Gode vibrant ventouse double p\u00e9n\u00e9tration au Cameroun -","isPartOf":{"@id":"https:\/\/sexshop.cm\/#website"},"datePublished":"2022-09-20T23:54:14+00:00","dateModified":"2025-05-24T05:26:50+00:00","description":"Commandez vos meilleurs Gode vibrant ventouse double p\u00e9n\u00e9tration \u00e0 bons prix partout au Cameroun et faites vous livrer discr\u00e8tement, sur H\u00e9donia, le meilleur site de vente en ligne de sextoys au Cameroun. - Whatsapp: +237 672588687","breadcrumb":{"@id":"https:\/\/sexshop.cm\/produit\/gode-vibrant-ventouse-double-penetration\/#breadcrumb"},"inLanguage":"en-US","potentialAction":[{"@type":"ReadAction","target":["https:\/\/sexshop.cm\/produit\/gode-vibrant-ventouse-double-penetration\/"]}]},{"@type":"BreadcrumbList","@id":"https:\/\/sexshop.cm\/produit\/gode-vibrant-ventouse-double-penetration\/#breadcrumb","itemListElement":[{"@type":"ListItem","position":1,"name":"Accueil","item":"https:\/\/sexshop.cm\/en\/online-sexshop-in-cameroon\/"},{"@type":"ListItem","position":2,"name":"Shop","item":"https:\/\/sexshop.cm\/shop\/"},{"@type":"ListItem","position":3,"name":"Gode vibrant ventouse double p\u00e9n\u00e9tration"}]},{"@type":"WebSite","@id":"https:\/\/sexshop.cm\/#website","url":"https:\/\/sexshop.cm\/","name":"H\u00e9donia","description":"SexShop en ligne - Boutique de sextoys et objets coquins en ligne au Cameroun","publisher":{"@id":"https:\/\/sexshop.cm\/#organization"},"potentialAction":[{"@type":"SearchAction","target":{"@type":"EntryPoint","urlTemplate":"https:\/\/sexshop.cm\/?s={search_term_string}"},"query-input":"required name=search_term_string"}],"inLanguage":"en-US"},{"@type":"Organization","@id":"https:\/\/sexshop.cm\/#organization","name":"H\u00e9donia","alternateName":"Boutique de Sextoys en ligne au Cameroun","url":"https:\/\/sexshop.cm\/","logo":{"@type":"ImageObject","inLanguage":"en-US","@id":"https:\/\/sexshop.cm\/#\/schema\/logo\/image\/","url":"https:\/\/sexshop.cm\/wp-content\/uploads\/2022\/10\/logo-680-hedonia.png.200x100_q85_background-f8f9fa.png","contentUrl":"https:\/\/sexshop.cm\/wp-content\/uploads\/2022\/10\/logo-680-hedonia.png.200x100_q85_background-f8f9fa.png","width":2222,"height":534,"caption":"H\u00e9donia"},"image":{"@id":"https:\/\/sexshop.cm\/#\/schema\/logo\/image\/"}}]},"product_price_amount":"65000","product_price_currency":"XAF","og_availability":"out of stock","product_availability":"out of stock","product_condition":"new"},"_links":{"self":[{"href":"https:\/\/sexshop.cm\/en\/wp-json\/wp\/v2\/product\/5830"}],"collection":[{"href":"https:\/\/sexshop.cm\/en\/wp-json\/wp\/v2\/product"}],"about":[{"href":"https:\/\/sexshop.cm\/en\/wp-json\/wp\/v2\/types\/product"}],"replies":[{"embeddable":true,"href":"https:\/\/sexshop.cm\/en\/wp-json\/wp\/v2\/comments?post=5830"}],"wp:featuredmedia":[{"embeddable":true,"href":"https:\/\/sexshop.cm\/en\/wp-json\/wp\/v2\/media\/5831"}],"wp:attachment":[{"href":"https:\/\/sexshop.cm\/en\/wp-json\/wp\/v2\/media?parent=5830"}],"wp:term":[{"taxonomy":"brand","embeddable":true,"href":"https:\/\/sexshop.cm\/en\/wp-json\/wp\/v2\/etheme_brands?post=5830"},{"taxonomy":"product_cat","embeddable":true,"href":"https:\/\/sexshop.cm\/en\/wp-json\/wp\/v2\/product_cat?post=5830"},{"taxonomy":"product_tag","embeddable":true,"href":"https:\/\/sexshop.cm\/en\/wp-json\/wp\/v2\/product_tag?post=5830"}],"curies":[{"name":"wp","href":"https:\/\/api.w.org\/{rel}","templated":true}]}}