{"id":5840,"date":"2022-09-21T02:27:55","date_gmt":"2022-09-21T00:27:55","guid":{"rendered":"https:\/\/sexshop.cm\/?post_type=product&#038;p=5840"},"modified":"2023-04-09T23:24:07","modified_gmt":"2023-04-09T22:24:07","slug":"double-gode-realiste-la-matraque","status":"publish","type":"product","link":"https:\/\/sexshop.cm\/en\/produit\/double-gode-realiste-la-matraque\/","title":{"rendered":"Double gode r\u00e9aliste La Matraque"},"content":{"rendered":"<p>Invitez le double gode r\u00e9aliste La Matraque dans votre intimit\u00e9 et d\u00e9couvrez la double p\u00e9n\u00e9tration sous toutes ses formes.<br \/>\nAvec sa longueur de 30,0 cm et son diam\u00e8tre de 3,5 cm, ce sextoy peut \u00eatre utilis\u00e9 en solo ou en duo. Tr\u00e8s souple, il peut \u00eatre pli\u00e9 pour pratiquer une double p\u00e9n\u00e9tration dans un seul et m\u00eame orifice ou dans le vagin et l&#8217;anus \u00e0 la fois.<br \/>\nDot\u00e9 de deux glands et de veines en relief, il s&#8217;agit d&#8217;un accessoire r\u00e9aliste qui procurera des sensations fortes \u00e0 vos s\u00e9ances de masturbation.<br \/>\nSa composition en TPR tr\u00e8s souple rend son insertion plus facile, pour votre plus grand plaisir. Seul ou \u00e0 deux, vous serez toujours bien accompagn\u00e9 avec le double gode r\u00e9aliste La Matraque.<\/p>\n<p>Votre double gode doit \u00eatre nettoy\u00e9 avant et apr\u00e8s chaque utilisation avec un toy cleaner adapt\u00e9. Il est \u00e9galement essentiel d&#8217;ajouter un lubrifiant formul\u00e9 \u00e0 base d&#8217;eau pour augmenter les sensations de confort et de plaisir. Ces produits sont tous \u00e0 retrouver en option et dans la section &#8220;Bien-\u00eatre&#8221; de notre site.<\/p>\n<p>Je me connecte pour laisser mon avis<br \/>\n* Champs obligatoires<br \/>\nMon e-mail<br \/>\nMon mot de passe<br \/>\nMOT DE PASSE OUBLI\u00c9 ?<br \/>\nthumb_up<\/p>\n","protected":false},"excerpt":{"rendered":"<p>Invitez le double gode r\u00e9aliste La Matraque dans votre intimit\u00e9 et d\u00e9couvrez la double p\u00e9n\u00e9tration sous toutes ses formes.<br \/>\nAvec sa longueur de 30,0 cm et son diam\u00e8tre de 3,5 cm, ce sextoy peut \u00eatre utilis\u00e9 en solo ou en duo. Tr\u00e8s souple, il peut \u00eatre pli\u00e9 pour pratiquer une double p\u00e9n\u00e9tration dans un seul et m\u00eame orifice ou dans le vagin et l&#8217;anus \u00e0 la fois.<br \/>\nDot\u00e9 de deux glands et de veines en relief, il s&#8217;agit d&#8217;un accessoire r\u00e9aliste qui procurera des sensations fortes \u00e0 vos s\u00e9ances de masturbation.<\/p>\n","protected":false},"featured_media":5841,"comment_status":"open","ping_status":"closed","template":"","meta":{"_joinchat":[]},"etheme_brands":[],"product_cat":[15,50],"product_tag":[],"yoast_head":"<!-- This site is optimized with the Yoast SEO Premium plugin v19.3 (Yoast SEO v21.5) - https:\/\/yoast.com\/wordpress\/plugins\/seo\/ -->\n<title>- Achetez et Commandez Discr\u00e8tement vos Double gode r\u00e9aliste La Matraque au Cameroun -<\/title>\n<meta name=\"description\" content=\"Commandez vos meilleurs Double gode r\u00e9aliste La Matraque \u00e0 bons prix partout au Cameroun et faites vous livrer discr\u00e8tement, sur H\u00e9donia, le meilleur site de vente en ligne de sextoys au Cameroun. - Whatsapp: +237 672588687\" \/>\n<meta name=\"robots\" content=\"index, follow, max-snippet:-1, max-image-preview:large, max-video-preview:-1\" \/>\n<link rel=\"canonical\" href=\"https:\/\/sexshop.cm\/produit\/double-gode-realiste-la-matraque\/\" \/>\n<meta property=\"og:locale\" content=\"en_US\" \/>\n<meta property=\"og:type\" content=\"article\" \/>\n<meta property=\"og:title\" content=\"Double gode r\u00e9aliste La Matraque\" \/>\n<meta property=\"og:description\" content=\"Double gode r\u00e9aliste La Matraque - H\u00e9donia\" \/>\n<meta property=\"og:url\" content=\"https:\/\/sexshop.cm\/produit\/double-gode-realiste-la-matraque\/\" \/>\n<meta property=\"og:site_name\" content=\"H\u00e9donia\" \/>\n<meta property=\"article:modified_time\" content=\"2023-04-09T22:24:07+00:00\" \/>\n<meta property=\"og:image\" content=\"http:\/\/sexshop.cm\/wp-content\/uploads\/2022\/09\/double-gode-realiste-la-matraque-5.png\" \/>\n\t<meta property=\"og:image:width\" content=\"490\" \/>\n\t<meta property=\"og:image:height\" content=\"551\" \/>\n\t<meta property=\"og:image:type\" content=\"image\/png\" \/>\n<meta name=\"twitter:card\" content=\"summary_large_image\" \/>\n<meta name=\"twitter:label1\" content=\"Price\" \/>\n\t<meta name=\"twitter:data1\" content=\"30000&nbsp;CFA\" \/>\n\t<meta name=\"twitter:label2\" content=\"Availability\" \/>\n\t<meta name=\"twitter:data2\" content=\"Out of stock\" \/>\n<script type=\"application\/ld+json\" class=\"yoast-schema-graph\">{\"@context\":\"https:\/\/schema.org\",\"@graph\":[{\"@type\":\"WebPage\",\"@id\":\"https:\/\/sexshop.cm\/produit\/double-gode-realiste-la-matraque\/\",\"url\":\"https:\/\/sexshop.cm\/produit\/double-gode-realiste-la-matraque\/\",\"name\":\"- Achetez et Commandez Discr\u00e8tement vos Double gode r\u00e9aliste La Matraque au Cameroun -\",\"isPartOf\":{\"@id\":\"https:\/\/sexshop.cm\/#website\"},\"datePublished\":\"2022-09-21T00:27:55+00:00\",\"dateModified\":\"2023-04-09T22:24:07+00:00\",\"description\":\"Commandez vos meilleurs Double gode r\u00e9aliste La Matraque \u00e0 bons prix partout au Cameroun et faites vous livrer discr\u00e8tement, sur H\u00e9donia, le meilleur site de vente en ligne de sextoys au Cameroun. - Whatsapp: +237 672588687\",\"breadcrumb\":{\"@id\":\"https:\/\/sexshop.cm\/produit\/double-gode-realiste-la-matraque\/#breadcrumb\"},\"inLanguage\":\"en-US\",\"potentialAction\":[{\"@type\":\"ReadAction\",\"target\":[\"https:\/\/sexshop.cm\/produit\/double-gode-realiste-la-matraque\/\"]}]},{\"@type\":\"BreadcrumbList\",\"@id\":\"https:\/\/sexshop.cm\/produit\/double-gode-realiste-la-matraque\/#breadcrumb\",\"itemListElement\":[{\"@type\":\"ListItem\",\"position\":1,\"name\":\"Accueil\",\"item\":\"https:\/\/sexshop.cm\/en\/online-sexshop-in-cameroon\/\"},{\"@type\":\"ListItem\",\"position\":2,\"name\":\"Shop\",\"item\":\"https:\/\/sexshop.cm\/shop\/\"},{\"@type\":\"ListItem\",\"position\":3,\"name\":\"Double gode r\u00e9aliste La Matraque\"}]},{\"@type\":\"WebSite\",\"@id\":\"https:\/\/sexshop.cm\/#website\",\"url\":\"https:\/\/sexshop.cm\/\",\"name\":\"H\u00e9donia\",\"description\":\"SexShop en ligne - Boutique de sextoys et objets coquins en ligne au Cameroun\",\"publisher\":{\"@id\":\"https:\/\/sexshop.cm\/#organization\"},\"potentialAction\":[{\"@type\":\"SearchAction\",\"target\":{\"@type\":\"EntryPoint\",\"urlTemplate\":\"https:\/\/sexshop.cm\/?s={search_term_string}\"},\"query-input\":\"required name=search_term_string\"}],\"inLanguage\":\"en-US\"},{\"@type\":\"Organization\",\"@id\":\"https:\/\/sexshop.cm\/#organization\",\"name\":\"H\u00e9donia\",\"alternateName\":\"Boutique de Sextoys en ligne au Cameroun\",\"url\":\"https:\/\/sexshop.cm\/\",\"logo\":{\"@type\":\"ImageObject\",\"inLanguage\":\"en-US\",\"@id\":\"https:\/\/sexshop.cm\/#\/schema\/logo\/image\/\",\"url\":\"https:\/\/sexshop.cm\/wp-content\/uploads\/2022\/10\/logo-680-hedonia.png.200x100_q85_background-f8f9fa.png\",\"contentUrl\":\"https:\/\/sexshop.cm\/wp-content\/uploads\/2022\/10\/logo-680-hedonia.png.200x100_q85_background-f8f9fa.png\",\"width\":2222,\"height\":534,\"caption\":\"H\u00e9donia\"},\"image\":{\"@id\":\"https:\/\/sexshop.cm\/#\/schema\/logo\/image\/\"}}]}<\/script>\n<meta property=\"product:price:amount\" content=\"30000\" \/>\n<meta property=\"product:price:currency\" content=\"XAF\" \/>\n<meta property=\"og:availability\" content=\"out of stock\" \/>\n<meta property=\"product:availability\" content=\"out of stock\" \/>\n<meta property=\"product:condition\" content=\"new\" \/>\n<!-- \/ Yoast SEO Premium plugin. -->","yoast_head_json":{"title":"- Achetez et Commandez Discr\u00e8tement vos Double gode r\u00e9aliste La Matraque au Cameroun -","description":"Commandez vos meilleurs Double gode r\u00e9aliste La Matraque \u00e0 bons prix partout au Cameroun et faites vous livrer discr\u00e8tement, sur H\u00e9donia, le meilleur site de vente en ligne de sextoys au Cameroun. - Whatsapp: +237 672588687","robots":{"index":"index","follow":"follow","max-snippet":"max-snippet:-1","max-image-preview":"max-image-preview:large","max-video-preview":"max-video-preview:-1"},"canonical":"https:\/\/sexshop.cm\/produit\/double-gode-realiste-la-matraque\/","og_locale":"en_US","og_type":"article","og_title":"Double gode r\u00e9aliste La Matraque","og_description":"Double gode r\u00e9aliste La Matraque - H\u00e9donia","og_url":"https:\/\/sexshop.cm\/produit\/double-gode-realiste-la-matraque\/","og_site_name":"H\u00e9donia","article_modified_time":"2023-04-09T22:24:07+00:00","og_image":[{"width":490,"height":551,"url":"http:\/\/sexshop.cm\/wp-content\/uploads\/2022\/09\/double-gode-realiste-la-matraque-5.png","type":"image\/png"}],"twitter_card":"summary_large_image","twitter_misc":{"Price":"30000&nbsp;CFA","Availability":"Out of stock"},"schema":{"@context":"https:\/\/schema.org","@graph":[{"@type":"WebPage","@id":"https:\/\/sexshop.cm\/produit\/double-gode-realiste-la-matraque\/","url":"https:\/\/sexshop.cm\/produit\/double-gode-realiste-la-matraque\/","name":"- Achetez et Commandez Discr\u00e8tement vos Double gode r\u00e9aliste La Matraque au Cameroun -","isPartOf":{"@id":"https:\/\/sexshop.cm\/#website"},"datePublished":"2022-09-21T00:27:55+00:00","dateModified":"2023-04-09T22:24:07+00:00","description":"Commandez vos meilleurs Double gode r\u00e9aliste La Matraque \u00e0 bons prix partout au Cameroun et faites vous livrer discr\u00e8tement, sur H\u00e9donia, le meilleur site de vente en ligne de sextoys au Cameroun. - Whatsapp: +237 672588687","breadcrumb":{"@id":"https:\/\/sexshop.cm\/produit\/double-gode-realiste-la-matraque\/#breadcrumb"},"inLanguage":"en-US","potentialAction":[{"@type":"ReadAction","target":["https:\/\/sexshop.cm\/produit\/double-gode-realiste-la-matraque\/"]}]},{"@type":"BreadcrumbList","@id":"https:\/\/sexshop.cm\/produit\/double-gode-realiste-la-matraque\/#breadcrumb","itemListElement":[{"@type":"ListItem","position":1,"name":"Accueil","item":"https:\/\/sexshop.cm\/en\/online-sexshop-in-cameroon\/"},{"@type":"ListItem","position":2,"name":"Shop","item":"https:\/\/sexshop.cm\/shop\/"},{"@type":"ListItem","position":3,"name":"Double gode r\u00e9aliste La Matraque"}]},{"@type":"WebSite","@id":"https:\/\/sexshop.cm\/#website","url":"https:\/\/sexshop.cm\/","name":"H\u00e9donia","description":"SexShop en ligne - Boutique de sextoys et objets coquins en ligne au Cameroun","publisher":{"@id":"https:\/\/sexshop.cm\/#organization"},"potentialAction":[{"@type":"SearchAction","target":{"@type":"EntryPoint","urlTemplate":"https:\/\/sexshop.cm\/?s={search_term_string}"},"query-input":"required name=search_term_string"}],"inLanguage":"en-US"},{"@type":"Organization","@id":"https:\/\/sexshop.cm\/#organization","name":"H\u00e9donia","alternateName":"Boutique de Sextoys en ligne au Cameroun","url":"https:\/\/sexshop.cm\/","logo":{"@type":"ImageObject","inLanguage":"en-US","@id":"https:\/\/sexshop.cm\/#\/schema\/logo\/image\/","url":"https:\/\/sexshop.cm\/wp-content\/uploads\/2022\/10\/logo-680-hedonia.png.200x100_q85_background-f8f9fa.png","contentUrl":"https:\/\/sexshop.cm\/wp-content\/uploads\/2022\/10\/logo-680-hedonia.png.200x100_q85_background-f8f9fa.png","width":2222,"height":534,"caption":"H\u00e9donia"},"image":{"@id":"https:\/\/sexshop.cm\/#\/schema\/logo\/image\/"}}]},"product_price_amount":"30000","product_price_currency":"XAF","og_availability":"out of stock","product_availability":"out of stock","product_condition":"new"},"_links":{"self":[{"href":"https:\/\/sexshop.cm\/en\/wp-json\/wp\/v2\/product\/5840"}],"collection":[{"href":"https:\/\/sexshop.cm\/en\/wp-json\/wp\/v2\/product"}],"about":[{"href":"https:\/\/sexshop.cm\/en\/wp-json\/wp\/v2\/types\/product"}],"replies":[{"embeddable":true,"href":"https:\/\/sexshop.cm\/en\/wp-json\/wp\/v2\/comments?post=5840"}],"wp:featuredmedia":[{"embeddable":true,"href":"https:\/\/sexshop.cm\/en\/wp-json\/wp\/v2\/media\/5841"}],"wp:attachment":[{"href":"https:\/\/sexshop.cm\/en\/wp-json\/wp\/v2\/media?parent=5840"}],"wp:term":[{"taxonomy":"brand","embeddable":true,"href":"https:\/\/sexshop.cm\/en\/wp-json\/wp\/v2\/etheme_brands?post=5840"},{"taxonomy":"product_cat","embeddable":true,"href":"https:\/\/sexshop.cm\/en\/wp-json\/wp\/v2\/product_cat?post=5840"},{"taxonomy":"product_tag","embeddable":true,"href":"https:\/\/sexshop.cm\/en\/wp-json\/wp\/v2\/product_tag?post=5840"}],"curies":[{"name":"wp","href":"https:\/\/api.w.org\/{rel}","templated":true}]}}