{"id":5848,"date":"2022-09-21T02:44:04","date_gmt":"2022-09-21T01:44:04","guid":{"rendered":"https:\/\/sexshop.cm\/?post_type=product&#038;p=5848"},"modified":"2023-04-13T20:14:12","modified_gmt":"2023-04-13T19:14:12","slug":"pompe-a-vulve-avec-langue-et-vibromasseur-torch","status":"publish","type":"product","link":"https:\/\/sexshop.cm\/en\/produit\/pompe-a-vulve-avec-langue-et-vibromasseur-torch\/","title":{"rendered":"Pompe \u00e0 vulve avec langue et vibromasseur Torch"},"content":{"rendered":"<p>D\u00e9couvrez de toutes nouvelles stimulations avec la pompe \u00e0 vulve avec langue et vibromasseur Torch !<br \/>\nCette pompe offrira trois types de sollicitations \u00e0 votre corps : aspiration de l&#8217;air, vibrations et mouvements de la petite langue. L&#8217;extr\u00e9mit\u00e9 vibromasseur a une forme id\u00e9ale pour favoriser une p\u00e9n\u00e9tration agr\u00e9able et ses 10 modes de vibrations ne vous laisseront pas de marbre. De l&#8217;autre c\u00f4t\u00e9 de ce sextoy se trouve la langue, accompagn\u00e9e ou non d&#8217;un embout permettant d&#8217;\u00eatre pos\u00e9 sur la vulve ou la poitrine pour aspirer l&#8217;air. Avec ses mouvements de haut en bas, changeant de rythme et d&#8217;intensit\u00e9 gr\u00e2ce \u00e0 14 modes, la langue simulera un cunnilingus. Vous pourrez m\u00eame augmenter les sensations en lui mettant l&#8217;embout transparent \u00e0 petits picots qui est livr\u00e9 avec. L&#8217;aspiration d&#8217;air quant \u00e0 elle, aiguisera les sens de la r\u00e9gion que vous souhaiterez. Gr\u00e2ce aux deux embouts de forme diff\u00e9rente, vous pourrez stimuler votre vulve ou votre poitrine. Les bords sont entour\u00e9s de silicone pour un confort maximal lors de l&#8217;aspiration d&#8217;air ! Chaque mode est ind\u00e9pendant et vous pourrez en profiter \u00e0 volont\u00e9.<br \/>\nCette pompe \u00e0 vulve et poitrine mesure 23,2 cm de long au total. Le vibromasseur est ins\u00e9rable sur 12,0 cm et son diam\u00e8tre atteint 3,4 cm.<\/p>\n<p>Mode d&#8217;emploi de la pompe \u00e0 vulve Torch :<br \/>\n1. Avant toute utilisation, chargez votre sextoy pendant deux heures avec le c\u00e2ble USB magn\u00e9tique inclus<br \/>\n2. Le produit a trois fonctions : mouvement de la langue, vibrations et aspiration<br \/>\n3. Pour activer les mouvements de la langue, appuyez simplement sur le 2\u00e8me bouton, qui repr\u00e9sente une main avec le doigt lev\u00e9. De l\u00e0, vous pourrez faire d\u00e9filer les 14 modes de mouvement. Pour l&#8217;\u00e9teindre, maintenez ce m\u00eame bouton pendant trois secondes. Vous pourrez ajouter un embout \u00e0 mini picots sur la langue pour plus de plaisir<br \/>\n4. Pour activer les vibrations de l&#8217;extr\u00e9mit\u00e9 vibromasseur, pressez simplement le bouton inf\u00e9rieur. Appuyez de nouveau pour faire d\u00e9filer les 10 modes et maintenez le bouton appuy\u00e9 pendant trois secondes pour \u00e9teindre ce mode<br \/>\n5. Le mode aspiration d&#8217;air comporte deux boutons : un pour aspirer, l&#8217;autre pour rel\u00e2cher la pression. Le bouton sup\u00e9rieur permet de faire le vide d&#8217;air. Appuyer simplement permet une aspiration d&#8217;une seconde et maintenir ce bouton appuy\u00e9 permet d&#8217;aspirer autant que souhait\u00e9. Pour rel\u00e2cher, une simple pression sur le 3\u00e8me bouton permettra d&#8217;automatiquement vous lib\u00e9rer. Deux embouts sont disponibles pour s&#8217;adapter \u00e0 la forme d&#8217;une poitrine et d&#8217;une vulve<\/p>\n<p>Pensez \u00e0 bien nettoyer votre pompe \u00e0 vulve apr\u00e8s utilisation, avec un nettoyant doux et adapt\u00e9 au silicone. Utilisez un lubrifiant formul\u00e9 \u00e0 base d&#8217;eau.<\/p>\n<p>&nbsp;<\/p>\n","protected":false},"excerpt":{"rendered":"<p>D\u00e9couvrez de toutes nouvelles stimulations avec la pompe \u00e0 vulve avec langue et vibromasseur Torch !<br \/>\nCette pompe offrira trois types de sollicitations \u00e0 votre corps : aspiration de l&#8217;air, vibrations et mouvements de la petite langue. L&#8217;extr\u00e9mit\u00e9 vibromasseur a une forme id\u00e9ale pour favoriser une p\u00e9n\u00e9tration agr\u00e9able et ses 10 modes de vibrations ne vous laisseront pas de marbre. De l&#8217;autre c\u00f4t\u00e9 de ce sextoy se trouve la langue, accompagn\u00e9e ou non d&#8217;un embout permettant d&#8217;\u00eatre pos\u00e9 sur la vulve ou la poitrine pour aspirer l&#8217;air. Avec ses mouvements de haut en bas, changeant de rythme et d&#8217;intensit\u00e9 gr\u00e2ce \u00e0 14 modes, la langue simulera un cunnilingus.<\/p>\n","protected":false},"featured_media":5849,"comment_status":"open","ping_status":"closed","template":"","meta":{"_joinchat":[]},"etheme_brands":[],"product_cat":[50],"product_tag":[],"yoast_head":"<!-- This site is optimized with the Yoast SEO Premium plugin v19.3 (Yoast SEO v21.5) - https:\/\/yoast.com\/wordpress\/plugins\/seo\/ -->\n<title>- Achetez et Commandez Discr\u00e8tement vos Pompe \u00e0 vulve avec langue et vibromasseur Torch au Cameroun -<\/title>\n<meta name=\"description\" content=\"Commandez vos meilleurs Pompe \u00e0 vulve avec langue et vibromasseur Torch \u00e0 bons prix partout au Cameroun et faites vous livrer discr\u00e8tement, sur H\u00e9donia, le meilleur site de vente en ligne de sextoys au Cameroun. - Whatsapp: +237 672588687\" \/>\n<meta name=\"robots\" content=\"index, follow, max-snippet:-1, max-image-preview:large, max-video-preview:-1\" \/>\n<link rel=\"canonical\" href=\"https:\/\/sexshop.cm\/produit\/pompe-a-vulve-avec-langue-et-vibromasseur-torch\/\" \/>\n<meta property=\"og:locale\" content=\"en_US\" \/>\n<meta property=\"og:type\" content=\"article\" \/>\n<meta property=\"og:title\" content=\"Pompe \u00e0 vulve avec langue et vibromasseur Torch\" \/>\n<meta property=\"og:description\" content=\"Pompe \u00e0 vulve avec langue et vibromasseur Torch - H\u00e9donia\" \/>\n<meta property=\"og:url\" content=\"https:\/\/sexshop.cm\/produit\/pompe-a-vulve-avec-langue-et-vibromasseur-torch\/\" \/>\n<meta property=\"og:site_name\" content=\"H\u00e9donia\" \/>\n<meta property=\"article:modified_time\" content=\"2023-04-13T19:14:12+00:00\" \/>\n<meta property=\"og:image\" content=\"http:\/\/sexshop.cm\/wp-content\/uploads\/2022\/09\/pompe-a-vulve-avec-langue-et-vibromasseur-torch-4.png\" \/>\n\t<meta property=\"og:image:width\" content=\"490\" \/>\n\t<meta property=\"og:image:height\" content=\"551\" \/>\n\t<meta property=\"og:image:type\" content=\"image\/png\" \/>\n<meta name=\"twitter:card\" content=\"summary_large_image\" \/>\n<meta name=\"twitter:label1\" content=\"Price\" \/>\n\t<meta name=\"twitter:data1\" content=\"52000&nbsp;CFA\" \/>\n\t<meta name=\"twitter:label2\" content=\"Availability\" \/>\n\t<meta name=\"twitter:data2\" content=\"Out of stock\" \/>\n<script type=\"application\/ld+json\" class=\"yoast-schema-graph\">{\"@context\":\"https:\/\/schema.org\",\"@graph\":[{\"@type\":\"WebPage\",\"@id\":\"https:\/\/sexshop.cm\/produit\/pompe-a-vulve-avec-langue-et-vibromasseur-torch\/\",\"url\":\"https:\/\/sexshop.cm\/produit\/pompe-a-vulve-avec-langue-et-vibromasseur-torch\/\",\"name\":\"- Achetez et Commandez Discr\u00e8tement vos Pompe \u00e0 vulve avec langue et vibromasseur Torch au Cameroun -\",\"isPartOf\":{\"@id\":\"https:\/\/sexshop.cm\/#website\"},\"datePublished\":\"2022-09-21T01:44:04+00:00\",\"dateModified\":\"2023-04-13T19:14:12+00:00\",\"description\":\"Commandez vos meilleurs Pompe \u00e0 vulve avec langue et vibromasseur Torch \u00e0 bons prix partout au Cameroun et faites vous livrer discr\u00e8tement, sur H\u00e9donia, le meilleur site de vente en ligne de sextoys au Cameroun. - Whatsapp: +237 672588687\",\"breadcrumb\":{\"@id\":\"https:\/\/sexshop.cm\/produit\/pompe-a-vulve-avec-langue-et-vibromasseur-torch\/#breadcrumb\"},\"inLanguage\":\"en-US\",\"potentialAction\":[{\"@type\":\"ReadAction\",\"target\":[\"https:\/\/sexshop.cm\/produit\/pompe-a-vulve-avec-langue-et-vibromasseur-torch\/\"]}]},{\"@type\":\"BreadcrumbList\",\"@id\":\"https:\/\/sexshop.cm\/produit\/pompe-a-vulve-avec-langue-et-vibromasseur-torch\/#breadcrumb\",\"itemListElement\":[{\"@type\":\"ListItem\",\"position\":1,\"name\":\"Accueil\",\"item\":\"https:\/\/sexshop.cm\/en\/online-sexshop-in-cameroon\/\"},{\"@type\":\"ListItem\",\"position\":2,\"name\":\"Shop\",\"item\":\"https:\/\/sexshop.cm\/shop\/\"},{\"@type\":\"ListItem\",\"position\":3,\"name\":\"Pompe \u00e0 vulve avec langue et vibromasseur Torch\"}]},{\"@type\":\"WebSite\",\"@id\":\"https:\/\/sexshop.cm\/#website\",\"url\":\"https:\/\/sexshop.cm\/\",\"name\":\"H\u00e9donia\",\"description\":\"SexShop en ligne - Boutique de sextoys et objets coquins en ligne au Cameroun\",\"publisher\":{\"@id\":\"https:\/\/sexshop.cm\/#organization\"},\"potentialAction\":[{\"@type\":\"SearchAction\",\"target\":{\"@type\":\"EntryPoint\",\"urlTemplate\":\"https:\/\/sexshop.cm\/?s={search_term_string}\"},\"query-input\":\"required name=search_term_string\"}],\"inLanguage\":\"en-US\"},{\"@type\":\"Organization\",\"@id\":\"https:\/\/sexshop.cm\/#organization\",\"name\":\"H\u00e9donia\",\"alternateName\":\"Boutique de Sextoys en ligne au Cameroun\",\"url\":\"https:\/\/sexshop.cm\/\",\"logo\":{\"@type\":\"ImageObject\",\"inLanguage\":\"en-US\",\"@id\":\"https:\/\/sexshop.cm\/#\/schema\/logo\/image\/\",\"url\":\"https:\/\/sexshop.cm\/wp-content\/uploads\/2022\/10\/logo-680-hedonia.png.200x100_q85_background-f8f9fa.png\",\"contentUrl\":\"https:\/\/sexshop.cm\/wp-content\/uploads\/2022\/10\/logo-680-hedonia.png.200x100_q85_background-f8f9fa.png\",\"width\":2222,\"height\":534,\"caption\":\"H\u00e9donia\"},\"image\":{\"@id\":\"https:\/\/sexshop.cm\/#\/schema\/logo\/image\/\"}}]}<\/script>\n<meta property=\"product:price:amount\" content=\"52000\" \/>\n<meta property=\"product:price:currency\" content=\"XAF\" \/>\n<meta property=\"og:availability\" content=\"out of stock\" \/>\n<meta property=\"product:availability\" content=\"out of stock\" \/>\n<meta property=\"product:condition\" content=\"new\" \/>\n<!-- \/ Yoast SEO Premium plugin. -->","yoast_head_json":{"title":"- Achetez et Commandez Discr\u00e8tement vos Pompe \u00e0 vulve avec langue et vibromasseur Torch au Cameroun -","description":"Commandez vos meilleurs Pompe \u00e0 vulve avec langue et vibromasseur Torch \u00e0 bons prix partout au Cameroun et faites vous livrer discr\u00e8tement, sur H\u00e9donia, le meilleur site de vente en ligne de sextoys au Cameroun. - Whatsapp: +237 672588687","robots":{"index":"index","follow":"follow","max-snippet":"max-snippet:-1","max-image-preview":"max-image-preview:large","max-video-preview":"max-video-preview:-1"},"canonical":"https:\/\/sexshop.cm\/produit\/pompe-a-vulve-avec-langue-et-vibromasseur-torch\/","og_locale":"en_US","og_type":"article","og_title":"Pompe \u00e0 vulve avec langue et vibromasseur Torch","og_description":"Pompe \u00e0 vulve avec langue et vibromasseur Torch - H\u00e9donia","og_url":"https:\/\/sexshop.cm\/produit\/pompe-a-vulve-avec-langue-et-vibromasseur-torch\/","og_site_name":"H\u00e9donia","article_modified_time":"2023-04-13T19:14:12+00:00","og_image":[{"width":490,"height":551,"url":"http:\/\/sexshop.cm\/wp-content\/uploads\/2022\/09\/pompe-a-vulve-avec-langue-et-vibromasseur-torch-4.png","type":"image\/png"}],"twitter_card":"summary_large_image","twitter_misc":{"Price":"52000&nbsp;CFA","Availability":"Out of stock"},"schema":{"@context":"https:\/\/schema.org","@graph":[{"@type":"WebPage","@id":"https:\/\/sexshop.cm\/produit\/pompe-a-vulve-avec-langue-et-vibromasseur-torch\/","url":"https:\/\/sexshop.cm\/produit\/pompe-a-vulve-avec-langue-et-vibromasseur-torch\/","name":"- Achetez et Commandez Discr\u00e8tement vos Pompe \u00e0 vulve avec langue et vibromasseur Torch au Cameroun -","isPartOf":{"@id":"https:\/\/sexshop.cm\/#website"},"datePublished":"2022-09-21T01:44:04+00:00","dateModified":"2023-04-13T19:14:12+00:00","description":"Commandez vos meilleurs Pompe \u00e0 vulve avec langue et vibromasseur Torch \u00e0 bons prix partout au Cameroun et faites vous livrer discr\u00e8tement, sur H\u00e9donia, le meilleur site de vente en ligne de sextoys au Cameroun. - Whatsapp: +237 672588687","breadcrumb":{"@id":"https:\/\/sexshop.cm\/produit\/pompe-a-vulve-avec-langue-et-vibromasseur-torch\/#breadcrumb"},"inLanguage":"en-US","potentialAction":[{"@type":"ReadAction","target":["https:\/\/sexshop.cm\/produit\/pompe-a-vulve-avec-langue-et-vibromasseur-torch\/"]}]},{"@type":"BreadcrumbList","@id":"https:\/\/sexshop.cm\/produit\/pompe-a-vulve-avec-langue-et-vibromasseur-torch\/#breadcrumb","itemListElement":[{"@type":"ListItem","position":1,"name":"Accueil","item":"https:\/\/sexshop.cm\/en\/online-sexshop-in-cameroon\/"},{"@type":"ListItem","position":2,"name":"Shop","item":"https:\/\/sexshop.cm\/shop\/"},{"@type":"ListItem","position":3,"name":"Pompe \u00e0 vulve avec langue et vibromasseur Torch"}]},{"@type":"WebSite","@id":"https:\/\/sexshop.cm\/#website","url":"https:\/\/sexshop.cm\/","name":"H\u00e9donia","description":"SexShop en ligne - Boutique de sextoys et objets coquins en ligne au Cameroun","publisher":{"@id":"https:\/\/sexshop.cm\/#organization"},"potentialAction":[{"@type":"SearchAction","target":{"@type":"EntryPoint","urlTemplate":"https:\/\/sexshop.cm\/?s={search_term_string}"},"query-input":"required name=search_term_string"}],"inLanguage":"en-US"},{"@type":"Organization","@id":"https:\/\/sexshop.cm\/#organization","name":"H\u00e9donia","alternateName":"Boutique de Sextoys en ligne au Cameroun","url":"https:\/\/sexshop.cm\/","logo":{"@type":"ImageObject","inLanguage":"en-US","@id":"https:\/\/sexshop.cm\/#\/schema\/logo\/image\/","url":"https:\/\/sexshop.cm\/wp-content\/uploads\/2022\/10\/logo-680-hedonia.png.200x100_q85_background-f8f9fa.png","contentUrl":"https:\/\/sexshop.cm\/wp-content\/uploads\/2022\/10\/logo-680-hedonia.png.200x100_q85_background-f8f9fa.png","width":2222,"height":534,"caption":"H\u00e9donia"},"image":{"@id":"https:\/\/sexshop.cm\/#\/schema\/logo\/image\/"}}]},"product_price_amount":"52000","product_price_currency":"XAF","og_availability":"out of stock","product_availability":"out of stock","product_condition":"new"},"_links":{"self":[{"href":"https:\/\/sexshop.cm\/en\/wp-json\/wp\/v2\/product\/5848"}],"collection":[{"href":"https:\/\/sexshop.cm\/en\/wp-json\/wp\/v2\/product"}],"about":[{"href":"https:\/\/sexshop.cm\/en\/wp-json\/wp\/v2\/types\/product"}],"replies":[{"embeddable":true,"href":"https:\/\/sexshop.cm\/en\/wp-json\/wp\/v2\/comments?post=5848"}],"wp:featuredmedia":[{"embeddable":true,"href":"https:\/\/sexshop.cm\/en\/wp-json\/wp\/v2\/media\/5849"}],"wp:attachment":[{"href":"https:\/\/sexshop.cm\/en\/wp-json\/wp\/v2\/media?parent=5848"}],"wp:term":[{"taxonomy":"brand","embeddable":true,"href":"https:\/\/sexshop.cm\/en\/wp-json\/wp\/v2\/etheme_brands?post=5848"},{"taxonomy":"product_cat","embeddable":true,"href":"https:\/\/sexshop.cm\/en\/wp-json\/wp\/v2\/product_cat?post=5848"},{"taxonomy":"product_tag","embeddable":true,"href":"https:\/\/sexshop.cm\/en\/wp-json\/wp\/v2\/product_tag?post=5848"}],"curies":[{"name":"wp","href":"https:\/\/api.w.org\/{rel}","templated":true}]}}