{"id":5863,"date":"2022-09-21T12:40:29","date_gmt":"2022-09-21T10:40:29","guid":{"rendered":"https:\/\/sexshop.cm\/?post_type=product&#038;p=5863"},"modified":"2022-12-03T10:53:26","modified_gmt":"2022-12-03T09:53:26","slug":"oeuf-vibrant-connecte-irena-1","status":"publish","type":"product","link":"https:\/\/sexshop.cm\/en\/produit\/oeuf-vibrant-connecte-irena-1\/","title":{"rendered":"OEUF VIBRANT CONNECT\u00c9 IRENA 1"},"content":{"rendered":"<p>D\u00e9couvrez l&#8217;Oeuf Vibrant Connect\u00e9 Irena 1 de la marque Realov, un sextoy innovant qui vous permettra d&#8217;\u00e9changer des moments intimes \u00e0 distance avec votre partenaire !<\/p>\n<p>Irena 1 est un \u0153uf vibrant qui vous offrira un plaisir surprenant tout en renfor\u00e7ant les muscles de votre plancher pelvien. En stimulant votre vagin et en chatouillant votre poing G ce sextoy vous fera atteindre des orgasmes renversants en quelques minutes seulement ! Gr\u00e2ce \u00e0 son moteur puissant vous pourrez profiter de 10 modes de vibration intenses et silencieux jusqu&#8217;\u00e0 4h sans interruption ! En solo ou en couple contr\u00f4lez votre Oeuf Vibrant Connect\u00e9 Irena 1 manuellement ou \u00e0 distance depuis l&#8217;application Realov disponible sur iOS et Android. L&#8217;application vous permet d&#8217;acc\u00e9der \u00e0 de multiples fonctionnalit\u00e9s : cr\u00e9ez des modes de vibration personnalis\u00e9s ou synchronisez l&#8217;oeuf avec vos musiques pr\u00e9f\u00e9r\u00e9es.<\/p>\n<p>Votre \u0153uf vibrant Irena 1 est waterproof, et compos\u00e9 de silicone de haute qualit\u00e9 hypoallerg\u00e9nique. Rechargeable avec le c\u00e2ble USB fourni.<\/p>\n<p>T\u00e9l\u00e9chargez l&#8217;application Realov depuis l&#8217;App Store ou le Google Play Store.<\/p>\n<p>Pour plus de plaisir, utilisez un lubrifiant \u00e0 base d&#8217;eau tel que le SexyGlide. Pour un nettoyage de votre sextoy rapide et sans rin\u00e7age, SexyAvenue vous conseille le Spray Nettoyant SexyCare \u00e0 utiliser avant et apr\u00e8s chaque utilisation.<\/p>\n<p>&nbsp;<\/p>\n","protected":false},"excerpt":{"rendered":"<p>D\u00e9couvrez l&#8217;Oeuf Vibrant Connect\u00e9 Irena 1 de la marque Realov, un sextoy innovant qui vous permettra d&#8217;\u00e9changer des moments intimes \u00e0 distance avec votre partenaire !<\/p>\n<p>Irena 1 est un \u0153uf vibrant qui vous offrira un plaisir surprenant tout en renfor\u00e7ant les muscles de votre plancher pelvien. En stimulant votre vagin et en chatouillant votre poing G ce sextoy vous fera atteindre des orgasmes renversants en quelques minutes seulement ! Gr\u00e2ce \u00e0 son moteur puissant vous pourrez profiter de 10 modes de vibration intenses et silencieux jusqu&#8217;\u00e0 4h sans interruption ! En solo ou en couple contr\u00f4lez votre Oeuf Vibrant Connect\u00e9 Irena 1 manuellement ou \u00e0 distance depuis l&#8217;application Realov disponible sur iOS et Android.<\/p>\n","protected":false},"featured_media":5864,"comment_status":"open","ping_status":"closed","template":"","meta":{"_joinchat":[]},"etheme_brands":[],"product_cat":[50],"product_tag":[],"yoast_head":"<!-- This site is optimized with the Yoast SEO Premium plugin v19.3 (Yoast SEO v21.5) - https:\/\/yoast.com\/wordpress\/plugins\/seo\/ -->\n<title>- Achetez et Commandez Discr\u00e8tement vos OEUF VIBRANT CONNECT\u00c9 IRENA 1 au Cameroun -<\/title>\n<meta name=\"description\" content=\"Commandez vos meilleurs OEUF VIBRANT CONNECT\u00c9 IRENA 1 \u00e0 bons prix partout au Cameroun et faites vous livrer discr\u00e8tement, sur H\u00e9donia, le meilleur site de vente en ligne de sextoys au Cameroun. - Whatsapp: +237 672588687\" \/>\n<meta name=\"robots\" content=\"index, follow, max-snippet:-1, max-image-preview:large, max-video-preview:-1\" \/>\n<link rel=\"canonical\" href=\"https:\/\/sexshop.cm\/produit\/oeuf-vibrant-connecte-irena-1\/\" \/>\n<meta property=\"og:locale\" content=\"en_US\" \/>\n<meta property=\"og:type\" content=\"article\" \/>\n<meta property=\"og:title\" content=\"OEUF VIBRANT CONNECT\u00c9 IRENA 1\" \/>\n<meta property=\"og:description\" content=\"OEUF VIBRANT CONNECT\u00c9 IRENA 1 - H\u00e9donia\" \/>\n<meta property=\"og:url\" content=\"https:\/\/sexshop.cm\/produit\/oeuf-vibrant-connecte-irena-1\/\" \/>\n<meta property=\"og:site_name\" content=\"H\u00e9donia\" \/>\n<meta property=\"article:modified_time\" content=\"2022-12-03T09:53:26+00:00\" \/>\n<meta property=\"og:image\" content=\"https:\/\/sexshop.cm\/wp-content\/uploads\/2022\/09\/realov-irena-1.jpg\" \/>\n\t<meta property=\"og:image:width\" content=\"800\" \/>\n\t<meta property=\"og:image:height\" content=\"800\" \/>\n\t<meta property=\"og:image:type\" content=\"image\/jpeg\" \/>\n<meta name=\"twitter:card\" content=\"summary_large_image\" \/>\n<meta name=\"twitter:label1\" content=\"Price\" \/>\n\t<meta name=\"twitter:data1\" content=\"40000&nbsp;CFA\" \/>\n\t<meta name=\"twitter:label2\" content=\"Availability\" \/>\n\t<meta name=\"twitter:data2\" content=\"In stock\" \/>\n<script type=\"application\/ld+json\" class=\"yoast-schema-graph\">{\"@context\":\"https:\/\/schema.org\",\"@graph\":[{\"@type\":\"WebPage\",\"@id\":\"https:\/\/sexshop.cm\/produit\/oeuf-vibrant-connecte-irena-1\/\",\"url\":\"https:\/\/sexshop.cm\/produit\/oeuf-vibrant-connecte-irena-1\/\",\"name\":\"- Achetez et Commandez Discr\u00e8tement vos OEUF VIBRANT CONNECT\u00c9 IRENA 1 au Cameroun -\",\"isPartOf\":{\"@id\":\"https:\/\/sexshop.cm\/#website\"},\"datePublished\":\"2022-09-21T10:40:29+00:00\",\"dateModified\":\"2022-12-03T09:53:26+00:00\",\"description\":\"Commandez vos meilleurs OEUF VIBRANT CONNECT\u00c9 IRENA 1 \u00e0 bons prix partout au Cameroun et faites vous livrer discr\u00e8tement, sur H\u00e9donia, le meilleur site de vente en ligne de sextoys au Cameroun. - Whatsapp: +237 672588687\",\"breadcrumb\":{\"@id\":\"https:\/\/sexshop.cm\/produit\/oeuf-vibrant-connecte-irena-1\/#breadcrumb\"},\"inLanguage\":\"en-US\",\"potentialAction\":[{\"@type\":\"ReadAction\",\"target\":[\"https:\/\/sexshop.cm\/produit\/oeuf-vibrant-connecte-irena-1\/\"]}]},{\"@type\":\"BreadcrumbList\",\"@id\":\"https:\/\/sexshop.cm\/produit\/oeuf-vibrant-connecte-irena-1\/#breadcrumb\",\"itemListElement\":[{\"@type\":\"ListItem\",\"position\":1,\"name\":\"Accueil\",\"item\":\"https:\/\/sexshop.cm\/en\/online-sexshop-in-cameroon\/\"},{\"@type\":\"ListItem\",\"position\":2,\"name\":\"Shop\",\"item\":\"https:\/\/sexshop.cm\/shop\/\"},{\"@type\":\"ListItem\",\"position\":3,\"name\":\"OEUF VIBRANT CONNECT\u00c9 IRENA 1\"}]},{\"@type\":\"WebSite\",\"@id\":\"https:\/\/sexshop.cm\/#website\",\"url\":\"https:\/\/sexshop.cm\/\",\"name\":\"H\u00e9donia\",\"description\":\"SexShop en ligne - Boutique de sextoys et objets coquins en ligne au Cameroun\",\"publisher\":{\"@id\":\"https:\/\/sexshop.cm\/#organization\"},\"potentialAction\":[{\"@type\":\"SearchAction\",\"target\":{\"@type\":\"EntryPoint\",\"urlTemplate\":\"https:\/\/sexshop.cm\/?s={search_term_string}\"},\"query-input\":\"required name=search_term_string\"}],\"inLanguage\":\"en-US\"},{\"@type\":\"Organization\",\"@id\":\"https:\/\/sexshop.cm\/#organization\",\"name\":\"H\u00e9donia\",\"alternateName\":\"Boutique de Sextoys en ligne au Cameroun\",\"url\":\"https:\/\/sexshop.cm\/\",\"logo\":{\"@type\":\"ImageObject\",\"inLanguage\":\"en-US\",\"@id\":\"https:\/\/sexshop.cm\/#\/schema\/logo\/image\/\",\"url\":\"https:\/\/sexshop.cm\/wp-content\/uploads\/2022\/10\/logo-680-hedonia.png.200x100_q85_background-f8f9fa.png\",\"contentUrl\":\"https:\/\/sexshop.cm\/wp-content\/uploads\/2022\/10\/logo-680-hedonia.png.200x100_q85_background-f8f9fa.png\",\"width\":2222,\"height\":534,\"caption\":\"H\u00e9donia\"},\"image\":{\"@id\":\"https:\/\/sexshop.cm\/#\/schema\/logo\/image\/\"}}]}<\/script>\n<meta property=\"product:price:amount\" content=\"40000\" \/>\n<meta property=\"product:price:currency\" content=\"XAF\" \/>\n<meta property=\"og:availability\" content=\"instock\" \/>\n<meta property=\"product:availability\" content=\"instock\" \/>\n<meta property=\"product:condition\" content=\"new\" \/>\n<!-- \/ Yoast SEO Premium plugin. -->","yoast_head_json":{"title":"- Achetez et Commandez Discr\u00e8tement vos OEUF VIBRANT CONNECT\u00c9 IRENA 1 au Cameroun -","description":"Commandez vos meilleurs OEUF VIBRANT CONNECT\u00c9 IRENA 1 \u00e0 bons prix partout au Cameroun et faites vous livrer discr\u00e8tement, sur H\u00e9donia, le meilleur site de vente en ligne de sextoys au Cameroun. - Whatsapp: +237 672588687","robots":{"index":"index","follow":"follow","max-snippet":"max-snippet:-1","max-image-preview":"max-image-preview:large","max-video-preview":"max-video-preview:-1"},"canonical":"https:\/\/sexshop.cm\/produit\/oeuf-vibrant-connecte-irena-1\/","og_locale":"en_US","og_type":"article","og_title":"OEUF VIBRANT CONNECT\u00c9 IRENA 1","og_description":"OEUF VIBRANT CONNECT\u00c9 IRENA 1 - H\u00e9donia","og_url":"https:\/\/sexshop.cm\/produit\/oeuf-vibrant-connecte-irena-1\/","og_site_name":"H\u00e9donia","article_modified_time":"2022-12-03T09:53:26+00:00","og_image":[{"width":800,"height":800,"url":"https:\/\/sexshop.cm\/wp-content\/uploads\/2022\/09\/realov-irena-1.jpg","type":"image\/jpeg"}],"twitter_card":"summary_large_image","twitter_misc":{"Price":"40000&nbsp;CFA","Availability":"In stock"},"schema":{"@context":"https:\/\/schema.org","@graph":[{"@type":"WebPage","@id":"https:\/\/sexshop.cm\/produit\/oeuf-vibrant-connecte-irena-1\/","url":"https:\/\/sexshop.cm\/produit\/oeuf-vibrant-connecte-irena-1\/","name":"- Achetez et Commandez Discr\u00e8tement vos OEUF VIBRANT CONNECT\u00c9 IRENA 1 au Cameroun -","isPartOf":{"@id":"https:\/\/sexshop.cm\/#website"},"datePublished":"2022-09-21T10:40:29+00:00","dateModified":"2022-12-03T09:53:26+00:00","description":"Commandez vos meilleurs OEUF VIBRANT CONNECT\u00c9 IRENA 1 \u00e0 bons prix partout au Cameroun et faites vous livrer discr\u00e8tement, sur H\u00e9donia, le meilleur site de vente en ligne de sextoys au Cameroun. - Whatsapp: +237 672588687","breadcrumb":{"@id":"https:\/\/sexshop.cm\/produit\/oeuf-vibrant-connecte-irena-1\/#breadcrumb"},"inLanguage":"en-US","potentialAction":[{"@type":"ReadAction","target":["https:\/\/sexshop.cm\/produit\/oeuf-vibrant-connecte-irena-1\/"]}]},{"@type":"BreadcrumbList","@id":"https:\/\/sexshop.cm\/produit\/oeuf-vibrant-connecte-irena-1\/#breadcrumb","itemListElement":[{"@type":"ListItem","position":1,"name":"Accueil","item":"https:\/\/sexshop.cm\/en\/online-sexshop-in-cameroon\/"},{"@type":"ListItem","position":2,"name":"Shop","item":"https:\/\/sexshop.cm\/shop\/"},{"@type":"ListItem","position":3,"name":"OEUF VIBRANT CONNECT\u00c9 IRENA 1"}]},{"@type":"WebSite","@id":"https:\/\/sexshop.cm\/#website","url":"https:\/\/sexshop.cm\/","name":"H\u00e9donia","description":"SexShop en ligne - Boutique de sextoys et objets coquins en ligne au Cameroun","publisher":{"@id":"https:\/\/sexshop.cm\/#organization"},"potentialAction":[{"@type":"SearchAction","target":{"@type":"EntryPoint","urlTemplate":"https:\/\/sexshop.cm\/?s={search_term_string}"},"query-input":"required name=search_term_string"}],"inLanguage":"en-US"},{"@type":"Organization","@id":"https:\/\/sexshop.cm\/#organization","name":"H\u00e9donia","alternateName":"Boutique de Sextoys en ligne au Cameroun","url":"https:\/\/sexshop.cm\/","logo":{"@type":"ImageObject","inLanguage":"en-US","@id":"https:\/\/sexshop.cm\/#\/schema\/logo\/image\/","url":"https:\/\/sexshop.cm\/wp-content\/uploads\/2022\/10\/logo-680-hedonia.png.200x100_q85_background-f8f9fa.png","contentUrl":"https:\/\/sexshop.cm\/wp-content\/uploads\/2022\/10\/logo-680-hedonia.png.200x100_q85_background-f8f9fa.png","width":2222,"height":534,"caption":"H\u00e9donia"},"image":{"@id":"https:\/\/sexshop.cm\/#\/schema\/logo\/image\/"}}]},"product_price_amount":"40000","product_price_currency":"XAF","og_availability":"instock","product_availability":"instock","product_condition":"new"},"_links":{"self":[{"href":"https:\/\/sexshop.cm\/en\/wp-json\/wp\/v2\/product\/5863"}],"collection":[{"href":"https:\/\/sexshop.cm\/en\/wp-json\/wp\/v2\/product"}],"about":[{"href":"https:\/\/sexshop.cm\/en\/wp-json\/wp\/v2\/types\/product"}],"replies":[{"embeddable":true,"href":"https:\/\/sexshop.cm\/en\/wp-json\/wp\/v2\/comments?post=5863"}],"wp:featuredmedia":[{"embeddable":true,"href":"https:\/\/sexshop.cm\/en\/wp-json\/wp\/v2\/media\/5864"}],"wp:attachment":[{"href":"https:\/\/sexshop.cm\/en\/wp-json\/wp\/v2\/media?parent=5863"}],"wp:term":[{"taxonomy":"brand","embeddable":true,"href":"https:\/\/sexshop.cm\/en\/wp-json\/wp\/v2\/etheme_brands?post=5863"},{"taxonomy":"product_cat","embeddable":true,"href":"https:\/\/sexshop.cm\/en\/wp-json\/wp\/v2\/product_cat?post=5863"},{"taxonomy":"product_tag","embeddable":true,"href":"https:\/\/sexshop.cm\/en\/wp-json\/wp\/v2\/product_tag?post=5863"}],"curies":[{"name":"wp","href":"https:\/\/api.w.org\/{rel}","templated":true}]}}