{"id":5873,"date":"2022-09-21T13:14:23","date_gmt":"2022-09-21T11:14:23","guid":{"rendered":"https:\/\/sexshop.cm\/?post_type=product&#038;p=5873"},"modified":"2023-04-09T23:24:06","modified_gmt":"2023-04-09T22:24:06","slug":"sona-2-lelo-aspirateur-a-clitoris","status":"publish","type":"product","link":"https:\/\/sexshop.cm\/en\/produit\/sona-2-lelo-aspirateur-a-clitoris\/","title":{"rendered":"SONA 2 LELO ASPIRATEUR \u00c0 CLITORIS"},"content":{"rendered":"<p>Le Stimulateur Sona 2 de LELO est la nouvelle version du masseur clitoridien sonique, Sona. Son syst\u00e8me vibrant par aspiration d&#8217;air lui permet une stimulation clitoridienne &#8220;sans contact&#8221; et promet d&#8217;intenses orgasmes en seulement quelques minutes !<\/p>\n<p>Son nouveau design, toujours classe, \u00e9pur\u00e9 et original avec son arri\u00e8re chrom\u00e9 ondul\u00e9 est encore plus ergonomique et permet une meilleure prise en main. Il vous permettra de vous amuser en choisissant votre intensit\u00e9 parmi les 12 mode de stimulation diff\u00e9rents gr\u00e2ce aux boutons de contr\u00f4le se trouvant sur son manche.<\/p>\n<p>Sa t\u00eate creuse avec un rembourrage plus doux mais aussi plus large permettra de stimuler votre clitoris enti\u00e8rement et en profondeur \u00e0 l&#8217;aide de ses vagues et pulsations soniques. Cette version vous permettra donc de couvrir une plus grande partie du clitoris pour stimuler des zones que vous ne voyez m\u00eame pas, pour vous offrir des orgasmes uniques !<\/p>\n<p>En plus d&#8217;\u00eatre presque deux fois plus puissant et de procurer de meilleures sensations, votre stimulateur vous permettra de vous faire plaisir jusque sous la douche puisqu&#8217;il est 100% waterproof !<\/p>\n<p>Fabriqu\u00e9 en silicone ABS hypoallerg\u00e9nique. Rechargeable 2h (c\u00e2ble USB fourni) pour 1h d&#8217;autonomie.<\/p>\n<p>Livr\u00e9 dans son magnifique coffret LELO avec son chargeur, le manuel d&#8217;utilisation et sa pochette en satin.<\/p>\n<p>Longueur : 9,9 cm &#8211; Largeur : 8,7 cm<\/p>\n<p>Icone Info En savoir plus sur la Garantie Meilleur Prix du Web<\/p>\n","protected":false},"excerpt":{"rendered":"<p>Le Stimulateur Sona 2 de LELO est la nouvelle version du masseur clitoridien sonique, Sona. Son syst\u00e8me vibrant par aspiration d&#8217;air lui permet une stimulation clitoridienne &#8220;sans contact&#8221; et promet d&#8217;intenses orgasmes en seulement quelques minutes !<\/p>\n<p>Son nouveau design, toujours classe, \u00e9pur\u00e9 et original avec son arri\u00e8re chrom\u00e9 ondul\u00e9 est encore plus ergonomique et permet une meilleure prise en main. Il vous permettra de vous amuser en choisissant votre intensit\u00e9 parmi les 12 mode de stimulation diff\u00e9rents gr\u00e2ce aux boutons de contr\u00f4le se trouvant sur son manche.<\/p>\n","protected":false},"featured_media":5874,"comment_status":"open","ping_status":"closed","template":"","meta":{"_joinchat":[]},"etheme_brands":[],"product_cat":[50,59],"product_tag":[],"yoast_head":"<!-- This site is optimized with the Yoast SEO Premium plugin v19.3 (Yoast SEO v21.5) - https:\/\/yoast.com\/wordpress\/plugins\/seo\/ -->\n<title>- Achetez et Commandez Discr\u00e8tement vos SONA 2 LELO ASPIRATEUR \u00c0 CLITORIS au Cameroun -<\/title>\n<meta name=\"description\" content=\"Commandez vos meilleurs SONA 2 LELO ASPIRATEUR \u00c0 CLITORIS \u00e0 bons prix partout au Cameroun et faites vous livrer discr\u00e8tement, sur H\u00e9donia, le meilleur site de vente en ligne de sextoys au Cameroun. - Whatsapp: +237 672588687\" \/>\n<meta name=\"robots\" content=\"index, follow, max-snippet:-1, max-image-preview:large, max-video-preview:-1\" \/>\n<link rel=\"canonical\" href=\"https:\/\/sexshop.cm\/produit\/sona-2-lelo-aspirateur-a-clitoris\/\" \/>\n<meta property=\"og:locale\" content=\"en_US\" \/>\n<meta property=\"og:type\" content=\"article\" \/>\n<meta property=\"og:title\" content=\"SONA 2 LELO ASPIRATEUR \u00c0 CLITORIS\" \/>\n<meta property=\"og:description\" content=\"SONA 2 LELO ASPIRATEUR \u00c0 CLITORIS - H\u00e9donia\" \/>\n<meta property=\"og:url\" content=\"https:\/\/sexshop.cm\/produit\/sona-2-lelo-aspirateur-a-clitoris\/\" \/>\n<meta property=\"og:site_name\" content=\"H\u00e9donia\" \/>\n<meta property=\"article:modified_time\" content=\"2023-04-09T22:24:06+00:00\" \/>\n<meta property=\"og:image\" content=\"http:\/\/sexshop.cm\/wp-content\/uploads\/2022\/09\/lelo-sona-2.jpg\" \/>\n\t<meta property=\"og:image:width\" content=\"800\" \/>\n\t<meta property=\"og:image:height\" content=\"800\" \/>\n\t<meta property=\"og:image:type\" content=\"image\/jpeg\" \/>\n<meta name=\"twitter:card\" content=\"summary_large_image\" \/>\n<meta name=\"twitter:label1\" content=\"Price\" \/>\n\t<meta name=\"twitter:data1\" content=\"30000&nbsp;CFA\" \/>\n\t<meta name=\"twitter:label2\" content=\"Availability\" \/>\n\t<meta name=\"twitter:data2\" content=\"Out of stock\" \/>\n<script type=\"application\/ld+json\" class=\"yoast-schema-graph\">{\"@context\":\"https:\/\/schema.org\",\"@graph\":[{\"@type\":\"WebPage\",\"@id\":\"https:\/\/sexshop.cm\/produit\/sona-2-lelo-aspirateur-a-clitoris\/\",\"url\":\"https:\/\/sexshop.cm\/produit\/sona-2-lelo-aspirateur-a-clitoris\/\",\"name\":\"- Achetez et Commandez Discr\u00e8tement vos SONA 2 LELO ASPIRATEUR \u00c0 CLITORIS au Cameroun -\",\"isPartOf\":{\"@id\":\"https:\/\/sexshop.cm\/#website\"},\"datePublished\":\"2022-09-21T11:14:23+00:00\",\"dateModified\":\"2023-04-09T22:24:06+00:00\",\"description\":\"Commandez vos meilleurs SONA 2 LELO ASPIRATEUR \u00c0 CLITORIS \u00e0 bons prix partout au Cameroun et faites vous livrer discr\u00e8tement, sur H\u00e9donia, le meilleur site de vente en ligne de sextoys au Cameroun. - Whatsapp: +237 672588687\",\"breadcrumb\":{\"@id\":\"https:\/\/sexshop.cm\/produit\/sona-2-lelo-aspirateur-a-clitoris\/#breadcrumb\"},\"inLanguage\":\"en-US\",\"potentialAction\":[{\"@type\":\"ReadAction\",\"target\":[\"https:\/\/sexshop.cm\/produit\/sona-2-lelo-aspirateur-a-clitoris\/\"]}]},{\"@type\":\"BreadcrumbList\",\"@id\":\"https:\/\/sexshop.cm\/produit\/sona-2-lelo-aspirateur-a-clitoris\/#breadcrumb\",\"itemListElement\":[{\"@type\":\"ListItem\",\"position\":1,\"name\":\"Accueil\",\"item\":\"https:\/\/sexshop.cm\/en\/online-sexshop-in-cameroon\/\"},{\"@type\":\"ListItem\",\"position\":2,\"name\":\"Shop\",\"item\":\"https:\/\/sexshop.cm\/shop\/\"},{\"@type\":\"ListItem\",\"position\":3,\"name\":\"SONA 2 LELO ASPIRATEUR \u00c0 CLITORIS\"}]},{\"@type\":\"WebSite\",\"@id\":\"https:\/\/sexshop.cm\/#website\",\"url\":\"https:\/\/sexshop.cm\/\",\"name\":\"H\u00e9donia\",\"description\":\"SexShop en ligne - Boutique de sextoys et objets coquins en ligne au Cameroun\",\"publisher\":{\"@id\":\"https:\/\/sexshop.cm\/#organization\"},\"potentialAction\":[{\"@type\":\"SearchAction\",\"target\":{\"@type\":\"EntryPoint\",\"urlTemplate\":\"https:\/\/sexshop.cm\/?s={search_term_string}\"},\"query-input\":\"required name=search_term_string\"}],\"inLanguage\":\"en-US\"},{\"@type\":\"Organization\",\"@id\":\"https:\/\/sexshop.cm\/#organization\",\"name\":\"H\u00e9donia\",\"alternateName\":\"Boutique de Sextoys en ligne au Cameroun\",\"url\":\"https:\/\/sexshop.cm\/\",\"logo\":{\"@type\":\"ImageObject\",\"inLanguage\":\"en-US\",\"@id\":\"https:\/\/sexshop.cm\/#\/schema\/logo\/image\/\",\"url\":\"https:\/\/sexshop.cm\/wp-content\/uploads\/2022\/10\/logo-680-hedonia.png.200x100_q85_background-f8f9fa.png\",\"contentUrl\":\"https:\/\/sexshop.cm\/wp-content\/uploads\/2022\/10\/logo-680-hedonia.png.200x100_q85_background-f8f9fa.png\",\"width\":2222,\"height\":534,\"caption\":\"H\u00e9donia\"},\"image\":{\"@id\":\"https:\/\/sexshop.cm\/#\/schema\/logo\/image\/\"}}]}<\/script>\n<meta property=\"product:price:amount\" content=\"30000\" \/>\n<meta property=\"product:price:currency\" content=\"XAF\" \/>\n<meta property=\"og:availability\" content=\"out of stock\" \/>\n<meta property=\"product:availability\" content=\"out of stock\" \/>\n<meta property=\"product:condition\" content=\"new\" \/>\n<!-- \/ Yoast SEO Premium plugin. -->","yoast_head_json":{"title":"- Achetez et Commandez Discr\u00e8tement vos SONA 2 LELO ASPIRATEUR \u00c0 CLITORIS au Cameroun -","description":"Commandez vos meilleurs SONA 2 LELO ASPIRATEUR \u00c0 CLITORIS \u00e0 bons prix partout au Cameroun et faites vous livrer discr\u00e8tement, sur H\u00e9donia, le meilleur site de vente en ligne de sextoys au Cameroun. - Whatsapp: +237 672588687","robots":{"index":"index","follow":"follow","max-snippet":"max-snippet:-1","max-image-preview":"max-image-preview:large","max-video-preview":"max-video-preview:-1"},"canonical":"https:\/\/sexshop.cm\/produit\/sona-2-lelo-aspirateur-a-clitoris\/","og_locale":"en_US","og_type":"article","og_title":"SONA 2 LELO ASPIRATEUR \u00c0 CLITORIS","og_description":"SONA 2 LELO ASPIRATEUR \u00c0 CLITORIS - H\u00e9donia","og_url":"https:\/\/sexshop.cm\/produit\/sona-2-lelo-aspirateur-a-clitoris\/","og_site_name":"H\u00e9donia","article_modified_time":"2023-04-09T22:24:06+00:00","og_image":[{"width":800,"height":800,"url":"http:\/\/sexshop.cm\/wp-content\/uploads\/2022\/09\/lelo-sona-2.jpg","type":"image\/jpeg"}],"twitter_card":"summary_large_image","twitter_misc":{"Price":"30000&nbsp;CFA","Availability":"Out of stock"},"schema":{"@context":"https:\/\/schema.org","@graph":[{"@type":"WebPage","@id":"https:\/\/sexshop.cm\/produit\/sona-2-lelo-aspirateur-a-clitoris\/","url":"https:\/\/sexshop.cm\/produit\/sona-2-lelo-aspirateur-a-clitoris\/","name":"- Achetez et Commandez Discr\u00e8tement vos SONA 2 LELO ASPIRATEUR \u00c0 CLITORIS au Cameroun -","isPartOf":{"@id":"https:\/\/sexshop.cm\/#website"},"datePublished":"2022-09-21T11:14:23+00:00","dateModified":"2023-04-09T22:24:06+00:00","description":"Commandez vos meilleurs SONA 2 LELO ASPIRATEUR \u00c0 CLITORIS \u00e0 bons prix partout au Cameroun et faites vous livrer discr\u00e8tement, sur H\u00e9donia, le meilleur site de vente en ligne de sextoys au Cameroun. - Whatsapp: +237 672588687","breadcrumb":{"@id":"https:\/\/sexshop.cm\/produit\/sona-2-lelo-aspirateur-a-clitoris\/#breadcrumb"},"inLanguage":"en-US","potentialAction":[{"@type":"ReadAction","target":["https:\/\/sexshop.cm\/produit\/sona-2-lelo-aspirateur-a-clitoris\/"]}]},{"@type":"BreadcrumbList","@id":"https:\/\/sexshop.cm\/produit\/sona-2-lelo-aspirateur-a-clitoris\/#breadcrumb","itemListElement":[{"@type":"ListItem","position":1,"name":"Accueil","item":"https:\/\/sexshop.cm\/en\/online-sexshop-in-cameroon\/"},{"@type":"ListItem","position":2,"name":"Shop","item":"https:\/\/sexshop.cm\/shop\/"},{"@type":"ListItem","position":3,"name":"SONA 2 LELO ASPIRATEUR \u00c0 CLITORIS"}]},{"@type":"WebSite","@id":"https:\/\/sexshop.cm\/#website","url":"https:\/\/sexshop.cm\/","name":"H\u00e9donia","description":"SexShop en ligne - Boutique de sextoys et objets coquins en ligne au Cameroun","publisher":{"@id":"https:\/\/sexshop.cm\/#organization"},"potentialAction":[{"@type":"SearchAction","target":{"@type":"EntryPoint","urlTemplate":"https:\/\/sexshop.cm\/?s={search_term_string}"},"query-input":"required name=search_term_string"}],"inLanguage":"en-US"},{"@type":"Organization","@id":"https:\/\/sexshop.cm\/#organization","name":"H\u00e9donia","alternateName":"Boutique de Sextoys en ligne au Cameroun","url":"https:\/\/sexshop.cm\/","logo":{"@type":"ImageObject","inLanguage":"en-US","@id":"https:\/\/sexshop.cm\/#\/schema\/logo\/image\/","url":"https:\/\/sexshop.cm\/wp-content\/uploads\/2022\/10\/logo-680-hedonia.png.200x100_q85_background-f8f9fa.png","contentUrl":"https:\/\/sexshop.cm\/wp-content\/uploads\/2022\/10\/logo-680-hedonia.png.200x100_q85_background-f8f9fa.png","width":2222,"height":534,"caption":"H\u00e9donia"},"image":{"@id":"https:\/\/sexshop.cm\/#\/schema\/logo\/image\/"}}]},"product_price_amount":"30000","product_price_currency":"XAF","og_availability":"out of stock","product_availability":"out of stock","product_condition":"new"},"_links":{"self":[{"href":"https:\/\/sexshop.cm\/en\/wp-json\/wp\/v2\/product\/5873"}],"collection":[{"href":"https:\/\/sexshop.cm\/en\/wp-json\/wp\/v2\/product"}],"about":[{"href":"https:\/\/sexshop.cm\/en\/wp-json\/wp\/v2\/types\/product"}],"replies":[{"embeddable":true,"href":"https:\/\/sexshop.cm\/en\/wp-json\/wp\/v2\/comments?post=5873"}],"wp:featuredmedia":[{"embeddable":true,"href":"https:\/\/sexshop.cm\/en\/wp-json\/wp\/v2\/media\/5874"}],"wp:attachment":[{"href":"https:\/\/sexshop.cm\/en\/wp-json\/wp\/v2\/media?parent=5873"}],"wp:term":[{"taxonomy":"brand","embeddable":true,"href":"https:\/\/sexshop.cm\/en\/wp-json\/wp\/v2\/etheme_brands?post=5873"},{"taxonomy":"product_cat","embeddable":true,"href":"https:\/\/sexshop.cm\/en\/wp-json\/wp\/v2\/product_cat?post=5873"},{"taxonomy":"product_tag","embeddable":true,"href":"https:\/\/sexshop.cm\/en\/wp-json\/wp\/v2\/product_tag?post=5873"}],"curies":[{"name":"wp","href":"https:\/\/api.w.org\/{rel}","templated":true}]}}