{"id":5888,"date":"2022-09-21T13:25:19","date_gmt":"2022-09-21T11:25:19","guid":{"rendered":"https:\/\/sexshop.cm\/?post_type=product&#038;p=5888"},"modified":"2023-04-09T23:24:05","modified_gmt":"2023-04-09T22:24:05","slug":"vibromasseur-rechargeable-mini-ribbed-peachy","status":"publish","type":"product","link":"https:\/\/sexshop.cm\/en\/produit\/vibromasseur-rechargeable-mini-ribbed-peachy\/","title":{"rendered":"VIBROMASSEUR RECHARGEABLE MINI RIBBED PEACHY!"},"content":{"rendered":"<p>D\u00e9couvrez le Vibromasseur Rechargeable Mini Ribbed Peachy! de You 2 Toys, un vibromasseur color\u00e9 de la gamme Peachy!<\/p>\n<p>Ce mini vibromasseur est petit, mais puissant ! Ses rainures sont con\u00e7ues pour stimuler vos zones \u00e9rog\u00e8nes et la douceur de sa texture Soft Touch vous d\u00e9livra de d\u00e9licieuses caresses&#8230;<\/p>\n<p>Il est dot\u00e9 de 10 modes de vibration, qui vous offriront des moments de plaisir orgasmique ! Glissez-le discr\u00e8tement dans votre valise et partez en vacances avec ce sextoy pop couleur p\u00eache !<\/p>\n<p>Fabriqu\u00e9 en plastique ABS sans phtalates et recouvert de silicone hypoallerg\u00e9nique, le Mini Ribbed Peachy! respecte vos parties intimes.<\/p>\n<p>Il est rechargeable gr\u00e2ce au c\u00e2ble USB inclus.<\/p>\n<p>Dimensions :<\/p>\n<p>Longueur totale : 13,6 cm<br \/>\nLongueur ins\u00e9rable : 10 cm<br \/>\nDiam\u00e8tre max. : 3,2 cm<br \/>\nDiam\u00e8tre min. : 2,6 cm<br \/>\nD\u00e9couvrez \u00e9galement les autres vibromasseurs de la gamme Peachy! : le Mini G-Spot, le Mini Beads, le Mini Bunny et le Mini Rabbit.<\/p>\n<p>Pour plus de plaisir, utilisez le lubrifiant \u00e0 base d&#8217;eau SexyGlide. Pour un nettoyage de votre sextoy rapide et sans rin\u00e7age, SexyAvenue vous conseille son spray nettoyant pour sextoys SexyCare \u00e0 utiliser avant et apr\u00e8s chaque utilisation.<\/p>\n","protected":false},"excerpt":{"rendered":"<p>D\u00e9couvrez le Vibromasseur Rechargeable Mini Ribbed Peachy! de You 2 Toys, un vibromasseur color\u00e9 de la gamme Peachy!<\/p>\n<p>Ce mini vibromasseur est petit, mais puissant ! Ses rainures sont con\u00e7ues pour stimuler vos zones \u00e9rog\u00e8nes et la douceur de sa texture Soft Touch vous d\u00e9livra de d\u00e9licieuses caresses&#8230;<\/p>\n<p>Il est dot\u00e9 de 10 modes de vibration, qui vous offriront des moments de plaisir orgasmique ! Glissez-le discr\u00e8tement dans votre valise et partez en vacances avec ce sextoy pop couleur p\u00eache !<\/p>\n","protected":false},"featured_media":5889,"comment_status":"open","ping_status":"closed","template":"","meta":{"_joinchat":[]},"etheme_brands":[],"product_cat":[50,53],"product_tag":[],"yoast_head":"<!-- This site is optimized with the Yoast SEO Premium plugin v19.3 (Yoast SEO v21.5) - https:\/\/yoast.com\/wordpress\/plugins\/seo\/ -->\n<title>- Achetez et Commandez Discr\u00e8tement vos VIBROMASSEUR RECHARGEABLE MINI RIBBED PEACHY! au Cameroun -<\/title>\n<meta name=\"description\" content=\"Commandez vos meilleurs VIBROMASSEUR RECHARGEABLE MINI RIBBED PEACHY! \u00e0 bons prix partout au Cameroun et faites vous livrer discr\u00e8tement, sur H\u00e9donia, le meilleur site de vente en ligne de sextoys au Cameroun. - Whatsapp: +237 672588687\" \/>\n<meta name=\"robots\" content=\"index, follow, max-snippet:-1, max-image-preview:large, max-video-preview:-1\" \/>\n<link rel=\"canonical\" href=\"https:\/\/sexshop.cm\/produit\/vibromasseur-rechargeable-mini-ribbed-peachy\/\" \/>\n<meta property=\"og:locale\" content=\"en_US\" \/>\n<meta property=\"og:type\" content=\"article\" \/>\n<meta property=\"og:title\" content=\"VIBROMASSEUR RECHARGEABLE MINI RIBBED PEACHY!\" \/>\n<meta property=\"og:description\" content=\"VIBROMASSEUR RECHARGEABLE MINI RIBBED PEACHY! - H\u00e9donia\" \/>\n<meta property=\"og:url\" content=\"https:\/\/sexshop.cm\/produit\/vibromasseur-rechargeable-mini-ribbed-peachy\/\" \/>\n<meta property=\"og:site_name\" content=\"H\u00e9donia\" \/>\n<meta property=\"article:modified_time\" content=\"2023-04-09T22:24:05+00:00\" \/>\n<meta property=\"og:image\" content=\"http:\/\/sexshop.cm\/wp-content\/uploads\/2022\/09\/you-2-toys-vibromasseur-mini-ribbed-peachy-2.jpg\" \/>\n\t<meta property=\"og:image:width\" content=\"800\" \/>\n\t<meta property=\"og:image:height\" content=\"800\" \/>\n\t<meta property=\"og:image:type\" content=\"image\/jpeg\" \/>\n<meta name=\"twitter:card\" content=\"summary_large_image\" \/>\n<meta name=\"twitter:label1\" content=\"Price\" \/>\n\t<meta name=\"twitter:data1\" content=\"38000&nbsp;CFA\" \/>\n\t<meta name=\"twitter:label2\" content=\"Availability\" \/>\n\t<meta name=\"twitter:data2\" content=\"Out of stock\" \/>\n<script type=\"application\/ld+json\" class=\"yoast-schema-graph\">{\"@context\":\"https:\/\/schema.org\",\"@graph\":[{\"@type\":\"WebPage\",\"@id\":\"https:\/\/sexshop.cm\/produit\/vibromasseur-rechargeable-mini-ribbed-peachy\/\",\"url\":\"https:\/\/sexshop.cm\/produit\/vibromasseur-rechargeable-mini-ribbed-peachy\/\",\"name\":\"- Achetez et Commandez Discr\u00e8tement vos VIBROMASSEUR RECHARGEABLE MINI RIBBED PEACHY! au Cameroun -\",\"isPartOf\":{\"@id\":\"https:\/\/sexshop.cm\/#website\"},\"datePublished\":\"2022-09-21T11:25:19+00:00\",\"dateModified\":\"2023-04-09T22:24:05+00:00\",\"description\":\"Commandez vos meilleurs VIBROMASSEUR RECHARGEABLE MINI RIBBED PEACHY! \u00e0 bons prix partout au Cameroun et faites vous livrer discr\u00e8tement, sur H\u00e9donia, le meilleur site de vente en ligne de sextoys au Cameroun. - Whatsapp: +237 672588687\",\"breadcrumb\":{\"@id\":\"https:\/\/sexshop.cm\/produit\/vibromasseur-rechargeable-mini-ribbed-peachy\/#breadcrumb\"},\"inLanguage\":\"en-US\",\"potentialAction\":[{\"@type\":\"ReadAction\",\"target\":[\"https:\/\/sexshop.cm\/produit\/vibromasseur-rechargeable-mini-ribbed-peachy\/\"]}]},{\"@type\":\"BreadcrumbList\",\"@id\":\"https:\/\/sexshop.cm\/produit\/vibromasseur-rechargeable-mini-ribbed-peachy\/#breadcrumb\",\"itemListElement\":[{\"@type\":\"ListItem\",\"position\":1,\"name\":\"Accueil\",\"item\":\"https:\/\/sexshop.cm\/en\/online-sexshop-in-cameroon\/\"},{\"@type\":\"ListItem\",\"position\":2,\"name\":\"Shop\",\"item\":\"https:\/\/sexshop.cm\/shop\/\"},{\"@type\":\"ListItem\",\"position\":3,\"name\":\"VIBROMASSEUR RECHARGEABLE MINI RIBBED PEACHY!\"}]},{\"@type\":\"WebSite\",\"@id\":\"https:\/\/sexshop.cm\/#website\",\"url\":\"https:\/\/sexshop.cm\/\",\"name\":\"H\u00e9donia\",\"description\":\"SexShop en ligne - Boutique de sextoys et objets coquins en ligne au Cameroun\",\"publisher\":{\"@id\":\"https:\/\/sexshop.cm\/#organization\"},\"potentialAction\":[{\"@type\":\"SearchAction\",\"target\":{\"@type\":\"EntryPoint\",\"urlTemplate\":\"https:\/\/sexshop.cm\/?s={search_term_string}\"},\"query-input\":\"required name=search_term_string\"}],\"inLanguage\":\"en-US\"},{\"@type\":\"Organization\",\"@id\":\"https:\/\/sexshop.cm\/#organization\",\"name\":\"H\u00e9donia\",\"alternateName\":\"Boutique de Sextoys en ligne au Cameroun\",\"url\":\"https:\/\/sexshop.cm\/\",\"logo\":{\"@type\":\"ImageObject\",\"inLanguage\":\"en-US\",\"@id\":\"https:\/\/sexshop.cm\/#\/schema\/logo\/image\/\",\"url\":\"https:\/\/sexshop.cm\/wp-content\/uploads\/2022\/10\/logo-680-hedonia.png.200x100_q85_background-f8f9fa.png\",\"contentUrl\":\"https:\/\/sexshop.cm\/wp-content\/uploads\/2022\/10\/logo-680-hedonia.png.200x100_q85_background-f8f9fa.png\",\"width\":2222,\"height\":534,\"caption\":\"H\u00e9donia\"},\"image\":{\"@id\":\"https:\/\/sexshop.cm\/#\/schema\/logo\/image\/\"}}]}<\/script>\n<meta property=\"product:price:amount\" content=\"38000\" \/>\n<meta property=\"product:price:currency\" content=\"XAF\" \/>\n<meta property=\"og:availability\" content=\"out of stock\" \/>\n<meta property=\"product:availability\" content=\"out of stock\" \/>\n<meta property=\"product:condition\" content=\"new\" \/>\n<!-- \/ Yoast SEO Premium plugin. -->","yoast_head_json":{"title":"- Achetez et Commandez Discr\u00e8tement vos VIBROMASSEUR RECHARGEABLE MINI RIBBED PEACHY! au Cameroun -","description":"Commandez vos meilleurs VIBROMASSEUR RECHARGEABLE MINI RIBBED PEACHY! \u00e0 bons prix partout au Cameroun et faites vous livrer discr\u00e8tement, sur H\u00e9donia, le meilleur site de vente en ligne de sextoys au Cameroun. - Whatsapp: +237 672588687","robots":{"index":"index","follow":"follow","max-snippet":"max-snippet:-1","max-image-preview":"max-image-preview:large","max-video-preview":"max-video-preview:-1"},"canonical":"https:\/\/sexshop.cm\/produit\/vibromasseur-rechargeable-mini-ribbed-peachy\/","og_locale":"en_US","og_type":"article","og_title":"VIBROMASSEUR RECHARGEABLE MINI RIBBED PEACHY!","og_description":"VIBROMASSEUR RECHARGEABLE MINI RIBBED PEACHY! - H\u00e9donia","og_url":"https:\/\/sexshop.cm\/produit\/vibromasseur-rechargeable-mini-ribbed-peachy\/","og_site_name":"H\u00e9donia","article_modified_time":"2023-04-09T22:24:05+00:00","og_image":[{"width":800,"height":800,"url":"http:\/\/sexshop.cm\/wp-content\/uploads\/2022\/09\/you-2-toys-vibromasseur-mini-ribbed-peachy-2.jpg","type":"image\/jpeg"}],"twitter_card":"summary_large_image","twitter_misc":{"Price":"38000&nbsp;CFA","Availability":"Out of stock"},"schema":{"@context":"https:\/\/schema.org","@graph":[{"@type":"WebPage","@id":"https:\/\/sexshop.cm\/produit\/vibromasseur-rechargeable-mini-ribbed-peachy\/","url":"https:\/\/sexshop.cm\/produit\/vibromasseur-rechargeable-mini-ribbed-peachy\/","name":"- Achetez et Commandez Discr\u00e8tement vos VIBROMASSEUR RECHARGEABLE MINI RIBBED PEACHY! au Cameroun -","isPartOf":{"@id":"https:\/\/sexshop.cm\/#website"},"datePublished":"2022-09-21T11:25:19+00:00","dateModified":"2023-04-09T22:24:05+00:00","description":"Commandez vos meilleurs VIBROMASSEUR RECHARGEABLE MINI RIBBED PEACHY! \u00e0 bons prix partout au Cameroun et faites vous livrer discr\u00e8tement, sur H\u00e9donia, le meilleur site de vente en ligne de sextoys au Cameroun. - Whatsapp: +237 672588687","breadcrumb":{"@id":"https:\/\/sexshop.cm\/produit\/vibromasseur-rechargeable-mini-ribbed-peachy\/#breadcrumb"},"inLanguage":"en-US","potentialAction":[{"@type":"ReadAction","target":["https:\/\/sexshop.cm\/produit\/vibromasseur-rechargeable-mini-ribbed-peachy\/"]}]},{"@type":"BreadcrumbList","@id":"https:\/\/sexshop.cm\/produit\/vibromasseur-rechargeable-mini-ribbed-peachy\/#breadcrumb","itemListElement":[{"@type":"ListItem","position":1,"name":"Accueil","item":"https:\/\/sexshop.cm\/en\/online-sexshop-in-cameroon\/"},{"@type":"ListItem","position":2,"name":"Shop","item":"https:\/\/sexshop.cm\/shop\/"},{"@type":"ListItem","position":3,"name":"VIBROMASSEUR RECHARGEABLE MINI RIBBED PEACHY!"}]},{"@type":"WebSite","@id":"https:\/\/sexshop.cm\/#website","url":"https:\/\/sexshop.cm\/","name":"H\u00e9donia","description":"SexShop en ligne - Boutique de sextoys et objets coquins en ligne au Cameroun","publisher":{"@id":"https:\/\/sexshop.cm\/#organization"},"potentialAction":[{"@type":"SearchAction","target":{"@type":"EntryPoint","urlTemplate":"https:\/\/sexshop.cm\/?s={search_term_string}"},"query-input":"required name=search_term_string"}],"inLanguage":"en-US"},{"@type":"Organization","@id":"https:\/\/sexshop.cm\/#organization","name":"H\u00e9donia","alternateName":"Boutique de Sextoys en ligne au Cameroun","url":"https:\/\/sexshop.cm\/","logo":{"@type":"ImageObject","inLanguage":"en-US","@id":"https:\/\/sexshop.cm\/#\/schema\/logo\/image\/","url":"https:\/\/sexshop.cm\/wp-content\/uploads\/2022\/10\/logo-680-hedonia.png.200x100_q85_background-f8f9fa.png","contentUrl":"https:\/\/sexshop.cm\/wp-content\/uploads\/2022\/10\/logo-680-hedonia.png.200x100_q85_background-f8f9fa.png","width":2222,"height":534,"caption":"H\u00e9donia"},"image":{"@id":"https:\/\/sexshop.cm\/#\/schema\/logo\/image\/"}}]},"product_price_amount":"38000","product_price_currency":"XAF","og_availability":"out of stock","product_availability":"out of stock","product_condition":"new"},"_links":{"self":[{"href":"https:\/\/sexshop.cm\/en\/wp-json\/wp\/v2\/product\/5888"}],"collection":[{"href":"https:\/\/sexshop.cm\/en\/wp-json\/wp\/v2\/product"}],"about":[{"href":"https:\/\/sexshop.cm\/en\/wp-json\/wp\/v2\/types\/product"}],"replies":[{"embeddable":true,"href":"https:\/\/sexshop.cm\/en\/wp-json\/wp\/v2\/comments?post=5888"}],"wp:featuredmedia":[{"embeddable":true,"href":"https:\/\/sexshop.cm\/en\/wp-json\/wp\/v2\/media\/5889"}],"wp:attachment":[{"href":"https:\/\/sexshop.cm\/en\/wp-json\/wp\/v2\/media?parent=5888"}],"wp:term":[{"taxonomy":"brand","embeddable":true,"href":"https:\/\/sexshop.cm\/en\/wp-json\/wp\/v2\/etheme_brands?post=5888"},{"taxonomy":"product_cat","embeddable":true,"href":"https:\/\/sexshop.cm\/en\/wp-json\/wp\/v2\/product_cat?post=5888"},{"taxonomy":"product_tag","embeddable":true,"href":"https:\/\/sexshop.cm\/en\/wp-json\/wp\/v2\/product_tag?post=5888"}],"curies":[{"name":"wp","href":"https:\/\/api.w.org\/{rel}","templated":true}]}}