{"id":5955,"date":"2022-09-28T13:49:20","date_gmt":"2022-09-28T11:49:20","guid":{"rendered":"https:\/\/sexshop.cm\/?post_type=product&#038;p=5955"},"modified":"2023-04-09T23:24:05","modified_gmt":"2023-04-09T22:24:05","slug":"double-gode-vaginal-et-anal","status":"publish","type":"product","link":"https:\/\/sexshop.cm\/en\/produit\/double-gode-vaginal-et-anal\/","title":{"rendered":"Double gode vaginal et anal"},"content":{"rendered":"<p>Profitez seul ou \u00e0 deux gr\u00e2ce \u00e0 ce double gode vaginal et anal. Sa forme de U lui permet de s&#8217;introduire ais\u00e9ment dans les orifices des utilisateurs et sa mati\u00e8re l\u00e9g\u00e8rement rigide lui permet de garder sa forme et sa posture pour vous p\u00e9n\u00e9trer sans s&#8217;affaisser. Il reste totalement flexible, s&#8217;adaptant parfaitement \u00e0 votre corps ou \u00e0 une utilisation \u00e0 deux. Son design violet translucide et ses nombreuses utilisations le rendent original et tr\u00e8s excitant. Long de 29 cm, ses deux extr\u00e9mit\u00e9s ont un diam\u00e8tre diff\u00e9rent, mesurant 3,3 cm et 2,3 cm.<\/p>\n<p>2 produits sont indispensables \u00e0 une bonne s\u00e9ance coquine : le nettoyant et le lubrifiant. Utilisez le nettoyant avant et apr\u00e8s et lubrifiez-le pour une introduction d\u00e9licate et agr\u00e9able.<\/p>\n<p>&nbsp;<\/p>\n","protected":false},"excerpt":{"rendered":"<p>Profitez seul ou \u00e0 deux gr\u00e2ce \u00e0 ce double gode vaginal et anal. Sa forme de U lui permet de s&#8217;introduire ais\u00e9ment dans les orifices des utilisateurs et sa mati\u00e8re l\u00e9g\u00e8rement rigide lui permet de garder sa forme et sa posture pour vous p\u00e9n\u00e9trer sans s&#8217;affaisser. Il reste totalement flexible, s&#8217;adaptant parfaitement \u00e0 votre corps ou \u00e0 une utilisation \u00e0 deux. Son design violet translucide et ses nombreuses utilisations le rendent original et tr\u00e8s excitant. Long de 29 cm, ses deux extr\u00e9mit\u00e9s ont un diam\u00e8tre diff\u00e9rent, mesurant 3,3 cm et 2,3 cm.<\/p>\n<p>&nbsp;<\/p>\n","protected":false},"featured_media":5956,"comment_status":"open","ping_status":"closed","template":"","meta":{"_joinchat":[]},"etheme_brands":[],"product_cat":[65,50],"product_tag":[],"yoast_head":"<!-- This site is optimized with the Yoast SEO Premium plugin v19.3 (Yoast SEO v21.5) - https:\/\/yoast.com\/wordpress\/plugins\/seo\/ -->\n<title>- Achetez et Commandez Discr\u00e8tement vos Double gode vaginal et anal au Cameroun -<\/title>\n<meta name=\"description\" content=\"Commandez vos meilleurs Double gode vaginal et anal \u00e0 bons prix partout au Cameroun et faites vous livrer discr\u00e8tement, sur H\u00e9donia, le meilleur site de vente en ligne de sextoys au Cameroun. - Whatsapp: +237 672588687\" \/>\n<meta name=\"robots\" content=\"index, follow, max-snippet:-1, max-image-preview:large, max-video-preview:-1\" \/>\n<link rel=\"canonical\" href=\"https:\/\/sexshop.cm\/produit\/double-gode-vaginal-et-anal\/\" \/>\n<meta property=\"og:locale\" content=\"en_US\" \/>\n<meta property=\"og:type\" content=\"article\" \/>\n<meta property=\"og:title\" content=\"Double gode vaginal et anal\" \/>\n<meta property=\"og:description\" content=\"Double gode vaginal et anal - H\u00e9donia\" \/>\n<meta property=\"og:url\" content=\"https:\/\/sexshop.cm\/produit\/double-gode-vaginal-et-anal\/\" \/>\n<meta property=\"og:site_name\" content=\"H\u00e9donia\" \/>\n<meta property=\"article:modified_time\" content=\"2023-04-09T22:24:05+00:00\" \/>\n<meta property=\"og:image\" content=\"http:\/\/sexshop.cm\/wp-content\/uploads\/2022\/09\/double-gode-vaginal-et-anal-4.png\" \/>\n\t<meta property=\"og:image:width\" content=\"490\" \/>\n\t<meta property=\"og:image:height\" content=\"551\" \/>\n\t<meta property=\"og:image:type\" content=\"image\/png\" \/>\n<meta name=\"twitter:card\" content=\"summary_large_image\" \/>\n<meta name=\"twitter:label1\" content=\"Price\" \/>\n\t<meta name=\"twitter:data1\" content=\"32000&nbsp;CFA\" \/>\n\t<meta name=\"twitter:label2\" content=\"Availability\" \/>\n\t<meta name=\"twitter:data2\" content=\"Out of stock\" \/>\n<script type=\"application\/ld+json\" class=\"yoast-schema-graph\">{\"@context\":\"https:\/\/schema.org\",\"@graph\":[{\"@type\":\"WebPage\",\"@id\":\"https:\/\/sexshop.cm\/produit\/double-gode-vaginal-et-anal\/\",\"url\":\"https:\/\/sexshop.cm\/produit\/double-gode-vaginal-et-anal\/\",\"name\":\"- Achetez et Commandez Discr\u00e8tement vos Double gode vaginal et anal au Cameroun -\",\"isPartOf\":{\"@id\":\"https:\/\/sexshop.cm\/#website\"},\"datePublished\":\"2022-09-28T11:49:20+00:00\",\"dateModified\":\"2023-04-09T22:24:05+00:00\",\"description\":\"Commandez vos meilleurs Double gode vaginal et anal \u00e0 bons prix partout au Cameroun et faites vous livrer discr\u00e8tement, sur H\u00e9donia, le meilleur site de vente en ligne de sextoys au Cameroun. - Whatsapp: +237 672588687\",\"breadcrumb\":{\"@id\":\"https:\/\/sexshop.cm\/produit\/double-gode-vaginal-et-anal\/#breadcrumb\"},\"inLanguage\":\"en-US\",\"potentialAction\":[{\"@type\":\"ReadAction\",\"target\":[\"https:\/\/sexshop.cm\/produit\/double-gode-vaginal-et-anal\/\"]}]},{\"@type\":\"BreadcrumbList\",\"@id\":\"https:\/\/sexshop.cm\/produit\/double-gode-vaginal-et-anal\/#breadcrumb\",\"itemListElement\":[{\"@type\":\"ListItem\",\"position\":1,\"name\":\"Accueil\",\"item\":\"https:\/\/sexshop.cm\/en\/online-sexshop-in-cameroon\/\"},{\"@type\":\"ListItem\",\"position\":2,\"name\":\"Shop\",\"item\":\"https:\/\/sexshop.cm\/shop\/\"},{\"@type\":\"ListItem\",\"position\":3,\"name\":\"Double gode vaginal et anal\"}]},{\"@type\":\"WebSite\",\"@id\":\"https:\/\/sexshop.cm\/#website\",\"url\":\"https:\/\/sexshop.cm\/\",\"name\":\"H\u00e9donia\",\"description\":\"SexShop en ligne - Boutique de sextoys et objets coquins en ligne au Cameroun\",\"publisher\":{\"@id\":\"https:\/\/sexshop.cm\/#organization\"},\"potentialAction\":[{\"@type\":\"SearchAction\",\"target\":{\"@type\":\"EntryPoint\",\"urlTemplate\":\"https:\/\/sexshop.cm\/?s={search_term_string}\"},\"query-input\":\"required name=search_term_string\"}],\"inLanguage\":\"en-US\"},{\"@type\":\"Organization\",\"@id\":\"https:\/\/sexshop.cm\/#organization\",\"name\":\"H\u00e9donia\",\"alternateName\":\"Boutique de Sextoys en ligne au Cameroun\",\"url\":\"https:\/\/sexshop.cm\/\",\"logo\":{\"@type\":\"ImageObject\",\"inLanguage\":\"en-US\",\"@id\":\"https:\/\/sexshop.cm\/#\/schema\/logo\/image\/\",\"url\":\"https:\/\/sexshop.cm\/wp-content\/uploads\/2022\/10\/logo-680-hedonia.png.200x100_q85_background-f8f9fa.png\",\"contentUrl\":\"https:\/\/sexshop.cm\/wp-content\/uploads\/2022\/10\/logo-680-hedonia.png.200x100_q85_background-f8f9fa.png\",\"width\":2222,\"height\":534,\"caption\":\"H\u00e9donia\"},\"image\":{\"@id\":\"https:\/\/sexshop.cm\/#\/schema\/logo\/image\/\"}}]}<\/script>\n<meta property=\"product:price:amount\" content=\"32000\" \/>\n<meta property=\"product:price:currency\" content=\"XAF\" \/>\n<meta property=\"og:availability\" content=\"out of stock\" \/>\n<meta property=\"product:availability\" content=\"out of stock\" \/>\n<meta property=\"product:condition\" content=\"new\" \/>\n<!-- \/ Yoast SEO Premium plugin. -->","yoast_head_json":{"title":"- Achetez et Commandez Discr\u00e8tement vos Double gode vaginal et anal au Cameroun -","description":"Commandez vos meilleurs Double gode vaginal et anal \u00e0 bons prix partout au Cameroun et faites vous livrer discr\u00e8tement, sur H\u00e9donia, le meilleur site de vente en ligne de sextoys au Cameroun. - Whatsapp: +237 672588687","robots":{"index":"index","follow":"follow","max-snippet":"max-snippet:-1","max-image-preview":"max-image-preview:large","max-video-preview":"max-video-preview:-1"},"canonical":"https:\/\/sexshop.cm\/produit\/double-gode-vaginal-et-anal\/","og_locale":"en_US","og_type":"article","og_title":"Double gode vaginal et anal","og_description":"Double gode vaginal et anal - H\u00e9donia","og_url":"https:\/\/sexshop.cm\/produit\/double-gode-vaginal-et-anal\/","og_site_name":"H\u00e9donia","article_modified_time":"2023-04-09T22:24:05+00:00","og_image":[{"width":490,"height":551,"url":"http:\/\/sexshop.cm\/wp-content\/uploads\/2022\/09\/double-gode-vaginal-et-anal-4.png","type":"image\/png"}],"twitter_card":"summary_large_image","twitter_misc":{"Price":"32000&nbsp;CFA","Availability":"Out of stock"},"schema":{"@context":"https:\/\/schema.org","@graph":[{"@type":"WebPage","@id":"https:\/\/sexshop.cm\/produit\/double-gode-vaginal-et-anal\/","url":"https:\/\/sexshop.cm\/produit\/double-gode-vaginal-et-anal\/","name":"- Achetez et Commandez Discr\u00e8tement vos Double gode vaginal et anal au Cameroun -","isPartOf":{"@id":"https:\/\/sexshop.cm\/#website"},"datePublished":"2022-09-28T11:49:20+00:00","dateModified":"2023-04-09T22:24:05+00:00","description":"Commandez vos meilleurs Double gode vaginal et anal \u00e0 bons prix partout au Cameroun et faites vous livrer discr\u00e8tement, sur H\u00e9donia, le meilleur site de vente en ligne de sextoys au Cameroun. - Whatsapp: +237 672588687","breadcrumb":{"@id":"https:\/\/sexshop.cm\/produit\/double-gode-vaginal-et-anal\/#breadcrumb"},"inLanguage":"en-US","potentialAction":[{"@type":"ReadAction","target":["https:\/\/sexshop.cm\/produit\/double-gode-vaginal-et-anal\/"]}]},{"@type":"BreadcrumbList","@id":"https:\/\/sexshop.cm\/produit\/double-gode-vaginal-et-anal\/#breadcrumb","itemListElement":[{"@type":"ListItem","position":1,"name":"Accueil","item":"https:\/\/sexshop.cm\/en\/online-sexshop-in-cameroon\/"},{"@type":"ListItem","position":2,"name":"Shop","item":"https:\/\/sexshop.cm\/shop\/"},{"@type":"ListItem","position":3,"name":"Double gode vaginal et anal"}]},{"@type":"WebSite","@id":"https:\/\/sexshop.cm\/#website","url":"https:\/\/sexshop.cm\/","name":"H\u00e9donia","description":"SexShop en ligne - Boutique de sextoys et objets coquins en ligne au Cameroun","publisher":{"@id":"https:\/\/sexshop.cm\/#organization"},"potentialAction":[{"@type":"SearchAction","target":{"@type":"EntryPoint","urlTemplate":"https:\/\/sexshop.cm\/?s={search_term_string}"},"query-input":"required name=search_term_string"}],"inLanguage":"en-US"},{"@type":"Organization","@id":"https:\/\/sexshop.cm\/#organization","name":"H\u00e9donia","alternateName":"Boutique de Sextoys en ligne au Cameroun","url":"https:\/\/sexshop.cm\/","logo":{"@type":"ImageObject","inLanguage":"en-US","@id":"https:\/\/sexshop.cm\/#\/schema\/logo\/image\/","url":"https:\/\/sexshop.cm\/wp-content\/uploads\/2022\/10\/logo-680-hedonia.png.200x100_q85_background-f8f9fa.png","contentUrl":"https:\/\/sexshop.cm\/wp-content\/uploads\/2022\/10\/logo-680-hedonia.png.200x100_q85_background-f8f9fa.png","width":2222,"height":534,"caption":"H\u00e9donia"},"image":{"@id":"https:\/\/sexshop.cm\/#\/schema\/logo\/image\/"}}]},"product_price_amount":"32000","product_price_currency":"XAF","og_availability":"out of stock","product_availability":"out of stock","product_condition":"new"},"_links":{"self":[{"href":"https:\/\/sexshop.cm\/en\/wp-json\/wp\/v2\/product\/5955"}],"collection":[{"href":"https:\/\/sexshop.cm\/en\/wp-json\/wp\/v2\/product"}],"about":[{"href":"https:\/\/sexshop.cm\/en\/wp-json\/wp\/v2\/types\/product"}],"replies":[{"embeddable":true,"href":"https:\/\/sexshop.cm\/en\/wp-json\/wp\/v2\/comments?post=5955"}],"wp:featuredmedia":[{"embeddable":true,"href":"https:\/\/sexshop.cm\/en\/wp-json\/wp\/v2\/media\/5956"}],"wp:attachment":[{"href":"https:\/\/sexshop.cm\/en\/wp-json\/wp\/v2\/media?parent=5955"}],"wp:term":[{"taxonomy":"brand","embeddable":true,"href":"https:\/\/sexshop.cm\/en\/wp-json\/wp\/v2\/etheme_brands?post=5955"},{"taxonomy":"product_cat","embeddable":true,"href":"https:\/\/sexshop.cm\/en\/wp-json\/wp\/v2\/product_cat?post=5955"},{"taxonomy":"product_tag","embeddable":true,"href":"https:\/\/sexshop.cm\/en\/wp-json\/wp\/v2\/product_tag?post=5955"}],"curies":[{"name":"wp","href":"https:\/\/api.w.org\/{rel}","templated":true}]}}