{"id":6048,"date":"2022-10-03T10:08:01","date_gmt":"2022-10-03T09:08:01","guid":{"rendered":"https:\/\/sexshop.cm\/?post_type=product&#038;p=6048"},"modified":"2025-03-30T19:10:12","modified_gmt":"2025-03-30T18:10:12","slug":"vibromasseur-a-succion-pour-femme-jouet","status":"publish","type":"product","link":"https:\/\/sexshop.cm\/en\/produit\/vibromasseur-a-succion-pour-femme-jouet\/","title":{"rendered":"Vibromasseur \u00e0 succion pour femme"},"content":{"rendered":"<div class=\"detailmodule_html\">\n<div class=\"detail-desc-decorate-richtext\">\n<div class=\"detailmodule_html\">\n<div class=\"detail-desc-decorate-richtext\">\n<div>\n<p>Description du produit:<\/p>\n<p>Mode de fonctionnement: 20 fr\u00e9quences de vibration + 10 fr\u00e9quences d&#8217;aspiration<\/p>\n<p>Caract\u00e9ristiques: succion du Clitoris succion du mamelon vibrateur<\/p>\n<p>Couleur: rose, violet, noir<\/p>\n<p>Produit Mat\u00e9riel: Silicone<\/p>\n<p>Niveau de bruit: &lt;50 db<\/p>\n<p>Chargement:Batterie int\u00e9gr\u00e9e, rechargeable par USB<\/p>\n<p>Liste de paquet:<\/p>\n<p>1 x vibrateur<\/p>\n<p>1 x c\u00e2ble de chargement USB<\/p>\n<\/div>\n<p><img decoding=\"async\" src=\"https:\/\/ae01.alicdn.com\/kf\/HTB12GI8aEvrK1RjSspcq6zzSXXaV.jpg\" \/><\/p>\n<div><\/div>\n<div style=\"font-family: arial, helvetica, sans-serif; font-size: 13px; line-height: inherit; color: #000000; border: 0px; margin: 0px; padding: 0px; box-sizing: content-box;\"><img decoding=\"async\" src=\"https:\/\/ae01.alicdn.com\/kf\/HTB1h7NbaITxK1Rjy0Fgq6yovpXal.jpg\" \/><img decoding=\"async\" src=\"https:\/\/ae01.alicdn.com\/kf\/HTB1dY._aE_rK1Rjy0Fcq6zEvVXae.jpg\" \/><img decoding=\"async\" src=\"https:\/\/ae01.alicdn.com\/kf\/HTB1UXlgaIfrK1Rjy1Xdq6yemFXaq.jpg\" \/><img decoding=\"async\" src=\"https:\/\/ae01.alicdn.com\/kf\/HTB1A.JbaUvrK1RjSszfq6xJNVXaM.jpg\" \/><img decoding=\"async\" src=\"https:\/\/ae01.alicdn.com\/kf\/HTB1JGtjaULrK1Rjy0Fjq6zYXFXa9.jpg\" \/><\/div>\n<div><\/div>\n<div style=\"font-family: arial, helvetica, sans-serif; font-size: 13px; line-height: inherit; color: #000000; border: 0px; margin: 0px; padding: 0px; box-sizing: content-box;\"><img decoding=\"async\" src=\"https:\/\/ae01.alicdn.com\/kf\/HTB1GRk_aynrK1Rjy1Xcq6yeDVXar.jpg\" \/><\/div>\n<div style=\"font-family: arial, helvetica, sans-serif; font-size: 13px; line-height: inherit; color: #000000; border: 0px; margin: 0px; padding: 0px; box-sizing: content-box;\"><\/div>\n<div style=\"font-family: arial, helvetica, sans-serif; font-size: 13px; line-height: inherit; color: #000000; border: 0px; margin: 0px; padding: 0px; box-sizing: content-box;\"><\/div>\n<\/div>\n<\/div>\n<\/div>\n<\/div>\n","protected":false},"excerpt":{"rendered":"<p>Description du produit: Mode de fonctionnement: 20 fr\u00e9quences de vibration + 10 fr\u00e9quences d&#8217;aspiration Caract\u00e9ristiques: succion du Clitoris succion du mamelon vibrateur Couleur: rose, violet, noir Produit Mat\u00e9riel: Silicone Niveau de bruit: &lt;50 db Chargement:Batterie int\u00e9gr\u00e9e, rechargeable par USB Liste de paquet: 1 x vibrateur 1 x c\u00e2ble de chargement USB<\/p>\n","protected":false},"featured_media":6049,"comment_status":"open","ping_status":"closed","template":"","meta":{"_joinchat":[]},"etheme_brands":[],"product_cat":[50,46,60],"product_tag":[],"yoast_head":"<!-- This site is optimized with the Yoast SEO Premium plugin v19.3 (Yoast SEO v21.5) - https:\/\/yoast.com\/wordpress\/plugins\/seo\/ -->\n<title>- Achetez et Commandez Discr\u00e8tement vos Vibromasseur \u00e0 succion pour femme au Cameroun -<\/title>\n<meta name=\"description\" content=\"Commandez vos meilleurs Vibromasseur \u00e0 succion pour femme \u00e0 bons prix partout au Cameroun et faites vous livrer discr\u00e8tement, sur H\u00e9donia, le meilleur site de vente en ligne de sextoys au Cameroun. - Whatsapp: +237 672588687\" \/>\n<meta name=\"robots\" content=\"index, follow, max-snippet:-1, max-image-preview:large, max-video-preview:-1\" \/>\n<link rel=\"canonical\" href=\"https:\/\/sexshop.cm\/produit\/vibromasseur-a-succion-pour-femme-jouet\/\" \/>\n<meta property=\"og:locale\" content=\"en_US\" \/>\n<meta property=\"og:type\" content=\"article\" \/>\n<meta property=\"og:title\" content=\"Vibromasseur \u00e0 succion pour femme\" \/>\n<meta property=\"og:description\" content=\"Vibromasseur \u00e0 succion pour femme - H\u00e9donia\" \/>\n<meta property=\"og:url\" content=\"https:\/\/sexshop.cm\/produit\/vibromasseur-a-succion-pour-femme-jouet\/\" \/>\n<meta property=\"og:site_name\" content=\"H\u00e9donia\" \/>\n<meta property=\"article:modified_time\" content=\"2025-03-30T18:10:12+00:00\" \/>\n<meta property=\"og:image\" content=\"http:\/\/sexshop.cm\/wp-content\/uploads\/2022\/10\/Vibromasseur-succion-pour-femme-jouet-sexuel-rotique-Massage-du-point-G-Clitoris-stimulateur-succion-du-mamelon.jpg\" \/>\n\t<meta property=\"og:image:width\" content=\"1000\" \/>\n\t<meta property=\"og:image:height\" content=\"1000\" \/>\n\t<meta property=\"og:image:type\" content=\"image\/jpeg\" \/>\n<meta name=\"twitter:card\" content=\"summary_large_image\" \/>\n<meta name=\"twitter:label1\" content=\"Price\" \/>\n\t<meta name=\"twitter:data1\" content=\"25000&nbsp;CFA\" \/>\n\t<meta name=\"twitter:label2\" content=\"Availability\" \/>\n\t<meta name=\"twitter:data2\" content=\"In stock\" \/>\n<script type=\"application\/ld+json\" class=\"yoast-schema-graph\">{\"@context\":\"https:\/\/schema.org\",\"@graph\":[{\"@type\":\"WebPage\",\"@id\":\"https:\/\/sexshop.cm\/produit\/vibromasseur-a-succion-pour-femme-jouet\/\",\"url\":\"https:\/\/sexshop.cm\/produit\/vibromasseur-a-succion-pour-femme-jouet\/\",\"name\":\"- Achetez et Commandez Discr\u00e8tement vos Vibromasseur \u00e0 succion pour femme au Cameroun -\",\"isPartOf\":{\"@id\":\"https:\/\/sexshop.cm\/#website\"},\"datePublished\":\"2022-10-03T09:08:01+00:00\",\"dateModified\":\"2025-03-30T18:10:12+00:00\",\"description\":\"Commandez vos meilleurs Vibromasseur \u00e0 succion pour femme \u00e0 bons prix partout au Cameroun et faites vous livrer discr\u00e8tement, sur H\u00e9donia, le meilleur site de vente en ligne de sextoys au Cameroun. - Whatsapp: +237 672588687\",\"breadcrumb\":{\"@id\":\"https:\/\/sexshop.cm\/produit\/vibromasseur-a-succion-pour-femme-jouet\/#breadcrumb\"},\"inLanguage\":\"en-US\",\"potentialAction\":[{\"@type\":\"ReadAction\",\"target\":[\"https:\/\/sexshop.cm\/produit\/vibromasseur-a-succion-pour-femme-jouet\/\"]}]},{\"@type\":\"BreadcrumbList\",\"@id\":\"https:\/\/sexshop.cm\/produit\/vibromasseur-a-succion-pour-femme-jouet\/#breadcrumb\",\"itemListElement\":[{\"@type\":\"ListItem\",\"position\":1,\"name\":\"Accueil\",\"item\":\"https:\/\/sexshop.cm\/en\/online-sexshop-in-cameroon\/\"},{\"@type\":\"ListItem\",\"position\":2,\"name\":\"Shop\",\"item\":\"https:\/\/sexshop.cm\/shop\/\"},{\"@type\":\"ListItem\",\"position\":3,\"name\":\"Vibromasseur \u00e0 succion pour femme\"}]},{\"@type\":\"WebSite\",\"@id\":\"https:\/\/sexshop.cm\/#website\",\"url\":\"https:\/\/sexshop.cm\/\",\"name\":\"H\u00e9donia\",\"description\":\"SexShop en ligne - Boutique de sextoys et objets coquins en ligne au Cameroun\",\"publisher\":{\"@id\":\"https:\/\/sexshop.cm\/#organization\"},\"potentialAction\":[{\"@type\":\"SearchAction\",\"target\":{\"@type\":\"EntryPoint\",\"urlTemplate\":\"https:\/\/sexshop.cm\/?s={search_term_string}\"},\"query-input\":\"required name=search_term_string\"}],\"inLanguage\":\"en-US\"},{\"@type\":\"Organization\",\"@id\":\"https:\/\/sexshop.cm\/#organization\",\"name\":\"H\u00e9donia\",\"alternateName\":\"Boutique de Sextoys en ligne au Cameroun\",\"url\":\"https:\/\/sexshop.cm\/\",\"logo\":{\"@type\":\"ImageObject\",\"inLanguage\":\"en-US\",\"@id\":\"https:\/\/sexshop.cm\/#\/schema\/logo\/image\/\",\"url\":\"https:\/\/sexshop.cm\/wp-content\/uploads\/2022\/10\/logo-680-hedonia.png.200x100_q85_background-f8f9fa.png\",\"contentUrl\":\"https:\/\/sexshop.cm\/wp-content\/uploads\/2022\/10\/logo-680-hedonia.png.200x100_q85_background-f8f9fa.png\",\"width\":2222,\"height\":534,\"caption\":\"H\u00e9donia\"},\"image\":{\"@id\":\"https:\/\/sexshop.cm\/#\/schema\/logo\/image\/\"}}]}<\/script>\n<meta property=\"product:price:amount\" content=\"25000\" \/>\n<meta property=\"product:price:currency\" content=\"XAF\" \/>\n<meta property=\"og:availability\" content=\"instock\" \/>\n<meta property=\"product:availability\" content=\"instock\" \/>\n<meta property=\"product:retailer_item_id\" content=\"32966625934\" \/>\n<meta property=\"product:condition\" content=\"new\" \/>\n<!-- \/ Yoast SEO Premium plugin. -->","yoast_head_json":{"title":"- Achetez et Commandez Discr\u00e8tement vos Vibromasseur \u00e0 succion pour femme au Cameroun -","description":"Commandez vos meilleurs Vibromasseur \u00e0 succion pour femme \u00e0 bons prix partout au Cameroun et faites vous livrer discr\u00e8tement, sur H\u00e9donia, le meilleur site de vente en ligne de sextoys au Cameroun. - Whatsapp: +237 672588687","robots":{"index":"index","follow":"follow","max-snippet":"max-snippet:-1","max-image-preview":"max-image-preview:large","max-video-preview":"max-video-preview:-1"},"canonical":"https:\/\/sexshop.cm\/produit\/vibromasseur-a-succion-pour-femme-jouet\/","og_locale":"en_US","og_type":"article","og_title":"Vibromasseur \u00e0 succion pour femme","og_description":"Vibromasseur \u00e0 succion pour femme - H\u00e9donia","og_url":"https:\/\/sexshop.cm\/produit\/vibromasseur-a-succion-pour-femme-jouet\/","og_site_name":"H\u00e9donia","article_modified_time":"2025-03-30T18:10:12+00:00","og_image":[{"width":1000,"height":1000,"url":"http:\/\/sexshop.cm\/wp-content\/uploads\/2022\/10\/Vibromasseur-succion-pour-femme-jouet-sexuel-rotique-Massage-du-point-G-Clitoris-stimulateur-succion-du-mamelon.jpg","type":"image\/jpeg"}],"twitter_card":"summary_large_image","twitter_misc":{"Price":"25000&nbsp;CFA","Availability":"In stock"},"schema":{"@context":"https:\/\/schema.org","@graph":[{"@type":"WebPage","@id":"https:\/\/sexshop.cm\/produit\/vibromasseur-a-succion-pour-femme-jouet\/","url":"https:\/\/sexshop.cm\/produit\/vibromasseur-a-succion-pour-femme-jouet\/","name":"- Achetez et Commandez Discr\u00e8tement vos Vibromasseur \u00e0 succion pour femme au Cameroun -","isPartOf":{"@id":"https:\/\/sexshop.cm\/#website"},"datePublished":"2022-10-03T09:08:01+00:00","dateModified":"2025-03-30T18:10:12+00:00","description":"Commandez vos meilleurs Vibromasseur \u00e0 succion pour femme \u00e0 bons prix partout au Cameroun et faites vous livrer discr\u00e8tement, sur H\u00e9donia, le meilleur site de vente en ligne de sextoys au Cameroun. - Whatsapp: +237 672588687","breadcrumb":{"@id":"https:\/\/sexshop.cm\/produit\/vibromasseur-a-succion-pour-femme-jouet\/#breadcrumb"},"inLanguage":"en-US","potentialAction":[{"@type":"ReadAction","target":["https:\/\/sexshop.cm\/produit\/vibromasseur-a-succion-pour-femme-jouet\/"]}]},{"@type":"BreadcrumbList","@id":"https:\/\/sexshop.cm\/produit\/vibromasseur-a-succion-pour-femme-jouet\/#breadcrumb","itemListElement":[{"@type":"ListItem","position":1,"name":"Accueil","item":"https:\/\/sexshop.cm\/en\/online-sexshop-in-cameroon\/"},{"@type":"ListItem","position":2,"name":"Shop","item":"https:\/\/sexshop.cm\/shop\/"},{"@type":"ListItem","position":3,"name":"Vibromasseur \u00e0 succion pour femme"}]},{"@type":"WebSite","@id":"https:\/\/sexshop.cm\/#website","url":"https:\/\/sexshop.cm\/","name":"H\u00e9donia","description":"SexShop en ligne - Boutique de sextoys et objets coquins en ligne au Cameroun","publisher":{"@id":"https:\/\/sexshop.cm\/#organization"},"potentialAction":[{"@type":"SearchAction","target":{"@type":"EntryPoint","urlTemplate":"https:\/\/sexshop.cm\/?s={search_term_string}"},"query-input":"required name=search_term_string"}],"inLanguage":"en-US"},{"@type":"Organization","@id":"https:\/\/sexshop.cm\/#organization","name":"H\u00e9donia","alternateName":"Boutique de Sextoys en ligne au Cameroun","url":"https:\/\/sexshop.cm\/","logo":{"@type":"ImageObject","inLanguage":"en-US","@id":"https:\/\/sexshop.cm\/#\/schema\/logo\/image\/","url":"https:\/\/sexshop.cm\/wp-content\/uploads\/2022\/10\/logo-680-hedonia.png.200x100_q85_background-f8f9fa.png","contentUrl":"https:\/\/sexshop.cm\/wp-content\/uploads\/2022\/10\/logo-680-hedonia.png.200x100_q85_background-f8f9fa.png","width":2222,"height":534,"caption":"H\u00e9donia"},"image":{"@id":"https:\/\/sexshop.cm\/#\/schema\/logo\/image\/"}}]},"product_price_amount":"25000","product_price_currency":"XAF","og_availability":"instock","product_availability":"instock","product_retailer_item_id":"32966625934","product_condition":"new"},"_links":{"self":[{"href":"https:\/\/sexshop.cm\/en\/wp-json\/wp\/v2\/product\/6048"}],"collection":[{"href":"https:\/\/sexshop.cm\/en\/wp-json\/wp\/v2\/product"}],"about":[{"href":"https:\/\/sexshop.cm\/en\/wp-json\/wp\/v2\/types\/product"}],"replies":[{"embeddable":true,"href":"https:\/\/sexshop.cm\/en\/wp-json\/wp\/v2\/comments?post=6048"}],"wp:featuredmedia":[{"embeddable":true,"href":"https:\/\/sexshop.cm\/en\/wp-json\/wp\/v2\/media\/6049"}],"wp:attachment":[{"href":"https:\/\/sexshop.cm\/en\/wp-json\/wp\/v2\/media?parent=6048"}],"wp:term":[{"taxonomy":"brand","embeddable":true,"href":"https:\/\/sexshop.cm\/en\/wp-json\/wp\/v2\/etheme_brands?post=6048"},{"taxonomy":"product_cat","embeddable":true,"href":"https:\/\/sexshop.cm\/en\/wp-json\/wp\/v2\/product_cat?post=6048"},{"taxonomy":"product_tag","embeddable":true,"href":"https:\/\/sexshop.cm\/en\/wp-json\/wp\/v2\/product_tag?post=6048"}],"curies":[{"name":"wp","href":"https:\/\/api.w.org\/{rel}","templated":true}]}}