{"id":6084,"date":"2022-10-03T10:54:06","date_gmt":"2022-10-03T09:54:06","guid":{"rendered":"https:\/\/sexshop.cm\/produit\/godemiche-vibrateur-av-puissant-pour-femmes-baguette-magique-10-modes-stimulateur-de-clitoris-point-g-masseur-vaginal-jouets-sexuels-pour-adultes\/"},"modified":"2023-01-07T15:28:21","modified_gmt":"2023-01-07T14:28:21","slug":"godemiche-vibrateur-av-puissant-pour-femmes","status":"publish","type":"product","link":"https:\/\/sexshop.cm\/en\/produit\/godemiche-vibrateur-av-puissant-pour-femmes\/","title":{"rendered":"Godemich\u00e9 vibrateur AV puissant pour femmes"},"content":{"rendered":"<div class=\"detailmodule_html\">\n<div class=\"detail-desc-decorate-richtext\">\n<p><a class=\"\" href=\"https:\/\/www.aliexpress.com\/item\/1005004446073187.html?spm=a2g0o.store_pc_newArrival.8148356.5.2c7f4c2fVvkExK&amp;pdp_npi=2%40dis%21USD%21US%20%2424.18%21US%20%2416.20%21%21%21%21%21%402105267916566468276367714ee897%2112000029206876157%21sh&amp;gatewayAdapt=4itemAdapt\" target=\"_self\" rel=\"noopener\"><img decoding=\"async\" src=\"https:\/\/ae01.alicdn.com\/kf\/Sa0297cfe776f45e2afee2c6843ed080aU.jpg\" width=\"900\" height=\"500\" \/><\/a><\/p>\n<p><span style=\"background-color: #7b64ff; color: #ffffff; font-size: 28px; font-family: arial, helvetica, sans-serif;\"><strong>Trois couleurs: blanc, noir, rouge<\/strong><\/span><\/p>\n<p><img decoding=\"async\" src=\"https:\/\/ae01.alicdn.com\/kf\/S5fa97d74215342c8ab8044493aa1ac54V.jpg\" \/><\/p>\n<p><span style=\"background-color: #7b64ff; color: #ffffff; font-size: 28px; font-family: arial, helvetica, sans-serif;\"><strong>Massage clitoridien, forte vibration de la t\u00eate<\/strong><\/span><\/p>\n<p><img decoding=\"async\" src=\"https:\/\/ae01.alicdn.com\/kf\/S176fc7ae9bd843b48ecfd2ea8b2bdeb25.gif\" \/><\/p>\n<p><img decoding=\"async\" src=\"https:\/\/ae01.alicdn.com\/kf\/S84252746dcce451cbcd9f27fb77b00baZ.gif\" \/><img decoding=\"async\" src=\"https:\/\/ae01.alicdn.com\/kf\/Sd09957876dbe4f228c0d8272437454f7B.gif\" \/><img decoding=\"async\" src=\"https:\/\/ae01.alicdn.com\/kf\/Se80f0743b88643d79ccc483a8d5c954a1.gif\" \/><\/p>\n<p><img decoding=\"async\" src=\"https:\/\/ae01.alicdn.com\/kf\/Seedbb291fa9842d4b416ba2c68c0369bZ.gif\" \/><\/p>\n<p><span style=\"background-color: #7b64ff; color: #ffffff; font-size: 28px;\"><strong>10 modes, double vibration de moteur,<\/strong><\/span><\/p>\n<p><span style=\"background-color: #7b64ff; color: #ffffff; font-size: 28px;\"><strong>De faible \u00e0 fort, veuillez r\u00e9pondre \u00e0 vos besoins<\/strong><\/span><\/p>\n<p><img decoding=\"async\" src=\"https:\/\/ae01.alicdn.com\/kf\/S6b8a961ef211484d9ed2d6ccf6fe6a45G.jpg\" \/><\/p>\n<p><img decoding=\"async\" src=\"https:\/\/ae01.alicdn.com\/kf\/S3e40e754fb6840b2aed02baba2b425856.jpg\" \/><\/p>\n<p><strong><span style=\"background-color: #7b64ff; color: #ffffff; font-size: 28px;\">Silicone s\u00fbr, pas d&#8217;odeur, respectueux de la peau, veuillez l&#8217;utiliser en toute confiance<\/span><\/strong><\/p>\n<p><img decoding=\"async\" src=\"https:\/\/ae01.alicdn.com\/kf\/S4300a848832c4f97be1f858665d7dfca0.jpg\" \/><\/p>\n<p><strong><span style=\"background-color: #7b64ff; color: #ffffff; font-size: 28px;\">Taille: veuillez lire attentivement la taille avant d&#8217;acheter<\/span><\/strong><\/p>\n<p><img decoding=\"async\" src=\"https:\/\/ae01.alicdn.com\/kf\/Se781525292764a859961ba1f2a543205N.jpg\" \/><\/p>\n<p><span style=\"background-color: #7b64ff; color: #ffffff; font-size: 28px; font-family: arial, helvetica, sans-serif;\">1. Interrupteur (appuyez et maintenez enfonc\u00e9 pendant 3-5 secondes pour commuter la machine)<\/span><\/p>\n<p><span style=\"background-color: #7b64ff; color: #ffffff; font-size: 28px; font-family: arial, helvetica, sans-serif;\">2. vibration de la t\u00eate (appuyez bri\u00e8vement pour changer de mode)<\/span><\/p>\n<p><span style=\"background-color: #7b64ff; color: #ffffff; font-size: 28px; font-family: arial, helvetica, sans-serif;\">3. vibration de la queue (appuyez bri\u00e8vement pour changer de mode)<\/span><\/p>\n<p><img decoding=\"async\" src=\"https:\/\/ae01.alicdn.com\/kf\/Sd81b9aca79f14d6f9914a1e278a0dc14g.jpg\" \/><\/p>\n<p><span style=\"background-color: #7b64ff; color: #ffffff; font-size: 28px;\"><strong>Chargement USB: vous pouvez utiliser un ordinateur, une batterie d&#8217;alimentation, une prise<\/strong><\/span><\/p>\n<p><span style=\"font-size: 24px;\">Lorsque vous branchez le c\u00e2ble tout le chemin dans le port de charge, si la lumi\u00e8re n&#8217;est pas allum\u00e9e, vous pouvez le retirer un peu.<\/span><\/p>\n<p><img decoding=\"async\" src=\"https:\/\/ae01.alicdn.com\/kf\/Se5da1522f6894707a96276eec0b2cf31s.gif\" \/><\/p>\n<p><img decoding=\"async\" src=\"https:\/\/ae01.alicdn.com\/kf\/Sed170e6f28584045bb7904491f04ec8fS.jpg\" \/><\/p>\n<p><strong><span style=\"background-color: #7b64ff; color: #ffffff; font-size: 28px;\">Vibration silencieuse, utilisation en toute confiance, le son de vibration est moindre<\/span><\/strong><\/p>\n<p><strong><span style=\"background-color: #7b64ff; color: #ffffff; font-size: 28px;\">Que 50DB<\/span><\/strong><\/p>\n<p><img decoding=\"async\" src=\"https:\/\/ae01.alicdn.com\/kf\/Seabfcde18ac94fefb5bb9dba5a3d83a6J.jpg\" \/><\/p>\n<p><span style=\"background-color: #7b64ff; color: #ffffff; font-size: 28px; font-family: arial, helvetica, sans-serif;\"><strong>Vie \u00e9tanche: veuillez rincer apr\u00e8s utilisation, ne pas tremper le produit dans<\/strong><\/span><\/p>\n<p><span style=\"background-color: #7b64ff; color: #ffffff; font-size: 28px; font-family: arial, helvetica, sans-serif;\"><strong>De l&#8217;eau pour nettoyer<\/strong><\/span><\/p>\n<p><img decoding=\"async\" src=\"https:\/\/ae01.alicdn.com\/kf\/Sace97bac834f4db392501d0427197461M.jpg\" \/><\/p>\n<p><strong><span style=\"font-size: 28px;\">Image r\u00e9elle<\/span><\/strong><\/p>\n<p><img decoding=\"async\" src=\"https:\/\/ae01.alicdn.com\/kf\/S94524829ef2e4126ae52f993a49309ebc.jpg\" \/><img decoding=\"async\" src=\"https:\/\/ae01.alicdn.com\/kf\/S35f55462e7a2484e8ba936fcc7c8f905P.jpg\" \/><img decoding=\"async\" src=\"https:\/\/ae01.alicdn.com\/kf\/S95bc21e07194441ebdccbf77671c210fk.jpg\" \/><img decoding=\"async\" src=\"https:\/\/ae01.alicdn.com\/kf\/S54e642bdc71d4b2496defca6bbe0499aW.jpg\" \/><\/p>\n<p><img decoding=\"async\" src=\"https:\/\/ae01.alicdn.com\/kf\/Se1fff85da26344c99a4e5b54e65010bdf.jpg\" \/><\/p>\n<\/div>\n<\/div>\n","protected":false},"excerpt":{"rendered":"<p>Trois couleurs: blanc, noir, rouge Massage clitoridien, forte vibration de la t\u00eate 10 modes, double vibration de moteur, De faible \u00e0 fort, veuillez r\u00e9pondre \u00e0 vos besoins Silicone s\u00fbr, pas d&#8217;odeur, respectueux de la peau, veuillez l&#8217;utiliser en toute confiance Taille: veuillez lire attentivement la taille avant d&#8217;acheter 1. Interrupteur (appuyez et maintenez enfonc\u00e9 pendant 3-5 secondes pour commuter la machine) 2. vibration de la t\u00eate (appuyez bri\u00e8vement pour changer de mode) 3. vibration de la queue (appuyez bri\u00e8vement pour changer de mode) Chargement USB: vous pouvez utiliser un ordinateur, une batterie d&#8217;alimentation, une prise Lorsque vous branchez le c\u00e2ble<\/p>\n","protected":false},"featured_media":6085,"comment_status":"open","ping_status":"closed","template":"","meta":{"_joinchat":[]},"etheme_brands":[],"product_cat":[54,46,58],"product_tag":[],"yoast_head":"<!-- This site is optimized with the Yoast SEO Premium plugin v19.3 (Yoast SEO v21.5) - https:\/\/yoast.com\/wordpress\/plugins\/seo\/ -->\n<title>- Achetez et Commandez Discr\u00e8tement vos Godemich\u00e9 vibrateur AV puissant pour femmes au Cameroun -<\/title>\n<meta name=\"description\" content=\"Commandez vos meilleurs Godemich\u00e9 vibrateur AV puissant pour femmes \u00e0 bons prix partout au Cameroun et faites vous livrer discr\u00e8tement, sur H\u00e9donia, le meilleur site de vente en ligne de sextoys au Cameroun. - Whatsapp: +237 672588687\" \/>\n<meta name=\"robots\" content=\"index, follow, max-snippet:-1, max-image-preview:large, max-video-preview:-1\" \/>\n<link rel=\"canonical\" href=\"https:\/\/sexshop.cm\/produit\/godemiche-vibrateur-av-puissant-pour-femmes\/\" \/>\n<meta property=\"og:locale\" content=\"en_US\" \/>\n<meta property=\"og:type\" content=\"article\" \/>\n<meta property=\"og:title\" content=\"Godemich\u00e9 vibrateur AV puissant pour femmes\" \/>\n<meta property=\"og:description\" content=\"Godemich\u00e9 vibrateur AV puissant pour femmes - H\u00e9donia\" \/>\n<meta property=\"og:url\" content=\"https:\/\/sexshop.cm\/produit\/godemiche-vibrateur-av-puissant-pour-femmes\/\" \/>\n<meta property=\"og:site_name\" content=\"H\u00e9donia\" \/>\n<meta property=\"article:modified_time\" content=\"2023-01-07T14:28:21+00:00\" \/>\n<meta property=\"og:image\" content=\"https:\/\/sexshop.cm\/wp-content\/uploads\/2022\/10\/Godemich-vibrateur-AV-puissant-pour-femmes-baguette-magique-10-Modes-stimulateur-de-Clitoris-point-G-masseur.jpg\" \/>\n\t<meta property=\"og:image:width\" content=\"900\" \/>\n\t<meta property=\"og:image:height\" content=\"900\" \/>\n\t<meta property=\"og:image:type\" content=\"image\/jpeg\" \/>\n<meta name=\"twitter:card\" content=\"summary_large_image\" \/>\n<meta name=\"twitter:label1\" content=\"Availability\" \/>\n\t<meta name=\"twitter:data1\" content=\"Out of stock\" \/>\n<script type=\"application\/ld+json\" class=\"yoast-schema-graph\">{\"@context\":\"https:\/\/schema.org\",\"@graph\":[{\"@type\":\"WebPage\",\"@id\":\"https:\/\/sexshop.cm\/produit\/godemiche-vibrateur-av-puissant-pour-femmes\/\",\"url\":\"https:\/\/sexshop.cm\/produit\/godemiche-vibrateur-av-puissant-pour-femmes\/\",\"name\":\"- Achetez et Commandez Discr\u00e8tement vos Godemich\u00e9 vibrateur AV puissant pour femmes au Cameroun -\",\"isPartOf\":{\"@id\":\"https:\/\/sexshop.cm\/#website\"},\"datePublished\":\"2022-10-03T09:54:06+00:00\",\"dateModified\":\"2023-01-07T14:28:21+00:00\",\"description\":\"Commandez vos meilleurs Godemich\u00e9 vibrateur AV puissant pour femmes \u00e0 bons prix partout au Cameroun et faites vous livrer discr\u00e8tement, sur H\u00e9donia, le meilleur site de vente en ligne de sextoys au Cameroun. - Whatsapp: +237 672588687\",\"breadcrumb\":{\"@id\":\"https:\/\/sexshop.cm\/produit\/godemiche-vibrateur-av-puissant-pour-femmes\/#breadcrumb\"},\"inLanguage\":\"en-US\",\"potentialAction\":[{\"@type\":\"ReadAction\",\"target\":[\"https:\/\/sexshop.cm\/produit\/godemiche-vibrateur-av-puissant-pour-femmes\/\"]}]},{\"@type\":\"BreadcrumbList\",\"@id\":\"https:\/\/sexshop.cm\/produit\/godemiche-vibrateur-av-puissant-pour-femmes\/#breadcrumb\",\"itemListElement\":[{\"@type\":\"ListItem\",\"position\":1,\"name\":\"Accueil\",\"item\":\"https:\/\/sexshop.cm\/en\/online-sexshop-in-cameroon\/\"},{\"@type\":\"ListItem\",\"position\":2,\"name\":\"Shop\",\"item\":\"https:\/\/sexshop.cm\/shop\/\"},{\"@type\":\"ListItem\",\"position\":3,\"name\":\"Godemich\u00e9 vibrateur AV puissant pour femmes\"}]},{\"@type\":\"WebSite\",\"@id\":\"https:\/\/sexshop.cm\/#website\",\"url\":\"https:\/\/sexshop.cm\/\",\"name\":\"H\u00e9donia\",\"description\":\"SexShop en ligne - Boutique de sextoys et objets coquins en ligne au Cameroun\",\"publisher\":{\"@id\":\"https:\/\/sexshop.cm\/#organization\"},\"potentialAction\":[{\"@type\":\"SearchAction\",\"target\":{\"@type\":\"EntryPoint\",\"urlTemplate\":\"https:\/\/sexshop.cm\/?s={search_term_string}\"},\"query-input\":\"required name=search_term_string\"}],\"inLanguage\":\"en-US\"},{\"@type\":\"Organization\",\"@id\":\"https:\/\/sexshop.cm\/#organization\",\"name\":\"H\u00e9donia\",\"alternateName\":\"Boutique de Sextoys en ligne au Cameroun\",\"url\":\"https:\/\/sexshop.cm\/\",\"logo\":{\"@type\":\"ImageObject\",\"inLanguage\":\"en-US\",\"@id\":\"https:\/\/sexshop.cm\/#\/schema\/logo\/image\/\",\"url\":\"https:\/\/sexshop.cm\/wp-content\/uploads\/2022\/10\/logo-680-hedonia.png.200x100_q85_background-f8f9fa.png\",\"contentUrl\":\"https:\/\/sexshop.cm\/wp-content\/uploads\/2022\/10\/logo-680-hedonia.png.200x100_q85_background-f8f9fa.png\",\"width\":2222,\"height\":534,\"caption\":\"H\u00e9donia\"},\"image\":{\"@id\":\"https:\/\/sexshop.cm\/#\/schema\/logo\/image\/\"}}]}<\/script>\n<meta property=\"og:availability\" content=\"out of stock\" \/>\n<meta property=\"product:availability\" content=\"out of stock\" \/>\n<meta property=\"product:retailer_item_id\" content=\"1005004053792954\" \/>\n<meta property=\"product:condition\" content=\"new\" \/>\n<!-- \/ Yoast SEO Premium plugin. -->","yoast_head_json":{"title":"- Achetez et Commandez Discr\u00e8tement vos Godemich\u00e9 vibrateur AV puissant pour femmes au Cameroun -","description":"Commandez vos meilleurs Godemich\u00e9 vibrateur AV puissant pour femmes \u00e0 bons prix partout au Cameroun et faites vous livrer discr\u00e8tement, sur H\u00e9donia, le meilleur site de vente en ligne de sextoys au Cameroun. - Whatsapp: +237 672588687","robots":{"index":"index","follow":"follow","max-snippet":"max-snippet:-1","max-image-preview":"max-image-preview:large","max-video-preview":"max-video-preview:-1"},"canonical":"https:\/\/sexshop.cm\/produit\/godemiche-vibrateur-av-puissant-pour-femmes\/","og_locale":"en_US","og_type":"article","og_title":"Godemich\u00e9 vibrateur AV puissant pour femmes","og_description":"Godemich\u00e9 vibrateur AV puissant pour femmes - H\u00e9donia","og_url":"https:\/\/sexshop.cm\/produit\/godemiche-vibrateur-av-puissant-pour-femmes\/","og_site_name":"H\u00e9donia","article_modified_time":"2023-01-07T14:28:21+00:00","og_image":[{"width":900,"height":900,"url":"https:\/\/sexshop.cm\/wp-content\/uploads\/2022\/10\/Godemich-vibrateur-AV-puissant-pour-femmes-baguette-magique-10-Modes-stimulateur-de-Clitoris-point-G-masseur.jpg","type":"image\/jpeg"}],"twitter_card":"summary_large_image","twitter_misc":{"Availability":"Out of stock"},"schema":{"@context":"https:\/\/schema.org","@graph":[{"@type":"WebPage","@id":"https:\/\/sexshop.cm\/produit\/godemiche-vibrateur-av-puissant-pour-femmes\/","url":"https:\/\/sexshop.cm\/produit\/godemiche-vibrateur-av-puissant-pour-femmes\/","name":"- Achetez et Commandez Discr\u00e8tement vos Godemich\u00e9 vibrateur AV puissant pour femmes au Cameroun -","isPartOf":{"@id":"https:\/\/sexshop.cm\/#website"},"datePublished":"2022-10-03T09:54:06+00:00","dateModified":"2023-01-07T14:28:21+00:00","description":"Commandez vos meilleurs Godemich\u00e9 vibrateur AV puissant pour femmes \u00e0 bons prix partout au Cameroun et faites vous livrer discr\u00e8tement, sur H\u00e9donia, le meilleur site de vente en ligne de sextoys au Cameroun. - Whatsapp: +237 672588687","breadcrumb":{"@id":"https:\/\/sexshop.cm\/produit\/godemiche-vibrateur-av-puissant-pour-femmes\/#breadcrumb"},"inLanguage":"en-US","potentialAction":[{"@type":"ReadAction","target":["https:\/\/sexshop.cm\/produit\/godemiche-vibrateur-av-puissant-pour-femmes\/"]}]},{"@type":"BreadcrumbList","@id":"https:\/\/sexshop.cm\/produit\/godemiche-vibrateur-av-puissant-pour-femmes\/#breadcrumb","itemListElement":[{"@type":"ListItem","position":1,"name":"Accueil","item":"https:\/\/sexshop.cm\/en\/online-sexshop-in-cameroon\/"},{"@type":"ListItem","position":2,"name":"Shop","item":"https:\/\/sexshop.cm\/shop\/"},{"@type":"ListItem","position":3,"name":"Godemich\u00e9 vibrateur AV puissant pour femmes"}]},{"@type":"WebSite","@id":"https:\/\/sexshop.cm\/#website","url":"https:\/\/sexshop.cm\/","name":"H\u00e9donia","description":"SexShop en ligne - Boutique de sextoys et objets coquins en ligne au Cameroun","publisher":{"@id":"https:\/\/sexshop.cm\/#organization"},"potentialAction":[{"@type":"SearchAction","target":{"@type":"EntryPoint","urlTemplate":"https:\/\/sexshop.cm\/?s={search_term_string}"},"query-input":"required name=search_term_string"}],"inLanguage":"en-US"},{"@type":"Organization","@id":"https:\/\/sexshop.cm\/#organization","name":"H\u00e9donia","alternateName":"Boutique de Sextoys en ligne au Cameroun","url":"https:\/\/sexshop.cm\/","logo":{"@type":"ImageObject","inLanguage":"en-US","@id":"https:\/\/sexshop.cm\/#\/schema\/logo\/image\/","url":"https:\/\/sexshop.cm\/wp-content\/uploads\/2022\/10\/logo-680-hedonia.png.200x100_q85_background-f8f9fa.png","contentUrl":"https:\/\/sexshop.cm\/wp-content\/uploads\/2022\/10\/logo-680-hedonia.png.200x100_q85_background-f8f9fa.png","width":2222,"height":534,"caption":"H\u00e9donia"},"image":{"@id":"https:\/\/sexshop.cm\/#\/schema\/logo\/image\/"}}]},"og_availability":"out of stock","product_availability":"out of stock","product_retailer_item_id":"1005004053792954","product_condition":"new"},"_links":{"self":[{"href":"https:\/\/sexshop.cm\/en\/wp-json\/wp\/v2\/product\/6084"}],"collection":[{"href":"https:\/\/sexshop.cm\/en\/wp-json\/wp\/v2\/product"}],"about":[{"href":"https:\/\/sexshop.cm\/en\/wp-json\/wp\/v2\/types\/product"}],"replies":[{"embeddable":true,"href":"https:\/\/sexshop.cm\/en\/wp-json\/wp\/v2\/comments?post=6084"}],"wp:featuredmedia":[{"embeddable":true,"href":"https:\/\/sexshop.cm\/en\/wp-json\/wp\/v2\/media\/6085"}],"wp:attachment":[{"href":"https:\/\/sexshop.cm\/en\/wp-json\/wp\/v2\/media?parent=6084"}],"wp:term":[{"taxonomy":"brand","embeddable":true,"href":"https:\/\/sexshop.cm\/en\/wp-json\/wp\/v2\/etheme_brands?post=6084"},{"taxonomy":"product_cat","embeddable":true,"href":"https:\/\/sexshop.cm\/en\/wp-json\/wp\/v2\/product_cat?post=6084"},{"taxonomy":"product_tag","embeddable":true,"href":"https:\/\/sexshop.cm\/en\/wp-json\/wp\/v2\/product_tag?post=6084"}],"curies":[{"name":"wp","href":"https:\/\/api.w.org\/{rel}","templated":true}]}}