{"id":6114,"date":"2022-10-03T11:04:46","date_gmt":"2022-10-03T10:04:46","guid":{"rendered":"https:\/\/sexshop.cm\/produit\/godemiche-vibrant-sans-fil-avec-commande-bluetooth\/"},"modified":"2023-11-04T14:24:16","modified_gmt":"2023-11-04T13:24:16","slug":"godemiche-vibrant-sans-fil-avec-commande-bluetooth","status":"publish","type":"product","link":"https:\/\/sexshop.cm\/en\/produit\/godemiche-vibrant-sans-fil-avec-commande-bluetooth\/","title":{"rendered":"Godemich\u00e9 Vibrant Sans Fil avec Commande Bluetooth"},"content":{"rendered":"<div class=\"detailmodule_html\">\n<div class=\"detail-desc-decorate-richtext\">\n<div class=\"detailmodule_text-image\">\n<p>Jouets sexuels Bluetooth gode vibrateur pour les femmes sans fil APP t\u00e9l\u00e9commande vibrateur usure vibrant culotte jouets pour Couple Sex Shop<\/p>\n<p>1. App intelligente contr\u00f4l\u00e9e: l&#8217;appareil se connecte \u00e0 l&#8217;application via Bluetooth, et compatible avec iOS et Android.<br \/>\n2. Lecture longue Distance: vous pouvez utiliser l&#8217;application pour passer un appel vid\u00e9o avec votre partenaire depuis n&#8217;importe o\u00f9 avec une connexion internet, partager les contr\u00f4les des jouets avec votre partenaire.<br \/>\n3. Mat\u00e9riaux de premi\u00e8re qualit\u00e9: le vibrateur g-spot est fait de silicone, de latex et de phtalates sans danger. Ce vibromasseur a un gland doux et r\u00e9aliste et assez dur pour une insertion facile.<br \/>\n4. Emballage et apr\u00e8s-vente: nous prot\u00e9geons votre vie priv\u00e9e tr\u00e8s s\u00e9rieusement\u202f! Nos jouets vous seront livr\u00e9s dans un emballage discret.<\/p>\n<\/div>\n<div class=\"detailmodule_image\"><img decoding=\"async\" class=\"detail-desc-decorate-image\" src=\"https:\/\/ae01.alicdn.com\/kf\/Ha4a316f406174d6b9e0d35afebdac141u.jpg\" \/><img decoding=\"async\" class=\"detail-desc-decorate-image\" src=\"https:\/\/ae01.alicdn.com\/kf\/H140a4aec5ae14476a2be98829147cac0S.jpg\" \/><img decoding=\"async\" class=\"detail-desc-decorate-image\" src=\"https:\/\/ae01.alicdn.com\/kf\/Hdf341169cef64e32b9c4a6f2eea9c2aaH.jpg\" \/><img decoding=\"async\" class=\"detail-desc-decorate-image\" style=\"margin-bottom: 10px;\" src=\"https:\/\/ae01.alicdn.com\/kf\/Sb51b48c730d54acc8b6b3e55b14e7b4eM.jpg\" \/><img decoding=\"async\" class=\"detail-desc-decorate-image\" src=\"https:\/\/ae01.alicdn.com\/kf\/H349fb58c1c9749938d04628ce6368cbeE.jpg\" \/><img decoding=\"async\" class=\"detail-desc-decorate-image\" style=\"margin-bottom: 10px;\" src=\"https:\/\/ae01.alicdn.com\/kf\/S712ffafa024e47aab4b1b03db928135cA.jpg\" \/><img decoding=\"async\" class=\"detail-desc-decorate-image\" style=\"margin-bottom: 10px;\" src=\"https:\/\/ae01.alicdn.com\/kf\/S77e1574b986c40b8b2e3545da7ea17d96.jpg\" \/><\/div>\n<div class=\"detailmodule_image\"><img decoding=\"async\" class=\"detail-desc-decorate-image\" style=\"margin-bottom: 10px;\" src=\"https:\/\/ae01.alicdn.com\/kf\/S3c7f658574bc4bf0b982867f1570c63dF.jpg\" \/><img decoding=\"async\" class=\"detail-desc-decorate-image\" style=\"margin-bottom: 10px;\" src=\"https:\/\/ae01.alicdn.com\/kf\/S687a0615e4624781a1b7752d75d727407.jpg\" \/><img decoding=\"async\" class=\"detail-desc-decorate-image\" style=\"margin-bottom: 10px;\" src=\"https:\/\/ae01.alicdn.com\/kf\/Sbf0619fcd1af49e39db0aa039f0bddcc6.jpg\" \/><img decoding=\"async\" class=\"detail-desc-decorate-image\" style=\"margin-bottom: 10px;\" src=\"https:\/\/ae01.alicdn.com\/kf\/Sa6af1404dc374fdea0bc37c714fcddb2P.jpg\" \/><\/div>\n<div class=\"detailmodule_text-image\"><\/div>\n<\/div>\n<\/div>\n","protected":false},"excerpt":{"rendered":"<p>Jouets sexuels Bluetooth gode vibrateur pour les femmes sans fil APP t\u00e9l\u00e9commande vibrateur usure vibrant culotte jouets pour Couple Sex Shop 1. App intelligente contr\u00f4l\u00e9e: l&#8217;appareil se connecte \u00e0 l&#8217;application via Bluetooth, et compatible avec iOS et Android. 2. Lecture longue Distance: vous pouvez utiliser l&#8217;application pour passer un appel vid\u00e9o avec votre partenaire depuis n&#8217;importe o\u00f9 avec une connexion internet, partager les contr\u00f4les des jouets avec votre partenaire. 3. Mat\u00e9riaux de premi\u00e8re qualit\u00e9: le vibrateur g-spot est fait de silicone, de latex et de phtalates sans danger. Ce vibromasseur a un gland doux et r\u00e9aliste et assez dur pour<\/p>\n","protected":false},"featured_media":6123,"comment_status":"open","ping_status":"closed","template":"","meta":{"_joinchat":[]},"etheme_brands":[],"product_cat":[61,50,46],"product_tag":[],"yoast_head":"<!-- This site is optimized with the Yoast SEO Premium plugin v19.3 (Yoast SEO v21.5) - https:\/\/yoast.com\/wordpress\/plugins\/seo\/ -->\n<title>- Achetez et Commandez Discr\u00e8tement vos Godemich\u00e9 Vibrant Sans Fil avec Commande Bluetooth au Cameroun -<\/title>\n<meta name=\"description\" content=\"Commandez vos meilleurs Godemich\u00e9 Vibrant Sans Fil avec Commande Bluetooth \u00e0 bons prix partout au Cameroun et faites vous livrer discr\u00e8tement, sur H\u00e9donia, le meilleur site de vente en ligne de sextoys au Cameroun. - Whatsapp: +237 672588687\" \/>\n<meta name=\"robots\" content=\"index, follow, max-snippet:-1, max-image-preview:large, max-video-preview:-1\" \/>\n<link rel=\"canonical\" href=\"https:\/\/sexshop.cm\/produit\/godemiche-vibrant-sans-fil-avec-commande-bluetooth\/\" \/>\n<meta property=\"og:locale\" content=\"en_US\" \/>\n<meta property=\"og:type\" content=\"article\" \/>\n<meta property=\"og:title\" content=\"Godemich\u00e9 Vibrant Sans Fil avec Commande Bluetooth\" \/>\n<meta property=\"og:description\" content=\"Godemich\u00e9 Vibrant Sans Fil avec Commande Bluetooth - H\u00e9donia\" \/>\n<meta property=\"og:url\" content=\"https:\/\/sexshop.cm\/produit\/godemiche-vibrant-sans-fil-avec-commande-bluetooth\/\" \/>\n<meta property=\"og:site_name\" content=\"H\u00e9donia\" \/>\n<meta property=\"article:modified_time\" content=\"2023-11-04T13:24:16+00:00\" \/>\n<meta property=\"og:image\" content=\"http:\/\/sexshop.cm\/wp-content\/uploads\/2022\/10\/Godemich-Vibrant-Sans-Fil-avec-Commande-Bluetooth-Sextoy-Vibrateur-avec-T-l-commande-via-une-Application.jpg_640x640.jpg\" \/>\n\t<meta property=\"og:image:width\" content=\"640\" \/>\n\t<meta property=\"og:image:height\" content=\"640\" \/>\n\t<meta property=\"og:image:type\" content=\"image\/jpeg\" \/>\n<meta name=\"twitter:card\" content=\"summary_large_image\" \/>\n<meta name=\"twitter:label1\" content=\"Price\" \/>\n\t<meta name=\"twitter:data1\" content=\"35000&nbsp;CFA\" \/>\n\t<meta name=\"twitter:label2\" content=\"Availability\" \/>\n\t<meta name=\"twitter:data2\" content=\"In stock\" \/>\n<script type=\"application\/ld+json\" class=\"yoast-schema-graph\">{\"@context\":\"https:\/\/schema.org\",\"@graph\":[{\"@type\":\"WebPage\",\"@id\":\"https:\/\/sexshop.cm\/produit\/godemiche-vibrant-sans-fil-avec-commande-bluetooth\/\",\"url\":\"https:\/\/sexshop.cm\/produit\/godemiche-vibrant-sans-fil-avec-commande-bluetooth\/\",\"name\":\"- Achetez et Commandez Discr\u00e8tement vos Godemich\u00e9 Vibrant Sans Fil avec Commande Bluetooth au Cameroun -\",\"isPartOf\":{\"@id\":\"https:\/\/sexshop.cm\/#website\"},\"datePublished\":\"2022-10-03T10:04:46+00:00\",\"dateModified\":\"2023-11-04T13:24:16+00:00\",\"description\":\"Commandez vos meilleurs Godemich\u00e9 Vibrant Sans Fil avec Commande Bluetooth \u00e0 bons prix partout au Cameroun et faites vous livrer discr\u00e8tement, sur H\u00e9donia, le meilleur site de vente en ligne de sextoys au Cameroun. - Whatsapp: +237 672588687\",\"breadcrumb\":{\"@id\":\"https:\/\/sexshop.cm\/produit\/godemiche-vibrant-sans-fil-avec-commande-bluetooth\/#breadcrumb\"},\"inLanguage\":\"en-US\",\"potentialAction\":[{\"@type\":\"ReadAction\",\"target\":[\"https:\/\/sexshop.cm\/produit\/godemiche-vibrant-sans-fil-avec-commande-bluetooth\/\"]}]},{\"@type\":\"BreadcrumbList\",\"@id\":\"https:\/\/sexshop.cm\/produit\/godemiche-vibrant-sans-fil-avec-commande-bluetooth\/#breadcrumb\",\"itemListElement\":[{\"@type\":\"ListItem\",\"position\":1,\"name\":\"Accueil\",\"item\":\"https:\/\/sexshop.cm\/en\/online-sexshop-in-cameroon\/\"},{\"@type\":\"ListItem\",\"position\":2,\"name\":\"Shop\",\"item\":\"https:\/\/sexshop.cm\/shop\/\"},{\"@type\":\"ListItem\",\"position\":3,\"name\":\"Godemich\u00e9 Vibrant Sans Fil avec Commande Bluetooth\"}]},{\"@type\":\"WebSite\",\"@id\":\"https:\/\/sexshop.cm\/#website\",\"url\":\"https:\/\/sexshop.cm\/\",\"name\":\"H\u00e9donia\",\"description\":\"SexShop en ligne - Boutique de sextoys et objets coquins en ligne au Cameroun\",\"publisher\":{\"@id\":\"https:\/\/sexshop.cm\/#organization\"},\"potentialAction\":[{\"@type\":\"SearchAction\",\"target\":{\"@type\":\"EntryPoint\",\"urlTemplate\":\"https:\/\/sexshop.cm\/?s={search_term_string}\"},\"query-input\":\"required name=search_term_string\"}],\"inLanguage\":\"en-US\"},{\"@type\":\"Organization\",\"@id\":\"https:\/\/sexshop.cm\/#organization\",\"name\":\"H\u00e9donia\",\"alternateName\":\"Boutique de Sextoys en ligne au Cameroun\",\"url\":\"https:\/\/sexshop.cm\/\",\"logo\":{\"@type\":\"ImageObject\",\"inLanguage\":\"en-US\",\"@id\":\"https:\/\/sexshop.cm\/#\/schema\/logo\/image\/\",\"url\":\"https:\/\/sexshop.cm\/wp-content\/uploads\/2022\/10\/logo-680-hedonia.png.200x100_q85_background-f8f9fa.png\",\"contentUrl\":\"https:\/\/sexshop.cm\/wp-content\/uploads\/2022\/10\/logo-680-hedonia.png.200x100_q85_background-f8f9fa.png\",\"width\":2222,\"height\":534,\"caption\":\"H\u00e9donia\"},\"image\":{\"@id\":\"https:\/\/sexshop.cm\/#\/schema\/logo\/image\/\"}}]}<\/script>\n<meta property=\"product:price:amount\" content=\"35000\" \/>\n<meta property=\"product:price:currency\" content=\"XAF\" \/>\n<meta property=\"og:availability\" content=\"instock\" \/>\n<meta property=\"product:availability\" content=\"instock\" \/>\n<meta property=\"product:retailer_item_id\" content=\"1005001270447464\" \/>\n<meta property=\"product:condition\" content=\"new\" \/>\n<!-- \/ Yoast SEO Premium plugin. -->","yoast_head_json":{"title":"- Achetez et Commandez Discr\u00e8tement vos Godemich\u00e9 Vibrant Sans Fil avec Commande Bluetooth au Cameroun -","description":"Commandez vos meilleurs Godemich\u00e9 Vibrant Sans Fil avec Commande Bluetooth \u00e0 bons prix partout au Cameroun et faites vous livrer discr\u00e8tement, sur H\u00e9donia, le meilleur site de vente en ligne de sextoys au Cameroun. - Whatsapp: +237 672588687","robots":{"index":"index","follow":"follow","max-snippet":"max-snippet:-1","max-image-preview":"max-image-preview:large","max-video-preview":"max-video-preview:-1"},"canonical":"https:\/\/sexshop.cm\/produit\/godemiche-vibrant-sans-fil-avec-commande-bluetooth\/","og_locale":"en_US","og_type":"article","og_title":"Godemich\u00e9 Vibrant Sans Fil avec Commande Bluetooth","og_description":"Godemich\u00e9 Vibrant Sans Fil avec Commande Bluetooth - H\u00e9donia","og_url":"https:\/\/sexshop.cm\/produit\/godemiche-vibrant-sans-fil-avec-commande-bluetooth\/","og_site_name":"H\u00e9donia","article_modified_time":"2023-11-04T13:24:16+00:00","og_image":[{"width":640,"height":640,"url":"http:\/\/sexshop.cm\/wp-content\/uploads\/2022\/10\/Godemich-Vibrant-Sans-Fil-avec-Commande-Bluetooth-Sextoy-Vibrateur-avec-T-l-commande-via-une-Application.jpg_640x640.jpg","type":"image\/jpeg"}],"twitter_card":"summary_large_image","twitter_misc":{"Price":"35000&nbsp;CFA","Availability":"In stock"},"schema":{"@context":"https:\/\/schema.org","@graph":[{"@type":"WebPage","@id":"https:\/\/sexshop.cm\/produit\/godemiche-vibrant-sans-fil-avec-commande-bluetooth\/","url":"https:\/\/sexshop.cm\/produit\/godemiche-vibrant-sans-fil-avec-commande-bluetooth\/","name":"- Achetez et Commandez Discr\u00e8tement vos Godemich\u00e9 Vibrant Sans Fil avec Commande Bluetooth au Cameroun -","isPartOf":{"@id":"https:\/\/sexshop.cm\/#website"},"datePublished":"2022-10-03T10:04:46+00:00","dateModified":"2023-11-04T13:24:16+00:00","description":"Commandez vos meilleurs Godemich\u00e9 Vibrant Sans Fil avec Commande Bluetooth \u00e0 bons prix partout au Cameroun et faites vous livrer discr\u00e8tement, sur H\u00e9donia, le meilleur site de vente en ligne de sextoys au Cameroun. - Whatsapp: +237 672588687","breadcrumb":{"@id":"https:\/\/sexshop.cm\/produit\/godemiche-vibrant-sans-fil-avec-commande-bluetooth\/#breadcrumb"},"inLanguage":"en-US","potentialAction":[{"@type":"ReadAction","target":["https:\/\/sexshop.cm\/produit\/godemiche-vibrant-sans-fil-avec-commande-bluetooth\/"]}]},{"@type":"BreadcrumbList","@id":"https:\/\/sexshop.cm\/produit\/godemiche-vibrant-sans-fil-avec-commande-bluetooth\/#breadcrumb","itemListElement":[{"@type":"ListItem","position":1,"name":"Accueil","item":"https:\/\/sexshop.cm\/en\/online-sexshop-in-cameroon\/"},{"@type":"ListItem","position":2,"name":"Shop","item":"https:\/\/sexshop.cm\/shop\/"},{"@type":"ListItem","position":3,"name":"Godemich\u00e9 Vibrant Sans Fil avec Commande Bluetooth"}]},{"@type":"WebSite","@id":"https:\/\/sexshop.cm\/#website","url":"https:\/\/sexshop.cm\/","name":"H\u00e9donia","description":"SexShop en ligne - Boutique de sextoys et objets coquins en ligne au Cameroun","publisher":{"@id":"https:\/\/sexshop.cm\/#organization"},"potentialAction":[{"@type":"SearchAction","target":{"@type":"EntryPoint","urlTemplate":"https:\/\/sexshop.cm\/?s={search_term_string}"},"query-input":"required name=search_term_string"}],"inLanguage":"en-US"},{"@type":"Organization","@id":"https:\/\/sexshop.cm\/#organization","name":"H\u00e9donia","alternateName":"Boutique de Sextoys en ligne au Cameroun","url":"https:\/\/sexshop.cm\/","logo":{"@type":"ImageObject","inLanguage":"en-US","@id":"https:\/\/sexshop.cm\/#\/schema\/logo\/image\/","url":"https:\/\/sexshop.cm\/wp-content\/uploads\/2022\/10\/logo-680-hedonia.png.200x100_q85_background-f8f9fa.png","contentUrl":"https:\/\/sexshop.cm\/wp-content\/uploads\/2022\/10\/logo-680-hedonia.png.200x100_q85_background-f8f9fa.png","width":2222,"height":534,"caption":"H\u00e9donia"},"image":{"@id":"https:\/\/sexshop.cm\/#\/schema\/logo\/image\/"}}]},"product_price_amount":"35000","product_price_currency":"XAF","og_availability":"instock","product_availability":"instock","product_retailer_item_id":"1005001270447464","product_condition":"new"},"_links":{"self":[{"href":"https:\/\/sexshop.cm\/en\/wp-json\/wp\/v2\/product\/6114"}],"collection":[{"href":"https:\/\/sexshop.cm\/en\/wp-json\/wp\/v2\/product"}],"about":[{"href":"https:\/\/sexshop.cm\/en\/wp-json\/wp\/v2\/types\/product"}],"replies":[{"embeddable":true,"href":"https:\/\/sexshop.cm\/en\/wp-json\/wp\/v2\/comments?post=6114"}],"wp:featuredmedia":[{"embeddable":true,"href":"https:\/\/sexshop.cm\/en\/wp-json\/wp\/v2\/media\/6123"}],"wp:attachment":[{"href":"https:\/\/sexshop.cm\/en\/wp-json\/wp\/v2\/media?parent=6114"}],"wp:term":[{"taxonomy":"brand","embeddable":true,"href":"https:\/\/sexshop.cm\/en\/wp-json\/wp\/v2\/etheme_brands?post=6114"},{"taxonomy":"product_cat","embeddable":true,"href":"https:\/\/sexshop.cm\/en\/wp-json\/wp\/v2\/product_cat?post=6114"},{"taxonomy":"product_tag","embeddable":true,"href":"https:\/\/sexshop.cm\/en\/wp-json\/wp\/v2\/product_tag?post=6114"}],"curies":[{"name":"wp","href":"https:\/\/api.w.org\/{rel}","templated":true}]}}