{"id":6164,"date":"2022-10-03T22:27:48","date_gmt":"2022-10-03T21:27:48","guid":{"rendered":"https:\/\/sexshop.cm\/?post_type=product&#038;p=6164"},"modified":"2025-05-24T14:10:59","modified_gmt":"2025-05-24T13:10:59","slug":"oeuf-vibrant-clitoris-stimulator-vaginal","status":"publish","type":"product","link":"https:\/\/sexshop.cm\/en\/produit\/oeuf-vibrant-clitoris-stimulator-vaginal\/","title":{"rendered":"Oeuf Vibrant Clitoris Stimulator Vaginal"},"content":{"rendered":"<p>Description du produit:<br \/>\n1. Mode: 10 modes<br \/>\n2. Charge: 2 AAA Batteries dans oeuf (parce que de plan safty, Piles Non comprises)<br \/>\n3. Port\u00e9e de la t\u00e9l\u00e9commande: 10 m\u00e8tres<br \/>\n4. Bruit: moins que 50dB<br \/>\n5. Imperm\u00e9able \u00e0 l&#8217;eau: Tous Les Jours \u00e9tanche<br \/>\n6. Nettoyage: Apr\u00e8s utilisation, le &#8221;toy&#8221; a une grande quantit\u00e9 de s\u00e9cr\u00e9tions et lubrifiant r\u00e9sidu. Il sera facilement \u00e9lever des bact\u00e9ries si ne pas nettoyer pour une longue p\u00e9riode. Donc s&#8217;il vous pla\u00eet, le vibrateur doit \u00eatre nettoy\u00e9 d\u00e8s que possible. L&#8217;eau chaude et du savon peut \u00eatre utilis\u00e9 pour le nettoyage.<\/p>\n<p>Il ya deux fa\u00e7ons de l&#8217;utiliser.<br \/>\n1. Jouer avec un seul saut oeuf instructions: ins\u00e9rer 2 pcs nouveau batteries \u00e0 l&#8217;int\u00e9rieur de l&#8217;\u0153uf, assurez-vous que + et-sur les batteries doivent correspondre. Appuyant sur le bouton d&#8217;alimentation sur l&#8217;\u0153uf pour 5 \u00e0 10 secondes, la lumi\u00e8re sur l&#8217;\u0153uf clignote, puis appuyez sur le bouton d&#8217;ouverture sur l&#8217;oeuf, il se met \u00e0 vibrer. Apr\u00e8s utilisation, en maintenant le bouton d&#8217;alimentation peut fermer. S&#8217;il vous pla\u00eet essayer plusieurs fois.<\/p>\n<p>2. Avec les instructions du contr\u00f4leur: ins\u00e9rer 2 pcs nouveau batteries \u00e0 l&#8217;int\u00e9rieur de l&#8217;\u0153uf, assurez-vous que + et-sur les batteries doivent correspondre. Appuyant sur le bouton d&#8217;alimentation sur l&#8217;\u0153uf pour 5 \u00e0 10 secondes, la lumi\u00e8re sur l&#8217;\u0153uf va flash. Puis doucement appuyez sur ouvrir bouton sur le contr\u00f4leur (insert besoin une batterie dans le contr\u00f4leur (cette batterie est dans la bo\u00eete)), le contr\u00f4leur clignote, puis appuyez sur vitesse mod\u00e8le bouton pour contr\u00f4ler l&#8217;\u0153uf. S&#8217;il vous pla\u00eet essayer plusieurs fois.<\/p>\n<p>Conseils:<\/p>\n<p>1. Le plus important, s&#8217;il vous pla\u00eet assurez-vous que la batterie p\u00f4le + et-m\u00eame comme le montre l&#8217;image<\/p>\n<p>2. La deuxi\u00e8me important, en maintenant le bouton d&#8217;alimentation sur l&#8217;\u0153uf pour 5 \u00e0 10 secondes<\/p>\n<p>Utilisation:<\/p>\n<p>1. Ajouter un peu de lubrifiant \u00e0 la kegel boule.<\/p>\n<p>2. Ouvrez vos jambes, se d\u00e9tendre votre vagin, pousser le ballon lentement dans votre vagin.<\/p>\n<p>3. Apr\u00e8s cela, vous pouvez faire un peu d&#8217;exercice, comme la marche, la natation, faire des travaux m\u00e9nagers, le m\u00e9tal balle va entrer en collision avec la surface int\u00e9rieure pendant que vous vous d\u00e9placez.<\/p>\n<p>4. Le nettoyer avant et apr\u00e8s utilisation avec du savon et de l&#8217;eau chaude, puis laisser s\u00e9cher naturellement dans l&#8217;air.<\/p>\n<p>5. Vous pouvez commencer avec une petite balle premi\u00e8re, puis moyen et grand bal.<\/p>\n<p>6. Sugg\u00e9rer \u00e0 utiliser environ une demi-heure dans le d\u00e9but tous les jours, apr\u00e8s un mois, vous pouvez changer \u00e0 utiliser ballon plus grande.<\/p>\n<p>Vie priv\u00e9e Garanti:<\/p>\n<p>Votre vie priv\u00e9e est la plus haute importance pour nous. Le nom par d\u00e9faut sur le paquet est &#8220;rouleau de beaut\u00e9&#8221; (toutes les autres exigences, s&#8217;il vous pla\u00eet envoyer nous un message), et avec notre un emballage discret vous pouvez acheter en toute confiance, la seule personne qui sait que contient le paquet est vous<\/p>\n","protected":false},"excerpt":{"rendered":"<p>Description du produit:<br \/>\n1. Mode: 10 modes<br \/>\n2. Charge: 2 AAA Batteries dans oeuf (parce que de plan safty, Piles Non comprises)<br \/>\n3. Port\u00e9e de la t\u00e9l\u00e9commande: 10 m\u00e8tres<br \/>\n4. Bruit: moins que 50dB<br \/>\n5. Imperm\u00e9able \u00e0 l&#8217;eau: Tous Les Jours \u00e9tanche<br \/>\n6. Nettoyage: Apr\u00e8s utilisation, le &#8221;toy&#8221; a une grande quantit\u00e9 de s\u00e9cr\u00e9tions et lubrifiant r\u00e9sidu. Il sera facilement \u00e9lever des bact\u00e9ries si ne pas nettoyer pour une longue p\u00e9riode. Donc s&#8217;il vous pla\u00eet, le vibrateur doit \u00eatre nettoy\u00e9 d\u00e8s que possible. L&#8217;eau chaude et du savon peut \u00eatre utilis\u00e9 pour le nettoyage.<\/p>\n","protected":false},"featured_media":6166,"comment_status":"open","ping_status":"closed","template":"","meta":{"_joinchat":[]},"etheme_brands":[],"product_cat":[61,62],"product_tag":[],"yoast_head":"<!-- This site is optimized with the Yoast SEO Premium plugin v19.3 (Yoast SEO v21.5) - https:\/\/yoast.com\/wordpress\/plugins\/seo\/ -->\n<title>- Achetez et Commandez Discr\u00e8tement vos Oeuf Vibrant Clitoris Stimulator Vaginal au Cameroun -<\/title>\n<meta name=\"description\" content=\"Commandez vos meilleurs Oeuf Vibrant Clitoris Stimulator Vaginal \u00e0 bons prix partout au Cameroun et faites vous livrer discr\u00e8tement, sur H\u00e9donia, le meilleur site de vente en ligne de sextoys au Cameroun. - Whatsapp: +237 672588687\" \/>\n<meta name=\"robots\" content=\"index, follow, max-snippet:-1, max-image-preview:large, max-video-preview:-1\" \/>\n<link rel=\"canonical\" href=\"https:\/\/sexshop.cm\/produit\/oeuf-vibrant-clitoris-stimulator-vaginal\/\" \/>\n<meta property=\"og:locale\" content=\"en_US\" \/>\n<meta property=\"og:type\" content=\"article\" \/>\n<meta property=\"og:title\" content=\"Oeuf Vibrant Clitoris Stimulator Vaginal\" \/>\n<meta property=\"og:description\" content=\"Oeuf Vibrant Clitoris Stimulator Vaginal - H\u00e9donia\" \/>\n<meta property=\"og:url\" content=\"https:\/\/sexshop.cm\/produit\/oeuf-vibrant-clitoris-stimulator-vaginal\/\" \/>\n<meta property=\"og:site_name\" content=\"H\u00e9donia\" \/>\n<meta property=\"article:modified_time\" content=\"2025-05-24T13:10:59+00:00\" \/>\n<meta property=\"og:image\" content=\"http:\/\/sexshop.cm\/wp-content\/uploads\/2022\/10\/Oeuf-Vibrant-Clitoris-Stimulator-Vaginal-18-2-big-1-www-yipromarket-kingeshop-com.jpg\" \/>\n\t<meta property=\"og:image:width\" content=\"585\" \/>\n\t<meta property=\"og:image:height\" content=\"350\" \/>\n\t<meta property=\"og:image:type\" content=\"image\/jpeg\" \/>\n<meta name=\"twitter:card\" content=\"summary_large_image\" \/>\n<meta name=\"twitter:label1\" content=\"Price\" \/>\n\t<meta name=\"twitter:data1\" content=\"26000&nbsp;CFA\" \/>\n\t<meta name=\"twitter:label2\" content=\"Availability\" \/>\n\t<meta name=\"twitter:data2\" content=\"Out of stock\" \/>\n<script type=\"application\/ld+json\" class=\"yoast-schema-graph\">{\"@context\":\"https:\/\/schema.org\",\"@graph\":[{\"@type\":\"WebPage\",\"@id\":\"https:\/\/sexshop.cm\/produit\/oeuf-vibrant-clitoris-stimulator-vaginal\/\",\"url\":\"https:\/\/sexshop.cm\/produit\/oeuf-vibrant-clitoris-stimulator-vaginal\/\",\"name\":\"- Achetez et Commandez Discr\u00e8tement vos Oeuf Vibrant Clitoris Stimulator Vaginal au Cameroun -\",\"isPartOf\":{\"@id\":\"https:\/\/sexshop.cm\/#website\"},\"datePublished\":\"2022-10-03T21:27:48+00:00\",\"dateModified\":\"2025-05-24T13:10:59+00:00\",\"description\":\"Commandez vos meilleurs Oeuf Vibrant Clitoris Stimulator Vaginal \u00e0 bons prix partout au Cameroun et faites vous livrer discr\u00e8tement, sur H\u00e9donia, le meilleur site de vente en ligne de sextoys au Cameroun. - Whatsapp: +237 672588687\",\"breadcrumb\":{\"@id\":\"https:\/\/sexshop.cm\/produit\/oeuf-vibrant-clitoris-stimulator-vaginal\/#breadcrumb\"},\"inLanguage\":\"en-US\",\"potentialAction\":[{\"@type\":\"ReadAction\",\"target\":[\"https:\/\/sexshop.cm\/produit\/oeuf-vibrant-clitoris-stimulator-vaginal\/\"]}]},{\"@type\":\"BreadcrumbList\",\"@id\":\"https:\/\/sexshop.cm\/produit\/oeuf-vibrant-clitoris-stimulator-vaginal\/#breadcrumb\",\"itemListElement\":[{\"@type\":\"ListItem\",\"position\":1,\"name\":\"Accueil\",\"item\":\"https:\/\/sexshop.cm\/en\/online-sexshop-in-cameroon\/\"},{\"@type\":\"ListItem\",\"position\":2,\"name\":\"Shop\",\"item\":\"https:\/\/sexshop.cm\/shop\/\"},{\"@type\":\"ListItem\",\"position\":3,\"name\":\"Oeuf Vibrant Clitoris Stimulator Vaginal\"}]},{\"@type\":\"WebSite\",\"@id\":\"https:\/\/sexshop.cm\/#website\",\"url\":\"https:\/\/sexshop.cm\/\",\"name\":\"H\u00e9donia\",\"description\":\"SexShop en ligne - Boutique de sextoys et objets coquins en ligne au Cameroun\",\"publisher\":{\"@id\":\"https:\/\/sexshop.cm\/#organization\"},\"potentialAction\":[{\"@type\":\"SearchAction\",\"target\":{\"@type\":\"EntryPoint\",\"urlTemplate\":\"https:\/\/sexshop.cm\/?s={search_term_string}\"},\"query-input\":\"required name=search_term_string\"}],\"inLanguage\":\"en-US\"},{\"@type\":\"Organization\",\"@id\":\"https:\/\/sexshop.cm\/#organization\",\"name\":\"H\u00e9donia\",\"alternateName\":\"Boutique de Sextoys en ligne au Cameroun\",\"url\":\"https:\/\/sexshop.cm\/\",\"logo\":{\"@type\":\"ImageObject\",\"inLanguage\":\"en-US\",\"@id\":\"https:\/\/sexshop.cm\/#\/schema\/logo\/image\/\",\"url\":\"https:\/\/sexshop.cm\/wp-content\/uploads\/2022\/10\/logo-680-hedonia.png.200x100_q85_background-f8f9fa.png\",\"contentUrl\":\"https:\/\/sexshop.cm\/wp-content\/uploads\/2022\/10\/logo-680-hedonia.png.200x100_q85_background-f8f9fa.png\",\"width\":2222,\"height\":534,\"caption\":\"H\u00e9donia\"},\"image\":{\"@id\":\"https:\/\/sexshop.cm\/#\/schema\/logo\/image\/\"}}]}<\/script>\n<meta property=\"product:price:amount\" content=\"26000\" \/>\n<meta property=\"product:price:currency\" content=\"XAF\" \/>\n<meta property=\"og:availability\" content=\"out of stock\" \/>\n<meta property=\"product:availability\" content=\"out of stock\" \/>\n<meta property=\"product:condition\" content=\"new\" \/>\n<!-- \/ Yoast SEO Premium plugin. -->","yoast_head_json":{"title":"- Achetez et Commandez Discr\u00e8tement vos Oeuf Vibrant Clitoris Stimulator Vaginal au Cameroun -","description":"Commandez vos meilleurs Oeuf Vibrant Clitoris Stimulator Vaginal \u00e0 bons prix partout au Cameroun et faites vous livrer discr\u00e8tement, sur H\u00e9donia, le meilleur site de vente en ligne de sextoys au Cameroun. - Whatsapp: +237 672588687","robots":{"index":"index","follow":"follow","max-snippet":"max-snippet:-1","max-image-preview":"max-image-preview:large","max-video-preview":"max-video-preview:-1"},"canonical":"https:\/\/sexshop.cm\/produit\/oeuf-vibrant-clitoris-stimulator-vaginal\/","og_locale":"en_US","og_type":"article","og_title":"Oeuf Vibrant Clitoris Stimulator Vaginal","og_description":"Oeuf Vibrant Clitoris Stimulator Vaginal - H\u00e9donia","og_url":"https:\/\/sexshop.cm\/produit\/oeuf-vibrant-clitoris-stimulator-vaginal\/","og_site_name":"H\u00e9donia","article_modified_time":"2025-05-24T13:10:59+00:00","og_image":[{"width":585,"height":350,"url":"http:\/\/sexshop.cm\/wp-content\/uploads\/2022\/10\/Oeuf-Vibrant-Clitoris-Stimulator-Vaginal-18-2-big-1-www-yipromarket-kingeshop-com.jpg","type":"image\/jpeg"}],"twitter_card":"summary_large_image","twitter_misc":{"Price":"26000&nbsp;CFA","Availability":"Out of stock"},"schema":{"@context":"https:\/\/schema.org","@graph":[{"@type":"WebPage","@id":"https:\/\/sexshop.cm\/produit\/oeuf-vibrant-clitoris-stimulator-vaginal\/","url":"https:\/\/sexshop.cm\/produit\/oeuf-vibrant-clitoris-stimulator-vaginal\/","name":"- Achetez et Commandez Discr\u00e8tement vos Oeuf Vibrant Clitoris Stimulator Vaginal au Cameroun -","isPartOf":{"@id":"https:\/\/sexshop.cm\/#website"},"datePublished":"2022-10-03T21:27:48+00:00","dateModified":"2025-05-24T13:10:59+00:00","description":"Commandez vos meilleurs Oeuf Vibrant Clitoris Stimulator Vaginal \u00e0 bons prix partout au Cameroun et faites vous livrer discr\u00e8tement, sur H\u00e9donia, le meilleur site de vente en ligne de sextoys au Cameroun. - Whatsapp: +237 672588687","breadcrumb":{"@id":"https:\/\/sexshop.cm\/produit\/oeuf-vibrant-clitoris-stimulator-vaginal\/#breadcrumb"},"inLanguage":"en-US","potentialAction":[{"@type":"ReadAction","target":["https:\/\/sexshop.cm\/produit\/oeuf-vibrant-clitoris-stimulator-vaginal\/"]}]},{"@type":"BreadcrumbList","@id":"https:\/\/sexshop.cm\/produit\/oeuf-vibrant-clitoris-stimulator-vaginal\/#breadcrumb","itemListElement":[{"@type":"ListItem","position":1,"name":"Accueil","item":"https:\/\/sexshop.cm\/en\/online-sexshop-in-cameroon\/"},{"@type":"ListItem","position":2,"name":"Shop","item":"https:\/\/sexshop.cm\/shop\/"},{"@type":"ListItem","position":3,"name":"Oeuf Vibrant Clitoris Stimulator Vaginal"}]},{"@type":"WebSite","@id":"https:\/\/sexshop.cm\/#website","url":"https:\/\/sexshop.cm\/","name":"H\u00e9donia","description":"SexShop en ligne - Boutique de sextoys et objets coquins en ligne au Cameroun","publisher":{"@id":"https:\/\/sexshop.cm\/#organization"},"potentialAction":[{"@type":"SearchAction","target":{"@type":"EntryPoint","urlTemplate":"https:\/\/sexshop.cm\/?s={search_term_string}"},"query-input":"required name=search_term_string"}],"inLanguage":"en-US"},{"@type":"Organization","@id":"https:\/\/sexshop.cm\/#organization","name":"H\u00e9donia","alternateName":"Boutique de Sextoys en ligne au Cameroun","url":"https:\/\/sexshop.cm\/","logo":{"@type":"ImageObject","inLanguage":"en-US","@id":"https:\/\/sexshop.cm\/#\/schema\/logo\/image\/","url":"https:\/\/sexshop.cm\/wp-content\/uploads\/2022\/10\/logo-680-hedonia.png.200x100_q85_background-f8f9fa.png","contentUrl":"https:\/\/sexshop.cm\/wp-content\/uploads\/2022\/10\/logo-680-hedonia.png.200x100_q85_background-f8f9fa.png","width":2222,"height":534,"caption":"H\u00e9donia"},"image":{"@id":"https:\/\/sexshop.cm\/#\/schema\/logo\/image\/"}}]},"product_price_amount":"26000","product_price_currency":"XAF","og_availability":"out of stock","product_availability":"out of stock","product_condition":"new"},"_links":{"self":[{"href":"https:\/\/sexshop.cm\/en\/wp-json\/wp\/v2\/product\/6164"}],"collection":[{"href":"https:\/\/sexshop.cm\/en\/wp-json\/wp\/v2\/product"}],"about":[{"href":"https:\/\/sexshop.cm\/en\/wp-json\/wp\/v2\/types\/product"}],"replies":[{"embeddable":true,"href":"https:\/\/sexshop.cm\/en\/wp-json\/wp\/v2\/comments?post=6164"}],"wp:featuredmedia":[{"embeddable":true,"href":"https:\/\/sexshop.cm\/en\/wp-json\/wp\/v2\/media\/6166"}],"wp:attachment":[{"href":"https:\/\/sexshop.cm\/en\/wp-json\/wp\/v2\/media?parent=6164"}],"wp:term":[{"taxonomy":"brand","embeddable":true,"href":"https:\/\/sexshop.cm\/en\/wp-json\/wp\/v2\/etheme_brands?post=6164"},{"taxonomy":"product_cat","embeddable":true,"href":"https:\/\/sexshop.cm\/en\/wp-json\/wp\/v2\/product_cat?post=6164"},{"taxonomy":"product_tag","embeddable":true,"href":"https:\/\/sexshop.cm\/en\/wp-json\/wp\/v2\/product_tag?post=6164"}],"curies":[{"name":"wp","href":"https:\/\/api.w.org\/{rel}","templated":true}]}}