{"id":6176,"date":"2022-10-03T22:38:15","date_gmt":"2022-10-03T21:38:15","guid":{"rendered":"https:\/\/sexshop.cm\/?post_type=product&#038;p=6176"},"modified":"2023-11-04T14:23:02","modified_gmt":"2023-11-04T13:23:02","slug":"oeuf-vibrant-avec-telecommande","status":"publish","type":"product","link":"https:\/\/sexshop.cm\/en\/produit\/oeuf-vibrant-avec-telecommande\/","title":{"rendered":"Oeuf Vibrant avec t\u00e9l\u00e9commande"},"content":{"rendered":"<p>\u2764 APPROUV\u00c9 SILICONE M\u00c9DICAL-Fait de approuv\u00e9 PAR LA FDA silicone m\u00e9dical, il est s\u00fbr, non-toxique et inodore<\/p>\n<p>\u2764 SANS FIL CONTR\u00d4LE-Sur 10 m\u00e8tres (33 pieds) plage de contr\u00f4le, t\u00e9l\u00e9commande de massage.<\/p>\n<p>\u2764 12 MODES &#8211; 12 puissant vibrations modes mais chuchotant calme, lors de l&#8217;utilisation, il peut vous apporte sans fin le plaisir sexuel<\/p>\n<p>\u2764 100% \u00c9TANCHE-Nous utilisons silicone composite technologie avec \u00e9tanche de charge port conception, 100% imperm\u00e9able \u00e0 l&#8217;eau<\/p>\n<p>\u2764 USB RECHARGEABLE-Venir avec un cordon de charge, il est facile \u00e0 utiliser et \u00e0 nettoyer, emball\u00e9 dans une belle bo\u00eete anonyme avec un tissu tissu sac. De travail 2 heures apr\u00e8s compl\u00e8tement charg\u00e9e pour 3 heures<\/p>\n<p>\u2764 Pourrait fonctionner comme kegel balle, il aide \u00e0 lutte contre l&#8217;incontinence urinaire d&#8217;effort, faiblesse du plancher pelvien, vaginale et le prolapsus rectal, en augmentant la force de muscles vaginaux, am\u00e9liorer le contr\u00f4le de la vessie et serrage PC muscles<\/p>\n","protected":false},"excerpt":{"rendered":"<p>\u2764 APPROUV\u00c9 SILICONE M\u00c9DICAL-Fait de approuv\u00e9 PAR LA FDA silicone m\u00e9dical, il est s\u00fbr, non-toxique et inodore<\/p>\n<p>\u2764 SANS FIL CONTR\u00d4LE-Sur 10 m\u00e8tres (33 pieds) plage de contr\u00f4le, t\u00e9l\u00e9commande de massage.<\/p>\n<p>\u2764 12 MODES &#8211; 12 puissant vibrations modes mais chuchotant calme, lors de l&#8217;utilisation, il peut vous apporte sans fin le plaisir sexuel<\/p>\n","protected":false},"featured_media":6179,"comment_status":"open","ping_status":"closed","template":"","meta":{"_joinchat":[]},"etheme_brands":[],"product_cat":[61,62],"product_tag":[],"yoast_head":"<!-- This site is optimized with the Yoast SEO Premium plugin v19.3 (Yoast SEO v21.5) - https:\/\/yoast.com\/wordpress\/plugins\/seo\/ -->\n<title>- Achetez et Commandez Discr\u00e8tement vos Oeuf Vibrant avec t\u00e9l\u00e9commande au Cameroun -<\/title>\n<meta name=\"description\" content=\"Commandez vos meilleurs Oeuf Vibrant avec t\u00e9l\u00e9commande \u00e0 bons prix partout au Cameroun et faites vous livrer discr\u00e8tement, sur H\u00e9donia, le meilleur site de vente en ligne de sextoys au Cameroun. - Whatsapp: +237 672588687\" \/>\n<meta name=\"robots\" content=\"index, follow, max-snippet:-1, max-image-preview:large, max-video-preview:-1\" \/>\n<link rel=\"canonical\" href=\"https:\/\/sexshop.cm\/produit\/oeuf-vibrant-avec-telecommande\/\" \/>\n<meta property=\"og:locale\" content=\"en_US\" \/>\n<meta property=\"og:type\" content=\"article\" \/>\n<meta property=\"og:title\" content=\"Oeuf Vibrant avec t\u00e9l\u00e9commande\" \/>\n<meta property=\"og:description\" content=\"Oeuf Vibrant avec t\u00e9l\u00e9commande - H\u00e9donia\" \/>\n<meta property=\"og:url\" content=\"https:\/\/sexshop.cm\/produit\/oeuf-vibrant-avec-telecommande\/\" \/>\n<meta property=\"og:site_name\" content=\"H\u00e9donia\" \/>\n<meta property=\"article:modified_time\" content=\"2023-11-04T13:23:02+00:00\" \/>\n<meta property=\"og:image\" content=\"http:\/\/sexshop.cm\/wp-content\/uploads\/2022\/10\/Oeuf-Vibrant-avec-telecommande-81-2-big-3-www-yipromarket-kingeshop-com.jpg\" \/>\n\t<meta property=\"og:image:width\" content=\"585\" \/>\n\t<meta property=\"og:image:height\" content=\"350\" \/>\n\t<meta property=\"og:image:type\" content=\"image\/jpeg\" \/>\n<meta name=\"twitter:card\" content=\"summary_large_image\" \/>\n<meta name=\"twitter:label1\" content=\"Price\" \/>\n\t<meta name=\"twitter:data1\" content=\"32000&nbsp;CFA\" \/>\n\t<meta name=\"twitter:label2\" content=\"Availability\" \/>\n\t<meta name=\"twitter:data2\" content=\"Out of stock\" \/>\n<script type=\"application\/ld+json\" class=\"yoast-schema-graph\">{\"@context\":\"https:\/\/schema.org\",\"@graph\":[{\"@type\":\"WebPage\",\"@id\":\"https:\/\/sexshop.cm\/produit\/oeuf-vibrant-avec-telecommande\/\",\"url\":\"https:\/\/sexshop.cm\/produit\/oeuf-vibrant-avec-telecommande\/\",\"name\":\"- Achetez et Commandez Discr\u00e8tement vos Oeuf Vibrant avec t\u00e9l\u00e9commande au Cameroun -\",\"isPartOf\":{\"@id\":\"https:\/\/sexshop.cm\/#website\"},\"datePublished\":\"2022-10-03T21:38:15+00:00\",\"dateModified\":\"2023-11-04T13:23:02+00:00\",\"description\":\"Commandez vos meilleurs Oeuf Vibrant avec t\u00e9l\u00e9commande \u00e0 bons prix partout au Cameroun et faites vous livrer discr\u00e8tement, sur H\u00e9donia, le meilleur site de vente en ligne de sextoys au Cameroun. - Whatsapp: +237 672588687\",\"breadcrumb\":{\"@id\":\"https:\/\/sexshop.cm\/produit\/oeuf-vibrant-avec-telecommande\/#breadcrumb\"},\"inLanguage\":\"en-US\",\"potentialAction\":[{\"@type\":\"ReadAction\",\"target\":[\"https:\/\/sexshop.cm\/produit\/oeuf-vibrant-avec-telecommande\/\"]}]},{\"@type\":\"BreadcrumbList\",\"@id\":\"https:\/\/sexshop.cm\/produit\/oeuf-vibrant-avec-telecommande\/#breadcrumb\",\"itemListElement\":[{\"@type\":\"ListItem\",\"position\":1,\"name\":\"Accueil\",\"item\":\"https:\/\/sexshop.cm\/en\/online-sexshop-in-cameroon\/\"},{\"@type\":\"ListItem\",\"position\":2,\"name\":\"Shop\",\"item\":\"https:\/\/sexshop.cm\/shop\/\"},{\"@type\":\"ListItem\",\"position\":3,\"name\":\"Oeuf Vibrant avec t\u00e9l\u00e9commande\"}]},{\"@type\":\"WebSite\",\"@id\":\"https:\/\/sexshop.cm\/#website\",\"url\":\"https:\/\/sexshop.cm\/\",\"name\":\"H\u00e9donia\",\"description\":\"SexShop en ligne - Boutique de sextoys et objets coquins en ligne au Cameroun\",\"publisher\":{\"@id\":\"https:\/\/sexshop.cm\/#organization\"},\"potentialAction\":[{\"@type\":\"SearchAction\",\"target\":{\"@type\":\"EntryPoint\",\"urlTemplate\":\"https:\/\/sexshop.cm\/?s={search_term_string}\"},\"query-input\":\"required name=search_term_string\"}],\"inLanguage\":\"en-US\"},{\"@type\":\"Organization\",\"@id\":\"https:\/\/sexshop.cm\/#organization\",\"name\":\"H\u00e9donia\",\"alternateName\":\"Boutique de Sextoys en ligne au Cameroun\",\"url\":\"https:\/\/sexshop.cm\/\",\"logo\":{\"@type\":\"ImageObject\",\"inLanguage\":\"en-US\",\"@id\":\"https:\/\/sexshop.cm\/#\/schema\/logo\/image\/\",\"url\":\"https:\/\/sexshop.cm\/wp-content\/uploads\/2022\/10\/logo-680-hedonia.png.200x100_q85_background-f8f9fa.png\",\"contentUrl\":\"https:\/\/sexshop.cm\/wp-content\/uploads\/2022\/10\/logo-680-hedonia.png.200x100_q85_background-f8f9fa.png\",\"width\":2222,\"height\":534,\"caption\":\"H\u00e9donia\"},\"image\":{\"@id\":\"https:\/\/sexshop.cm\/#\/schema\/logo\/image\/\"}}]}<\/script>\n<meta property=\"product:price:amount\" content=\"32000\" \/>\n<meta property=\"product:price:currency\" content=\"XAF\" \/>\n<meta property=\"og:availability\" content=\"out of stock\" \/>\n<meta property=\"product:availability\" content=\"out of stock\" \/>\n<meta property=\"product:condition\" content=\"new\" \/>\n<!-- \/ Yoast SEO Premium plugin. -->","yoast_head_json":{"title":"- Achetez et Commandez Discr\u00e8tement vos Oeuf Vibrant avec t\u00e9l\u00e9commande au Cameroun -","description":"Commandez vos meilleurs Oeuf Vibrant avec t\u00e9l\u00e9commande \u00e0 bons prix partout au Cameroun et faites vous livrer discr\u00e8tement, sur H\u00e9donia, le meilleur site de vente en ligne de sextoys au Cameroun. - Whatsapp: +237 672588687","robots":{"index":"index","follow":"follow","max-snippet":"max-snippet:-1","max-image-preview":"max-image-preview:large","max-video-preview":"max-video-preview:-1"},"canonical":"https:\/\/sexshop.cm\/produit\/oeuf-vibrant-avec-telecommande\/","og_locale":"en_US","og_type":"article","og_title":"Oeuf Vibrant avec t\u00e9l\u00e9commande","og_description":"Oeuf Vibrant avec t\u00e9l\u00e9commande - H\u00e9donia","og_url":"https:\/\/sexshop.cm\/produit\/oeuf-vibrant-avec-telecommande\/","og_site_name":"H\u00e9donia","article_modified_time":"2023-11-04T13:23:02+00:00","og_image":[{"width":585,"height":350,"url":"http:\/\/sexshop.cm\/wp-content\/uploads\/2022\/10\/Oeuf-Vibrant-avec-telecommande-81-2-big-3-www-yipromarket-kingeshop-com.jpg","type":"image\/jpeg"}],"twitter_card":"summary_large_image","twitter_misc":{"Price":"32000&nbsp;CFA","Availability":"Out of stock"},"schema":{"@context":"https:\/\/schema.org","@graph":[{"@type":"WebPage","@id":"https:\/\/sexshop.cm\/produit\/oeuf-vibrant-avec-telecommande\/","url":"https:\/\/sexshop.cm\/produit\/oeuf-vibrant-avec-telecommande\/","name":"- Achetez et Commandez Discr\u00e8tement vos Oeuf Vibrant avec t\u00e9l\u00e9commande au Cameroun -","isPartOf":{"@id":"https:\/\/sexshop.cm\/#website"},"datePublished":"2022-10-03T21:38:15+00:00","dateModified":"2023-11-04T13:23:02+00:00","description":"Commandez vos meilleurs Oeuf Vibrant avec t\u00e9l\u00e9commande \u00e0 bons prix partout au Cameroun et faites vous livrer discr\u00e8tement, sur H\u00e9donia, le meilleur site de vente en ligne de sextoys au Cameroun. - Whatsapp: +237 672588687","breadcrumb":{"@id":"https:\/\/sexshop.cm\/produit\/oeuf-vibrant-avec-telecommande\/#breadcrumb"},"inLanguage":"en-US","potentialAction":[{"@type":"ReadAction","target":["https:\/\/sexshop.cm\/produit\/oeuf-vibrant-avec-telecommande\/"]}]},{"@type":"BreadcrumbList","@id":"https:\/\/sexshop.cm\/produit\/oeuf-vibrant-avec-telecommande\/#breadcrumb","itemListElement":[{"@type":"ListItem","position":1,"name":"Accueil","item":"https:\/\/sexshop.cm\/en\/online-sexshop-in-cameroon\/"},{"@type":"ListItem","position":2,"name":"Shop","item":"https:\/\/sexshop.cm\/shop\/"},{"@type":"ListItem","position":3,"name":"Oeuf Vibrant avec t\u00e9l\u00e9commande"}]},{"@type":"WebSite","@id":"https:\/\/sexshop.cm\/#website","url":"https:\/\/sexshop.cm\/","name":"H\u00e9donia","description":"SexShop en ligne - Boutique de sextoys et objets coquins en ligne au Cameroun","publisher":{"@id":"https:\/\/sexshop.cm\/#organization"},"potentialAction":[{"@type":"SearchAction","target":{"@type":"EntryPoint","urlTemplate":"https:\/\/sexshop.cm\/?s={search_term_string}"},"query-input":"required name=search_term_string"}],"inLanguage":"en-US"},{"@type":"Organization","@id":"https:\/\/sexshop.cm\/#organization","name":"H\u00e9donia","alternateName":"Boutique de Sextoys en ligne au Cameroun","url":"https:\/\/sexshop.cm\/","logo":{"@type":"ImageObject","inLanguage":"en-US","@id":"https:\/\/sexshop.cm\/#\/schema\/logo\/image\/","url":"https:\/\/sexshop.cm\/wp-content\/uploads\/2022\/10\/logo-680-hedonia.png.200x100_q85_background-f8f9fa.png","contentUrl":"https:\/\/sexshop.cm\/wp-content\/uploads\/2022\/10\/logo-680-hedonia.png.200x100_q85_background-f8f9fa.png","width":2222,"height":534,"caption":"H\u00e9donia"},"image":{"@id":"https:\/\/sexshop.cm\/#\/schema\/logo\/image\/"}}]},"product_price_amount":"32000","product_price_currency":"XAF","og_availability":"out of stock","product_availability":"out of stock","product_condition":"new"},"_links":{"self":[{"href":"https:\/\/sexshop.cm\/en\/wp-json\/wp\/v2\/product\/6176"}],"collection":[{"href":"https:\/\/sexshop.cm\/en\/wp-json\/wp\/v2\/product"}],"about":[{"href":"https:\/\/sexshop.cm\/en\/wp-json\/wp\/v2\/types\/product"}],"replies":[{"embeddable":true,"href":"https:\/\/sexshop.cm\/en\/wp-json\/wp\/v2\/comments?post=6176"}],"wp:featuredmedia":[{"embeddable":true,"href":"https:\/\/sexshop.cm\/en\/wp-json\/wp\/v2\/media\/6179"}],"wp:attachment":[{"href":"https:\/\/sexshop.cm\/en\/wp-json\/wp\/v2\/media?parent=6176"}],"wp:term":[{"taxonomy":"brand","embeddable":true,"href":"https:\/\/sexshop.cm\/en\/wp-json\/wp\/v2\/etheme_brands?post=6176"},{"taxonomy":"product_cat","embeddable":true,"href":"https:\/\/sexshop.cm\/en\/wp-json\/wp\/v2\/product_cat?post=6176"},{"taxonomy":"product_tag","embeddable":true,"href":"https:\/\/sexshop.cm\/en\/wp-json\/wp\/v2\/product_tag?post=6176"}],"curies":[{"name":"wp","href":"https:\/\/api.w.org\/{rel}","templated":true}]}}