{"id":6184,"date":"2022-10-03T22:46:36","date_gmt":"2022-10-03T21:46:36","guid":{"rendered":"https:\/\/sexshop.cm\/?post_type=product&#038;p=6184"},"modified":"2023-11-04T14:22:37","modified_gmt":"2023-11-04T13:22:37","slug":"gode-realiste-silicone-noir-belge","status":"publish","type":"product","link":"https:\/\/sexshop.cm\/en\/produit\/gode-realiste-silicone-noir-belge\/","title":{"rendered":"Godemichet R\u00e9aliste Silicone"},"content":{"rendered":"<p>\u2764 Ventouse base adh\u00e8re \u00e0 toute surface plane et lisse. Il est \u00e9galement compatible avec toute O anneau type de sangle sur le harnais. Essayer avec notre F\u00e9tiche ligne de harnais.<\/p>\n<p>\u2764 Fabriqu\u00e9 \u00e0 partir de corps safe TPE et respecte ou d\u00e9passe les normes de s\u00e9curit\u00e9 internationales comme fix\u00e9es par LA FDA et ROHS directives. Phtalate et sans latex. Il de votre corps \u00eatre conscient de ce que vous mettez dedans.<\/p>\n<p>\u2764 2 options de couleur pour le choix, chair ou noir, prendre votre couleur pr\u00e9f\u00e9r\u00e9e pour un maximum de plaisir.<\/p>\n<p>\u2764 Rapide discret gratuite \u00e0 travers YiproMarket CM logistique sans mots sensibles sur le colis<\/p>\n<p>Instruction et Conseils:<br \/>\n1. Propre avec de l&#8217;eau et du savon avant et apr\u00e8s chaque utilisation. S\u00e9cher avec un chiffon doux et propre.<br \/>\n2. Ne pas stocker votre produit avec d&#8217;autres produits fabriqu\u00e9s \u00e0 partir de PVC ou TPE qui sont produits fabriqu\u00e9s \u00e0 partir de plastiques souples autres que le silicone.<br \/>\nNe pas suivre cette se traduira par votre produit &#8220;fusion&#8221; comme plastiques souples r\u00e9agir les uns contre les autres apr\u00e8s contact prolong\u00e9.<br \/>\n3. Commencer \u00e0 ralentir. Profiter du moment et de travailler votre chemin \u00e0 un incroyable orgasme.<\/p>\n","protected":false},"excerpt":{"rendered":"<p>\u2764 Ventouse base adh\u00e8re \u00e0 toute surface plane et lisse. Il est \u00e9galement compatible avec toute O anneau type de sangle sur le harnais. Essayer avec notre F\u00e9tiche ligne de harnais.<\/p>\n<p>\u2764 Fabriqu\u00e9 \u00e0 partir de corps safe TPE et respecte ou d\u00e9passe les normes de s\u00e9curit\u00e9 internationales comme fix\u00e9es par LA FDA et ROHS directives. Phtalate et sans latex. Il de votre corps \u00eatre conscient de ce que vous mettez dedans.<\/p>\n<p>\u2764 2 options de couleur pour le choix, chair ou noir, prendre votre couleur pr\u00e9f\u00e9r\u00e9e pour un maximum de plaisir.<\/p>\n<p>\u2764 Rapide discret gratuite \u00e0 travers YiproMarket CM logistique sans mots sensibles sur le colis<\/p>\n","protected":false},"featured_media":10521,"comment_status":"open","ping_status":"closed","template":"","meta":{"_joinchat":[]},"etheme_brands":[],"product_cat":[64],"product_tag":[],"yoast_head":"<!-- This site is optimized with the Yoast SEO Premium plugin v19.3 (Yoast SEO v21.5) - https:\/\/yoast.com\/wordpress\/plugins\/seo\/ -->\n<title>- Achetez et Commandez Discr\u00e8tement vos Godemichet R\u00e9aliste Silicone au Cameroun -<\/title>\n<meta name=\"description\" content=\"Commandez vos meilleurs Godemichet R\u00e9aliste Silicone \u00e0 bons prix partout au Cameroun et faites vous livrer discr\u00e8tement, sur H\u00e9donia, le meilleur site de vente en ligne de sextoys au Cameroun. - Whatsapp: +237 672588687\" \/>\n<meta name=\"robots\" content=\"index, follow, max-snippet:-1, max-image-preview:large, max-video-preview:-1\" \/>\n<link rel=\"canonical\" href=\"https:\/\/sexshop.cm\/produit\/gode-realiste-silicone-noir-belge\/\" \/>\n<meta property=\"og:locale\" content=\"en_US\" \/>\n<meta property=\"og:type\" content=\"article\" \/>\n<meta property=\"og:title\" content=\"Godemichet R\u00e9aliste Silicone\" \/>\n<meta property=\"og:description\" content=\"Godemichet R\u00e9aliste Silicone - H\u00e9donia\" \/>\n<meta property=\"og:url\" content=\"https:\/\/sexshop.cm\/produit\/gode-realiste-silicone-noir-belge\/\" \/>\n<meta property=\"og:site_name\" content=\"H\u00e9donia\" \/>\n<meta property=\"article:modified_time\" content=\"2023-11-04T13:22:37+00:00\" \/>\n<meta property=\"og:image\" content=\"http:\/\/sexshop.cm\/wp-content\/uploads\/2022\/10\/20230826_113337-scaled.jpg\" \/>\n\t<meta property=\"og:image:width\" content=\"2422\" \/>\n\t<meta property=\"og:image:height\" content=\"2560\" \/>\n\t<meta property=\"og:image:type\" content=\"image\/jpeg\" \/>\n<meta name=\"twitter:card\" content=\"summary_large_image\" \/>\n<meta name=\"twitter:label1\" content=\"Price\" \/>\n\t<meta name=\"twitter:data1\" content=\"30000&nbsp;CFA\" \/>\n\t<meta name=\"twitter:label2\" content=\"Availability\" \/>\n\t<meta name=\"twitter:data2\" content=\"In stock\" \/>\n<script type=\"application\/ld+json\" class=\"yoast-schema-graph\">{\"@context\":\"https:\/\/schema.org\",\"@graph\":[{\"@type\":\"WebPage\",\"@id\":\"https:\/\/sexshop.cm\/produit\/gode-realiste-silicone-noir-belge\/\",\"url\":\"https:\/\/sexshop.cm\/produit\/gode-realiste-silicone-noir-belge\/\",\"name\":\"- Achetez et Commandez Discr\u00e8tement vos Godemichet R\u00e9aliste Silicone au Cameroun -\",\"isPartOf\":{\"@id\":\"https:\/\/sexshop.cm\/#website\"},\"datePublished\":\"2022-10-03T21:46:36+00:00\",\"dateModified\":\"2023-11-04T13:22:37+00:00\",\"description\":\"Commandez vos meilleurs Godemichet R\u00e9aliste Silicone \u00e0 bons prix partout au Cameroun et faites vous livrer discr\u00e8tement, sur H\u00e9donia, le meilleur site de vente en ligne de sextoys au Cameroun. - Whatsapp: +237 672588687\",\"breadcrumb\":{\"@id\":\"https:\/\/sexshop.cm\/produit\/gode-realiste-silicone-noir-belge\/#breadcrumb\"},\"inLanguage\":\"en-US\",\"potentialAction\":[{\"@type\":\"ReadAction\",\"target\":[\"https:\/\/sexshop.cm\/produit\/gode-realiste-silicone-noir-belge\/\"]}]},{\"@type\":\"BreadcrumbList\",\"@id\":\"https:\/\/sexshop.cm\/produit\/gode-realiste-silicone-noir-belge\/#breadcrumb\",\"itemListElement\":[{\"@type\":\"ListItem\",\"position\":1,\"name\":\"Accueil\",\"item\":\"https:\/\/sexshop.cm\/en\/online-sexshop-in-cameroon\/\"},{\"@type\":\"ListItem\",\"position\":2,\"name\":\"Shop\",\"item\":\"https:\/\/sexshop.cm\/shop\/\"},{\"@type\":\"ListItem\",\"position\":3,\"name\":\"Godemichet R\u00e9aliste Silicone\"}]},{\"@type\":\"WebSite\",\"@id\":\"https:\/\/sexshop.cm\/#website\",\"url\":\"https:\/\/sexshop.cm\/\",\"name\":\"H\u00e9donia\",\"description\":\"SexShop en ligne - Boutique de sextoys et objets coquins en ligne au Cameroun\",\"publisher\":{\"@id\":\"https:\/\/sexshop.cm\/#organization\"},\"potentialAction\":[{\"@type\":\"SearchAction\",\"target\":{\"@type\":\"EntryPoint\",\"urlTemplate\":\"https:\/\/sexshop.cm\/?s={search_term_string}\"},\"query-input\":\"required name=search_term_string\"}],\"inLanguage\":\"en-US\"},{\"@type\":\"Organization\",\"@id\":\"https:\/\/sexshop.cm\/#organization\",\"name\":\"H\u00e9donia\",\"alternateName\":\"Boutique de Sextoys en ligne au Cameroun\",\"url\":\"https:\/\/sexshop.cm\/\",\"logo\":{\"@type\":\"ImageObject\",\"inLanguage\":\"en-US\",\"@id\":\"https:\/\/sexshop.cm\/#\/schema\/logo\/image\/\",\"url\":\"https:\/\/sexshop.cm\/wp-content\/uploads\/2022\/10\/logo-680-hedonia.png.200x100_q85_background-f8f9fa.png\",\"contentUrl\":\"https:\/\/sexshop.cm\/wp-content\/uploads\/2022\/10\/logo-680-hedonia.png.200x100_q85_background-f8f9fa.png\",\"width\":2222,\"height\":534,\"caption\":\"H\u00e9donia\"},\"image\":{\"@id\":\"https:\/\/sexshop.cm\/#\/schema\/logo\/image\/\"}}]}<\/script>\n<meta property=\"product:price:amount\" content=\"30000\" \/>\n<meta property=\"product:price:currency\" content=\"XAF\" \/>\n<meta property=\"og:availability\" content=\"instock\" \/>\n<meta property=\"product:availability\" content=\"instock\" \/>\n<meta property=\"product:condition\" content=\"new\" \/>\n<!-- \/ Yoast SEO Premium plugin. -->","yoast_head_json":{"title":"- Achetez et Commandez Discr\u00e8tement vos Godemichet R\u00e9aliste Silicone au Cameroun -","description":"Commandez vos meilleurs Godemichet R\u00e9aliste Silicone \u00e0 bons prix partout au Cameroun et faites vous livrer discr\u00e8tement, sur H\u00e9donia, le meilleur site de vente en ligne de sextoys au Cameroun. - Whatsapp: +237 672588687","robots":{"index":"index","follow":"follow","max-snippet":"max-snippet:-1","max-image-preview":"max-image-preview:large","max-video-preview":"max-video-preview:-1"},"canonical":"https:\/\/sexshop.cm\/produit\/gode-realiste-silicone-noir-belge\/","og_locale":"en_US","og_type":"article","og_title":"Godemichet R\u00e9aliste Silicone","og_description":"Godemichet R\u00e9aliste Silicone - H\u00e9donia","og_url":"https:\/\/sexshop.cm\/produit\/gode-realiste-silicone-noir-belge\/","og_site_name":"H\u00e9donia","article_modified_time":"2023-11-04T13:22:37+00:00","og_image":[{"width":2422,"height":2560,"url":"http:\/\/sexshop.cm\/wp-content\/uploads\/2022\/10\/20230826_113337-scaled.jpg","type":"image\/jpeg"}],"twitter_card":"summary_large_image","twitter_misc":{"Price":"30000&nbsp;CFA","Availability":"In stock"},"schema":{"@context":"https:\/\/schema.org","@graph":[{"@type":"WebPage","@id":"https:\/\/sexshop.cm\/produit\/gode-realiste-silicone-noir-belge\/","url":"https:\/\/sexshop.cm\/produit\/gode-realiste-silicone-noir-belge\/","name":"- Achetez et Commandez Discr\u00e8tement vos Godemichet R\u00e9aliste Silicone au Cameroun -","isPartOf":{"@id":"https:\/\/sexshop.cm\/#website"},"datePublished":"2022-10-03T21:46:36+00:00","dateModified":"2023-11-04T13:22:37+00:00","description":"Commandez vos meilleurs Godemichet R\u00e9aliste Silicone \u00e0 bons prix partout au Cameroun et faites vous livrer discr\u00e8tement, sur H\u00e9donia, le meilleur site de vente en ligne de sextoys au Cameroun. - Whatsapp: +237 672588687","breadcrumb":{"@id":"https:\/\/sexshop.cm\/produit\/gode-realiste-silicone-noir-belge\/#breadcrumb"},"inLanguage":"en-US","potentialAction":[{"@type":"ReadAction","target":["https:\/\/sexshop.cm\/produit\/gode-realiste-silicone-noir-belge\/"]}]},{"@type":"BreadcrumbList","@id":"https:\/\/sexshop.cm\/produit\/gode-realiste-silicone-noir-belge\/#breadcrumb","itemListElement":[{"@type":"ListItem","position":1,"name":"Accueil","item":"https:\/\/sexshop.cm\/en\/online-sexshop-in-cameroon\/"},{"@type":"ListItem","position":2,"name":"Shop","item":"https:\/\/sexshop.cm\/shop\/"},{"@type":"ListItem","position":3,"name":"Godemichet R\u00e9aliste Silicone"}]},{"@type":"WebSite","@id":"https:\/\/sexshop.cm\/#website","url":"https:\/\/sexshop.cm\/","name":"H\u00e9donia","description":"SexShop en ligne - Boutique de sextoys et objets coquins en ligne au Cameroun","publisher":{"@id":"https:\/\/sexshop.cm\/#organization"},"potentialAction":[{"@type":"SearchAction","target":{"@type":"EntryPoint","urlTemplate":"https:\/\/sexshop.cm\/?s={search_term_string}"},"query-input":"required name=search_term_string"}],"inLanguage":"en-US"},{"@type":"Organization","@id":"https:\/\/sexshop.cm\/#organization","name":"H\u00e9donia","alternateName":"Boutique de Sextoys en ligne au Cameroun","url":"https:\/\/sexshop.cm\/","logo":{"@type":"ImageObject","inLanguage":"en-US","@id":"https:\/\/sexshop.cm\/#\/schema\/logo\/image\/","url":"https:\/\/sexshop.cm\/wp-content\/uploads\/2022\/10\/logo-680-hedonia.png.200x100_q85_background-f8f9fa.png","contentUrl":"https:\/\/sexshop.cm\/wp-content\/uploads\/2022\/10\/logo-680-hedonia.png.200x100_q85_background-f8f9fa.png","width":2222,"height":534,"caption":"H\u00e9donia"},"image":{"@id":"https:\/\/sexshop.cm\/#\/schema\/logo\/image\/"}}]},"product_price_amount":"30000","product_price_currency":"XAF","og_availability":"instock","product_availability":"instock","product_condition":"new"},"_links":{"self":[{"href":"https:\/\/sexshop.cm\/en\/wp-json\/wp\/v2\/product\/6184"}],"collection":[{"href":"https:\/\/sexshop.cm\/en\/wp-json\/wp\/v2\/product"}],"about":[{"href":"https:\/\/sexshop.cm\/en\/wp-json\/wp\/v2\/types\/product"}],"replies":[{"embeddable":true,"href":"https:\/\/sexshop.cm\/en\/wp-json\/wp\/v2\/comments?post=6184"}],"wp:featuredmedia":[{"embeddable":true,"href":"https:\/\/sexshop.cm\/en\/wp-json\/wp\/v2\/media\/10521"}],"wp:attachment":[{"href":"https:\/\/sexshop.cm\/en\/wp-json\/wp\/v2\/media?parent=6184"}],"wp:term":[{"taxonomy":"brand","embeddable":true,"href":"https:\/\/sexshop.cm\/en\/wp-json\/wp\/v2\/etheme_brands?post=6184"},{"taxonomy":"product_cat","embeddable":true,"href":"https:\/\/sexshop.cm\/en\/wp-json\/wp\/v2\/product_cat?post=6184"},{"taxonomy":"product_tag","embeddable":true,"href":"https:\/\/sexshop.cm\/en\/wp-json\/wp\/v2\/product_tag?post=6184"}],"curies":[{"name":"wp","href":"https:\/\/api.w.org\/{rel}","templated":true}]}}