{"id":6221,"date":"2022-10-04T08:41:08","date_gmt":"2022-10-04T07:41:08","guid":{"rendered":"https:\/\/sexshop.cm\/produit\/g-spot-vibromasseur-avec-application-bluetooth-pour-femme\/"},"modified":"2023-11-04T14:22:05","modified_gmt":"2023-11-04T13:22:05","slug":"g-spot-vibromasseur-avec-application-bluetooth-pour-femme","status":"publish","type":"product","link":"https:\/\/sexshop.cm\/en\/produit\/g-spot-vibromasseur-avec-application-bluetooth-pour-femme\/","title":{"rendered":"G Spot \u2013 vibromasseur avec application Bluetooth pour femme"},"content":{"rendered":"<div class=\"detailmodule_html\">\n<div class=\"detail-desc-decorate-richtext\">\n<p>Mimic Oral Sex donne des orgasmes hors de ce monde Van clitoridien vibrateur fonctionne en sucant clito pour d\u00e9livrer jambe secouant orgasmes \u00e0 la vol\u00e9e. Certaines femmes ont m\u00eame d\u00e9clar\u00e9 avoir des orgasmes en moins de 60 secs<\/p>\n<p>Une enqu\u00eate \u00e0 double Action sur le clito et le G Spot a r\u00e9v\u00e9l\u00e9 que 89% des femmes n&#8217;ont jamais connu d&#8217;orgasmes \u00e0 double sexe, ce qui est consid\u00e9r\u00e9 comme le plus convoit\u00e9 par les femmes. Pr\u00e9parez-vous pour le O m\u00e9lang\u00e9 avec ce masseur clitoridien<\/p>\n<p>Une toute nouvelle culture de faiseurs de plaisir pour les hommes veulent un plaisir sexuel sp\u00e9cial pour vous-m\u00eame ou votre partenaire? Avec ce vibromasseur t\u00e9l\u00e9command\u00e9, vous appr\u00e9cierez le plaisir anal &amp; p\u00e9rin\u00e9al que vous n&#8217;\u00e9prouvez jamais<\/p>\n<p>10 Stimulations puissantes et t\u00e9l\u00e9commande, ce vibrateur portable dispose de 10 types de modes de succion et de vibration pour diff\u00e9rentes intensit\u00e9s de stimulation sexuelle. Avec la t\u00e9l\u00e9commande, vous pouvez la contr\u00f4ler plus facilement<\/p>\n<p>Silicone pour le corps et 99.99% \u00e9tanche ce vibromasseur clito est fabriqu\u00e9 en silicone lisse ultra-doux, doux pour la peau et velout\u00e9. Il est compl\u00e8tement \u00e9tanche pour le plaisir de la salle de bain<\/p>\n<p style=\"font-family: 'Open Sans', Roboto, Arial, Helvetica, sans-serif, SimSun; font-size: 14px; font-weight: 400; letter-spacing: normal; line-height: inherit; text-align: start; white-space: normal; color: #222222; background-color: #ffffff; margin: 0px; padding: 0px; box-sizing: border-box;\" align=\"start\"><span style=\"font-size: 16px;\"><strong>Pas de mode de contr\u00f4le d&#8217;application:<\/strong><\/span><\/p>\n<p style=\"font-family: 'Open Sans', Roboto, Arial, Helvetica, sans-serif, SimSun; font-size: 14px; font-weight: 400; letter-spacing: normal; line-height: inherit; text-align: start; white-space: normal; color: #222222; background-color: #ffffff; margin: 0px; padding: 0px; box-sizing: border-box;\" align=\"start\"><span style=\"font-size: 16px;\">Appuyez et maintenez le bouton d&#8217;alimentation pendant 3 \u00e0 5 secondes pour allumer, puis appuyez bri\u00e8vement sur le bouton d&#8217;alimentation pour augmenter le mode de vibration.<\/span><\/p>\n<div style=\"font-family: 'Open Sans', Roboto, Arial, Helvetica, sans-serif, SimSun; font-size: 14px; font-weight: 400; letter-spacing: normal; text-align: start; white-space: normal; color: #222222; background-color: #ffffff; margin: 0px; padding: 0px; box-sizing: content-box;\" align=\"start\"><\/div>\n<div style=\"font-family: 'Open Sans', Roboto, Arial, Helvetica, sans-serif, SimSun; font-size: 14px; font-weight: 400; letter-spacing: normal; text-align: start; white-space: normal; color: #222222; background-color: #ffffff; margin: 0px; padding: 0px; box-sizing: content-box;\" align=\"start\">\n<div style=\"margin: 0px; padding: 0px; box-sizing: content-box;\">\n<div style=\"margin: 0px; padding: 0px; box-sizing: content-box;\">\n<p style=\"font-size: 14px; font-weight: 400; line-height: inherit; margin: 0px; padding: 0px; box-sizing: border-box;\"><span style=\"font-size: 16px;\"><strong>Guide de connexion d&#8217;application:<\/strong><\/span><\/p>\n<p class=\"MsoNormal\" style=\"font-size: 14px; font-weight: 400; line-height: inherit; margin: 0px; padding: 0px; box-sizing: border-box;\"><span style=\"font-size: 16px;\"><strong>Veuillez garder le Bluetooth allum\u00e9 de votre t\u00e9l\u00e9phone<\/strong><\/span><\/p>\n<p class=\"MsoNormal\" style=\"font-size: 14px; font-weight: 400; line-height: inherit; margin: 0px; padding: 0px; box-sizing: border-box;\"><span style=\"font-size: 16px;\">1. Scannez l&#8217;application conjoint d&#8217;amour QR et t\u00e9l\u00e9chargez l&#8217;application (ou recherchez &#8220;conjoint d&#8217;amour&#8221; dans App store ) . Cliquez sur &#8220;nouvel utilisateur&#8221; pour vous inscrire et m\u00e9moriser votre compte.<\/span><\/p>\n<p class=\"MsoNormal\" style=\"font-size: 14px; font-weight: 400; line-height: inherit; margin: 0px; padding: 0px; box-sizing: border-box;\"><span style=\"font-size: 16px;\">2. Cliquez sur &#8220;+&#8221; sur l&#8217;application pour scanner CD16 QR ou ajouter le code de produit 2091 pour connecter le vibrateur \u00e0 l&#8217;application.<\/span><\/p>\n<p class=\"MsoNormal\" style=\"font-size: 14px; font-weight: 400; line-height: inherit; margin: 0px; padding: 0px; box-sizing: border-box;\"><span style=\"font-size: 16px;\">3. Appuyez sur le bouton d&#8217;alimentation du vibreur et maintenez-le enfonc\u00e9 pendant 3 \u00e0 5 secondes pour l&#8217;allumer.<\/span><\/p>\n<p class=\"MsoNormal\" style=\"font-size: 14px; font-weight: 400; line-height: inherit; margin: 0px; padding: 0px; box-sizing: border-box;\"><span style=\"font-size: 16px;\">4. Utilisez votre t\u00e9l\u00e9phone pour contr\u00f4ler le vibrateur.<\/span><\/p>\n<p class=\"MsoNormal\" style=\"font-size: 14px; font-weight: 400; line-height: inherit; margin: 0px; padding: 0px; box-sizing: border-box;\"><span style=\"font-size: 16px;\"><strong>Contr\u00f4le de partenaire:<\/strong><\/span><\/p>\n<p class=\"MsoNormal\" style=\"font-size: 14px; font-weight: 400; line-height: inherit; margin: 0px; padding: 0px; box-sizing: border-box;\"><span style=\"font-size: 16px;\">5. Demandez \u00e0 votre partenaire de t\u00e9l\u00e9charger \u00abamour conjoint\u00bb et de s&#8217;inscrire.<\/span><\/p>\n<p class=\"MsoNormal\" style=\"font-size: 14px; font-weight: 400; line-height: inherit; margin: 0px; padding: 0px; box-sizing: border-box;\"><span style=\"font-size: 16px;\">6. Cliquez sur mon appareil, choisissez le dernier mode: mode interactif, ajoutez et recherchez votre partnter en tant qu&#8217;ami, puis demandez-lui de l&#8217;accepter.<\/span><\/p>\n<p class=\"MsoNormal\" style=\"font-size: 14px; font-weight: 400; line-height: inherit; margin: 0px; padding: 0px; box-sizing: border-box;\"><span style=\"font-size: 16px;\">7. Cliquez sur mon appareil, choisissez le mode interactif, invitez votre partenaire \u00e0 contr\u00f4ler le service.<\/span><\/p>\n<p class=\"MsoNormal\" style=\"font-size: 14px; font-weight: 400; line-height: inherit; margin: 0px; padding: 0px; box-sizing: border-box;\"><img decoding=\"async\" src=\"https:\/\/ae01.alicdn.com\/kf\/Sf99c1c6f1e124a1b8898106d37a202193.jpg\" \/><\/p>\n<\/div>\n<\/div>\n<\/div>\n<p><img decoding=\"async\" src=\"https:\/\/ae01.alicdn.com\/kf\/S2a77d23aece44dbab5b5c9a6d240b1db0.gif\" \/><img decoding=\"async\" src=\"https:\/\/ae01.alicdn.com\/kf\/S2c91ebc5bbd84854bc980cfbb2ab76efH.gif\" \/><img decoding=\"async\" src=\"https:\/\/ae01.alicdn.com\/kf\/Sb7191b4b296144ab8d5a921a7a554706P.gif\" \/><img decoding=\"async\" src=\"https:\/\/ae01.alicdn.com\/kf\/S4f8d5a2adeea4c868e0f07254682ce35k.gif\" \/><img decoding=\"async\" src=\"https:\/\/ae01.alicdn.com\/kf\/S607663d2d8a046ae90ba7637c0301565G.gif\" \/><img decoding=\"async\" src=\"https:\/\/ae01.alicdn.com\/kf\/S6940ff7556e64e00a0d35c88f049b88cD.gif\" \/><img decoding=\"async\" src=\"https:\/\/ae01.alicdn.com\/kf\/S0dbf953af681496da0ee39b246aa4aeeB.gif\" \/><img decoding=\"async\" src=\"https:\/\/ae01.alicdn.com\/kf\/Scfdecd0ec1184bb8b978a4f869979d7eg.gif\" \/><img decoding=\"async\" src=\"https:\/\/ae01.alicdn.com\/kf\/S0a6f04ca2d4b4f75a1c63169e18182d8x.gif\" \/><img decoding=\"async\" src=\"https:\/\/ae01.alicdn.com\/kf\/S3d392625f3dd48a9839053c0f745365eA.gif\" \/><img decoding=\"async\" src=\"https:\/\/ae01.alicdn.com\/kf\/S3bd182d2c62c4900909db61cd010d544y.gif\" \/><\/p>\n<p><img decoding=\"async\" src=\"https:\/\/ae01.alicdn.com\/kf\/H11e859f8bf4f4893ae0ad53e4868d2766.jpg?width=1000&amp;height=1156&amp;hash=2156\" \/><img decoding=\"async\" src=\"https:\/\/ae01.alicdn.com\/kf\/H0964bf234f334582984a22c19c637febT.jpg?width=1000&amp;height=1000&amp;hash=2000\" \/><img decoding=\"async\" src=\"https:\/\/ae01.alicdn.com\/kf\/H34f454f5496041bdaaafd2ed99e127cfN.jpg?width=1000&amp;height=3505&amp;hash=4505\" \/><\/p>\n<\/div>\n<\/div>\n","protected":false},"excerpt":{"rendered":"<p>Mimic Oral Sex donne des orgasmes hors de ce monde Van clitoridien vibrateur fonctionne en sucant clito pour d\u00e9livrer jambe secouant orgasmes \u00e0 la vol\u00e9e. Certaines femmes ont m\u00eame d\u00e9clar\u00e9 avoir des orgasmes en moins de 60 secs Une enqu\u00eate \u00e0 double Action sur le clito et le G Spot a r\u00e9v\u00e9l\u00e9 que 89% des femmes n&#8217;ont jamais connu d&#8217;orgasmes \u00e0 double sexe, ce qui est consid\u00e9r\u00e9 comme le plus convoit\u00e9 par les femmes. Pr\u00e9parez-vous pour le O m\u00e9lang\u00e9 avec ce masseur clitoridien Une toute nouvelle culture de faiseurs de plaisir pour les hommes veulent un plaisir sexuel sp\u00e9cial pour<\/p>\n","protected":false},"featured_media":6222,"comment_status":"open","ping_status":"closed","template":"","meta":{"_joinchat":[]},"etheme_brands":[],"product_cat":[46,62],"product_tag":[],"yoast_head":"<!-- This site is optimized with the Yoast SEO Premium plugin v19.3 (Yoast SEO v21.5) - https:\/\/yoast.com\/wordpress\/plugins\/seo\/ -->\n<title>- Achetez et Commandez Discr\u00e8tement vos G Spot \u2013 vibromasseur avec application Bluetooth pour femme au Cameroun -<\/title>\n<meta name=\"description\" content=\"Commandez vos meilleurs G Spot \u2013 vibromasseur avec application Bluetooth pour femme \u00e0 bons prix partout au Cameroun et faites vous livrer discr\u00e8tement, sur H\u00e9donia, le meilleur site de vente en ligne de sextoys au Cameroun. - Whatsapp: +237 672588687\" \/>\n<meta name=\"robots\" content=\"index, follow, max-snippet:-1, max-image-preview:large, max-video-preview:-1\" \/>\n<link rel=\"canonical\" href=\"https:\/\/sexshop.cm\/produit\/g-spot-vibromasseur-avec-application-bluetooth-pour-femme\/\" \/>\n<meta property=\"og:locale\" content=\"en_US\" \/>\n<meta property=\"og:type\" content=\"article\" \/>\n<meta property=\"og:title\" content=\"G Spot \u2013 vibromasseur avec application Bluetooth pour femme\" \/>\n<meta property=\"og:description\" content=\"G Spot \u2013 vibromasseur avec application Bluetooth pour femme - H\u00e9donia\" \/>\n<meta property=\"og:url\" content=\"https:\/\/sexshop.cm\/produit\/g-spot-vibromasseur-avec-application-bluetooth-pour-femme\/\" \/>\n<meta property=\"og:site_name\" content=\"H\u00e9donia\" \/>\n<meta property=\"article:modified_time\" content=\"2023-11-04T13:22:05+00:00\" \/>\n<meta property=\"og:image\" content=\"http:\/\/sexshop.cm\/wp-content\/uploads\/2022\/10\/G-Spot-vibromasseur-avec-application-Bluetooth-pour-femme-stimulateur-de-Clitoris-avec-t-l-commande-jouet.jpg\" \/>\n\t<meta property=\"og:image:width\" content=\"1000\" \/>\n\t<meta property=\"og:image:height\" content=\"1000\" \/>\n\t<meta property=\"og:image:type\" content=\"image\/jpeg\" \/>\n<meta name=\"twitter:card\" content=\"summary_large_image\" \/>\n<meta name=\"twitter:label1\" content=\"Price\" \/>\n\t<meta name=\"twitter:data1\" content=\"40000&nbsp;CFA\" \/>\n\t<meta name=\"twitter:label2\" content=\"Availability\" \/>\n\t<meta name=\"twitter:data2\" content=\"Out of stock\" \/>\n<script type=\"application\/ld+json\" class=\"yoast-schema-graph\">{\"@context\":\"https:\/\/schema.org\",\"@graph\":[{\"@type\":\"WebPage\",\"@id\":\"https:\/\/sexshop.cm\/produit\/g-spot-vibromasseur-avec-application-bluetooth-pour-femme\/\",\"url\":\"https:\/\/sexshop.cm\/produit\/g-spot-vibromasseur-avec-application-bluetooth-pour-femme\/\",\"name\":\"- Achetez et Commandez Discr\u00e8tement vos G Spot \u2013 vibromasseur avec application Bluetooth pour femme au Cameroun -\",\"isPartOf\":{\"@id\":\"https:\/\/sexshop.cm\/#website\"},\"datePublished\":\"2022-10-04T07:41:08+00:00\",\"dateModified\":\"2023-11-04T13:22:05+00:00\",\"description\":\"Commandez vos meilleurs G Spot \u2013 vibromasseur avec application Bluetooth pour femme \u00e0 bons prix partout au Cameroun et faites vous livrer discr\u00e8tement, sur H\u00e9donia, le meilleur site de vente en ligne de sextoys au Cameroun. - Whatsapp: +237 672588687\",\"breadcrumb\":{\"@id\":\"https:\/\/sexshop.cm\/produit\/g-spot-vibromasseur-avec-application-bluetooth-pour-femme\/#breadcrumb\"},\"inLanguage\":\"en-US\",\"potentialAction\":[{\"@type\":\"ReadAction\",\"target\":[\"https:\/\/sexshop.cm\/produit\/g-spot-vibromasseur-avec-application-bluetooth-pour-femme\/\"]}]},{\"@type\":\"BreadcrumbList\",\"@id\":\"https:\/\/sexshop.cm\/produit\/g-spot-vibromasseur-avec-application-bluetooth-pour-femme\/#breadcrumb\",\"itemListElement\":[{\"@type\":\"ListItem\",\"position\":1,\"name\":\"Accueil\",\"item\":\"https:\/\/sexshop.cm\/en\/online-sexshop-in-cameroon\/\"},{\"@type\":\"ListItem\",\"position\":2,\"name\":\"Shop\",\"item\":\"https:\/\/sexshop.cm\/shop\/\"},{\"@type\":\"ListItem\",\"position\":3,\"name\":\"G Spot \u2013 vibromasseur avec application Bluetooth pour femme\"}]},{\"@type\":\"WebSite\",\"@id\":\"https:\/\/sexshop.cm\/#website\",\"url\":\"https:\/\/sexshop.cm\/\",\"name\":\"H\u00e9donia\",\"description\":\"SexShop en ligne - Boutique de sextoys et objets coquins en ligne au Cameroun\",\"publisher\":{\"@id\":\"https:\/\/sexshop.cm\/#organization\"},\"potentialAction\":[{\"@type\":\"SearchAction\",\"target\":{\"@type\":\"EntryPoint\",\"urlTemplate\":\"https:\/\/sexshop.cm\/?s={search_term_string}\"},\"query-input\":\"required name=search_term_string\"}],\"inLanguage\":\"en-US\"},{\"@type\":\"Organization\",\"@id\":\"https:\/\/sexshop.cm\/#organization\",\"name\":\"H\u00e9donia\",\"alternateName\":\"Boutique de Sextoys en ligne au Cameroun\",\"url\":\"https:\/\/sexshop.cm\/\",\"logo\":{\"@type\":\"ImageObject\",\"inLanguage\":\"en-US\",\"@id\":\"https:\/\/sexshop.cm\/#\/schema\/logo\/image\/\",\"url\":\"https:\/\/sexshop.cm\/wp-content\/uploads\/2022\/10\/logo-680-hedonia.png.200x100_q85_background-f8f9fa.png\",\"contentUrl\":\"https:\/\/sexshop.cm\/wp-content\/uploads\/2022\/10\/logo-680-hedonia.png.200x100_q85_background-f8f9fa.png\",\"width\":2222,\"height\":534,\"caption\":\"H\u00e9donia\"},\"image\":{\"@id\":\"https:\/\/sexshop.cm\/#\/schema\/logo\/image\/\"}}]}<\/script>\n<meta property=\"product:price:amount\" content=\"40000\" \/>\n<meta property=\"product:price:currency\" content=\"XAF\" \/>\n<meta property=\"og:availability\" content=\"out of stock\" \/>\n<meta property=\"product:availability\" content=\"out of stock\" \/>\n<meta property=\"product:retailer_item_id\" content=\"1005003396481688\" \/>\n<meta property=\"product:condition\" content=\"new\" \/>\n<!-- \/ Yoast SEO Premium plugin. -->","yoast_head_json":{"title":"- Achetez et Commandez Discr\u00e8tement vos G Spot \u2013 vibromasseur avec application Bluetooth pour femme au Cameroun -","description":"Commandez vos meilleurs G Spot \u2013 vibromasseur avec application Bluetooth pour femme \u00e0 bons prix partout au Cameroun et faites vous livrer discr\u00e8tement, sur H\u00e9donia, le meilleur site de vente en ligne de sextoys au Cameroun. - Whatsapp: +237 672588687","robots":{"index":"index","follow":"follow","max-snippet":"max-snippet:-1","max-image-preview":"max-image-preview:large","max-video-preview":"max-video-preview:-1"},"canonical":"https:\/\/sexshop.cm\/produit\/g-spot-vibromasseur-avec-application-bluetooth-pour-femme\/","og_locale":"en_US","og_type":"article","og_title":"G Spot \u2013 vibromasseur avec application Bluetooth pour femme","og_description":"G Spot \u2013 vibromasseur avec application Bluetooth pour femme - H\u00e9donia","og_url":"https:\/\/sexshop.cm\/produit\/g-spot-vibromasseur-avec-application-bluetooth-pour-femme\/","og_site_name":"H\u00e9donia","article_modified_time":"2023-11-04T13:22:05+00:00","og_image":[{"width":1000,"height":1000,"url":"http:\/\/sexshop.cm\/wp-content\/uploads\/2022\/10\/G-Spot-vibromasseur-avec-application-Bluetooth-pour-femme-stimulateur-de-Clitoris-avec-t-l-commande-jouet.jpg","type":"image\/jpeg"}],"twitter_card":"summary_large_image","twitter_misc":{"Price":"40000&nbsp;CFA","Availability":"Out of stock"},"schema":{"@context":"https:\/\/schema.org","@graph":[{"@type":"WebPage","@id":"https:\/\/sexshop.cm\/produit\/g-spot-vibromasseur-avec-application-bluetooth-pour-femme\/","url":"https:\/\/sexshop.cm\/produit\/g-spot-vibromasseur-avec-application-bluetooth-pour-femme\/","name":"- Achetez et Commandez Discr\u00e8tement vos G Spot \u2013 vibromasseur avec application Bluetooth pour femme au Cameroun -","isPartOf":{"@id":"https:\/\/sexshop.cm\/#website"},"datePublished":"2022-10-04T07:41:08+00:00","dateModified":"2023-11-04T13:22:05+00:00","description":"Commandez vos meilleurs G Spot \u2013 vibromasseur avec application Bluetooth pour femme \u00e0 bons prix partout au Cameroun et faites vous livrer discr\u00e8tement, sur H\u00e9donia, le meilleur site de vente en ligne de sextoys au Cameroun. - Whatsapp: +237 672588687","breadcrumb":{"@id":"https:\/\/sexshop.cm\/produit\/g-spot-vibromasseur-avec-application-bluetooth-pour-femme\/#breadcrumb"},"inLanguage":"en-US","potentialAction":[{"@type":"ReadAction","target":["https:\/\/sexshop.cm\/produit\/g-spot-vibromasseur-avec-application-bluetooth-pour-femme\/"]}]},{"@type":"BreadcrumbList","@id":"https:\/\/sexshop.cm\/produit\/g-spot-vibromasseur-avec-application-bluetooth-pour-femme\/#breadcrumb","itemListElement":[{"@type":"ListItem","position":1,"name":"Accueil","item":"https:\/\/sexshop.cm\/en\/online-sexshop-in-cameroon\/"},{"@type":"ListItem","position":2,"name":"Shop","item":"https:\/\/sexshop.cm\/shop\/"},{"@type":"ListItem","position":3,"name":"G Spot \u2013 vibromasseur avec application Bluetooth pour femme"}]},{"@type":"WebSite","@id":"https:\/\/sexshop.cm\/#website","url":"https:\/\/sexshop.cm\/","name":"H\u00e9donia","description":"SexShop en ligne - Boutique de sextoys et objets coquins en ligne au Cameroun","publisher":{"@id":"https:\/\/sexshop.cm\/#organization"},"potentialAction":[{"@type":"SearchAction","target":{"@type":"EntryPoint","urlTemplate":"https:\/\/sexshop.cm\/?s={search_term_string}"},"query-input":"required name=search_term_string"}],"inLanguage":"en-US"},{"@type":"Organization","@id":"https:\/\/sexshop.cm\/#organization","name":"H\u00e9donia","alternateName":"Boutique de Sextoys en ligne au Cameroun","url":"https:\/\/sexshop.cm\/","logo":{"@type":"ImageObject","inLanguage":"en-US","@id":"https:\/\/sexshop.cm\/#\/schema\/logo\/image\/","url":"https:\/\/sexshop.cm\/wp-content\/uploads\/2022\/10\/logo-680-hedonia.png.200x100_q85_background-f8f9fa.png","contentUrl":"https:\/\/sexshop.cm\/wp-content\/uploads\/2022\/10\/logo-680-hedonia.png.200x100_q85_background-f8f9fa.png","width":2222,"height":534,"caption":"H\u00e9donia"},"image":{"@id":"https:\/\/sexshop.cm\/#\/schema\/logo\/image\/"}}]},"product_price_amount":"40000","product_price_currency":"XAF","og_availability":"out of stock","product_availability":"out of stock","product_retailer_item_id":"1005003396481688","product_condition":"new"},"_links":{"self":[{"href":"https:\/\/sexshop.cm\/en\/wp-json\/wp\/v2\/product\/6221"}],"collection":[{"href":"https:\/\/sexshop.cm\/en\/wp-json\/wp\/v2\/product"}],"about":[{"href":"https:\/\/sexshop.cm\/en\/wp-json\/wp\/v2\/types\/product"}],"replies":[{"embeddable":true,"href":"https:\/\/sexshop.cm\/en\/wp-json\/wp\/v2\/comments?post=6221"}],"wp:featuredmedia":[{"embeddable":true,"href":"https:\/\/sexshop.cm\/en\/wp-json\/wp\/v2\/media\/6222"}],"wp:attachment":[{"href":"https:\/\/sexshop.cm\/en\/wp-json\/wp\/v2\/media?parent=6221"}],"wp:term":[{"taxonomy":"brand","embeddable":true,"href":"https:\/\/sexshop.cm\/en\/wp-json\/wp\/v2\/etheme_brands?post=6221"},{"taxonomy":"product_cat","embeddable":true,"href":"https:\/\/sexshop.cm\/en\/wp-json\/wp\/v2\/product_cat?post=6221"},{"taxonomy":"product_tag","embeddable":true,"href":"https:\/\/sexshop.cm\/en\/wp-json\/wp\/v2\/product_tag?post=6221"}],"curies":[{"name":"wp","href":"https:\/\/api.w.org\/{rel}","templated":true}]}}