{"id":6232,"date":"2022-10-04T08:41:13","date_gmt":"2022-10-04T07:41:13","guid":{"rendered":"https:\/\/sexshop.cm\/produit\/preservatifs-vibrants-pour-hommes\/"},"modified":"2025-05-24T03:33:24","modified_gmt":"2025-05-24T02:33:24","slug":"preservatifs-vibrants-pour-hommes","status":"publish","type":"product","link":"https:\/\/sexshop.cm\/en\/produit\/preservatifs-vibrants-pour-hommes\/","title":{"rendered":"Pr\u00e9servatifs vibrants pour hommes,"},"content":{"rendered":"<div class=\"detailmodule_html\">\n<div class=\"detail-desc-decorate-richtext\">\n<div class=\"detailmodule_html\">\n<div class=\"detail-desc-decorate-richtext\">\n<div class=\"detailmodule_html\">\n<div class=\"detail-desc-decorate-richtext\">\n<div class=\"detailmodule_text-image\">\n<div class=\"detailmodule_text-image\">\n<p>Pr\u00e9servatifs vibrants pour hommes, r\u00e9utilisables, agrandissement, gode, vibrateur, p\u00e9nis, anneau, manchon, adulte, Sex Shop, jouet sexuel pour Couples<\/p>\n<p>Sp\u00e9cification:<br \/>Mat\u00e9riau: TPE + ABS<br \/>Taille de l&#8217;article: 140*58*50mm<br \/>Vibration: fr\u00e9quence unique\/fr\u00e9quence 10<br \/>Son de fonctionnement: \u2264 50db<br \/>Alimentation: 2 piles boutons CR1616\/chargement USB<\/p>\n<p>Caract\u00e9ristique:<br \/>Le vrai manchon de gode est pour l&#8217;agrandissement du p\u00e9nis masculin.<br \/>Prolongateur de p\u00e9nis, stimule parfaitement le point g f\u00e9minin.<br \/>Mat\u00e9riau confortable, forme de simulation, perle vibrante d\u00e9tachable<\/p>\n<\/div>\n<div><img decoding=\"async\" class=\"detail-desc-decorate-image\" src=\"https:\/\/ae01.alicdn.com\/kf\/H1f50fd7f77904fee9e788856d723c236h.jpg\" \/><img decoding=\"async\" class=\"detail-desc-decorate-image\" src=\"https:\/\/ae01.alicdn.com\/kf\/H0d44c9f7d2bc486b85c64b1df31f2fc66.jpg\" \/><img decoding=\"async\" class=\"detail-desc-decorate-image\" src=\"https:\/\/ae01.alicdn.com\/kf\/H9a2f8d4d22c54760b6388f5190d315ceK.jpg\" \/><img decoding=\"async\" class=\"detail-desc-decorate-image\" src=\"https:\/\/ae01.alicdn.com\/kf\/H716164d4e4c8442086dcdd0613f0f119N.jpg\" \/><img decoding=\"async\" class=\"detail-desc-decorate-image\" src=\"https:\/\/ae01.alicdn.com\/kf\/H6e6a24f56b414d7bb56dc22d0c67f679b.jpg\" \/><img decoding=\"async\" class=\"detail-desc-decorate-image\" src=\"https:\/\/ae01.alicdn.com\/kf\/H3f3912f4470749fbbcad6612b9b6ef40j.jpg\" \/><img decoding=\"async\" class=\"detail-desc-decorate-image\" src=\"https:\/\/ae01.alicdn.com\/kf\/H2cef077f66dd41cbaabe5c9c9a4c4f805.jpg\" \/><img decoding=\"async\" class=\"detail-desc-decorate-image\" src=\"https:\/\/ae01.alicdn.com\/kf\/H258eb6060a58422b9bc3339d50c526b4t.jpg\" \/><img decoding=\"async\" class=\"detail-desc-decorate-image\" src=\"https:\/\/ae01.alicdn.com\/kf\/H3aa21e06ca294f16b27c4e656f3da09dM.jpg\" \/><img decoding=\"async\" class=\"detail-desc-decorate-image\" src=\"https:\/\/ae01.alicdn.com\/kf\/H4decd5b413ef497888c509cb6af225b7g.jpg\" \/><img decoding=\"async\" class=\"detail-desc-decorate-image\" src=\"https:\/\/ae01.alicdn.com\/kf\/H2b81fc6f00874f5fb56f78cf9b04be36h.jpg\" \/><img decoding=\"async\" class=\"detail-desc-decorate-image\" src=\"https:\/\/ae01.alicdn.com\/kf\/Heaa9cd6b05cf4baebfad989fa1b675bbl.jpg\" \/><img decoding=\"async\" class=\"detail-desc-decorate-image\" src=\"https:\/\/ae01.alicdn.com\/kf\/H4622f6d8dd874e89a4f187524bbae05b9.jpg\" \/><img decoding=\"async\" class=\"detail-desc-decorate-image\" src=\"https:\/\/ae01.alicdn.com\/kf\/H4bc02f4357594b76acddd18075ab4c054.jpg\" \/><img decoding=\"async\" src=\"https:\/\/ae01.alicdn.com\/kf\/Hf3e05fa5452f4dd297be20c4db872421E.jpg\" \/><img decoding=\"async\" class=\"detail-desc-decorate-image\" src=\"https:\/\/ae01.alicdn.com\/kf\/Hdd370e0da66646a980f2241a30a439d7z.jpg\" \/><img decoding=\"async\" class=\"detail-desc-decorate-image\" src=\"https:\/\/ae01.alicdn.com\/kf\/H9a4ae6d6bdb14a65bc90cb4966a01046L.jpg\" \/><img decoding=\"async\" class=\"detail-desc-decorate-image\" src=\"https:\/\/ae01.alicdn.com\/kf\/Hd25e1e8537914b18a9d161cdb1e920d0J.jpg\" \/><img decoding=\"async\" class=\"detail-desc-decorate-image\" src=\"https:\/\/ae01.alicdn.com\/kf\/Hc551b7eee03842c2b2fe092bd8fc9875E.jpg\" width=\"944\" height=\"944\" \/><\/div>\n<div><img decoding=\"async\" src=\"https:\/\/ae01.alicdn.com\/kf\/Hb9abdb6050f94e169d19f672e0a017348.jpg\" \/><img decoding=\"async\" src=\"https:\/\/ae01.alicdn.com\/kf\/H8c5c371526eb4da1a92e4042d2eaa3dfx.jpg\" \/><img decoding=\"async\" src=\"https:\/\/ae01.alicdn.com\/kf\/H23e405ff49f44232960f08c3b4796e0fU.jpg\" \/><img decoding=\"async\" src=\"https:\/\/ae01.alicdn.com\/kf\/H2420d70c52714062b648067490b3082ax.jpg\" \/><img decoding=\"async\" src=\"https:\/\/ae01.alicdn.com\/kf\/H33c2f495711047bf84fbabb123ead0ebv.jpg\" \/><img decoding=\"async\" src=\"https:\/\/ae01.alicdn.com\/kf\/H436d912091c948a2a1c4878509696c9es.jpg\" \/><img decoding=\"async\" src=\"https:\/\/ae01.alicdn.com\/kf\/H9be507c48967452f9c0ef7aacc727069L.jpg\" \/><img decoding=\"async\" src=\"https:\/\/ae01.alicdn.com\/kf\/H27acfa23351e494b88fd7f2cb418f673d.jpg\" \/><img decoding=\"async\" src=\"https:\/\/ae01.alicdn.com\/kf\/H179b5769085b4a21b1210de9d49f1286e.jpg\" \/><img decoding=\"async\" src=\"https:\/\/ae01.alicdn.com\/kf\/H515e1b508764402ba6138cca9fa78b70X.jpg\" \/><img decoding=\"async\" src=\"https:\/\/ae01.alicdn.com\/kf\/H85ce7018bab64b3ca7a1cfc6b839866fY.jpg\" \/><img decoding=\"async\" src=\"https:\/\/ae01.alicdn.com\/kf\/Hb4527083ce4d478f98e3ed8584ce3568e.jpg\" \/><img decoding=\"async\" src=\"https:\/\/ae01.alicdn.com\/kf\/H155b9f9e9f1a4b63926ad80b18f7b855W.jpg\" \/><img decoding=\"async\" src=\"https:\/\/ae01.alicdn.com\/kf\/Hde5be327144344f8a4630a9f9f6a8f44p.jpg\" \/><img decoding=\"async\" src=\"https:\/\/ae01.alicdn.com\/kf\/H5344a89fa48547f3b2088513f1634bf0g.jpg\" \/><img decoding=\"async\" src=\"https:\/\/ae01.alicdn.com\/kf\/Ha4ffa93a3cad480fbf9096672576b64ef.jpg\" \/><img decoding=\"async\" src=\"https:\/\/ae01.alicdn.com\/kf\/H9fc0b32eeb744e23b95b004a73a8a9fbq.jpg\" \/><img decoding=\"async\" src=\"https:\/\/ae01.alicdn.com\/kf\/H2f58f7cf57f34b5a8912b39e4f99ad43p.jpg\" \/><img decoding=\"async\" src=\"https:\/\/ae01.alicdn.com\/kf\/H7441ecb1ea24450c84b1a8fcef33d31bv.jpg\" \/><img decoding=\"async\" src=\"https:\/\/ae01.alicdn.com\/kf\/H71cbaf3f94464bf0990a22d771ceb694I.jpg\" \/><img decoding=\"async\" src=\"https:\/\/ae01.alicdn.com\/kf\/Hef51ac779c304265afda68ca7fec82d9V.jpg\" \/><img decoding=\"async\" src=\"https:\/\/ae01.alicdn.com\/kf\/H8fe44f940e034b8ca3b18173696c6c81N.jpg\" \/><img decoding=\"async\" src=\"https:\/\/ae01.alicdn.com\/kf\/H8b3eb200a68b4ff084412f65a42743d1v.jpg\" \/><\/div>\n<\/div>\n<div class=\"detailmodule_html\">\n<div class=\"detail-desc-decorate-richtext\">\n<p><span style=\"font-size: 18px;\">\u00a0<\/span><\/p>\n<\/div>\n<\/div>\n<p>\u00a0<\/p>\n<\/div>\n<\/div>\n<div>\u00a0<\/div>\n<\/div>\n<\/div>\n<p>\u00a0<\/p>\n<\/div>\n<\/div>\n","protected":false},"excerpt":{"rendered":"<p>Pr\u00e9servatifs vibrants pour hommes, r\u00e9utilisables, agrandissement, gode, vibrateur, p\u00e9nis, anneau, manchon, adulte, Sex Shop, jouet sexuel pour Couples Sp\u00e9cification:Mat\u00e9riau: TPE + ABSTaille de l&#8217;article: 140*58*50mmVibration: fr\u00e9quence unique\/fr\u00e9quence 10Son de fonctionnement: \u2264 50dbAlimentation: 2 piles boutons CR1616\/chargement USB Caract\u00e9ristique:Le vrai manchon de gode est pour l&#8217;agrandissement du p\u00e9nis masculin.Prolongateur de p\u00e9nis, stimule parfaitement le point g f\u00e9minin.Mat\u00e9riau confortable, forme de simulation, perle vibrante d\u00e9tachable \u00a0 \u00a0 \u00a0 \u00a0<\/p>\n","protected":false},"featured_media":6234,"comment_status":"open","ping_status":"closed","template":"","meta":{"_joinchat":[]},"etheme_brands":[],"product_cat":[78,72,52,46],"product_tag":[],"yoast_head":"<!-- This site is optimized with the Yoast SEO Premium plugin v19.3 (Yoast SEO v21.5) - https:\/\/yoast.com\/wordpress\/plugins\/seo\/ -->\n<title>- Achetez et Commandez Discr\u00e8tement vos Pr\u00e9servatifs vibrants pour hommes, au Cameroun -<\/title>\n<meta name=\"description\" content=\"Commandez vos meilleurs Pr\u00e9servatifs vibrants pour hommes, \u00e0 bons prix partout au Cameroun et faites vous livrer discr\u00e8tement, sur H\u00e9donia, le meilleur site de vente en ligne de sextoys au Cameroun. - Whatsapp: +237 672588687\" \/>\n<meta name=\"robots\" content=\"index, follow, max-snippet:-1, max-image-preview:large, max-video-preview:-1\" \/>\n<link rel=\"canonical\" href=\"https:\/\/sexshop.cm\/produit\/preservatifs-vibrants-pour-hommes\/\" \/>\n<meta property=\"og:locale\" content=\"en_US\" \/>\n<meta property=\"og:type\" content=\"article\" \/>\n<meta property=\"og:title\" content=\"Pr\u00e9servatifs vibrants pour hommes,\" \/>\n<meta property=\"og:description\" content=\"Pr\u00e9servatifs vibrants pour hommes, - H\u00e9donia\" \/>\n<meta property=\"og:url\" content=\"https:\/\/sexshop.cm\/produit\/preservatifs-vibrants-pour-hommes\/\" \/>\n<meta property=\"og:site_name\" content=\"H\u00e9donia\" \/>\n<meta property=\"article:modified_time\" content=\"2025-05-24T02:33:24+00:00\" \/>\n<meta property=\"og:image\" content=\"http:\/\/sexshop.cm\/wp-content\/uploads\/2022\/10\/Pr-servatifs-vibrants-pour-hommes-r-utilisables-agrandissement-gode-vibrateur-p-nis-anneau-manchon-adulte-Sex.jpg\" \/>\n\t<meta property=\"og:image:width\" content=\"1000\" \/>\n\t<meta property=\"og:image:height\" content=\"1000\" \/>\n\t<meta property=\"og:image:type\" content=\"image\/jpeg\" \/>\n<meta name=\"twitter:card\" content=\"summary_large_image\" \/>\n<meta name=\"twitter:label1\" content=\"Availability\" \/>\n\t<meta name=\"twitter:data1\" content=\"Out of stock\" \/>\n<script type=\"application\/ld+json\" class=\"yoast-schema-graph\">{\"@context\":\"https:\/\/schema.org\",\"@graph\":[{\"@type\":\"WebPage\",\"@id\":\"https:\/\/sexshop.cm\/produit\/preservatifs-vibrants-pour-hommes\/\",\"url\":\"https:\/\/sexshop.cm\/produit\/preservatifs-vibrants-pour-hommes\/\",\"name\":\"- Achetez et Commandez Discr\u00e8tement vos Pr\u00e9servatifs vibrants pour hommes, au Cameroun -\",\"isPartOf\":{\"@id\":\"https:\/\/sexshop.cm\/#website\"},\"datePublished\":\"2022-10-04T07:41:13+00:00\",\"dateModified\":\"2025-05-24T02:33:24+00:00\",\"description\":\"Commandez vos meilleurs Pr\u00e9servatifs vibrants pour hommes, \u00e0 bons prix partout au Cameroun et faites vous livrer discr\u00e8tement, sur H\u00e9donia, le meilleur site de vente en ligne de sextoys au Cameroun. - Whatsapp: +237 672588687\",\"breadcrumb\":{\"@id\":\"https:\/\/sexshop.cm\/produit\/preservatifs-vibrants-pour-hommes\/#breadcrumb\"},\"inLanguage\":\"en-US\",\"potentialAction\":[{\"@type\":\"ReadAction\",\"target\":[\"https:\/\/sexshop.cm\/produit\/preservatifs-vibrants-pour-hommes\/\"]}]},{\"@type\":\"BreadcrumbList\",\"@id\":\"https:\/\/sexshop.cm\/produit\/preservatifs-vibrants-pour-hommes\/#breadcrumb\",\"itemListElement\":[{\"@type\":\"ListItem\",\"position\":1,\"name\":\"Accueil\",\"item\":\"https:\/\/sexshop.cm\/en\/online-sexshop-in-cameroon\/\"},{\"@type\":\"ListItem\",\"position\":2,\"name\":\"Shop\",\"item\":\"https:\/\/sexshop.cm\/shop\/\"},{\"@type\":\"ListItem\",\"position\":3,\"name\":\"Pr\u00e9servatifs vibrants pour hommes,\"}]},{\"@type\":\"WebSite\",\"@id\":\"https:\/\/sexshop.cm\/#website\",\"url\":\"https:\/\/sexshop.cm\/\",\"name\":\"H\u00e9donia\",\"description\":\"SexShop en ligne - Boutique de sextoys et objets coquins en ligne au Cameroun\",\"publisher\":{\"@id\":\"https:\/\/sexshop.cm\/#organization\"},\"potentialAction\":[{\"@type\":\"SearchAction\",\"target\":{\"@type\":\"EntryPoint\",\"urlTemplate\":\"https:\/\/sexshop.cm\/?s={search_term_string}\"},\"query-input\":\"required name=search_term_string\"}],\"inLanguage\":\"en-US\"},{\"@type\":\"Organization\",\"@id\":\"https:\/\/sexshop.cm\/#organization\",\"name\":\"H\u00e9donia\",\"alternateName\":\"Boutique de Sextoys en ligne au Cameroun\",\"url\":\"https:\/\/sexshop.cm\/\",\"logo\":{\"@type\":\"ImageObject\",\"inLanguage\":\"en-US\",\"@id\":\"https:\/\/sexshop.cm\/#\/schema\/logo\/image\/\",\"url\":\"https:\/\/sexshop.cm\/wp-content\/uploads\/2022\/10\/logo-680-hedonia.png.200x100_q85_background-f8f9fa.png\",\"contentUrl\":\"https:\/\/sexshop.cm\/wp-content\/uploads\/2022\/10\/logo-680-hedonia.png.200x100_q85_background-f8f9fa.png\",\"width\":2222,\"height\":534,\"caption\":\"H\u00e9donia\"},\"image\":{\"@id\":\"https:\/\/sexshop.cm\/#\/schema\/logo\/image\/\"}}]}<\/script>\n<meta property=\"og:availability\" content=\"out of stock\" \/>\n<meta property=\"product:availability\" content=\"out of stock\" \/>\n<meta property=\"product:retailer_item_id\" content=\"1005003281624108\" \/>\n<meta property=\"product:condition\" content=\"new\" \/>\n<!-- \/ Yoast SEO Premium plugin. -->","yoast_head_json":{"title":"- Achetez et Commandez Discr\u00e8tement vos Pr\u00e9servatifs vibrants pour hommes, au Cameroun -","description":"Commandez vos meilleurs Pr\u00e9servatifs vibrants pour hommes, \u00e0 bons prix partout au Cameroun et faites vous livrer discr\u00e8tement, sur H\u00e9donia, le meilleur site de vente en ligne de sextoys au Cameroun. - Whatsapp: +237 672588687","robots":{"index":"index","follow":"follow","max-snippet":"max-snippet:-1","max-image-preview":"max-image-preview:large","max-video-preview":"max-video-preview:-1"},"canonical":"https:\/\/sexshop.cm\/produit\/preservatifs-vibrants-pour-hommes\/","og_locale":"en_US","og_type":"article","og_title":"Pr\u00e9servatifs vibrants pour hommes,","og_description":"Pr\u00e9servatifs vibrants pour hommes, - H\u00e9donia","og_url":"https:\/\/sexshop.cm\/produit\/preservatifs-vibrants-pour-hommes\/","og_site_name":"H\u00e9donia","article_modified_time":"2025-05-24T02:33:24+00:00","og_image":[{"width":1000,"height":1000,"url":"http:\/\/sexshop.cm\/wp-content\/uploads\/2022\/10\/Pr-servatifs-vibrants-pour-hommes-r-utilisables-agrandissement-gode-vibrateur-p-nis-anneau-manchon-adulte-Sex.jpg","type":"image\/jpeg"}],"twitter_card":"summary_large_image","twitter_misc":{"Availability":"Out of stock"},"schema":{"@context":"https:\/\/schema.org","@graph":[{"@type":"WebPage","@id":"https:\/\/sexshop.cm\/produit\/preservatifs-vibrants-pour-hommes\/","url":"https:\/\/sexshop.cm\/produit\/preservatifs-vibrants-pour-hommes\/","name":"- Achetez et Commandez Discr\u00e8tement vos Pr\u00e9servatifs vibrants pour hommes, au Cameroun -","isPartOf":{"@id":"https:\/\/sexshop.cm\/#website"},"datePublished":"2022-10-04T07:41:13+00:00","dateModified":"2025-05-24T02:33:24+00:00","description":"Commandez vos meilleurs Pr\u00e9servatifs vibrants pour hommes, \u00e0 bons prix partout au Cameroun et faites vous livrer discr\u00e8tement, sur H\u00e9donia, le meilleur site de vente en ligne de sextoys au Cameroun. - Whatsapp: +237 672588687","breadcrumb":{"@id":"https:\/\/sexshop.cm\/produit\/preservatifs-vibrants-pour-hommes\/#breadcrumb"},"inLanguage":"en-US","potentialAction":[{"@type":"ReadAction","target":["https:\/\/sexshop.cm\/produit\/preservatifs-vibrants-pour-hommes\/"]}]},{"@type":"BreadcrumbList","@id":"https:\/\/sexshop.cm\/produit\/preservatifs-vibrants-pour-hommes\/#breadcrumb","itemListElement":[{"@type":"ListItem","position":1,"name":"Accueil","item":"https:\/\/sexshop.cm\/en\/online-sexshop-in-cameroon\/"},{"@type":"ListItem","position":2,"name":"Shop","item":"https:\/\/sexshop.cm\/shop\/"},{"@type":"ListItem","position":3,"name":"Pr\u00e9servatifs vibrants pour hommes,"}]},{"@type":"WebSite","@id":"https:\/\/sexshop.cm\/#website","url":"https:\/\/sexshop.cm\/","name":"H\u00e9donia","description":"SexShop en ligne - Boutique de sextoys et objets coquins en ligne au Cameroun","publisher":{"@id":"https:\/\/sexshop.cm\/#organization"},"potentialAction":[{"@type":"SearchAction","target":{"@type":"EntryPoint","urlTemplate":"https:\/\/sexshop.cm\/?s={search_term_string}"},"query-input":"required name=search_term_string"}],"inLanguage":"en-US"},{"@type":"Organization","@id":"https:\/\/sexshop.cm\/#organization","name":"H\u00e9donia","alternateName":"Boutique de Sextoys en ligne au Cameroun","url":"https:\/\/sexshop.cm\/","logo":{"@type":"ImageObject","inLanguage":"en-US","@id":"https:\/\/sexshop.cm\/#\/schema\/logo\/image\/","url":"https:\/\/sexshop.cm\/wp-content\/uploads\/2022\/10\/logo-680-hedonia.png.200x100_q85_background-f8f9fa.png","contentUrl":"https:\/\/sexshop.cm\/wp-content\/uploads\/2022\/10\/logo-680-hedonia.png.200x100_q85_background-f8f9fa.png","width":2222,"height":534,"caption":"H\u00e9donia"},"image":{"@id":"https:\/\/sexshop.cm\/#\/schema\/logo\/image\/"}}]},"og_availability":"out of stock","product_availability":"out of stock","product_retailer_item_id":"1005003281624108","product_condition":"new"},"_links":{"self":[{"href":"https:\/\/sexshop.cm\/en\/wp-json\/wp\/v2\/product\/6232"}],"collection":[{"href":"https:\/\/sexshop.cm\/en\/wp-json\/wp\/v2\/product"}],"about":[{"href":"https:\/\/sexshop.cm\/en\/wp-json\/wp\/v2\/types\/product"}],"replies":[{"embeddable":true,"href":"https:\/\/sexshop.cm\/en\/wp-json\/wp\/v2\/comments?post=6232"}],"wp:featuredmedia":[{"embeddable":true,"href":"https:\/\/sexshop.cm\/en\/wp-json\/wp\/v2\/media\/6234"}],"wp:attachment":[{"href":"https:\/\/sexshop.cm\/en\/wp-json\/wp\/v2\/media?parent=6232"}],"wp:term":[{"taxonomy":"brand","embeddable":true,"href":"https:\/\/sexshop.cm\/en\/wp-json\/wp\/v2\/etheme_brands?post=6232"},{"taxonomy":"product_cat","embeddable":true,"href":"https:\/\/sexshop.cm\/en\/wp-json\/wp\/v2\/product_cat?post=6232"},{"taxonomy":"product_tag","embeddable":true,"href":"https:\/\/sexshop.cm\/en\/wp-json\/wp\/v2\/product_tag?post=6232"}],"curies":[{"name":"wp","href":"https:\/\/api.w.org\/{rel}","templated":true}]}}