{"id":6253,"date":"2022-10-04T08:41:20","date_gmt":"2022-10-04T07:41:20","guid":{"rendered":"https:\/\/sexshop.cm\/produit\/rouge-a-levres-vibrateur-secret-stimulateur-de-clitoris\/"},"modified":"2023-04-09T23:24:16","modified_gmt":"2023-04-09T22:24:16","slug":"rouge-a-levres-vibrateur-secret-stimulateur-de-clitoris","status":"publish","type":"product","link":"https:\/\/sexshop.cm\/en\/produit\/rouge-a-levres-vibrateur-secret-stimulateur-de-clitoris\/","title":{"rendered":"Rouge \u00e0 l\u00e8vres vibrateur Secret, stimulateur de Clitoris"},"content":{"rendered":"<div class=\"detailmodule_dynamic\">\n<p>\u00a0<\/p>\n<p>Avis de suivi logistique:<br \/>Apr\u00e8s l&#8217;arriv\u00e9e du colis dans le pays de destination, les informations logistiques sont fournies par l&#8217;op\u00e9rateur logistique. Sous exp\u00e9dition \u00e9conomique, d&#8217;autres informations de suivi peuvent ne pas \u00eatre mises \u00e0 jour. Veuillez contacter le transporteur pour plus de d\u00e9tails.<\/p>\n<p>Veuillez choisir une m\u00e9thode d&#8217;exp\u00e9dition qui peut contacter la poste, et ne pas ouvrir arbitrairement de litiges.<\/p>\n<p>\u00a0<\/p>\n<p>Caract\u00e9ristiques:<\/p>\n<p>100% tout neuf et de haute qualit\u00e9<\/p>\n<p>Mat\u00e9riau: ABS<\/p>\n<p>Couleur: argent\/rose\/noir\/rouge\/violet<\/p>\n<p>Conception de rouge \u00e0 l\u00e8vres tr\u00e8s mignon, facile \u00e0 prendre avec votre sac.<\/p>\n<p>Aliment\u00e9 par une batterie AAA(Non inclus)<\/p>\n<p>Tr\u00e8s silencieux, peut \u00eatre utilis\u00e9 partout<\/p>\n<p>3 \u00e9tat: ouvert\/on\/off, il vous suffit de le lancer. Il est tr\u00e8s facile \u00e0 utiliser<\/p>\n<p>Taille: comme le montre l&#8217;image<\/p>\n<p>Quantit\u00e9: 1 pi\u00e8ce<\/p>\n<p>En raison de la diff\u00e9rence entre les diff\u00e9rents moniteurs, l&#8217;image peut ne pas refl\u00e9ter la couleur r\u00e9elle de l&#8217;article. Merci!<\/p>\n<p>Contenu de l&#8217;emballage:<\/p>\n<p>1 x Mini vibromasseur discret rouge \u00e0 l\u00e8vres<\/p>\n<\/div>\n<div class=\"detailmodule_html\">\n<div class=\"detail-desc-decorate-richtext\">\n<div class=\"detailmodule_html\">\n<div class=\"detail-desc-decorate-richtext\">\n<div class=\"detailmodule_html\">\n<div class=\"detail-desc-decorate-richtext\">\n<div class=\"detailmodule_html\">\n<div class=\"detail-desc-decorate-richtext\">\n<p>\u00a0<\/p>\n<div>\n<p>\u00a0<\/p>\n<p>\u00a0<\/p>\n<p>\u00a0<\/p>\n<p>\u00a0<\/p>\n<p><img decoding=\"async\" src=\"https:\/\/ae01.alicdn.com\/kf\/Hea5bd22ef2754e4f8f8004750dae5c45R.jpg\" \/><img decoding=\"async\" src=\"https:\/\/ae01.alicdn.com\/kf\/H90e74376d63047119f2efebbf77b1a84o.jpg\" \/><img decoding=\"async\" src=\"https:\/\/ae01.alicdn.com\/kf\/Hf306cd98b8634f03a44c81d78265b42aV.jpg\" \/><img decoding=\"async\" src=\"https:\/\/ae01.alicdn.com\/kf\/H08df29047f194fd198dd1a9ea73b7ec2f.jpg\" \/><img decoding=\"async\" src=\"https:\/\/ae01.alicdn.com\/kf\/H1b3d44241ba843f5a4a17d2b59b33e27G.jpg\" \/><img decoding=\"async\" src=\"https:\/\/ae01.alicdn.com\/kf\/H350832c450fb42f4916f50c8b6954b54G.jpg\" \/><\/p>\n<p>\u00a0<\/p>\n<p><img decoding=\"async\" src=\"https:\/\/ae01.alicdn.com\/kf\/H95fa0edf900f4f0595cd8b5d0703c12eO.jpg\" \/><\/p>\n<p><img decoding=\"async\" src=\"https:\/\/ae01.alicdn.com\/kf\/Hf01d4f1b94254c209a0097dfc2f4617cI.jpg\" \/><\/p>\n<p><img decoding=\"async\" src=\"https:\/\/ae01.alicdn.com\/kf\/H6edffb556b354e69b965a79b1a0ffb32O.jpg\" \/><\/p>\n<p><img decoding=\"async\" src=\"https:\/\/ae01.alicdn.com\/kf\/Hc51bbdeb267e4e21b73f00d2bbba3f282.jpg\" \/><\/p>\n<\/div>\n<\/div>\n<\/div>\n<div class=\"detailmodule_html\">\n<div class=\"detail-desc-decorate-richtext\">\n<p>\u00a0<\/p>\n<\/div>\n<\/div>\n<div class=\"detailmodule_html\">\u00a0<\/div>\n<\/div>\n<\/div>\n<\/div>\n<\/div>\n<p>\u00a0<\/p>\n<\/div>\n<\/div>\n","protected":false},"excerpt":{"rendered":"<p>\u00a0 Avis de suivi logistique:Apr\u00e8s l&#8217;arriv\u00e9e du colis dans le pays de destination, les informations logistiques sont fournies par l&#8217;op\u00e9rateur logistique. Sous exp\u00e9dition \u00e9conomique, d&#8217;autres informations de suivi peuvent ne pas \u00eatre mises \u00e0 jour. Veuillez contacter le transporteur pour plus de d\u00e9tails. Veuillez choisir une m\u00e9thode d&#8217;exp\u00e9dition qui peut contacter la poste, et ne pas ouvrir arbitrairement de litiges. \u00a0 Caract\u00e9ristiques: 100% tout neuf et de haute qualit\u00e9 Mat\u00e9riau: ABS Couleur: argent\/rose\/noir\/rouge\/violet Conception de rouge \u00e0 l\u00e8vres tr\u00e8s mignon, facile \u00e0 prendre avec votre sac. Aliment\u00e9 par une batterie AAA(Non inclus) Tr\u00e8s silencieux, peut \u00eatre utilis\u00e9 partout 3 \u00e9tat:<\/p>\n","protected":false},"featured_media":6255,"comment_status":"open","ping_status":"closed","template":"","meta":{"_joinchat":[]},"etheme_brands":[],"product_cat":[61,46],"product_tag":[],"yoast_head":"<!-- This site is optimized with the Yoast SEO Premium plugin v19.3 (Yoast SEO v21.5) - https:\/\/yoast.com\/wordpress\/plugins\/seo\/ -->\n<title>- Achetez et Commandez Discr\u00e8tement vos Rouge \u00e0 l\u00e8vres vibrateur Secret, stimulateur de Clitoris au Cameroun -<\/title>\n<meta name=\"description\" content=\"Commandez vos meilleurs Rouge \u00e0 l\u00e8vres vibrateur Secret, stimulateur de Clitoris \u00e0 bons prix partout au Cameroun et faites vous livrer discr\u00e8tement, sur H\u00e9donia, le meilleur site de vente en ligne de sextoys au Cameroun. - Whatsapp: +237 672588687\" \/>\n<meta name=\"robots\" content=\"index, follow, max-snippet:-1, max-image-preview:large, max-video-preview:-1\" \/>\n<link rel=\"canonical\" href=\"https:\/\/sexshop.cm\/produit\/rouge-a-levres-vibrateur-secret-stimulateur-de-clitoris\/\" \/>\n<meta property=\"og:locale\" content=\"en_US\" \/>\n<meta property=\"og:type\" content=\"article\" \/>\n<meta property=\"og:title\" content=\"Rouge \u00e0 l\u00e8vres vibrateur Secret, stimulateur de Clitoris\" \/>\n<meta property=\"og:description\" content=\"Rouge \u00e0 l\u00e8vres vibrateur Secret, stimulateur de Clitoris - H\u00e9donia\" \/>\n<meta property=\"og:url\" content=\"https:\/\/sexshop.cm\/produit\/rouge-a-levres-vibrateur-secret-stimulateur-de-clitoris\/\" \/>\n<meta property=\"og:site_name\" content=\"H\u00e9donia\" \/>\n<meta property=\"article:modified_time\" content=\"2023-04-09T22:24:16+00:00\" \/>\n<meta property=\"og:image\" content=\"http:\/\/sexshop.cm\/wp-content\/uploads\/2022\/10\/Rouge-l-vres-vibrateur-Secret-stimulateur-de-Clitoris-point-G-Massage-jouets-sexuels-pour-femmes-masturbateur.jpg\" \/>\n\t<meta property=\"og:image:width\" content=\"1500\" \/>\n\t<meta property=\"og:image:height\" content=\"1500\" \/>\n\t<meta property=\"og:image:type\" content=\"image\/jpeg\" \/>\n<meta name=\"twitter:card\" content=\"summary_large_image\" \/>\n<meta name=\"twitter:label1\" content=\"Availability\" \/>\n\t<meta name=\"twitter:data1\" content=\"Out of stock\" \/>\n<script type=\"application\/ld+json\" class=\"yoast-schema-graph\">{\"@context\":\"https:\/\/schema.org\",\"@graph\":[{\"@type\":\"WebPage\",\"@id\":\"https:\/\/sexshop.cm\/produit\/rouge-a-levres-vibrateur-secret-stimulateur-de-clitoris\/\",\"url\":\"https:\/\/sexshop.cm\/produit\/rouge-a-levres-vibrateur-secret-stimulateur-de-clitoris\/\",\"name\":\"- Achetez et Commandez Discr\u00e8tement vos Rouge \u00e0 l\u00e8vres vibrateur Secret, stimulateur de Clitoris au Cameroun -\",\"isPartOf\":{\"@id\":\"https:\/\/sexshop.cm\/#website\"},\"datePublished\":\"2022-10-04T07:41:20+00:00\",\"dateModified\":\"2023-04-09T22:24:16+00:00\",\"description\":\"Commandez vos meilleurs Rouge \u00e0 l\u00e8vres vibrateur Secret, stimulateur de Clitoris \u00e0 bons prix partout au Cameroun et faites vous livrer discr\u00e8tement, sur H\u00e9donia, le meilleur site de vente en ligne de sextoys au Cameroun. - Whatsapp: +237 672588687\",\"breadcrumb\":{\"@id\":\"https:\/\/sexshop.cm\/produit\/rouge-a-levres-vibrateur-secret-stimulateur-de-clitoris\/#breadcrumb\"},\"inLanguage\":\"en-US\",\"potentialAction\":[{\"@type\":\"ReadAction\",\"target\":[\"https:\/\/sexshop.cm\/produit\/rouge-a-levres-vibrateur-secret-stimulateur-de-clitoris\/\"]}]},{\"@type\":\"BreadcrumbList\",\"@id\":\"https:\/\/sexshop.cm\/produit\/rouge-a-levres-vibrateur-secret-stimulateur-de-clitoris\/#breadcrumb\",\"itemListElement\":[{\"@type\":\"ListItem\",\"position\":1,\"name\":\"Accueil\",\"item\":\"https:\/\/sexshop.cm\/en\/online-sexshop-in-cameroon\/\"},{\"@type\":\"ListItem\",\"position\":2,\"name\":\"Shop\",\"item\":\"https:\/\/sexshop.cm\/shop\/\"},{\"@type\":\"ListItem\",\"position\":3,\"name\":\"Rouge \u00e0 l\u00e8vres vibrateur Secret, stimulateur de Clitoris\"}]},{\"@type\":\"WebSite\",\"@id\":\"https:\/\/sexshop.cm\/#website\",\"url\":\"https:\/\/sexshop.cm\/\",\"name\":\"H\u00e9donia\",\"description\":\"SexShop en ligne - Boutique de sextoys et objets coquins en ligne au Cameroun\",\"publisher\":{\"@id\":\"https:\/\/sexshop.cm\/#organization\"},\"potentialAction\":[{\"@type\":\"SearchAction\",\"target\":{\"@type\":\"EntryPoint\",\"urlTemplate\":\"https:\/\/sexshop.cm\/?s={search_term_string}\"},\"query-input\":\"required name=search_term_string\"}],\"inLanguage\":\"en-US\"},{\"@type\":\"Organization\",\"@id\":\"https:\/\/sexshop.cm\/#organization\",\"name\":\"H\u00e9donia\",\"alternateName\":\"Boutique de Sextoys en ligne au Cameroun\",\"url\":\"https:\/\/sexshop.cm\/\",\"logo\":{\"@type\":\"ImageObject\",\"inLanguage\":\"en-US\",\"@id\":\"https:\/\/sexshop.cm\/#\/schema\/logo\/image\/\",\"url\":\"https:\/\/sexshop.cm\/wp-content\/uploads\/2022\/10\/logo-680-hedonia.png.200x100_q85_background-f8f9fa.png\",\"contentUrl\":\"https:\/\/sexshop.cm\/wp-content\/uploads\/2022\/10\/logo-680-hedonia.png.200x100_q85_background-f8f9fa.png\",\"width\":2222,\"height\":534,\"caption\":\"H\u00e9donia\"},\"image\":{\"@id\":\"https:\/\/sexshop.cm\/#\/schema\/logo\/image\/\"}}]}<\/script>\n<meta property=\"og:availability\" content=\"out of stock\" \/>\n<meta property=\"product:availability\" content=\"out of stock\" \/>\n<meta property=\"product:retailer_item_id\" content=\"1005001644415803\" \/>\n<meta property=\"product:condition\" content=\"new\" \/>\n<!-- \/ Yoast SEO Premium plugin. -->","yoast_head_json":{"title":"- Achetez et Commandez Discr\u00e8tement vos Rouge \u00e0 l\u00e8vres vibrateur Secret, stimulateur de Clitoris au Cameroun -","description":"Commandez vos meilleurs Rouge \u00e0 l\u00e8vres vibrateur Secret, stimulateur de Clitoris \u00e0 bons prix partout au Cameroun et faites vous livrer discr\u00e8tement, sur H\u00e9donia, le meilleur site de vente en ligne de sextoys au Cameroun. - Whatsapp: +237 672588687","robots":{"index":"index","follow":"follow","max-snippet":"max-snippet:-1","max-image-preview":"max-image-preview:large","max-video-preview":"max-video-preview:-1"},"canonical":"https:\/\/sexshop.cm\/produit\/rouge-a-levres-vibrateur-secret-stimulateur-de-clitoris\/","og_locale":"en_US","og_type":"article","og_title":"Rouge \u00e0 l\u00e8vres vibrateur Secret, stimulateur de Clitoris","og_description":"Rouge \u00e0 l\u00e8vres vibrateur Secret, stimulateur de Clitoris - H\u00e9donia","og_url":"https:\/\/sexshop.cm\/produit\/rouge-a-levres-vibrateur-secret-stimulateur-de-clitoris\/","og_site_name":"H\u00e9donia","article_modified_time":"2023-04-09T22:24:16+00:00","og_image":[{"width":1500,"height":1500,"url":"http:\/\/sexshop.cm\/wp-content\/uploads\/2022\/10\/Rouge-l-vres-vibrateur-Secret-stimulateur-de-Clitoris-point-G-Massage-jouets-sexuels-pour-femmes-masturbateur.jpg","type":"image\/jpeg"}],"twitter_card":"summary_large_image","twitter_misc":{"Availability":"Out of stock"},"schema":{"@context":"https:\/\/schema.org","@graph":[{"@type":"WebPage","@id":"https:\/\/sexshop.cm\/produit\/rouge-a-levres-vibrateur-secret-stimulateur-de-clitoris\/","url":"https:\/\/sexshop.cm\/produit\/rouge-a-levres-vibrateur-secret-stimulateur-de-clitoris\/","name":"- Achetez et Commandez Discr\u00e8tement vos Rouge \u00e0 l\u00e8vres vibrateur Secret, stimulateur de Clitoris au Cameroun -","isPartOf":{"@id":"https:\/\/sexshop.cm\/#website"},"datePublished":"2022-10-04T07:41:20+00:00","dateModified":"2023-04-09T22:24:16+00:00","description":"Commandez vos meilleurs Rouge \u00e0 l\u00e8vres vibrateur Secret, stimulateur de Clitoris \u00e0 bons prix partout au Cameroun et faites vous livrer discr\u00e8tement, sur H\u00e9donia, le meilleur site de vente en ligne de sextoys au Cameroun. - Whatsapp: +237 672588687","breadcrumb":{"@id":"https:\/\/sexshop.cm\/produit\/rouge-a-levres-vibrateur-secret-stimulateur-de-clitoris\/#breadcrumb"},"inLanguage":"en-US","potentialAction":[{"@type":"ReadAction","target":["https:\/\/sexshop.cm\/produit\/rouge-a-levres-vibrateur-secret-stimulateur-de-clitoris\/"]}]},{"@type":"BreadcrumbList","@id":"https:\/\/sexshop.cm\/produit\/rouge-a-levres-vibrateur-secret-stimulateur-de-clitoris\/#breadcrumb","itemListElement":[{"@type":"ListItem","position":1,"name":"Accueil","item":"https:\/\/sexshop.cm\/en\/online-sexshop-in-cameroon\/"},{"@type":"ListItem","position":2,"name":"Shop","item":"https:\/\/sexshop.cm\/shop\/"},{"@type":"ListItem","position":3,"name":"Rouge \u00e0 l\u00e8vres vibrateur Secret, stimulateur de Clitoris"}]},{"@type":"WebSite","@id":"https:\/\/sexshop.cm\/#website","url":"https:\/\/sexshop.cm\/","name":"H\u00e9donia","description":"SexShop en ligne - Boutique de sextoys et objets coquins en ligne au Cameroun","publisher":{"@id":"https:\/\/sexshop.cm\/#organization"},"potentialAction":[{"@type":"SearchAction","target":{"@type":"EntryPoint","urlTemplate":"https:\/\/sexshop.cm\/?s={search_term_string}"},"query-input":"required name=search_term_string"}],"inLanguage":"en-US"},{"@type":"Organization","@id":"https:\/\/sexshop.cm\/#organization","name":"H\u00e9donia","alternateName":"Boutique de Sextoys en ligne au Cameroun","url":"https:\/\/sexshop.cm\/","logo":{"@type":"ImageObject","inLanguage":"en-US","@id":"https:\/\/sexshop.cm\/#\/schema\/logo\/image\/","url":"https:\/\/sexshop.cm\/wp-content\/uploads\/2022\/10\/logo-680-hedonia.png.200x100_q85_background-f8f9fa.png","contentUrl":"https:\/\/sexshop.cm\/wp-content\/uploads\/2022\/10\/logo-680-hedonia.png.200x100_q85_background-f8f9fa.png","width":2222,"height":534,"caption":"H\u00e9donia"},"image":{"@id":"https:\/\/sexshop.cm\/#\/schema\/logo\/image\/"}}]},"og_availability":"out of stock","product_availability":"out of stock","product_retailer_item_id":"1005001644415803","product_condition":"new"},"_links":{"self":[{"href":"https:\/\/sexshop.cm\/en\/wp-json\/wp\/v2\/product\/6253"}],"collection":[{"href":"https:\/\/sexshop.cm\/en\/wp-json\/wp\/v2\/product"}],"about":[{"href":"https:\/\/sexshop.cm\/en\/wp-json\/wp\/v2\/types\/product"}],"replies":[{"embeddable":true,"href":"https:\/\/sexshop.cm\/en\/wp-json\/wp\/v2\/comments?post=6253"}],"wp:featuredmedia":[{"embeddable":true,"href":"https:\/\/sexshop.cm\/en\/wp-json\/wp\/v2\/media\/6255"}],"wp:attachment":[{"href":"https:\/\/sexshop.cm\/en\/wp-json\/wp\/v2\/media?parent=6253"}],"wp:term":[{"taxonomy":"brand","embeddable":true,"href":"https:\/\/sexshop.cm\/en\/wp-json\/wp\/v2\/etheme_brands?post=6253"},{"taxonomy":"product_cat","embeddable":true,"href":"https:\/\/sexshop.cm\/en\/wp-json\/wp\/v2\/product_cat?post=6253"},{"taxonomy":"product_tag","embeddable":true,"href":"https:\/\/sexshop.cm\/en\/wp-json\/wp\/v2\/product_tag?post=6253"}],"curies":[{"name":"wp","href":"https:\/\/api.w.org\/{rel}","templated":true}]}}