{"id":6265,"date":"2022-10-04T08:41:26","date_gmt":"2022-10-04T07:41:26","guid":{"rendered":"https:\/\/sexshop.cm\/produit\/boule-vaginale-portative-controle-a-longue-distance-avec-application-bluetooth\/"},"modified":"2023-11-04T14:21:26","modified_gmt":"2023-11-04T13:21:26","slug":"boule-vaginale-portative-controle-a-longue-distance-avec-application-bluetooth","status":"publish","type":"product","link":"https:\/\/sexshop.cm\/en\/produit\/boule-vaginale-portative-controle-a-longue-distance-avec-application-bluetooth\/","title":{"rendered":"Boule vaginale portative, contr\u00f4le \u00e0 longue Distance avec application Bluetooth"},"content":{"rendered":"<div class=\"detailmodule_html\">\n<div class=\"detail-desc-decorate-richtext\">\n<div class=\"detailmodule_dynamic\"><\/div>\n<p>Bluetooth APP Vibrateur pour Femmes Portable g-spot Vagin Vibrateur Longue Distance Contr\u00f4le APP Contr\u00f4le Adultes Sex Toys Vibrant oeuf<\/p>\n<p>Description du produit:<\/p>\n<p>Type: Boules Vaginales, Vibrateur pour Femmes, APP contr\u00f4le bluetooth vibrateur<\/p>\n<p>Modes: 9 vitesses vibrations<\/p>\n<p>Mat\u00e9riel: safe silicone<\/p>\n<p>Imperm\u00e9able \u00e0 l&#8217;eau: Oui<\/p>\n<p>Puissance: USB de charge<\/p>\n<p>Couleur: Rose, Violet<\/p>\n<p>Taille: 95mm * 85mm * 35mm<\/p>\n<p>Priv\u00e9 Emballage:<\/p>\n<p>Votre vie priv\u00e9e est la plus haute importance pour nous.<\/p>\n<p>Nous engageons envoyer vos produits en condition secr\u00e8te, l&#8217;emballage sans images et les mots sur le sexe.<\/p>\n<p style=\"font-family: 'Open Sans', Roboto, Arial, Helvetica, sans-serif, SimSun; font-size: 14px; font-weight: 400; letter-spacing: normal; line-height: inherit; text-align: start; white-space: normal; color: #000000; background-color: #ffffff; margin: 0px; padding: 0px; box-sizing: border-box;\" align=\"start\"><img decoding=\"async\" src=\"https:\/\/ae01.alicdn.com\/kf\/S82e64f86c571408bbe44931ada63ee6cy.gif\" \/><img decoding=\"async\" src=\"https:\/\/ae01.alicdn.com\/kf\/S3b1b3665aa574269893eee3c40768432a.jpg\" \/><img decoding=\"async\" src=\"https:\/\/ae01.alicdn.com\/kf\/S21fe92be59714106a93ddb82e3e7f8f6p.jpg\" \/><img decoding=\"async\" src=\"https:\/\/ae01.alicdn.com\/kf\/S3ad713a356de4487a53ee5475f460c78S.jpg\" \/><img decoding=\"async\" src=\"https:\/\/ae01.alicdn.com\/kf\/S68286ccc5a254f41a6c42c8570605688u.jpg\" \/><img decoding=\"async\" src=\"https:\/\/ae01.alicdn.com\/kf\/S4070397e2bc741dd90cab36c426d360eu.jpg\" \/><img decoding=\"async\" src=\"https:\/\/ae01.alicdn.com\/kf\/S55dea45ae54b4a37bb66135a71364517C.jpg\" \/><img decoding=\"async\" src=\"https:\/\/ae01.alicdn.com\/kf\/S0268ebcb05834e21b50dad91b412a304E.jpg\" \/><img decoding=\"async\" src=\"https:\/\/ae01.alicdn.com\/kf\/Scb23f75345964e669e60edd14b2e793cY.jpg\" \/><img decoding=\"async\" src=\"https:\/\/ae01.alicdn.com\/kf\/S51380cafc0834774bf364c6b3a9ad853o.jpg\" \/><img decoding=\"async\" src=\"https:\/\/ae01.alicdn.com\/kf\/Sd051bfef76cb419385511f61b11696beo.jpg\" \/><img decoding=\"async\" src=\"https:\/\/ae01.alicdn.com\/kf\/S7fe5dc57a786441d98439dddc984d52f2.jpg\" \/><img decoding=\"async\" src=\"https:\/\/ae01.alicdn.com\/kf\/S0133940e9ff44534bb7c783a602e812aQ.jpg\" \/><img decoding=\"async\" src=\"https:\/\/ae01.alicdn.com\/kf\/S1cdf2c2d6c7a41d8899bc78d868248e87.gif\" \/><img decoding=\"async\" src=\"https:\/\/ae01.alicdn.com\/kf\/S1deac17cfac2402aa8f10a53f1ed546c3.jpg\" \/><img decoding=\"async\" src=\"https:\/\/ae01.alicdn.com\/kf\/Sd8aa0d56f3394b28a9c1bc9f144d8e1fR.jpg\" \/><img decoding=\"async\" src=\"https:\/\/ae01.alicdn.com\/kf\/Sa52f62ae170449fb91db6a14dabb04c8s.jpg\" \/><img decoding=\"async\" src=\"https:\/\/ae01.alicdn.com\/kf\/S14c81b54c7f241b685c7cf87e7ba6724L.jpg\" \/><img decoding=\"async\" src=\"https:\/\/ae01.alicdn.com\/kf\/Sf83002f401454dc4af0e85ba8b00acc8M.jpg\" \/><img decoding=\"async\" src=\"https:\/\/ae01.alicdn.com\/kf\/Sf4ba3abe5dd54a87a7175898ea8527f4a.jpg\" \/><img decoding=\"async\" src=\"https:\/\/ae01.alicdn.com\/kf\/Sf716298c7f874666ae42152355903e804.jpg\" \/><img decoding=\"async\" src=\"https:\/\/ae01.alicdn.com\/kf\/S96ac7d9297fc4b83b551a052f49e519bY.jpg\" \/><img decoding=\"async\" src=\"https:\/\/ae01.alicdn.com\/kf\/Saf6b342f442a4f9b9d2cd745a817d793X.jpg\" \/><img decoding=\"async\" src=\"https:\/\/ae01.alicdn.com\/kf\/S9219f04715774826b900716b7ce5dd69N.jpg\" \/><\/p>\n<div class=\"detailmodule_html\">\n<div class=\"detail-desc-decorate-richtext\">\n<p><span style=\"color: #ffffff;\">Sex Toys Bluetooth Femelle Vibrateur pour Femmes APP T\u00e9l\u00e9commande Gode Vibrateurs Vibrant Culottes Jouets pour Adultes 18 Sex-Shop<\/span><\/p>\n<\/div>\n<\/div>\n<\/div>\n<\/div>\n","protected":false},"excerpt":{"rendered":"<p>Bluetooth APP Vibrateur pour Femmes Portable g-spot Vagin Vibrateur Longue Distance Contr\u00f4le APP Contr\u00f4le Adultes Sex Toys Vibrant oeuf Description du produit: Type: Boules Vaginales, Vibrateur pour Femmes, APP contr\u00f4le bluetooth vibrateur Modes: 9 vitesses vibrations Mat\u00e9riel: safe silicone Imperm\u00e9able \u00e0 l&#8217;eau: Oui Puissance: USB de charge Couleur: Rose, Violet Taille: 95mm * 85mm * 35mm Priv\u00e9 Emballage: Votre vie priv\u00e9e est la plus haute importance pour nous. Nous engageons envoyer vos produits en condition secr\u00e8te, l&#8217;emballage sans images et les mots sur le sexe. Sex Toys Bluetooth Femelle Vibrateur pour Femmes APP T\u00e9l\u00e9commande Gode Vibrateurs Vibrant Culottes Jouets pour<\/p>\n","protected":false},"featured_media":6267,"comment_status":"open","ping_status":"closed","template":"","meta":{"_joinchat":[]},"etheme_brands":[],"product_cat":[46,69,62],"product_tag":[],"yoast_head":"<!-- This site is optimized with the Yoast SEO Premium plugin v19.3 (Yoast SEO v21.5) - https:\/\/yoast.com\/wordpress\/plugins\/seo\/ -->\n<title>- Achetez et Commandez Discr\u00e8tement vos Boule vaginale portative, contr\u00f4le \u00e0 longue Distance avec application Bluetooth au Cameroun -<\/title>\n<meta name=\"description\" content=\"Commandez vos meilleurs Boule vaginale portative, contr\u00f4le \u00e0 longue Distance avec application Bluetooth \u00e0 bons prix partout au Cameroun et faites vous livrer discr\u00e8tement, sur H\u00e9donia, le meilleur site de vente en ligne de sextoys au Cameroun. - Whatsapp: +237 672588687\" \/>\n<meta name=\"robots\" content=\"index, follow, max-snippet:-1, max-image-preview:large, max-video-preview:-1\" \/>\n<link rel=\"canonical\" href=\"https:\/\/sexshop.cm\/produit\/boule-vaginale-portative-controle-a-longue-distance-avec-application-bluetooth\/\" \/>\n<meta property=\"og:locale\" content=\"en_US\" \/>\n<meta property=\"og:type\" content=\"article\" \/>\n<meta property=\"og:title\" content=\"Boule vaginale portative, contr\u00f4le \u00e0 longue Distance avec application Bluetooth\" \/>\n<meta property=\"og:description\" content=\"Boule vaginale portative, contr\u00f4le \u00e0 longue Distance avec application Bluetooth - H\u00e9donia\" \/>\n<meta property=\"og:url\" content=\"https:\/\/sexshop.cm\/produit\/boule-vaginale-portative-controle-a-longue-distance-avec-application-bluetooth\/\" \/>\n<meta property=\"og:site_name\" content=\"H\u00e9donia\" \/>\n<meta property=\"article:modified_time\" content=\"2023-11-04T13:21:26+00:00\" \/>\n<meta property=\"og:image\" content=\"http:\/\/sexshop.cm\/wp-content\/uploads\/2022\/10\/Boule-vaginale-portative-contr-le-longue-Distance-avec-application-Bluetooth-vibrateur-pour-femme-point-G-jouets.jpg\" \/>\n\t<meta property=\"og:image:width\" content=\"1000\" \/>\n\t<meta property=\"og:image:height\" content=\"1000\" \/>\n\t<meta property=\"og:image:type\" content=\"image\/jpeg\" \/>\n<meta name=\"twitter:card\" content=\"summary_large_image\" \/>\n<meta name=\"twitter:label1\" content=\"Price\" \/>\n\t<meta name=\"twitter:data1\" content=\"35000&nbsp;CFA\" \/>\n\t<meta name=\"twitter:label2\" content=\"Availability\" \/>\n\t<meta name=\"twitter:data2\" content=\"In stock\" \/>\n<script type=\"application\/ld+json\" class=\"yoast-schema-graph\">{\"@context\":\"https:\/\/schema.org\",\"@graph\":[{\"@type\":\"WebPage\",\"@id\":\"https:\/\/sexshop.cm\/produit\/boule-vaginale-portative-controle-a-longue-distance-avec-application-bluetooth\/\",\"url\":\"https:\/\/sexshop.cm\/produit\/boule-vaginale-portative-controle-a-longue-distance-avec-application-bluetooth\/\",\"name\":\"- Achetez et Commandez Discr\u00e8tement vos Boule vaginale portative, contr\u00f4le \u00e0 longue Distance avec application Bluetooth au Cameroun -\",\"isPartOf\":{\"@id\":\"https:\/\/sexshop.cm\/#website\"},\"datePublished\":\"2022-10-04T07:41:26+00:00\",\"dateModified\":\"2023-11-04T13:21:26+00:00\",\"description\":\"Commandez vos meilleurs Boule vaginale portative, contr\u00f4le \u00e0 longue Distance avec application Bluetooth \u00e0 bons prix partout au Cameroun et faites vous livrer discr\u00e8tement, sur H\u00e9donia, le meilleur site de vente en ligne de sextoys au Cameroun. - Whatsapp: +237 672588687\",\"breadcrumb\":{\"@id\":\"https:\/\/sexshop.cm\/produit\/boule-vaginale-portative-controle-a-longue-distance-avec-application-bluetooth\/#breadcrumb\"},\"inLanguage\":\"en-US\",\"potentialAction\":[{\"@type\":\"ReadAction\",\"target\":[\"https:\/\/sexshop.cm\/produit\/boule-vaginale-portative-controle-a-longue-distance-avec-application-bluetooth\/\"]}]},{\"@type\":\"BreadcrumbList\",\"@id\":\"https:\/\/sexshop.cm\/produit\/boule-vaginale-portative-controle-a-longue-distance-avec-application-bluetooth\/#breadcrumb\",\"itemListElement\":[{\"@type\":\"ListItem\",\"position\":1,\"name\":\"Accueil\",\"item\":\"https:\/\/sexshop.cm\/en\/online-sexshop-in-cameroon\/\"},{\"@type\":\"ListItem\",\"position\":2,\"name\":\"Shop\",\"item\":\"https:\/\/sexshop.cm\/shop\/\"},{\"@type\":\"ListItem\",\"position\":3,\"name\":\"Boule vaginale portative, contr\u00f4le \u00e0 longue Distance avec application Bluetooth\"}]},{\"@type\":\"WebSite\",\"@id\":\"https:\/\/sexshop.cm\/#website\",\"url\":\"https:\/\/sexshop.cm\/\",\"name\":\"H\u00e9donia\",\"description\":\"SexShop en ligne - Boutique de sextoys et objets coquins en ligne au Cameroun\",\"publisher\":{\"@id\":\"https:\/\/sexshop.cm\/#organization\"},\"potentialAction\":[{\"@type\":\"SearchAction\",\"target\":{\"@type\":\"EntryPoint\",\"urlTemplate\":\"https:\/\/sexshop.cm\/?s={search_term_string}\"},\"query-input\":\"required name=search_term_string\"}],\"inLanguage\":\"en-US\"},{\"@type\":\"Organization\",\"@id\":\"https:\/\/sexshop.cm\/#organization\",\"name\":\"H\u00e9donia\",\"alternateName\":\"Boutique de Sextoys en ligne au Cameroun\",\"url\":\"https:\/\/sexshop.cm\/\",\"logo\":{\"@type\":\"ImageObject\",\"inLanguage\":\"en-US\",\"@id\":\"https:\/\/sexshop.cm\/#\/schema\/logo\/image\/\",\"url\":\"https:\/\/sexshop.cm\/wp-content\/uploads\/2022\/10\/logo-680-hedonia.png.200x100_q85_background-f8f9fa.png\",\"contentUrl\":\"https:\/\/sexshop.cm\/wp-content\/uploads\/2022\/10\/logo-680-hedonia.png.200x100_q85_background-f8f9fa.png\",\"width\":2222,\"height\":534,\"caption\":\"H\u00e9donia\"},\"image\":{\"@id\":\"https:\/\/sexshop.cm\/#\/schema\/logo\/image\/\"}}]}<\/script>\n<meta property=\"product:price:amount\" content=\"35000\" \/>\n<meta property=\"product:price:currency\" content=\"XAF\" \/>\n<meta property=\"og:availability\" content=\"instock\" \/>\n<meta property=\"product:availability\" content=\"instock\" \/>\n<meta property=\"product:retailer_item_id\" content=\"1005002602990841\" \/>\n<meta property=\"product:condition\" content=\"new\" \/>\n<!-- \/ Yoast SEO Premium plugin. -->","yoast_head_json":{"title":"- Achetez et Commandez Discr\u00e8tement vos Boule vaginale portative, contr\u00f4le \u00e0 longue Distance avec application Bluetooth au Cameroun -","description":"Commandez vos meilleurs Boule vaginale portative, contr\u00f4le \u00e0 longue Distance avec application Bluetooth \u00e0 bons prix partout au Cameroun et faites vous livrer discr\u00e8tement, sur H\u00e9donia, le meilleur site de vente en ligne de sextoys au Cameroun. - Whatsapp: +237 672588687","robots":{"index":"index","follow":"follow","max-snippet":"max-snippet:-1","max-image-preview":"max-image-preview:large","max-video-preview":"max-video-preview:-1"},"canonical":"https:\/\/sexshop.cm\/produit\/boule-vaginale-portative-controle-a-longue-distance-avec-application-bluetooth\/","og_locale":"en_US","og_type":"article","og_title":"Boule vaginale portative, contr\u00f4le \u00e0 longue Distance avec application Bluetooth","og_description":"Boule vaginale portative, contr\u00f4le \u00e0 longue Distance avec application Bluetooth - H\u00e9donia","og_url":"https:\/\/sexshop.cm\/produit\/boule-vaginale-portative-controle-a-longue-distance-avec-application-bluetooth\/","og_site_name":"H\u00e9donia","article_modified_time":"2023-11-04T13:21:26+00:00","og_image":[{"width":1000,"height":1000,"url":"http:\/\/sexshop.cm\/wp-content\/uploads\/2022\/10\/Boule-vaginale-portative-contr-le-longue-Distance-avec-application-Bluetooth-vibrateur-pour-femme-point-G-jouets.jpg","type":"image\/jpeg"}],"twitter_card":"summary_large_image","twitter_misc":{"Price":"35000&nbsp;CFA","Availability":"In stock"},"schema":{"@context":"https:\/\/schema.org","@graph":[{"@type":"WebPage","@id":"https:\/\/sexshop.cm\/produit\/boule-vaginale-portative-controle-a-longue-distance-avec-application-bluetooth\/","url":"https:\/\/sexshop.cm\/produit\/boule-vaginale-portative-controle-a-longue-distance-avec-application-bluetooth\/","name":"- Achetez et Commandez Discr\u00e8tement vos Boule vaginale portative, contr\u00f4le \u00e0 longue Distance avec application Bluetooth au Cameroun -","isPartOf":{"@id":"https:\/\/sexshop.cm\/#website"},"datePublished":"2022-10-04T07:41:26+00:00","dateModified":"2023-11-04T13:21:26+00:00","description":"Commandez vos meilleurs Boule vaginale portative, contr\u00f4le \u00e0 longue Distance avec application Bluetooth \u00e0 bons prix partout au Cameroun et faites vous livrer discr\u00e8tement, sur H\u00e9donia, le meilleur site de vente en ligne de sextoys au Cameroun. - Whatsapp: +237 672588687","breadcrumb":{"@id":"https:\/\/sexshop.cm\/produit\/boule-vaginale-portative-controle-a-longue-distance-avec-application-bluetooth\/#breadcrumb"},"inLanguage":"en-US","potentialAction":[{"@type":"ReadAction","target":["https:\/\/sexshop.cm\/produit\/boule-vaginale-portative-controle-a-longue-distance-avec-application-bluetooth\/"]}]},{"@type":"BreadcrumbList","@id":"https:\/\/sexshop.cm\/produit\/boule-vaginale-portative-controle-a-longue-distance-avec-application-bluetooth\/#breadcrumb","itemListElement":[{"@type":"ListItem","position":1,"name":"Accueil","item":"https:\/\/sexshop.cm\/en\/online-sexshop-in-cameroon\/"},{"@type":"ListItem","position":2,"name":"Shop","item":"https:\/\/sexshop.cm\/shop\/"},{"@type":"ListItem","position":3,"name":"Boule vaginale portative, contr\u00f4le \u00e0 longue Distance avec application Bluetooth"}]},{"@type":"WebSite","@id":"https:\/\/sexshop.cm\/#website","url":"https:\/\/sexshop.cm\/","name":"H\u00e9donia","description":"SexShop en ligne - Boutique de sextoys et objets coquins en ligne au Cameroun","publisher":{"@id":"https:\/\/sexshop.cm\/#organization"},"potentialAction":[{"@type":"SearchAction","target":{"@type":"EntryPoint","urlTemplate":"https:\/\/sexshop.cm\/?s={search_term_string}"},"query-input":"required name=search_term_string"}],"inLanguage":"en-US"},{"@type":"Organization","@id":"https:\/\/sexshop.cm\/#organization","name":"H\u00e9donia","alternateName":"Boutique de Sextoys en ligne au Cameroun","url":"https:\/\/sexshop.cm\/","logo":{"@type":"ImageObject","inLanguage":"en-US","@id":"https:\/\/sexshop.cm\/#\/schema\/logo\/image\/","url":"https:\/\/sexshop.cm\/wp-content\/uploads\/2022\/10\/logo-680-hedonia.png.200x100_q85_background-f8f9fa.png","contentUrl":"https:\/\/sexshop.cm\/wp-content\/uploads\/2022\/10\/logo-680-hedonia.png.200x100_q85_background-f8f9fa.png","width":2222,"height":534,"caption":"H\u00e9donia"},"image":{"@id":"https:\/\/sexshop.cm\/#\/schema\/logo\/image\/"}}]},"product_price_amount":"35000","product_price_currency":"XAF","og_availability":"instock","product_availability":"instock","product_retailer_item_id":"1005002602990841","product_condition":"new"},"_links":{"self":[{"href":"https:\/\/sexshop.cm\/en\/wp-json\/wp\/v2\/product\/6265"}],"collection":[{"href":"https:\/\/sexshop.cm\/en\/wp-json\/wp\/v2\/product"}],"about":[{"href":"https:\/\/sexshop.cm\/en\/wp-json\/wp\/v2\/types\/product"}],"replies":[{"embeddable":true,"href":"https:\/\/sexshop.cm\/en\/wp-json\/wp\/v2\/comments?post=6265"}],"wp:featuredmedia":[{"embeddable":true,"href":"https:\/\/sexshop.cm\/en\/wp-json\/wp\/v2\/media\/6267"}],"wp:attachment":[{"href":"https:\/\/sexshop.cm\/en\/wp-json\/wp\/v2\/media?parent=6265"}],"wp:term":[{"taxonomy":"brand","embeddable":true,"href":"https:\/\/sexshop.cm\/en\/wp-json\/wp\/v2\/etheme_brands?post=6265"},{"taxonomy":"product_cat","embeddable":true,"href":"https:\/\/sexshop.cm\/en\/wp-json\/wp\/v2\/product_cat?post=6265"},{"taxonomy":"product_tag","embeddable":true,"href":"https:\/\/sexshop.cm\/en\/wp-json\/wp\/v2\/product_tag?post=6265"}],"curies":[{"name":"wp","href":"https:\/\/api.w.org\/{rel}","templated":true}]}}