{"id":6318,"date":"2022-10-04T09:21:11","date_gmt":"2022-10-04T08:21:11","guid":{"rendered":"https:\/\/sexshop.cm\/produit\/vibromasseur-doeuf-sans-fil-pour-femme\/"},"modified":"2022-12-03T10:53:21","modified_gmt":"2022-12-03T09:53:21","slug":"vibromasseur-doeuf-sans-fil-pour-femme","status":"publish","type":"product","link":"https:\/\/sexshop.cm\/en\/produit\/vibromasseur-doeuf-sans-fil-pour-femme\/","title":{"rendered":"Vibromasseur d&#8217;\u0153uf sans fil pour femme"},"content":{"rendered":"<div class=\"detailmodule_html\">\n<div class=\"detail-desc-decorate-richtext\">\n<div class=\"detailmodule_text-image\">\n<p>LEVETT \u2013 vibromasseur Vaginal \u00e0 t\u00e9l\u00e9commande sans fil, point G, balle d&#8217;\u0153uf vibrante, balles de Kegel pour adultes, jouets sexuels pour femmes, balles Ben Wa<\/p>\n<p>Version de contr\u00f4leur:<br \/>Caract\u00e9ristiques: \u00e9tanche, sans phtalate, charge magn\u00e9tique<br \/>Mat\u00e9riel: Silicone M\u00e9dical<br \/>Modes: 16 fr\u00e9quences de vibration diff\u00e9rentes<br \/>Taille: 180*38mm<br \/>Alimentation: chargement magn\u00e9tique USB<br \/>Temps de charge: 2-3 heures<br \/>Temps d&#8217;utilisation: 1.5-2 heures<br \/>Distance \u00e0 distance: 10 m\u00e8tres<\/p>\n<p>&#8212;&#8212;<br \/>La Version de L&#8217;APPLICATION:<\/p>\n<p>Caract\u00e9ristiques: pas de limite de Distance! Peut contr\u00f4ler dans diff\u00e9rentes villes. Avoir plus de plaisir!<br \/>\u2460 Mode classique: 9 fr\u00e9quences de vibration;<br \/>\u2461 Mode musique: vous pouvez jouer de la musique tout en utilisant les jouets. La fr\u00e9quence de vibration sera modifi\u00e9e par la m\u00e9lodie musicale;<br \/>\u2462 Mode de secouage: en secouant votre t\u00e9l\u00e9phone pour contr\u00f4ler la fr\u00e9quence et l&#8217;intensit\u00e9 des vibrations;<br \/>\u2463 Mode interactif: ajoutez des amis pour contr\u00f4ler les vibreurs l&#8217;un de l&#8217;autre et peut passer des appels vid\u00e9o. Rendra plus amusant!<br \/>&#8212;&#8212;<\/p>\n<p>Emballage discret: nous n&#8217;\u00e9crirons aucun mot sur le sexe sur l&#8217;emballage.<\/p>\n<div class=\"detailmodule_image\">\u00a0<\/div>\n<div class=\"detailmodule_image\"><img decoding=\"async\" class=\"detail-desc-decorate-image\" src=\"https:\/\/ae01.alicdn.com\/kf\/H4f32689c0bf242dda0f294a848edace3t.jpg\" \/><img decoding=\"async\" class=\"detail-desc-decorate-image\" src=\"https:\/\/ae01.alicdn.com\/kf\/Ha68cb8814e5948f6b62dbb36c401c1ddS.jpg\" \/><img decoding=\"async\" class=\"detail-desc-decorate-image\" src=\"https:\/\/ae01.alicdn.com\/kf\/Hcc6681df713941f3a0c28052950cd0f2z.jpg\" \/><img decoding=\"async\" class=\"detail-desc-decorate-image\" src=\"https:\/\/ae01.alicdn.com\/kf\/Hfa4edd5dc0604a608953fcd2ddccfbd6L.gif\" \/><img decoding=\"async\" class=\"detail-desc-decorate-image\" src=\"https:\/\/ae01.alicdn.com\/kf\/H0cea0bc716f84c7684210ad9f7643cf2f.gif\" \/><img decoding=\"async\" class=\"detail-desc-decorate-image\" src=\"https:\/\/ae01.alicdn.com\/kf\/H02ffc151aef644afaff3f54b83c2ec7eT.gif\" \/><img decoding=\"async\" class=\"detail-desc-decorate-image\" src=\"https:\/\/ae01.alicdn.com\/kf\/H0e4cbcea5b2f41259ab6c33937713acbx.jpg\" \/><img decoding=\"async\" class=\"detail-desc-decorate-image\" src=\"https:\/\/ae01.alicdn.com\/kf\/H936343ef4fc84c19bd4e3aa4e94564baD.jpg\" \/><img decoding=\"async\" class=\"detail-desc-decorate-image\" src=\"https:\/\/ae01.alicdn.com\/kf\/H66eaf0ce234141c199b28196394db950O.jpg\" \/><\/div>\n<div class=\"detailmodule_image\"><img decoding=\"async\" class=\"detail-desc-decorate-image\" src=\"https:\/\/ae01.alicdn.com\/kf\/H354198fb6d6b4122be9b3a6d04d57e82w.gif\" \/><\/div>\n<div><img decoding=\"async\" class=\"detail-desc-decorate-image\" src=\"https:\/\/ae01.alicdn.com\/kf\/Hd4b8f9d8820740958c32a6fe1e49cbcej.jpg\" \/><img decoding=\"async\" class=\"detail-desc-decorate-image\" src=\"https:\/\/ae01.alicdn.com\/kf\/H171af80568ce4b0085f55797994542a3o.jpg\" \/><img decoding=\"async\" class=\"detail-desc-decorate-image\" src=\"https:\/\/ae01.alicdn.com\/kf\/H267cd77513894a9bbacf80a6e67e7bb7j.jpg\" \/><img decoding=\"async\" class=\"detail-desc-decorate-image\" src=\"https:\/\/ae01.alicdn.com\/kf\/H975786e433af4ab8bce96f71a0cf681bi.jpg\" \/><img decoding=\"async\" class=\"detail-desc-decorate-image\" src=\"https:\/\/ae01.alicdn.com\/kf\/H5a442383630a40d8aa05af6052b35e28A.jpg\" \/><\/div>\n<\/div>\n<div class=\"detailmodule_image\"><img decoding=\"async\" class=\"detail-desc-decorate-image\" src=\"https:\/\/ae01.alicdn.com\/kf\/Hd40b097a23cd47ba93b67b92a301282df.gif\" \/><img decoding=\"async\" class=\"detail-desc-decorate-image\" src=\"https:\/\/ae01.alicdn.com\/kf\/H63dd3aac26864923ab35b399b5df652cj.gif\" \/><\/div>\n<div class=\"detailmodule_text\">\n<p class=\"detail-desc-decorate-title\" style=\"font-family: OpenSans; font-size: 20px; font-weight: 900; line-height: 28px; white-space: pre-wrap; color: #000000; margin-bottom: 12px;\"><img decoding=\"async\" src=\"https:\/\/ae01.alicdn.com\/kf\/Hd2535f97153b4dddb5d0c88a6c7ad534T.jpg\" \/><img decoding=\"async\" src=\"https:\/\/ae01.alicdn.com\/kf\/H37f209209b704827995eae8bee2a00c6W.jpg\" \/><img decoding=\"async\" src=\"https:\/\/ae01.alicdn.com\/kf\/Hb42c5f8ec1c04d20a1b4c874bb9587b6Z.jpg\" \/><img decoding=\"async\" src=\"https:\/\/ae01.alicdn.com\/kf\/H59f5dfa8d9ba428b900e99c62fdbe34e6.jpg\" \/><img decoding=\"async\" src=\"https:\/\/ae01.alicdn.com\/kf\/H5d326af44d404736b8e7f083e49ceaabT.jpg\" \/><img decoding=\"async\" src=\"https:\/\/ae01.alicdn.com\/kf\/S889b7c31af89486380048aa4aa32ba2aA.jpg\" \/><img decoding=\"async\" src=\"https:\/\/ae01.alicdn.com\/kf\/S6edc8d9381ad45a39b82450677593e43d.jpg\" \/><img decoding=\"async\" src=\"https:\/\/ae01.alicdn.com\/kf\/S6a9b848408ae407ab1f8e4f3c3d5fda3Q.jpg\" \/><img decoding=\"async\" src=\"https:\/\/ae01.alicdn.com\/kf\/S8d2b4d6ebad6468dbaabdb3ca48e1b9br.jpg\" \/><img decoding=\"async\" src=\"https:\/\/ae01.alicdn.com\/kf\/S01668bc20769454cac460f5aec598ec7W.jpg\" \/><img decoding=\"async\" src=\"https:\/\/ae01.alicdn.com\/kf\/S72788f14734848649352b673e6d53b55u.jpg\" \/><img decoding=\"async\" src=\"https:\/\/ae01.alicdn.com\/kf\/Sab042d4105cd4de2aa190027b7514dffC.jpg\" \/><img decoding=\"async\" src=\"https:\/\/ae01.alicdn.com\/kf\/S4651165dd09f491db9dd90ce5eed08db4.jpg\" \/><\/p>\n<p class=\"detail-desc-decorate-title\" style=\"font-family: OpenSans; font-size: 20px; font-weight: 900; line-height: 28px; white-space: pre-wrap; color: #000000; margin-bottom: 12px;\">\u00c0 propos de Nous<\/p>\n<p class=\"detail-desc-decorate-content\" style=\"font-family: OpenSans; font-size: 14px; font-weight: 300; line-height: 20px; white-space: pre-wrap; color: #000000; margin-bottom: 12px;\">D\u00e9codage de votre secret corporel! Explorons l&#8217;amour et profitons des jouets ensemble! C&#8217;est LEVETT. Engag\u00e9 dans l&#8217;industrie des jouets sexuels pour adultes \u00e0 partir de 2010, LEVETT a commenc\u00e9 \u00e0 HK et aux \u00e9tats-unis. Nous avons de nombreuses id\u00e9es et tests sur la fa\u00e7on d&#8217;obtenir l&#8217;orgasme. Un de nos produits, Itouch, ce puissant vibrateur avec 4 moteurs a \u00e9t\u00e9 d\u00e9velopp\u00e9 et test\u00e9 au Canada, 18 sur 20 testeurs atteignent l&#8217;orgasme en 2 minutes. Il nous donne confiance en nous, le bon moyen de d\u00e9velopper plus de jouets pour aider les clients \u00e0 aimer et \u00e0 profiter de la vie. Levett design pour les amateurs de plaisir, ce vibrateur sp\u00e9cialis\u00e9 est con\u00e7u pour lib\u00e9rer votre corps et votre \u00e2me. Les courbes vives fourniront une \u00e9lasticit\u00e9 \u00e9tendue et la puissance dynamique stimulera votre corps. Maintenant, nous sommes tr\u00e8s fiers d&#8217;\u00eatre une marque de renomm\u00e9e internationale. Nous nous concentrons sur des services efficaces, en continuant \u00e0 fournir aux consommateurs des jouets intimes de haute qualit\u00e9.<\/p>\n<\/div>\n<div class=\"detailmodule_image\"><img decoding=\"async\" class=\"detail-desc-decorate-image\" src=\"https:\/\/ae01.alicdn.com\/kf\/H8bbfaa1152ea47eb9ed36dd2cb7e6b1ar.png\" \/><img decoding=\"async\" class=\"detail-desc-decorate-image\" src=\"https:\/\/ae01.alicdn.com\/kf\/Hece35ff2fc5241188b7599d563a81ea39.png\" \/><img decoding=\"async\" class=\"detail-desc-decorate-image\" src=\"https:\/\/ae01.alicdn.com\/kf\/H928c0e619f6a4f189a06f42fddd06a05k.jpg\" \/><\/div>\n<p>\u00a0<\/p>\n<\/div>\n<\/div>\n","protected":false},"excerpt":{"rendered":"<p>LEVETT \u2013 vibromasseur Vaginal \u00e0 t\u00e9l\u00e9commande sans fil, point G, balle d&#8217;\u0153uf vibrante, balles de Kegel pour adultes, jouets sexuels pour femmes, balles Ben Wa Version de contr\u00f4leur:Caract\u00e9ristiques: \u00e9tanche, sans phtalate, charge magn\u00e9tiqueMat\u00e9riel: Silicone M\u00e9dicalModes: 16 fr\u00e9quences de vibration diff\u00e9rentesTaille: 180*38mmAlimentation: chargement magn\u00e9tique USBTemps de charge: 2-3 heuresTemps d&#8217;utilisation: 1.5-2 heuresDistance \u00e0 distance: 10 m\u00e8tres &#8212;&#8212;La Version de L&#8217;APPLICATION: Caract\u00e9ristiques: pas de limite de Distance! Peut contr\u00f4ler dans diff\u00e9rentes villes. Avoir plus de plaisir!\u2460 Mode classique: 9 fr\u00e9quences de vibration;\u2461 Mode musique: vous pouvez jouer de la musique tout en utilisant les jouets. La fr\u00e9quence de vibration sera modifi\u00e9e par<\/p>\n","protected":false},"featured_media":6319,"comment_status":"open","ping_status":"closed","template":"","meta":{"_joinchat":[]},"etheme_brands":[],"product_cat":[46,69,62],"product_tag":[],"yoast_head":"<!-- This site is optimized with the Yoast SEO Premium plugin v19.3 (Yoast SEO v21.5) - https:\/\/yoast.com\/wordpress\/plugins\/seo\/ -->\n<title>- Achetez et Commandez Discr\u00e8tement vos Vibromasseur d&#039;\u0153uf sans fil pour femme au Cameroun -<\/title>\n<meta name=\"description\" content=\"Commandez vos meilleurs Vibromasseur d&#039;\u0153uf sans fil pour femme \u00e0 bons prix partout au Cameroun et faites vous livrer discr\u00e8tement, sur H\u00e9donia, le meilleur site de vente en ligne de sextoys au Cameroun. - Whatsapp: +237 672588687\" \/>\n<meta name=\"robots\" content=\"index, follow, max-snippet:-1, max-image-preview:large, max-video-preview:-1\" \/>\n<link rel=\"canonical\" href=\"https:\/\/sexshop.cm\/produit\/vibromasseur-doeuf-sans-fil-pour-femme\/\" \/>\n<meta property=\"og:locale\" content=\"en_US\" \/>\n<meta property=\"og:type\" content=\"article\" \/>\n<meta property=\"og:title\" content=\"Vibromasseur d&#039;\u0153uf sans fil pour femme\" \/>\n<meta property=\"og:description\" content=\"Vibromasseur d&#039;\u0153uf sans fil pour femme - H\u00e9donia\" \/>\n<meta property=\"og:url\" content=\"https:\/\/sexshop.cm\/produit\/vibromasseur-doeuf-sans-fil-pour-femme\/\" \/>\n<meta property=\"og:site_name\" content=\"H\u00e9donia\" \/>\n<meta property=\"article:modified_time\" content=\"2022-12-03T09:53:21+00:00\" \/>\n<meta property=\"og:image\" content=\"https:\/\/sexshop.cm\/wp-content\/uploads\/2022\/10\/Vibromasseur-d-uf-sans-fil-pour-femme-sous-v-tement-stimulateur-de-point-G-boule-de.jpg\" \/>\n\t<meta property=\"og:image:width\" content=\"1000\" \/>\n\t<meta property=\"og:image:height\" content=\"1000\" \/>\n\t<meta property=\"og:image:type\" content=\"image\/jpeg\" \/>\n<meta name=\"twitter:card\" content=\"summary_large_image\" \/>\n<meta name=\"twitter:label1\" content=\"Availability\" \/>\n\t<meta name=\"twitter:data1\" content=\"In stock\" \/>\n<script type=\"application\/ld+json\" class=\"yoast-schema-graph\">{\"@context\":\"https:\/\/schema.org\",\"@graph\":[{\"@type\":\"WebPage\",\"@id\":\"https:\/\/sexshop.cm\/produit\/vibromasseur-doeuf-sans-fil-pour-femme\/\",\"url\":\"https:\/\/sexshop.cm\/produit\/vibromasseur-doeuf-sans-fil-pour-femme\/\",\"name\":\"- Achetez et Commandez Discr\u00e8tement vos Vibromasseur d'\u0153uf sans fil pour femme au Cameroun -\",\"isPartOf\":{\"@id\":\"https:\/\/sexshop.cm\/#website\"},\"datePublished\":\"2022-10-04T08:21:11+00:00\",\"dateModified\":\"2022-12-03T09:53:21+00:00\",\"description\":\"Commandez vos meilleurs Vibromasseur d'\u0153uf sans fil pour femme \u00e0 bons prix partout au Cameroun et faites vous livrer discr\u00e8tement, sur H\u00e9donia, le meilleur site de vente en ligne de sextoys au Cameroun. - Whatsapp: +237 672588687\",\"breadcrumb\":{\"@id\":\"https:\/\/sexshop.cm\/produit\/vibromasseur-doeuf-sans-fil-pour-femme\/#breadcrumb\"},\"inLanguage\":\"en-US\",\"potentialAction\":[{\"@type\":\"ReadAction\",\"target\":[\"https:\/\/sexshop.cm\/produit\/vibromasseur-doeuf-sans-fil-pour-femme\/\"]}]},{\"@type\":\"BreadcrumbList\",\"@id\":\"https:\/\/sexshop.cm\/produit\/vibromasseur-doeuf-sans-fil-pour-femme\/#breadcrumb\",\"itemListElement\":[{\"@type\":\"ListItem\",\"position\":1,\"name\":\"Accueil\",\"item\":\"https:\/\/sexshop.cm\/en\/online-sexshop-in-cameroon\/\"},{\"@type\":\"ListItem\",\"position\":2,\"name\":\"Shop\",\"item\":\"https:\/\/sexshop.cm\/shop\/\"},{\"@type\":\"ListItem\",\"position\":3,\"name\":\"Vibromasseur d&rsquo;\u0153uf sans fil pour femme\"}]},{\"@type\":\"WebSite\",\"@id\":\"https:\/\/sexshop.cm\/#website\",\"url\":\"https:\/\/sexshop.cm\/\",\"name\":\"H\u00e9donia\",\"description\":\"SexShop en ligne - Boutique de sextoys et objets coquins en ligne au Cameroun\",\"publisher\":{\"@id\":\"https:\/\/sexshop.cm\/#organization\"},\"potentialAction\":[{\"@type\":\"SearchAction\",\"target\":{\"@type\":\"EntryPoint\",\"urlTemplate\":\"https:\/\/sexshop.cm\/?s={search_term_string}\"},\"query-input\":\"required name=search_term_string\"}],\"inLanguage\":\"en-US\"},{\"@type\":\"Organization\",\"@id\":\"https:\/\/sexshop.cm\/#organization\",\"name\":\"H\u00e9donia\",\"alternateName\":\"Boutique de Sextoys en ligne au Cameroun\",\"url\":\"https:\/\/sexshop.cm\/\",\"logo\":{\"@type\":\"ImageObject\",\"inLanguage\":\"en-US\",\"@id\":\"https:\/\/sexshop.cm\/#\/schema\/logo\/image\/\",\"url\":\"https:\/\/sexshop.cm\/wp-content\/uploads\/2022\/10\/logo-680-hedonia.png.200x100_q85_background-f8f9fa.png\",\"contentUrl\":\"https:\/\/sexshop.cm\/wp-content\/uploads\/2022\/10\/logo-680-hedonia.png.200x100_q85_background-f8f9fa.png\",\"width\":2222,\"height\":534,\"caption\":\"H\u00e9donia\"},\"image\":{\"@id\":\"https:\/\/sexshop.cm\/#\/schema\/logo\/image\/\"}}]}<\/script>\n<meta property=\"og:availability\" content=\"instock\" \/>\n<meta property=\"product:availability\" content=\"instock\" \/>\n<meta property=\"product:retailer_item_id\" content=\"4000557775543\" \/>\n<meta property=\"product:condition\" content=\"new\" \/>\n<!-- \/ Yoast SEO Premium plugin. -->","yoast_head_json":{"title":"- Achetez et Commandez Discr\u00e8tement vos Vibromasseur d'\u0153uf sans fil pour femme au Cameroun -","description":"Commandez vos meilleurs Vibromasseur d'\u0153uf sans fil pour femme \u00e0 bons prix partout au Cameroun et faites vous livrer discr\u00e8tement, sur H\u00e9donia, le meilleur site de vente en ligne de sextoys au Cameroun. - Whatsapp: +237 672588687","robots":{"index":"index","follow":"follow","max-snippet":"max-snippet:-1","max-image-preview":"max-image-preview:large","max-video-preview":"max-video-preview:-1"},"canonical":"https:\/\/sexshop.cm\/produit\/vibromasseur-doeuf-sans-fil-pour-femme\/","og_locale":"en_US","og_type":"article","og_title":"Vibromasseur d'\u0153uf sans fil pour femme","og_description":"Vibromasseur d'\u0153uf sans fil pour femme - H\u00e9donia","og_url":"https:\/\/sexshop.cm\/produit\/vibromasseur-doeuf-sans-fil-pour-femme\/","og_site_name":"H\u00e9donia","article_modified_time":"2022-12-03T09:53:21+00:00","og_image":[{"width":1000,"height":1000,"url":"https:\/\/sexshop.cm\/wp-content\/uploads\/2022\/10\/Vibromasseur-d-uf-sans-fil-pour-femme-sous-v-tement-stimulateur-de-point-G-boule-de.jpg","type":"image\/jpeg"}],"twitter_card":"summary_large_image","twitter_misc":{"Availability":"In stock"},"schema":{"@context":"https:\/\/schema.org","@graph":[{"@type":"WebPage","@id":"https:\/\/sexshop.cm\/produit\/vibromasseur-doeuf-sans-fil-pour-femme\/","url":"https:\/\/sexshop.cm\/produit\/vibromasseur-doeuf-sans-fil-pour-femme\/","name":"- Achetez et Commandez Discr\u00e8tement vos Vibromasseur d'\u0153uf sans fil pour femme au Cameroun -","isPartOf":{"@id":"https:\/\/sexshop.cm\/#website"},"datePublished":"2022-10-04T08:21:11+00:00","dateModified":"2022-12-03T09:53:21+00:00","description":"Commandez vos meilleurs Vibromasseur d'\u0153uf sans fil pour femme \u00e0 bons prix partout au Cameroun et faites vous livrer discr\u00e8tement, sur H\u00e9donia, le meilleur site de vente en ligne de sextoys au Cameroun. - Whatsapp: +237 672588687","breadcrumb":{"@id":"https:\/\/sexshop.cm\/produit\/vibromasseur-doeuf-sans-fil-pour-femme\/#breadcrumb"},"inLanguage":"en-US","potentialAction":[{"@type":"ReadAction","target":["https:\/\/sexshop.cm\/produit\/vibromasseur-doeuf-sans-fil-pour-femme\/"]}]},{"@type":"BreadcrumbList","@id":"https:\/\/sexshop.cm\/produit\/vibromasseur-doeuf-sans-fil-pour-femme\/#breadcrumb","itemListElement":[{"@type":"ListItem","position":1,"name":"Accueil","item":"https:\/\/sexshop.cm\/en\/online-sexshop-in-cameroon\/"},{"@type":"ListItem","position":2,"name":"Shop","item":"https:\/\/sexshop.cm\/shop\/"},{"@type":"ListItem","position":3,"name":"Vibromasseur d&rsquo;\u0153uf sans fil pour femme"}]},{"@type":"WebSite","@id":"https:\/\/sexshop.cm\/#website","url":"https:\/\/sexshop.cm\/","name":"H\u00e9donia","description":"SexShop en ligne - Boutique de sextoys et objets coquins en ligne au Cameroun","publisher":{"@id":"https:\/\/sexshop.cm\/#organization"},"potentialAction":[{"@type":"SearchAction","target":{"@type":"EntryPoint","urlTemplate":"https:\/\/sexshop.cm\/?s={search_term_string}"},"query-input":"required name=search_term_string"}],"inLanguage":"en-US"},{"@type":"Organization","@id":"https:\/\/sexshop.cm\/#organization","name":"H\u00e9donia","alternateName":"Boutique de Sextoys en ligne au Cameroun","url":"https:\/\/sexshop.cm\/","logo":{"@type":"ImageObject","inLanguage":"en-US","@id":"https:\/\/sexshop.cm\/#\/schema\/logo\/image\/","url":"https:\/\/sexshop.cm\/wp-content\/uploads\/2022\/10\/logo-680-hedonia.png.200x100_q85_background-f8f9fa.png","contentUrl":"https:\/\/sexshop.cm\/wp-content\/uploads\/2022\/10\/logo-680-hedonia.png.200x100_q85_background-f8f9fa.png","width":2222,"height":534,"caption":"H\u00e9donia"},"image":{"@id":"https:\/\/sexshop.cm\/#\/schema\/logo\/image\/"}}]},"og_availability":"instock","product_availability":"instock","product_retailer_item_id":"4000557775543","product_condition":"new"},"_links":{"self":[{"href":"https:\/\/sexshop.cm\/en\/wp-json\/wp\/v2\/product\/6318"}],"collection":[{"href":"https:\/\/sexshop.cm\/en\/wp-json\/wp\/v2\/product"}],"about":[{"href":"https:\/\/sexshop.cm\/en\/wp-json\/wp\/v2\/types\/product"}],"replies":[{"embeddable":true,"href":"https:\/\/sexshop.cm\/en\/wp-json\/wp\/v2\/comments?post=6318"}],"wp:featuredmedia":[{"embeddable":true,"href":"https:\/\/sexshop.cm\/en\/wp-json\/wp\/v2\/media\/6319"}],"wp:attachment":[{"href":"https:\/\/sexshop.cm\/en\/wp-json\/wp\/v2\/media?parent=6318"}],"wp:term":[{"taxonomy":"brand","embeddable":true,"href":"https:\/\/sexshop.cm\/en\/wp-json\/wp\/v2\/etheme_brands?post=6318"},{"taxonomy":"product_cat","embeddable":true,"href":"https:\/\/sexshop.cm\/en\/wp-json\/wp\/v2\/product_cat?post=6318"},{"taxonomy":"product_tag","embeddable":true,"href":"https:\/\/sexshop.cm\/en\/wp-json\/wp\/v2\/product_tag?post=6318"}],"curies":[{"name":"wp","href":"https:\/\/api.w.org\/{rel}","templated":true}]}}