{"id":6340,"date":"2022-10-04T09:21:18","date_gmt":"2022-10-04T08:21:18","guid":{"rendered":"https:\/\/sexshop.cm\/produit\/gel-de-serrage-vaginal-pour-femmes-lubrifiant-orgasme\/"},"modified":"2023-04-09T23:23:53","modified_gmt":"2023-04-09T22:23:53","slug":"gel-de-serrage-vaginal-pour-femmes-lubrifiant-orgasme","status":"publish","type":"product","link":"https:\/\/sexshop.cm\/en\/produit\/gel-de-serrage-vaginal-pour-femmes-lubrifiant-orgasme\/","title":{"rendered":"Gel de serrage Vaginal pour femmes, lubrifiant, orgasme"},"content":{"rendered":"<div class=\"detailmodule_html\">\n<div class=\"detail-desc-decorate-richtext\">\n<div class=\"detailmodule_html\">\n<div class=\"detail-desc-decorate-richtext\">\n<div class=\"detailmodule_html\">\n<div class=\"detail-desc-decorate-richtext\">\n<p>\u00a0<\/p>\n<p>Caract\u00e9ristiques:<br \/>1. 100% tout neuf et de haute qualit\u00e9!<br \/>2. Pour aider les femmes \u00e0 orgasme rapidement pour atteindre des couples sexuels de haute qualit\u00e9 \u00e0 utiliser, les femmes flirtent, les produits aphrodisiaques, le traitement efficace du sexe vaginal et s&#8217;ennuient, jouent la st\u00e9rilisation et l&#8217;effet antibact\u00e9rien<\/p>\n<p>Sp\u00e9cifications:<br \/>Capacit\u00e9 nette: 50ml<br \/>Dur\u00e9e de conservation: 2 ans<br \/>Ingr\u00e9dients: petites mol\u00e9cules facteur d&#8217;eau arginine, glyc\u00e9rol, sorbitol, propolis<\/p>\n<p>Le paquet Contient:<br \/>50Ml femmes Gel de serrage Vaginal<\/p>\n<p>Comment utiliser:<br \/>1 minutes avant les rapports sexuels \u00e0 utiliser pr\u00e8s des l\u00e8vres ext\u00e9rieures et du clitoris 2-3 masser doucement quelques instants<\/p>\n<p>Note:<br \/>1. En raison des diff\u00e9rents effets de moniteur et de lumi\u00e8re, la couleur r\u00e9elle de l&#8217;article peut \u00eatre l\u00e9g\u00e8rement diff\u00e9rente de la couleur qui est montr\u00e9e sur les images.<br \/>2. Veuillez pardonner l&#8217;\u00e9cart de mesure de 0.1 cm\/0.039 &#8220;-0.3 cm\/0.118&#8221; en raison de la mesure manuelle.<\/p>\n<p><img decoding=\"async\" style=\"width: 800px;\" src=\"https:\/\/ae01.alicdn.com\/kf\/Sd1c66236c149444b8e32105253661b96B.jpg\" \/><\/p>\n<p><img decoding=\"async\" style=\"width: 800px;\" src=\"https:\/\/ae01.alicdn.com\/kf\/S66135a77a34d4f5dbd64bc52b1e688b5a.jpg\" \/><\/p>\n<p><img decoding=\"async\" style=\"width: 800px;\" src=\"https:\/\/ae01.alicdn.com\/kf\/Saa4c536185964e04a17c126ff31723a06.jpg\" \/><\/p>\n<p><img decoding=\"async\" style=\"width: 800px;\" src=\"https:\/\/ae01.alicdn.com\/kf\/Scbf2b8eebd0a446f90fc20f7e5d7a7c4j.jpg\" \/><\/p>\n<\/div>\n<\/div>\n<\/div>\n<\/div>\n<div class=\"detailmodule_dynamic\">\u00a0<\/div>\n<\/div>\n<\/div>\n","protected":false},"excerpt":{"rendered":"<p>\u00a0 Caract\u00e9ristiques:1. 100% tout neuf et de haute qualit\u00e9!2. Pour aider les femmes \u00e0 orgasme rapidement pour atteindre des couples sexuels de haute qualit\u00e9 \u00e0 utiliser, les femmes flirtent, les produits aphrodisiaques, le traitement efficace du sexe vaginal et s&#8217;ennuient, jouent la st\u00e9rilisation et l&#8217;effet antibact\u00e9rien Sp\u00e9cifications:Capacit\u00e9 nette: 50mlDur\u00e9e de conservation: 2 ansIngr\u00e9dients: petites mol\u00e9cules facteur d&#8217;eau arginine, glyc\u00e9rol, sorbitol, propolis Le paquet Contient:50Ml femmes Gel de serrage Vaginal Comment utiliser:1 minutes avant les rapports sexuels \u00e0 utiliser pr\u00e8s des l\u00e8vres ext\u00e9rieures et du clitoris 2-3 masser doucement quelques instants Note:1. En raison des diff\u00e9rents effets de moniteur et de<\/p>\n","protected":false},"featured_media":6341,"comment_status":"open","ping_status":"closed","template":"","meta":{"_joinchat":[]},"etheme_brands":[],"product_cat":[51,46],"product_tag":[],"yoast_head":"<!-- This site is optimized with the Yoast SEO Premium plugin v19.3 (Yoast SEO v21.5) - https:\/\/yoast.com\/wordpress\/plugins\/seo\/ -->\n<title>- Achetez et Commandez Discr\u00e8tement vos Gel de serrage Vaginal pour femmes, lubrifiant, orgasme au Cameroun -<\/title>\n<meta name=\"description\" content=\"Commandez vos meilleurs Gel de serrage Vaginal pour femmes, lubrifiant, orgasme \u00e0 bons prix partout au Cameroun et faites vous livrer discr\u00e8tement, sur H\u00e9donia, le meilleur site de vente en ligne de sextoys au Cameroun. - Whatsapp: +237 672588687\" \/>\n<meta name=\"robots\" content=\"index, follow, max-snippet:-1, max-image-preview:large, max-video-preview:-1\" \/>\n<link rel=\"canonical\" href=\"https:\/\/sexshop.cm\/produit\/gel-de-serrage-vaginal-pour-femmes-lubrifiant-orgasme\/\" \/>\n<meta property=\"og:locale\" content=\"en_US\" \/>\n<meta property=\"og:type\" content=\"article\" \/>\n<meta property=\"og:title\" content=\"Gel de serrage Vaginal pour femmes, lubrifiant, orgasme\" \/>\n<meta property=\"og:description\" content=\"Gel de serrage Vaginal pour femmes, lubrifiant, orgasme - H\u00e9donia\" \/>\n<meta property=\"og:url\" content=\"https:\/\/sexshop.cm\/produit\/gel-de-serrage-vaginal-pour-femmes-lubrifiant-orgasme\/\" \/>\n<meta property=\"og:site_name\" content=\"H\u00e9donia\" \/>\n<meta property=\"article:modified_time\" content=\"2023-04-09T22:23:53+00:00\" \/>\n<meta property=\"og:image\" content=\"http:\/\/sexshop.cm\/wp-content\/uploads\/2022\/10\/Gel-de-serrage-Vaginal-pour-femmes-lubrifiant-orgasme-hydratant-rehausseur-de-plaisir-aphrodisiaque-Stimulant-sexuel-f.jpg\" \/>\n\t<meta property=\"og:image:width\" content=\"800\" \/>\n\t<meta property=\"og:image:height\" content=\"800\" \/>\n\t<meta property=\"og:image:type\" content=\"image\/jpeg\" \/>\n<meta name=\"twitter:card\" content=\"summary_large_image\" \/>\n<meta name=\"twitter:label1\" content=\"Price\" \/>\n\t<meta name=\"twitter:data1\" content=\"8500&nbsp;CFA\" \/>\n\t<meta name=\"twitter:label2\" content=\"Availability\" \/>\n\t<meta name=\"twitter:data2\" content=\"Out of stock\" \/>\n<script type=\"application\/ld+json\" class=\"yoast-schema-graph\">{\"@context\":\"https:\/\/schema.org\",\"@graph\":[{\"@type\":\"WebPage\",\"@id\":\"https:\/\/sexshop.cm\/produit\/gel-de-serrage-vaginal-pour-femmes-lubrifiant-orgasme\/\",\"url\":\"https:\/\/sexshop.cm\/produit\/gel-de-serrage-vaginal-pour-femmes-lubrifiant-orgasme\/\",\"name\":\"- Achetez et Commandez Discr\u00e8tement vos Gel de serrage Vaginal pour femmes, lubrifiant, orgasme au Cameroun -\",\"isPartOf\":{\"@id\":\"https:\/\/sexshop.cm\/#website\"},\"datePublished\":\"2022-10-04T08:21:18+00:00\",\"dateModified\":\"2023-04-09T22:23:53+00:00\",\"description\":\"Commandez vos meilleurs Gel de serrage Vaginal pour femmes, lubrifiant, orgasme \u00e0 bons prix partout au Cameroun et faites vous livrer discr\u00e8tement, sur H\u00e9donia, le meilleur site de vente en ligne de sextoys au Cameroun. - Whatsapp: +237 672588687\",\"breadcrumb\":{\"@id\":\"https:\/\/sexshop.cm\/produit\/gel-de-serrage-vaginal-pour-femmes-lubrifiant-orgasme\/#breadcrumb\"},\"inLanguage\":\"en-US\",\"potentialAction\":[{\"@type\":\"ReadAction\",\"target\":[\"https:\/\/sexshop.cm\/produit\/gel-de-serrage-vaginal-pour-femmes-lubrifiant-orgasme\/\"]}]},{\"@type\":\"BreadcrumbList\",\"@id\":\"https:\/\/sexshop.cm\/produit\/gel-de-serrage-vaginal-pour-femmes-lubrifiant-orgasme\/#breadcrumb\",\"itemListElement\":[{\"@type\":\"ListItem\",\"position\":1,\"name\":\"Accueil\",\"item\":\"https:\/\/sexshop.cm\/en\/online-sexshop-in-cameroon\/\"},{\"@type\":\"ListItem\",\"position\":2,\"name\":\"Shop\",\"item\":\"https:\/\/sexshop.cm\/shop\/\"},{\"@type\":\"ListItem\",\"position\":3,\"name\":\"Gel de serrage Vaginal pour femmes, lubrifiant, orgasme\"}]},{\"@type\":\"WebSite\",\"@id\":\"https:\/\/sexshop.cm\/#website\",\"url\":\"https:\/\/sexshop.cm\/\",\"name\":\"H\u00e9donia\",\"description\":\"SexShop en ligne - Boutique de sextoys et objets coquins en ligne au Cameroun\",\"publisher\":{\"@id\":\"https:\/\/sexshop.cm\/#organization\"},\"potentialAction\":[{\"@type\":\"SearchAction\",\"target\":{\"@type\":\"EntryPoint\",\"urlTemplate\":\"https:\/\/sexshop.cm\/?s={search_term_string}\"},\"query-input\":\"required name=search_term_string\"}],\"inLanguage\":\"en-US\"},{\"@type\":\"Organization\",\"@id\":\"https:\/\/sexshop.cm\/#organization\",\"name\":\"H\u00e9donia\",\"alternateName\":\"Boutique de Sextoys en ligne au Cameroun\",\"url\":\"https:\/\/sexshop.cm\/\",\"logo\":{\"@type\":\"ImageObject\",\"inLanguage\":\"en-US\",\"@id\":\"https:\/\/sexshop.cm\/#\/schema\/logo\/image\/\",\"url\":\"https:\/\/sexshop.cm\/wp-content\/uploads\/2022\/10\/logo-680-hedonia.png.200x100_q85_background-f8f9fa.png\",\"contentUrl\":\"https:\/\/sexshop.cm\/wp-content\/uploads\/2022\/10\/logo-680-hedonia.png.200x100_q85_background-f8f9fa.png\",\"width\":2222,\"height\":534,\"caption\":\"H\u00e9donia\"},\"image\":{\"@id\":\"https:\/\/sexshop.cm\/#\/schema\/logo\/image\/\"}}]}<\/script>\n<meta property=\"product:price:amount\" content=\"8500\" \/>\n<meta property=\"product:price:currency\" content=\"XAF\" \/>\n<meta property=\"og:availability\" content=\"out of stock\" \/>\n<meta property=\"product:availability\" content=\"out of stock\" \/>\n<meta property=\"product:retailer_item_id\" content=\"1005004583719247\" \/>\n<meta property=\"product:condition\" content=\"new\" \/>\n<!-- \/ Yoast SEO Premium plugin. -->","yoast_head_json":{"title":"- Achetez et Commandez Discr\u00e8tement vos Gel de serrage Vaginal pour femmes, lubrifiant, orgasme au Cameroun -","description":"Commandez vos meilleurs Gel de serrage Vaginal pour femmes, lubrifiant, orgasme \u00e0 bons prix partout au Cameroun et faites vous livrer discr\u00e8tement, sur H\u00e9donia, le meilleur site de vente en ligne de sextoys au Cameroun. - Whatsapp: +237 672588687","robots":{"index":"index","follow":"follow","max-snippet":"max-snippet:-1","max-image-preview":"max-image-preview:large","max-video-preview":"max-video-preview:-1"},"canonical":"https:\/\/sexshop.cm\/produit\/gel-de-serrage-vaginal-pour-femmes-lubrifiant-orgasme\/","og_locale":"en_US","og_type":"article","og_title":"Gel de serrage Vaginal pour femmes, lubrifiant, orgasme","og_description":"Gel de serrage Vaginal pour femmes, lubrifiant, orgasme - H\u00e9donia","og_url":"https:\/\/sexshop.cm\/produit\/gel-de-serrage-vaginal-pour-femmes-lubrifiant-orgasme\/","og_site_name":"H\u00e9donia","article_modified_time":"2023-04-09T22:23:53+00:00","og_image":[{"width":800,"height":800,"url":"http:\/\/sexshop.cm\/wp-content\/uploads\/2022\/10\/Gel-de-serrage-Vaginal-pour-femmes-lubrifiant-orgasme-hydratant-rehausseur-de-plaisir-aphrodisiaque-Stimulant-sexuel-f.jpg","type":"image\/jpeg"}],"twitter_card":"summary_large_image","twitter_misc":{"Price":"8500&nbsp;CFA","Availability":"Out of stock"},"schema":{"@context":"https:\/\/schema.org","@graph":[{"@type":"WebPage","@id":"https:\/\/sexshop.cm\/produit\/gel-de-serrage-vaginal-pour-femmes-lubrifiant-orgasme\/","url":"https:\/\/sexshop.cm\/produit\/gel-de-serrage-vaginal-pour-femmes-lubrifiant-orgasme\/","name":"- Achetez et Commandez Discr\u00e8tement vos Gel de serrage Vaginal pour femmes, lubrifiant, orgasme au Cameroun -","isPartOf":{"@id":"https:\/\/sexshop.cm\/#website"},"datePublished":"2022-10-04T08:21:18+00:00","dateModified":"2023-04-09T22:23:53+00:00","description":"Commandez vos meilleurs Gel de serrage Vaginal pour femmes, lubrifiant, orgasme \u00e0 bons prix partout au Cameroun et faites vous livrer discr\u00e8tement, sur H\u00e9donia, le meilleur site de vente en ligne de sextoys au Cameroun. - Whatsapp: +237 672588687","breadcrumb":{"@id":"https:\/\/sexshop.cm\/produit\/gel-de-serrage-vaginal-pour-femmes-lubrifiant-orgasme\/#breadcrumb"},"inLanguage":"en-US","potentialAction":[{"@type":"ReadAction","target":["https:\/\/sexshop.cm\/produit\/gel-de-serrage-vaginal-pour-femmes-lubrifiant-orgasme\/"]}]},{"@type":"BreadcrumbList","@id":"https:\/\/sexshop.cm\/produit\/gel-de-serrage-vaginal-pour-femmes-lubrifiant-orgasme\/#breadcrumb","itemListElement":[{"@type":"ListItem","position":1,"name":"Accueil","item":"https:\/\/sexshop.cm\/en\/online-sexshop-in-cameroon\/"},{"@type":"ListItem","position":2,"name":"Shop","item":"https:\/\/sexshop.cm\/shop\/"},{"@type":"ListItem","position":3,"name":"Gel de serrage Vaginal pour femmes, lubrifiant, orgasme"}]},{"@type":"WebSite","@id":"https:\/\/sexshop.cm\/#website","url":"https:\/\/sexshop.cm\/","name":"H\u00e9donia","description":"SexShop en ligne - Boutique de sextoys et objets coquins en ligne au Cameroun","publisher":{"@id":"https:\/\/sexshop.cm\/#organization"},"potentialAction":[{"@type":"SearchAction","target":{"@type":"EntryPoint","urlTemplate":"https:\/\/sexshop.cm\/?s={search_term_string}"},"query-input":"required name=search_term_string"}],"inLanguage":"en-US"},{"@type":"Organization","@id":"https:\/\/sexshop.cm\/#organization","name":"H\u00e9donia","alternateName":"Boutique de Sextoys en ligne au Cameroun","url":"https:\/\/sexshop.cm\/","logo":{"@type":"ImageObject","inLanguage":"en-US","@id":"https:\/\/sexshop.cm\/#\/schema\/logo\/image\/","url":"https:\/\/sexshop.cm\/wp-content\/uploads\/2022\/10\/logo-680-hedonia.png.200x100_q85_background-f8f9fa.png","contentUrl":"https:\/\/sexshop.cm\/wp-content\/uploads\/2022\/10\/logo-680-hedonia.png.200x100_q85_background-f8f9fa.png","width":2222,"height":534,"caption":"H\u00e9donia"},"image":{"@id":"https:\/\/sexshop.cm\/#\/schema\/logo\/image\/"}}]},"product_price_amount":"8500","product_price_currency":"XAF","og_availability":"out of stock","product_availability":"out of stock","product_retailer_item_id":"1005004583719247","product_condition":"new"},"_links":{"self":[{"href":"https:\/\/sexshop.cm\/en\/wp-json\/wp\/v2\/product\/6340"}],"collection":[{"href":"https:\/\/sexshop.cm\/en\/wp-json\/wp\/v2\/product"}],"about":[{"href":"https:\/\/sexshop.cm\/en\/wp-json\/wp\/v2\/types\/product"}],"replies":[{"embeddable":true,"href":"https:\/\/sexshop.cm\/en\/wp-json\/wp\/v2\/comments?post=6340"}],"wp:featuredmedia":[{"embeddable":true,"href":"https:\/\/sexshop.cm\/en\/wp-json\/wp\/v2\/media\/6341"}],"wp:attachment":[{"href":"https:\/\/sexshop.cm\/en\/wp-json\/wp\/v2\/media?parent=6340"}],"wp:term":[{"taxonomy":"brand","embeddable":true,"href":"https:\/\/sexshop.cm\/en\/wp-json\/wp\/v2\/etheme_brands?post=6340"},{"taxonomy":"product_cat","embeddable":true,"href":"https:\/\/sexshop.cm\/en\/wp-json\/wp\/v2\/product_cat?post=6340"},{"taxonomy":"product_tag","embeddable":true,"href":"https:\/\/sexshop.cm\/en\/wp-json\/wp\/v2\/product_tag?post=6340"}],"curies":[{"name":"wp","href":"https:\/\/api.w.org\/{rel}","templated":true}]}}