{"id":6343,"date":"2022-10-04T09:21:21","date_gmt":"2022-10-04T08:21:21","guid":{"rendered":"https:\/\/sexshop.cm\/produit\/kit-de-balles-de-kegel-pour-lexercice-vaginal-5-pieces\/"},"modified":"2023-11-04T14:20:53","modified_gmt":"2023-11-04T13:20:53","slug":"kit-de-balles-de-kegel-pour-lexercice-vaginal-5-pieces","status":"publish","type":"product","link":"https:\/\/sexshop.cm\/en\/produit\/kit-de-balles-de-kegel-pour-lexercice-vaginal-5-pieces\/","title":{"rendered":"Kit de balles de Kegel pour l&#8217;exercice vaginal, 5 pi\u00e8ces"},"content":{"rendered":"<div class=\"detailmodule_html\">\n<div class=\"detail-desc-decorate-richtext\">\n<div class=\"detailmodule_html\">\n<div class=\"detail-desc-decorate-richtext\">\n<div class=\"detailmodule_html\">\n<div class=\"detail-desc-decorate-richtext\">\n<div class=\"detailmodule_html\">\n<div class=\"detail-desc-decorate-richtext\">\n<div class=\"detailmodule_html\">\n<div class=\"detail-desc-decorate-richtext\">\n<p>\u00a0<\/p>\n<p>\u00a0<\/p>\n<p>5 pi\u00e8ces vagin exercice Kegel balles Kit Ben Wa balles 10 vitesse vibrateur sans fil t\u00e9l\u00e9commande sauter oeufs \u00e9rotique Sex Toy pour les femmes<\/p>\n<p>\u00a0<\/p>\n<p>Description:<\/p>\n<p>Mat\u00e9riau: silicone de qualit\u00e9 alimentaire + ABS<br \/>Taille: comme image<br \/>Couleurs disponibles: Rose rouge\/violet\/Rose<br \/>Mode de fr\u00e9quence: 10 vibrations de fr\u00e9quence<br \/>Coefficient imperm\u00e9able: IPX65 imperm\u00e9able,<br \/>Capacit\u00e9: 170mAh<br \/>Son de travail:&lt;45dB<br \/>Caract\u00e9ristiques: exercer les muscles g\u00e9nitaux, atteindre l&#8217;effet de r\u00e9tr\u00e9cissement + t\u00e9l\u00e9commande sans fil<br \/>Emballage emballage discret pour prot\u00e9ger votre vie priv\u00e9e<\/p>\n<p>Liste d&#8217;emballage:<br \/>Boules de Kegel<br \/>1 * t\u00e9l\u00e9commande sans fil<br \/>1 * c\u00e2ble de charge<\/p>\n<p><img decoding=\"async\" src=\"https:\/\/ae01.alicdn.com\/kf\/HTB1hsnxXEGF3KVjSZFoq6zmpFXax.jpg?smt_ispass_1073622\" \/><img decoding=\"async\" src=\"https:\/\/ae01.alicdn.com\/kf\/HTB1R0DDXBGw3KVjSZFDq6xWEpXaf.jpg?smt_ispass_1073622\" \/><img decoding=\"async\" src=\"https:\/\/ae01.alicdn.com\/kf\/HTB1gaTDXBCw3KVjSZFlq6AJkFXaR.jpg?smt_ispass_1073622\" \/><img decoding=\"async\" src=\"https:\/\/ae01.alicdn.com\/kf\/HTB1DbfDXBGw3KVjSZFwq6zQ2FXa5.jpg?smt_ispass_1073622\" \/><img decoding=\"async\" src=\"https:\/\/ae01.alicdn.com\/kf\/HTB1dnHjXEWF3KVjSZPhq6xclXXa7.jpg?smt_ispass_1073622\" \/><img decoding=\"async\" src=\"https:\/\/ae01.alicdn.com\/kf\/HTB13T_pXBGw3KVjSZFDq6xWEpXa9.jpg?smt_ispass_1073622\" \/><img decoding=\"async\" src=\"https:\/\/ae01.alicdn.com\/kf\/HTB1T1PlXCSD3KVjSZFKq6z10VXai.jpg?smt_ispass_1073622\" \/><img decoding=\"async\" src=\"https:\/\/ae01.alicdn.com\/kf\/HTB1lU6xXBGE3KVjSZFhq6AkaFXaM.jpg?smt_ispass_1073622\" \/><img decoding=\"async\" src=\"https:\/\/ae01.alicdn.com\/kf\/HTB1UZPwXv1H3KVjSZFHq6zKppXaj.jpg?smt_ispass_1073622\" \/><img decoding=\"async\" src=\"https:\/\/ae01.alicdn.com\/kf\/HTB1zBvyXCWD3KVjSZSgq6ACxVXag.jpg?smt_ispass_1073622\" \/><img decoding=\"async\" src=\"https:\/\/ae01.alicdn.com\/kf\/HTB1RV2GXrys3KVjSZFnq6xFzpXab.jpg?smt_ispass_1073622\" \/><img decoding=\"async\" src=\"https:\/\/ae01.alicdn.com\/kf\/HTB1jJYxXECF3KVjSZJnq6znHFXaZ.jpg?smt_ispass_1073622\" \/><img decoding=\"async\" src=\"https:\/\/ae01.alicdn.com\/kf\/HTB1RIzxXEWF3KVjSZPhq6xclXXaR.jpg?smt_ispass_1073622\" \/><img decoding=\"async\" src=\"https:\/\/ae01.alicdn.com\/kf\/HTB1InzFXqWs3KVjSZFxq6yWUXXap.jpg?smt_ispass_1073622\" \/><\/p>\n<p><img decoding=\"async\" src=\"https:\/\/ae01.alicdn.com\/kf\/He1b6a10e4c484254bdeecbeca26d98348.jpg\" \/><img decoding=\"async\" src=\"https:\/\/ae01.alicdn.com\/kf\/H08b9ca646eba4b9c86693750c75adde8j.jpg\" \/><img decoding=\"async\" src=\"https:\/\/ae01.alicdn.com\/kf\/Hc72d0ecf06cd40e98e3c64c4be4d03bcG.jpg\" \/><img decoding=\"async\" src=\"https:\/\/ae01.alicdn.com\/kf\/H780e5e5d98804092b4965a2f3ae757e8I.jpg\" \/><img decoding=\"async\" src=\"https:\/\/ae01.alicdn.com\/kf\/H513f8e92888e4d05bf09ed6522b2d07am.jpg\" \/><img decoding=\"async\" src=\"https:\/\/ae01.alicdn.com\/kf\/H2d453b9875244aa4bf861f2333a3b914N.jpg\" \/><img decoding=\"async\" src=\"https:\/\/ae01.alicdn.com\/kf\/H93ad3c9f3065492eb01ae43ef57f53f4I.jpg\" \/><img decoding=\"async\" src=\"https:\/\/ae01.alicdn.com\/kf\/H7714607e5a0d4bfb8d777854a4fb3c54n.jpg\" \/><\/p>\n<p><img decoding=\"async\" src=\"https:\/\/ae01.alicdn.com\/kf\/H82d8270ffb9947d98d4bff5ede5538f4n.jpg\" \/><img decoding=\"async\" src=\"https:\/\/ae01.alicdn.com\/kf\/Hb3cf6a4e7f004131b795502ff8412b36y.jpg\" \/><img decoding=\"async\" src=\"https:\/\/ae01.alicdn.com\/kf\/Hf53421d4e3a141d0bc4db96114a45f0dM.jpg\" \/><img decoding=\"async\" src=\"https:\/\/ae01.alicdn.com\/kf\/H38741589ebdd411e9c0b9a80aa668c06y.jpg\" \/><img decoding=\"async\" src=\"https:\/\/ae01.alicdn.com\/kf\/H8a15090f07144d578aebe70426e74856i.jpg\" \/><img decoding=\"async\" src=\"https:\/\/ae01.alicdn.com\/kf\/H6b4c798c7a214a8488ff8f3f75de73037.jpg\" \/><\/p>\n<\/div>\n<\/div>\n<p>\u00a0<\/p>\n<\/div>\n<\/div>\n<p>\u00a0<\/p>\n<\/div>\n<\/div>\n<p>\u00a0<\/p>\n<\/div>\n<\/div>\n<div class=\"detailmodule_dynamic\">\u00a0<\/div>\n<p>\u00a0<\/p>\n<\/div>\n<\/div>\n","protected":false},"excerpt":{"rendered":"<p>\u00a0 \u00a0 5 pi\u00e8ces vagin exercice Kegel balles Kit Ben Wa balles 10 vitesse vibrateur sans fil t\u00e9l\u00e9commande sauter oeufs \u00e9rotique Sex Toy pour les femmes \u00a0 Description: Mat\u00e9riau: silicone de qualit\u00e9 alimentaire + ABSTaille: comme imageCouleurs disponibles: Rose rouge\/violet\/RoseMode de fr\u00e9quence: 10 vibrations de fr\u00e9quenceCoefficient imperm\u00e9able: IPX65 imperm\u00e9able,Capacit\u00e9: 170mAhSon de travail:&lt;45dBCaract\u00e9ristiques: exercer les muscles g\u00e9nitaux, atteindre l&#8217;effet de r\u00e9tr\u00e9cissement + t\u00e9l\u00e9commande sans filEmballage emballage discret pour prot\u00e9ger votre vie priv\u00e9e Liste d&#8217;emballage:Boules de Kegel1 * t\u00e9l\u00e9commande sans fil1 * c\u00e2ble de charge \u00a0 \u00a0 \u00a0 \u00a0 \u00a0<\/p>\n","protected":false},"featured_media":6345,"comment_status":"open","ping_status":"closed","template":"","meta":{"_joinchat":[]},"etheme_brands":[],"product_cat":[57,46,69,62],"product_tag":[],"yoast_head":"<!-- This site is optimized with the Yoast SEO Premium plugin v19.3 (Yoast SEO v21.5) - https:\/\/yoast.com\/wordpress\/plugins\/seo\/ -->\n<title>- Achetez et Commandez Discr\u00e8tement vos Kit de balles de Kegel pour l&#039;exercice vaginal, 5 pi\u00e8ces au Cameroun -<\/title>\n<meta name=\"description\" content=\"Commandez vos meilleurs Kit de balles de Kegel pour l&#039;exercice vaginal, 5 pi\u00e8ces \u00e0 bons prix partout au Cameroun et faites vous livrer discr\u00e8tement, sur H\u00e9donia, le meilleur site de vente en ligne de sextoys au Cameroun. - Whatsapp: +237 672588687\" \/>\n<meta name=\"robots\" content=\"index, follow, max-snippet:-1, max-image-preview:large, max-video-preview:-1\" \/>\n<link rel=\"canonical\" href=\"https:\/\/sexshop.cm\/produit\/kit-de-balles-de-kegel-pour-lexercice-vaginal-5-pieces\/\" \/>\n<meta property=\"og:locale\" content=\"en_US\" \/>\n<meta property=\"og:type\" content=\"article\" \/>\n<meta property=\"og:title\" content=\"Kit de balles de Kegel pour l&#039;exercice vaginal, 5 pi\u00e8ces\" \/>\n<meta property=\"og:description\" content=\"Kit de balles de Kegel pour l&#039;exercice vaginal, 5 pi\u00e8ces - H\u00e9donia\" \/>\n<meta property=\"og:url\" content=\"https:\/\/sexshop.cm\/produit\/kit-de-balles-de-kegel-pour-lexercice-vaginal-5-pieces\/\" \/>\n<meta property=\"og:site_name\" content=\"H\u00e9donia\" \/>\n<meta property=\"article:modified_time\" content=\"2023-11-04T13:20:53+00:00\" \/>\n<meta property=\"og:image\" content=\"http:\/\/sexshop.cm\/wp-content\/uploads\/2022\/10\/Kit-de-balles-de-Kegel-pour-l-exercice-vaginal-5-pi-ces-balles-Ben-Wa-vibrateur.jpg\" \/>\n\t<meta property=\"og:image:width\" content=\"1000\" \/>\n\t<meta property=\"og:image:height\" content=\"1000\" \/>\n\t<meta property=\"og:image:type\" content=\"image\/jpeg\" \/>\n<meta name=\"twitter:card\" content=\"summary_large_image\" \/>\n<meta name=\"twitter:label1\" content=\"Price\" \/>\n\t<meta name=\"twitter:data1\" content=\"25000&nbsp;CFA\" \/>\n\t<meta name=\"twitter:label2\" content=\"Availability\" \/>\n\t<meta name=\"twitter:data2\" content=\"In stock\" \/>\n<script type=\"application\/ld+json\" class=\"yoast-schema-graph\">{\"@context\":\"https:\/\/schema.org\",\"@graph\":[{\"@type\":\"WebPage\",\"@id\":\"https:\/\/sexshop.cm\/produit\/kit-de-balles-de-kegel-pour-lexercice-vaginal-5-pieces\/\",\"url\":\"https:\/\/sexshop.cm\/produit\/kit-de-balles-de-kegel-pour-lexercice-vaginal-5-pieces\/\",\"name\":\"- Achetez et Commandez Discr\u00e8tement vos Kit de balles de Kegel pour l'exercice vaginal, 5 pi\u00e8ces au Cameroun -\",\"isPartOf\":{\"@id\":\"https:\/\/sexshop.cm\/#website\"},\"datePublished\":\"2022-10-04T08:21:21+00:00\",\"dateModified\":\"2023-11-04T13:20:53+00:00\",\"description\":\"Commandez vos meilleurs Kit de balles de Kegel pour l'exercice vaginal, 5 pi\u00e8ces \u00e0 bons prix partout au Cameroun et faites vous livrer discr\u00e8tement, sur H\u00e9donia, le meilleur site de vente en ligne de sextoys au Cameroun. - Whatsapp: +237 672588687\",\"breadcrumb\":{\"@id\":\"https:\/\/sexshop.cm\/produit\/kit-de-balles-de-kegel-pour-lexercice-vaginal-5-pieces\/#breadcrumb\"},\"inLanguage\":\"en-US\",\"potentialAction\":[{\"@type\":\"ReadAction\",\"target\":[\"https:\/\/sexshop.cm\/produit\/kit-de-balles-de-kegel-pour-lexercice-vaginal-5-pieces\/\"]}]},{\"@type\":\"BreadcrumbList\",\"@id\":\"https:\/\/sexshop.cm\/produit\/kit-de-balles-de-kegel-pour-lexercice-vaginal-5-pieces\/#breadcrumb\",\"itemListElement\":[{\"@type\":\"ListItem\",\"position\":1,\"name\":\"Accueil\",\"item\":\"https:\/\/sexshop.cm\/en\/online-sexshop-in-cameroon\/\"},{\"@type\":\"ListItem\",\"position\":2,\"name\":\"Shop\",\"item\":\"https:\/\/sexshop.cm\/shop\/\"},{\"@type\":\"ListItem\",\"position\":3,\"name\":\"Kit de balles de Kegel pour l&rsquo;exercice vaginal, 5 pi\u00e8ces\"}]},{\"@type\":\"WebSite\",\"@id\":\"https:\/\/sexshop.cm\/#website\",\"url\":\"https:\/\/sexshop.cm\/\",\"name\":\"H\u00e9donia\",\"description\":\"SexShop en ligne - Boutique de sextoys et objets coquins en ligne au Cameroun\",\"publisher\":{\"@id\":\"https:\/\/sexshop.cm\/#organization\"},\"potentialAction\":[{\"@type\":\"SearchAction\",\"target\":{\"@type\":\"EntryPoint\",\"urlTemplate\":\"https:\/\/sexshop.cm\/?s={search_term_string}\"},\"query-input\":\"required name=search_term_string\"}],\"inLanguage\":\"en-US\"},{\"@type\":\"Organization\",\"@id\":\"https:\/\/sexshop.cm\/#organization\",\"name\":\"H\u00e9donia\",\"alternateName\":\"Boutique de Sextoys en ligne au Cameroun\",\"url\":\"https:\/\/sexshop.cm\/\",\"logo\":{\"@type\":\"ImageObject\",\"inLanguage\":\"en-US\",\"@id\":\"https:\/\/sexshop.cm\/#\/schema\/logo\/image\/\",\"url\":\"https:\/\/sexshop.cm\/wp-content\/uploads\/2022\/10\/logo-680-hedonia.png.200x100_q85_background-f8f9fa.png\",\"contentUrl\":\"https:\/\/sexshop.cm\/wp-content\/uploads\/2022\/10\/logo-680-hedonia.png.200x100_q85_background-f8f9fa.png\",\"width\":2222,\"height\":534,\"caption\":\"H\u00e9donia\"},\"image\":{\"@id\":\"https:\/\/sexshop.cm\/#\/schema\/logo\/image\/\"}}]}<\/script>\n<meta property=\"product:price:amount\" content=\"25000\" \/>\n<meta property=\"product:price:currency\" content=\"XAF\" \/>\n<meta property=\"og:availability\" content=\"instock\" \/>\n<meta property=\"product:availability\" content=\"instock\" \/>\n<meta property=\"product:retailer_item_id\" content=\"33021414364\" \/>\n<meta property=\"product:condition\" content=\"new\" \/>\n<!-- \/ Yoast SEO Premium plugin. -->","yoast_head_json":{"title":"- Achetez et Commandez Discr\u00e8tement vos Kit de balles de Kegel pour l'exercice vaginal, 5 pi\u00e8ces au Cameroun -","description":"Commandez vos meilleurs Kit de balles de Kegel pour l'exercice vaginal, 5 pi\u00e8ces \u00e0 bons prix partout au Cameroun et faites vous livrer discr\u00e8tement, sur H\u00e9donia, le meilleur site de vente en ligne de sextoys au Cameroun. - Whatsapp: +237 672588687","robots":{"index":"index","follow":"follow","max-snippet":"max-snippet:-1","max-image-preview":"max-image-preview:large","max-video-preview":"max-video-preview:-1"},"canonical":"https:\/\/sexshop.cm\/produit\/kit-de-balles-de-kegel-pour-lexercice-vaginal-5-pieces\/","og_locale":"en_US","og_type":"article","og_title":"Kit de balles de Kegel pour l'exercice vaginal, 5 pi\u00e8ces","og_description":"Kit de balles de Kegel pour l'exercice vaginal, 5 pi\u00e8ces - H\u00e9donia","og_url":"https:\/\/sexshop.cm\/produit\/kit-de-balles-de-kegel-pour-lexercice-vaginal-5-pieces\/","og_site_name":"H\u00e9donia","article_modified_time":"2023-11-04T13:20:53+00:00","og_image":[{"width":1000,"height":1000,"url":"http:\/\/sexshop.cm\/wp-content\/uploads\/2022\/10\/Kit-de-balles-de-Kegel-pour-l-exercice-vaginal-5-pi-ces-balles-Ben-Wa-vibrateur.jpg","type":"image\/jpeg"}],"twitter_card":"summary_large_image","twitter_misc":{"Price":"25000&nbsp;CFA","Availability":"In stock"},"schema":{"@context":"https:\/\/schema.org","@graph":[{"@type":"WebPage","@id":"https:\/\/sexshop.cm\/produit\/kit-de-balles-de-kegel-pour-lexercice-vaginal-5-pieces\/","url":"https:\/\/sexshop.cm\/produit\/kit-de-balles-de-kegel-pour-lexercice-vaginal-5-pieces\/","name":"- Achetez et Commandez Discr\u00e8tement vos Kit de balles de Kegel pour l'exercice vaginal, 5 pi\u00e8ces au Cameroun -","isPartOf":{"@id":"https:\/\/sexshop.cm\/#website"},"datePublished":"2022-10-04T08:21:21+00:00","dateModified":"2023-11-04T13:20:53+00:00","description":"Commandez vos meilleurs Kit de balles de Kegel pour l'exercice vaginal, 5 pi\u00e8ces \u00e0 bons prix partout au Cameroun et faites vous livrer discr\u00e8tement, sur H\u00e9donia, le meilleur site de vente en ligne de sextoys au Cameroun. - Whatsapp: +237 672588687","breadcrumb":{"@id":"https:\/\/sexshop.cm\/produit\/kit-de-balles-de-kegel-pour-lexercice-vaginal-5-pieces\/#breadcrumb"},"inLanguage":"en-US","potentialAction":[{"@type":"ReadAction","target":["https:\/\/sexshop.cm\/produit\/kit-de-balles-de-kegel-pour-lexercice-vaginal-5-pieces\/"]}]},{"@type":"BreadcrumbList","@id":"https:\/\/sexshop.cm\/produit\/kit-de-balles-de-kegel-pour-lexercice-vaginal-5-pieces\/#breadcrumb","itemListElement":[{"@type":"ListItem","position":1,"name":"Accueil","item":"https:\/\/sexshop.cm\/en\/online-sexshop-in-cameroon\/"},{"@type":"ListItem","position":2,"name":"Shop","item":"https:\/\/sexshop.cm\/shop\/"},{"@type":"ListItem","position":3,"name":"Kit de balles de Kegel pour l&rsquo;exercice vaginal, 5 pi\u00e8ces"}]},{"@type":"WebSite","@id":"https:\/\/sexshop.cm\/#website","url":"https:\/\/sexshop.cm\/","name":"H\u00e9donia","description":"SexShop en ligne - Boutique de sextoys et objets coquins en ligne au Cameroun","publisher":{"@id":"https:\/\/sexshop.cm\/#organization"},"potentialAction":[{"@type":"SearchAction","target":{"@type":"EntryPoint","urlTemplate":"https:\/\/sexshop.cm\/?s={search_term_string}"},"query-input":"required name=search_term_string"}],"inLanguage":"en-US"},{"@type":"Organization","@id":"https:\/\/sexshop.cm\/#organization","name":"H\u00e9donia","alternateName":"Boutique de Sextoys en ligne au Cameroun","url":"https:\/\/sexshop.cm\/","logo":{"@type":"ImageObject","inLanguage":"en-US","@id":"https:\/\/sexshop.cm\/#\/schema\/logo\/image\/","url":"https:\/\/sexshop.cm\/wp-content\/uploads\/2022\/10\/logo-680-hedonia.png.200x100_q85_background-f8f9fa.png","contentUrl":"https:\/\/sexshop.cm\/wp-content\/uploads\/2022\/10\/logo-680-hedonia.png.200x100_q85_background-f8f9fa.png","width":2222,"height":534,"caption":"H\u00e9donia"},"image":{"@id":"https:\/\/sexshop.cm\/#\/schema\/logo\/image\/"}}]},"product_price_amount":"25000","product_price_currency":"XAF","og_availability":"instock","product_availability":"instock","product_retailer_item_id":"33021414364","product_condition":"new"},"_links":{"self":[{"href":"https:\/\/sexshop.cm\/en\/wp-json\/wp\/v2\/product\/6343"}],"collection":[{"href":"https:\/\/sexshop.cm\/en\/wp-json\/wp\/v2\/product"}],"about":[{"href":"https:\/\/sexshop.cm\/en\/wp-json\/wp\/v2\/types\/product"}],"replies":[{"embeddable":true,"href":"https:\/\/sexshop.cm\/en\/wp-json\/wp\/v2\/comments?post=6343"}],"wp:featuredmedia":[{"embeddable":true,"href":"https:\/\/sexshop.cm\/en\/wp-json\/wp\/v2\/media\/6345"}],"wp:attachment":[{"href":"https:\/\/sexshop.cm\/en\/wp-json\/wp\/v2\/media?parent=6343"}],"wp:term":[{"taxonomy":"brand","embeddable":true,"href":"https:\/\/sexshop.cm\/en\/wp-json\/wp\/v2\/etheme_brands?post=6343"},{"taxonomy":"product_cat","embeddable":true,"href":"https:\/\/sexshop.cm\/en\/wp-json\/wp\/v2\/product_cat?post=6343"},{"taxonomy":"product_tag","embeddable":true,"href":"https:\/\/sexshop.cm\/en\/wp-json\/wp\/v2\/product_tag?post=6343"}],"curies":[{"name":"wp","href":"https:\/\/api.w.org\/{rel}","templated":true}]}}