{"id":6365,"date":"2022-10-04T09:21:26","date_gmt":"2022-10-04T08:21:26","guid":{"rendered":"https:\/\/sexshop.cm\/produit\/manchon-de-penis-pour-hommes-anneau-de-penis-en-silicone-reutilisable\/"},"modified":"2023-04-13T22:47:15","modified_gmt":"2023-04-13T21:47:15","slug":"manchon-de-penis-pour-hommes-anneau-de-penis-en-silicone-reutilisable","status":"publish","type":"product","link":"https:\/\/sexshop.cm\/en\/produit\/manchon-de-penis-pour-hommes-anneau-de-penis-en-silicone-reutilisable\/","title":{"rendered":"Manchon de p\u00e9nis pour hommes, anneau de p\u00e9nis en Silicone r\u00e9utilisable"},"content":{"rendered":"<div class=\"detailmodule_html\">\n<div class=\"detail-desc-decorate-richtext\">\n<div class=\"detailmodule_html\" align=\"left\">\n<div class=\"detail-desc-decorate-richtext\">\n<div class=\"detailmodule_dynamic\"><\/div>\n<\/p><\/div>\n<div class=\"detailmodule_dynamic\"><\/div>\n<\/div>\n<div class=\"detailmodule_dynamic\" align=\"left\"><\/div>\n<div class=\"detailmodule_dynamic\" align=\"left\"><\/div>\n<div class=\"detail-desc-decorate-richtext\">\n<div class=\"detail-desc-decorate-richtext\">\n<div class=\"detail-desc-decorate-richtext\">\n<p class=\"detail-desc-decorate-richtext\" style=\"line-height:11pt;\" align=\"left\"><span style=\"font-size:16px;font-family:Verdana;\">Description:<\/span><\/p>\n<p>   <span style=\"font-size:16px;\"><\/span> <\/p>\n<p class=\"detail-desc-decorate-richtext\" style=\"line-height:11pt;\" align=\"left\"><span style=\"font-size:16px;font-family:Verdana;\">100% tout neuf et de haute qualit\u00e9.<\/span><\/p>\n<p>   <span style=\"font-size:16px;\"><\/span> <\/p>\n<p class=\"detail-desc-decorate-richtext\" style=\"line-height:11pt;\" align=\"left\"><span style=\"font-size:16px;font-family:Verdana;\">Confortable anneau plaisir.<\/span><\/p>\n<p>   <span style=\"font-size:16px;\"><\/span> <\/p>\n<p class=\"detail-desc-decorate-richtext\" style=\"line-height:11pt;\" align=\"left\"><span style=\"font-size:16px;font-family:Verdana;\">Doux et extensible.<\/span><\/p>\n<p>   <span style=\"font-size:16px;\"><\/span> <\/p>\n<p class=\"detail-desc-decorate-richtext\" style=\"line-height:11pt;\" align=\"left\"><span style=\"font-size:16px;font-family:Verdana;\">Am\u00e9liore, soutient, ajoute la circonf\u00e9rence, stimule.<\/span><\/p>\n<p>   <span style=\"font-size:16px;\"><\/span> <\/p>\n<p class=\"detail-desc-decorate-richtext\" style=\"line-height:11pt;\" align=\"left\"><span style=\"font-size:16px;font-family:Verdana;\">S\u00e9curitaire pour le corps.<\/span><\/p>\n<p>   <span style=\"font-size:16px;\"><\/span> <\/p>\n<p class=\"detail-desc-decorate-richtext\" style=\"line-height:11pt;\" align=\"left\"><span style=\"font-size:16px;font-family:Verdana;\">Lubrifiant Amical.<\/span><\/p>\n<p>   <span style=\"font-size:16px;\"><\/span> <\/p>\n<p class=\"detail-desc-decorate-richtext\" style=\"line-height:11pt;\" align=\"left\"><span style=\"font-size:16px;font-family:Verdana;\">Mat\u00e9riel: Silicone.<\/span><\/p>\n<p>   <span style=\"font-size:16px;\"><\/span> <\/p>\n<p class=\"detail-desc-decorate-richtext\" style=\"line-height:11pt;\" align=\"left\"><span style=\"font-size:16px;font-family:Verdana;\">Taille: 4.5cm x 2.5cm<\/span><\/p>\n<p>   <span style=\"font-size:16px;\"><\/span> <\/p>\n<p class=\"detail-desc-decorate-richtext\" style=\"line-height:11pt;\" align=\"left\"><span style=\"font-size:16px;font-family:Verdana;\"><\/span><\/p>\n<p>   <span style=\"font-size:16px;\"><\/span> <\/p>\n<p class=\"detail-desc-decorate-richtext\" style=\"line-height:11pt;\" align=\"left\"><span style=\"font-size:16px;\"><span style=\"font-size:16px;font-family:Verdana;\">Nous n&#8217;offrons pas de choix de couleurs. Votre commande sera envoy\u00e9e en couleurs \u00e0<\/span><a><\/a><a><span style=\"font-size:16px;font-family:Verdana;\">Al\u00e9atoire<\/span><\/a><span style=\"font-size:16px;font-family:Verdana;\">.<\/span><\/span><\/p>\n<p>   <span style=\"font-size:16px;\"><\/span> <\/p>\n<p class=\"detail-desc-decorate-richtext\" style=\"line-height:11pt;\" align=\"left\"><span style=\"font-size:16px;font-family:Verdana;\"><\/span><\/p>\n<p>   <span style=\"font-size:16px;\"><\/span> <\/p>\n<p class=\"detail-desc-decorate-richtext\" style=\"line-height:11pt;\" align=\"left\"><span style=\"font-size:16px;font-family:Verdana;\">Le paquet Contient:<\/span><\/p>\n<p>   <span style=\"font-size:16px;\"><\/span> <\/p>\n<p class=\"detail-desc-decorate-richtext\" style=\"line-height:11pt;\" align=\"left\"><span style=\"font-size:16px;font-family:Verdana;\">1X P\u00e9nis Anneau<\/span><\/p>\n<p>   <span style=\"font-size:16px;\"> <\/p>\n<p class=\"detail-desc-decorate-richtext\" align=\"left\"><img decoding=\"async\" alt=\"aeProduct.getSubject()\" src=\"https:\/\/ae01.alicdn.com\/kf\/H6c5129b15a1c41c29517488a218e328cT.jpg\" width=\"800\"><\/p>\n<p class=\"detail-desc-decorate-richtext\" align=\"left\"><img decoding=\"async\" alt=\"aeProduct.getSubject()\" src=\"https:\/\/ae01.alicdn.com\/kf\/H639fbcd2d7c84cd68516142c1085f15dy.jpg\" width=\"800\"><\/p>\n<p class=\"detail-desc-decorate-richtext\" align=\"left\"><img decoding=\"async\" alt=\"aeProduct.getSubject()\" src=\"https:\/\/ae01.alicdn.com\/kf\/Hc14991f738214d88a87437831521035fR.jpg\" width=\"800\"><\/p>\n<p class=\"detail-desc-decorate-richtext\" align=\"left\"><img decoding=\"async\" alt=\"aeProduct.getSubject()\" src=\"https:\/\/ae01.alicdn.com\/kf\/H774addaf7da64b909de799dd2f15a3e4L.jpg\" width=\"800\"><\/p>\n<p class=\"detail-desc-decorate-richtext\" align=\"left\"><img decoding=\"async\" alt=\"aeProduct.getSubject()\" src=\"https:\/\/ae01.alicdn.com\/kf\/Hdcd002c1455847748a8df220d8407fc8C.jpg\" width=\"800\"><\/p>\n<p class=\"detail-desc-decorate-richtext\" align=\"left\"><img decoding=\"async\" alt=\"aeProduct.getSubject()\" src=\"https:\/\/ae01.alicdn.com\/kf\/H36df32e432c6407b9ffb7f30fdc39448l.jpg\" width=\"800\"><\/p>\n<p class=\"detail-desc-decorate-richtext\" align=\"left\"><img decoding=\"async\" alt=\"aeProduct.getSubject()\" src=\"https:\/\/ae01.alicdn.com\/kf\/H45a3086d025f4d70a65c0fff885ae637z.jpg\" width=\"800\"><\/p>\n<p><\/span>\n  <\/div>\n<div class=\"detailmodule_dynamic\"><\/div>\n<\/p><\/div>\n<div class=\"detailmodule_dynamic\"><\/div>\n<\/div>\n<div class=\"detailmodule_dynamic\"><\/div>\n<div class=\"detailmodule_html\">\n<div class=\"detail-desc-decorate-richtext\"><\/div>\n<div class=\"detailmodule_html\">\n<div class=\"detail-desc-decorate-richtext\"><\/div>\n<div class=\"detailmodule_html\">\n<div class=\"detail-desc-decorate-richtext\"><\/div>\n<\/p><\/div>\n<\/p><\/div>\n<\/div>\n<\/div>\n<\/div>\n","protected":false},"excerpt":{"rendered":"<p>Description: 100% tout neuf et de haute qualit\u00e9. Confortable anneau plaisir. Doux et extensible. Am\u00e9liore, soutient, ajoute la circonf\u00e9rence, stimule. S\u00e9curitaire pour le corps. Lubrifiant Amical. Mat\u00e9riel: Silicone. Taille: 4.5cm x 2.5cm Nous n&#8217;offrons pas de choix de couleurs. Votre commande sera envoy\u00e9e en couleurs \u00e0Al\u00e9atoire. Le paquet Contient: 1X P\u00e9nis Anneau<\/p>\n","protected":false},"featured_media":6367,"comment_status":"open","ping_status":"closed","template":"","meta":{"_joinchat":[]},"etheme_brands":[],"product_cat":[55,52,46],"product_tag":[],"yoast_head":"<!-- This site is optimized with the Yoast SEO Premium plugin v19.3 (Yoast SEO v21.5) - https:\/\/yoast.com\/wordpress\/plugins\/seo\/ -->\n<title>- Achetez et Commandez Discr\u00e8tement vos Manchon de p\u00e9nis pour hommes, anneau de p\u00e9nis en Silicone r\u00e9utilisable au Cameroun -<\/title>\n<meta name=\"description\" content=\"Commandez vos meilleurs Manchon de p\u00e9nis pour hommes, anneau de p\u00e9nis en Silicone r\u00e9utilisable \u00e0 bons prix partout au Cameroun et faites vous livrer discr\u00e8tement, sur H\u00e9donia, le meilleur site de vente en ligne de sextoys au Cameroun. - Whatsapp: +237 672588687\" \/>\n<meta name=\"robots\" content=\"index, follow, max-snippet:-1, max-image-preview:large, max-video-preview:-1\" \/>\n<link rel=\"canonical\" href=\"https:\/\/sexshop.cm\/produit\/manchon-de-penis-pour-hommes-anneau-de-penis-en-silicone-reutilisable\/\" \/>\n<meta property=\"og:locale\" content=\"en_US\" \/>\n<meta property=\"og:type\" content=\"article\" \/>\n<meta property=\"og:title\" content=\"Manchon de p\u00e9nis pour hommes, anneau de p\u00e9nis en Silicone r\u00e9utilisable\" \/>\n<meta property=\"og:description\" content=\"Manchon de p\u00e9nis pour hommes, anneau de p\u00e9nis en Silicone r\u00e9utilisable - H\u00e9donia\" \/>\n<meta property=\"og:url\" content=\"https:\/\/sexshop.cm\/produit\/manchon-de-penis-pour-hommes-anneau-de-penis-en-silicone-reutilisable\/\" \/>\n<meta property=\"og:site_name\" content=\"H\u00e9donia\" \/>\n<meta property=\"article:modified_time\" content=\"2023-04-13T21:47:15+00:00\" \/>\n<meta property=\"og:image\" content=\"http:\/\/sexshop.cm\/wp-content\/uploads\/2022\/10\/Manchon-de-p-nis-pour-hommes-anneau-de-p-nis-en-Silicone-r-utilisable-pr-servatif.jpg\" \/>\n\t<meta property=\"og:image:width\" content=\"800\" \/>\n\t<meta property=\"og:image:height\" content=\"800\" \/>\n\t<meta property=\"og:image:type\" content=\"image\/jpeg\" \/>\n<meta name=\"twitter:card\" content=\"summary_large_image\" \/>\n<meta name=\"twitter:label1\" content=\"Price\" \/>\n\t<meta name=\"twitter:data1\" content=\"8500&nbsp;CFA\" \/>\n\t<meta name=\"twitter:label2\" content=\"Availability\" \/>\n\t<meta name=\"twitter:data2\" content=\"Out of stock\" \/>\n<script type=\"application\/ld+json\" class=\"yoast-schema-graph\">{\"@context\":\"https:\/\/schema.org\",\"@graph\":[{\"@type\":\"WebPage\",\"@id\":\"https:\/\/sexshop.cm\/produit\/manchon-de-penis-pour-hommes-anneau-de-penis-en-silicone-reutilisable\/\",\"url\":\"https:\/\/sexshop.cm\/produit\/manchon-de-penis-pour-hommes-anneau-de-penis-en-silicone-reutilisable\/\",\"name\":\"- Achetez et Commandez Discr\u00e8tement vos Manchon de p\u00e9nis pour hommes, anneau de p\u00e9nis en Silicone r\u00e9utilisable au Cameroun -\",\"isPartOf\":{\"@id\":\"https:\/\/sexshop.cm\/#website\"},\"datePublished\":\"2022-10-04T08:21:26+00:00\",\"dateModified\":\"2023-04-13T21:47:15+00:00\",\"description\":\"Commandez vos meilleurs Manchon de p\u00e9nis pour hommes, anneau de p\u00e9nis en Silicone r\u00e9utilisable \u00e0 bons prix partout au Cameroun et faites vous livrer discr\u00e8tement, sur H\u00e9donia, le meilleur site de vente en ligne de sextoys au Cameroun. - Whatsapp: +237 672588687\",\"breadcrumb\":{\"@id\":\"https:\/\/sexshop.cm\/produit\/manchon-de-penis-pour-hommes-anneau-de-penis-en-silicone-reutilisable\/#breadcrumb\"},\"inLanguage\":\"en-US\",\"potentialAction\":[{\"@type\":\"ReadAction\",\"target\":[\"https:\/\/sexshop.cm\/produit\/manchon-de-penis-pour-hommes-anneau-de-penis-en-silicone-reutilisable\/\"]}]},{\"@type\":\"BreadcrumbList\",\"@id\":\"https:\/\/sexshop.cm\/produit\/manchon-de-penis-pour-hommes-anneau-de-penis-en-silicone-reutilisable\/#breadcrumb\",\"itemListElement\":[{\"@type\":\"ListItem\",\"position\":1,\"name\":\"Accueil\",\"item\":\"https:\/\/sexshop.cm\/en\/online-sexshop-in-cameroon\/\"},{\"@type\":\"ListItem\",\"position\":2,\"name\":\"Shop\",\"item\":\"https:\/\/sexshop.cm\/shop\/\"},{\"@type\":\"ListItem\",\"position\":3,\"name\":\"Manchon de p\u00e9nis pour hommes, anneau de p\u00e9nis en Silicone r\u00e9utilisable\"}]},{\"@type\":\"WebSite\",\"@id\":\"https:\/\/sexshop.cm\/#website\",\"url\":\"https:\/\/sexshop.cm\/\",\"name\":\"H\u00e9donia\",\"description\":\"SexShop en ligne - Boutique de sextoys et objets coquins en ligne au Cameroun\",\"publisher\":{\"@id\":\"https:\/\/sexshop.cm\/#organization\"},\"potentialAction\":[{\"@type\":\"SearchAction\",\"target\":{\"@type\":\"EntryPoint\",\"urlTemplate\":\"https:\/\/sexshop.cm\/?s={search_term_string}\"},\"query-input\":\"required name=search_term_string\"}],\"inLanguage\":\"en-US\"},{\"@type\":\"Organization\",\"@id\":\"https:\/\/sexshop.cm\/#organization\",\"name\":\"H\u00e9donia\",\"alternateName\":\"Boutique de Sextoys en ligne au Cameroun\",\"url\":\"https:\/\/sexshop.cm\/\",\"logo\":{\"@type\":\"ImageObject\",\"inLanguage\":\"en-US\",\"@id\":\"https:\/\/sexshop.cm\/#\/schema\/logo\/image\/\",\"url\":\"https:\/\/sexshop.cm\/wp-content\/uploads\/2022\/10\/logo-680-hedonia.png.200x100_q85_background-f8f9fa.png\",\"contentUrl\":\"https:\/\/sexshop.cm\/wp-content\/uploads\/2022\/10\/logo-680-hedonia.png.200x100_q85_background-f8f9fa.png\",\"width\":2222,\"height\":534,\"caption\":\"H\u00e9donia\"},\"image\":{\"@id\":\"https:\/\/sexshop.cm\/#\/schema\/logo\/image\/\"}}]}<\/script>\n<meta property=\"product:price:amount\" content=\"8500\" \/>\n<meta property=\"product:price:currency\" content=\"XAF\" \/>\n<meta property=\"og:availability\" content=\"out of stock\" \/>\n<meta property=\"product:availability\" content=\"out of stock\" \/>\n<meta property=\"product:retailer_item_id\" content=\"1005002039707420\" \/>\n<meta property=\"product:condition\" content=\"new\" \/>\n<!-- \/ Yoast SEO Premium plugin. -->","yoast_head_json":{"title":"- Achetez et Commandez Discr\u00e8tement vos Manchon de p\u00e9nis pour hommes, anneau de p\u00e9nis en Silicone r\u00e9utilisable au Cameroun -","description":"Commandez vos meilleurs Manchon de p\u00e9nis pour hommes, anneau de p\u00e9nis en Silicone r\u00e9utilisable \u00e0 bons prix partout au Cameroun et faites vous livrer discr\u00e8tement, sur H\u00e9donia, le meilleur site de vente en ligne de sextoys au Cameroun. - Whatsapp: +237 672588687","robots":{"index":"index","follow":"follow","max-snippet":"max-snippet:-1","max-image-preview":"max-image-preview:large","max-video-preview":"max-video-preview:-1"},"canonical":"https:\/\/sexshop.cm\/produit\/manchon-de-penis-pour-hommes-anneau-de-penis-en-silicone-reutilisable\/","og_locale":"en_US","og_type":"article","og_title":"Manchon de p\u00e9nis pour hommes, anneau de p\u00e9nis en Silicone r\u00e9utilisable","og_description":"Manchon de p\u00e9nis pour hommes, anneau de p\u00e9nis en Silicone r\u00e9utilisable - H\u00e9donia","og_url":"https:\/\/sexshop.cm\/produit\/manchon-de-penis-pour-hommes-anneau-de-penis-en-silicone-reutilisable\/","og_site_name":"H\u00e9donia","article_modified_time":"2023-04-13T21:47:15+00:00","og_image":[{"width":800,"height":800,"url":"http:\/\/sexshop.cm\/wp-content\/uploads\/2022\/10\/Manchon-de-p-nis-pour-hommes-anneau-de-p-nis-en-Silicone-r-utilisable-pr-servatif.jpg","type":"image\/jpeg"}],"twitter_card":"summary_large_image","twitter_misc":{"Price":"8500&nbsp;CFA","Availability":"Out of stock"},"schema":{"@context":"https:\/\/schema.org","@graph":[{"@type":"WebPage","@id":"https:\/\/sexshop.cm\/produit\/manchon-de-penis-pour-hommes-anneau-de-penis-en-silicone-reutilisable\/","url":"https:\/\/sexshop.cm\/produit\/manchon-de-penis-pour-hommes-anneau-de-penis-en-silicone-reutilisable\/","name":"- Achetez et Commandez Discr\u00e8tement vos Manchon de p\u00e9nis pour hommes, anneau de p\u00e9nis en Silicone r\u00e9utilisable au Cameroun -","isPartOf":{"@id":"https:\/\/sexshop.cm\/#website"},"datePublished":"2022-10-04T08:21:26+00:00","dateModified":"2023-04-13T21:47:15+00:00","description":"Commandez vos meilleurs Manchon de p\u00e9nis pour hommes, anneau de p\u00e9nis en Silicone r\u00e9utilisable \u00e0 bons prix partout au Cameroun et faites vous livrer discr\u00e8tement, sur H\u00e9donia, le meilleur site de vente en ligne de sextoys au Cameroun. - Whatsapp: +237 672588687","breadcrumb":{"@id":"https:\/\/sexshop.cm\/produit\/manchon-de-penis-pour-hommes-anneau-de-penis-en-silicone-reutilisable\/#breadcrumb"},"inLanguage":"en-US","potentialAction":[{"@type":"ReadAction","target":["https:\/\/sexshop.cm\/produit\/manchon-de-penis-pour-hommes-anneau-de-penis-en-silicone-reutilisable\/"]}]},{"@type":"BreadcrumbList","@id":"https:\/\/sexshop.cm\/produit\/manchon-de-penis-pour-hommes-anneau-de-penis-en-silicone-reutilisable\/#breadcrumb","itemListElement":[{"@type":"ListItem","position":1,"name":"Accueil","item":"https:\/\/sexshop.cm\/en\/online-sexshop-in-cameroon\/"},{"@type":"ListItem","position":2,"name":"Shop","item":"https:\/\/sexshop.cm\/shop\/"},{"@type":"ListItem","position":3,"name":"Manchon de p\u00e9nis pour hommes, anneau de p\u00e9nis en Silicone r\u00e9utilisable"}]},{"@type":"WebSite","@id":"https:\/\/sexshop.cm\/#website","url":"https:\/\/sexshop.cm\/","name":"H\u00e9donia","description":"SexShop en ligne - Boutique de sextoys et objets coquins en ligne au Cameroun","publisher":{"@id":"https:\/\/sexshop.cm\/#organization"},"potentialAction":[{"@type":"SearchAction","target":{"@type":"EntryPoint","urlTemplate":"https:\/\/sexshop.cm\/?s={search_term_string}"},"query-input":"required name=search_term_string"}],"inLanguage":"en-US"},{"@type":"Organization","@id":"https:\/\/sexshop.cm\/#organization","name":"H\u00e9donia","alternateName":"Boutique de Sextoys en ligne au Cameroun","url":"https:\/\/sexshop.cm\/","logo":{"@type":"ImageObject","inLanguage":"en-US","@id":"https:\/\/sexshop.cm\/#\/schema\/logo\/image\/","url":"https:\/\/sexshop.cm\/wp-content\/uploads\/2022\/10\/logo-680-hedonia.png.200x100_q85_background-f8f9fa.png","contentUrl":"https:\/\/sexshop.cm\/wp-content\/uploads\/2022\/10\/logo-680-hedonia.png.200x100_q85_background-f8f9fa.png","width":2222,"height":534,"caption":"H\u00e9donia"},"image":{"@id":"https:\/\/sexshop.cm\/#\/schema\/logo\/image\/"}}]},"product_price_amount":"8500","product_price_currency":"XAF","og_availability":"out of stock","product_availability":"out of stock","product_retailer_item_id":"1005002039707420","product_condition":"new"},"_links":{"self":[{"href":"https:\/\/sexshop.cm\/en\/wp-json\/wp\/v2\/product\/6365"}],"collection":[{"href":"https:\/\/sexshop.cm\/en\/wp-json\/wp\/v2\/product"}],"about":[{"href":"https:\/\/sexshop.cm\/en\/wp-json\/wp\/v2\/types\/product"}],"replies":[{"embeddable":true,"href":"https:\/\/sexshop.cm\/en\/wp-json\/wp\/v2\/comments?post=6365"}],"wp:featuredmedia":[{"embeddable":true,"href":"https:\/\/sexshop.cm\/en\/wp-json\/wp\/v2\/media\/6367"}],"wp:attachment":[{"href":"https:\/\/sexshop.cm\/en\/wp-json\/wp\/v2\/media?parent=6365"}],"wp:term":[{"taxonomy":"brand","embeddable":true,"href":"https:\/\/sexshop.cm\/en\/wp-json\/wp\/v2\/etheme_brands?post=6365"},{"taxonomy":"product_cat","embeddable":true,"href":"https:\/\/sexshop.cm\/en\/wp-json\/wp\/v2\/product_cat?post=6365"},{"taxonomy":"product_tag","embeddable":true,"href":"https:\/\/sexshop.cm\/en\/wp-json\/wp\/v2\/product_tag?post=6365"}],"curies":[{"name":"wp","href":"https:\/\/api.w.org\/{rel}","templated":true}]}}