{"id":6391,"date":"2022-10-04T09:21:39","date_gmt":"2022-10-04T08:21:39","guid":{"rendered":"https:\/\/sexshop.cm\/produit\/godemiche-realiste-a-sangle-pour-femmes-et-hommes-pour-couples\/"},"modified":"2025-05-24T11:55:52","modified_gmt":"2025-05-24T10:55:52","slug":"godemiche-realiste-a-sangle-pour-femmes-et-hommes-pour-couples","status":"publish","type":"product","link":"https:\/\/sexshop.cm\/en\/produit\/godemiche-realiste-a-sangle-pour-femmes-et-hommes-pour-couples\/","title":{"rendered":"Godemich\u00e9 r\u00e9aliste \u00e0 sangle pour femmes et hommes, pour Couples"},"content":{"rendered":"<div class=\"detailmodule_html\">\n<div class=\"detail-desc-decorate-richtext\">\n<div class=\"detailmodule_html\">\n<div class=\"detail-desc-decorate-richtext\"><\/div>\n<\/div>\n<div class=\"detailmodule_dynamic\">Il y a de nombreuses raisons pour un homme de porter une sangle ; pour manipuler une baguette d&#8217;amour diff\u00e9rente \u00e0 la personne donn\u00e9e ; pour faire l&#8217;amour sans \u00e9rection ; pour doubler sa moiti\u00e9 f\u00e9minine ; notre godemichet \u00e0 sangle pour homme saura satisfaire tous ces probl\u00e8mes. Pas seulement pour les hommes, ce kit est \u00e9galement parfait pour les femmes qui souhaitent acheter une sangle pour le plaisir du point G. Nous avons fait \u00e9quipe notre harnais \u00e0 sangle le plus vendu, con\u00e7u pour les femmes mais \u00e9galement confortable pour un homme, avec un gode vibrant point G que leur femme va adorer. Le gode vibrant Honey 2 a une forme ergonomique ondul\u00e9e con\u00e7ue pour caresser les cr\u00eates sup\u00e9rieures du vagin et une t\u00eate incurv\u00e9e pour masser le point G. Portez-le avec la t\u00eate pointant vers le haut dans des positions sexuelles de style missionnaire et pointant vers le bas par derri\u00e8re). \u00c0 l&#8217;int\u00e9rieur du gode se trouve un Sh! Vibromasseur balle qui envoie des vibrations sur toute la longueur du godemichet en ajoutant des frissons \u00e0 votre jeu. Notre harnais \u00e0 2 sangles, en cuir noir souple, se porte comme un jock-strap en maintenant le godemichet en toute s\u00e9curit\u00e9 contre le corps \u2013 pour homme, le positionnez-le juste au-dessus du p\u00e9nis.<\/div>\n<div class=\"detailmodule_html\">\n<div class=\"detail-desc-decorate-richtext\">\n<div><\/div>\n<p style=\"font-size: 13px; line-height: 16.9px; color: #000000; border: 0px; margin-bottom: 0px; margin-top: 0px; box-sizing: content-box;\"><img decoding=\"async\" src=\"https:\/\/ae01.alicdn.com\/kf\/HTB1kAEHX7WE3KVjSZSyq6xocXXaK.jpg\" \/><img decoding=\"async\" src=\"https:\/\/ae01.alicdn.com\/kf\/HTB1ICwMX8Cw3KVjSZR0q6zcUpXau.jpg?width=800&amp;height=800&amp;hash=1600\" \/><img decoding=\"async\" src=\"https:\/\/ae01.alicdn.com\/kf\/HTB17BsGX.GF3KVjSZFoq6zmpFXa6.jpg?width=800&amp;height=800&amp;hash=1600\" \/><\/p>\n<div><\/div>\n<\/div>\n<\/div>\n<\/div>\n<\/div>\n","protected":false},"excerpt":{"rendered":"<ul class=\"a-unordered-list a-vertical a-spacing-mini\">\n<li><span class=\"a-list-item\">Kit sangle sp\u00e9cialement choisi pour un homme pour faire plaisir \u00e0 son partenaire f\u00e9minin (pour faire l&#8217;amour sans \u00e9rection ou pour une double p\u00e9n\u00e9tration) &#8211; Id\u00e9al \u00e9galement pour les jeux lesbiens sur le point G<\/span><\/li>\n<li><span class=\"a-list-item\">Harnais en cuir souple fait \u00e0 la main &#8211; Confortable pour homme (position au-dessus du p\u00e9nis)<\/span><\/li>\n<li><span class=\"a-list-item\">Godemichet en silicone 100 % sans danger pour le corps ; 13,3 cm de long, 3,8 cm de diam\u00e8tre avec t\u00eate arrondie, angle ergonomique pour le plaisir du point G<\/span><\/li>\n<\/ul>\n","protected":false},"featured_media":10536,"comment_status":"open","ping_status":"closed","template":"","meta":{"_joinchat":[]},"etheme_brands":[],"product_cat":[68,64,46],"product_tag":[],"yoast_head":"<!-- This site is optimized with the Yoast SEO Premium plugin v19.3 (Yoast SEO v21.5) - https:\/\/yoast.com\/wordpress\/plugins\/seo\/ -->\n<title>- Achetez et Commandez Discr\u00e8tement vos Godemich\u00e9 r\u00e9aliste \u00e0 sangle pour femmes et hommes, pour Couples au Cameroun -<\/title>\n<meta name=\"description\" content=\"Commandez vos meilleurs Godemich\u00e9 r\u00e9aliste \u00e0 sangle pour femmes et hommes, pour Couples \u00e0 bons prix partout au Cameroun et faites vous livrer discr\u00e8tement, sur H\u00e9donia, le meilleur site de vente en ligne de sextoys au Cameroun. - Whatsapp: +237 672588687\" \/>\n<meta name=\"robots\" content=\"index, follow, max-snippet:-1, max-image-preview:large, max-video-preview:-1\" \/>\n<link rel=\"canonical\" href=\"https:\/\/sexshop.cm\/produit\/godemiche-realiste-a-sangle-pour-femmes-et-hommes-pour-couples\/\" \/>\n<meta property=\"og:locale\" content=\"en_US\" \/>\n<meta property=\"og:type\" content=\"article\" \/>\n<meta property=\"og:title\" content=\"Godemich\u00e9 r\u00e9aliste \u00e0 sangle pour femmes et hommes, pour Couples\" \/>\n<meta property=\"og:description\" content=\"Godemich\u00e9 r\u00e9aliste \u00e0 sangle pour femmes et hommes, pour Couples - H\u00e9donia\" \/>\n<meta property=\"og:url\" content=\"https:\/\/sexshop.cm\/produit\/godemiche-realiste-a-sangle-pour-femmes-et-hommes-pour-couples\/\" \/>\n<meta property=\"og:site_name\" content=\"H\u00e9donia\" \/>\n<meta property=\"article:modified_time\" content=\"2025-05-24T10:55:52+00:00\" \/>\n<meta property=\"og:image\" content=\"http:\/\/sexshop.cm\/wp-content\/uploads\/2022\/10\/20230828_005359-scaled.jpg\" \/>\n\t<meta property=\"og:image:width\" content=\"2256\" \/>\n\t<meta property=\"og:image:height\" content=\"2560\" \/>\n\t<meta property=\"og:image:type\" content=\"image\/jpeg\" \/>\n<meta name=\"twitter:card\" content=\"summary_large_image\" \/>\n<meta name=\"twitter:label1\" content=\"Price\" \/>\n\t<meta name=\"twitter:data1\" content=\"38000&nbsp;CFA\" \/>\n\t<meta name=\"twitter:label2\" content=\"Availability\" \/>\n\t<meta name=\"twitter:data2\" content=\"In stock\" \/>\n<script type=\"application\/ld+json\" class=\"yoast-schema-graph\">{\"@context\":\"https:\/\/schema.org\",\"@graph\":[{\"@type\":\"WebPage\",\"@id\":\"https:\/\/sexshop.cm\/produit\/godemiche-realiste-a-sangle-pour-femmes-et-hommes-pour-couples\/\",\"url\":\"https:\/\/sexshop.cm\/produit\/godemiche-realiste-a-sangle-pour-femmes-et-hommes-pour-couples\/\",\"name\":\"- Achetez et Commandez Discr\u00e8tement vos Godemich\u00e9 r\u00e9aliste \u00e0 sangle pour femmes et hommes, pour Couples au Cameroun -\",\"isPartOf\":{\"@id\":\"https:\/\/sexshop.cm\/#website\"},\"datePublished\":\"2022-10-04T08:21:39+00:00\",\"dateModified\":\"2025-05-24T10:55:52+00:00\",\"description\":\"Commandez vos meilleurs Godemich\u00e9 r\u00e9aliste \u00e0 sangle pour femmes et hommes, pour Couples \u00e0 bons prix partout au Cameroun et faites vous livrer discr\u00e8tement, sur H\u00e9donia, le meilleur site de vente en ligne de sextoys au Cameroun. - Whatsapp: +237 672588687\",\"breadcrumb\":{\"@id\":\"https:\/\/sexshop.cm\/produit\/godemiche-realiste-a-sangle-pour-femmes-et-hommes-pour-couples\/#breadcrumb\"},\"inLanguage\":\"en-US\",\"potentialAction\":[{\"@type\":\"ReadAction\",\"target\":[\"https:\/\/sexshop.cm\/produit\/godemiche-realiste-a-sangle-pour-femmes-et-hommes-pour-couples\/\"]}]},{\"@type\":\"BreadcrumbList\",\"@id\":\"https:\/\/sexshop.cm\/produit\/godemiche-realiste-a-sangle-pour-femmes-et-hommes-pour-couples\/#breadcrumb\",\"itemListElement\":[{\"@type\":\"ListItem\",\"position\":1,\"name\":\"Accueil\",\"item\":\"https:\/\/sexshop.cm\/en\/online-sexshop-in-cameroon\/\"},{\"@type\":\"ListItem\",\"position\":2,\"name\":\"Shop\",\"item\":\"https:\/\/sexshop.cm\/shop\/\"},{\"@type\":\"ListItem\",\"position\":3,\"name\":\"Godemich\u00e9 r\u00e9aliste \u00e0 sangle pour femmes et hommes, pour Couples\"}]},{\"@type\":\"WebSite\",\"@id\":\"https:\/\/sexshop.cm\/#website\",\"url\":\"https:\/\/sexshop.cm\/\",\"name\":\"H\u00e9donia\",\"description\":\"SexShop en ligne - Boutique de sextoys et objets coquins en ligne au Cameroun\",\"publisher\":{\"@id\":\"https:\/\/sexshop.cm\/#organization\"},\"potentialAction\":[{\"@type\":\"SearchAction\",\"target\":{\"@type\":\"EntryPoint\",\"urlTemplate\":\"https:\/\/sexshop.cm\/?s={search_term_string}\"},\"query-input\":\"required name=search_term_string\"}],\"inLanguage\":\"en-US\"},{\"@type\":\"Organization\",\"@id\":\"https:\/\/sexshop.cm\/#organization\",\"name\":\"H\u00e9donia\",\"alternateName\":\"Boutique de Sextoys en ligne au Cameroun\",\"url\":\"https:\/\/sexshop.cm\/\",\"logo\":{\"@type\":\"ImageObject\",\"inLanguage\":\"en-US\",\"@id\":\"https:\/\/sexshop.cm\/#\/schema\/logo\/image\/\",\"url\":\"https:\/\/sexshop.cm\/wp-content\/uploads\/2022\/10\/logo-680-hedonia.png.200x100_q85_background-f8f9fa.png\",\"contentUrl\":\"https:\/\/sexshop.cm\/wp-content\/uploads\/2022\/10\/logo-680-hedonia.png.200x100_q85_background-f8f9fa.png\",\"width\":2222,\"height\":534,\"caption\":\"H\u00e9donia\"},\"image\":{\"@id\":\"https:\/\/sexshop.cm\/#\/schema\/logo\/image\/\"}}]}<\/script>\n<meta property=\"product:price:amount\" content=\"38000\" \/>\n<meta property=\"product:price:currency\" content=\"XAF\" \/>\n<meta property=\"og:availability\" content=\"instock\" \/>\n<meta property=\"product:availability\" content=\"instock\" \/>\n<meta property=\"product:retailer_item_id\" content=\"33022437109\" \/>\n<meta property=\"product:condition\" content=\"new\" \/>\n<!-- \/ Yoast SEO Premium plugin. -->","yoast_head_json":{"title":"- Achetez et Commandez Discr\u00e8tement vos Godemich\u00e9 r\u00e9aliste \u00e0 sangle pour femmes et hommes, pour Couples au Cameroun -","description":"Commandez vos meilleurs Godemich\u00e9 r\u00e9aliste \u00e0 sangle pour femmes et hommes, pour Couples \u00e0 bons prix partout au Cameroun et faites vous livrer discr\u00e8tement, sur H\u00e9donia, le meilleur site de vente en ligne de sextoys au Cameroun. - Whatsapp: +237 672588687","robots":{"index":"index","follow":"follow","max-snippet":"max-snippet:-1","max-image-preview":"max-image-preview:large","max-video-preview":"max-video-preview:-1"},"canonical":"https:\/\/sexshop.cm\/produit\/godemiche-realiste-a-sangle-pour-femmes-et-hommes-pour-couples\/","og_locale":"en_US","og_type":"article","og_title":"Godemich\u00e9 r\u00e9aliste \u00e0 sangle pour femmes et hommes, pour Couples","og_description":"Godemich\u00e9 r\u00e9aliste \u00e0 sangle pour femmes et hommes, pour Couples - H\u00e9donia","og_url":"https:\/\/sexshop.cm\/produit\/godemiche-realiste-a-sangle-pour-femmes-et-hommes-pour-couples\/","og_site_name":"H\u00e9donia","article_modified_time":"2025-05-24T10:55:52+00:00","og_image":[{"width":2256,"height":2560,"url":"http:\/\/sexshop.cm\/wp-content\/uploads\/2022\/10\/20230828_005359-scaled.jpg","type":"image\/jpeg"}],"twitter_card":"summary_large_image","twitter_misc":{"Price":"38000&nbsp;CFA","Availability":"In stock"},"schema":{"@context":"https:\/\/schema.org","@graph":[{"@type":"WebPage","@id":"https:\/\/sexshop.cm\/produit\/godemiche-realiste-a-sangle-pour-femmes-et-hommes-pour-couples\/","url":"https:\/\/sexshop.cm\/produit\/godemiche-realiste-a-sangle-pour-femmes-et-hommes-pour-couples\/","name":"- Achetez et Commandez Discr\u00e8tement vos Godemich\u00e9 r\u00e9aliste \u00e0 sangle pour femmes et hommes, pour Couples au Cameroun -","isPartOf":{"@id":"https:\/\/sexshop.cm\/#website"},"datePublished":"2022-10-04T08:21:39+00:00","dateModified":"2025-05-24T10:55:52+00:00","description":"Commandez vos meilleurs Godemich\u00e9 r\u00e9aliste \u00e0 sangle pour femmes et hommes, pour Couples \u00e0 bons prix partout au Cameroun et faites vous livrer discr\u00e8tement, sur H\u00e9donia, le meilleur site de vente en ligne de sextoys au Cameroun. - Whatsapp: +237 672588687","breadcrumb":{"@id":"https:\/\/sexshop.cm\/produit\/godemiche-realiste-a-sangle-pour-femmes-et-hommes-pour-couples\/#breadcrumb"},"inLanguage":"en-US","potentialAction":[{"@type":"ReadAction","target":["https:\/\/sexshop.cm\/produit\/godemiche-realiste-a-sangle-pour-femmes-et-hommes-pour-couples\/"]}]},{"@type":"BreadcrumbList","@id":"https:\/\/sexshop.cm\/produit\/godemiche-realiste-a-sangle-pour-femmes-et-hommes-pour-couples\/#breadcrumb","itemListElement":[{"@type":"ListItem","position":1,"name":"Accueil","item":"https:\/\/sexshop.cm\/en\/online-sexshop-in-cameroon\/"},{"@type":"ListItem","position":2,"name":"Shop","item":"https:\/\/sexshop.cm\/shop\/"},{"@type":"ListItem","position":3,"name":"Godemich\u00e9 r\u00e9aliste \u00e0 sangle pour femmes et hommes, pour Couples"}]},{"@type":"WebSite","@id":"https:\/\/sexshop.cm\/#website","url":"https:\/\/sexshop.cm\/","name":"H\u00e9donia","description":"SexShop en ligne - Boutique de sextoys et objets coquins en ligne au Cameroun","publisher":{"@id":"https:\/\/sexshop.cm\/#organization"},"potentialAction":[{"@type":"SearchAction","target":{"@type":"EntryPoint","urlTemplate":"https:\/\/sexshop.cm\/?s={search_term_string}"},"query-input":"required name=search_term_string"}],"inLanguage":"en-US"},{"@type":"Organization","@id":"https:\/\/sexshop.cm\/#organization","name":"H\u00e9donia","alternateName":"Boutique de Sextoys en ligne au Cameroun","url":"https:\/\/sexshop.cm\/","logo":{"@type":"ImageObject","inLanguage":"en-US","@id":"https:\/\/sexshop.cm\/#\/schema\/logo\/image\/","url":"https:\/\/sexshop.cm\/wp-content\/uploads\/2022\/10\/logo-680-hedonia.png.200x100_q85_background-f8f9fa.png","contentUrl":"https:\/\/sexshop.cm\/wp-content\/uploads\/2022\/10\/logo-680-hedonia.png.200x100_q85_background-f8f9fa.png","width":2222,"height":534,"caption":"H\u00e9donia"},"image":{"@id":"https:\/\/sexshop.cm\/#\/schema\/logo\/image\/"}}]},"product_price_amount":"38000","product_price_currency":"XAF","og_availability":"instock","product_availability":"instock","product_retailer_item_id":"33022437109","product_condition":"new"},"_links":{"self":[{"href":"https:\/\/sexshop.cm\/en\/wp-json\/wp\/v2\/product\/6391"}],"collection":[{"href":"https:\/\/sexshop.cm\/en\/wp-json\/wp\/v2\/product"}],"about":[{"href":"https:\/\/sexshop.cm\/en\/wp-json\/wp\/v2\/types\/product"}],"replies":[{"embeddable":true,"href":"https:\/\/sexshop.cm\/en\/wp-json\/wp\/v2\/comments?post=6391"}],"wp:featuredmedia":[{"embeddable":true,"href":"https:\/\/sexshop.cm\/en\/wp-json\/wp\/v2\/media\/10536"}],"wp:attachment":[{"href":"https:\/\/sexshop.cm\/en\/wp-json\/wp\/v2\/media?parent=6391"}],"wp:term":[{"taxonomy":"brand","embeddable":true,"href":"https:\/\/sexshop.cm\/en\/wp-json\/wp\/v2\/etheme_brands?post=6391"},{"taxonomy":"product_cat","embeddable":true,"href":"https:\/\/sexshop.cm\/en\/wp-json\/wp\/v2\/product_cat?post=6391"},{"taxonomy":"product_tag","embeddable":true,"href":"https:\/\/sexshop.cm\/en\/wp-json\/wp\/v2\/product_tag?post=6391"}],"curies":[{"name":"wp","href":"https:\/\/api.w.org\/{rel}","templated":true}]}}