{"id":6412,"date":"2022-10-04T09:21:43","date_gmt":"2022-10-04T08:21:43","guid":{"rendered":"https:\/\/sexshop.cm\/produit\/anneaux-de-penis-pour-hommes-retardement-de-lejaculation\/"},"modified":"2025-05-25T04:48:28","modified_gmt":"2025-05-25T03:48:28","slug":"anneaux-de-penis-pour-hommes-retardement-de-lejaculation","status":"publish","type":"product","link":"https:\/\/sexshop.cm\/en\/produit\/anneaux-de-penis-pour-hommes-retardement-de-lejaculation\/","title":{"rendered":"Anneaux de p\u00e9nis pour hommes, retardement de l&#8217;\u00e9jaculation"},"content":{"rendered":"<div class=\"detailmodule_html\">\n<div class=\"detail-desc-decorate-richtext\">\n<div class=\"detailmodule_text\" style=\"font-family: 'Open Sans', Arial, Helvetica, sans-serif, Heiti; font-size: 14px; font-weight: 400; letter-spacing: normal; text-align: start; white-space: normal; color: #000000; background-color: #ffffff; margin: 0px; padding: 0px; box-sizing: content-box;\" align=\"start\">\n<p>Note:<\/p>\n<p>Acheter \u00e0 plus d&#8217;anneau de p\u00e9nis<\/p>\n<p>Obtenez un cadeau gratuit et plus de r\u00e9duction<\/p>\n<p>Retardement de l&#8217;\u00e9jaculation, anneaux de p\u00e9nis masculin, extenseur d&#8217;\u00e9rection de bite, anneaux de coq \u00e9rotiques, jouets sexuels pour hommes, Double Cockring BDSM<\/p>\n<p>\u00a0<\/p>\n<p>Description du produit:<\/p>\n<p>Type: anneau de p\u00e9nis pour hommes<\/p>\n<p>Mat\u00e9riel: Silicone<\/p>\n<p>Poids Net: 20g<\/p>\n<p>Imperm\u00e9able: Oui<\/p>\n<p>Intimit\u00e9 Garantie:<\/p>\n<p>Votre vie priv\u00e9e est la plus importante pour nous. Nous nous engageons \u00e0 envoyer vos produits dans un \u00e9tat secret, l&#8217;emballage sans images ni mots sur le sexe.<\/p>\n<\/div>\n<div class=\"detailmodule_text\" style=\"font-family: 'Open Sans', Arial, Helvetica, sans-serif, Heiti; font-size: 14px; font-weight: 400; letter-spacing: normal; text-align: start; white-space: normal; color: #000000; background-color: #ffffff; margin: 0px; padding: 0px; box-sizing: content-box;\" align=\"start\">\n<\/div>\n<p><img decoding=\"async\" src=\"https:\/\/ae01.alicdn.com\/kf\/H27ba5f7221fb43ada2bc83c3b7f65c24z.jpg\" \/><img decoding=\"async\" src=\"https:\/\/ae01.alicdn.com\/kf\/H7c6f052b72ae48e68738d6d8aecea145f.jpg\" \/><img decoding=\"async\" src=\"https:\/\/ae01.alicdn.com\/kf\/Hd2ecc5789ca848528df0975c0cafce4eM.jpg\" \/><img decoding=\"async\" src=\"https:\/\/ae01.alicdn.com\/kf\/H7291f837573d462aa744740953aad70ei.jpg\" \/><img decoding=\"async\" src=\"https:\/\/ae01.alicdn.com\/kf\/H012b53eeacdd46b9a2068c675a9fbdfek.jpg\" \/><img decoding=\"async\" src=\"https:\/\/ae01.alicdn.com\/kf\/H46927267320246938571819fe1cddad9q.jpg\" \/><img decoding=\"async\" src=\"https:\/\/ae01.alicdn.com\/kf\/Hd60bbbd8dff248929b726f44ec690095w.jpg\" \/><img decoding=\"async\" src=\"https:\/\/ae01.alicdn.com\/kf\/H410b2d9dcea044ae91d0d53891e5519d5.jpg\" \/><\/p>\n<\/div>\n<\/div>\n","protected":false},"excerpt":{"rendered":"<p>Note: Acheter \u00e0 plus d&#8217;anneau de p\u00e9nis Obtenez un cadeau gratuit et plus de r\u00e9duction Retardement de l&#8217;\u00e9jaculation, anneaux de p\u00e9nis masculin, extenseur d&#8217;\u00e9rection de bite, anneaux de coq \u00e9rotiques, jouets sexuels pour hommes, Double Cockring BDSM \u00a0 Description du produit: Type: anneau de p\u00e9nis pour hommes Mat\u00e9riel: Silicone Poids Net: 20g Imperm\u00e9able: Oui Intimit\u00e9 Garantie: Votre vie priv\u00e9e est la plus importante pour nous. Nous nous engageons \u00e0 envoyer vos produits dans un \u00e9tat secret, l&#8217;emballage sans images ni mots sur le sexe.<\/p>\n","protected":false},"featured_media":6414,"comment_status":"open","ping_status":"closed","template":"","meta":{"_joinchat":[]},"etheme_brands":[],"product_cat":[55,46],"product_tag":[],"yoast_head":"<!-- This site is optimized with the Yoast SEO Premium plugin v19.3 (Yoast SEO v21.5) - https:\/\/yoast.com\/wordpress\/plugins\/seo\/ -->\n<title>- Achetez et Commandez Discr\u00e8tement vos Anneaux de p\u00e9nis pour hommes, retardement de l&#039;\u00e9jaculation au Cameroun -<\/title>\n<meta name=\"description\" content=\"Commandez vos meilleurs Anneaux de p\u00e9nis pour hommes, retardement de l&#039;\u00e9jaculation \u00e0 bons prix partout au Cameroun et faites vous livrer discr\u00e8tement, sur H\u00e9donia, le meilleur site de vente en ligne de sextoys au Cameroun. - Whatsapp: +237 672588687\" \/>\n<meta name=\"robots\" content=\"index, follow, max-snippet:-1, max-image-preview:large, max-video-preview:-1\" \/>\n<link rel=\"canonical\" href=\"https:\/\/sexshop.cm\/produit\/anneaux-de-penis-pour-hommes-retardement-de-lejaculation\/\" \/>\n<meta property=\"og:locale\" content=\"en_US\" \/>\n<meta property=\"og:type\" content=\"article\" \/>\n<meta property=\"og:title\" content=\"Anneaux de p\u00e9nis pour hommes, retardement de l&#039;\u00e9jaculation\" \/>\n<meta property=\"og:description\" content=\"Anneaux de p\u00e9nis pour hommes, retardement de l&#039;\u00e9jaculation - H\u00e9donia\" \/>\n<meta property=\"og:url\" content=\"https:\/\/sexshop.cm\/produit\/anneaux-de-penis-pour-hommes-retardement-de-lejaculation\/\" \/>\n<meta property=\"og:site_name\" content=\"H\u00e9donia\" \/>\n<meta property=\"article:modified_time\" content=\"2025-05-25T03:48:28+00:00\" \/>\n<meta property=\"og:image\" content=\"http:\/\/sexshop.cm\/wp-content\/uploads\/2022\/10\/Anneaux-de-p-nis-pour-hommes-retardement-de-l-jaculation-plus-fort-anneau-d-rection-jouets.jpg\" \/>\n\t<meta property=\"og:image:width\" content=\"1000\" \/>\n\t<meta property=\"og:image:height\" content=\"1000\" \/>\n\t<meta property=\"og:image:type\" content=\"image\/jpeg\" \/>\n<meta name=\"twitter:card\" content=\"summary_large_image\" \/>\n<meta name=\"twitter:label1\" content=\"Availability\" \/>\n\t<meta name=\"twitter:data1\" content=\"Out of stock\" \/>\n<script type=\"application\/ld+json\" class=\"yoast-schema-graph\">{\"@context\":\"https:\/\/schema.org\",\"@graph\":[{\"@type\":\"WebPage\",\"@id\":\"https:\/\/sexshop.cm\/produit\/anneaux-de-penis-pour-hommes-retardement-de-lejaculation\/\",\"url\":\"https:\/\/sexshop.cm\/produit\/anneaux-de-penis-pour-hommes-retardement-de-lejaculation\/\",\"name\":\"- Achetez et Commandez Discr\u00e8tement vos Anneaux de p\u00e9nis pour hommes, retardement de l'\u00e9jaculation au Cameroun -\",\"isPartOf\":{\"@id\":\"https:\/\/sexshop.cm\/#website\"},\"datePublished\":\"2022-10-04T08:21:43+00:00\",\"dateModified\":\"2025-05-25T03:48:28+00:00\",\"description\":\"Commandez vos meilleurs Anneaux de p\u00e9nis pour hommes, retardement de l'\u00e9jaculation \u00e0 bons prix partout au Cameroun et faites vous livrer discr\u00e8tement, sur H\u00e9donia, le meilleur site de vente en ligne de sextoys au Cameroun. - Whatsapp: +237 672588687\",\"breadcrumb\":{\"@id\":\"https:\/\/sexshop.cm\/produit\/anneaux-de-penis-pour-hommes-retardement-de-lejaculation\/#breadcrumb\"},\"inLanguage\":\"en-US\",\"potentialAction\":[{\"@type\":\"ReadAction\",\"target\":[\"https:\/\/sexshop.cm\/produit\/anneaux-de-penis-pour-hommes-retardement-de-lejaculation\/\"]}]},{\"@type\":\"BreadcrumbList\",\"@id\":\"https:\/\/sexshop.cm\/produit\/anneaux-de-penis-pour-hommes-retardement-de-lejaculation\/#breadcrumb\",\"itemListElement\":[{\"@type\":\"ListItem\",\"position\":1,\"name\":\"Accueil\",\"item\":\"https:\/\/sexshop.cm\/en\/online-sexshop-in-cameroon\/\"},{\"@type\":\"ListItem\",\"position\":2,\"name\":\"Shop\",\"item\":\"https:\/\/sexshop.cm\/shop\/\"},{\"@type\":\"ListItem\",\"position\":3,\"name\":\"Anneaux de p\u00e9nis pour hommes, retardement de l&rsquo;\u00e9jaculation\"}]},{\"@type\":\"WebSite\",\"@id\":\"https:\/\/sexshop.cm\/#website\",\"url\":\"https:\/\/sexshop.cm\/\",\"name\":\"H\u00e9donia\",\"description\":\"SexShop en ligne - Boutique de sextoys et objets coquins en ligne au Cameroun\",\"publisher\":{\"@id\":\"https:\/\/sexshop.cm\/#organization\"},\"potentialAction\":[{\"@type\":\"SearchAction\",\"target\":{\"@type\":\"EntryPoint\",\"urlTemplate\":\"https:\/\/sexshop.cm\/?s={search_term_string}\"},\"query-input\":\"required name=search_term_string\"}],\"inLanguage\":\"en-US\"},{\"@type\":\"Organization\",\"@id\":\"https:\/\/sexshop.cm\/#organization\",\"name\":\"H\u00e9donia\",\"alternateName\":\"Boutique de Sextoys en ligne au Cameroun\",\"url\":\"https:\/\/sexshop.cm\/\",\"logo\":{\"@type\":\"ImageObject\",\"inLanguage\":\"en-US\",\"@id\":\"https:\/\/sexshop.cm\/#\/schema\/logo\/image\/\",\"url\":\"https:\/\/sexshop.cm\/wp-content\/uploads\/2022\/10\/logo-680-hedonia.png.200x100_q85_background-f8f9fa.png\",\"contentUrl\":\"https:\/\/sexshop.cm\/wp-content\/uploads\/2022\/10\/logo-680-hedonia.png.200x100_q85_background-f8f9fa.png\",\"width\":2222,\"height\":534,\"caption\":\"H\u00e9donia\"},\"image\":{\"@id\":\"https:\/\/sexshop.cm\/#\/schema\/logo\/image\/\"}}]}<\/script>\n<meta property=\"og:availability\" content=\"out of stock\" \/>\n<meta property=\"product:availability\" content=\"out of stock\" \/>\n<meta property=\"product:retailer_item_id\" content=\"1005003029956715\" \/>\n<meta property=\"product:condition\" content=\"new\" \/>\n<!-- \/ Yoast SEO Premium plugin. -->","yoast_head_json":{"title":"- Achetez et Commandez Discr\u00e8tement vos Anneaux de p\u00e9nis pour hommes, retardement de l'\u00e9jaculation au Cameroun -","description":"Commandez vos meilleurs Anneaux de p\u00e9nis pour hommes, retardement de l'\u00e9jaculation \u00e0 bons prix partout au Cameroun et faites vous livrer discr\u00e8tement, sur H\u00e9donia, le meilleur site de vente en ligne de sextoys au Cameroun. - Whatsapp: +237 672588687","robots":{"index":"index","follow":"follow","max-snippet":"max-snippet:-1","max-image-preview":"max-image-preview:large","max-video-preview":"max-video-preview:-1"},"canonical":"https:\/\/sexshop.cm\/produit\/anneaux-de-penis-pour-hommes-retardement-de-lejaculation\/","og_locale":"en_US","og_type":"article","og_title":"Anneaux de p\u00e9nis pour hommes, retardement de l'\u00e9jaculation","og_description":"Anneaux de p\u00e9nis pour hommes, retardement de l'\u00e9jaculation - H\u00e9donia","og_url":"https:\/\/sexshop.cm\/produit\/anneaux-de-penis-pour-hommes-retardement-de-lejaculation\/","og_site_name":"H\u00e9donia","article_modified_time":"2025-05-25T03:48:28+00:00","og_image":[{"width":1000,"height":1000,"url":"http:\/\/sexshop.cm\/wp-content\/uploads\/2022\/10\/Anneaux-de-p-nis-pour-hommes-retardement-de-l-jaculation-plus-fort-anneau-d-rection-jouets.jpg","type":"image\/jpeg"}],"twitter_card":"summary_large_image","twitter_misc":{"Availability":"Out of stock"},"schema":{"@context":"https:\/\/schema.org","@graph":[{"@type":"WebPage","@id":"https:\/\/sexshop.cm\/produit\/anneaux-de-penis-pour-hommes-retardement-de-lejaculation\/","url":"https:\/\/sexshop.cm\/produit\/anneaux-de-penis-pour-hommes-retardement-de-lejaculation\/","name":"- Achetez et Commandez Discr\u00e8tement vos Anneaux de p\u00e9nis pour hommes, retardement de l'\u00e9jaculation au Cameroun -","isPartOf":{"@id":"https:\/\/sexshop.cm\/#website"},"datePublished":"2022-10-04T08:21:43+00:00","dateModified":"2025-05-25T03:48:28+00:00","description":"Commandez vos meilleurs Anneaux de p\u00e9nis pour hommes, retardement de l'\u00e9jaculation \u00e0 bons prix partout au Cameroun et faites vous livrer discr\u00e8tement, sur H\u00e9donia, le meilleur site de vente en ligne de sextoys au Cameroun. - Whatsapp: +237 672588687","breadcrumb":{"@id":"https:\/\/sexshop.cm\/produit\/anneaux-de-penis-pour-hommes-retardement-de-lejaculation\/#breadcrumb"},"inLanguage":"en-US","potentialAction":[{"@type":"ReadAction","target":["https:\/\/sexshop.cm\/produit\/anneaux-de-penis-pour-hommes-retardement-de-lejaculation\/"]}]},{"@type":"BreadcrumbList","@id":"https:\/\/sexshop.cm\/produit\/anneaux-de-penis-pour-hommes-retardement-de-lejaculation\/#breadcrumb","itemListElement":[{"@type":"ListItem","position":1,"name":"Accueil","item":"https:\/\/sexshop.cm\/en\/online-sexshop-in-cameroon\/"},{"@type":"ListItem","position":2,"name":"Shop","item":"https:\/\/sexshop.cm\/shop\/"},{"@type":"ListItem","position":3,"name":"Anneaux de p\u00e9nis pour hommes, retardement de l&rsquo;\u00e9jaculation"}]},{"@type":"WebSite","@id":"https:\/\/sexshop.cm\/#website","url":"https:\/\/sexshop.cm\/","name":"H\u00e9donia","description":"SexShop en ligne - Boutique de sextoys et objets coquins en ligne au Cameroun","publisher":{"@id":"https:\/\/sexshop.cm\/#organization"},"potentialAction":[{"@type":"SearchAction","target":{"@type":"EntryPoint","urlTemplate":"https:\/\/sexshop.cm\/?s={search_term_string}"},"query-input":"required name=search_term_string"}],"inLanguage":"en-US"},{"@type":"Organization","@id":"https:\/\/sexshop.cm\/#organization","name":"H\u00e9donia","alternateName":"Boutique de Sextoys en ligne au Cameroun","url":"https:\/\/sexshop.cm\/","logo":{"@type":"ImageObject","inLanguage":"en-US","@id":"https:\/\/sexshop.cm\/#\/schema\/logo\/image\/","url":"https:\/\/sexshop.cm\/wp-content\/uploads\/2022\/10\/logo-680-hedonia.png.200x100_q85_background-f8f9fa.png","contentUrl":"https:\/\/sexshop.cm\/wp-content\/uploads\/2022\/10\/logo-680-hedonia.png.200x100_q85_background-f8f9fa.png","width":2222,"height":534,"caption":"H\u00e9donia"},"image":{"@id":"https:\/\/sexshop.cm\/#\/schema\/logo\/image\/"}}]},"og_availability":"out of stock","product_availability":"out of stock","product_retailer_item_id":"1005003029956715","product_condition":"new"},"_links":{"self":[{"href":"https:\/\/sexshop.cm\/en\/wp-json\/wp\/v2\/product\/6412"}],"collection":[{"href":"https:\/\/sexshop.cm\/en\/wp-json\/wp\/v2\/product"}],"about":[{"href":"https:\/\/sexshop.cm\/en\/wp-json\/wp\/v2\/types\/product"}],"replies":[{"embeddable":true,"href":"https:\/\/sexshop.cm\/en\/wp-json\/wp\/v2\/comments?post=6412"}],"wp:featuredmedia":[{"embeddable":true,"href":"https:\/\/sexshop.cm\/en\/wp-json\/wp\/v2\/media\/6414"}],"wp:attachment":[{"href":"https:\/\/sexshop.cm\/en\/wp-json\/wp\/v2\/media?parent=6412"}],"wp:term":[{"taxonomy":"brand","embeddable":true,"href":"https:\/\/sexshop.cm\/en\/wp-json\/wp\/v2\/etheme_brands?post=6412"},{"taxonomy":"product_cat","embeddable":true,"href":"https:\/\/sexshop.cm\/en\/wp-json\/wp\/v2\/product_cat?post=6412"},{"taxonomy":"product_tag","embeddable":true,"href":"https:\/\/sexshop.cm\/en\/wp-json\/wp\/v2\/product_tag?post=6412"}],"curies":[{"name":"wp","href":"https:\/\/api.w.org\/{rel}","templated":true}]}}