{"id":6430,"date":"2022-10-04T09:21:51","date_gmt":"2022-10-04T08:21:51","guid":{"rendered":"https:\/\/sexshop.cm\/produit\/vibromasseur-vaginal-a-distance-jouet-sexuel\/"},"modified":"2023-11-04T14:15:18","modified_gmt":"2023-11-04T13:15:18","slug":"vibromasseur-vaginal-a-distance-jouet-sexuel","status":"publish","type":"product","link":"https:\/\/sexshop.cm\/en\/produit\/vibromasseur-vaginal-a-distance-jouet-sexuel\/","title":{"rendered":"Vibromasseur Vaginal \u00e0 Distance Jouet Sexuel"},"content":{"rendered":"<div class=\"detailmodule_html\">\n<div class=\"detail-desc-decorate-richtext\">\n<div>\n<p>Sans fil Bluetooth gode G Spot vibrateur pour femmes APP t\u00e9l\u00e9commande usure vibrant oeuf femelle culotte jouets sexuels marchandises pour adultes 18<\/p>\n<p>Remarque: veuillez ne pas allumer lors de la charge, pour des raisons de s\u00e9curit\u00e9, le service ne peut pas \u00eatre allum\u00e9 lors de la charge.<\/p>\n<p>Pas de mode de contr\u00f4le d&#8217;application:<\/p>\n<p>Appuyez et maintenez le bouton d&#8217;alimentation pendant 3 \u00e0 5 secondes pour allumer, puis appuyez bri\u00e8vement sur le bouton d&#8217;alimentation pour augmenter le mode de vibration.<\/p>\n<p>Guide de connexion d&#8217;application:<\/p>\n<p>Veuillez garder le Bluetooth allum\u00e9 de votre t\u00e9l\u00e9phone<\/p>\n<p>1. Scannez l&#8217;application conjoint d&#8217;amour QR et t\u00e9l\u00e9chargez l&#8217;application (ou recherchez &#8220;conjoint d&#8217;amour&#8221; dans App store ) . Cliquez sur &#8220;nouvel utilisateur&#8221; pour vous inscrire et m\u00e9moriser votre compte.<\/p>\n<p>2. Cliquez sur &#8220;+&#8221; sur l&#8217;application pour scanner001QROu0887QRPour connecter le vibreur \u00e0 l&#8217;application.<\/p>\n<p>3. Appuyez sur le bouton d&#8217;alimentation du vibreur et maintenez-le enfonc\u00e9 pendant 3 \u00e0 5 secondes pour l&#8217;allumer.<\/p>\n<p>4. Utilisez votre t\u00e9l\u00e9phone pour contr\u00f4ler le vibrateur.<\/p>\n<p>Contr\u00f4le de partenaire:<\/p>\n<p>5. Demandez \u00e0 votre partenaire de t\u00e9l\u00e9charger \u00abamour conjoint\u00bb et de s&#8217;inscrire.<\/p>\n<p>6. Cliquez sur mon appareil, choisissez le dernier mode: mode interactif, ajoutez et recherchez votre partnter en tant qu&#8217;ami, puis demandez-lui de l&#8217;accepter.<\/p>\n<p>7. Cliquez sur mon appareil, choisissez le mode interactif, invitez votre partenaire \u00e0 contr\u00f4ler le service.<\/p>\n<p><img decoding=\"async\" style=\"width: 800px;\" src=\"https:\/\/ae01.alicdn.com\/kf\/S4e9532a7491b4ba1a6f02b1c7d16e4d4e.jpg?width=1000&amp;height=1000&amp;hash=2000\" width=\"800px\" \/><span style=\"font-size: 18px;\"><strong><br \/>\nSilicone de qualit\u00e9 m\u00e9dicale sup\u00e9rieure<br \/>\nImperm\u00e9able<\/strong><\/span><br \/>\n<img decoding=\"async\" style=\"width: 800px;\" src=\"https:\/\/ae01.alicdn.com\/kf\/S7006311ab2a94c1b9a178d397dc97a96Y.jpg?width=1000&amp;height=1000&amp;hash=2000\" width=\"800px\" \/><span style=\"font-size: 18px;\"><strong><br \/>\nBatterie bouton Rechargeable int\u00e9gr\u00e9e<br \/>\nPratique et durable<\/strong><\/span><\/p>\n<p><img decoding=\"async\" style=\"width: 800px;\" src=\"https:\/\/ae01.alicdn.com\/kf\/Sd175c728f82f42a5bec4d3c96d27df61b.jpg?width=1000&amp;height=1000&amp;hash=2000\" width=\"800px\" \/><span style=\"font-size: 18px;\"><strong><br \/>\nDemandes<\/strong><\/span><br \/>\n<img decoding=\"async\" style=\"width: 800px;\" src=\"https:\/\/ae01.alicdn.com\/kf\/S165061a209104d869aa0bf957bafd11dc.jpg?width=1000&amp;height=1000&amp;hash=2000\" width=\"800px\" \/><span style=\"font-size: 18px;\"><strong><br \/>\nPhotos physiques du produit<\/strong><\/span><br \/>\n<img decoding=\"async\" style=\"width: 800px;\" src=\"https:\/\/ae01.alicdn.com\/kf\/S08577d517df54a8b9a45a10f675c4d82S.jpg?width=1000&amp;height=1000&amp;hash=2000\" width=\"800px\" \/><span style=\"font-size: 18px;\"><strong><br \/>\nStyle 2<\/strong><\/span><\/p>\n<p><img decoding=\"async\" style=\"width: 800px;\" src=\"https:\/\/ae01.alicdn.com\/kf\/S67f6eaab100f4046ad6ae47db9138b91U.jpg?width=800&amp;height=800&amp;hash=1600\" width=\"800px\" \/><\/p>\n<p><img decoding=\"async\" style=\"width: 800px;\" src=\"https:\/\/ae01.alicdn.com\/kf\/S62f6a14ba79c4f6aa852d10d0b4d7ae7L.jpg?width=800&amp;height=800&amp;hash=1600\" width=\"800px\" \/><\/p>\n<p><img decoding=\"async\" style=\"width: 800px;\" src=\"https:\/\/ae01.alicdn.com\/kf\/S93ef5205f05c43b8aa587bab472cecc36.jpg?width=800&amp;height=800&amp;hash=1600\" width=\"800px\" \/><br \/>\n<span style=\"background-color: #ffffff; color: #000000; font-size: 18px; font-family: 'Open Sans', Roboto, Arial, Helvetica, sans-serif, SimSun;\"><strong>Pourquoi l&#8217;utiliser?<\/strong><\/span><br \/>\n<img decoding=\"async\" src=\"https:\/\/ae01.alicdn.com\/kf\/Sa1355b95e94244408df33a518c68dba36.jpg?width=800&amp;height=800&amp;hash=1600\" \/><br \/>\n<span style=\"background-color: #ffffff; color: #000000; font-size: 20px; font-family: 'Open Sans', Roboto, Arial, Helvetica, sans-serif, SimSun;\"><strong>Apr\u00e8s utilisation<\/strong><\/span><br \/>\n<img decoding=\"async\" src=\"https:\/\/ae01.alicdn.com\/kf\/S2f79244c26a24f7fab0376a039d2c1886.jpg?width=800&amp;height=800&amp;hash=1600\" \/><\/p>\n<\/div>\n<p style=\"font-family: 'Open Sans', Roboto, Arial, Helvetica, sans-serif, SimSun; font-size: 14px; font-weight: 400; letter-spacing: normal; line-height: inherit; text-align: start; white-space: normal; color: #222222; background-color: #ffffff; margin: 0px; padding: 0px; box-sizing: border-box;\" align=\"start\"><img decoding=\"async\" style=\"border: 0px; margin: 0px; padding: 0px; max-width: 100%; box-sizing: border-box;\" src=\"https:\/\/ae01.alicdn.com\/kf\/S3d0245a4172445e397c037291e96a06ba.jpg\" \/><img decoding=\"async\" style=\"border: 0px; margin: 0px; padding: 0px; max-width: 100%; box-sizing: border-box;\" src=\"https:\/\/ae01.alicdn.com\/kf\/Sebfa6fb579a948e5adb34724e9c88a989.jpg\" \/><img decoding=\"async\" style=\"border: 0px; margin: 0px; padding: 0px; max-width: 100%; box-sizing: border-box;\" src=\"https:\/\/ae01.alicdn.com\/kf\/Sebed1a4b12dd49cdb26b186bc7b7c241h.jpg\" \/><img decoding=\"async\" style=\"border: 0px; margin: 0px; padding: 0px; max-width: 100%; box-sizing: border-box;\" src=\"https:\/\/ae01.alicdn.com\/kf\/Sc16d6096ecdc473dbf535d1f1e44e2fcV.jpg\" \/><img decoding=\"async\" style=\"border: 0px; margin: 0px; padding: 0px; max-width: 100%; box-sizing: border-box;\" src=\"https:\/\/ae01.alicdn.com\/kf\/Sd5eb9c772175493bb244100e44023ec0N.jpg\" \/><img decoding=\"async\" style=\"border: 0px; margin: 0px; padding: 0px; max-width: 100%; box-sizing: border-box;\" src=\"https:\/\/ae01.alicdn.com\/kf\/Sdc17f221518d45e1a993f07dc26e6a1aH.jpg\" \/><img decoding=\"async\" style=\"border: 0px; margin: 0px; padding: 0px; max-width: 100%; box-sizing: border-box;\" src=\"https:\/\/ae01.alicdn.com\/kf\/S350d974ae39640ada3343fbd443dffbfZ.jpg\" \/><img decoding=\"async\" style=\"border: 0px; margin: 0px; padding: 0px; max-width: 100%; box-sizing: border-box;\" src=\"https:\/\/ae01.alicdn.com\/kf\/S2571336e0317473583d72bb23fc32d5de.jpg\" \/><img decoding=\"async\" style=\"border: 0px; margin: 0px; padding: 0px; max-width: 100%; box-sizing: border-box;\" src=\"https:\/\/ae01.alicdn.com\/kf\/S1772df76f7a44c27937503dbd49482b9l.jpg\" \/><img decoding=\"async\" style=\"border: 0px; margin: 0px; padding: 0px; max-width: 100%; box-sizing: border-box;\" src=\"https:\/\/ae01.alicdn.com\/kf\/S586d33148cbe4eb6a8e985444d80a612R.jpg\" \/><img decoding=\"async\" style=\"border: 0px; margin: 0px; padding: 0px; max-width: 100%; box-sizing: border-box;\" src=\"https:\/\/ae01.alicdn.com\/kf\/Sd815977020164f6ca9c04886b989ced39.jpg\" \/><img decoding=\"async\" style=\"border: 0px; margin: 0px; padding: 0px; max-width: 100%; box-sizing: border-box;\" src=\"https:\/\/ae01.alicdn.com\/kf\/S2b93c7c9960447efa739e964f9e0dd57G.jpg\" \/><img decoding=\"async\" style=\"border: 0px; margin: 0px; padding: 0px; max-width: 100%; box-sizing: border-box;\" src=\"https:\/\/ae01.alicdn.com\/kf\/Sb926443dac6b496783fcd95e686f0ea8M.jpg\" \/><img decoding=\"async\" style=\"border: 0px; margin: 0px; padding: 0px; max-width: 100%; box-sizing: border-box;\" src=\"https:\/\/ae01.alicdn.com\/kf\/Sa53aa831e43b4f948e93243efd9d5ea4H.jpg\" \/><img decoding=\"async\" style=\"border: 0px; margin: 0px; padding: 0px; max-width: 100%; box-sizing: border-box;\" src=\"https:\/\/ae01.alicdn.com\/kf\/Sac36e39be2574249983f2ca7f4675995X.jpg\" \/><img decoding=\"async\" style=\"border: 0px; margin: 0px; padding: 0px; max-width: 100%; box-sizing: border-box;\" src=\"https:\/\/ae01.alicdn.com\/kf\/S506d58c530af409391887d59b5ef553el.jpg\" \/><\/p>\n<p style=\"font-family: 'Open Sans', Roboto, Arial, Helvetica, sans-serif, SimSun; font-size: 14px; font-weight: 400; letter-spacing: normal; line-height: inherit; text-align: start; white-space: normal; color: #222222; background-color: #ffffff; margin: 0px; padding: 0px; box-sizing: border-box;\" align=\"start\">\n<\/div>\n<\/div>\n","protected":false},"excerpt":{"rendered":"<p>Sans fil Bluetooth gode G Spot vibrateur pour femmes APP t\u00e9l\u00e9commande usure vibrant oeuf femelle culotte jouets sexuels marchandises pour adultes 18<\/p>\n<p>Remarque: veuillez ne pas allumer lors de la charge, pour des raisons de s\u00e9curit\u00e9, le service ne peut pas \u00eatre allum\u00e9 lors de la charge.<\/p>\n<p>Pas de mode de contr\u00f4le d&#8217;application:<\/p>\n","protected":false},"featured_media":6431,"comment_status":"open","ping_status":"closed","template":"","meta":{"_joinchat":[]},"etheme_brands":[],"product_cat":[46,69,62],"product_tag":[],"yoast_head":"<!-- This site is optimized with the Yoast SEO Premium plugin v19.3 (Yoast SEO v21.5) - https:\/\/yoast.com\/wordpress\/plugins\/seo\/ -->\n<title>- Achetez et Commandez Discr\u00e8tement vos Vibromasseur Vaginal \u00e0 Distance Jouet Sexuel au Cameroun -<\/title>\n<meta name=\"description\" content=\"Commandez vos meilleurs Vibromasseur Vaginal \u00e0 Distance Jouet Sexuel \u00e0 bons prix partout au Cameroun et faites vous livrer discr\u00e8tement, sur H\u00e9donia, le meilleur site de vente en ligne de sextoys au Cameroun. - Whatsapp: +237 672588687\" \/>\n<meta name=\"robots\" content=\"index, follow, max-snippet:-1, max-image-preview:large, max-video-preview:-1\" \/>\n<link rel=\"canonical\" href=\"https:\/\/sexshop.cm\/produit\/vibromasseur-vaginal-a-distance-jouet-sexuel\/\" \/>\n<meta property=\"og:locale\" content=\"en_US\" \/>\n<meta property=\"og:type\" content=\"article\" \/>\n<meta property=\"og:title\" content=\"Vibromasseur Vaginal \u00e0 Distance Jouet Sexuel\" \/>\n<meta property=\"og:description\" content=\"Vibromasseur Vaginal \u00e0 Distance Jouet Sexuel - H\u00e9donia\" \/>\n<meta property=\"og:url\" content=\"https:\/\/sexshop.cm\/produit\/vibromasseur-vaginal-a-distance-jouet-sexuel\/\" \/>\n<meta property=\"og:site_name\" content=\"H\u00e9donia\" \/>\n<meta property=\"article:modified_time\" content=\"2023-11-04T13:15:18+00:00\" \/>\n<meta property=\"og:image\" content=\"http:\/\/sexshop.cm\/wp-content\/uploads\/2022\/10\/Vibromasseur-Vaginal-Distance-Jouet-Sexuel-Joujou-de-Masturbation-pour-Clitoris-Boule-du-Vagin-Accessoire-Exotique-18.jpg\" \/>\n\t<meta property=\"og:image:width\" content=\"800\" \/>\n\t<meta property=\"og:image:height\" content=\"800\" \/>\n\t<meta property=\"og:image:type\" content=\"image\/jpeg\" \/>\n<meta name=\"twitter:card\" content=\"summary_large_image\" \/>\n<meta name=\"twitter:label1\" content=\"Price\" \/>\n\t<meta name=\"twitter:data1\" content=\"28000&nbsp;CFA\" \/>\n\t<meta name=\"twitter:label2\" content=\"Availability\" \/>\n\t<meta name=\"twitter:data2\" content=\"In stock\" \/>\n<script type=\"application\/ld+json\" class=\"yoast-schema-graph\">{\"@context\":\"https:\/\/schema.org\",\"@graph\":[{\"@type\":\"WebPage\",\"@id\":\"https:\/\/sexshop.cm\/produit\/vibromasseur-vaginal-a-distance-jouet-sexuel\/\",\"url\":\"https:\/\/sexshop.cm\/produit\/vibromasseur-vaginal-a-distance-jouet-sexuel\/\",\"name\":\"- Achetez et Commandez Discr\u00e8tement vos Vibromasseur Vaginal \u00e0 Distance Jouet Sexuel au Cameroun -\",\"isPartOf\":{\"@id\":\"https:\/\/sexshop.cm\/#website\"},\"datePublished\":\"2022-10-04T08:21:51+00:00\",\"dateModified\":\"2023-11-04T13:15:18+00:00\",\"description\":\"Commandez vos meilleurs Vibromasseur Vaginal \u00e0 Distance Jouet Sexuel \u00e0 bons prix partout au Cameroun et faites vous livrer discr\u00e8tement, sur H\u00e9donia, le meilleur site de vente en ligne de sextoys au Cameroun. - Whatsapp: +237 672588687\",\"breadcrumb\":{\"@id\":\"https:\/\/sexshop.cm\/produit\/vibromasseur-vaginal-a-distance-jouet-sexuel\/#breadcrumb\"},\"inLanguage\":\"en-US\",\"potentialAction\":[{\"@type\":\"ReadAction\",\"target\":[\"https:\/\/sexshop.cm\/produit\/vibromasseur-vaginal-a-distance-jouet-sexuel\/\"]}]},{\"@type\":\"BreadcrumbList\",\"@id\":\"https:\/\/sexshop.cm\/produit\/vibromasseur-vaginal-a-distance-jouet-sexuel\/#breadcrumb\",\"itemListElement\":[{\"@type\":\"ListItem\",\"position\":1,\"name\":\"Accueil\",\"item\":\"https:\/\/sexshop.cm\/en\/online-sexshop-in-cameroon\/\"},{\"@type\":\"ListItem\",\"position\":2,\"name\":\"Shop\",\"item\":\"https:\/\/sexshop.cm\/shop\/\"},{\"@type\":\"ListItem\",\"position\":3,\"name\":\"Vibromasseur Vaginal \u00e0 Distance Jouet Sexuel\"}]},{\"@type\":\"WebSite\",\"@id\":\"https:\/\/sexshop.cm\/#website\",\"url\":\"https:\/\/sexshop.cm\/\",\"name\":\"H\u00e9donia\",\"description\":\"SexShop en ligne - Boutique de sextoys et objets coquins en ligne au Cameroun\",\"publisher\":{\"@id\":\"https:\/\/sexshop.cm\/#organization\"},\"potentialAction\":[{\"@type\":\"SearchAction\",\"target\":{\"@type\":\"EntryPoint\",\"urlTemplate\":\"https:\/\/sexshop.cm\/?s={search_term_string}\"},\"query-input\":\"required name=search_term_string\"}],\"inLanguage\":\"en-US\"},{\"@type\":\"Organization\",\"@id\":\"https:\/\/sexshop.cm\/#organization\",\"name\":\"H\u00e9donia\",\"alternateName\":\"Boutique de Sextoys en ligne au Cameroun\",\"url\":\"https:\/\/sexshop.cm\/\",\"logo\":{\"@type\":\"ImageObject\",\"inLanguage\":\"en-US\",\"@id\":\"https:\/\/sexshop.cm\/#\/schema\/logo\/image\/\",\"url\":\"https:\/\/sexshop.cm\/wp-content\/uploads\/2022\/10\/logo-680-hedonia.png.200x100_q85_background-f8f9fa.png\",\"contentUrl\":\"https:\/\/sexshop.cm\/wp-content\/uploads\/2022\/10\/logo-680-hedonia.png.200x100_q85_background-f8f9fa.png\",\"width\":2222,\"height\":534,\"caption\":\"H\u00e9donia\"},\"image\":{\"@id\":\"https:\/\/sexshop.cm\/#\/schema\/logo\/image\/\"}}]}<\/script>\n<meta property=\"product:price:amount\" content=\"28000\" \/>\n<meta property=\"product:price:currency\" content=\"XAF\" \/>\n<meta property=\"og:availability\" content=\"instock\" \/>\n<meta property=\"product:availability\" content=\"instock\" \/>\n<meta property=\"product:retailer_item_id\" content=\"1005003885105881\" \/>\n<meta property=\"product:condition\" content=\"new\" \/>\n<!-- \/ Yoast SEO Premium plugin. -->","yoast_head_json":{"title":"- Achetez et Commandez Discr\u00e8tement vos Vibromasseur Vaginal \u00e0 Distance Jouet Sexuel au Cameroun -","description":"Commandez vos meilleurs Vibromasseur Vaginal \u00e0 Distance Jouet Sexuel \u00e0 bons prix partout au Cameroun et faites vous livrer discr\u00e8tement, sur H\u00e9donia, le meilleur site de vente en ligne de sextoys au Cameroun. - Whatsapp: +237 672588687","robots":{"index":"index","follow":"follow","max-snippet":"max-snippet:-1","max-image-preview":"max-image-preview:large","max-video-preview":"max-video-preview:-1"},"canonical":"https:\/\/sexshop.cm\/produit\/vibromasseur-vaginal-a-distance-jouet-sexuel\/","og_locale":"en_US","og_type":"article","og_title":"Vibromasseur Vaginal \u00e0 Distance Jouet Sexuel","og_description":"Vibromasseur Vaginal \u00e0 Distance Jouet Sexuel - H\u00e9donia","og_url":"https:\/\/sexshop.cm\/produit\/vibromasseur-vaginal-a-distance-jouet-sexuel\/","og_site_name":"H\u00e9donia","article_modified_time":"2023-11-04T13:15:18+00:00","og_image":[{"width":800,"height":800,"url":"http:\/\/sexshop.cm\/wp-content\/uploads\/2022\/10\/Vibromasseur-Vaginal-Distance-Jouet-Sexuel-Joujou-de-Masturbation-pour-Clitoris-Boule-du-Vagin-Accessoire-Exotique-18.jpg","type":"image\/jpeg"}],"twitter_card":"summary_large_image","twitter_misc":{"Price":"28000&nbsp;CFA","Availability":"In stock"},"schema":{"@context":"https:\/\/schema.org","@graph":[{"@type":"WebPage","@id":"https:\/\/sexshop.cm\/produit\/vibromasseur-vaginal-a-distance-jouet-sexuel\/","url":"https:\/\/sexshop.cm\/produit\/vibromasseur-vaginal-a-distance-jouet-sexuel\/","name":"- Achetez et Commandez Discr\u00e8tement vos Vibromasseur Vaginal \u00e0 Distance Jouet Sexuel au Cameroun -","isPartOf":{"@id":"https:\/\/sexshop.cm\/#website"},"datePublished":"2022-10-04T08:21:51+00:00","dateModified":"2023-11-04T13:15:18+00:00","description":"Commandez vos meilleurs Vibromasseur Vaginal \u00e0 Distance Jouet Sexuel \u00e0 bons prix partout au Cameroun et faites vous livrer discr\u00e8tement, sur H\u00e9donia, le meilleur site de vente en ligne de sextoys au Cameroun. - Whatsapp: +237 672588687","breadcrumb":{"@id":"https:\/\/sexshop.cm\/produit\/vibromasseur-vaginal-a-distance-jouet-sexuel\/#breadcrumb"},"inLanguage":"en-US","potentialAction":[{"@type":"ReadAction","target":["https:\/\/sexshop.cm\/produit\/vibromasseur-vaginal-a-distance-jouet-sexuel\/"]}]},{"@type":"BreadcrumbList","@id":"https:\/\/sexshop.cm\/produit\/vibromasseur-vaginal-a-distance-jouet-sexuel\/#breadcrumb","itemListElement":[{"@type":"ListItem","position":1,"name":"Accueil","item":"https:\/\/sexshop.cm\/en\/online-sexshop-in-cameroon\/"},{"@type":"ListItem","position":2,"name":"Shop","item":"https:\/\/sexshop.cm\/shop\/"},{"@type":"ListItem","position":3,"name":"Vibromasseur Vaginal \u00e0 Distance Jouet Sexuel"}]},{"@type":"WebSite","@id":"https:\/\/sexshop.cm\/#website","url":"https:\/\/sexshop.cm\/","name":"H\u00e9donia","description":"SexShop en ligne - Boutique de sextoys et objets coquins en ligne au Cameroun","publisher":{"@id":"https:\/\/sexshop.cm\/#organization"},"potentialAction":[{"@type":"SearchAction","target":{"@type":"EntryPoint","urlTemplate":"https:\/\/sexshop.cm\/?s={search_term_string}"},"query-input":"required name=search_term_string"}],"inLanguage":"en-US"},{"@type":"Organization","@id":"https:\/\/sexshop.cm\/#organization","name":"H\u00e9donia","alternateName":"Boutique de Sextoys en ligne au Cameroun","url":"https:\/\/sexshop.cm\/","logo":{"@type":"ImageObject","inLanguage":"en-US","@id":"https:\/\/sexshop.cm\/#\/schema\/logo\/image\/","url":"https:\/\/sexshop.cm\/wp-content\/uploads\/2022\/10\/logo-680-hedonia.png.200x100_q85_background-f8f9fa.png","contentUrl":"https:\/\/sexshop.cm\/wp-content\/uploads\/2022\/10\/logo-680-hedonia.png.200x100_q85_background-f8f9fa.png","width":2222,"height":534,"caption":"H\u00e9donia"},"image":{"@id":"https:\/\/sexshop.cm\/#\/schema\/logo\/image\/"}}]},"product_price_amount":"28000","product_price_currency":"XAF","og_availability":"instock","product_availability":"instock","product_retailer_item_id":"1005003885105881","product_condition":"new"},"_links":{"self":[{"href":"https:\/\/sexshop.cm\/en\/wp-json\/wp\/v2\/product\/6430"}],"collection":[{"href":"https:\/\/sexshop.cm\/en\/wp-json\/wp\/v2\/product"}],"about":[{"href":"https:\/\/sexshop.cm\/en\/wp-json\/wp\/v2\/types\/product"}],"replies":[{"embeddable":true,"href":"https:\/\/sexshop.cm\/en\/wp-json\/wp\/v2\/comments?post=6430"}],"wp:featuredmedia":[{"embeddable":true,"href":"https:\/\/sexshop.cm\/en\/wp-json\/wp\/v2\/media\/6431"}],"wp:attachment":[{"href":"https:\/\/sexshop.cm\/en\/wp-json\/wp\/v2\/media?parent=6430"}],"wp:term":[{"taxonomy":"brand","embeddable":true,"href":"https:\/\/sexshop.cm\/en\/wp-json\/wp\/v2\/etheme_brands?post=6430"},{"taxonomy":"product_cat","embeddable":true,"href":"https:\/\/sexshop.cm\/en\/wp-json\/wp\/v2\/product_cat?post=6430"},{"taxonomy":"product_tag","embeddable":true,"href":"https:\/\/sexshop.cm\/en\/wp-json\/wp\/v2\/product_tag?post=6430"}],"curies":[{"name":"wp","href":"https:\/\/api.w.org\/{rel}","templated":true}]}}