{"id":6442,"date":"2022-10-04T09:21:56","date_gmt":"2022-10-04T08:21:56","guid":{"rendered":"https:\/\/sexshop.cm\/produit\/mini-vibrateurs-gode-masturbateur-pour-femmes\/"},"modified":"2023-08-27T12:40:56","modified_gmt":"2023-08-27T11:40:56","slug":"mini-vibrateurs-gode-masturbateur-pour-femmes","status":"publish","type":"product","link":"https:\/\/sexshop.cm\/en\/produit\/mini-vibrateurs-gode-masturbateur-pour-femmes\/","title":{"rendered":"Mini vibrateurs gode masturbateur pour femmes"},"content":{"rendered":"<div class=\"detailmodule_html\">\n<div class=\"detail-desc-decorate-richtext\">\n<div class=\"detailmodule_html\">\n<div class=\"detail-desc-decorate-richtext\">\n<div style=\"margin: 10px auto 0px auto; display: inline-block; max-width: 100%;\"><span style=\"color: #000000; font-family: 'Open Sans', Roboto, Arial, Helvetica, sans-serif, SimSun; font-size: 14px;\">Mini vibrateurs gode masturbateur pour femmes G Spot vagin Clitoris stimulateur Anal produits \u00e9rotiques produits jouets sexuels pour adultes 18 +<\/span><\/div>\n<div>\n<div>\n<div>\n<div>\n<div class=\"detailmodule_text\" style=\"font-family: 'Open Sans', Roboto, Arial, Helvetica, sans-serif, SimSun; font-size: 14px; font-weight: 400; letter-spacing: normal; text-align: start; white-space: normal; color: #000000; background-color: #ffffff; margin: 0px; padding: 0px; box-sizing: content-box;\" align=\"start\">\n<p>Description:<\/p>\n<p>Nom: vibreur AV<br \/>\nCouleur: violet, Rose<br \/>\nMat\u00e9riau: ABS<br \/>\nTaille: comme indiqu\u00e9<br \/>\nPoids petit: environ 40g<br \/>\nPuissance petite: 1 pile AA (non incluse)<br \/>\nFonction: Vibration \u00e0 plusieurs vitesses, puissant, \u00e9tanche, flirtant, Masturbation<\/p>\n<p class=\"detail-desc-decorate-content\" style=\"font-family: OpenSans; font-size: 14px; font-weight: 300; line-height: 20px; white-space: pre-wrap; color: #000000; margin: 0px 0px 12px 0px; padding: 0px; box-sizing: border-box;\"><img decoding=\"async\" src=\"https:\/\/ae01.alicdn.com\/kf\/S9e1b85664d204770bd1b9b33a6881ba2K.jpg\" width=\"944\" height=\"944\" \/><img decoding=\"async\" src=\"https:\/\/ae01.alicdn.com\/kf\/S20909c610ef04cfea8b96367a7d8e979P.jpg\" width=\"944\" height=\"944\" \/><img decoding=\"async\" src=\"https:\/\/ae01.alicdn.com\/kf\/Sa4b18302dbac4337a646ad695a8fca773.jpg\" width=\"944\" height=\"944\" \/><img decoding=\"async\" src=\"https:\/\/ae01.alicdn.com\/kf\/Sdf7382f1e8d145feaa9b09926258b4d3n.jpg\" \/><img decoding=\"async\" src=\"https:\/\/ae01.alicdn.com\/kf\/S88f425a16ffc49c1ba17db7bfaf27771U.jpg\" width=\"944\" height=\"944\" \/><img decoding=\"async\" src=\"https:\/\/ae01.alicdn.com\/kf\/S7557b776ea7c4affba7c11fdde8d467dt.jpg\" width=\"944\" height=\"944\" \/><\/p>\n<\/div>\n<\/div>\n<\/div>\n<\/div>\n<\/div>\n<\/div>\n<\/div>\n<\/div>\n<\/div>\n<div id=\"gtx-trans\" style=\"position: absolute; left: -26px; top: -4.37784px;\">\n<div class=\"gtx-trans-icon\"><\/div>\n<\/div>\n","protected":false},"excerpt":{"rendered":"<div style=\"margin: 10px auto 0px auto; display: inline-block; max-width: 100%;\"><span style=\"color: #000000; font-family: 'Open Sans', Roboto, Arial, Helvetica, sans-serif, SimSun; font-size: 14px;\">Mini vibrateurs gode masturbateur pour femmes G Spot vagin Clitoris stimulateur Anal produits \u00e9rotiques produits jouets sexuels pour adultes 18 +<\/span><\/div>\n<div>\n<div>\n<div>\n<div>\n<div class=\"detailmodule_text\" style=\"font-family: 'Open Sans', Roboto, Arial, Helvetica, sans-serif, SimSun; font-size: 14px; font-weight: 400; letter-spacing: normal; text-align: start; white-space: normal; color: #000000; background-color: #ffffff; margin: 0px; padding: 0px; box-sizing: content-box;\" align=\"start\">\n<p>Description:<\/p>\n<p>Nom: vibreur AV<br \/>\nCouleur: violet, Rose<br \/>\nMat\u00e9riau: ABS<\/p>\n<\/div>\n<\/div>\n<\/div>\n<\/div>\n<\/div>\n","protected":false},"featured_media":6444,"comment_status":"open","ping_status":"closed","template":"","meta":{"_joinchat":[]},"etheme_brands":[],"product_cat":[67,63,46],"product_tag":[],"yoast_head":"<!-- This site is optimized with the Yoast SEO Premium plugin v19.3 (Yoast SEO v21.5) - https:\/\/yoast.com\/wordpress\/plugins\/seo\/ -->\n<title>- Achetez et Commandez Discr\u00e8tement vos Mini vibrateurs gode masturbateur pour femmes au Cameroun -<\/title>\n<meta name=\"description\" content=\"Commandez vos meilleurs Mini vibrateurs gode masturbateur pour femmes \u00e0 bons prix partout au Cameroun et faites vous livrer discr\u00e8tement, sur H\u00e9donia, le meilleur site de vente en ligne de sextoys au Cameroun. - Whatsapp: +237 672588687\" \/>\n<meta name=\"robots\" content=\"index, follow, max-snippet:-1, max-image-preview:large, max-video-preview:-1\" \/>\n<link rel=\"canonical\" href=\"https:\/\/sexshop.cm\/produit\/mini-vibrateurs-gode-masturbateur-pour-femmes\/\" \/>\n<meta property=\"og:locale\" content=\"en_US\" \/>\n<meta property=\"og:type\" content=\"article\" \/>\n<meta property=\"og:title\" content=\"Mini vibrateurs gode masturbateur pour femmes\" \/>\n<meta property=\"og:description\" content=\"Mini vibrateurs gode masturbateur pour femmes - H\u00e9donia\" \/>\n<meta property=\"og:url\" content=\"https:\/\/sexshop.cm\/produit\/mini-vibrateurs-gode-masturbateur-pour-femmes\/\" \/>\n<meta property=\"og:site_name\" content=\"H\u00e9donia\" \/>\n<meta property=\"article:modified_time\" content=\"2023-08-27T11:40:56+00:00\" \/>\n<meta property=\"og:image\" content=\"http:\/\/sexshop.cm\/wp-content\/uploads\/2022\/10\/Mini-vibrateurs-gode-masturbateur-pour-femmes-G-Spot-vagin-Clitoris-stimulateur-Anal-produits-rotiques-produits-jouets.jpg\" \/>\n\t<meta property=\"og:image:width\" content=\"800\" \/>\n\t<meta property=\"og:image:height\" content=\"800\" \/>\n\t<meta property=\"og:image:type\" content=\"image\/jpeg\" \/>\n<meta name=\"twitter:card\" content=\"summary_large_image\" \/>\n<meta name=\"twitter:label1\" content=\"Price\" \/>\n\t<meta name=\"twitter:data1\" content=\"18000&nbsp;CFA\" \/>\n\t<meta name=\"twitter:label2\" content=\"Availability\" \/>\n\t<meta name=\"twitter:data2\" content=\"In stock\" \/>\n<script type=\"application\/ld+json\" class=\"yoast-schema-graph\">{\"@context\":\"https:\/\/schema.org\",\"@graph\":[{\"@type\":\"WebPage\",\"@id\":\"https:\/\/sexshop.cm\/produit\/mini-vibrateurs-gode-masturbateur-pour-femmes\/\",\"url\":\"https:\/\/sexshop.cm\/produit\/mini-vibrateurs-gode-masturbateur-pour-femmes\/\",\"name\":\"- Achetez et Commandez Discr\u00e8tement vos Mini vibrateurs gode masturbateur pour femmes au Cameroun -\",\"isPartOf\":{\"@id\":\"https:\/\/sexshop.cm\/#website\"},\"datePublished\":\"2022-10-04T08:21:56+00:00\",\"dateModified\":\"2023-08-27T11:40:56+00:00\",\"description\":\"Commandez vos meilleurs Mini vibrateurs gode masturbateur pour femmes \u00e0 bons prix partout au Cameroun et faites vous livrer discr\u00e8tement, sur H\u00e9donia, le meilleur site de vente en ligne de sextoys au Cameroun. - Whatsapp: +237 672588687\",\"breadcrumb\":{\"@id\":\"https:\/\/sexshop.cm\/produit\/mini-vibrateurs-gode-masturbateur-pour-femmes\/#breadcrumb\"},\"inLanguage\":\"en-US\",\"potentialAction\":[{\"@type\":\"ReadAction\",\"target\":[\"https:\/\/sexshop.cm\/produit\/mini-vibrateurs-gode-masturbateur-pour-femmes\/\"]}]},{\"@type\":\"BreadcrumbList\",\"@id\":\"https:\/\/sexshop.cm\/produit\/mini-vibrateurs-gode-masturbateur-pour-femmes\/#breadcrumb\",\"itemListElement\":[{\"@type\":\"ListItem\",\"position\":1,\"name\":\"Accueil\",\"item\":\"https:\/\/sexshop.cm\/en\/online-sexshop-in-cameroon\/\"},{\"@type\":\"ListItem\",\"position\":2,\"name\":\"Shop\",\"item\":\"https:\/\/sexshop.cm\/shop\/\"},{\"@type\":\"ListItem\",\"position\":3,\"name\":\"Mini vibrateurs gode masturbateur pour femmes\"}]},{\"@type\":\"WebSite\",\"@id\":\"https:\/\/sexshop.cm\/#website\",\"url\":\"https:\/\/sexshop.cm\/\",\"name\":\"H\u00e9donia\",\"description\":\"SexShop en ligne - Boutique de sextoys et objets coquins en ligne au Cameroun\",\"publisher\":{\"@id\":\"https:\/\/sexshop.cm\/#organization\"},\"potentialAction\":[{\"@type\":\"SearchAction\",\"target\":{\"@type\":\"EntryPoint\",\"urlTemplate\":\"https:\/\/sexshop.cm\/?s={search_term_string}\"},\"query-input\":\"required name=search_term_string\"}],\"inLanguage\":\"en-US\"},{\"@type\":\"Organization\",\"@id\":\"https:\/\/sexshop.cm\/#organization\",\"name\":\"H\u00e9donia\",\"alternateName\":\"Boutique de Sextoys en ligne au Cameroun\",\"url\":\"https:\/\/sexshop.cm\/\",\"logo\":{\"@type\":\"ImageObject\",\"inLanguage\":\"en-US\",\"@id\":\"https:\/\/sexshop.cm\/#\/schema\/logo\/image\/\",\"url\":\"https:\/\/sexshop.cm\/wp-content\/uploads\/2022\/10\/logo-680-hedonia.png.200x100_q85_background-f8f9fa.png\",\"contentUrl\":\"https:\/\/sexshop.cm\/wp-content\/uploads\/2022\/10\/logo-680-hedonia.png.200x100_q85_background-f8f9fa.png\",\"width\":2222,\"height\":534,\"caption\":\"H\u00e9donia\"},\"image\":{\"@id\":\"https:\/\/sexshop.cm\/#\/schema\/logo\/image\/\"}}]}<\/script>\n<meta property=\"product:price:amount\" content=\"18000\" \/>\n<meta property=\"product:price:currency\" content=\"XAF\" \/>\n<meta property=\"og:availability\" content=\"instock\" \/>\n<meta property=\"product:availability\" content=\"instock\" \/>\n<meta property=\"product:retailer_item_id\" content=\"1005004230969315\" \/>\n<meta property=\"product:condition\" content=\"new\" \/>\n<!-- \/ Yoast SEO Premium plugin. -->","yoast_head_json":{"title":"- Achetez et Commandez Discr\u00e8tement vos Mini vibrateurs gode masturbateur pour femmes au Cameroun -","description":"Commandez vos meilleurs Mini vibrateurs gode masturbateur pour femmes \u00e0 bons prix partout au Cameroun et faites vous livrer discr\u00e8tement, sur H\u00e9donia, le meilleur site de vente en ligne de sextoys au Cameroun. - Whatsapp: +237 672588687","robots":{"index":"index","follow":"follow","max-snippet":"max-snippet:-1","max-image-preview":"max-image-preview:large","max-video-preview":"max-video-preview:-1"},"canonical":"https:\/\/sexshop.cm\/produit\/mini-vibrateurs-gode-masturbateur-pour-femmes\/","og_locale":"en_US","og_type":"article","og_title":"Mini vibrateurs gode masturbateur pour femmes","og_description":"Mini vibrateurs gode masturbateur pour femmes - H\u00e9donia","og_url":"https:\/\/sexshop.cm\/produit\/mini-vibrateurs-gode-masturbateur-pour-femmes\/","og_site_name":"H\u00e9donia","article_modified_time":"2023-08-27T11:40:56+00:00","og_image":[{"width":800,"height":800,"url":"http:\/\/sexshop.cm\/wp-content\/uploads\/2022\/10\/Mini-vibrateurs-gode-masturbateur-pour-femmes-G-Spot-vagin-Clitoris-stimulateur-Anal-produits-rotiques-produits-jouets.jpg","type":"image\/jpeg"}],"twitter_card":"summary_large_image","twitter_misc":{"Price":"18000&nbsp;CFA","Availability":"In stock"},"schema":{"@context":"https:\/\/schema.org","@graph":[{"@type":"WebPage","@id":"https:\/\/sexshop.cm\/produit\/mini-vibrateurs-gode-masturbateur-pour-femmes\/","url":"https:\/\/sexshop.cm\/produit\/mini-vibrateurs-gode-masturbateur-pour-femmes\/","name":"- Achetez et Commandez Discr\u00e8tement vos Mini vibrateurs gode masturbateur pour femmes au Cameroun -","isPartOf":{"@id":"https:\/\/sexshop.cm\/#website"},"datePublished":"2022-10-04T08:21:56+00:00","dateModified":"2023-08-27T11:40:56+00:00","description":"Commandez vos meilleurs Mini vibrateurs gode masturbateur pour femmes \u00e0 bons prix partout au Cameroun et faites vous livrer discr\u00e8tement, sur H\u00e9donia, le meilleur site de vente en ligne de sextoys au Cameroun. - Whatsapp: +237 672588687","breadcrumb":{"@id":"https:\/\/sexshop.cm\/produit\/mini-vibrateurs-gode-masturbateur-pour-femmes\/#breadcrumb"},"inLanguage":"en-US","potentialAction":[{"@type":"ReadAction","target":["https:\/\/sexshop.cm\/produit\/mini-vibrateurs-gode-masturbateur-pour-femmes\/"]}]},{"@type":"BreadcrumbList","@id":"https:\/\/sexshop.cm\/produit\/mini-vibrateurs-gode-masturbateur-pour-femmes\/#breadcrumb","itemListElement":[{"@type":"ListItem","position":1,"name":"Accueil","item":"https:\/\/sexshop.cm\/en\/online-sexshop-in-cameroon\/"},{"@type":"ListItem","position":2,"name":"Shop","item":"https:\/\/sexshop.cm\/shop\/"},{"@type":"ListItem","position":3,"name":"Mini vibrateurs gode masturbateur pour femmes"}]},{"@type":"WebSite","@id":"https:\/\/sexshop.cm\/#website","url":"https:\/\/sexshop.cm\/","name":"H\u00e9donia","description":"SexShop en ligne - Boutique de sextoys et objets coquins en ligne au Cameroun","publisher":{"@id":"https:\/\/sexshop.cm\/#organization"},"potentialAction":[{"@type":"SearchAction","target":{"@type":"EntryPoint","urlTemplate":"https:\/\/sexshop.cm\/?s={search_term_string}"},"query-input":"required name=search_term_string"}],"inLanguage":"en-US"},{"@type":"Organization","@id":"https:\/\/sexshop.cm\/#organization","name":"H\u00e9donia","alternateName":"Boutique de Sextoys en ligne au Cameroun","url":"https:\/\/sexshop.cm\/","logo":{"@type":"ImageObject","inLanguage":"en-US","@id":"https:\/\/sexshop.cm\/#\/schema\/logo\/image\/","url":"https:\/\/sexshop.cm\/wp-content\/uploads\/2022\/10\/logo-680-hedonia.png.200x100_q85_background-f8f9fa.png","contentUrl":"https:\/\/sexshop.cm\/wp-content\/uploads\/2022\/10\/logo-680-hedonia.png.200x100_q85_background-f8f9fa.png","width":2222,"height":534,"caption":"H\u00e9donia"},"image":{"@id":"https:\/\/sexshop.cm\/#\/schema\/logo\/image\/"}}]},"product_price_amount":"18000","product_price_currency":"XAF","og_availability":"instock","product_availability":"instock","product_retailer_item_id":"1005004230969315","product_condition":"new"},"_links":{"self":[{"href":"https:\/\/sexshop.cm\/en\/wp-json\/wp\/v2\/product\/6442"}],"collection":[{"href":"https:\/\/sexshop.cm\/en\/wp-json\/wp\/v2\/product"}],"about":[{"href":"https:\/\/sexshop.cm\/en\/wp-json\/wp\/v2\/types\/product"}],"replies":[{"embeddable":true,"href":"https:\/\/sexshop.cm\/en\/wp-json\/wp\/v2\/comments?post=6442"}],"wp:featuredmedia":[{"embeddable":true,"href":"https:\/\/sexshop.cm\/en\/wp-json\/wp\/v2\/media\/6444"}],"wp:attachment":[{"href":"https:\/\/sexshop.cm\/en\/wp-json\/wp\/v2\/media?parent=6442"}],"wp:term":[{"taxonomy":"brand","embeddable":true,"href":"https:\/\/sexshop.cm\/en\/wp-json\/wp\/v2\/etheme_brands?post=6442"},{"taxonomy":"product_cat","embeddable":true,"href":"https:\/\/sexshop.cm\/en\/wp-json\/wp\/v2\/product_cat?post=6442"},{"taxonomy":"product_tag","embeddable":true,"href":"https:\/\/sexshop.cm\/en\/wp-json\/wp\/v2\/product_tag?post=6442"}],"curies":[{"name":"wp","href":"https:\/\/api.w.org\/{rel}","templated":true}]}}