{"id":6457,"date":"2022-10-04T09:21:59","date_gmt":"2022-10-04T08:21:59","guid":{"rendered":"https:\/\/sexshop.cm\/produit\/plug-anal-en-metal-pour-adultes-mini-plug-anal-sexy-couleur-gelee-pour-hommes-et-femmes-amusant-stimulateur-anal-jouets-erotiques-pour-fesses\/"},"modified":"2025-05-24T13:15:04","modified_gmt":"2025-05-24T12:15:04","slug":"plug-anal-en-metal-pour-adultes-mini-plug-anal-sexy-couleur-gelee-pour-hommes-et-femmes-amusant-stimulateur-anal-jouets-erotiques-pour-fesses","status":"publish","type":"product","link":"https:\/\/sexshop.cm\/en\/produit\/plug-anal-en-metal-pour-adultes-mini-plug-anal-sexy-couleur-gelee-pour-hommes-et-femmes-amusant-stimulateur-anal-jouets-erotiques-pour-fesses\/","title":{"rendered":"Plug Anal en m\u00e9tal pour adultes, Mini Plug Anal, Sexy, couleur gel\u00e9e, pour hommes et femmes, amusant, stimulateur Anal, jouets \u00e9rotiques pour fesses"},"content":{"rendered":"<div class=\"detailmodule_html\">\n<div class=\"detail-desc-decorate-richtext\">\n<div class=\"detailmodule_text\"><\/div>\n<div class=\"detailmodule_text\">\n<p>Plug Anal Mini Sexy gel\u00e9e couleur m\u00e9tal bout \u00e0 bout Plug hommes et femmes plaisir flirtant masturbbatoion Anal stimulateur adulte \u00e9rotique fesses jouets<\/p>\n<p>1: la surface est lisse et d\u00e9licate, qui peut \u00eatre nettoy\u00e9e et d\u00e9sinfect\u00e9e \u00e0 haute temp\u00e9rature sans causer de dommages au corps.<\/p>\n<p>2: le mat\u00e9riau m\u00e9tallique froid et le sens de la gravit\u00e9 renforcent les nerfs sensibles de l&#8217;anus, ce qui est tr\u00e8s cool et facile \u00e0 atteindre l&#8217;orgasme.<\/p>\n<p>3: un jouet \u00e9l\u00e9gant mais sensuel con\u00e7u pour procurer un plaisir anal pur.<\/p>\n<p>4: pointe ronde\/conique, facile \u00e0 entrer dans l&#8217;anus, adapt\u00e9 aux joueurs d\u00e9butants, interm\u00e9diaires et avanc\u00e9s, une vari\u00e9t\u00e9 d&#8217;options.<\/p>\n<p>5: vous pouvez le porter secr\u00e8tement toute la journ\u00e9e, profiter de l&#8217;approfondissement et de l&#8217;expansion, vous pouvez facilement nettoyer, essuyer et \u00e9conomiser.<\/p>\n<p>Mat\u00e9riel: alliage d&#8217;aluminium (m\u00e9tal d&#8217;acier inoxydable)<\/p>\n<p>Couleur: violet\/bleu\/rose\/blanc\/noir\/rouge\/violet clair\/bleu clair\/violet fonc\u00e9\/bleu fonc\u00e9\/dor\u00e9\/jaune<\/p>\n<p>Produit Taille:<\/p>\n<p>S: longueur 70mm\/diam\u00e8tre: 28mm<\/p>\n<p>Vie priv\u00e9e Garantie:<\/p>\n<p>Votre vie priv\u00e9e est tr\u00e8s importante pour nous. Notre emballage m\u00e9ticuleux vous permet de faire vos achats en toute confiance, et vous \u00eates le seul \u00e0 conna\u00eetre le contenu de l&#8217;emballage!<\/p>\n<p>Rappel: afin de garder propre et hygi\u00e9nique, il est recommand\u00e9 de nettoyer avant et apr\u00e8s utilisation.<\/p>\n<\/div>\n<div class=\"detailmodule_image\"><img decoding=\"async\" class=\"detail-desc-decorate-image\" src=\"https:\/\/ae01.alicdn.com\/kf\/S29d3908a93434206911273d383e5edf9V.jpg\" \/><img decoding=\"async\" class=\"detail-desc-decorate-image\" src=\"https:\/\/ae01.alicdn.com\/kf\/S799a95f2ffb64cee875a9cd8ec17d79aJ.jpg\" \/><img decoding=\"async\" class=\"detail-desc-decorate-image\" src=\"https:\/\/ae01.alicdn.com\/kf\/S195ace13ab1b4d49915fd52e0197db27I.jpg\" \/><img decoding=\"async\" class=\"detail-desc-decorate-image\" src=\"https:\/\/ae01.alicdn.com\/kf\/Sa895ca873b3f4ba6a1d1d3a4f1a8af1cj.jpg\" \/><img decoding=\"async\" class=\"detail-desc-decorate-image\" src=\"https:\/\/ae01.alicdn.com\/kf\/S26179b0499994cce94c884443be4c5dah.jpg\" \/><img decoding=\"async\" class=\"detail-desc-decorate-image\" src=\"https:\/\/ae01.alicdn.com\/kf\/S557ecbfb5c934bf18391de9ca1df200aq.jpg\" \/><img decoding=\"async\" class=\"detail-desc-decorate-image\" src=\"https:\/\/ae01.alicdn.com\/kf\/S13a0e8c5042446b3a12d680dfd68d03aH.jpg\" \/><img decoding=\"async\" class=\"detail-desc-decorate-image\" src=\"https:\/\/ae01.alicdn.com\/kf\/Sa68932e6610844f08acecd87bdeb870aH.jpg\" \/><\/div>\n<div class=\"detailmodule_image\"><img decoding=\"async\" class=\"detail-desc-decorate-image\" src=\"https:\/\/ae01.alicdn.com\/kf\/Se8c96fcb7ec74ca6be8537afcfe4fbc9f.jpg\" \/><\/div>\n<\/div>\n<\/div>\n","protected":false},"excerpt":{"rendered":"<p>Plug Anal Mini Sexy gel\u00e9e couleur m\u00e9tal bout \u00e0 bout Plug hommes et femmes plaisir flirtant masturbbatoion Anal stimulateur adulte \u00e9rotique fesses jouets 1: la surface est lisse et d\u00e9licate, qui peut \u00eatre nettoy\u00e9e et d\u00e9sinfect\u00e9e \u00e0 haute temp\u00e9rature sans causer de dommages au corps. 2: le mat\u00e9riau m\u00e9tallique froid et le sens de la gravit\u00e9 renforcent les nerfs sensibles de l&#8217;anus, ce qui est tr\u00e8s cool et facile \u00e0 atteindre l&#8217;orgasme. 3: un jouet \u00e9l\u00e9gant mais sensuel con\u00e7u pour procurer un plaisir anal pur. 4: pointe ronde\/conique, facile \u00e0 entrer dans l&#8217;anus, adapt\u00e9 aux joueurs d\u00e9butants, interm\u00e9diaires et avanc\u00e9s,<\/p>\n","protected":false},"featured_media":6459,"comment_status":"open","ping_status":"closed","template":"","meta":{"_joinchat":[]},"etheme_brands":[],"product_cat":[68,57,46],"product_tag":[],"yoast_head":"<!-- This site is optimized with the Yoast SEO Premium plugin v19.3 (Yoast SEO v21.5) - https:\/\/yoast.com\/wordpress\/plugins\/seo\/ -->\n<title>- Achetez et Commandez Discr\u00e8tement vos Plug Anal en m\u00e9tal pour adultes, Mini Plug Anal, Sexy, couleur gel\u00e9e, pour hommes et femmes, amusant, stimulateur Anal, jouets \u00e9rotiques pour fesses au Cameroun -<\/title>\n<meta name=\"description\" content=\"Commandez vos meilleurs Plug Anal en m\u00e9tal pour adultes, Mini Plug Anal, Sexy, couleur gel\u00e9e, pour hommes et femmes, amusant, stimulateur Anal, jouets \u00e9rotiques pour fesses \u00e0 bons prix partout au Cameroun et faites vous livrer discr\u00e8tement, sur H\u00e9donia, le meilleur site de vente en ligne de sextoys au Cameroun. - Whatsapp: +237 672588687\" \/>\n<meta name=\"robots\" content=\"index, follow, max-snippet:-1, max-image-preview:large, max-video-preview:-1\" \/>\n<link rel=\"canonical\" href=\"https:\/\/sexshop.cm\/produit\/plug-anal-en-metal-pour-adultes-mini-plug-anal-sexy-couleur-gelee-pour-hommes-et-femmes-amusant-stimulateur-anal-jouets-erotiques-pour-fesses\/\" \/>\n<meta property=\"og:locale\" content=\"en_US\" \/>\n<meta property=\"og:type\" content=\"article\" \/>\n<meta property=\"og:title\" content=\"Plug Anal en m\u00e9tal pour adultes, Mini Plug Anal, Sexy, couleur gel\u00e9e, pour hommes et femmes, amusant, stimulateur Anal, jouets \u00e9rotiques pour fesses\" \/>\n<meta property=\"og:description\" content=\"Plug Anal en m\u00e9tal pour adultes, Mini Plug Anal, Sexy, couleur gel\u00e9e, pour hommes et femmes, amusant, stimulateur Anal, jouets \u00e9rotiques pour fesses - H\u00e9donia\" \/>\n<meta property=\"og:url\" content=\"https:\/\/sexshop.cm\/produit\/plug-anal-en-metal-pour-adultes-mini-plug-anal-sexy-couleur-gelee-pour-hommes-et-femmes-amusant-stimulateur-anal-jouets-erotiques-pour-fesses\/\" \/>\n<meta property=\"og:site_name\" content=\"H\u00e9donia\" \/>\n<meta property=\"article:modified_time\" content=\"2025-05-24T12:15:04+00:00\" \/>\n<meta property=\"og:image\" content=\"http:\/\/sexshop.cm\/wp-content\/uploads\/2022\/10\/Plug-Anal-en-m-tal-pour-adultes-Mini-Plug-Anal-Sexy-couleur-gel-e-pour-hommes.jpg\" \/>\n\t<meta property=\"og:image:width\" content=\"1000\" \/>\n\t<meta property=\"og:image:height\" content=\"1000\" \/>\n\t<meta property=\"og:image:type\" content=\"image\/jpeg\" \/>\n<meta name=\"twitter:card\" content=\"summary_large_image\" \/>\n<meta name=\"twitter:label1\" content=\"Price\" \/>\n\t<meta name=\"twitter:data1\" content=\"10000&nbsp;CFA\" \/>\n\t<meta name=\"twitter:label2\" content=\"Availability\" \/>\n\t<meta name=\"twitter:data2\" content=\"In stock\" \/>\n<script type=\"application\/ld+json\" class=\"yoast-schema-graph\">{\"@context\":\"https:\/\/schema.org\",\"@graph\":[{\"@type\":\"WebPage\",\"@id\":\"https:\/\/sexshop.cm\/produit\/plug-anal-en-metal-pour-adultes-mini-plug-anal-sexy-couleur-gelee-pour-hommes-et-femmes-amusant-stimulateur-anal-jouets-erotiques-pour-fesses\/\",\"url\":\"https:\/\/sexshop.cm\/produit\/plug-anal-en-metal-pour-adultes-mini-plug-anal-sexy-couleur-gelee-pour-hommes-et-femmes-amusant-stimulateur-anal-jouets-erotiques-pour-fesses\/\",\"name\":\"- Achetez et Commandez Discr\u00e8tement vos Plug Anal en m\u00e9tal pour adultes, Mini Plug Anal, Sexy, couleur gel\u00e9e, pour hommes et femmes, amusant, stimulateur Anal, jouets \u00e9rotiques pour fesses au Cameroun -\",\"isPartOf\":{\"@id\":\"https:\/\/sexshop.cm\/#website\"},\"datePublished\":\"2022-10-04T08:21:59+00:00\",\"dateModified\":\"2025-05-24T12:15:04+00:00\",\"description\":\"Commandez vos meilleurs Plug Anal en m\u00e9tal pour adultes, Mini Plug Anal, Sexy, couleur gel\u00e9e, pour hommes et femmes, amusant, stimulateur Anal, jouets \u00e9rotiques pour fesses \u00e0 bons prix partout au Cameroun et faites vous livrer discr\u00e8tement, sur H\u00e9donia, le meilleur site de vente en ligne de sextoys au Cameroun. - Whatsapp: +237 672588687\",\"breadcrumb\":{\"@id\":\"https:\/\/sexshop.cm\/produit\/plug-anal-en-metal-pour-adultes-mini-plug-anal-sexy-couleur-gelee-pour-hommes-et-femmes-amusant-stimulateur-anal-jouets-erotiques-pour-fesses\/#breadcrumb\"},\"inLanguage\":\"en-US\",\"potentialAction\":[{\"@type\":\"ReadAction\",\"target\":[\"https:\/\/sexshop.cm\/produit\/plug-anal-en-metal-pour-adultes-mini-plug-anal-sexy-couleur-gelee-pour-hommes-et-femmes-amusant-stimulateur-anal-jouets-erotiques-pour-fesses\/\"]}]},{\"@type\":\"BreadcrumbList\",\"@id\":\"https:\/\/sexshop.cm\/produit\/plug-anal-en-metal-pour-adultes-mini-plug-anal-sexy-couleur-gelee-pour-hommes-et-femmes-amusant-stimulateur-anal-jouets-erotiques-pour-fesses\/#breadcrumb\",\"itemListElement\":[{\"@type\":\"ListItem\",\"position\":1,\"name\":\"Accueil\",\"item\":\"https:\/\/sexshop.cm\/en\/online-sexshop-in-cameroon\/\"},{\"@type\":\"ListItem\",\"position\":2,\"name\":\"Shop\",\"item\":\"https:\/\/sexshop.cm\/shop\/\"},{\"@type\":\"ListItem\",\"position\":3,\"name\":\"Plug Anal en m\u00e9tal pour adultes, Mini Plug Anal, Sexy, couleur gel\u00e9e, pour hommes et femmes, amusant, stimulateur Anal, jouets \u00e9rotiques pour fesses\"}]},{\"@type\":\"WebSite\",\"@id\":\"https:\/\/sexshop.cm\/#website\",\"url\":\"https:\/\/sexshop.cm\/\",\"name\":\"H\u00e9donia\",\"description\":\"SexShop en ligne - Boutique de sextoys et objets coquins en ligne au Cameroun\",\"publisher\":{\"@id\":\"https:\/\/sexshop.cm\/#organization\"},\"potentialAction\":[{\"@type\":\"SearchAction\",\"target\":{\"@type\":\"EntryPoint\",\"urlTemplate\":\"https:\/\/sexshop.cm\/?s={search_term_string}\"},\"query-input\":\"required name=search_term_string\"}],\"inLanguage\":\"en-US\"},{\"@type\":\"Organization\",\"@id\":\"https:\/\/sexshop.cm\/#organization\",\"name\":\"H\u00e9donia\",\"alternateName\":\"Boutique de Sextoys en ligne au Cameroun\",\"url\":\"https:\/\/sexshop.cm\/\",\"logo\":{\"@type\":\"ImageObject\",\"inLanguage\":\"en-US\",\"@id\":\"https:\/\/sexshop.cm\/#\/schema\/logo\/image\/\",\"url\":\"https:\/\/sexshop.cm\/wp-content\/uploads\/2022\/10\/logo-680-hedonia.png.200x100_q85_background-f8f9fa.png\",\"contentUrl\":\"https:\/\/sexshop.cm\/wp-content\/uploads\/2022\/10\/logo-680-hedonia.png.200x100_q85_background-f8f9fa.png\",\"width\":2222,\"height\":534,\"caption\":\"H\u00e9donia\"},\"image\":{\"@id\":\"https:\/\/sexshop.cm\/#\/schema\/logo\/image\/\"}}]}<\/script>\n<meta property=\"product:price:amount\" content=\"10000\" \/>\n<meta property=\"product:price:currency\" content=\"XAF\" \/>\n<meta property=\"og:availability\" content=\"instock\" \/>\n<meta property=\"product:availability\" content=\"instock\" \/>\n<meta property=\"product:retailer_item_id\" content=\"1005004651463520\" \/>\n<meta property=\"product:condition\" content=\"new\" \/>\n<!-- \/ Yoast SEO Premium plugin. -->","yoast_head_json":{"title":"- Achetez et Commandez Discr\u00e8tement vos Plug Anal en m\u00e9tal pour adultes, Mini Plug Anal, Sexy, couleur gel\u00e9e, pour hommes et femmes, amusant, stimulateur Anal, jouets \u00e9rotiques pour fesses au Cameroun -","description":"Commandez vos meilleurs Plug Anal en m\u00e9tal pour adultes, Mini Plug Anal, Sexy, couleur gel\u00e9e, pour hommes et femmes, amusant, stimulateur Anal, jouets \u00e9rotiques pour fesses \u00e0 bons prix partout au Cameroun et faites vous livrer discr\u00e8tement, sur H\u00e9donia, le meilleur site de vente en ligne de sextoys au Cameroun. - Whatsapp: +237 672588687","robots":{"index":"index","follow":"follow","max-snippet":"max-snippet:-1","max-image-preview":"max-image-preview:large","max-video-preview":"max-video-preview:-1"},"canonical":"https:\/\/sexshop.cm\/produit\/plug-anal-en-metal-pour-adultes-mini-plug-anal-sexy-couleur-gelee-pour-hommes-et-femmes-amusant-stimulateur-anal-jouets-erotiques-pour-fesses\/","og_locale":"en_US","og_type":"article","og_title":"Plug Anal en m\u00e9tal pour adultes, Mini Plug Anal, Sexy, couleur gel\u00e9e, pour hommes et femmes, amusant, stimulateur Anal, jouets \u00e9rotiques pour fesses","og_description":"Plug Anal en m\u00e9tal pour adultes, Mini Plug Anal, Sexy, couleur gel\u00e9e, pour hommes et femmes, amusant, stimulateur Anal, jouets \u00e9rotiques pour fesses - H\u00e9donia","og_url":"https:\/\/sexshop.cm\/produit\/plug-anal-en-metal-pour-adultes-mini-plug-anal-sexy-couleur-gelee-pour-hommes-et-femmes-amusant-stimulateur-anal-jouets-erotiques-pour-fesses\/","og_site_name":"H\u00e9donia","article_modified_time":"2025-05-24T12:15:04+00:00","og_image":[{"width":1000,"height":1000,"url":"http:\/\/sexshop.cm\/wp-content\/uploads\/2022\/10\/Plug-Anal-en-m-tal-pour-adultes-Mini-Plug-Anal-Sexy-couleur-gel-e-pour-hommes.jpg","type":"image\/jpeg"}],"twitter_card":"summary_large_image","twitter_misc":{"Price":"10000&nbsp;CFA","Availability":"In stock"},"schema":{"@context":"https:\/\/schema.org","@graph":[{"@type":"WebPage","@id":"https:\/\/sexshop.cm\/produit\/plug-anal-en-metal-pour-adultes-mini-plug-anal-sexy-couleur-gelee-pour-hommes-et-femmes-amusant-stimulateur-anal-jouets-erotiques-pour-fesses\/","url":"https:\/\/sexshop.cm\/produit\/plug-anal-en-metal-pour-adultes-mini-plug-anal-sexy-couleur-gelee-pour-hommes-et-femmes-amusant-stimulateur-anal-jouets-erotiques-pour-fesses\/","name":"- Achetez et Commandez Discr\u00e8tement vos Plug Anal en m\u00e9tal pour adultes, Mini Plug Anal, Sexy, couleur gel\u00e9e, pour hommes et femmes, amusant, stimulateur Anal, jouets \u00e9rotiques pour fesses au Cameroun -","isPartOf":{"@id":"https:\/\/sexshop.cm\/#website"},"datePublished":"2022-10-04T08:21:59+00:00","dateModified":"2025-05-24T12:15:04+00:00","description":"Commandez vos meilleurs Plug Anal en m\u00e9tal pour adultes, Mini Plug Anal, Sexy, couleur gel\u00e9e, pour hommes et femmes, amusant, stimulateur Anal, jouets \u00e9rotiques pour fesses \u00e0 bons prix partout au Cameroun et faites vous livrer discr\u00e8tement, sur H\u00e9donia, le meilleur site de vente en ligne de sextoys au Cameroun. - Whatsapp: +237 672588687","breadcrumb":{"@id":"https:\/\/sexshop.cm\/produit\/plug-anal-en-metal-pour-adultes-mini-plug-anal-sexy-couleur-gelee-pour-hommes-et-femmes-amusant-stimulateur-anal-jouets-erotiques-pour-fesses\/#breadcrumb"},"inLanguage":"en-US","potentialAction":[{"@type":"ReadAction","target":["https:\/\/sexshop.cm\/produit\/plug-anal-en-metal-pour-adultes-mini-plug-anal-sexy-couleur-gelee-pour-hommes-et-femmes-amusant-stimulateur-anal-jouets-erotiques-pour-fesses\/"]}]},{"@type":"BreadcrumbList","@id":"https:\/\/sexshop.cm\/produit\/plug-anal-en-metal-pour-adultes-mini-plug-anal-sexy-couleur-gelee-pour-hommes-et-femmes-amusant-stimulateur-anal-jouets-erotiques-pour-fesses\/#breadcrumb","itemListElement":[{"@type":"ListItem","position":1,"name":"Accueil","item":"https:\/\/sexshop.cm\/en\/online-sexshop-in-cameroon\/"},{"@type":"ListItem","position":2,"name":"Shop","item":"https:\/\/sexshop.cm\/shop\/"},{"@type":"ListItem","position":3,"name":"Plug Anal en m\u00e9tal pour adultes, Mini Plug Anal, Sexy, couleur gel\u00e9e, pour hommes et femmes, amusant, stimulateur Anal, jouets \u00e9rotiques pour fesses"}]},{"@type":"WebSite","@id":"https:\/\/sexshop.cm\/#website","url":"https:\/\/sexshop.cm\/","name":"H\u00e9donia","description":"SexShop en ligne - Boutique de sextoys et objets coquins en ligne au Cameroun","publisher":{"@id":"https:\/\/sexshop.cm\/#organization"},"potentialAction":[{"@type":"SearchAction","target":{"@type":"EntryPoint","urlTemplate":"https:\/\/sexshop.cm\/?s={search_term_string}"},"query-input":"required name=search_term_string"}],"inLanguage":"en-US"},{"@type":"Organization","@id":"https:\/\/sexshop.cm\/#organization","name":"H\u00e9donia","alternateName":"Boutique de Sextoys en ligne au Cameroun","url":"https:\/\/sexshop.cm\/","logo":{"@type":"ImageObject","inLanguage":"en-US","@id":"https:\/\/sexshop.cm\/#\/schema\/logo\/image\/","url":"https:\/\/sexshop.cm\/wp-content\/uploads\/2022\/10\/logo-680-hedonia.png.200x100_q85_background-f8f9fa.png","contentUrl":"https:\/\/sexshop.cm\/wp-content\/uploads\/2022\/10\/logo-680-hedonia.png.200x100_q85_background-f8f9fa.png","width":2222,"height":534,"caption":"H\u00e9donia"},"image":{"@id":"https:\/\/sexshop.cm\/#\/schema\/logo\/image\/"}}]},"product_price_amount":"10000","product_price_currency":"XAF","og_availability":"instock","product_availability":"instock","product_retailer_item_id":"1005004651463520","product_condition":"new"},"_links":{"self":[{"href":"https:\/\/sexshop.cm\/en\/wp-json\/wp\/v2\/product\/6457"}],"collection":[{"href":"https:\/\/sexshop.cm\/en\/wp-json\/wp\/v2\/product"}],"about":[{"href":"https:\/\/sexshop.cm\/en\/wp-json\/wp\/v2\/types\/product"}],"replies":[{"embeddable":true,"href":"https:\/\/sexshop.cm\/en\/wp-json\/wp\/v2\/comments?post=6457"}],"wp:featuredmedia":[{"embeddable":true,"href":"https:\/\/sexshop.cm\/en\/wp-json\/wp\/v2\/media\/6459"}],"wp:attachment":[{"href":"https:\/\/sexshop.cm\/en\/wp-json\/wp\/v2\/media?parent=6457"}],"wp:term":[{"taxonomy":"brand","embeddable":true,"href":"https:\/\/sexshop.cm\/en\/wp-json\/wp\/v2\/etheme_brands?post=6457"},{"taxonomy":"product_cat","embeddable":true,"href":"https:\/\/sexshop.cm\/en\/wp-json\/wp\/v2\/product_cat?post=6457"},{"taxonomy":"product_tag","embeddable":true,"href":"https:\/\/sexshop.cm\/en\/wp-json\/wp\/v2\/product_tag?post=6457"}],"curies":[{"name":"wp","href":"https:\/\/api.w.org\/{rel}","templated":true}]}}