{"id":6484,"date":"2022-10-04T09:22:05","date_gmt":"2022-10-04T08:22:05","guid":{"rendered":"https:\/\/sexshop.cm\/produit\/godemichet-vibrateur-erotique-pour-femmes-penis-enorme-realiste\/"},"modified":"2023-11-04T14:14:51","modified_gmt":"2023-11-04T13:14:51","slug":"godemichet-vibrateur-erotique-pour-femmes-penis-enorme-realiste","status":"publish","type":"product","link":"https:\/\/sexshop.cm\/en\/produit\/godemichet-vibrateur-erotique-pour-femmes-penis-enorme-realiste\/","title":{"rendered":"Godemichet vibrateur \u00e9rotique pour femmes, p\u00e9nis \u00e9norme r\u00e9aliste"},"content":{"rendered":"<div class=\"detailmodule_html\">\n<div class=\"detail-desc-decorate-richtext\">\n<div class=\"detailmodule_html\">\n<div class=\"detail-desc-decorate-richtext\">\n<div id=\"offer-template-0\"><img decoding=\"async\" src=\"https:\/\/ae01.alicdn.com\/kf\/S97203d749c5b49c6b5844fdead4260c86.jpg?width=800&amp;height=800&amp;hash=1600\" \/><img decoding=\"async\" src=\"https:\/\/ae01.alicdn.com\/kf\/Sb5be3a3c9004442b972de517c1c7d18ch.jpg?width=800&amp;height=800&amp;hash=1600\" \/><img decoding=\"async\" src=\"https:\/\/ae01.alicdn.com\/kf\/S679c4ed8001d491a9247d9b659dcaefeu.jpg?width=800&amp;height=800&amp;hash=1600\" \/><img decoding=\"async\" src=\"https:\/\/ae03.alicdn.com\/kf\/Hcdea1d88146a49228c8c7d670fa9e03b4.jpg\" \/> <img decoding=\"async\" src=\"https:\/\/ae03.alicdn.com\/kf\/H7b82e93e8d9443878152c2b11bb0abcef.jpg\" \/> <img decoding=\"async\" src=\"https:\/\/ae03.alicdn.com\/kf\/H49bfa44ffe334b9c9ddad4b685eac3508.jpg\" \/><\/div>\n<div><\/div>\n<\/div>\n<\/div>\n<\/div>\n<\/div>\n","protected":false},"excerpt":{"rendered":"<div id=\"presContent\" class=\"o-block__content o-block__content--white\">\n<div class=\"fpBlk testSep extCode\" data-provider=\"None\">Le Super Vibro Dong est un gode r\u00e9aliste \u00e0 rotation et vibration surmont\u00e9 d&#8217;une ventouse puissante. Caract\u00e9ristiques: Une forte aspiration + ROTATION vibration puissante TPR sans phtalates T\u00e9l\u00e9commande filaire (utilise 2 piles AA, non inclus) R\u00e9aliste Aliment\u00e9 par 2 piles AA non fournies vous pouvez trouver dans les piles de la section Mesures; La longueur totale de 20,5 cm x 4 cm de large.<\/div>\n<\/div>\n<div id=\"desc\" class=\"anchor\"><\/div>\n<div id=\"descContent\" class=\"o-block__content o-block__content--white u-mb-xl\">\n<div class=\"fpBlk testSep\" data-cs-override-id=\"Descriptif\">\n<p class=\"fpMb\">Le Super Vibro Dong est un gode r\u00e9aliste \u00e0 rotation et vibration surmont\u00e9 d&#8217;une ventouse puissante. Caract\u00e9ristiques : Une forte aspiration + ROTATION vibration puissante TPR sans phtalates T\u00e9l\u00e9commande filaire (utilise 2 piles AA, non inclus) R\u00e9aliste Aliment\u00e9 par 2 piles AA non fournies, vous pouvez trouver dans les piles de la section Mesures; La longueur totale de 20,5 cm x 4 cm de large<\/p>\n<\/div>\n<\/div>\n","protected":false},"featured_media":6486,"comment_status":"open","ping_status":"closed","template":"","meta":{"_joinchat":[]},"etheme_brands":[],"product_cat":[64,46],"product_tag":[],"yoast_head":"<!-- This site is optimized with the Yoast SEO Premium plugin v19.3 (Yoast SEO v21.5) - https:\/\/yoast.com\/wordpress\/plugins\/seo\/ -->\n<title>- Achetez et Commandez Discr\u00e8tement vos Godemichet vibrateur \u00e9rotique pour femmes, p\u00e9nis \u00e9norme r\u00e9aliste au Cameroun -<\/title>\n<meta name=\"description\" content=\"Commandez vos meilleurs Godemichet vibrateur \u00e9rotique pour femmes, p\u00e9nis \u00e9norme r\u00e9aliste \u00e0 bons prix partout au Cameroun et faites vous livrer discr\u00e8tement, sur H\u00e9donia, le meilleur site de vente en ligne de sextoys au Cameroun. - Whatsapp: +237 672588687\" \/>\n<meta name=\"robots\" content=\"index, follow, max-snippet:-1, max-image-preview:large, max-video-preview:-1\" \/>\n<link rel=\"canonical\" href=\"https:\/\/sexshop.cm\/produit\/godemichet-vibrateur-erotique-pour-femmes-penis-enorme-realiste\/\" \/>\n<meta property=\"og:locale\" content=\"en_US\" \/>\n<meta property=\"og:type\" content=\"article\" \/>\n<meta property=\"og:title\" content=\"Godemichet vibrateur \u00e9rotique pour femmes, p\u00e9nis \u00e9norme r\u00e9aliste\" \/>\n<meta property=\"og:description\" content=\"Godemichet vibrateur \u00e9rotique pour femmes, p\u00e9nis \u00e9norme r\u00e9aliste - H\u00e9donia\" \/>\n<meta property=\"og:url\" content=\"https:\/\/sexshop.cm\/produit\/godemichet-vibrateur-erotique-pour-femmes-penis-enorme-realiste\/\" \/>\n<meta property=\"og:site_name\" content=\"H\u00e9donia\" \/>\n<meta property=\"article:modified_time\" content=\"2023-11-04T13:14:51+00:00\" \/>\n<meta property=\"og:image\" content=\"http:\/\/sexshop.cm\/wp-content\/uploads\/2022\/10\/Godemichet-vibrateur-rotique-pour-femmes-p-nis-norme-r-aliste-ventouse-forte-produits-pour-adultes-Sex.jpg\" \/>\n\t<meta property=\"og:image:width\" content=\"800\" \/>\n\t<meta property=\"og:image:height\" content=\"800\" \/>\n\t<meta property=\"og:image:type\" content=\"image\/jpeg\" \/>\n<meta name=\"twitter:card\" content=\"summary_large_image\" \/>\n<meta name=\"twitter:label1\" content=\"Price\" \/>\n\t<meta name=\"twitter:data1\" content=\"25000&nbsp;CFA\" \/>\n\t<meta name=\"twitter:label2\" content=\"Availability\" \/>\n\t<meta name=\"twitter:data2\" content=\"Out of stock\" \/>\n<script type=\"application\/ld+json\" class=\"yoast-schema-graph\">{\"@context\":\"https:\/\/schema.org\",\"@graph\":[{\"@type\":\"WebPage\",\"@id\":\"https:\/\/sexshop.cm\/produit\/godemichet-vibrateur-erotique-pour-femmes-penis-enorme-realiste\/\",\"url\":\"https:\/\/sexshop.cm\/produit\/godemichet-vibrateur-erotique-pour-femmes-penis-enorme-realiste\/\",\"name\":\"- Achetez et Commandez Discr\u00e8tement vos Godemichet vibrateur \u00e9rotique pour femmes, p\u00e9nis \u00e9norme r\u00e9aliste au Cameroun -\",\"isPartOf\":{\"@id\":\"https:\/\/sexshop.cm\/#website\"},\"datePublished\":\"2022-10-04T08:22:05+00:00\",\"dateModified\":\"2023-11-04T13:14:51+00:00\",\"description\":\"Commandez vos meilleurs Godemichet vibrateur \u00e9rotique pour femmes, p\u00e9nis \u00e9norme r\u00e9aliste \u00e0 bons prix partout au Cameroun et faites vous livrer discr\u00e8tement, sur H\u00e9donia, le meilleur site de vente en ligne de sextoys au Cameroun. - Whatsapp: +237 672588687\",\"breadcrumb\":{\"@id\":\"https:\/\/sexshop.cm\/produit\/godemichet-vibrateur-erotique-pour-femmes-penis-enorme-realiste\/#breadcrumb\"},\"inLanguage\":\"en-US\",\"potentialAction\":[{\"@type\":\"ReadAction\",\"target\":[\"https:\/\/sexshop.cm\/produit\/godemichet-vibrateur-erotique-pour-femmes-penis-enorme-realiste\/\"]}]},{\"@type\":\"BreadcrumbList\",\"@id\":\"https:\/\/sexshop.cm\/produit\/godemichet-vibrateur-erotique-pour-femmes-penis-enorme-realiste\/#breadcrumb\",\"itemListElement\":[{\"@type\":\"ListItem\",\"position\":1,\"name\":\"Accueil\",\"item\":\"https:\/\/sexshop.cm\/en\/online-sexshop-in-cameroon\/\"},{\"@type\":\"ListItem\",\"position\":2,\"name\":\"Shop\",\"item\":\"https:\/\/sexshop.cm\/shop\/\"},{\"@type\":\"ListItem\",\"position\":3,\"name\":\"Godemichet vibrateur \u00e9rotique pour femmes, p\u00e9nis \u00e9norme r\u00e9aliste\"}]},{\"@type\":\"WebSite\",\"@id\":\"https:\/\/sexshop.cm\/#website\",\"url\":\"https:\/\/sexshop.cm\/\",\"name\":\"H\u00e9donia\",\"description\":\"SexShop en ligne - Boutique de sextoys et objets coquins en ligne au Cameroun\",\"publisher\":{\"@id\":\"https:\/\/sexshop.cm\/#organization\"},\"potentialAction\":[{\"@type\":\"SearchAction\",\"target\":{\"@type\":\"EntryPoint\",\"urlTemplate\":\"https:\/\/sexshop.cm\/?s={search_term_string}\"},\"query-input\":\"required name=search_term_string\"}],\"inLanguage\":\"en-US\"},{\"@type\":\"Organization\",\"@id\":\"https:\/\/sexshop.cm\/#organization\",\"name\":\"H\u00e9donia\",\"alternateName\":\"Boutique de Sextoys en ligne au Cameroun\",\"url\":\"https:\/\/sexshop.cm\/\",\"logo\":{\"@type\":\"ImageObject\",\"inLanguage\":\"en-US\",\"@id\":\"https:\/\/sexshop.cm\/#\/schema\/logo\/image\/\",\"url\":\"https:\/\/sexshop.cm\/wp-content\/uploads\/2022\/10\/logo-680-hedonia.png.200x100_q85_background-f8f9fa.png\",\"contentUrl\":\"https:\/\/sexshop.cm\/wp-content\/uploads\/2022\/10\/logo-680-hedonia.png.200x100_q85_background-f8f9fa.png\",\"width\":2222,\"height\":534,\"caption\":\"H\u00e9donia\"},\"image\":{\"@id\":\"https:\/\/sexshop.cm\/#\/schema\/logo\/image\/\"}}]}<\/script>\n<meta property=\"product:price:amount\" content=\"25000\" \/>\n<meta property=\"product:price:currency\" content=\"XAF\" \/>\n<meta property=\"og:availability\" content=\"out of stock\" \/>\n<meta property=\"product:availability\" content=\"out of stock\" \/>\n<meta property=\"product:retailer_item_id\" content=\"1005003398143717\" \/>\n<meta property=\"product:condition\" content=\"new\" \/>\n<!-- \/ Yoast SEO Premium plugin. -->","yoast_head_json":{"title":"- Achetez et Commandez Discr\u00e8tement vos Godemichet vibrateur \u00e9rotique pour femmes, p\u00e9nis \u00e9norme r\u00e9aliste au Cameroun -","description":"Commandez vos meilleurs Godemichet vibrateur \u00e9rotique pour femmes, p\u00e9nis \u00e9norme r\u00e9aliste \u00e0 bons prix partout au Cameroun et faites vous livrer discr\u00e8tement, sur H\u00e9donia, le meilleur site de vente en ligne de sextoys au Cameroun. - Whatsapp: +237 672588687","robots":{"index":"index","follow":"follow","max-snippet":"max-snippet:-1","max-image-preview":"max-image-preview:large","max-video-preview":"max-video-preview:-1"},"canonical":"https:\/\/sexshop.cm\/produit\/godemichet-vibrateur-erotique-pour-femmes-penis-enorme-realiste\/","og_locale":"en_US","og_type":"article","og_title":"Godemichet vibrateur \u00e9rotique pour femmes, p\u00e9nis \u00e9norme r\u00e9aliste","og_description":"Godemichet vibrateur \u00e9rotique pour femmes, p\u00e9nis \u00e9norme r\u00e9aliste - H\u00e9donia","og_url":"https:\/\/sexshop.cm\/produit\/godemichet-vibrateur-erotique-pour-femmes-penis-enorme-realiste\/","og_site_name":"H\u00e9donia","article_modified_time":"2023-11-04T13:14:51+00:00","og_image":[{"width":800,"height":800,"url":"http:\/\/sexshop.cm\/wp-content\/uploads\/2022\/10\/Godemichet-vibrateur-rotique-pour-femmes-p-nis-norme-r-aliste-ventouse-forte-produits-pour-adultes-Sex.jpg","type":"image\/jpeg"}],"twitter_card":"summary_large_image","twitter_misc":{"Price":"25000&nbsp;CFA","Availability":"Out of stock"},"schema":{"@context":"https:\/\/schema.org","@graph":[{"@type":"WebPage","@id":"https:\/\/sexshop.cm\/produit\/godemichet-vibrateur-erotique-pour-femmes-penis-enorme-realiste\/","url":"https:\/\/sexshop.cm\/produit\/godemichet-vibrateur-erotique-pour-femmes-penis-enorme-realiste\/","name":"- Achetez et Commandez Discr\u00e8tement vos Godemichet vibrateur \u00e9rotique pour femmes, p\u00e9nis \u00e9norme r\u00e9aliste au Cameroun -","isPartOf":{"@id":"https:\/\/sexshop.cm\/#website"},"datePublished":"2022-10-04T08:22:05+00:00","dateModified":"2023-11-04T13:14:51+00:00","description":"Commandez vos meilleurs Godemichet vibrateur \u00e9rotique pour femmes, p\u00e9nis \u00e9norme r\u00e9aliste \u00e0 bons prix partout au Cameroun et faites vous livrer discr\u00e8tement, sur H\u00e9donia, le meilleur site de vente en ligne de sextoys au Cameroun. - Whatsapp: +237 672588687","breadcrumb":{"@id":"https:\/\/sexshop.cm\/produit\/godemichet-vibrateur-erotique-pour-femmes-penis-enorme-realiste\/#breadcrumb"},"inLanguage":"en-US","potentialAction":[{"@type":"ReadAction","target":["https:\/\/sexshop.cm\/produit\/godemichet-vibrateur-erotique-pour-femmes-penis-enorme-realiste\/"]}]},{"@type":"BreadcrumbList","@id":"https:\/\/sexshop.cm\/produit\/godemichet-vibrateur-erotique-pour-femmes-penis-enorme-realiste\/#breadcrumb","itemListElement":[{"@type":"ListItem","position":1,"name":"Accueil","item":"https:\/\/sexshop.cm\/en\/online-sexshop-in-cameroon\/"},{"@type":"ListItem","position":2,"name":"Shop","item":"https:\/\/sexshop.cm\/shop\/"},{"@type":"ListItem","position":3,"name":"Godemichet vibrateur \u00e9rotique pour femmes, p\u00e9nis \u00e9norme r\u00e9aliste"}]},{"@type":"WebSite","@id":"https:\/\/sexshop.cm\/#website","url":"https:\/\/sexshop.cm\/","name":"H\u00e9donia","description":"SexShop en ligne - Boutique de sextoys et objets coquins en ligne au Cameroun","publisher":{"@id":"https:\/\/sexshop.cm\/#organization"},"potentialAction":[{"@type":"SearchAction","target":{"@type":"EntryPoint","urlTemplate":"https:\/\/sexshop.cm\/?s={search_term_string}"},"query-input":"required name=search_term_string"}],"inLanguage":"en-US"},{"@type":"Organization","@id":"https:\/\/sexshop.cm\/#organization","name":"H\u00e9donia","alternateName":"Boutique de Sextoys en ligne au Cameroun","url":"https:\/\/sexshop.cm\/","logo":{"@type":"ImageObject","inLanguage":"en-US","@id":"https:\/\/sexshop.cm\/#\/schema\/logo\/image\/","url":"https:\/\/sexshop.cm\/wp-content\/uploads\/2022\/10\/logo-680-hedonia.png.200x100_q85_background-f8f9fa.png","contentUrl":"https:\/\/sexshop.cm\/wp-content\/uploads\/2022\/10\/logo-680-hedonia.png.200x100_q85_background-f8f9fa.png","width":2222,"height":534,"caption":"H\u00e9donia"},"image":{"@id":"https:\/\/sexshop.cm\/#\/schema\/logo\/image\/"}}]},"product_price_amount":"25000","product_price_currency":"XAF","og_availability":"out of stock","product_availability":"out of stock","product_retailer_item_id":"1005003398143717","product_condition":"new"},"_links":{"self":[{"href":"https:\/\/sexshop.cm\/en\/wp-json\/wp\/v2\/product\/6484"}],"collection":[{"href":"https:\/\/sexshop.cm\/en\/wp-json\/wp\/v2\/product"}],"about":[{"href":"https:\/\/sexshop.cm\/en\/wp-json\/wp\/v2\/types\/product"}],"replies":[{"embeddable":true,"href":"https:\/\/sexshop.cm\/en\/wp-json\/wp\/v2\/comments?post=6484"}],"wp:featuredmedia":[{"embeddable":true,"href":"https:\/\/sexshop.cm\/en\/wp-json\/wp\/v2\/media\/6486"}],"wp:attachment":[{"href":"https:\/\/sexshop.cm\/en\/wp-json\/wp\/v2\/media?parent=6484"}],"wp:term":[{"taxonomy":"brand","embeddable":true,"href":"https:\/\/sexshop.cm\/en\/wp-json\/wp\/v2\/etheme_brands?post=6484"},{"taxonomy":"product_cat","embeddable":true,"href":"https:\/\/sexshop.cm\/en\/wp-json\/wp\/v2\/product_cat?post=6484"},{"taxonomy":"product_tag","embeddable":true,"href":"https:\/\/sexshop.cm\/en\/wp-json\/wp\/v2\/product_tag?post=6484"}],"curies":[{"name":"wp","href":"https:\/\/api.w.org\/{rel}","templated":true}]}}